{"id":4595,"date":"2026-01-08T14:07:58","date_gmt":"2026-01-08T14:07:58","guid":{"rendered":"https:\/\/coinkickoff.com\/?page_id=4595"},"modified":"2026-01-08T14:07:58","modified_gmt":"2026-01-08T14:07:58","slug":"how-is-bitcoin-roulette-different","status":"publish","type":"page","link":"https:\/\/coinkickoff.com\/sl\/bitcoin-casino\/how-is-bitcoin-roulette-different\/","title":{"rendered":"V \u010dem se Bitcoin ruleta razlikuje od obi\u010dajne igralni\u0161ke rulete?"},"content":{"rendered":"<p>Izjava o omejitvi odgovornosti: Igre na sre\u010do vklju\u010dujejo veliko finan\u010dno tveganje. Igrajte le z denarjem, ki si ga lahko privo\u0161\u010dite izgubiti. Spodaj navedene informacije so zgolj informativne. Morda bomo prejeli provizijo, \u010de se prijavite in izgubite denar pri kateri koli od naslednjih iger <a href=\"https:\/\/coinkickoff.com\/sl\/bitcoin-casino\/\" data-internallinksmanager029f6b8e52c=\"200\" title=\"3 najbolj\u0161e kripto igralnice Bitcoin z bonusi\">igralnice<\/a>. Vse igralnice niso na voljo v vseh dr\u017eavah. Vse informacije so bile v \u010dasu objave pravilne, vendar so se morda od takrat spremenile.<\/p>\n<div id=\"ez-toc-container\" class=\"ez-toc-v2_0_80 counter-hierarchy ez-toc-counter ez-toc-transparent ez-toc-container-direction\">\n<div class=\"ez-toc-title-container\">\n<p class=\"ez-toc-title\" style=\"cursor:inherit\">Oddelki<\/p>\n<span class=\"ez-toc-title-toggle\"><a href=\"#\" class=\"ez-toc-pull-right ez-toc-btn ez-toc-btn-xs ez-toc-btn-default ez-toc-toggle\" aria-label=\"Toggle Tabela vsebine\"><span class=\"ez-toc-js-icon-con\"><span class=\"\"><span class=\"eztoc-hide\" style=\"display:none;\">Toggle<\/span><span class=\"ez-toc-icon-toggle-span\"><svg style=\"fill: #999;color:#999\" xmlns=\"http:\/\/www.w3.org\/2000\/svg\" class=\"list-377408\" width=\"20px\" height=\"20px\" viewbox=\"0 0 24 24\" fill=\"none\"><path d=\"M6 6H4v2h2V6zm14 0H8v2h12V6zM4 11h2v2H4v-2zm16 0H8v2h12v-2zM4 16h2v2H4v-2zm16 0H8v2h12v-2z\" fill=\"currentColor\"><\/path><\/svg><svg style=\"fill: #999;color:#999\" class=\"arrow-unsorted-368013\" xmlns=\"http:\/\/www.w3.org\/2000\/svg\" width=\"10px\" height=\"10px\" viewbox=\"0 0 24 24\" version=\"1.2\" baseprofile=\"tiny\"><path d=\"M18.2 9.3l-6.2-6.3-6.2 6.3c-.2.2-.3.4-.3.7s.1.5.3.7c.2.2.4.3.7.3h11c.3 0 .5-.1.7-.3.2-.2.3-.5.3-.7s-.1-.5-.3-.7zM5.8 14.7l6.2 6.3 6.2-6.3c.2-.2.3-.5.3-.7s-.1-.5-.3-.7c-.2-.2-.4-.3-.7-.3h-11c-.3 0-.5.1-.7.3-.2.2-.3.5-.3.7s.1.5.3.7z\"\/><\/svg><\/span><\/span><\/span><\/a><\/span><\/div>\n<nav><ul class='ez-toc-list ez-toc-list-level-1 eztoc-toggle-hide-by-default' ><li class='ez-toc-page-1 ez-toc-heading-level-2'><a class=\"ez-toc-link ez-toc-heading-1\" href=\"https:\/\/coinkickoff.com\/sl\/bitcoin-casino\/how-is-bitcoin-roulette-different\/#Fundamentals_of_Bitcoin_Roulette\" >Osnove rulete Bitcoin<\/a><ul class='ez-toc-list-level-3' ><li class='ez-toc-heading-level-3'><a class=\"ez-toc-link ez-toc-heading-2\" href=\"https:\/\/coinkickoff.com\/sl\/bitcoin-casino\/how-is-bitcoin-roulette-different\/#Definition_and_Mechanism\" >Opredelitev in mehanizem<\/a><\/li><li class='ez-toc-page-1 ez-toc-heading-level-3'><a class=\"ez-toc-link ez-toc-heading-3\" href=\"https:\/\/coinkickoff.com\/sl\/bitcoin-casino\/how-is-bitcoin-roulette-different\/#Basic_Rules_Comparison\" >Primerjava osnovnih pravil<\/a><\/li><\/ul><\/li><li class='ez-toc-page-1 ez-toc-heading-level-2'><a class=\"ez-toc-link ez-toc-heading-4\" href=\"https:\/\/coinkickoff.com\/sl\/bitcoin-casino\/how-is-bitcoin-roulette-different\/#Technological_Aspects\" >Tehnolo\u0161ki vidiki<\/a><ul class='ez-toc-list-level-3' ><li class='ez-toc-heading-level-3'><a class=\"ez-toc-link ez-toc-heading-5\" href=\"https:\/\/coinkickoff.com\/sl\/bitcoin-casino\/how-is-bitcoin-roulette-different\/#Software_and_Fairness\" >Programska oprema in pravi\u010dnost<\/a><\/li><li class='ez-toc-page-1 ez-toc-heading-level-3'><a class=\"ez-toc-link ez-toc-heading-6\" href=\"https:\/\/coinkickoff.com\/sl\/bitcoin-casino\/how-is-bitcoin-roulette-different\/#Transaction_Security_and_Anonymity\" >Varnost in anonimnost transakcij<\/a><\/li><\/ul><\/li><li class='ez-toc-page-1 ez-toc-heading-level-2'><a class=\"ez-toc-link ez-toc-heading-7\" href=\"https:\/\/coinkickoff.com\/sl\/bitcoin-casino\/how-is-bitcoin-roulette-different\/#Practical_Considerations\" >Prakti\u010dni vidiki<\/a><ul class='ez-toc-list-level-3' ><li class='ez-toc-heading-level-3'><a class=\"ez-toc-link ez-toc-heading-8\" href=\"https:\/\/coinkickoff.com\/sl\/bitcoin-casino\/how-is-bitcoin-roulette-different\/#Accessibility_and_Jurisdiction\" >Dostopnost in pristojnost<\/a><\/li><li class='ez-toc-page-1 ez-toc-heading-level-3'><a class=\"ez-toc-link ez-toc-heading-9\" href=\"https:\/\/coinkickoff.com\/sl\/bitcoin-casino\/how-is-bitcoin-roulette-different\/#Payment_Processing_Times\" >\u010cas obdelave pla\u010dil<\/a><\/li><li class='ez-toc-page-1 ez-toc-heading-level-3'><a class=\"ez-toc-link ez-toc-heading-10\" href=\"https:\/\/coinkickoff.com\/sl\/bitcoin-casino\/how-is-bitcoin-roulette-different\/#Casino_Bonuses_and_Incentives\" >Igralni\u0161ki bonusi in spodbude<\/a><\/li><\/ul><\/li><li class='ez-toc-page-1 ez-toc-heading-level-2'><a class=\"ez-toc-link ez-toc-heading-11\" href=\"https:\/\/coinkickoff.com\/sl\/bitcoin-casino\/how-is-bitcoin-roulette-different\/#Frequently_Asked_Questions\" >Pogosto zastavljena vpra\u0161anja<\/a><ul class='ez-toc-list-level-3' ><li class='ez-toc-heading-level-3'><a class=\"ez-toc-link ez-toc-heading-12\" href=\"https:\/\/coinkickoff.com\/sl\/bitcoin-casino\/how-is-bitcoin-roulette-different\/#What_are_the_distinctive_features_of_Bitcoin_roulette_compared_to_traditional_roulette\" >Katere so posebnosti rulete Bitcoin v primerjavi s klasi\u010dno ruleto?<\/a><\/li><li class='ez-toc-page-1 ez-toc-heading-level-3'><a class=\"ez-toc-link ez-toc-heading-13\" href=\"https:\/\/coinkickoff.com\/sl\/bitcoin-casino\/how-is-bitcoin-roulette-different\/#Can_you_use_Bitcoin_to_play_any_version_of_roulette\" >Ali lahko s programom Bitcoin igrate katero koli razli\u010dico rulete?<\/a><\/li><li class='ez-toc-page-1 ez-toc-heading-level-3'><a class=\"ez-toc-link ez-toc-heading-14\" href=\"https:\/\/coinkickoff.com\/sl\/bitcoin-casino\/how-is-bitcoin-roulette-different\/#What_advantages_do_Bitcoin_casinos_offer_for_roulette_players\" >Kak\u0161ne prednosti ponujajo igralnice Bitcoin za igralce rulete?<\/a><\/li><li class='ez-toc-page-1 ez-toc-heading-level-3'><a class=\"ez-toc-link ez-toc-heading-15\" href=\"https:\/\/coinkickoff.com\/sl\/bitcoin-casino\/how-is-bitcoin-roulette-different\/#How_does_the_integration_of_Bitcoin_affect_the_gameplay_of_roulette\" >Kako integracija tehnologije Bitcoin vpliva na igranje rulete?<\/a><\/li><li class='ez-toc-page-1 ez-toc-heading-level-3'><a class=\"ez-toc-link ez-toc-heading-16\" href=\"https:\/\/coinkickoff.com\/sl\/bitcoin-casino\/how-is-bitcoin-roulette-different\/#Are_there_any_unique_betting_options_available_in_Bitcoin_roulette\" >Ali so v ruleti Bitcoin na voljo kak\u0161ne edinstvene mo\u017enosti stav?<\/a><\/li><li class='ez-toc-page-1 ez-toc-heading-level-3'><a class=\"ez-toc-link ez-toc-heading-17\" href=\"https:\/\/coinkickoff.com\/sl\/bitcoin-casino\/how-is-bitcoin-roulette-different\/#What_should_players_know_about_the_security_of_Bitcoin_roulette_games\" >Kaj morajo igralci vedeti o varnosti iger rulete Bitcoin?<\/a><\/li><\/ul><\/li><\/ul><\/nav><\/div>\n<h2><span class=\"ez-toc-section\" id=\"Fundamentals_of_Bitcoin_Roulette\"><\/span>Osnove rulete Bitcoin<span class=\"ez-toc-section-end\"><\/span><\/h2>\n<p><img decoding=\"async\" src=\"https:\/\/coinkickoff.com\/wp-content\/uploads\/v2-3dgyd-6ia5o.jpg\" alt=\"\"><\/p>\n<p><a href=\"https:\/\/coinkickoff.com\/sl\/bitcoin-casino\/how-to-play-crypto-roulette\/\" data-internallinksmanager029f6b8e52c=\"206\" title=\"Kako igrati kripto ruleto: Va\u0161 vodnik po stavah z veri\u017eenjem blokov\">Bitcoin Ruleta<\/a> deluje po istih osnovnih na\u010delih kot tradicionalna ruleta, vendar se igra z valuto Bitcoin in ne s fiat valuto, kar vpliva na hitrost in anonimnost transakcij.<\/p>\n<h3><span class=\"ez-toc-section\" id=\"Definition_and_Mechanism\"><\/span>Opredelitev in mehanizem<span class=\"ez-toc-section-end\"><\/span><\/h3>\n<p>Ruleta Bitcoin je digitalna razli\u010dica klasi\u010dne igralni\u0161ke igre, ki za stave in transakcije uporablja Bitcoin. Igralci stavijo na to, kje bo kroglica pristala na vrte\u010dem se kolesu, razdeljenem na o\u0161tevil\u010dene in obarvane dele. Mehanizem je podoben standardni ruleti, glavna razlika pa je v uporabljeni valuti. Pri ruleti Bitcoin se vsaka transakcija obdela prek verige blokov, kar zagotavlja preglednost in manj\u0161o verjetnost goljufij.<\/p>\n<ul>\n<li><strong>Hitrost transakcij<\/strong>: Transakcije s storitvijo Bitcoin so hitrej\u0161e in obi\u010dajno trajajo nekaj minut.<\/li>\n<li><strong>Anonimnost<\/strong>: Igralci lahko ohranijo anonimnost, saj osebni podatki niso nujno potrebni za opravljanje transakcij Bitcoin.<\/li>\n<\/ul>\n<h3><span class=\"ez-toc-section\" id=\"Basic_Rules_Comparison\"><\/span>Primerjava osnovnih pravil<span class=\"ez-toc-section-end\"><\/span><\/h3>\n<p>Osnovna pravila rulete Bitcoin in obi\u010dajne rulete so v osnovi enaka. Igralci lahko stavijo na eno \u0161tevilko, razli\u010dne skupine \u0161tevilk, rde\u010do ali \u010drno barvo, liho ali sodo \u0161tevilko, visoke (19-36) ali nizke (1-18) \u0161tevilke.<\/p>\n<ul>\n<li><strong>Mo\u017enosti stav<\/strong>:\n<ul>\n<li><strong>Enotna \u0161tevilka<\/strong>: Vi\u0161je izpla\u010dilo; manj\u0161e kvote.<\/li>\n<li><strong>\u0160tevilke skupin<\/strong>: Stave na skupke \u0161tevilk; izpla\u010dila so razli\u010dna.<\/li>\n<li><strong>Barve<\/strong>: Stavite na rde\u010do ali \u010drno barvo; skoraj 50\/50 mo\u017enosti.<\/li>\n<li><strong>Ne\u0161teto ali sodo<\/strong>: Stavite, ali je \u0161tevilo liho ali sodo.<\/li>\n<li><strong>Visok ali nizek<\/strong>: Stavite na visoke (19-36) ali nizke (1-18) \u0161tevilke.<\/li>\n<\/ul>\n<\/li>\n<\/ul>\n<p>Jasna razlika v pravilih se nana\u0161a na ravnanje z valuto in morebitna izpla\u010dila. Nestanovitnost cene Bitcoin lahko vpliva na dejansko vrednost <a href=\"https:\/\/coinkickoff.com\/sl\/bitcoin-casino\/cash-in-bitcoin-casino-winnings\/\" data-internallinksmanager029f6b8e52c=\"211\" title=\"Kako unov\u010diti igralni\u0161ke dobitke Bitcoin: Vodnik po korakih: Kako igrati v igralnici Casino Casino: korak za korakom\">dobitki<\/a> ali izgube, najni\u017eje in najvi\u0161je stave pa se lahko razlikujejo glede na <a href=\"https:\/\/coinkickoff.com\/sl\/bitcoin-casino\/what-is-a-bitcoin-casino\/\" data-internallinksmanager029f6b8e52c=\"201\" title=\"Kaj je igralnica Bitcoin? Razumevanje stavnih platform Crytpo\">Igralnica Bitcoin<\/a>politike.<\/p>\n<h2><span class=\"ez-toc-section\" id=\"Technological_Aspects\"><\/span>Tehnolo\u0161ki vidiki<span class=\"ez-toc-section-end\"><\/span><\/h2>\n<p><img decoding=\"async\" src=\"https:\/\/coinkickoff.com\/wp-content\/uploads\/v2-3dgyu-2s6kd.jpg\" alt=\"\"><\/p>\n<p>Pri primerjavi rulete Bitcoin s tradicionalno ruleto sta v igri dva klju\u010dna tehnolo\u0161ka vidika: mehanizmi, ki zagotavljajo pravi\u010dnost programske opreme, in protokoli, ki ohranjajo varnost in anonimnost transakcij.<\/p>\n<h3><span class=\"ez-toc-section\" id=\"Software_and_Fairness\"><\/span>Programska oprema in pravi\u010dnost<span class=\"ez-toc-section-end\"><\/span><\/h3>\n<p>Igre rulete Bitcoin temeljijo na <strong>Dokazano po\u0161teno<\/strong> ki igralcem omogo\u010da, da preverijo izide vsake igre. Ta sistem uporablja kriptografske algoritme za <strong>generiranje naklju\u010dnih semen<\/strong>s \u010dimer je zagotovljeno, da je vsako vrtenje naklju\u010dno in po\u0161teno. Igralci lahko pravi\u010dnost obi\u010dajno preverijo s pomo\u010djo <strong>orodje za preverjanje<\/strong> ki jih zagotavlja igralnica.<\/p>\n<ul>\n<li>Generiranje naklju\u010dnih \u0161tevilk (RNG): Algoritemsko ustvarja nepredvidljive rezultate.<\/li>\n<li>Orodja za preverjanje: Ponudite pregledne in preverljive rezultate iger.<\/li>\n<\/ul>\n<h3><span class=\"ez-toc-section\" id=\"Transaction_Security_and_Anonymity\"><\/span>Varnost in anonimnost transakcij<span class=\"ez-toc-section-end\"><\/span><\/h3>\n<p>transakcije Bitcoin uporabljajo <strong>tehnologija veri\u017eenja blokov<\/strong>, ki varuje vloge in dvige z nespremenljivim <a href=\"https:\/\/coinkickoff.com\/sl\/what-is-ledger-wallet\/\" data-internallinksmanager029f6b8e52c=\"167\" title=\"Mnenja o denarnici Ledger 2023: Pristojbine, funkcije, varnost, prednosti in slabosti\">glavna knjiga<\/a>, kar pove\u010duje varnost in zagotavlja dolo\u010deno stopnjo anonimnosti.<\/p>\n<ul>\n<li><strong>Varnost<\/strong>: \u0160ifrirane transakcije, za\u0161\u010ditene s tehnologijo veri\u017eenja blokov.<\/li>\n<li><strong>Anonimnost<\/strong>: manj\u0161e razkritje osebnih podatkov v primerjavi s tradicionalnimi na\u010dini pla\u010devanja.<\/li>\n<\/ul>\n<table>\n<thead>\n<tr>\n<th>Vidik<\/th>\n<th>Koristi<\/th>\n<\/tr>\n<\/thead>\n<tbody>\n<tr>\n<td>\u0160ifrirane transakcije<\/td>\n<td>Dodatna stopnja varnosti pred goljufijami<\/td>\n<\/tr>\n<tr>\n<td>Nespremenljiva glavna knjiga<\/td>\n<td>Zagotavlja trajnost in sledljivost transakcij.<\/td>\n<\/tr>\n<tr>\n<td>Zmanj\u0161ano razkritje podatkov<\/td>\n<td>Osebni podatki igralcev so manj izpostavljeni.<\/td>\n<\/tr>\n<\/tbody>\n<\/table>\n<h2><span class=\"ez-toc-section\" id=\"Practical_Considerations\"><\/span>Prakti\u010dni vidiki<span class=\"ez-toc-section-end\"><\/span><\/h2>\n<p><img decoding=\"async\" src=\"https:\/\/coinkickoff.com\/wp-content\/uploads\/v2-3dgz8-pee1q.jpg\" alt=\"\"><\/p>\n<p>Pri uporabi rulete Bitcoin morajo uporabniki upo\u0161tevati razlike v dostopnosti, \u010dasu obdelave in edinstvenih bonusih, ki se razlikujejo od obi\u010dajnih izku\u0161enj z ruleto.<\/p>\n<h3><span class=\"ez-toc-section\" id=\"Accessibility_and_Jurisdiction\"><\/span>Dostopnost in pristojnost<span class=\"ez-toc-section-end\"><\/span><\/h3>\n<p>Ruleta Bitcoin je pogosto na voljo igralcem v dr\u017eavah, kjer so spletne igre na sre\u010do omejene ali kjer tradicionalni na\u010dini pla\u010dila niso izvedljivi. <strong>Kriptovaluta<\/strong> kot medij zaobide \u0161tevilne regulativne omejitve, zato je bolj dostopen. Vendar pa se morajo uporabniki zavedati lokalne zakonodaje, saj se zakonitost iger na sre\u010do s kriptovalutami lahko od regije do regije precej razlikuje.<\/p>\n<h3><span class=\"ez-toc-section\" id=\"Payment_Processing_Times\"><\/span>\u010cas obdelave pla\u010dil<span class=\"ez-toc-section-end\"><\/span><\/h3>\n<ul>\n<li><strong>Bitcoin Depoziti:<\/strong> Obi\u010dajno takoj ali v nekaj minutah.<\/li>\n<li><strong>Bitcoin Odvzemi:<\/strong> Lahko traja od nekaj minut do ve\u010d ur.<\/li>\n<li><strong>Tradicionalne ban\u010dne metode:<\/strong> Pogosto traja ve\u010d dni za vpla\u010dila in izpla\u010dila.<\/li>\n<\/ul>\n<p>Uporaba sistema Bitcoin lahko bistveno skraj\u0161a \u010dakalne \u010dase, povezane z obdelavo pla\u010dil pri spletnih igrah na sre\u010do. Igralci lahko pogosto za\u010dnejo igrati prej in hitreje prejmejo svoje dobitke v primerjavi s tradicionalnimi na\u010dini pla\u010dila.<\/p>\n<h3><span class=\"ez-toc-section\" id=\"Casino_Bonuses_and_Incentives\"><\/span>Igralni\u0161ki bonusi in spodbude<span class=\"ez-toc-section-end\"><\/span><\/h3>\n<ul>\n<li><strong>Dobrodo\u0161li bonusi:<\/strong> \u0160tevilne igralnice Bitcoin ponujajo znatne dobrodo\u0161lice za nove igralce.<\/li>\n<li><strong>Nagrade za zvestobo:<\/strong> Ugodnosti za redne uporabnike pogosto vklju\u010dujejo vi\u0161je bonuse ali obravnavo VIP.<\/li>\n<li><strong>Ekskluzivne promocije:<\/strong> Nekatere igralnice ponujajo promocije, prilagojene posebej za uporabnike Bitcoin.<\/li>\n<\/ul>\n<p>Bitcoin platforme za ruleto lahko v primerjavi z obi\u010dajnimi spletnimi igralnicami ponujajo izdatnej\u0161e bonuse in spodbude. Ti bonusi so namenjeni privabljanju in ohranjanju igralcev, ki raje uporabljajo kriptovaluto. Pomembno je, da igralci preberejo pogoje, povezane s temi bonusi, da bi v celoti razumeli, kako jih lahko izkoristijo.<\/p>\n<h2><span class=\"ez-toc-section\" id=\"Frequently_Asked_Questions\"><\/span>Pogosto zastavljena vpra\u0161anja<span class=\"ez-toc-section-end\"><\/span><\/h2>\n<p><img decoding=\"async\" src=\"https:\/\/coinkickoff.com\/wp-content\/uploads\/v2-3dgzp-ju7x7.jpg\" alt=\"\"><\/p>\n<p>V tem poglavju so obravnavana pogosta vpra\u0161anja o razlikah med ruleto Bitcoin in tradicionalno ruleto, ki so prilagojena igralcem, ki i\u0161\u010dejo pojasnila o tem vpra\u0161anju.<\/p>\n<h3><span class=\"ez-toc-section\" id=\"What_are_the_distinctive_features_of_Bitcoin_roulette_compared_to_traditional_roulette\"><\/span>Katere so posebnosti rulete Bitcoin v primerjavi s klasi\u010dno ruleto?<span class=\"ez-toc-section-end\"><\/span><\/h3>\n<p>Ruleta Bitcoin deluje podobno kot obi\u010dajna ruleta. Glavna razlika je v uporabi valute Bitcoin, ki pogosto omogo\u010da hitrej\u0161e transakcije in ve\u010djo anonimnost za igralce.<\/p>\n<h3><span class=\"ez-toc-section\" id=\"Can_you_use_Bitcoin_to_play_any_version_of_roulette\"><\/span>Ali lahko s programom Bitcoin igrate katero koli razli\u010dico rulete?<span class=\"ez-toc-section-end\"><\/span><\/h3>\n<p>Ve\u010dina igralnic Bitcoin ponuja razli\u010dne razli\u010dice rulete, vklju\u010dno z ameri\u0161ko, evropsko in francosko ruleto. Igralci lahko z uporabo Bitcoin stavijo na te razli\u010dne razli\u010dice, odvisno od ponudbe igralnice.<\/p>\n<h3><span class=\"ez-toc-section\" id=\"What_advantages_do_Bitcoin_casinos_offer_for_roulette_players\"><\/span>Kak\u0161ne prednosti ponujajo igralnice Bitcoin za igralce rulete?<span class=\"ez-toc-section-end\"><\/span><\/h3>\n<p>Igralnice Bitcoin igralcem pogosto zagotavljajo prednosti, kot so ni\u017eje pristojbine za transakcije, dokazano po\u0161teno igranje ter mo\u017enost igranja in dvigovanja sredstev brez potrebe po osebnih finan\u010dnih podatkih.<\/p>\n<h3><span class=\"ez-toc-section\" id=\"How_does_the_integration_of_Bitcoin_affect_the_gameplay_of_roulette\"><\/span>Kako integracija tehnologije Bitcoin vpliva na igranje rulete?<span class=\"ez-toc-section-end\"><\/span><\/h3>\n<p>Vklju\u010ditev sistema Bitcoin obi\u010dajno ne spremeni osnovnega na\u010dina igranja rulete. Lahko pa omogo\u010di hitrej\u0161e postopke stav in izpla\u010dil, kar pove\u010da splo\u0161no hitrost igre.<\/p>\n<h3><span class=\"ez-toc-section\" id=\"Are_there_any_unique_betting_options_available_in_Bitcoin_roulette\"><\/span>Ali so v ruleti Bitcoin na voljo kak\u0161ne edinstvene mo\u017enosti stav?<span class=\"ez-toc-section-end\"><\/span><\/h3>\n<p>Ruleta Bitcoin na splo\u0161no ponuja enake mo\u017enosti stav kot obi\u010dajna ruleta. Vendar pa lahko nekatere igralnice Bitcoin uvedejo edinstvene promocije ali stave, da bi pritegnile \u0161ir\u0161e ob\u010dinstvo navdu\u0161encev nad kriptovalutami.<\/p>\n<h3><span class=\"ez-toc-section\" id=\"What_should_players_know_about_the_security_of_Bitcoin_roulette_games\"><\/span>Kaj morajo igralci vedeti o varnosti iger rulete Bitcoin?<span class=\"ez-toc-section-end\"><\/span><\/h3>\n<p>Varnost rulete Bitcoin je odvisna tako od robustnosti kriptografske tehnologije v ozadju Bitcoin kot od varnostnih ukrepov, ki jih izvajajo posamezne igralnice. Za igralce je bistvenega pomena, da preverijo verodostojnost igralnice in po\u0161tenost njenih iger.<\/p>","protected":false},"excerpt":{"rendered":"<p>Izjava o omejitvi odgovornosti: Igre na sre\u010do vklju\u010dujejo veliko finan\u010dno tveganje. Igrajte le z denarjem, ki si ga lahko privo\u0161\u010dite izgubiti. Spodaj navedene informacije so zgolj informativne. \u010ce se prijavite in izgubite denar v kateri od naslednjih igralnic, bomo morda prejeli provizijo. Vse igralnice niso na voljo v vseh dr\u017eavah. Vse informacije, ki smo jih [...]<\/p>","protected":false},"author":1,"featured_media":4599,"parent":4440,"menu_order":0,"comment_status":"closed","ping_status":"closed","template":"","meta":{"_genesis_hide_title":false,"_genesis_hide_breadcrumbs":false,"_genesis_hide_singular_image":false,"_genesis_hide_footer_widgets":false,"_genesis_custom_body_class":"","_genesis_custom_post_class":"","_genesis_layout":"","_glsr_average":0,"_glsr_ranking":0,"_glsr_reviews":0,"footnotes":""},"class_list":{"0":"post-4595","1":"page","2":"type-page","3":"status-publish","4":"has-post-thumbnail","6":"entry"},"featured_image_src":"https:\/\/coinkickoff.com\/wp-content\/uploads\/v2-3dgz8-pee1q-600x400.jpg","featured_image_src_square":"https:\/\/coinkickoff.com\/wp-content\/uploads\/v2-3dgz8-pee1q-600x600.jpg","_links":{"self":[{"href":"https:\/\/coinkickoff.com\/sl\/wp-json\/wp\/v2\/pages\/4595","targetHints":{"allow":["GET"]}}],"collection":[{"href":"https:\/\/coinkickoff.com\/sl\/wp-json\/wp\/v2\/pages"}],"about":[{"href":"https:\/\/coinkickoff.com\/sl\/wp-json\/wp\/v2\/types\/page"}],"author":[{"embeddable":true,"href":"https:\/\/coinkickoff.com\/sl\/wp-json\/wp\/v2\/users\/1"}],"replies":[{"embeddable":true,"href":"https:\/\/coinkickoff.com\/sl\/wp-json\/wp\/v2\/comments?post=4595"}],"version-history":[{"count":3,"href":"https:\/\/coinkickoff.com\/sl\/wp-json\/wp\/v2\/pages\/4595\/revisions"}],"predecessor-version":[{"id":4602,"href":"https:\/\/coinkickoff.com\/sl\/wp-json\/wp\/v2\/pages\/4595\/revisions\/4602"}],"up":[{"embeddable":true,"href":"https:\/\/coinkickoff.com\/sl\/wp-json\/wp\/v2\/pages\/4440"}],"wp:featuredmedia":[{"embeddable":true,"href":"https:\/\/coinkickoff.com\/sl\/wp-json\/wp\/v2\/media\/4599"}],"wp:attachment":[{"href":"https:\/\/coinkickoff.com\/sl\/wp-json\/wp\/v2\/media?parent=4595"}],"curies":[{"name":"wp","href":"https:\/\/api.w.org\/{rel}","templated":true}]}}