{"id":4585,"date":"2026-01-08T14:07:59","date_gmt":"2026-01-08T14:07:59","guid":{"rendered":"https:\/\/coinkickoff.com\/?page_id=4585"},"modified":"2026-01-08T14:07:59","modified_gmt":"2026-01-08T14:07:59","slug":"how-is-bitcoin-blackjack-different","status":"publish","type":"page","link":"https:\/\/coinkickoff.com\/sl\/bitcoin-casino\/how-is-bitcoin-blackjack-different\/","title":{"rendered":"V \u010dem se Blackjack Bitcoin razlikuje od obi\u010dajnega Blackjacka?"},"content":{"rendered":"<p><em>Izjava o omejitvi odgovornosti: Igre na sre\u010do vklju\u010dujejo veliko finan\u010dno tveganje. Igrajte le z denarjem, ki si ga lahko privo\u0161\u010dite izgubiti. Spodaj navedene informacije so zgolj informativne. Morda bomo prejeli provizijo, \u010de se prijavite in izgubite denar pri kateri koli od naslednjih iger <a href=\"https:\/\/coinkickoff.com\/sl\/bitcoin-casino\/\" data-internallinksmanager029f6b8e52c=\"200\" title=\"3 najbolj\u0161e kripto igralnice Bitcoin z bonusi\">igralnice<\/a>. Vse igralnice niso na voljo v vseh dr\u017eavah. Vse informacije so bile v \u010dasu objave pravilne, vendar so se morda od takrat spremenile.<\/em><\/p>\n<div id=\"ez-toc-container\" class=\"ez-toc-v2_0_80 counter-hierarchy ez-toc-counter ez-toc-transparent ez-toc-container-direction\">\n<div class=\"ez-toc-title-container\">\n<p class=\"ez-toc-title\" style=\"cursor:inherit\">Oddelki<\/p>\n<span class=\"ez-toc-title-toggle\"><a href=\"#\" class=\"ez-toc-pull-right ez-toc-btn ez-toc-btn-xs ez-toc-btn-default ez-toc-toggle\" aria-label=\"Toggle Tabela vsebine\"><span class=\"ez-toc-js-icon-con\"><span class=\"\"><span class=\"eztoc-hide\" style=\"display:none;\">Toggle<\/span><span class=\"ez-toc-icon-toggle-span\"><svg style=\"fill: #999;color:#999\" xmlns=\"http:\/\/www.w3.org\/2000\/svg\" class=\"list-377408\" width=\"20px\" height=\"20px\" viewbox=\"0 0 24 24\" fill=\"none\"><path d=\"M6 6H4v2h2V6zm14 0H8v2h12V6zM4 11h2v2H4v-2zm16 0H8v2h12v-2zM4 16h2v2H4v-2zm16 0H8v2h12v-2z\" fill=\"currentColor\"><\/path><\/svg><svg style=\"fill: #999;color:#999\" class=\"arrow-unsorted-368013\" xmlns=\"http:\/\/www.w3.org\/2000\/svg\" width=\"10px\" height=\"10px\" viewbox=\"0 0 24 24\" version=\"1.2\" baseprofile=\"tiny\"><path d=\"M18.2 9.3l-6.2-6.3-6.2 6.3c-.2.2-.3.4-.3.7s.1.5.3.7c.2.2.4.3.7.3h11c.3 0 .5-.1.7-.3.2-.2.3-.5.3-.7s-.1-.5-.3-.7zM5.8 14.7l6.2 6.3 6.2-6.3c.2-.2.3-.5.3-.7s-.1-.5-.3-.7c-.2-.2-.4-.3-.7-.3h-11c-.3 0-.5.1-.7.3-.2.2-.3.5-.3.7s.1.5.3.7z\"\/><\/svg><\/span><\/span><\/span><\/a><\/span><\/div>\n<nav><ul class='ez-toc-list ez-toc-list-level-1 eztoc-toggle-hide-by-default' ><li class='ez-toc-page-1 ez-toc-heading-level-2'><a class=\"ez-toc-link ez-toc-heading-1\" href=\"https:\/\/coinkickoff.com\/sl\/bitcoin-casino\/how-is-bitcoin-blackjack-different\/#Fundamentals_of_Bitcoin_Blackjack\" >Osnove blackjacka Bitcoin<\/a><ul class='ez-toc-list-level-3' ><li class='ez-toc-heading-level-3'><a class=\"ez-toc-link ez-toc-heading-2\" href=\"https:\/\/coinkickoff.com\/sl\/bitcoin-casino\/how-is-bitcoin-blackjack-different\/#Definition_and_Operation\" >Opredelitev in delovanje<\/a><\/li><li class='ez-toc-page-1 ez-toc-heading-level-3'><a class=\"ez-toc-link ez-toc-heading-3\" href=\"https:\/\/coinkickoff.com\/sl\/bitcoin-casino\/how-is-bitcoin-blackjack-different\/#Key_Differences_From_Traditional_Blackjack\" >Glavne razlike od tradicionalnega blackjacka<\/a><\/li><\/ul><\/li><li class='ez-toc-page-1 ez-toc-heading-level-2'><a class=\"ez-toc-link ez-toc-heading-4\" href=\"https:\/\/coinkickoff.com\/sl\/bitcoin-casino\/how-is-bitcoin-blackjack-different\/#Gameplay_Specifics\" >Posebnosti igranja<\/a><ul class='ez-toc-list-level-3' ><li class='ez-toc-heading-level-3'><a class=\"ez-toc-link ez-toc-heading-5\" href=\"https:\/\/coinkickoff.com\/sl\/bitcoin-casino\/how-is-bitcoin-blackjack-different\/#Digital_Transactions_in_Gameplay\" >Digitalne transakcije pri igranju iger<\/a><\/li><li class='ez-toc-page-1 ez-toc-heading-level-3'><a class=\"ez-toc-link ez-toc-heading-6\" href=\"https:\/\/coinkickoff.com\/sl\/bitcoin-casino\/how-is-bitcoin-blackjack-different\/#Use_of_Provably_Fair_Algorithms\" >Uporaba dokazljivo po\u0161tenih algoritmov<\/a><\/li><li class='ez-toc-page-1 ez-toc-heading-level-3'><a class=\"ez-toc-link ez-toc-heading-7\" href=\"https:\/\/coinkickoff.com\/sl\/bitcoin-casino\/how-is-bitcoin-blackjack-different\/#Privacy_and_Anonymity_Aspects\" >Vidiki zasebnosti in anonimnosti<\/a><\/li><\/ul><\/li><li class='ez-toc-page-1 ez-toc-heading-level-2'><a class=\"ez-toc-link ez-toc-heading-8\" href=\"https:\/\/coinkickoff.com\/sl\/bitcoin-casino\/how-is-bitcoin-blackjack-different\/#Considerations_for_Players\" >Razmisleki za igralce<\/a><ul class='ez-toc-list-level-3' ><li class='ez-toc-heading-level-3'><a class=\"ez-toc-link ez-toc-heading-9\" href=\"https:\/\/coinkickoff.com\/sl\/bitcoin-casino\/how-is-bitcoin-blackjack-different\/#Volatility_of_Bitcoin_Value\" >Nestanovitnost vrednosti Bitcoin<\/a><\/li><li class='ez-toc-page-1 ez-toc-heading-level-3'><a class=\"ez-toc-link ez-toc-heading-10\" href=\"https:\/\/coinkickoff.com\/sl\/bitcoin-casino\/how-is-bitcoin-blackjack-different\/#Legal_and_Regulatory_Implications\" >Pravne in regulativne posledice<\/a><\/li><li class='ez-toc-page-1 ez-toc-heading-level-3'><a class=\"ez-toc-link ez-toc-heading-11\" href=\"https:\/\/coinkickoff.com\/sl\/bitcoin-casino\/how-is-bitcoin-blackjack-different\/#Security_and_Trustworthiness\" >Varnost in zanesljivost<\/a><\/li><\/ul><\/li><li class='ez-toc-page-1 ez-toc-heading-level-2'><a class=\"ez-toc-link ez-toc-heading-12\" href=\"https:\/\/coinkickoff.com\/sl\/bitcoin-casino\/how-is-bitcoin-blackjack-different\/#Frequently_Asked_Questions\" >Pogosto zastavljena vpra\u0161anja<\/a><ul class='ez-toc-list-level-3' ><li class='ez-toc-heading-level-3'><a class=\"ez-toc-link ez-toc-heading-13\" href=\"https:\/\/coinkickoff.com\/sl\/bitcoin-casino\/how-is-bitcoin-blackjack-different\/#What_are_the_differences_in_transaction_methods_between_Bitcoin_Blackjack_and_traditional_Blackjack\" >Kak\u0161ne so razlike v na\u010dinih transakcij med blackjackom Bitcoin in klasi\u010dnim blackjackom?<\/a><\/li><li class='ez-toc-page-1 ez-toc-heading-level-3'><a class=\"ez-toc-link ez-toc-heading-14\" href=\"https:\/\/coinkickoff.com\/sl\/bitcoin-casino\/how-is-bitcoin-blackjack-different\/#Does_the_use_of_Bitcoin_in_Blackjack_affect_game_anonymity\" >Ali uporaba Bitcoin v blackjacku vpliva na anonimnost igre?<\/a><\/li><li class='ez-toc-page-1 ez-toc-heading-level-3'><a class=\"ez-toc-link ez-toc-heading-15\" href=\"https:\/\/coinkickoff.com\/sl\/bitcoin-casino\/how-is-bitcoin-blackjack-different\/#Are_there_any_variations_in_game_rules_for_Blackjack_when_playing_with_Bitcoin\" >Ali obstajajo kak\u0161ne razlike v pravilih igre blackjack pri igranju s sistemom Bitcoin?<\/a><\/li><li class='ez-toc-page-1 ez-toc-heading-level-3'><a class=\"ez-toc-link ez-toc-heading-16\" href=\"https:\/\/coinkickoff.com\/sl\/bitcoin-casino\/how-is-bitcoin-blackjack-different\/#How_do_the_odds_or_payouts_differ_in_Bitcoin_Blackjack_compared_to_regular_Blackjack\" >Kako se kvote ali izpla\u010dila pri blackjacku Bitcoin razlikujejo od navadnega blackjacka?<\/a><\/li><li class='ez-toc-page-1 ez-toc-heading-level-3'><a class=\"ez-toc-link ez-toc-heading-17\" href=\"https:\/\/coinkickoff.com\/sl\/bitcoin-casino\/how-is-bitcoin-blackjack-different\/#What_security_measures_are_unique_to_Bitcoin_Blackjack_games\" >Kateri varnostni ukrepi so zna\u010dilni za igre blackjacka Bitcoin?<\/a><\/li><li class='ez-toc-page-1 ez-toc-heading-level-3'><a class=\"ez-toc-link ez-toc-heading-18\" href=\"https:\/\/coinkickoff.com\/sl\/bitcoin-casino\/how-is-bitcoin-blackjack-different\/#Can_Bitcoin_Blackjack_be_played_from_regions_where_traditional_online_gambling_is_restricted\" >Ali lahko Blackjack Bitcoin igrate v regijah, kjer so tradicionalne spletne igre na sre\u010do omejene?<\/a><\/li><\/ul><\/li><\/ul><\/nav><\/div>\n<h2><span class=\"ez-toc-section\" id=\"Fundamentals_of_Bitcoin_Blackjack\"><\/span>Osnove blackjacka Bitcoin<span class=\"ez-toc-section-end\"><\/span><\/h2>\n<p><img decoding=\"async\" src=\"https:\/\/coinkickoff.com\/wp-content\/uploads\/v2-3dgvp-hoj5o.jpg\" alt=\"\"><\/p>\n<p><a href=\"https:\/\/coinkickoff.com\/sl\/bitcoin-casino\/how-to-play-crypto-blackjack\/\" data-internallinksmanager029f6b8e52c=\"204\" title=\"Kako igrati kripto blackjack: obvladovanje igre na spletu\">Bitcoin Blackjack<\/a> zdru\u017euje tehnologijo kriptovalut s tradicionalno igro blackjack in ponuja edinstvene funkcije, ki ustrezajo trenutnim tehnolo\u0161kim trendom.<\/p>\n<h3><span class=\"ez-toc-section\" id=\"Definition_and_Operation\"><\/span>Opredelitev in delovanje<span class=\"ez-toc-section-end\"><\/span><\/h3>\n<p>Bitcoin Blackjack je digitalna razli\u010dica tradicionalne igralni\u0161ke igre, ki se igra z uporabo Bitcoin, oblike digitalne valute. Igralci lahko vpla\u010dujejo stave, prejemajo izpla\u010dila in opravljajo vse finan\u010dne transakcije z uporabo Bitcoin. Delovanje temelji na verigi blokov, kar zagotavlja preglednost in varnost. Klju\u010dne komponente vklju\u010dujejo:<\/p>\n<ul>\n<li>Bitcoin Denarnice: Igralci jih uporabljajo za nakazovanje in dvigovanje sredstev.<\/li>\n<li>Dokazano po\u0161tena tehnologija: Omogo\u010da igralcem, da preverijo po\u0161tenost vsake razdelitve ali igre.<\/li>\n<\/ul>\n<h3><span class=\"ez-toc-section\" id=\"Key_Differences_From_Traditional_Blackjack\"><\/span>Glavne razlike od tradicionalnega blackjacka<span class=\"ez-toc-section-end\"><\/span><\/h3>\n<p>Blackjack Bitcoin se v primerjavi s svojim tradicionalnim kolegom razlikuje:<\/p>\n<p><strong>Finan\u010dne transakcije<\/strong>: Bitcoin Blackjack zagotavlja takoj\u0161nje pologe in dvige, pri \u010demer se izognete tradicionalnim ban\u010dnim postopkom in pristojbinam.<\/p>\n<p><strong>Anonimnost<\/strong>: Igralci pogosto u\u017eivajo ve\u010djo zasebnost, saj transakcije Bitcoin ne zahtevajo osebnih podatkov v enaki meri kot fiat valute.<\/p>\n<p><strong>Globalni dostop<\/strong>: Ker Bitcoin ni vezan na centralno banko, lahko igralci iz razli\u010dnih jurisdikcij sodelujejo brez omejitev lokalnih predpisov o igrah na sre\u010do.<\/p>\n<p><strong>Pravi\u010dnost igre<\/strong>: Uporaba tehnologije veri\u017eenja blokov zagotavlja dokazljivo po\u0161ten sistem, ki igralcem omogo\u010da preverjanje naklju\u010dnosti in po\u0161tenosti vsakega kroga igre.<\/p>\n<h2><span class=\"ez-toc-section\" id=\"Gameplay_Specifics\"><\/span>Posebnosti igranja<span class=\"ez-toc-section-end\"><\/span><\/h2>\n<p><img decoding=\"async\" src=\"https:\/\/coinkickoff.com\/wp-content\/uploads\/v2-3dgw4-jjeu5.jpg\" alt=\"\"><\/p>\n<p>Na podro\u010dju spletnih iger na sre\u010do prina\u0161a Bitcoin Blackjack pomembne spremembe v transakcijskih postopkih in varnostnih protokolih ter na razli\u010dne na\u010dine izbolj\u0161uje igral\u010devo izku\u0161njo.<\/p>\n<h3><span class=\"ez-toc-section\" id=\"Digital_Transactions_in_Gameplay\"><\/span>Digitalne transakcije pri igranju iger<span class=\"ez-toc-section-end\"><\/span><\/h3>\n<p>Bitcoin Blackjack omogo\u010da uporabo kriptovalute za stave in izpla\u010dila. Igralci morajo <strong>depozit Bitcoin<\/strong> v svojo denarnico v igralnici za za\u010detek in <a href=\"https:\/\/coinkickoff.com\/sl\/bitcoin-casino\/cash-in-bitcoin-casino-winnings\/\" data-internallinksmanager029f6b8e52c=\"211\" title=\"Kako unov\u010diti igralni\u0161ke dobitke Bitcoin: Vodnik po korakih: Kako igrati v igralnici Casino Casino: korak za korakom\">dobitki<\/a> so . <strong>izpla\u010dano v Bitcoin<\/strong>, ki obi\u010dajno zagotavlja hitrej\u0161e transakcije kot tradicionalna valuta.<\/p>\n<h3><span class=\"ez-toc-section\" id=\"Use_of_Provably_Fair_Algorithms\"><\/span>Uporaba dokazljivo po\u0161tenih algoritmov<span class=\"ez-toc-section-end\"><\/span><\/h3>\n<p>Tehnologija za Bitcoin Blackjack uporablja <strong>dokazljivo po\u0161teni algoritmi<\/strong>, kar zagotavlja preglednost in pravi\u010dnost. Igralci prejmejo \u0161ifrirane hashe uporabljenih kompletov, po igri pa lahko s temi koraki preverijo, ali so bile razdeljene karte res naklju\u010dne:<\/p>\n<ol>\n<li>Pred za\u010detkom igre prejmite \u0161ifrirano vrednost hash.<\/li>\n<li>Med igranjem upo\u0161tevajte rezultate kart.<\/li>\n<li>Algoritem uporabite po kon\u010dani igri za dekodiranje hasha in ga primerjajte z izidom igre.<\/li>\n<\/ol>\n<h3><span class=\"ez-toc-section\" id=\"Privacy_and_Anonymity_Aspects\"><\/span>Vidiki zasebnosti in anonimnosti<span class=\"ez-toc-section-end\"><\/span><\/h3>\n<p>Transakcije Bitcoin ne zahtevajo osebnih podatkov, zato zagotavljajo ve\u010djo zasebnost. Igralci lahko sodelujejo v igrah blackjacka, ne da bi razkrili ob\u010dutljive podatke, kar privablja posameznike, ki dajejo prednost <em>anonimnost<\/em> v spletnih dejavnostih.<\/p>\n<h2><span class=\"ez-toc-section\" id=\"Considerations_for_Players\"><\/span>Razmisleki za igralce<span class=\"ez-toc-section-end\"><\/span><\/h2>\n<p><img decoding=\"async\" src=\"https:\/\/coinkickoff.com\/wp-content\/uploads\/v2-3dgws-32uf3.jpg\" alt=\"\"><\/p>\n<p>Ko igralci preidejo s klasi\u010dnega blackjacka na Bitcoin blackjack, se morajo zavedati dejavnikov, kot so nestanovitnost kriptovalute, pravni vidiki in varnostni ukrepi spletnih platform.<\/p>\n<h3><span class=\"ez-toc-section\" id=\"Volatility_of_Bitcoin_Value\"><\/span>Nestanovitnost vrednosti Bitcoin<span class=\"ez-toc-section-end\"><\/span><\/h3>\n<p><strong>Cena Bitcoin niha<\/strong> kar lahko vpliva na znesek, ki ga igralci stavijo. Na primer:<\/p>\n<ul>\n<li><strong>Ko se vrednost Bitcoin pove\u010da<\/strong>: Stava 0,01 BTC je lahko en dan vredna $50, naslednji dan pa $100.<\/li>\n<li><strong>Ko se vrednost Bitcoin zmanj\u0161a<\/strong>: Pred izpla\u010dilom lahko dobitki izgubijo vrednost, kar vpliva na splo\u0161no donosnost.<\/li>\n<\/ul>\n<h3><span class=\"ez-toc-section\" id=\"Legal_and_Regulatory_Implications\"><\/span>Pravne in regulativne posledice<span class=\"ez-toc-section-end\"><\/span><\/h3>\n<p>V razli\u010dnih jurisdikcijah veljajo razli\u010dni zakoni o <strong>kriptovalute za igre na sre\u010do<\/strong>. Igralci morajo upo\u0161tevati:<\/p>\n<ul>\n<li><strong>Zakonitost<\/strong>: V nekaterih regijah je uporaba Bitcoin za blackjack zakonita, v drugih pa je regulirana ali prepovedana.<\/li>\n<li><strong>Dav\u010dne posledice<\/strong>: Dobitki v Bitcoin so lahko dav\u010dno obravnavani druga\u010de kot v obi\u010dajni valuti, zato je potrebna dodatna skrbnost.<\/li>\n<\/ul>\n<h3><span class=\"ez-toc-section\" id=\"Security_and_Trustworthiness\"><\/span>Varnost in zanesljivost<span class=\"ez-toc-section-end\"><\/span><\/h3>\n<p>Izbira verodostojnega ponudnika Bitcoin blackjack je klju\u010dnega pomena. Igralci morajo poiskati:<\/p>\n<ul>\n<li><strong>Pregledno delovanje<\/strong>: Ugledna spletna mesta zagotavljajo jasne informacije o po\u0161tenosti svojih iger in njihovih operativnih licencah.<\/li>\n<li><strong>Varnostni ukrepi<\/strong>: Ustrezna za\u0161\u010dita, kot je <strong>dvofaktorsko preverjanje pristnosti<\/strong> in . <strong>\u0161ifriranje SSL<\/strong> varovanje sredstev in osebnih podatkov igralcev.<\/li>\n<\/ul>\n<h2><span class=\"ez-toc-section\" id=\"Frequently_Asked_Questions\"><\/span>Pogosto zastavljena vpra\u0161anja<span class=\"ez-toc-section-end\"><\/span><\/h2>\n<p><img decoding=\"async\" src=\"https:\/\/coinkickoff.com\/wp-content\/uploads\/v2-3dgx9-wx3hk.jpg\" alt=\"\"><\/p>\n<p>V naslednjih podpoglavjih so obravnavana pogosta vpra\u0161anja o razlikah med blackjackom Bitcoin in njegovim tradicionalnim primerkom, s poudarkom na transakcijskih razlikah, anonimnosti, pravilih igre, kvotah, varnostnih ukrepih in dostopnosti.<\/p>\n<h3><span class=\"ez-toc-section\" id=\"What_are_the_differences_in_transaction_methods_between_Bitcoin_Blackjack_and_traditional_Blackjack\"><\/span>Kak\u0161ne so razlike v na\u010dinih transakcij med blackjackom Bitcoin in klasi\u010dnim blackjackom?<span class=\"ez-toc-section-end\"><\/span><\/h3>\n<p>Bitcoin Blackjack za stave in izpla\u010dila uporablja kriptovalute, predvsem Bitcoin, kar omogo\u010da hitrej\u0161e transakcije in pogosto ni\u017eje stro\u0161ke obdelave. Tradicionalni Blackjack se obi\u010dajno zana\u0161a na fiat valute, ki se obdelujejo prek razli\u010dnih pla\u010dilnih sistemov, kot so kreditne kartice, ban\u010dna nakazila ali e-denarnice.<\/p>\n<h3><span class=\"ez-toc-section\" id=\"Does_the_use_of_Bitcoin_in_Blackjack_affect_game_anonymity\"><\/span>Ali uporaba Bitcoin v blackjacku vpliva na anonimnost igre?<span class=\"ez-toc-section-end\"><\/span><\/h3>\n<p>Igranje blackjacka s storitvijo Bitcoin lahko zagotavlja ve\u010djo anonimnost, saj transakcije ne zahtevajo osebnih finan\u010dnih podatkov. Vendar pa morajo igralci upo\u0161tevati, da popolna anonimnost ni zagotovljena zaradi pravil platforme ali regulativnih zahtev.<\/p>\n<h3><span class=\"ez-toc-section\" id=\"Are_there_any_variations_in_game_rules_for_Blackjack_when_playing_with_Bitcoin\"><\/span>Ali obstajajo kak\u0161ne razlike v pravilih igre blackjack pri igranju s sistemom Bitcoin?<span class=\"ez-toc-section-end\"><\/span><\/h3>\n<p>Osnovna pravila blackjacka v igri Bitcoin Blackjack ostajajo nespremenjena. Cilj igralcev je premagati delivca tako, da se pribli\u017eajo skupnemu \u0161tevilu 21, ne da bi ga presegli. Kljub temu lahko nekatere igralnice Bitcoin ponudijo edinstvene razli\u010dice ali stranske stave, ki so zna\u010dilne za njihovo platformo.<\/p>\n<h3><span class=\"ez-toc-section\" id=\"How_do_the_odds_or_payouts_differ_in_Bitcoin_Blackjack_compared_to_regular_Blackjack\"><\/span>Kako se kvote ali izpla\u010dila pri blackjacku Bitcoin razlikujejo od navadnega blackjacka?<span class=\"ez-toc-section-end\"><\/span><\/h3>\n<p>Kvote in izpla\u010dila pri blackjacku Bitcoin so obi\u010dajno enaki kot pri klasi\u010dnem blackjacku in se ravnajo v skladu s standardnimi praksami igralnice. Vendar lahko igralnice Bitcoin ponudijo privla\u010dnej\u0161e kvote ali bonusna izpla\u010dila, da bi igralce privabili k uporabi kriptovalut.<\/p>\n<h3><span class=\"ez-toc-section\" id=\"What_security_measures_are_unique_to_Bitcoin_Blackjack_games\"><\/span>Kateri varnostni ukrepi so zna\u010dilni za igre blackjacka Bitcoin?<span class=\"ez-toc-section-end\"><\/span><\/h3>\n<p>Bitcoin Blackjack vklju\u010duje tehnologijo veri\u017eenja blokov, ki zagotavlja decentralizirano preverjanje transakcij in ve\u010djo varnost. Nekatere igralnice ponujajo tudi dokazljivo po\u0161tene algoritme, ki igralcem omogo\u010dajo, da po odigrani igri preverijo po\u0161tenost vsake kombinacije.<\/p>\n<h3><span class=\"ez-toc-section\" id=\"Can_Bitcoin_Blackjack_be_played_from_regions_where_traditional_online_gambling_is_restricted\"><\/span>Ali lahko Blackjack Bitcoin igrate v regijah, kjer so tradicionalne spletne igre na sre\u010do omejene?<span class=\"ez-toc-section-end\"><\/span><\/h3>\n<p>Blackjack Bitcoin je zaradi decentralizirane narave igre Bitcoin v\u010dasih dostopen tudi v jurisdikcijah, v katerih so tradicionalne spletne igre na sre\u010do omejene. Vendar se morajo igralci zavedati lokalnih zakonov, saj se lahko predpisi zelo razlikujejo in s\u010dasoma spreminjajo.<\/p>","protected":false},"excerpt":{"rendered":"<p>Izjava o omejitvi odgovornosti: Igre na sre\u010do vklju\u010dujejo veliko finan\u010dno tveganje. Igrajte le z denarjem, ki si ga lahko privo\u0161\u010dite izgubiti. Spodaj navedene informacije so zgolj informativne. \u010ce se prijavite in izgubite denar v kateri od naslednjih igralnic, bomo morda prejeli provizijo. Vse igralnice niso na voljo v vseh dr\u017eavah. Vse informacije, ki smo jih [...]<\/p>","protected":false},"author":1,"featured_media":4586,"parent":4440,"menu_order":0,"comment_status":"closed","ping_status":"closed","template":"","meta":{"_genesis_hide_title":false,"_genesis_hide_breadcrumbs":false,"_genesis_hide_singular_image":false,"_genesis_hide_footer_widgets":false,"_genesis_custom_body_class":"","_genesis_custom_post_class":"","_genesis_layout":"","_glsr_average":0,"_glsr_ranking":0,"_glsr_reviews":0,"footnotes":""},"class_list":{"0":"post-4585","1":"page","2":"type-page","3":"status-publish","4":"has-post-thumbnail","6":"entry"},"featured_image_src":"https:\/\/coinkickoff.com\/wp-content\/uploads\/v2-3dgvp-hoj5o-600x400.jpg","featured_image_src_square":"https:\/\/coinkickoff.com\/wp-content\/uploads\/v2-3dgvp-hoj5o-600x600.jpg","_links":{"self":[{"href":"https:\/\/coinkickoff.com\/sl\/wp-json\/wp\/v2\/pages\/4585","targetHints":{"allow":["GET"]}}],"collection":[{"href":"https:\/\/coinkickoff.com\/sl\/wp-json\/wp\/v2\/pages"}],"about":[{"href":"https:\/\/coinkickoff.com\/sl\/wp-json\/wp\/v2\/types\/page"}],"author":[{"embeddable":true,"href":"https:\/\/coinkickoff.com\/sl\/wp-json\/wp\/v2\/users\/1"}],"replies":[{"embeddable":true,"href":"https:\/\/coinkickoff.com\/sl\/wp-json\/wp\/v2\/comments?post=4585"}],"version-history":[{"count":3,"href":"https:\/\/coinkickoff.com\/sl\/wp-json\/wp\/v2\/pages\/4585\/revisions"}],"predecessor-version":[{"id":4592,"href":"https:\/\/coinkickoff.com\/sl\/wp-json\/wp\/v2\/pages\/4585\/revisions\/4592"}],"up":[{"embeddable":true,"href":"https:\/\/coinkickoff.com\/sl\/wp-json\/wp\/v2\/pages\/4440"}],"wp:featuredmedia":[{"embeddable":true,"href":"https:\/\/coinkickoff.com\/sl\/wp-json\/wp\/v2\/media\/4586"}],"wp:attachment":[{"href":"https:\/\/coinkickoff.com\/sl\/wp-json\/wp\/v2\/media?parent=4585"}],"curies":[{"name":"wp","href":"https:\/\/api.w.org\/{rel}","templated":true}]}}