{"id":4575,"date":"2026-01-08T14:08:04","date_gmt":"2026-01-08T14:08:04","guid":{"rendered":"https:\/\/coinkickoff.com\/?page_id=4575"},"modified":"2026-01-08T14:08:04","modified_gmt":"2026-01-08T14:08:04","slug":"how-are-bitcoin-casinos-different","status":"publish","type":"page","link":"https:\/\/coinkickoff.com\/sl\/bitcoin-casino\/how-are-bitcoin-casinos-different\/","title":{"rendered":"Kako se igralnice Bitcoin razlikujejo od tradicionalnih?"},"content":{"rendered":"<p><em>Izjava o omejitvi odgovornosti: Igre na sre\u010do vklju\u010dujejo veliko finan\u010dno tveganje. Igrajte le z denarjem, ki si ga lahko privo\u0161\u010dite izgubiti. Spodaj navedene informacije so zgolj informativne. Morda bomo prejeli provizijo, \u010de se prijavite in izgubite denar pri kateri koli od naslednjih iger <a href=\"https:\/\/coinkickoff.com\/sl\/bitcoin-casino\/\" data-internallinksmanager029f6b8e52c=\"200\" title=\"3 najbolj\u0161e kripto igralnice Bitcoin z bonusi\">igralnice<\/a>. Vse igralnice niso na voljo v vseh dr\u017eavah. Vse informacije so bile v \u010dasu objave pravilne, vendar so se morda od takrat spremenile.<\/em><\/p>\n<div id=\"ez-toc-container\" class=\"ez-toc-v2_0_80 counter-hierarchy ez-toc-counter ez-toc-transparent ez-toc-container-direction\">\n<div class=\"ez-toc-title-container\">\n<p class=\"ez-toc-title\" style=\"cursor:inherit\">Oddelki<\/p>\n<span class=\"ez-toc-title-toggle\"><a href=\"#\" class=\"ez-toc-pull-right ez-toc-btn ez-toc-btn-xs ez-toc-btn-default ez-toc-toggle\" aria-label=\"Toggle Tabela vsebine\"><span class=\"ez-toc-js-icon-con\"><span class=\"\"><span class=\"eztoc-hide\" style=\"display:none;\">Toggle<\/span><span class=\"ez-toc-icon-toggle-span\"><svg style=\"fill: #999;color:#999\" xmlns=\"http:\/\/www.w3.org\/2000\/svg\" class=\"list-377408\" width=\"20px\" height=\"20px\" viewbox=\"0 0 24 24\" fill=\"none\"><path d=\"M6 6H4v2h2V6zm14 0H8v2h12V6zM4 11h2v2H4v-2zm16 0H8v2h12v-2zM4 16h2v2H4v-2zm16 0H8v2h12v-2z\" fill=\"currentColor\"><\/path><\/svg><svg style=\"fill: #999;color:#999\" class=\"arrow-unsorted-368013\" xmlns=\"http:\/\/www.w3.org\/2000\/svg\" width=\"10px\" height=\"10px\" viewbox=\"0 0 24 24\" version=\"1.2\" baseprofile=\"tiny\"><path d=\"M18.2 9.3l-6.2-6.3-6.2 6.3c-.2.2-.3.4-.3.7s.1.5.3.7c.2.2.4.3.7.3h11c.3 0 .5-.1.7-.3.2-.2.3-.5.3-.7s-.1-.5-.3-.7zM5.8 14.7l6.2 6.3 6.2-6.3c.2-.2.3-.5.3-.7s-.1-.5-.3-.7c-.2-.2-.4-.3-.7-.3h-11c-.3 0-.5.1-.7.3-.2.2-.3.5-.3.7s.1.5.3.7z\"\/><\/svg><\/span><\/span><\/span><\/a><\/span><\/div>\n<nav><ul class='ez-toc-list ez-toc-list-level-1 eztoc-toggle-hide-by-default' ><li class='ez-toc-page-1 ez-toc-heading-level-2'><a class=\"ez-toc-link ez-toc-heading-1\" href=\"https:\/\/coinkickoff.com\/sl\/bitcoin-casino\/how-are-bitcoin-casinos-different\/#Fundamental_Differences_Between_Bitcoin_and_Traditional_Casinos\" >Temeljne razlike med Bitcoin in tradicionalnimi igralnicami<\/a><ul class='ez-toc-list-level-3' ><li class='ez-toc-heading-level-3'><a class=\"ez-toc-link ez-toc-heading-2\" href=\"https:\/\/coinkickoff.com\/sl\/bitcoin-casino\/how-are-bitcoin-casinos-different\/#Currency_Used_for_Transactions\" >Valuta, uporabljena za transakcije<\/a><\/li><li class='ez-toc-page-1 ez-toc-heading-level-3'><a class=\"ez-toc-link ez-toc-heading-3\" href=\"https:\/\/coinkickoff.com\/sl\/bitcoin-casino\/how-are-bitcoin-casinos-different\/#Operational_Transparency\" >Preglednost delovanja<\/a><\/li><li class='ez-toc-page-1 ez-toc-heading-level-3'><a class=\"ez-toc-link ez-toc-heading-4\" href=\"https:\/\/coinkickoff.com\/sl\/bitcoin-casino\/how-are-bitcoin-casinos-different\/#Legal_and_Regulatory_Landscape\" >Pravno in regulativno okolje<\/a><\/li><\/ul><\/li><li class='ez-toc-page-1 ez-toc-heading-level-2'><a class=\"ez-toc-link ez-toc-heading-5\" href=\"https:\/\/coinkickoff.com\/sl\/bitcoin-casino\/how-are-bitcoin-casinos-different\/#Technological_Aspects_of_Bitcoin_Casinos\" >Tehnolo\u0161ki vidiki igralnic Bitcoin<\/a><ul class='ez-toc-list-level-3' ><li class='ez-toc-heading-level-3'><a class=\"ez-toc-link ez-toc-heading-6\" href=\"https:\/\/coinkickoff.com\/sl\/bitcoin-casino\/how-are-bitcoin-casinos-different\/#Blockchain_Technology_Implementation\" >Izvajanje tehnologije veri\u017eenja blokov<\/a><\/li><li class='ez-toc-page-1 ez-toc-heading-level-3'><a class=\"ez-toc-link ez-toc-heading-7\" href=\"https:\/\/coinkickoff.com\/sl\/bitcoin-casino\/how-are-bitcoin-casinos-different\/#Provably_Fair_Gaming_Mechanisms\" >Dokazljivo po\u0161teni mehanizmi iger na sre\u010do<\/a><\/li><li class='ez-toc-page-1 ez-toc-heading-level-3'><a class=\"ez-toc-link ez-toc-heading-8\" href=\"https:\/\/coinkickoff.com\/sl\/bitcoin-casino\/how-are-bitcoin-casinos-different\/#Anonymity_and_Security_Features\" >Anonimnost in varnostne funkcije<\/a><\/li><\/ul><\/li><li class='ez-toc-page-1 ez-toc-heading-level-2'><a class=\"ez-toc-link ez-toc-heading-9\" href=\"https:\/\/coinkickoff.com\/sl\/bitcoin-casino\/how-are-bitcoin-casinos-different\/#User_Experience_in_Bitcoin_versus_Regular_Casinos\" >Uporabni\u0161ka izku\u0161nja v Bitcoin v primerjavi z obi\u010dajnimi igralnicami<\/a><ul class='ez-toc-list-level-3' ><li class='ez-toc-heading-level-3'><a class=\"ez-toc-link ez-toc-heading-10\" href=\"https:\/\/coinkickoff.com\/sl\/bitcoin-casino\/how-are-bitcoin-casinos-different\/#Account_Funding_and_Withdrawal_Process\" >Postopek financiranja ra\u010duna in izpla\u010dila<\/a><\/li><li class='ez-toc-page-1 ez-toc-heading-level-3'><a class=\"ez-toc-link ez-toc-heading-11\" href=\"https:\/\/coinkickoff.com\/sl\/bitcoin-casino\/how-are-bitcoin-casinos-different\/#Bonuses_and_Incentives\" >Bonusi in spodbude<\/a><\/li><li class='ez-toc-page-1 ez-toc-heading-level-3'><a class=\"ez-toc-link ez-toc-heading-12\" href=\"https:\/\/coinkickoff.com\/sl\/bitcoin-casino\/how-are-bitcoin-casinos-different\/#Geographical_Accessibility_and_Restrictions\" >Geografska dostopnost in omejitve<\/a><\/li><\/ul><\/li><li class='ez-toc-page-1 ez-toc-heading-level-2'><a class=\"ez-toc-link ez-toc-heading-13\" href=\"https:\/\/coinkickoff.com\/sl\/bitcoin-casino\/how-are-bitcoin-casinos-different\/#Frequently_Asked_Questions\" >Pogosto zastavljena vpra\u0161anja<\/a><ul class='ez-toc-list-level-3' ><li class='ez-toc-heading-level-3'><a class=\"ez-toc-link ez-toc-heading-14\" href=\"https:\/\/coinkickoff.com\/sl\/bitcoin-casino\/how-are-bitcoin-casinos-different\/#What_factors_make_crypto_casinos_more_advantageous_than_traditional_ones\" >Zaradi katerih dejavnikov so kripto igralnice ugodnej\u0161e od tradicionalnih?<\/a><\/li><li class='ez-toc-page-1 ez-toc-heading-level-3'><a class=\"ez-toc-link ez-toc-heading-15\" href=\"https:\/\/coinkickoff.com\/sl\/bitcoin-casino\/how-are-bitcoin-casinos-different\/#Are_there_any_risks_associated_with_using_Bitcoin_for_online_gambling\" >Ali obstajajo tveganja, povezana z uporabo storitve Bitcoin za spletne igre na sre\u010do?<\/a><\/li><li class='ez-toc-page-1 ez-toc-heading-level-3'><a class=\"ez-toc-link ez-toc-heading-16\" href=\"https:\/\/coinkickoff.com\/sl\/bitcoin-casino\/how-are-bitcoin-casinos-different\/#How_do_the_security_measures_in_Bitcoin_casinos_compare_to_those_in_traditional_casinos\" >Kako so varnostni ukrepi v igralnicah Bitcoin primerljivi z varnostnimi ukrepi v obi\u010dajnih igralnicah?<\/a><\/li><li class='ez-toc-page-1 ez-toc-heading-level-3'><a class=\"ez-toc-link ez-toc-heading-17\" href=\"https:\/\/coinkickoff.com\/sl\/bitcoin-casino\/how-are-bitcoin-casinos-different\/#Can_players_expect_provably_fair_gaming_in_Bitcoin_casinos\" >Ali lahko igralci v igralnicah Bitcoin pri\u010dakujejo dokazljivo po\u0161teno igranje?<\/a><\/li><li class='ez-toc-page-1 ez-toc-heading-level-3'><a class=\"ez-toc-link ez-toc-heading-18\" href=\"https:\/\/coinkickoff.com\/sl\/bitcoin-casino\/how-are-bitcoin-casinos-different\/#What_are_the_unique_benefits_of_gambling_with_Bitcoin\" >Katere so edinstvene prednosti iger na sre\u010do z Bitcoin?<\/a><\/li><li class='ez-toc-page-1 ez-toc-heading-level-3'><a class=\"ez-toc-link ez-toc-heading-19\" href=\"https:\/\/coinkickoff.com\/sl\/bitcoin-casino\/how-are-bitcoin-casinos-different\/#How_does_the_regulatory_landscape_for_Bitcoin_casinos_differ_from_traditional_gambling_venues\" >Kako se zakonodajno okolje za igralnice Bitcoin razlikuje od tradicionalnih igralnic?<\/a><\/li><\/ul><\/li><\/ul><\/nav><\/div>\n<h2><span class=\"ez-toc-section\" id=\"Fundamental_Differences_Between_Bitcoin_and_Traditional_Casinos\"><\/span>Temeljne razlike med Bitcoin in tradicionalnimi igralnicami<span class=\"ez-toc-section-end\"><\/span><\/h2>\n<p><img decoding=\"async\" src=\"https:\/\/coinkickoff.com\/wp-content\/uploads\/v2-3dgrx-7h0pa.jpg\" alt=\"\"><\/p>\n<p><a href=\"https:\/\/coinkickoff.com\/sl\/bitcoin-btc\/\" data-internallinksmanager029f6b8e52c=\"1\" title=\"Kaj je Bitcoin (BTC)? Cena, zgodovina in kje kupiti\">Bitcoin<\/a> igralnice in tradicionalne igralnice se razlikujejo predvsem po nosilcu valute, stopnjah preglednosti in regulativnih okoljih, v katerih delujejo.<\/p>\n<h3><span class=\"ez-toc-section\" id=\"Currency_Used_for_Transactions\"><\/span>Valuta, uporabljena za transakcije<span class=\"ez-toc-section-end\"><\/span><\/h3>\n<p><strong>Bitcoin Igralnice:<\/strong> Transakcije potekajo v kriptovalutah, kot je Bitcoin, <a href=\"https:\/\/coinkickoff.com\/sl\/ethereum-eth\/\" data-internallinksmanager029f6b8e52c=\"2\" title=\"Kaj je Ethereum (ETH)? Cena, zgodovina in kje kupiti\">Ethereum<\/a>ali druge altcoins. Te digitalne valute omogo\u010dajo anonimne transakcije, pogosto z ni\u017ejimi pristojbinami in hitrej\u0161o obdelavo v primerjavi s fiat valutami.<\/p>\n<ul>\n<li><strong>Anonimnost:<\/strong> Uporabniki lahko sklepajo posle, ne da bi razkrili osebne podatke.<\/li>\n<li><strong>Pristojbine:<\/strong> Pogosto so ni\u017eji od tistih, povezanih s kreditnimi karticami ali ban\u010dnimi prenosi.<\/li>\n<li><strong>Hitrost:<\/strong> Transakcije so obdelane hitro, v\u010dasih v nekaj minutah.<\/li>\n<\/ul>\n<p><strong>Tradicionalne igralnice:<\/strong> Te ustanove za vse transakcije obi\u010dajno uporabljajo fiat valute, kot so USD, EUR ali GBP. To tradicionalno ban\u010dni\u0161tvo vklju\u010duje podrobno vodenje evidenc in postopke preverjanja identitete.<\/p>\n<ul>\n<li><strong>Osebni podatki:<\/strong> Pri transakcijah je treba razkriti osebne podatke.<\/li>\n<li><strong>Pristojbine:<\/strong> Za transakcije se lahko zara\u010dunajo vi\u0161je pristojbine.<\/li>\n<li><strong>\u010cas obdelave:<\/strong> Prenos ali obra\u010dun sredstev lahko traja ve\u010d dni.<\/li>\n<\/ul>\n<h3><span class=\"ez-toc-section\" id=\"Operational_Transparency\"><\/span>Preglednost delovanja<span class=\"ez-toc-section-end\"><\/span><\/h3>\n<p><strong>Bitcoin Igralnice:<\/strong> Zaradi tehnologije veri\u017eenja blokov, na kateri temeljijo transakcije s kriptovalutami, so obi\u010dajno bolj pregledne. Blockchain zagotavlja javno, nespremenljivo <a href=\"https:\/\/coinkickoff.com\/sl\/what-is-ledger-wallet\/\" data-internallinksmanager029f6b8e52c=\"167\" title=\"Mnenja o denarnici Ledger 2023: Pristojbine, funkcije, varnost, prednosti in slabosti\">glavna knjiga<\/a>, zaradi \u010desar je zgodovina transakcij lahko dostopna in preverljiva.<\/p>\n<ul>\n<li><strong>Dokazano po\u0161teno:<\/strong> Nekatere igralnice Bitcoin uporabljajo algoritme \"Provably Fair\", ki igralcem omogo\u010dajo preverjanje po\u0161tenosti vsakega izida igre.<\/li>\n<\/ul>\n<p><strong>Tradicionalne igralnice:<\/strong> Transparentnost urejajo organi za igre na sre\u010do, vendar notranje delovanje in algoritmi iger obi\u010dajno niso dostopni za javno revizijo ali preverjanje.<\/p>\n<ul>\n<li><strong>Urejena pravi\u010dnost:<\/strong> Pravi\u010dnost igre so potrdili regulativni organi, vendar podrobni mehanizmi programske opreme niso javno razkriti.<\/li>\n<\/ul>\n<h3><span class=\"ez-toc-section\" id=\"Legal_and_Regulatory_Landscape\"><\/span>Pravno in regulativno okolje<span class=\"ez-toc-section-end\"><\/span><\/h3>\n<p><strong>Bitcoin Igralnice:<\/strong> Delujejo v hitro razvijajo\u010dem se regulativnem okviru. \u0160tevilne regije \u0161e niso opredelile jasne zakonodaje, ki bi urejala uporabo kriptovalut pri igrah na sre\u010do, zato se zahteve glede skladnosti z zakonodajo razlikujejo.<\/p>\n<ul>\n<li><strong>Spremenljiva regulacija:<\/strong> Pravni status se lahko hitro spremeni, skladnost pa se razlikuje glede na jurisdikcijo.<\/li>\n<li><strong>Globalni dostop:<\/strong> Pogosto so dostopni po vsem svetu, odvisno od lokalne zakonodaje.<\/li>\n<\/ul>\n<p><strong>Tradicionalne igralnice:<\/strong> Pod strogim nadzorom uveljavljenih vladnih organov po vsem svetu. Zanje veljajo strogi zakoni in predpisi, ki urejajo njihovo licenciranje, operativne prakse in finan\u010dno poro\u010danje.<\/p>\n<ul>\n<li><strong>Strog nadzor:<\/strong> Upo\u0161tevanje \u0161tevilnih pravnih in finan\u010dnih predpisov je obvezno.<\/li>\n<li><strong>Geografske omejitve:<\/strong> Obi\u010dajno morajo delovati v okviru pristojnosti svojega organa za izdajo dovoljenj.<\/li>\n<\/ul>\n<h2><span class=\"ez-toc-section\" id=\"Technological_Aspects_of_Bitcoin_Casinos\"><\/span>Tehnolo\u0161ki vidiki igralnic Bitcoin<span class=\"ez-toc-section-end\"><\/span><\/h2>\n<p><img decoding=\"async\" src=\"https:\/\/coinkickoff.com\/wp-content\/uploads\/v2-3dgss-o0d7k.jpg\" alt=\"\"><\/p>\n<p>Igralnice Bitcoin se razlikujejo po napredni tehnologiji, ki zagotavlja ve\u010djo varnost, po\u0161tenost in preglednost. Ta tehnolo\u0161ka prednost se ka\u017ee v na\u010dinu obdelave transakcij, preverjanja po\u0161tenosti in ohranjanja zasebnosti.<\/p>\n<h3><span class=\"ez-toc-section\" id=\"Blockchain_Technology_Implementation\"><\/span>Izvajanje tehnologije veri\u017eenja blokov<span class=\"ez-toc-section-end\"><\/span><\/h3>\n<p><strong>Bitcoin igralnice<\/strong> uporabljajo tehnologijo veri\u017eenja blokov za olaj\u0161anje transakcij s kriptovalutami. Na spletni strani <strong>blockchain<\/strong> je decentralizirana glavna knjiga, v kateri so zapisane vse transakcije v omre\u017eju ra\u010dunalnikov. To zagotavlja, da:<\/p>\n<ul>\n<li><strong>Transakcije<\/strong> so . <strong>prozorno<\/strong> in . <strong>nespremenljiv<\/strong>.<\/li>\n<li>Igralci lahko vpla\u010dajo in izpla\u010dajo <strong>bitcoins<\/strong> neposredno, <strong>odprava potrebe po ban\u010dnih institucijah tretjih oseb.<\/strong>.<\/li>\n<\/ul>\n<h3><span class=\"ez-toc-section\" id=\"Provably_Fair_Gaming_Mechanisms\"><\/span>Dokazljivo po\u0161teni mehanizmi iger na sre\u010do<span class=\"ez-toc-section-end\"><\/span><\/h3>\n<p>Dokazano po\u0161teno igranje je zna\u010dilnost igralnic Bitcoin. Ta sistem uporablja kriptografske algoritme za zagotavljanje po\u0161tenosti vsake igre. Pomembne to\u010dke so:<\/p>\n<ul>\n<li>Igralcem omogo\u010da, da <strong>preverite naklju\u010dnost<\/strong> izidov iger.<\/li>\n<li>Igralnice zagotavljajo <strong>klju\u010d hash<\/strong> ki jih je mogo\u010de analizirati po koncu igre, da se potrdi po\u0161tenost igre.<\/li>\n<\/ul>\n<h3><span class=\"ez-toc-section\" id=\"Anonymity_and_Security_Features\"><\/span>Anonimnost in varnostne funkcije<span class=\"ez-toc-section-end\"><\/span><\/h3>\n<p>Igralnice Bitcoin ponujajo ve\u010djo <strong>anonimnost<\/strong> in . <strong>varnost<\/strong>. Uporabljajo razli\u010dne funkcije za za\u0161\u010dito identitete igralca in njegovih sredstev, kot so:<\/p>\n<ul>\n<li><strong>Preverjanje pristnosti z dvema dejavnikoma (2FA)<\/strong> za za\u0161\u010dito uporabni\u0161kih ra\u010dunov.<\/li>\n<li><strong>Minimalno \u0161tevilo osebnih podatkov<\/strong> potreben za ustvarjanje ra\u010duna, ohranjanje uporabni\u0161kega <strong>anonimnost<\/strong>.<\/li>\n<\/ul>\n<h2><span class=\"ez-toc-section\" id=\"User_Experience_in_Bitcoin_versus_Regular_Casinos\"><\/span>Uporabni\u0161ka izku\u0161nja v Bitcoin v primerjavi z obi\u010dajnimi igralnicami<span class=\"ez-toc-section-end\"><\/span><\/h2>\n<p><img decoding=\"async\" src=\"https:\/\/coinkickoff.com\/wp-content\/uploads\/v2-3dgt7-n76he.jpg\" alt=\"\"><\/p>\n<p>Uporabni\u0161ka izku\u0161nja v igralnicah Bitcoin ponuja razli\u010dne funkcije v primerjavi s tradicionalnimi igralnicami, zlasti glede upravljanja ra\u010dunov, bonusov in globalne dostopnosti.<\/p>\n<h3><span class=\"ez-toc-section\" id=\"Account_Funding_and_Withdrawal_Process\"><\/span>Postopek financiranja ra\u010duna in izpla\u010dila<span class=\"ez-toc-section-end\"><\/span><\/h3>\n<p>Igralnice Bitcoin uporabnikom omogo\u010dajo, da <strong>financirajo svoje ra\u010dune.<\/strong> neposredno z uporabo kriptovalut, kar obi\u010dajno privede do <em>hitrej\u0161i \u010dasi transakcij<\/em> in . <em>ni\u017eje pristojbine<\/em> kot obi\u010dajne igralnice, ki se zana\u0161ajo na tradicionalne ban\u010dne metode.<\/p>\n<p><strong>\u010cas umikanja<\/strong>pa so obi\u010dajno tudi <strong>hitreje<\/strong> v igralnicah Bitcoin zaradi odprave potrebe po ban\u010dni obdelavi. Te igralnice se pogosto pona\u0161ajo z <strong>takoj\u0161nje ali skoraj takoj\u0161nje izpla\u010dilo<\/strong> v nasprotju z zamudnimi \u010dasi obdelave, ki so pogosto prisotni v obi\u010dajnih igralnicah.<\/p>\n<h3><span class=\"ez-toc-section\" id=\"Bonuses_and_Incentives\"><\/span>Bonusi in spodbude<span class=\"ez-toc-section-end\"><\/span><\/h3>\n<p>Struktura <strong>bonusi in spodbude<\/strong> se lahko zelo razlikujejo. Igralnice Bitcoin lahko ponujajo:<\/p>\n<ul>\n<li>Vi\u0161ji <strong>dobrodo\u0161li bonusi<\/strong><\/li>\n<li><strong>Nagrade za zvestobo<\/strong> v obliki Bitcoin ali drugih kriptovalut<\/li>\n<\/ul>\n<p>Tradicionalne igralnice pogosto ponujajo razli\u010dne bonuse, vendar se zaradi ni\u017ejih transakcijskih in operativnih stro\u0161kov digitalnih valut morda ne bodo ujemali z donosnimi ponudbami, ki jih najdete v igralnicah Bitcoin.<\/p>\n<h3><span class=\"ez-toc-section\" id=\"Geographical_Accessibility_and_Restrictions\"><\/span>Geografska dostopnost in omejitve<span class=\"ez-toc-section-end\"><\/span><\/h3>\n<p>Bitcoin igralnice obi\u010dajno ponujajo <strong>vi\u0161ja stopnja dostopnosti<\/strong> saj zanje ne veljajo enake regulativne omejitve kot za obi\u010dajne igralnice.<\/p>\n<ul>\n<li>Poslovanje v <strong>ve\u010d jurisdikcij<\/strong> brez potrebe po lokalni ban\u010dni infrastrukturi.<\/li>\n<li>Sprejemamo igralce iz <strong>regije s strogimi predpisi o igrah na sre\u010do<\/strong>, v skladu z lokalnimi zakoni<\/li>\n<\/ul>\n<p>Vendar pa uporabnikom svetujemo, da ostanejo <strong>obve\u0161\u010deni o svojih lokalnih zakonih.<\/strong> za zagotavljanje skladnosti pri dostopu do igralnic Bitcoin, tudi \u010de imajo \u0161ir\u0161i doseg.<\/p>\n<h2><span class=\"ez-toc-section\" id=\"Frequently_Asked_Questions\"><\/span>Pogosto zastavljena vpra\u0161anja<span class=\"ez-toc-section-end\"><\/span><\/h2>\n<p><img decoding=\"async\" src=\"https:\/\/coinkickoff.com\/wp-content\/uploads\/v2-3dgtr-7frp8.jpg\" alt=\"\"><\/p>\n<p>V tem razdelku so obravnavana pogosto zastavljena vpra\u0161anja o razlikah med igralnicami Bitcoin in tradicionalnimi igralnicami, da bi zagotovili jasnej\u0161e razumevanje obeh.<\/p>\n<h3><span class=\"ez-toc-section\" id=\"What_factors_make_crypto_casinos_more_advantageous_than_traditional_ones\"><\/span>Zaradi katerih dejavnikov so kripto igralnice ugodnej\u0161e od tradicionalnih?<span class=\"ez-toc-section-end\"><\/span><\/h3>\n<p>Kripto igralnice ponujajo edinstvene prednosti, vklju\u010dno s takoj\u0161njimi transakcijami in ni\u017ejimi pristojbinami za transakcije. Uporabnikom zagotavljajo tudi vi\u0161jo raven anonimnosti, ki je tradicionalne igralnice zaradi odvisnosti od ban\u010dnih in osebnih podatkov ne morejo dose\u010di.<\/p>\n<h3><span class=\"ez-toc-section\" id=\"Are_there_any_risks_associated_with_using_Bitcoin_for_online_gambling\"><\/span>Ali obstajajo tveganja, povezana z uporabo storitve Bitcoin za spletne igre na sre\u010do?<span class=\"ez-toc-section-end\"><\/span><\/h3>\n<p>Uporabniki se soo\u010dajo z nekaterimi tveganji, kot so visoka nestanovitnost vrednosti Bitcoin in morebitne varnostne gro\u017enje, kot so vdori. Poleg tega je pomanjkanje predpisov lahko dvorezen me\u010d, saj predstavlja tako svobodo kot tveganje.<\/p>\n<h3><span class=\"ez-toc-section\" id=\"How_do_the_security_measures_in_Bitcoin_casinos_compare_to_those_in_traditional_casinos\"><\/span>Kako so varnostni ukrepi v igralnicah Bitcoin primerljivi z varnostnimi ukrepi v obi\u010dajnih igralnicah?<span class=\"ez-toc-section-end\"><\/span><\/h3>\n<p>Igralnice Bitcoin obi\u010dajno uporabljajo napredne tehnologije \u0161ifriranja in so zgrajene na varnih omre\u017ejih veri\u017eenja blokov. To je v nasprotju s tradicionalnimi igralnicami, ki so odvisne od konvencionalnih varnostnih in finan\u010dnih sistemov, ki so izpostavljeni razli\u010dnim vrstam tveganj.<\/p>\n<h3><span class=\"ez-toc-section\" id=\"Can_players_expect_provably_fair_gaming_in_Bitcoin_casinos\"><\/span>Ali lahko igralci v igralnicah Bitcoin pri\u010dakujejo dokazljivo po\u0161teno igranje?<span class=\"ez-toc-section-end\"><\/span><\/h3>\n<p>\u0160tevilne igralnice Bitcoin ponujajo dokazljivo po\u0161teno igranje, ki igralcem omogo\u010da preverjanje po\u0161tenosti vsake igre s tehnologijo veri\u017eenja blokov. To je raven preglednosti, ki je tradicionalne spletne strani z igrami na sre\u010do ne morejo zagotoviti.<\/p>\n<h3><span class=\"ez-toc-section\" id=\"What_are_the_unique_benefits_of_gambling_with_Bitcoin\"><\/span>Katere so edinstvene prednosti iger na sre\u010do z Bitcoin?<span class=\"ez-toc-section-end\"><\/span><\/h3>\n<p>Igre na sre\u010do z Bitcoin zagotavljajo, da bodo transakcije zaradi uporabe tehnologije veri\u017eenja blokov ostale diskretne in varne. Nudi tudi prednost potencialno ni\u017ejih provizij in zagotavlja, da lahko igralci igrajo brez geografskih omejitev.<\/p>\n<h3><span class=\"ez-toc-section\" id=\"How_does_the_regulatory_landscape_for_Bitcoin_casinos_differ_from_traditional_gambling_venues\"><\/span>Kako se zakonodajno okolje za igralnice Bitcoin razlikuje od tradicionalnih igralnic?<span class=\"ez-toc-section-end\"><\/span><\/h3>\n<p>Igralnice Bitcoin pogosto delujejo v bolj dereguliranem okolju, saj \u0161tevilne vlade kriptovalut ne priznavajo kot uradno valuto. To je v nasprotju s tradicionalnimi igralnicami, za katere veljajo strogi regulativni okviri.<\/p>","protected":false},"excerpt":{"rendered":"<p>Izjava o omejitvi odgovornosti: Igre na sre\u010do vklju\u010dujejo veliko finan\u010dno tveganje. Igrajte le z denarjem, ki si ga lahko privo\u0161\u010dite izgubiti. Spodaj navedene informacije so zgolj informativne. \u010ce se prijavite in izgubite denar v kateri od naslednjih igralnic, bomo morda prejeli provizijo. Vse igralnice niso na voljo v vseh dr\u017eavah. Vse informacije, ki smo jih [...]<\/p>","protected":false},"author":1,"featured_media":4576,"parent":4440,"menu_order":0,"comment_status":"closed","ping_status":"closed","template":"","meta":{"_genesis_hide_title":false,"_genesis_hide_breadcrumbs":false,"_genesis_hide_singular_image":false,"_genesis_hide_footer_widgets":false,"_genesis_custom_body_class":"","_genesis_custom_post_class":"","_genesis_layout":"","_glsr_average":0,"_glsr_ranking":0,"_glsr_reviews":0,"footnotes":""},"class_list":{"0":"post-4575","1":"page","2":"type-page","3":"status-publish","4":"has-post-thumbnail","6":"entry"},"featured_image_src":"https:\/\/coinkickoff.com\/wp-content\/uploads\/v2-3dgrx-7h0pa-600x400.jpg","featured_image_src_square":"https:\/\/coinkickoff.com\/wp-content\/uploads\/v2-3dgrx-7h0pa-600x600.jpg","_links":{"self":[{"href":"https:\/\/coinkickoff.com\/sl\/wp-json\/wp\/v2\/pages\/4575","targetHints":{"allow":["GET"]}}],"collection":[{"href":"https:\/\/coinkickoff.com\/sl\/wp-json\/wp\/v2\/pages"}],"about":[{"href":"https:\/\/coinkickoff.com\/sl\/wp-json\/wp\/v2\/types\/page"}],"author":[{"embeddable":true,"href":"https:\/\/coinkickoff.com\/sl\/wp-json\/wp\/v2\/users\/1"}],"replies":[{"embeddable":true,"href":"https:\/\/coinkickoff.com\/sl\/wp-json\/wp\/v2\/comments?post=4575"}],"version-history":[{"count":3,"href":"https:\/\/coinkickoff.com\/sl\/wp-json\/wp\/v2\/pages\/4575\/revisions"}],"predecessor-version":[{"id":4582,"href":"https:\/\/coinkickoff.com\/sl\/wp-json\/wp\/v2\/pages\/4575\/revisions\/4582"}],"up":[{"embeddable":true,"href":"https:\/\/coinkickoff.com\/sl\/wp-json\/wp\/v2\/pages\/4440"}],"wp:featuredmedia":[{"embeddable":true,"href":"https:\/\/coinkickoff.com\/sl\/wp-json\/wp\/v2\/media\/4576"}],"wp:attachment":[{"href":"https:\/\/coinkickoff.com\/sl\/wp-json\/wp\/v2\/media?parent=4575"}],"curies":[{"name":"wp","href":"https:\/\/api.w.org\/{rel}","templated":true}]}}