{"id":4404,"date":"2026-01-08T14:07:11","date_gmt":"2026-01-08T14:07:11","guid":{"rendered":"https:\/\/coinkickoff.com\/?page_id=4404"},"modified":"2026-01-08T14:07:11","modified_gmt":"2026-01-08T14:07:11","slug":"how-to-buy-litecoin-on-kucoin","status":"publish","type":"page","link":"https:\/\/coinkickoff.com\/sl\/how-to-buy-litecoin\/how-to-buy-litecoin-on-kucoin\/","title":{"rendered":"Kako kupiti Litecoin na Kucoin"},"content":{"rendered":"<div id=\"ez-toc-container\" class=\"ez-toc-v2_0_80 counter-hierarchy ez-toc-counter ez-toc-transparent ez-toc-container-direction\">\n<div class=\"ez-toc-title-container\">\n<p class=\"ez-toc-title\" style=\"cursor:inherit\">Oddelki<\/p>\n<span class=\"ez-toc-title-toggle\"><a href=\"#\" class=\"ez-toc-pull-right ez-toc-btn ez-toc-btn-xs ez-toc-btn-default ez-toc-toggle\" aria-label=\"Toggle Tabela vsebine\"><span class=\"ez-toc-js-icon-con\"><span class=\"\"><span class=\"eztoc-hide\" style=\"display:none;\">Toggle<\/span><span class=\"ez-toc-icon-toggle-span\"><svg style=\"fill: #999;color:#999\" xmlns=\"http:\/\/www.w3.org\/2000\/svg\" class=\"list-377408\" width=\"20px\" height=\"20px\" viewbox=\"0 0 24 24\" fill=\"none\"><path d=\"M6 6H4v2h2V6zm14 0H8v2h12V6zM4 11h2v2H4v-2zm16 0H8v2h12v-2zM4 16h2v2H4v-2zm16 0H8v2h12v-2z\" fill=\"currentColor\"><\/path><\/svg><svg style=\"fill: #999;color:#999\" class=\"arrow-unsorted-368013\" xmlns=\"http:\/\/www.w3.org\/2000\/svg\" width=\"10px\" height=\"10px\" viewbox=\"0 0 24 24\" version=\"1.2\" baseprofile=\"tiny\"><path d=\"M18.2 9.3l-6.2-6.3-6.2 6.3c-.2.2-.3.4-.3.7s.1.5.3.7c.2.2.4.3.7.3h11c.3 0 .5-.1.7-.3.2-.2.3-.5.3-.7s-.1-.5-.3-.7zM5.8 14.7l6.2 6.3 6.2-6.3c.2-.2.3-.5.3-.7s-.1-.5-.3-.7c-.2-.2-.4-.3-.7-.3h-11c-.3 0-.5.1-.7.3-.2.2-.3.5-.3.7s.1.5.3.7z\"\/><\/svg><\/span><\/span><\/span><\/a><\/span><\/div>\n<nav><ul class='ez-toc-list ez-toc-list-level-1 eztoc-toggle-hide-by-default' ><li class='ez-toc-page-1 ez-toc-heading-level-2'><a class=\"ez-toc-link ez-toc-heading-1\" href=\"https:\/\/coinkickoff.com\/sl\/how-to-buy-litecoin\/how-to-buy-litecoin-on-kucoin\/#How_to_Buy_Litecoin_on_Kucoin\" >Kako kupiti Litecoin na Kucoin<\/a><\/li><li class='ez-toc-page-1 ez-toc-heading-level-2'><a class=\"ez-toc-link ez-toc-heading-2\" href=\"https:\/\/coinkickoff.com\/sl\/how-to-buy-litecoin\/how-to-buy-litecoin-on-kucoin\/#A_Step-By-Step_Guide_on_How_to_Buy_Litecoin_on_Kucoin\" >Vodnik po korakih, kako kupiti Litecoin na Kucoin<\/a><ul class='ez-toc-list-level-3' ><li class='ez-toc-heading-level-3'><a class=\"ez-toc-link ez-toc-heading-3\" href=\"https:\/\/coinkickoff.com\/sl\/how-to-buy-litecoin\/how-to-buy-litecoin-on-kucoin\/#1_Register_an_Account\" >1. Registracija ra\u010duna<\/a><\/li><li class='ez-toc-page-1 ez-toc-heading-level-3'><a class=\"ez-toc-link ez-toc-heading-4\" href=\"https:\/\/coinkickoff.com\/sl\/how-to-buy-litecoin\/how-to-buy-litecoin-on-kucoin\/#2_Verify_Your_Account\" >2. Potrdite svoj ra\u010dun<\/a><\/li><li class='ez-toc-page-1 ez-toc-heading-level-3'><a class=\"ez-toc-link ez-toc-heading-5\" href=\"https:\/\/coinkickoff.com\/sl\/how-to-buy-litecoin\/how-to-buy-litecoin-on-kucoin\/#3_Deposit_Crypto\" >3. Depozit kriptovalute<\/a><\/li><li class='ez-toc-page-1 ez-toc-heading-level-3'><a class=\"ez-toc-link ez-toc-heading-6\" href=\"https:\/\/coinkickoff.com\/sl\/how-to-buy-litecoin\/how-to-buy-litecoin-on-kucoin\/#4_Navigate_to_the_Relevant_Screen_to_Buy\" >4. Premaknite se na ustrezno okno za nakup<\/a><ul class='ez-toc-list-level-4' ><li class='ez-toc-heading-level-4'><a class=\"ez-toc-link ez-toc-heading-7\" href=\"https:\/\/coinkickoff.com\/sl\/how-to-buy-litecoin\/how-to-buy-litecoin-on-kucoin\/#Fast_Trade\" >Hitra trgovina<\/a><\/li><li class='ez-toc-page-1 ez-toc-heading-level-4'><a class=\"ez-toc-link ez-toc-heading-8\" href=\"https:\/\/coinkickoff.com\/sl\/how-to-buy-litecoin\/how-to-buy-litecoin-on-kucoin\/#Third-Party\" >Tretja stran<\/a><\/li><li class='ez-toc-page-1 ez-toc-heading-level-4'><a class=\"ez-toc-link ez-toc-heading-9\" href=\"https:\/\/coinkickoff.com\/sl\/how-to-buy-litecoin\/how-to-buy-litecoin-on-kucoin\/#How_to_Buy_Litecoin_with_Crypto\" >Kako kupiti Litecoin s kriptovalutami<\/a><\/li><\/ul><\/li><\/ul><\/li><\/ul><\/nav><\/div>\n<h2><span class=\"ez-toc-section\" id=\"How_to_Buy_Litecoin_on_Kucoin\"><\/span><span style=\"font-weight: 400;\">Kako kupiti Litecoin na Kucoin<\/span><span class=\"ez-toc-section-end\"><\/span><\/h2>\n<p><span style=\"font-weight: 400;\">\u010ce potrebujete navodila za nakup <a href=\"https:\/\/coinkickoff.com\/sl\/litecoin-ltc\/\" data-internallinksmanager029f6b8e52c=\"21\" title=\"Kaj je Litecoin (LTC)? Cena, zgodovina in kje kupiti\">Litecoin<\/a> na spletni strani . <a href=\"https:\/\/coinkickoff.com\/sl\/kucoin-review\/\" data-internallinksmanager029f6b8e52c=\"153\" title=\"KuCoin Mnenja 2023: Pristojbine, varnost, prednosti in slabosti\">Kucoin<\/a>, ste na pravem mestu! Oglejmo si, kako v nekaj preprostih korakih kupiti LTC na Kucoin.<\/span><\/p>\n<h2><span class=\"ez-toc-section\" id=\"A_Step-By-Step_Guide_on_How_to_Buy_Litecoin_on_Kucoin\"><\/span><span style=\"font-weight: 400;\">Vodnik po korakih, kako kupiti Litecoin na Kucoin<\/span><span class=\"ez-toc-section-end\"><\/span><\/h2>\n<h3><span class=\"ez-toc-section\" id=\"1_Register_an_Account\"><\/span><span style=\"font-weight: 400;\">1. Registracija ra\u010duna<\/span><span class=\"ez-toc-section-end\"><\/span><\/h3>\n<p><img loading=\"lazy\" decoding=\"async\" class=\"alignnone wp-image-3269 size-full\" src=\"https:\/\/coinkickoff.com\/wp-content\/uploads\/kucoin-register.png\" alt=\"kupiti doge na kucoin register\" width=\"1421\" height=\"788\" srcset=\"https:\/\/coinkickoff.com\/wp-content\/uploads\/kucoin-register.png 1421w, https:\/\/coinkickoff.com\/wp-content\/uploads\/kucoin-register-300x166.png 300w, https:\/\/coinkickoff.com\/wp-content\/uploads\/kucoin-register-1024x568.png 1024w, https:\/\/coinkickoff.com\/wp-content\/uploads\/kucoin-register-768x426.png 768w, https:\/\/coinkickoff.com\/wp-content\/uploads\/kucoin-register-18x10.png 18w\" sizes=\"auto, (max-width: 1421px) 100vw, 1421px\" \/><\/p>\n<p><span style=\"font-weight: 400;\">Pojdite na <\/span><a href=\"https:\/\/www.kucoin.com\/r\/af\/rMJPV3B\" target=\"_blank\" rel=\"noopener\"><span style=\"font-weight: 400;\">Kucoin<\/span><\/a><span style=\"font-weight: 400;\"> na spletnem mestu in se prijavite s svojo e-po\u0161to ali telefonsko \u0161tevilko.\u00a0<\/span><\/p>\n<h3><span class=\"ez-toc-section\" id=\"2_Verify_Your_Account\"><\/span><span style=\"font-weight: 400;\">2. Potrdite svoj ra\u010dun<\/span><span class=\"ez-toc-section-end\"><\/span><\/h3>\n<p><span style=\"font-weight: 400;\">\u010ce imate digitalno premo\u017eenje, ki ga lahko zamenjate za Litecoin, vam ni treba preveriti svoje identitete. V naslednjem koraku si lahko ogledate, kako vpla\u010dati kripto\u017eetone za Kucoin.<\/span><\/p>\n<p><span style=\"font-weight: 400;\">\u010ce \u0161e nimate digitalnih sredstev, brez skrbi! Preverjanje identitete je zelo preprosto in ga lahko opravite v nekaj minutah.<\/span><\/p>\n<p><span style=\"font-weight: 400;\">Svoje uporabni\u0161ko ime boste videli na zgornji desni strani strani. To vas bo pripeljalo do va\u0161ega uporabni\u0161kega profila.<\/span><\/p>\n<p><span style=\"font-weight: 400;\">V svojem profilu odprite zavihek \"Preverjanje identitete\" in v razdelku \"Napredne funkcije\" kliknite \"Preveri\".<\/span><\/p>\n<p><img loading=\"lazy\" decoding=\"async\" class=\"alignnone wp-image-3272 size-full\" src=\"https:\/\/coinkickoff.com\/wp-content\/uploads\/kucoin-identity-verification.png\" alt=\"kucoin preverjanje identitete 1\" width=\"1420\" height=\"785\" srcset=\"https:\/\/coinkickoff.com\/wp-content\/uploads\/kucoin-identity-verification.png 1420w, https:\/\/coinkickoff.com\/wp-content\/uploads\/kucoin-identity-verification-300x166.png 300w, https:\/\/coinkickoff.com\/wp-content\/uploads\/kucoin-identity-verification-1024x566.png 1024w, https:\/\/coinkickoff.com\/wp-content\/uploads\/kucoin-identity-verification-768x425.png 768w, https:\/\/coinkickoff.com\/wp-content\/uploads\/kucoin-identity-verification-18x10.png 18w\" sizes=\"auto, (max-width: 1420px) 100vw, 1420px\" \/><\/p>\n<p><span style=\"font-weight: 400;\">Z zaklju\u010denim naprednim preverjanjem lahko na Kucoin nalagate in dvigujete fiat denar. Prav tako bo znatno pove\u010dala va\u0161e omejitve za trgovanje in izpla\u010dilo.<\/span><\/p>\n<p><span style=\"font-weight: 400;\">Sistem preverjanja je preprost - preprosto izpolnite vpra\u0161alnik z osebnimi podatki, nalo\u017eite osebni dokument, izdan s strani vlade, za preverjanje va\u0161ih podatkov in dokon\u010dajte preverjanje obraza.<\/span><\/p>\n<p><img loading=\"lazy\" decoding=\"async\" class=\"alignnone wp-image-3270 size-full\" src=\"https:\/\/coinkickoff.com\/wp-content\/uploads\/kucoin-id-verification-2.png\" alt=\"kucoin preverjanje identitete 2\" width=\"1407\" height=\"706\" srcset=\"https:\/\/coinkickoff.com\/wp-content\/uploads\/kucoin-id-verification-2.png 1407w, https:\/\/coinkickoff.com\/wp-content\/uploads\/kucoin-id-verification-2-300x151.png 300w, https:\/\/coinkickoff.com\/wp-content\/uploads\/kucoin-id-verification-2-1024x514.png 1024w, https:\/\/coinkickoff.com\/wp-content\/uploads\/kucoin-id-verification-2-768x385.png 768w, https:\/\/coinkickoff.com\/wp-content\/uploads\/kucoin-id-verification-2-18x9.png 18w\" sizes=\"auto, (max-width: 1407px) 100vw, 1407px\" \/><\/p>\n<p><span style=\"font-weight: 400;\">Svojo identiteto lahko potrdite z osebno izkaznico, vozni\u0161kim dovoljenjem ali stranjo potnega lista. Pripravite osebni dokument in kliknite \"Agree and Continue\" (Strinjam se in nadaljujem).<\/span><\/p>\n<p><img loading=\"lazy\" decoding=\"async\" class=\"alignnone wp-image-3271 size-full\" src=\"https:\/\/coinkickoff.com\/wp-content\/uploads\/kucoin-id-verification-3.png\" alt=\"kucoin preverjanje identitete 3 \" width=\"1412\" height=\"789\" srcset=\"https:\/\/coinkickoff.com\/wp-content\/uploads\/kucoin-id-verification-3.png 1412w, https:\/\/coinkickoff.com\/wp-content\/uploads\/kucoin-id-verification-3-300x168.png 300w, https:\/\/coinkickoff.com\/wp-content\/uploads\/kucoin-id-verification-3-1024x572.png 1024w, https:\/\/coinkickoff.com\/wp-content\/uploads\/kucoin-id-verification-3-768x429.png 768w, https:\/\/coinkickoff.com\/wp-content\/uploads\/kucoin-id-verification-3-18x10.png 18w\" sizes=\"auto, (max-width: 1412px) 100vw, 1412px\" \/><\/p>\n<p><span style=\"font-weight: 400;\">Vnesite svoje podatke in kliknite \"Naprej\". Sledite navodilom na zaslonu in dokon\u010dajte preverjanje identitete.<\/span><\/p>\n<h3><span class=\"ez-toc-section\" id=\"3_Deposit_Crypto\"><\/span><span style=\"font-weight: 400;\">3. Depozit kriptovalute<\/span><span class=\"ez-toc-section-end\"><\/span><\/h3>\n<p><span style=\"font-weight: 400;\">\u010ce imate digitalna sredstva v zunanji denarnici, jih lahko prenesete v Kucoin in jih na promptnem trgu zamenjate za LTC. \u010ce to za vas ne pride v po\u0161tev, nadaljujte z naslednjim korakom in si oglejte, kako kupiti Litecoin s fiat denarjem.<\/span><\/p>\n<p><span style=\"font-weight: 400;\">Kliknite meni \"Assets\" (Sredstva) na zgornji desni strani spletne strani.<\/span><\/p>\n<p><img loading=\"lazy\" decoding=\"async\" class=\"alignnone wp-image-3273 size-full\" src=\"https:\/\/coinkickoff.com\/wp-content\/uploads\/kucoin-deposit.png\" alt=\"kucoin depozitna sredstva 1\" width=\"1427\" height=\"758\" srcset=\"https:\/\/coinkickoff.com\/wp-content\/uploads\/kucoin-deposit.png 1427w, https:\/\/coinkickoff.com\/wp-content\/uploads\/kucoin-deposit-300x159.png 300w, https:\/\/coinkickoff.com\/wp-content\/uploads\/kucoin-deposit-1024x544.png 1024w, https:\/\/coinkickoff.com\/wp-content\/uploads\/kucoin-deposit-768x408.png 768w, https:\/\/coinkickoff.com\/wp-content\/uploads\/kucoin-deposit-18x10.png 18w\" sizes=\"auto, (max-width: 1427px) 100vw, 1427px\" \/><\/p>\n<p><span style=\"font-weight: 400;\">Tu si lahko ogledate vsa svoja stanja. Kliknite gumb \"Depozit\" in izberite digitalno valuto, ki jo \u017eelite prenesti na Kucoin.<\/span><\/p>\n<p><span style=\"font-weight: 400;\">\u010ce ste na primer dali <a href=\"https:\/\/coinkickoff.com\/sl\/tether-usdt\/\" data-internallinksmanager029f6b8e52c=\"3\" title=\"Kaj je Tether (USDT)? Kako deluje in kje ga kupiti?\">USDT<\/a>kliknite na USDT in dobili boste kodo QR. Ta koda QR predstavlja va\u0161 naslov USDT na Kucoin. Kadar \u017eelite prenesti USDT na Kucoin, uporabite to kodo QR kot naslov za izpla\u010dilo.<\/span><\/p>\n<p><span style=\"font-weight: 400;\">Nikoli ne uporabljajte naslova denarnice USDT za prenos drugih kriptovalut. Vsak naslov denarnice je specifi\u010den za dolo\u010deno valuto: BTC lahko prenesete le na <a href=\"https:\/\/coinkickoff.com\/sl\/bitcoin-btc\/\" data-internallinksmanager029f6b8e52c=\"1\" title=\"Kaj je Bitcoin (BTC)? Cena, zgodovina in kje kupiti\">Bitcoin<\/a> naslov, ETH na <a href=\"https:\/\/coinkickoff.com\/sl\/ethereum-eth\/\" data-internallinksmanager029f6b8e52c=\"2\" title=\"Kaj je Ethereum (ETH)? Cena, zgodovina in kje kupiti\">Ethereum<\/a> naslov, <a href=\"https:\/\/coinkickoff.com\/sl\/polkadot-dot\/\" data-internallinksmanager029f6b8e52c=\"12\" title=\"Kaj je Polkadot (DOT)? Kako deluje in kje ga kupiti?\">Polkadot<\/a> na naslov DOT in tako naprej.<\/span><\/p>\n<h3><span class=\"ez-toc-section\" id=\"4_Navigate_to_the_Relevant_Screen_to_Buy\"><\/span><span style=\"font-weight: 400;\">4. Premaknite se na ustrezno okno za nakup<\/span><span class=\"ez-toc-section-end\"><\/span><\/h3>\n<p><span style=\"font-weight: 400;\">Na doma\u010di strani kliknite meni \"Buy Crypto\". Videli boste ve\u010d mo\u017enosti, kot so \"Hitra trgovina\", \"P2P\" in \"Tretja oseba\".<\/span><\/p>\n<p><span style=\"font-weight: 400;\">Litecoin ne morete kupiti s transakcijami P2P, vendar sta druga dva popolnoma izvedljiva in precej enostavna za uporabo.<\/span><\/p>\n<p><img loading=\"lazy\" decoding=\"async\" class=\"alignnone wp-image-3274 size-full\" src=\"https:\/\/coinkickoff.com\/wp-content\/uploads\/kucoin-buy-crypto.png\" alt=\"kucoin nakup zaslona\" width=\"1418\" height=\"692\" srcset=\"https:\/\/coinkickoff.com\/wp-content\/uploads\/kucoin-buy-crypto.png 1418w, https:\/\/coinkickoff.com\/wp-content\/uploads\/kucoin-buy-crypto-300x146.png 300w, https:\/\/coinkickoff.com\/wp-content\/uploads\/kucoin-buy-crypto-1024x500.png 1024w, https:\/\/coinkickoff.com\/wp-content\/uploads\/kucoin-buy-crypto-768x375.png 768w, https:\/\/coinkickoff.com\/wp-content\/uploads\/kucoin-buy-crypto-18x9.png 18w\" sizes=\"auto, (max-width: 1418px) 100vw, 1418px\" \/><\/p>\n<p><span style=\"font-weight: 400;\">Glavna razlika med hitrim trgovanjem in transakcijo s tretjo osebo je na\u010din pla\u010dila. Pri hitrem trgovanju lahko za nakup Litecoin uporabite svojo kreditno kartico, pri transakcijah s tretjimi osebami pa lahko uporabite pla\u010dilne procesorje, kot sta Simplex in Banxa.<\/span><\/p>\n<h4><span class=\"ez-toc-section\" id=\"Fast_Trade\"><\/span><span style=\"font-weight: 400;\">Hitra trgovina<\/span><span class=\"ez-toc-section-end\"><\/span><\/h4>\n<p><span style=\"font-weight: 400;\">V stolpec \"\u017delim porabiti\" vnesite znesek, ki ga \u017eelite vlo\u017eiti.<\/span><\/p>\n<h4><img loading=\"lazy\" decoding=\"async\" class=\"alignnone wp-image-3275 size-full\" style=\"font-family: Muli, sans-serif;\" src=\"https:\/\/coinkickoff.com\/wp-content\/uploads\/kucoin-buy-crypto-one-click.png\" alt=\"kucoin nakup z enim klikom\" width=\"1421\" height=\"770\" srcset=\"https:\/\/coinkickoff.com\/wp-content\/uploads\/kucoin-buy-crypto-one-click.png 1421w, https:\/\/coinkickoff.com\/wp-content\/uploads\/kucoin-buy-crypto-one-click-300x163.png 300w, https:\/\/coinkickoff.com\/wp-content\/uploads\/kucoin-buy-crypto-one-click-1024x555.png 1024w, https:\/\/coinkickoff.com\/wp-content\/uploads\/kucoin-buy-crypto-one-click-768x416.png 768w, https:\/\/coinkickoff.com\/wp-content\/uploads\/kucoin-buy-crypto-one-click-18x10.png 18w\" sizes=\"auto, (max-width: 1421px) 100vw, 1421px\" \/><\/h4>\n<p><span style=\"font-weight: 400;\">V stolpcu \"Receive\" nastavite vrednost Litecoin.<\/span><\/p>\n<p><img loading=\"lazy\" decoding=\"async\" class=\"alignnone wp-image-3276 size-full\" src=\"https:\/\/coinkickoff.com\/wp-content\/uploads\/kucoin-select-paymnet-method.png\" alt=\"kako kupiti Polygon na Kucoin\" width=\"1424\" height=\"794\" srcset=\"https:\/\/coinkickoff.com\/wp-content\/uploads\/kucoin-select-paymnet-method.png 1424w, https:\/\/coinkickoff.com\/wp-content\/uploads\/kucoin-select-paymnet-method-300x167.png 300w, https:\/\/coinkickoff.com\/wp-content\/uploads\/kucoin-select-paymnet-method-1024x571.png 1024w, https:\/\/coinkickoff.com\/wp-content\/uploads\/kucoin-select-paymnet-method-768x428.png 768w, https:\/\/coinkickoff.com\/wp-content\/uploads\/kucoin-select-paymnet-method-18x10.png 18w\" sizes=\"auto, (max-width: 1424px) 100vw, 1424px\" \/><\/p>\n<p><span style=\"font-weight: 400;\">Na koncu dodajte na\u010din pla\u010dila. Kot lahko vidite, lahko v svoj ra\u010dun Kucoin dodate debetno ali kreditno kartico. Ko dodate kartico, jo lahko uporabite za naslednje nakupe.<\/span><\/p>\n<p><span style=\"font-weight: 400;\">Vnesite podatke o kartici in pritisnite \"Kupi LTC\". Prikazan bo predogled podrobnosti naro\u010dila, vklju\u010dno z vsemi pristojbinami, ki veljajo. \u010ce je videti dobro, kliknite \"Potrdi\". Va\u0161 nakup bo takoj zaklju\u010den.<\/span><\/p>\n<p><span style=\"font-weight: 400;\">Kaj pa, \u010de ne morete uporabiti svoje debetne\/kreditne kartice za nakup Litecoin prek hitre trgovine? To se lahko zgodi zaradi ve\u010d razlogov, vklju\u010dno z omejitvami, ki jih je uvedla va\u0161a banka, in\/ali neuspeha hitre trgovine.<\/span><\/p>\n<p><span style=\"font-weight: 400;\">Morda pa vam je neprijetno, \u010de podatke o svoji kartici pustite na portalu Kucoin. V tem primeru se lahko odlo\u010dite za nakup s strani tretje osebe.<\/span><\/p>\n<h4><span class=\"ez-toc-section\" id=\"Third-Party\"><\/span><span style=\"font-weight: 400;\">Tretja stran<\/span><span class=\"ez-toc-section-end\"><\/span><\/h4>\n<p><span style=\"font-weight: 400;\">Nakup tretje osebe vam omogo\u010da, da nakup pla\u010date prek neodvisnih pla\u010dilnih kanalov. Ti pla\u010dilni kanali vam prodajo kriptovalute po lastnih te\u010dajih, ki so obi\u010dajno vi\u0161ji v primerjavi s te\u010daji na promptnem trgu, vendar enaki cenam hitrega trgovanja.<\/span><\/p>\n<p><img loading=\"lazy\" decoding=\"async\" class=\"alignnone wp-image-3278 size-full\" src=\"https:\/\/coinkickoff.com\/wp-content\/uploads\/kucoin-screenshot.png\" alt=\"Kako kupiti Cardano na Kucoin kako kupiti polkadot na kucoin kako kupiti Litecoin na Kucoin\" width=\"1436\" height=\"673\" srcset=\"https:\/\/coinkickoff.com\/wp-content\/uploads\/kucoin-screenshot.png 1436w, https:\/\/coinkickoff.com\/wp-content\/uploads\/kucoin-screenshot-300x141.png 300w, https:\/\/coinkickoff.com\/wp-content\/uploads\/kucoin-screenshot-1024x480.png 1024w, https:\/\/coinkickoff.com\/wp-content\/uploads\/kucoin-screenshot-768x360.png 768w, https:\/\/coinkickoff.com\/wp-content\/uploads\/kucoin-screenshot-18x8.png 18w\" sizes=\"auto, (max-width: 1436px) 100vw, 1436px\" \/><\/p>\n<p><span style=\"font-weight: 400;\">Nakup tretje osebe je zelo enostaven: vnesite znesek, ki ga \u017eelite porabiti, in izberite Litecoin kot valuto, ki jo \u017eelite prejeti.<\/span><\/p>\n<p><span style=\"font-weight: 400;\">Izberite na\u010din pla\u010dila in obdelovalca pla\u010dila. Za nadaljevanje kliknite \"Potrdi\".<\/span><\/p>\n<p><span style=\"font-weight: 400;\">Na tej to\u010dki boste zapustili spletno mesto Kucoin in se odpravili na spletno mesto obdelovalca pla\u010dil. \u010ce \u017ee imate ra\u010dun, lahko transakcijo opravite takoj. \u010ce ra\u010duna nimate, ga lahko hitro vzpostavite in dokon\u010date transakcijo.\u00a0<\/span><\/p>\n<h4><span class=\"ez-toc-section\" id=\"How_to_Buy_Litecoin_with_Crypto\"><\/span><span style=\"font-weight: 400;\">Kako kupiti Litecoin s kriptovalutami<\/span><span class=\"ez-toc-section-end\"><\/span><\/h4>\n<p><span style=\"font-weight: 400;\">Nazadnje lahko Litecoin na promptnem trgu Kucoin kupite s kriptovalutami.\u00a0<\/span><\/p>\n<p><span style=\"font-weight: 400;\">Na nadzorni plo\u0161\u010di izberite meni \"Trgovanje\" in kliknite mo\u017enost Spot trgovanje.\" Na strani boste videli ve\u010d parov, na primer BTC\/USDT, ETH\/USDT, <a href=\"https:\/\/coinkickoff.com\/sl\/dogecoin-doge\/\" data-internallinksmanager029f6b8e52c=\"14\" title=\"Kaj je Dogecoin (DOGE)? Kako deluje in kje ga kupiti?\">DOGE<\/a>\/USDT in tako naprej.\u00a0<\/span><\/p>\n<p><span style=\"font-weight: 400;\">Velik del vseh poslov s kriptovalutami je denominiran v USDT, zato lahko ve\u010dino coins kupite in prodate za USDT, vklju\u010dno z Litecoin.\u00a0<\/span><\/p>\n<p><span style=\"font-weight: 400;\">\u010ce imate na primer Polkadot, ga morda ne boste mogli neposredno zamenjati za Litecoin, lahko pa ga zamenjate za USDT in nato z USDT kupite LTC.<\/span><\/p>\n<p><span style=\"font-weight: 400;\">Najprej izberite trgovalni par, ki ga \u017eelite zamenjati (na primer LTC\/USDT). Nato izpolnite obrazec za naro\u010dilo in prilagodite znesek USDT, ki ga \u017eelite porabiti za LTC.<\/span><\/p>\n<p><span style=\"font-weight: 400;\">Kucoin vam omogo\u010da dajanje naro\u010dil \"Market\" in \"Limit\". Za za\u010detnike predlagamo, da izberejo tr\u017eno naro\u010dilo. \u010ce \u017eelite raziskati druge mo\u017enosti, si preberite ve\u010d o <\/span><a href=\"https:\/\/www.kucoin.com\/support\/900006714063\" target=\"_blank\" rel=\"noopener\"><span style=\"font-weight: 400;\">razli\u010dne vrste naro\u010dil<\/span><\/a><span style=\"font-weight: 400;\"> pred nadaljevanjem<\/span><\/p>\n<p><span style=\"font-weight: 400;\">Ko kon\u010date, kliknite \"Kupi\".<\/span><\/p>\n<p><span style=\"font-weight: 400;\">Zdaj poznate tri razli\u010dne na\u010dine za nakup Litecoin na Kucoin! \u010ce vam je bilo v\u0161e\u010d na\u0161e \"<\/span><i><span style=\"font-weight: 400;\">Kako kupiti Litecoin na Kucoin\"<\/span><\/i><span style=\"font-weight: 400;\"> vodnik, morda vam je v\u0161e\u010d tudi na\u0161 <\/span><a href=\"https:\/\/coinkickoff.com\/sl\/crypto-exchanges\/\"><span style=\"font-weight: 400;\">izmenjava mnenj<\/span><\/a><span style=\"font-weight: 400;\"> in . <a href=\"https:\/\/coinkickoff.com\/sl\/how-to-buy-bitcoin\/\">drugi vodniki<\/a>.<\/span><\/p>","protected":false},"excerpt":{"rendered":"<p>Kako kupiti Litecoin na Kucoin \u010ce potrebujete navodila za nakup Litecoin na Kucoin, ste na pravem mestu! Oglejmo si, kako v nekaj preprostih korakih kupiti LTC na Kucoin. Vodnik po korakih, kako kupiti Litecoin na Kucoin 1. Registracija ra\u010duna Pojdite na Kucoin [...]<\/p>","protected":false},"author":3,"featured_media":0,"parent":4392,"menu_order":0,"comment_status":"closed","ping_status":"closed","template":"","meta":{"_genesis_hide_title":false,"_genesis_hide_breadcrumbs":false,"_genesis_hide_singular_image":false,"_genesis_hide_footer_widgets":false,"_genesis_custom_body_class":"","_genesis_custom_post_class":"","_genesis_layout":"","_glsr_average":0,"_glsr_ranking":0,"_glsr_reviews":0,"footnotes":""},"class_list":{"0":"post-4404","1":"page","2":"type-page","3":"status-publish","5":"entry"},"featured_image_src":null,"featured_image_src_square":null,"_links":{"self":[{"href":"https:\/\/coinkickoff.com\/sl\/wp-json\/wp\/v2\/pages\/4404","targetHints":{"allow":["GET"]}}],"collection":[{"href":"https:\/\/coinkickoff.com\/sl\/wp-json\/wp\/v2\/pages"}],"about":[{"href":"https:\/\/coinkickoff.com\/sl\/wp-json\/wp\/v2\/types\/page"}],"author":[{"embeddable":true,"href":"https:\/\/coinkickoff.com\/sl\/wp-json\/wp\/v2\/users\/3"}],"replies":[{"embeddable":true,"href":"https:\/\/coinkickoff.com\/sl\/wp-json\/wp\/v2\/comments?post=4404"}],"version-history":[{"count":2,"href":"https:\/\/coinkickoff.com\/sl\/wp-json\/wp\/v2\/pages\/4404\/revisions"}],"predecessor-version":[{"id":4406,"href":"https:\/\/coinkickoff.com\/sl\/wp-json\/wp\/v2\/pages\/4404\/revisions\/4406"}],"up":[{"embeddable":true,"href":"https:\/\/coinkickoff.com\/sl\/wp-json\/wp\/v2\/pages\/4392"}],"wp:attachment":[{"href":"https:\/\/coinkickoff.com\/sl\/wp-json\/wp\/v2\/media?parent=4404"}],"curies":[{"name":"wp","href":"https:\/\/api.w.org\/{rel}","templated":true}]}}