{"id":4172,"date":"2026-01-08T14:07:22","date_gmt":"2026-01-08T14:07:22","guid":{"rendered":"https:\/\/coinkickoff.com\/?page_id=4172"},"modified":"2026-01-08T14:07:22","modified_gmt":"2026-01-08T14:07:22","slug":"__trashed","status":"publish","type":"page","link":"https:\/\/coinkickoff.com\/sl\/how-to-buy-ethereum\/__trashed\/","title":{"rendered":"Kako kupiti Ethereum na Bitfinexu"},"content":{"rendered":"<div id=\"ez-toc-container\" class=\"ez-toc-v2_0_80 counter-hierarchy ez-toc-counter ez-toc-transparent ez-toc-container-direction\">\n<div class=\"ez-toc-title-container\">\n<p class=\"ez-toc-title\" style=\"cursor:inherit\">Oddelki<\/p>\n<span class=\"ez-toc-title-toggle\"><a href=\"#\" class=\"ez-toc-pull-right ez-toc-btn ez-toc-btn-xs ez-toc-btn-default ez-toc-toggle\" aria-label=\"Toggle Tabela vsebine\"><span class=\"ez-toc-js-icon-con\"><span class=\"\"><span class=\"eztoc-hide\" style=\"display:none;\">Toggle<\/span><span class=\"ez-toc-icon-toggle-span\"><svg style=\"fill: #999;color:#999\" xmlns=\"http:\/\/www.w3.org\/2000\/svg\" class=\"list-377408\" width=\"20px\" height=\"20px\" viewbox=\"0 0 24 24\" fill=\"none\"><path d=\"M6 6H4v2h2V6zm14 0H8v2h12V6zM4 11h2v2H4v-2zm16 0H8v2h12v-2zM4 16h2v2H4v-2zm16 0H8v2h12v-2z\" fill=\"currentColor\"><\/path><\/svg><svg style=\"fill: #999;color:#999\" class=\"arrow-unsorted-368013\" xmlns=\"http:\/\/www.w3.org\/2000\/svg\" width=\"10px\" height=\"10px\" viewbox=\"0 0 24 24\" version=\"1.2\" baseprofile=\"tiny\"><path d=\"M18.2 9.3l-6.2-6.3-6.2 6.3c-.2.2-.3.4-.3.7s.1.5.3.7c.2.2.4.3.7.3h11c.3 0 .5-.1.7-.3.2-.2.3-.5.3-.7s-.1-.5-.3-.7zM5.8 14.7l6.2 6.3 6.2-6.3c.2-.2.3-.5.3-.7s-.1-.5-.3-.7c-.2-.2-.4-.3-.7-.3h-11c-.3 0-.5.1-.7.3-.2.2-.3.5-.3.7s.1.5.3.7z\"\/><\/svg><\/span><\/span><\/span><\/a><\/span><\/div>\n<nav><ul class='ez-toc-list ez-toc-list-level-1 eztoc-toggle-hide-by-default' ><li class='ez-toc-page-1 ez-toc-heading-level-1'><a class=\"ez-toc-link ez-toc-heading-1\" href=\"https:\/\/coinkickoff.com\/sl\/how-to-buy-ethereum\/__trashed\/#How_to_Buy_Ethereum_on_Bitfinex\" >Kako kupiti Ethereum na Bitfinexu<\/a><ul class='ez-toc-list-level-2' ><li class='ez-toc-heading-level-2'><a class=\"ez-toc-link ez-toc-heading-2\" href=\"https:\/\/coinkickoff.com\/sl\/how-to-buy-ethereum\/__trashed\/#A_Step-By-Step_Guide_on_How_to_Buy_Ethereum_on_Bitfinex\" >Vodnik po korakih, kako kupiti Ethereum na Bitfinexu<\/a><ul class='ez-toc-list-level-3' ><li class='ez-toc-heading-level-3'><a class=\"ez-toc-link ez-toc-heading-3\" href=\"https:\/\/coinkickoff.com\/sl\/how-to-buy-ethereum\/__trashed\/#1_Register_an_Account_on_Bitfinex\" >1. Registracija ra\u010duna na Bitfinexu<\/a><\/li><li class='ez-toc-page-1 ez-toc-heading-level-3'><a class=\"ez-toc-link ez-toc-heading-4\" href=\"https:\/\/coinkickoff.com\/sl\/how-to-buy-ethereum\/__trashed\/#2_Get_Verified_on_Bitfinex\" >2. Pridobite preverjanje na Bitfinexu<\/a><\/li><li class='ez-toc-page-1 ez-toc-heading-level-3'><a class=\"ez-toc-link ez-toc-heading-5\" href=\"https:\/\/coinkickoff.com\/sl\/how-to-buy-ethereum\/__trashed\/#3_Deposit_FundsCrypto\" >3. Depozitna sredstva\/kripto<\/a><\/li><li class='ez-toc-page-1 ez-toc-heading-level-3'><a class=\"ez-toc-link ez-toc-heading-6\" href=\"https:\/\/coinkickoff.com\/sl\/how-to-buy-ethereum\/__trashed\/#4_Navigate_to_the_Relevant_Screen_to_Buy\" >4. Premaknite se na ustrezno okno za nakup<\/a><\/li><\/ul><\/li><\/ul><\/li><\/ul><\/nav><\/div>\n<h1><span class=\"ez-toc-section\" id=\"How_to_Buy_Ethereum_on_Bitfinex\"><\/span><span style=\"font-weight: 400;\">Kako kupiti Ethereum na Bitfinexu<\/span><span class=\"ez-toc-section-end\"><\/span><\/h1>\n<p><span style=\"font-weight: 400;\">Ali \u017eelite kupiti <a href=\"https:\/\/coinkickoff.com\/sl\/ethereum-eth\/\" data-internallinksmanager029f6b8e52c=\"2\" title=\"Kaj je Ethereum (ETH)? Cena, zgodovina in kje kupiti\">Ethereum<\/a> na spletni strani . <a href=\"https:\/\/coinkickoff.com\/sl\/bitfinex-review\/\">Bitfinex<\/a>? Za vas imamo pravi vodnik z navodili po korakih. Tukaj je, kako kupiti Ethereum na <a href=\"https:\/\/coinkickoff.com\/sl\/bitfinex-review\/\" data-internallinksmanager029f6b8e52c=\"151\" title=\"Bitfinex pregledi 2023: Pristojbine, funkcije, varnost, prednosti in slabosti\">Bitfinex<\/a>.<\/span><\/p>\n<h2><span class=\"ez-toc-section\" id=\"A_Step-By-Step_Guide_on_How_to_Buy_Ethereum_on_Bitfinex\"><\/span><span style=\"font-weight: 400;\">Vodnik po korakih, kako kupiti Ethereum na Bitfinexu<\/span><span class=\"ez-toc-section-end\"><\/span><\/h2>\n<h3><span class=\"ez-toc-section\" id=\"1_Register_an_Account_on_Bitfinex\"><\/span><span style=\"font-weight: 400;\">1. Registracija ra\u010duna na Bitfinexu<\/span><span class=\"ez-toc-section-end\"><\/span><\/h3>\n<p><span style=\"font-weight: 400;\">Za za\u010detek potrebujete <\/span><a href=\"https:\/\/www.bitfinex.com\/sign-up?refcode=kjCYk-CZD\" target=\"_blank\" rel=\"noopener\"><span style=\"font-weight: 400;\">Ra\u010dun Bitfinex.<\/span><\/a><\/p>\n<p><img loading=\"lazy\" decoding=\"async\" class=\"alignnone wp-image-3138 size-full\" src=\"https:\/\/coinkickoff.com\/wp-content\/uploads\/bitfinex-exchange.jpg\" alt=\"Bitfinex Exchange Kako kupiti Ethereum na Bitfinexu\" width=\"1876\" height=\"916\" srcset=\"https:\/\/coinkickoff.com\/wp-content\/uploads\/bitfinex-exchange.jpg 1876w, https:\/\/coinkickoff.com\/wp-content\/uploads\/bitfinex-exchange-300x146.jpg 300w, https:\/\/coinkickoff.com\/wp-content\/uploads\/bitfinex-exchange-1024x500.jpg 1024w, https:\/\/coinkickoff.com\/wp-content\/uploads\/bitfinex-exchange-768x375.jpg 768w, https:\/\/coinkickoff.com\/wp-content\/uploads\/bitfinex-exchange-1536x750.jpg 1536w, https:\/\/coinkickoff.com\/wp-content\/uploads\/bitfinex-exchange-18x9.jpg 18w\" sizes=\"auto, (max-width: 1876px) 100vw, 1876px\" \/><\/p>\n<p><span style=\"font-weight: 400;\">Ko se prijavite, omogo\u010dite dvostopenjsko preverjanje pristnosti, da zavarujete svoj ra\u010dun.<\/span><\/p>\n<p><span style=\"font-weight: 400;\">Po prvi prijavi lahko funkcijo 2FA izklopite, vendar je priporo\u010dljivo, da jo ohranite, saj boste tako za\u0161\u010ditili svoj ra\u010dun pred hekerji.<\/span><\/p>\n<p><span style=\"font-weight: 400;\">Omogo\u010danje dvostopenjskega preverjanja pristnosti je zelo preprosto: Izberite eno od ponujenih metod in pritisnite \u201cNastavitev\u201d.\u201d<\/span><\/p>\n<p><span style=\"font-weight: 400;\">Seveda za delovanje potrebujete aplikacijo Google Authenticator. Sledite navodilom na zaslonu in nadaljujte. Ko boste kon\u010dali, vam bo Bitfinex poslal e-po\u0161tno sporo\u010dilo, v katerem bo potrdil, da ste omogo\u010dili 2FA.<\/span><\/p>\n<h3><span class=\"ez-toc-section\" id=\"2_Get_Verified_on_Bitfinex\"><\/span><span style=\"font-weight: 400;\">2. Pridobite preverjanje na Bitfinexu<\/span><span class=\"ez-toc-section-end\"><\/span><\/h3>\n<p><span style=\"font-weight: 400;\">V naslednjem koraku preverite svoj osebni dokument v platformi. Kot ve\u010dina borz ima tudi Bitfinex standardni postopek preverjanja identitete. Za za\u010detek pojdite v svoj profil prek logotipa profila na nadzorni plo\u0161\u010di in izberite \u201cPreverjanje\u201d.\u201d<\/span><\/p>\n<p><span style=\"font-weight: 400;\">Za nakup digitalnega premo\u017eenja, kot je Ethereum, na borzi s fiat denarjem morate opraviti vsaj preverjanje na srednji ravni. Seveda, \u010de \u017eelite le trgovati s kriptovalutnimi pari, na primer trgovati <a href=\"https:\/\/coinkickoff.com\/sl\/bitcoin-btc\/\" data-internallinksmanager029f6b8e52c=\"1\" title=\"Kaj je Bitcoin (BTC)? Cena, zgodovina in kje kupiti\">Bitcoin<\/a> za Ethereum lahko ta korak presko\u010dite.<\/span><\/p>\n<p><span style=\"font-weight: 400;\">Z vmesnim preverjanjem lahko ETH kupite s kreditno kartico prek storitve Bitfinex Pay Merchants ali opravite gotovinsko nakazilo prek SEPA. Po zaklju\u010dku popolne verifikacije lahko opravite ban\u010dne depozite.<\/span><\/p>\n<p><span style=\"font-weight: 400;\">Za nadaljevanje pritisnite \u201cZa\u010dni preverjanje\u201d.<\/span><\/p>\n<p><span style=\"font-weight: 400;\">Vnesite ime dr\u017eave, v kateri prebivate, in si oglejte priporo\u010dene vrste osebnih izkaznic. Izberite ID, ki ga \u017eelite predlo\u017eiti, in pritisnite \u201cNadaljuj\u201d.\u201d<\/span><\/p>\n<p><span style=\"font-weight: 400;\">Za nadaljevanje boste potrebovali mobilno napravo: Uporabite kamero telefona za skeniranje kode in odprite stran za nalaganje. Nato lahko predlo\u017eite potrebne slike.<\/span><\/p>\n<h3><span class=\"ez-toc-section\" id=\"3_Deposit_FundsCrypto\"><\/span><span style=\"font-weight: 400;\">3. Depozitna sredstva\/kripto<\/span><span class=\"ez-toc-section-end\"><\/span><\/h3>\n<p><span style=\"font-weight: 400;\">Zdaj je \u010das za polog: \u010de imate digitalna sredstva, ki jih \u017eelite zamenjati za Ethereum na Bitfinexu, jih morate najprej prenesti na svoj ra\u010dun Bitfinex. Izberite \u201cDeposit\u201d (Depozit) in si oglejte seznam sredstev, ki jih lahko po\u0161ljete na platformo.<\/span><\/p>\n<p><span style=\"font-weight: 400;\">Ko izberete svoje premo\u017eenje, bo Bitfinex ustvaril naslov denarnice za po\u0161iljanje kriptovalute. Ko zaklju\u010dite nakazilo, se bo va\u0161e premo\u017eenje prikazalo v zavihku \u201cStanje\u201d.<\/span><\/p>\n<h3><span class=\"ez-toc-section\" id=\"4_Navigate_to_the_Relevant_Screen_to_Buy\"><\/span><span style=\"font-weight: 400;\">4. Premaknite se na ustrezno okno za nakup<\/span><span class=\"ez-toc-section-end\"><\/span><\/h3>\n<p><span style=\"font-weight: 400;\">Morda se vam zdi, da ste pripravljeni na nakup digitalnega premo\u017eenja, saj je va\u0161 depozit zaklju\u010den, vendar je pred tem potreben \u0161e en korak: Bitfinex va\u0161 depozit samodejno po\u0161lje v va\u0161o \u201cdenarnico za financiranje\u201d, mi pa jih \u017eelimo v na\u0161i \u201cdenarnici za izmenjavo\u201d.\u201d<\/span><\/p>\n<p><span style=\"font-weight: 400;\">Na sre\u010do je to preprost postopek: V zavihku \u201cStanje\u201d izberite sredstva, ki jih \u017eelite zamenjati, in kliknite \u201cPrenesi\u201d. Ko so sredstva v denarnici za izmenjavo, jih lahko zamenjate za etre.<\/span><\/p>\n<p><span style=\"font-weight: 400;\">Za za\u010detek obi\u0161\u010dite zavihek \u201cTrgovanje\u201d. \u010ce ste deponirali digitalno premo\u017eenje, \u017eelite poiskati trg Ethereum za to premo\u017eenje. \u010ce ste na primer <a href=\"https:\/\/coinkickoff.com\/sl\/tether-usdt\/\" data-internallinksmanager029f6b8e52c=\"3\" title=\"Kaj je Tether (USDT)? Kako deluje in kje ga kupiti?\">USDT<\/a>, poi\u0161\u010dite ETH\/USDT.\u00a0<\/span><\/p>\n<p><span style=\"font-weight: 400;\">Za fiat valuto poi\u0161\u010dite pare ETH\/USD ali ETH\/EUR. Ko najdete \u017eeleno parjenje, kliknite nanj, da se prika\u017ee vmesnik za trgovanje.\u00a0<\/span><\/p>\n<p><span style=\"font-weight: 400;\">Preprosto vnesite, koliko Ethereum \u017eelite kupiti za svoja sredstva. Ceno, ki ste jo pripravljeni pla\u010dati, lahko ro\u010dno prilagodite. Ko je obrazec izpolnjen, pritisnite \u201cExchange Buy\u201d.\u201d<\/span><\/p>\n<p><span style=\"font-weight: 400;\">In to je na\u010din nakupa Ethereum na Bitfinexu. \u010ce se odlo\u010dite za nakup Ethereum na drugi borzi, si lahko ogledate tudi na\u0161e razli\u010dne <a href=\"https:\/\/coinkickoff.com\/sl\/crypto-exchanges\/\">pregledi za izmenjavo<\/a> in . <a href=\"https:\/\/coinkickoff.com\/sl\/how-to-buy-ethereum\/\">vodila<\/a>.<\/span><\/p>","protected":false},"excerpt":{"rendered":"<p>Kako kupiti Ethereum na Bitfinexu \u017delite kupiti Ethereum na Bitfinexu? Za vas imamo pravi vodnik z navodili po korakih. Tukaj je navodilo za nakup Ethereum na Bitfinexu. Vodnik po korakih, kako kupiti Ethereum na Bitfinexu 1. Registracija ra\u010duna na Bitfinexu Za za\u010detek boste potrebovali [...]<\/p>","protected":false},"author":3,"featured_media":0,"parent":3937,"menu_order":0,"comment_status":"closed","ping_status":"closed","template":"","meta":{"_genesis_hide_title":false,"_genesis_hide_breadcrumbs":false,"_genesis_hide_singular_image":false,"_genesis_hide_footer_widgets":false,"_genesis_custom_body_class":"","_genesis_custom_post_class":"","_genesis_layout":"","_glsr_average":0,"_glsr_ranking":0,"_glsr_reviews":0,"footnotes":""},"class_list":{"0":"post-4172","1":"page","2":"type-page","3":"status-publish","5":"entry"},"featured_image_src":null,"featured_image_src_square":null,"_links":{"self":[{"href":"https:\/\/coinkickoff.com\/sl\/wp-json\/wp\/v2\/pages\/4172","targetHints":{"allow":["GET"]}}],"collection":[{"href":"https:\/\/coinkickoff.com\/sl\/wp-json\/wp\/v2\/pages"}],"about":[{"href":"https:\/\/coinkickoff.com\/sl\/wp-json\/wp\/v2\/types\/page"}],"author":[{"embeddable":true,"href":"https:\/\/coinkickoff.com\/sl\/wp-json\/wp\/v2\/users\/3"}],"replies":[{"embeddable":true,"href":"https:\/\/coinkickoff.com\/sl\/wp-json\/wp\/v2\/comments?post=4172"}],"version-history":[{"count":1,"href":"https:\/\/coinkickoff.com\/sl\/wp-json\/wp\/v2\/pages\/4172\/revisions"}],"predecessor-version":[{"id":4173,"href":"https:\/\/coinkickoff.com\/sl\/wp-json\/wp\/v2\/pages\/4172\/revisions\/4173"}],"up":[{"embeddable":true,"href":"https:\/\/coinkickoff.com\/sl\/wp-json\/wp\/v2\/pages\/3937"}],"wp:attachment":[{"href":"https:\/\/coinkickoff.com\/sl\/wp-json\/wp\/v2\/media?parent=4172"}],"curies":[{"name":"wp","href":"https:\/\/api.w.org\/{rel}","templated":true}]}}