{"id":4163,"date":"2026-01-08T14:06:47","date_gmt":"2026-01-08T14:06:47","guid":{"rendered":"https:\/\/coinkickoff.com\/?page_id=4163"},"modified":"2026-01-08T14:06:47","modified_gmt":"2026-01-08T14:06:47","slug":"how-to-buy-solana-on-bybit","status":"publish","type":"page","link":"https:\/\/coinkickoff.com\/sl\/how-to-buy-solana\/how-to-buy-solana-on-bybit\/","title":{"rendered":"Kako kupiti Solana na Bybitu"},"content":{"rendered":"<div id=\"ez-toc-container\" class=\"ez-toc-v2_0_80 counter-hierarchy ez-toc-counter ez-toc-transparent ez-toc-container-direction\">\n<div class=\"ez-toc-title-container\">\n<p class=\"ez-toc-title\" style=\"cursor:inherit\">Oddelki<\/p>\n<span class=\"ez-toc-title-toggle\"><a href=\"#\" class=\"ez-toc-pull-right ez-toc-btn ez-toc-btn-xs ez-toc-btn-default ez-toc-toggle\" aria-label=\"Toggle Tabela vsebine\"><span class=\"ez-toc-js-icon-con\"><span class=\"\"><span class=\"eztoc-hide\" style=\"display:none;\">Toggle<\/span><span class=\"ez-toc-icon-toggle-span\"><svg style=\"fill: #999;color:#999\" xmlns=\"http:\/\/www.w3.org\/2000\/svg\" class=\"list-377408\" width=\"20px\" height=\"20px\" viewbox=\"0 0 24 24\" fill=\"none\"><path d=\"M6 6H4v2h2V6zm14 0H8v2h12V6zM4 11h2v2H4v-2zm16 0H8v2h12v-2zM4 16h2v2H4v-2zm16 0H8v2h12v-2z\" fill=\"currentColor\"><\/path><\/svg><svg style=\"fill: #999;color:#999\" class=\"arrow-unsorted-368013\" xmlns=\"http:\/\/www.w3.org\/2000\/svg\" width=\"10px\" height=\"10px\" viewbox=\"0 0 24 24\" version=\"1.2\" baseprofile=\"tiny\"><path d=\"M18.2 9.3l-6.2-6.3-6.2 6.3c-.2.2-.3.4-.3.7s.1.5.3.7c.2.2.4.3.7.3h11c.3 0 .5-.1.7-.3.2-.2.3-.5.3-.7s-.1-.5-.3-.7zM5.8 14.7l6.2 6.3 6.2-6.3c.2-.2.3-.5.3-.7s-.1-.5-.3-.7c-.2-.2-.4-.3-.7-.3h-11c-.3 0-.5.1-.7.3-.2.2-.3.5-.3.7s.1.5.3.7z\"\/><\/svg><\/span><\/span><\/span><\/a><\/span><\/div>\n<nav><ul class='ez-toc-list ez-toc-list-level-1 eztoc-toggle-hide-by-default' ><li class='ez-toc-page-1 ez-toc-heading-level-2'><a class=\"ez-toc-link ez-toc-heading-1\" href=\"https:\/\/coinkickoff.com\/sl\/how-to-buy-solana\/how-to-buy-solana-on-bybit\/#How_to_Buy_Solana_on_Bybit\" >Kako kupiti Solana na Bybitu<\/a><\/li><li class='ez-toc-page-1 ez-toc-heading-level-2'><a class=\"ez-toc-link ez-toc-heading-2\" href=\"https:\/\/coinkickoff.com\/sl\/how-to-buy-solana\/how-to-buy-solana-on-bybit\/#A_Step-By-Step_Guide_on_How_to_Buy_Solana_on_Bybit\" >Vodnik po korakih, kako kupiti Solana na Bybitu<\/a><ul class='ez-toc-list-level-3' ><li class='ez-toc-heading-level-3'><a class=\"ez-toc-link ez-toc-heading-3\" href=\"https:\/\/coinkickoff.com\/sl\/how-to-buy-solana\/how-to-buy-solana-on-bybit\/#1_Register_an_Account\" >1. Registracija ra\u010duna<\/a><\/li><li class='ez-toc-page-1 ez-toc-heading-level-3'><a class=\"ez-toc-link ez-toc-heading-4\" href=\"https:\/\/coinkickoff.com\/sl\/how-to-buy-solana\/how-to-buy-solana-on-bybit\/#2_Verify_Your_Account\" >2. Potrdite svoj ra\u010dun<\/a><\/li><li class='ez-toc-page-1 ez-toc-heading-level-3'><a class=\"ez-toc-link ez-toc-heading-5\" href=\"https:\/\/coinkickoff.com\/sl\/how-to-buy-solana\/how-to-buy-solana-on-bybit\/#3_Deposit_FundsCrypto\" >3. Depozitna sredstva\/kripto<\/a><\/li><li class='ez-toc-page-1 ez-toc-heading-level-3'><a class=\"ez-toc-link ez-toc-heading-6\" href=\"https:\/\/coinkickoff.com\/sl\/how-to-buy-solana\/how-to-buy-solana-on-bybit\/#4_Navigate_to_the_Relevant_Screen_to_Buy\" >4. Premaknite se na ustrezno okno za nakup<\/a><\/li><\/ul><\/li><\/ul><\/nav><\/div>\n<h2><span class=\"ez-toc-section\" id=\"How_to_Buy_Solana_on_Bybit\"><\/span><span style=\"font-weight: 400;\">Kako kupiti Solana na Bybitu<\/span><span class=\"ez-toc-section-end\"><\/span><\/h2>\n<p><span style=\"font-weight: 400;\">Ve\u010d kriptovalut lahko kupite na <\/span><a href=\"https:\/\/www.bybit.com\/en-US\/register?irclickid=zLJWgJTKIxyNWiW0o%3AzEUxRnUkAWQmSxHzEAWw0&amp;irgwc=1&amp;srcexid=469064&amp;utmsource=impact&amp;srcplatform=1&amp;Sharedid=\" target=\"_blank\" rel=\"noopener\"><span style=\"font-weight: 400;\">Bybit<\/span><\/a><span style=\"font-weight: 400;\">, vklju\u010dno z <a href=\"https:\/\/coinkickoff.com\/sl\/solana-sol\/\" data-internallinksmanager029f6b8e52c=\"5\" title=\"Kaj je Solana (SOL)? Kako deluje in kje ga kupiti?\">Solana<\/a>. \u010ce potrebujete pomo\u010d, kako to storiti, brez skrbi! Imamo popoln vodnik, kako kupiti Solana na <a href=\"https:\/\/coinkickoff.com\/sl\/bybit-review\/\" data-internallinksmanager029f6b8e52c=\"157\" title=\"Bybit Reviews 2025: Lastnosti, pristojbine, varnost, prednosti in slabosti\">Bybit<\/a>.\u00a0\u00a0<\/span><\/p>\n<div class=\"cg-choice-box-six   cg-blue\" ><div class=\"cg-cb-row\"><div class=\"cg-cb-items\" id=\"product-265843\"><div class=\"cg-cb-top-head\"><div class=\"cg-cb-top-pick\">Ve\u010dina Coins<\/div><\/div><a href=\"https:\/\/accounts.binance.com\/register?ref=BLJQ60RW\" target=\"_blank\" rel=\"nofollow noopener\" class=\"cg-aff-link cg-cb-img\" data-post-title=\"Binance\" data-aff-link=\"https:\/\/accounts.binance.com\/register?ref=BLJQ60RW\" data-post-type=\"top\" data-post-id=\"127750\"><img decoding=\"async\" src=\"https:\/\/coinkickoff.com\/wp-content\/uploads\/2022\/10\/Binance_logo.png\" class=\"cg-img-1\" alt=\"Binance\" style=\"\"><\/a><div class=\"cg-cb-title\"><a href=\"https:\/\/accounts.binance.com\/register?ref=BLJQ60RW\" class=\"cg-aff-link\" data-post-id=\"127750\" data-post-type=\"top\" data-aff-link=\"https:\/\/accounts.binance.com\/register?ref=BLJQ60RW\" data-post-title=\"Binance\" target=\"\" rel=\"nofollow noopener\">Binance<\/a><\/span><\/div><div class=\"cg-cb-content\"><ul><li><strong>350+<\/strong> Navedene kriptovalute<\/li><li><strong>&lt;0.10%<\/strong> Pristojbine za transakcije<\/li><li><strong>120 milijonov<\/strong> Registrirani uporabniki<\/li><li>Varen sklad premo\u017eenja za uporabnike<\/li><li>Zaslu\u017eek na depozitih<\/li><\/ul><\/div><div class=\"cg-cb-btn\"><span class='cta-copy'><a href=\"https:\/\/accounts.binance.com\/register?ref=BLJQ60RW\" class=\"cg-one-button cg-btn cg-red  cg-aff-link cg-btn-lg\" data-post-id=\"127750\" data-post-type=\"top\" data-aff-link=\"https:\/\/accounts.binance.com\/register?ref=BLJQ60RW\" data-style=\"default\" data-post-title=\"Binance\" data-extra=\"arrow\" style=\"\" target=\"\" rel=\"nofollow noopener\">Za\u010dnite z delom<\/a><\/span><\/span><\/div><\/div><div class=\"cg-cb-items\" id=\"product-265829\"><div class=\"cg-cb-top-head\"><div class=\"cg-cb-top-pick\">Ve\u010dina dr\u017eav<\/div><\/div><a href=\"https:\/\/kraken.pxf.io\/756J3y\" target=\"_blank\" rel=\"nofollow noopener\" class=\"cg-aff-link cg-cb-img\" data-post-title=\"Kraken\" data-aff-link=\"https:\/\/kraken.pxf.io\/756J3y\" data-post-type=\"top\" data-post-id=\"127750\"><img decoding=\"async\" src=\"https:\/\/coinkickoff.com\/wp-content\/uploads\/Kraken-logo.webp\" class=\"cg-img-1\" alt=\"Kraken\" style=\"\"><\/a><div class=\"cg-cb-title\"><a href=\"https:\/\/kraken.pxf.io\/756J3y\" class=\"cg-aff-link\" data-post-id=\"127750\" data-post-type=\"top\" data-aff-link=\"https:\/\/kraken.pxf.io\/756J3y\" data-post-title=\"Kraken\" target=\"\" rel=\"nofollow noopener\">Kraken<\/a><\/span><\/div><div class=\"cg-cb-content\"><ul><li>S sede\u017eem v ZDA<\/li><li>Za\u010dnite s \u010dim manj <strong>$10<\/strong><\/li><li>Nakup in prodaja <strong>200+<\/strong> kriptovalute<\/li><li>Pro re\u0161itev za ve\u010dje trgovce<\/li><li>Na voljo v <strong>190+<\/strong> dr\u017eave<\/li><\/ul><\/div><div class=\"cg-cb-btn\"><span class='cta-copy'><a href=\"https:\/\/kraken.pxf.io\/756J3y\" class=\"cg-one-button cg-btn cg-red  cg-aff-link cg-btn-lg\" data-post-id=\"127750\" data-post-type=\"top\" data-aff-link=\"https:\/\/kraken.pxf.io\/756J3y\" data-style=\"default\" data-post-title=\"Kraken\" data-extra=\"arrow\" style=\"\" target=\"\" rel=\"nofollow noopener\">Za\u010dnite z delom<\/a><\/span><\/span><\/div><\/div><div class=\"cg-cb-items\" id=\"product-265822\"><div class=\"cg-cb-top-head\"><div class=\"cg-cb-top-pick\">S sede\u017eem v ZDA<\/div><\/div><a href=\"https:\/\/coinbase-consumer.sjv.io\/ORPoaG\" target=\"_blank\" rel=\"nofollow noopener\" class=\"cg-aff-link cg-cb-img\" data-post-title=\"Coinbase\" data-aff-link=\"https:\/\/coinbase-consumer.sjv.io\/ORPoaG\" data-post-type=\"top\" data-post-id=\"127750\"><img decoding=\"async\" src=\"https:\/\/coinkickoff.com\/wp-content\/uploads\/2022\/10\/Coinbase.png\" class=\"cg-img-1\" alt=\"Coinbase\" style=\"\"><\/a><div class=\"cg-cb-title\"><a href=\"https:\/\/coinbase-consumer.sjv.io\/ORPoaG\" class=\"cg-aff-link\" data-post-id=\"127750\" data-post-type=\"top\" data-aff-link=\"https:\/\/coinbase-consumer.sjv.io\/ORPoaG\" data-post-title=\"Coinbase\" target=\"\" rel=\"nofollow noopener\">Coinbase<\/a><\/span><\/div><div class=\"cg-cb-content\"><ul><li><strong>200+<\/strong> Navedene kriptovalute<\/li><li>Pridobite kriptovaluto po prvem nakupu<\/li><li>Za\u0161\u010diteni z zavarovanjem&nbsp;<\/li><li>Varno shranjevanje z za\u0161\u010dito trezorja<\/li><li>Najbolj zaupanja vredna platforma za kriptovalute<\/li><\/ul><\/div><div class=\"cg-cb-btn\"><span class='cta-copy'><a href=\"https:\/\/coinbase-consumer.sjv.io\/ORPoaG\" class=\"cg-one-button cg-btn cg-red  cg-aff-link cg-btn-lg\" data-post-id=\"127750\" data-post-type=\"top\" data-aff-link=\"https:\/\/coinbase-consumer.sjv.io\/ORPoaG\" data-style=\"default\" data-post-title=\"Coinbase\" data-extra=\"arrow\" style=\"\" target=\"\" rel=\"nofollow noopener\">Za\u010dnite z delom<\/a><\/span><\/span><\/div><\/div><\/div><\/div>\n\n<h2><span class=\"ez-toc-section\" id=\"A_Step-By-Step_Guide_on_How_to_Buy_Solana_on_Bybit\"><\/span><span style=\"font-weight: 400;\">Vodnik po korakih, kako kupiti Solana na Bybitu<\/span><span class=\"ez-toc-section-end\"><\/span><\/h2>\n<h3><span class=\"ez-toc-section\" id=\"1_Register_an_Account\"><\/span><span style=\"font-weight: 400;\">1. Registracija ra\u010duna<\/span><span class=\"ez-toc-section-end\"><\/span><\/h3>\n<p><span style=\"font-weight: 400;\">Pojdite na <\/span><a href=\"https:\/\/www.bybit.com\/en-US\/register?irclickid=zLJWgJTKIxyNWiW0o%3AzEUxRnUkAWQmSxHzEAWw0&amp;irgwc=1&amp;srcexid=469064&amp;utmsource=impact&amp;srcplatform=1&amp;Sharedid=\" target=\"_blank\" rel=\"noopener\"><span style=\"font-weight: 400;\">Bybit<\/span><\/a><span style=\"font-weight: 400;\"> na spletnem mestu in se prijavite v ra\u010dun.<\/span><\/p>\n<p><img loading=\"lazy\" decoding=\"async\" class=\"alignnone wp-image-3213 size-full\" src=\"https:\/\/coinkickoff.com\/wp-content\/uploads\/bybit-create-account.png\" alt=\"kako kupiti dogecoin na bybitu ustvarite ra\u010dun Kako kupiti Solana na bybitu\" width=\"1437\" height=\"723\" srcset=\"https:\/\/coinkickoff.com\/wp-content\/uploads\/bybit-create-account.png 1437w, https:\/\/coinkickoff.com\/wp-content\/uploads\/bybit-create-account-300x151.png 300w, https:\/\/coinkickoff.com\/wp-content\/uploads\/bybit-create-account-1024x515.png 1024w, https:\/\/coinkickoff.com\/wp-content\/uploads\/bybit-create-account-768x386.png 768w, https:\/\/coinkickoff.com\/wp-content\/uploads\/bybit-create-account-18x9.png 18w\" sizes=\"auto, (max-width: 1437px) 100vw, 1437px\" \/><\/p>\n<h3><span class=\"ez-toc-section\" id=\"2_Verify_Your_Account\"><\/span><span style=\"font-weight: 400;\">2. Potrdite svoj ra\u010dun<\/span><span class=\"ez-toc-section-end\"><\/span><\/h3>\n<p><span style=\"font-weight: 400;\">Ta korak lahko presko\u010dite, \u010de \u017eelite kupiti Solana na Bybitu z drugimi digitalnimi sredstvi, ki jih imate. \u010ce imate na primer <a href=\"https:\/\/coinkickoff.com\/sl\/tether-usdt\/\" data-internallinksmanager029f6b8e52c=\"3\" title=\"Kaj je Tether (USDT)? Kako deluje in kje ga kupiti?\">USDT<\/a>, <a href=\"https:\/\/coinkickoff.com\/sl\/bitcoin-btc\/\" data-internallinksmanager029f6b8e52c=\"1\" title=\"Kaj je Bitcoin (BTC)? Cena, zgodovina in kje kupiti\">BTC<\/a>in podobna sredstva v drugi denarnici, jih lahko prenesete v Bybit in na promptnem trgu zamenjate sredstva za Solana, ne da bi preverili svoj osebni dokument.<\/span><\/p>\n<p><span style=\"font-weight: 400;\">\u010ce pa \u017eelite kupiti Solana s fiat valutami, kot so USD ali EUR, morate preveriti svoj ra\u010dun.<\/span><\/p>\n<p><span style=\"font-weight: 400;\">Na nadzorni plo\u0161\u010di poi\u0161\u010dite ikono profila. Kliknite jo in v meniju izberite \"Preverjanje identitete\".<\/span><\/p>\n<h3><span style=\"font-weight: 400;\"><img loading=\"lazy\" decoding=\"async\" class=\"alignnone wp-image-3212 size-full\" style=\"font-family: Muli, sans-serif; font-size: 18px;\" src=\"https:\/\/coinkickoff.com\/wp-content\/uploads\/bybit-identity-verification.png\" alt=\"preverjanje identitete bybit\" width=\"1432\" height=\"792\" srcset=\"https:\/\/coinkickoff.com\/wp-content\/uploads\/bybit-identity-verification.png 1432w, https:\/\/coinkickoff.com\/wp-content\/uploads\/bybit-identity-verification-300x166.png 300w, https:\/\/coinkickoff.com\/wp-content\/uploads\/bybit-identity-verification-1024x566.png 1024w, https:\/\/coinkickoff.com\/wp-content\/uploads\/bybit-identity-verification-768x425.png 768w, https:\/\/coinkickoff.com\/wp-content\/uploads\/bybit-identity-verification-18x10.png 18w\" sizes=\"auto, (max-width: 1432px) 100vw, 1432px\" \/><\/span><\/h3>\n<p><span style=\"font-weight: 400;\">Osnovno preverjanje ste opravili \u017ee po prijavi na izmenjavo. Vse, kar morate storiti, je, da dokon\u010date prvo stopnjo preverjanja z nalo\u017eitvijo osebnega dokumenta in selfija.\u00a0<\/span><\/p>\n<p><span style=\"font-weight: 400;\">Pritisnite \"Preveri zdaj\". Nalo\u017eite zahtevane dokumente in po\u010dakajte pribli\u017eno eno uro na preverjanje.\u00a0<\/span><\/p>\n<p><span style=\"font-weight: 400;\">Z nadgradnjo na 2. stopnjo lahko pove\u010date omejitve trgovanja, izpla\u010dil in pologov, vendar je za to treba nalo\u017eiti dokazilo o naslovu.<\/span><\/p>\n<h3><span class=\"ez-toc-section\" id=\"3_Deposit_FundsCrypto\"><\/span><span style=\"font-weight: 400;\">3. Depozitna sredstva\/kripto<\/span><span class=\"ez-toc-section-end\"><\/span><\/h3>\n<p><span style=\"font-weight: 400;\">Za\u010dnimo z nalaganjem kriptovalut v va\u0161 <a href=\"https:\/\/coinkickoff.com\/sl\/bitmart-review\/\" data-internallinksmanager029f6b8e52c=\"162\" title=\"Mnenja Bitmart 2023: Funkcije, zna\u010dilnosti, varnost, prednosti in slabosti\">Bitmart<\/a> ra\u010dun. Pojdite na doma\u010do stran in izberite zavihek \"Sredstva\".<\/span><\/p>\n<p><span style=\"font-weight: 400;\">Videli boste mo\u017enosti \"Nakup z enim klikom\", \"P2P\" in \"Depozit\". Kliknite \"Depozit\".\u00a0<\/span><\/p>\n<p><span style=\"font-weight: 400;\">Izberite coin, ki ga \u017eelite nakazati, in potrdite podatke o nakazilu. Prejeli boste kodo QR z naslovom nove denarnice za to coin.<\/span><\/p>\n<p><img loading=\"lazy\" decoding=\"async\" class=\"alignnone wp-image-3215 size-full\" src=\"https:\/\/coinkickoff.com\/wp-content\/uploads\/bybit-crypto-deposit.png\" alt=\"\" width=\"1372\" height=\"659\" srcset=\"https:\/\/coinkickoff.com\/wp-content\/uploads\/bybit-crypto-deposit.png 1372w, https:\/\/coinkickoff.com\/wp-content\/uploads\/bybit-crypto-deposit-300x144.png 300w, https:\/\/coinkickoff.com\/wp-content\/uploads\/bybit-crypto-deposit-1024x492.png 1024w, https:\/\/coinkickoff.com\/wp-content\/uploads\/bybit-crypto-deposit-768x369.png 768w, https:\/\/coinkickoff.com\/wp-content\/uploads\/bybit-crypto-deposit-18x9.png 18w\" sizes=\"auto, (max-width: 1372px) 100vw, 1372px\" \/><\/p>\n<p><span style=\"font-weight: 400;\">Pojdite v svojo drugo denarnico s kriptovalutami in uporabite kodo QE za dvig sredstev v Bybit.\u00a0<\/span><\/p>\n<p><span style=\"font-weight: 400;\">Prepri\u010dajte se, da uporabljate kodo QR SAMO za ta spesi\u0307fi\u0307c coi\u0307n. Na primer, naslov BTC lahko uporabite samo za po\u0161iljanje in prejemanje Bitcoin. \u010ce imate ve\u010d sredstev, ki jih \u017eelite prenesti, za vsako sredstvo ustvarite drugo kodo QR.<\/span><\/p>\n<p><span style=\"font-weight: 400;\">\u010ce \u017eelite na ra\u010dun polo\u017eiti fiat valuto, na nadzorni plo\u0161\u010di odprite zavihek \"Buy Crypto\" in izberite \"Fiat Deposit\".<\/span><\/p>\n<p><img loading=\"lazy\" decoding=\"async\" class=\"alignnone wp-image-3208 size-full\" src=\"https:\/\/coinkickoff.com\/wp-content\/uploads\/bybit-fiat-deposit.png\" alt=\"bybit fiat depozit\" width=\"1432\" height=\"630\" srcset=\"https:\/\/coinkickoff.com\/wp-content\/uploads\/bybit-fiat-deposit.png 1432w, https:\/\/coinkickoff.com\/wp-content\/uploads\/bybit-fiat-deposit-300x132.png 300w, https:\/\/coinkickoff.com\/wp-content\/uploads\/bybit-fiat-deposit-1024x451.png 1024w, https:\/\/coinkickoff.com\/wp-content\/uploads\/bybit-fiat-deposit-768x338.png 768w, https:\/\/coinkickoff.com\/wp-content\/uploads\/bybit-fiat-deposit-18x8.png 18w\" sizes=\"auto, (max-width: 1432px) 100vw, 1432px\" \/><\/p>\n<p><span style=\"font-weight: 400;\">Prikazala se bo stran za enostavno nakazilo. Vnesite znesek pologa in izberite na\u010din pologa. Na\u010dini vpla\u010dila za Fiat se razlikujejo glede na va\u0161o lokacijo.\u00a0<\/span><\/p>\n<p><span style=\"font-weight: 400;\">Pritisnite \"Nadaljuj\" in sledite navodilom na zaslonu.<\/span><\/p>\n<p><img loading=\"lazy\" decoding=\"async\" class=\"alignnone wp-image-3209 size-full\" src=\"https:\/\/coinkickoff.com\/wp-content\/uploads\/bybitfiatdeposit2.png\" alt=\"bybit fiat depozit\" width=\"1418\" height=\"783\" srcset=\"https:\/\/coinkickoff.com\/wp-content\/uploads\/bybitfiatdeposit2.png 1418w, https:\/\/coinkickoff.com\/wp-content\/uploads\/bybitfiatdeposit2-300x166.png 300w, https:\/\/coinkickoff.com\/wp-content\/uploads\/bybitfiatdeposit2-1024x565.png 1024w, https:\/\/coinkickoff.com\/wp-content\/uploads\/bybitfiatdeposit2-768x424.png 768w, https:\/\/coinkickoff.com\/wp-content\/uploads\/bybitfiatdeposit2-18x10.png 18w\" sizes=\"auto, (max-width: 1418px) 100vw, 1418px\" \/><\/p>\n<h3><span class=\"ez-toc-section\" id=\"4_Navigate_to_the_Relevant_Screen_to_Buy\"><\/span><span style=\"font-weight: 400;\">4. Premaknite se na ustrezno okno za nakup<\/span><span class=\"ez-toc-section-end\"><\/span><\/h3>\n<p><span style=\"font-weight: 400;\">Po\u010dakajte, dokler ne prejmete pologa. Svoje stanje si lahko ogledate v zavihku \"Sredstva\". \u010ce ste deponirali fiat valute, kliknite \"One-Click Buy\" (Nakup z enim klikom), da dostopate do obrazca za enostaven nakup.<\/span><\/p>\n<div class=\"cg-choice-box-six   cg-blue\" ><div class=\"cg-cb-row\"><div class=\"cg-cb-items\" id=\"product-265843\"><div class=\"cg-cb-top-head\"><div class=\"cg-cb-top-pick\">Ve\u010dina Coins<\/div><\/div><a href=\"https:\/\/accounts.binance.com\/register?ref=BLJQ60RW\" target=\"_blank\" rel=\"nofollow noopener\" class=\"cg-aff-link cg-cb-img\" data-post-title=\"Binance\" data-aff-link=\"https:\/\/accounts.binance.com\/register?ref=BLJQ60RW\" data-post-type=\"top\" data-post-id=\"127750\"><img decoding=\"async\" src=\"https:\/\/coinkickoff.com\/wp-content\/uploads\/2022\/10\/Binance_logo.png\" class=\"cg-img-1\" alt=\"Binance\" style=\"\"><\/a><div class=\"cg-cb-title\"><a href=\"https:\/\/accounts.binance.com\/register?ref=BLJQ60RW\" class=\"cg-aff-link\" data-post-id=\"127750\" data-post-type=\"top\" data-aff-link=\"https:\/\/accounts.binance.com\/register?ref=BLJQ60RW\" data-post-title=\"Binance\" target=\"\" rel=\"nofollow noopener\">Binance<\/a><\/span><\/div><div class=\"cg-cb-content\"><ul><li><strong>350+<\/strong> Navedene kriptovalute<\/li><li><strong>&lt;0.10%<\/strong> Pristojbine za transakcije<\/li><li><strong>120 milijonov<\/strong> Registrirani uporabniki<\/li><li>Varen sklad premo\u017eenja za uporabnike<\/li><li>Zaslu\u017eek na depozitih<\/li><\/ul><\/div><div class=\"cg-cb-btn\"><span class='cta-copy'><a href=\"https:\/\/accounts.binance.com\/register?ref=BLJQ60RW\" class=\"cg-one-button cg-btn cg-red  cg-aff-link cg-btn-lg\" data-post-id=\"127750\" data-post-type=\"top\" data-aff-link=\"https:\/\/accounts.binance.com\/register?ref=BLJQ60RW\" data-style=\"default\" data-post-title=\"Binance\" data-extra=\"arrow\" style=\"\" target=\"\" rel=\"nofollow noopener\">Za\u010dnite z delom<\/a><\/span><\/span><\/div><\/div><div class=\"cg-cb-items\" id=\"product-265829\"><div class=\"cg-cb-top-head\"><div class=\"cg-cb-top-pick\">Ve\u010dina dr\u017eav<\/div><\/div><a href=\"https:\/\/kraken.pxf.io\/756J3y\" target=\"_blank\" rel=\"nofollow noopener\" class=\"cg-aff-link cg-cb-img\" data-post-title=\"Kraken\" data-aff-link=\"https:\/\/kraken.pxf.io\/756J3y\" data-post-type=\"top\" data-post-id=\"127750\"><img decoding=\"async\" src=\"https:\/\/coinkickoff.com\/wp-content\/uploads\/Kraken-logo.webp\" class=\"cg-img-1\" alt=\"Kraken\" style=\"\"><\/a><div class=\"cg-cb-title\"><a href=\"https:\/\/kraken.pxf.io\/756J3y\" class=\"cg-aff-link\" data-post-id=\"127750\" data-post-type=\"top\" data-aff-link=\"https:\/\/kraken.pxf.io\/756J3y\" data-post-title=\"Kraken\" target=\"\" rel=\"nofollow noopener\">Kraken<\/a><\/span><\/div><div class=\"cg-cb-content\"><ul><li>S sede\u017eem v ZDA<\/li><li>Za\u010dnite s \u010dim manj <strong>$10<\/strong><\/li><li>Nakup in prodaja <strong>200+<\/strong> kriptovalute<\/li><li>Pro re\u0161itev za ve\u010dje trgovce<\/li><li>Na voljo v <strong>190+<\/strong> dr\u017eave<\/li><\/ul><\/div><div class=\"cg-cb-btn\"><span class='cta-copy'><a href=\"https:\/\/kraken.pxf.io\/756J3y\" class=\"cg-one-button cg-btn cg-red  cg-aff-link cg-btn-lg\" data-post-id=\"127750\" data-post-type=\"top\" data-aff-link=\"https:\/\/kraken.pxf.io\/756J3y\" data-style=\"default\" data-post-title=\"Kraken\" data-extra=\"arrow\" style=\"\" target=\"\" rel=\"nofollow noopener\">Za\u010dnite z delom<\/a><\/span><\/span><\/div><\/div><div class=\"cg-cb-items\" id=\"product-265822\"><div class=\"cg-cb-top-head\"><div class=\"cg-cb-top-pick\">S sede\u017eem v ZDA<\/div><\/div><a href=\"https:\/\/coinbase-consumer.sjv.io\/ORPoaG\" target=\"_blank\" rel=\"nofollow noopener\" class=\"cg-aff-link cg-cb-img\" data-post-title=\"Coinbase\" data-aff-link=\"https:\/\/coinbase-consumer.sjv.io\/ORPoaG\" data-post-type=\"top\" data-post-id=\"127750\"><img decoding=\"async\" src=\"https:\/\/coinkickoff.com\/wp-content\/uploads\/2022\/10\/Coinbase.png\" class=\"cg-img-1\" alt=\"Coinbase\" style=\"\"><\/a><div class=\"cg-cb-title\"><a href=\"https:\/\/coinbase-consumer.sjv.io\/ORPoaG\" class=\"cg-aff-link\" data-post-id=\"127750\" data-post-type=\"top\" data-aff-link=\"https:\/\/coinbase-consumer.sjv.io\/ORPoaG\" data-post-title=\"Coinbase\" target=\"\" rel=\"nofollow noopener\">Coinbase<\/a><\/span><\/div><div class=\"cg-cb-content\"><ul><li><strong>200+<\/strong> Navedene kriptovalute<\/li><li>Pridobite kriptovaluto po prvem nakupu<\/li><li>Za\u0161\u010diteni z zavarovanjem&nbsp;<\/li><li>Varno shranjevanje z za\u0161\u010dito trezorja<\/li><li>Najbolj zaupanja vredna platforma za kriptovalute<\/li><\/ul><\/div><div class=\"cg-cb-btn\"><span class='cta-copy'><a href=\"https:\/\/coinbase-consumer.sjv.io\/ORPoaG\" class=\"cg-one-button cg-btn cg-red  cg-aff-link cg-btn-lg\" data-post-id=\"127750\" data-post-type=\"top\" data-aff-link=\"https:\/\/coinbase-consumer.sjv.io\/ORPoaG\" data-style=\"default\" data-post-title=\"Coinbase\" data-extra=\"arrow\" style=\"\" target=\"\" rel=\"nofollow noopener\">Za\u010dnite z delom<\/a><\/span><\/span><\/div><\/div><\/div><\/div>\n\n<p><img loading=\"lazy\" decoding=\"async\" class=\"alignnone wp-image-3211 size-full\" src=\"https:\/\/coinkickoff.com\/wp-content\/uploads\/bybit-one-click-buy-2.png\" alt=\"Kako kupiti Shiba Inu na Bybitu Kako kupiti Bitcoin na Bybitu Kako kupiti Cardano na Bybitu \" width=\"1433\" height=\"795\" srcset=\"https:\/\/coinkickoff.com\/wp-content\/uploads\/bybit-one-click-buy-2.png 1433w, https:\/\/coinkickoff.com\/wp-content\/uploads\/bybit-one-click-buy-2-300x166.png 300w, https:\/\/coinkickoff.com\/wp-content\/uploads\/bybit-one-click-buy-2-1024x568.png 1024w, https:\/\/coinkickoff.com\/wp-content\/uploads\/bybit-one-click-buy-2-768x426.png 768w, https:\/\/coinkickoff.com\/wp-content\/uploads\/bybit-one-click-buy-2-18x10.png 18w\" sizes=\"auto, (max-width: 1433px) 100vw, 1433px\" \/><\/p>\n<p><span style=\"font-weight: 400;\">V obrazcu za enostaven nakup izberite valuto, s katero \u017eelite pla\u010dati, in valuto, ki jo \u017eelite prejeti (Solana). Na koncu izberite na\u010din pla\u010dila in pritisnite \"Kupi\".<\/span><\/p>\n<p><span style=\"font-weight: 400;\">\u010ce Solana ni na voljo v obrazcu za enostaven nakup, lahko kupite USDT ali <a href=\"https:\/\/coinkickoff.com\/sl\/usd-coin-usdc\/\" data-internallinksmanager029f6b8e52c=\"8\" title=\"Kaj je USD Coin (USDC)? Kako deluje in kje ga kupiti?\">USDC<\/a> in ga na promptnem trgu zamenjajte za SOL. Postopek je enak za trgovanje z vsemi digitalnimi sredstvi. Oglejmo si, kako.<\/span><\/p>\n<p><span style=\"font-weight: 400;\">Na nadzorni plo\u0161\u010di kliknite zavihek \"Trgovanje\" in pojdite na \"Spot trgovanje\". Na zgornji levi strani strani boste videli ozna\u010devalnik para BTC\/USDT. Kliknite znak menija tik ob njem in poi\u0161\u010dite SOL, da si ogledate vse trge Solana na Bybitu.\u00a0<\/span><\/p>\n<p><span style=\"font-weight: 400;\">Izberite seznanjanje, ki ga \u017eelite uporabiti. Bybit na primer ponuja trge USDT\/SOL in USDC\/SOL.<\/span><\/p>\n<p><span style=\"font-weight: 400;\">Nato pojdite na obrazec za naro\u010dilo na desni in oddajte naro\u010dilo za nakup SOL s svojim digitalnim premo\u017eenjem.<\/span><\/p>\n<p><span style=\"font-weight: 400;\">In to je to! \u010ce vam je bilo v\u0161e\u010d na\u0161e <\/span><i><span style=\"font-weight: 400;\">Kako kupiti Solana na Bybitu<\/span><\/i><span style=\"font-weight: 400;\"> si oglejte na\u0161 <a href=\"https:\/\/coinkickoff.com\/sl\/crypto-exchanges\/\">izmenjava mnenj<\/a> in . <a href=\"https:\/\/coinkickoff.com\/sl\/how-to-buy-cardano\/\">vodila<\/a>!<\/span><\/p>","protected":false},"excerpt":{"rendered":"<p>Kako kupiti Solana na Bybitu Na Bybitu lahko kupite ve\u010d kriptovalut, vklju\u010dno z Solana. \u010ce potrebujete malo pomo\u010di pri tem, kako to storiti, brez skrbi! Pripravili smo vam odli\u010den vodnik, kako kupiti Solana na Bybitu.   Vodnik po korakih, kako kupiti Solana na Bybitu 1. Registrirajte ra\u010dun [...]<\/p>","protected":false},"author":3,"featured_media":0,"parent":4147,"menu_order":0,"comment_status":"closed","ping_status":"closed","template":"","meta":{"_genesis_hide_title":false,"_genesis_hide_breadcrumbs":false,"_genesis_hide_singular_image":false,"_genesis_hide_footer_widgets":false,"_genesis_custom_body_class":"","_genesis_custom_post_class":"","_genesis_layout":"","_glsr_average":0,"_glsr_ranking":0,"_glsr_reviews":0,"footnotes":""},"class_list":{"0":"post-4163","1":"page","2":"type-page","3":"status-publish","5":"entry"},"featured_image_src":null,"featured_image_src_square":null,"_links":{"self":[{"href":"https:\/\/coinkickoff.com\/sl\/wp-json\/wp\/v2\/pages\/4163","targetHints":{"allow":["GET"]}}],"collection":[{"href":"https:\/\/coinkickoff.com\/sl\/wp-json\/wp\/v2\/pages"}],"about":[{"href":"https:\/\/coinkickoff.com\/sl\/wp-json\/wp\/v2\/types\/page"}],"author":[{"embeddable":true,"href":"https:\/\/coinkickoff.com\/sl\/wp-json\/wp\/v2\/users\/3"}],"replies":[{"embeddable":true,"href":"https:\/\/coinkickoff.com\/sl\/wp-json\/wp\/v2\/comments?post=4163"}],"version-history":[{"count":4,"href":"https:\/\/coinkickoff.com\/sl\/wp-json\/wp\/v2\/pages\/4163\/revisions"}],"predecessor-version":[{"id":4895,"href":"https:\/\/coinkickoff.com\/sl\/wp-json\/wp\/v2\/pages\/4163\/revisions\/4895"}],"up":[{"embeddable":true,"href":"https:\/\/coinkickoff.com\/sl\/wp-json\/wp\/v2\/pages\/4147"}],"wp:attachment":[{"href":"https:\/\/coinkickoff.com\/sl\/wp-json\/wp\/v2\/media?parent=4163"}],"curies":[{"name":"wp","href":"https:\/\/api.w.org\/{rel}","templated":true}]}}