{"id":3951,"date":"2026-01-08T14:07:25","date_gmt":"2026-01-08T14:07:25","guid":{"rendered":"https:\/\/coinkickoff.com\/?page_id=3951"},"modified":"2026-01-08T14:07:25","modified_gmt":"2026-01-08T14:07:25","slug":"how-to-buy-ethereum-on-binance","status":"publish","type":"page","link":"https:\/\/coinkickoff.com\/sl\/how-to-buy-ethereum\/how-to-buy-ethereum-on-binance\/","title":{"rendered":"Kako kupiti Ethereum na Binance"},"content":{"rendered":"<h1><img loading=\"lazy\" decoding=\"async\" class=\"alignnone wp-image-3662 size-full\" src=\"https:\/\/coinkickoff.com\/wp-content\/uploads\/how-many-eth-are-there.jpg\" alt=\"Koliko je Ethereum (ETH)?\" width=\"1000\" height=\"666\" srcset=\"https:\/\/coinkickoff.com\/wp-content\/uploads\/how-many-eth-are-there.jpg 1000w, https:\/\/coinkickoff.com\/wp-content\/uploads\/how-many-eth-are-there-300x200.jpg 300w, https:\/\/coinkickoff.com\/wp-content\/uploads\/how-many-eth-are-there-768x511.jpg 768w, https:\/\/coinkickoff.com\/wp-content\/uploads\/how-many-eth-are-there-18x12.jpg 18w, https:\/\/coinkickoff.com\/wp-content\/uploads\/how-many-eth-are-there-600x400.jpg 600w\" sizes=\"auto, (max-width: 1000px) 100vw, 1000px\" \/><\/h1>\n<div id=\"ez-toc-container\" class=\"ez-toc-v2_0_80 counter-hierarchy ez-toc-counter ez-toc-transparent ez-toc-container-direction\">\n<div class=\"ez-toc-title-container\">\n<p class=\"ez-toc-title\" style=\"cursor:inherit\">Oddelki<\/p>\n<span class=\"ez-toc-title-toggle\"><a href=\"#\" class=\"ez-toc-pull-right ez-toc-btn ez-toc-btn-xs ez-toc-btn-default ez-toc-toggle\" aria-label=\"Toggle Tabela vsebine\"><span class=\"ez-toc-js-icon-con\"><span class=\"\"><span class=\"eztoc-hide\" style=\"display:none;\">Toggle<\/span><span class=\"ez-toc-icon-toggle-span\"><svg style=\"fill: #999;color:#999\" xmlns=\"http:\/\/www.w3.org\/2000\/svg\" class=\"list-377408\" width=\"20px\" height=\"20px\" viewbox=\"0 0 24 24\" fill=\"none\"><path d=\"M6 6H4v2h2V6zm14 0H8v2h12V6zM4 11h2v2H4v-2zm16 0H8v2h12v-2zM4 16h2v2H4v-2zm16 0H8v2h12v-2z\" fill=\"currentColor\"><\/path><\/svg><svg style=\"fill: #999;color:#999\" class=\"arrow-unsorted-368013\" xmlns=\"http:\/\/www.w3.org\/2000\/svg\" width=\"10px\" height=\"10px\" viewbox=\"0 0 24 24\" version=\"1.2\" baseprofile=\"tiny\"><path d=\"M18.2 9.3l-6.2-6.3-6.2 6.3c-.2.2-.3.4-.3.7s.1.5.3.7c.2.2.4.3.7.3h11c.3 0 .5-.1.7-.3.2-.2.3-.5.3-.7s-.1-.5-.3-.7zM5.8 14.7l6.2 6.3 6.2-6.3c.2-.2.3-.5.3-.7s-.1-.5-.3-.7c-.2-.2-.4-.3-.7-.3h-11c-.3 0-.5.1-.7.3-.2.2-.3.5-.3.7s.1.5.3.7z\"\/><\/svg><\/span><\/span><\/span><\/a><\/span><\/div>\n<nav><ul class='ez-toc-list ez-toc-list-level-1 eztoc-toggle-hide-by-default' ><li class='ez-toc-page-1 ez-toc-heading-level-2'><a class=\"ez-toc-link ez-toc-heading-1\" href=\"https:\/\/coinkickoff.com\/sl\/how-to-buy-ethereum\/how-to-buy-ethereum-on-binance\/#How_to_Buy_Ethereum_on_Binance\" >Kako kupiti Ethereum na Binance<\/a><\/li><li class='ez-toc-page-1 ez-toc-heading-level-2'><a class=\"ez-toc-link ez-toc-heading-2\" href=\"https:\/\/coinkickoff.com\/sl\/how-to-buy-ethereum\/how-to-buy-ethereum-on-binance\/#A_Step-By-Step_Guide_on_How_to_Buy_Ethereum_on_Binance\" >Vodnik po korakih, kako kupiti Ethereum na Binance<\/a><ul class='ez-toc-list-level-3' ><li class='ez-toc-heading-level-3'><a class=\"ez-toc-link ez-toc-heading-3\" href=\"https:\/\/coinkickoff.com\/sl\/how-to-buy-ethereum\/how-to-buy-ethereum-on-binance\/#1_Register_an_Account_on_Binance\" >1. Registracija ra\u010duna na Binance<\/a><\/li><li class='ez-toc-page-1 ez-toc-heading-level-3'><a class=\"ez-toc-link ez-toc-heading-4\" href=\"https:\/\/coinkickoff.com\/sl\/how-to-buy-ethereum\/how-to-buy-ethereum-on-binance\/#2_Verify_Your_Account\" >2. Potrdite svoj ra\u010dun<\/a><\/li><li class='ez-toc-page-1 ez-toc-heading-level-3'><a class=\"ez-toc-link ez-toc-heading-5\" href=\"https:\/\/coinkickoff.com\/sl\/how-to-buy-ethereum\/how-to-buy-ethereum-on-binance\/#3_Deposit_FundsCrypto\" >3. Depozitna sredstva\/kripto<\/a><\/li><li class='ez-toc-page-1 ez-toc-heading-level-3'><a class=\"ez-toc-link ez-toc-heading-6\" href=\"https:\/\/coinkickoff.com\/sl\/how-to-buy-ethereum\/how-to-buy-ethereum-on-binance\/#Click_on_%E2%80%9CDeposit%E2%80%9D_to_see_all_the_deposit_options_The_three_options_are_depositing_crypto_depositing_fiat_currencies_and_adding_credit_cards_or_other_payment_methods\" >S klikom na \"Deposit\" si oglejte vse mo\u017enosti nakazil. Tri mo\u017enosti so deponiranje kriptovalut, deponiranje fiat valut in dodajanje kreditnih kartic ali drugih na\u010dinov pla\u010dila.<\/a><\/li><li class='ez-toc-page-1 ez-toc-heading-level-3'><a class=\"ez-toc-link ez-toc-heading-7\" href=\"https:\/\/coinkickoff.com\/sl\/how-to-buy-ethereum\/how-to-buy-ethereum-on-binance\/#4_Navigate_to_the_Relevant_Screen_to_Buy\" >4. Premaknite se na ustrezno okno za nakup<\/a><\/li><\/ul><\/li><\/ul><\/nav><\/div>\n<h2><span class=\"ez-toc-section\" id=\"How_to_Buy_Ethereum_on_Binance\"><\/span><span style=\"font-weight: 400;\">Kako kupiti Ethereum na Binance<\/span><span class=\"ez-toc-section-end\"><\/span><\/h2>\n<p><span style=\"font-weight: 400;\"><a href=\"https:\/\/coinkickoff.com\/sl\/binance-review\/\" data-internallinksmanager029f6b8e52c=\"152\" title=\"Binance Mnenja 2024: Lastnosti, pristojbine, varnost, prednosti in slabosti\">Binance<\/a> je najve\u010dji na svetu. <a href=\"https:\/\/coinkickoff.com\/sl\/crypto-exchanges\/\" data-internallinksmanager029f6b8e52c=\"141\" title=\"21 Najbolj\u0161e menjalnice kriptovalut in aplikacije v letu 2024\">izmenjava kriptovalut<\/a> po obsegu trgovanja in ga milijoni po vsem svetu uporabljajo za nakup priljubljenih kripto\u017eetonov, kot so <a href=\"https:\/\/coinkickoff.com\/sl\/bitcoin-btc\/\" data-internallinksmanager029f6b8e52c=\"1\" title=\"Kaj je Bitcoin (BTC)? Cena, zgodovina in kje kupiti\">Bitcoin<\/a> in . <a href=\"https:\/\/coinkickoff.com\/sl\/ethereum-eth\/\" data-internallinksmanager029f6b8e52c=\"2\" title=\"Kaj je Ethereum (ETH)? Cena, zgodovina in kje kupiti\">Ethereum<\/a>.<\/span><\/p>\n<p><span style=\"font-weight: 400;\">V tem vodniku bomo pojasnili, kako kupiti Ethereum na Binance z navodili korak za korakom.<\/span><\/p>\n<p><span style=\"font-weight: 400;\">\u010ce ste uporabnik iz ZDA, si oglejte na\u0161 vodnik za nakup Ethereum na Binance v ZDA.<\/span><\/p>\n<h2><span class=\"ez-toc-section\" id=\"A_Step-By-Step_Guide_on_How_to_Buy_Ethereum_on_Binance\"><\/span><span style=\"font-weight: 400;\">Vodnik po korakih, kako kupiti Ethereum na Binance<\/span><span class=\"ez-toc-section-end\"><\/span><\/h2>\n<h3><span class=\"ez-toc-section\" id=\"1_Register_an_Account_on_Binance\"><\/span><span style=\"font-weight: 400;\">1. Registracija ra\u010duna na Binance<\/span><span class=\"ez-toc-section-end\"><\/span><\/h3>\n<h2><img loading=\"lazy\" decoding=\"async\" class=\"alignnone wp-image-3245 size-full\" style=\"font-size: 18px; font-family: Muli, sans-serif;\" src=\"https:\/\/coinkickoff.com\/wp-content\/uploads\/binance-register.png\" alt=\"kupiti doge na binance register\" width=\"1430\" height=\"798\" srcset=\"https:\/\/coinkickoff.com\/wp-content\/uploads\/binance-register.png 1430w, https:\/\/coinkickoff.com\/wp-content\/uploads\/binance-register-300x167.png 300w, https:\/\/coinkickoff.com\/wp-content\/uploads\/binance-register-1024x571.png 1024w, https:\/\/coinkickoff.com\/wp-content\/uploads\/binance-register-768x429.png 768w, https:\/\/coinkickoff.com\/wp-content\/uploads\/binance-register-18x10.png 18w\" sizes=\"auto, (max-width: 1430px) 100vw, 1430px\" \/><\/h2>\n<p><span style=\"font-weight: 400;\">\u010ce nimate ra\u010duna Binance, pojdite na <\/span><a href=\"https:\/\/accounts.binance.com\/register?ref=BLJQ60RW\" target=\"_blank\" rel=\"noopener\"><span style=\"font-weight: 400;\">Uradna spletna stran Binance<\/span><\/a><span style=\"font-weight: 400;\"> in se prijavite. Prijavite se lahko s telefonsko \u0161tevilko ali e-po\u0161tnim naslovom. Kodo za potrditev ra\u010duna boste prejeli v predal za sporo\u010dila. S to kodo se prijavite v Binance.\u00a0<\/span><\/p>\n<h3><span class=\"ez-toc-section\" id=\"2_Verify_Your_Account\"><\/span><span style=\"font-weight: 400;\">2. Potrdite svoj ra\u010dun<\/span><span class=\"ez-toc-section-end\"><\/span><\/h3>\n<p><img loading=\"lazy\" decoding=\"async\" class=\"alignnone wp-image-3247 size-full\" src=\"https:\/\/coinkickoff.com\/wp-content\/uploads\/binance-verification-0-e1686527478138.png\" alt=\"preverjanje binance \" width=\"1438\" height=\"730\" srcset=\"https:\/\/coinkickoff.com\/wp-content\/uploads\/binance-verification-0-e1686527478138.png 1438w, https:\/\/coinkickoff.com\/wp-content\/uploads\/binance-verification-0-e1686527478138-300x152.png 300w, https:\/\/coinkickoff.com\/wp-content\/uploads\/binance-verification-0-e1686527478138-1024x520.png 1024w, https:\/\/coinkickoff.com\/wp-content\/uploads\/binance-verification-0-e1686527478138-768x390.png 768w, https:\/\/coinkickoff.com\/wp-content\/uploads\/binance-verification-0-e1686527478138-18x9.png 18w\" sizes=\"auto, (max-width: 1438px) 100vw, 1438px\" \/><\/p>\n<p><span style=\"font-weight: 400;\">V zgornjem desnem kotu strani (poleg zavihka \"Naro\u010dila\") je ikona va\u0161ega profila. Kliknite nanjo, da se odpre stran za preverjanje. Kliknite \"Get Verified\".<\/span><\/p>\n<p><img loading=\"lazy\" decoding=\"async\" class=\"alignnone wp-image-3246 size-full\" src=\"https:\/\/coinkickoff.com\/wp-content\/uploads\/binance-verification.png\" alt=\"preverjanje binance\" width=\"1239\" height=\"752\" srcset=\"https:\/\/coinkickoff.com\/wp-content\/uploads\/binance-verification.png 1239w, https:\/\/coinkickoff.com\/wp-content\/uploads\/binance-verification-300x182.png 300w, https:\/\/coinkickoff.com\/wp-content\/uploads\/binance-verification-1024x622.png 1024w, https:\/\/coinkickoff.com\/wp-content\/uploads\/binance-verification-768x466.png 768w, https:\/\/coinkickoff.com\/wp-content\/uploads\/binance-verification-18x12.png 18w\" sizes=\"auto, (max-width: 1239px) 100vw, 1239px\" \/><\/p>\n<p><span style=\"font-weight: 400;\">S seznama na vrhu strani izberite dr\u017eavo ali regijo prebivali\u0161\u010da. Ko izberete svojo regijo ali dr\u017eavo, si lahko ogledate zahteve za preverjanje. Za za\u010detek kliknite \"Verify\" (Preveri).<\/span><\/p>\n<p><img loading=\"lazy\" decoding=\"async\" class=\"alignnone wp-image-3248 size-full\" src=\"https:\/\/coinkickoff.com\/wp-content\/uploads\/binance-verification-2.png\" alt=\"kako kupiti Ethereum na Binance\" width=\"563\" height=\"686\" srcset=\"https:\/\/coinkickoff.com\/wp-content\/uploads\/binance-verification-2.png 563w, https:\/\/coinkickoff.com\/wp-content\/uploads\/binance-verification-2-246x300.png 246w, https:\/\/coinkickoff.com\/wp-content\/uploads\/binance-verification-2-10x12.png 10w\" sizes=\"auto, (max-width: 563px) 100vw, 563px\" \/><\/p>\n<p><span style=\"font-weight: 400;\">Vnesite potrebne podatke in kliknite \"Nadaljuj\". Za potrditev podatkov boste morali nalo\u017eiti osebni dokument s fotografijo. Pomembno je, da se va\u0161e ime in datum rojstva ujemata z osebnim dokumentom, ki ga predlo\u017eite platformi.<\/span><\/p>\n<h3><span class=\"ez-toc-section\" id=\"3_Deposit_FundsCrypto\"><\/span><span style=\"font-weight: 400;\">3. Depozitna sredstva\/kripto<\/span><span class=\"ez-toc-section-end\"><\/span><\/h3>\n<p><img loading=\"lazy\" decoding=\"async\" class=\"alignnone wp-image-3254 size-full\" style=\"font-family: 'Helvetica Neue', Helvetica, Arial, sans-serif; font-size: 20px;\" src=\"https:\/\/coinkickoff.com\/wp-content\/uploads\/binance-deposit-2.png\" alt=\"\" width=\"926\" height=\"796\" srcset=\"https:\/\/coinkickoff.com\/wp-content\/uploads\/binance-deposit-2.png 926w, https:\/\/coinkickoff.com\/wp-content\/uploads\/binance-deposit-2-300x258.png 300w, https:\/\/coinkickoff.com\/wp-content\/uploads\/binance-deposit-2-768x660.png 768w, https:\/\/coinkickoff.com\/wp-content\/uploads\/binance-deposit-2-14x12.png 14w\" sizes=\"auto, (max-width: 926px) 100vw, 926px\" \/><\/p>\n<h3><span class=\"ez-toc-section\" id=\"Click_on_%E2%80%9CDeposit%E2%80%9D_to_see_all_the_deposit_options_The_three_options_are_depositing_crypto_depositing_fiat_currencies_and_adding_credit_cards_or_other_payment_methods\"><\/span><span style=\"font-weight: 400;\">S klikom na \"Deposit\" si oglejte vse mo\u017enosti nakazil. Tri mo\u017enosti so deponiranje kriptovalut, deponiranje fiat valut in dodajanje kreditnih kartic ali drugih na\u010dinov pla\u010dila.<\/span><span class=\"ez-toc-section-end\"><\/span><\/h3>\n<p><span style=\"font-weight: 400;\">\u010ce imate kriptovaluto in jo \u017eelite zamenjati za ETH, lahko kliknete \"Deposit Crypto\", da dobite naslov za nakazilo.\u00a0<\/span><\/p>\n<p><span style=\"font-weight: 400;\">Vendar ve\u010dina za\u010detnikov te mo\u017enosti nima in mora dodati na\u010din pla\u010dila ali opraviti polog fiat z ban\u010dnim nakazilom.<\/span><\/p>\n<p><span style=\"font-weight: 400;\">Kliknite \"Fiat depozit\". Na naslednji strani izberite valuto, ki jo \u017eelite polo\u017eiti. Binance sprejema \u0161tevilne lokalne valute, zato ne boste imeli te\u017eav z iskanjem prave mo\u017enosti.<\/span><\/p>\n<h3><img loading=\"lazy\" decoding=\"async\" class=\"alignnone wp-image-3256 size-full\" style=\"font-size: 18px; font-family: Muli, sans-serif;\" src=\"https:\/\/coinkickoff.com\/wp-content\/uploads\/binance-fiat-deposit-3.png\" alt=\"\" width=\"1052\" height=\"778\" srcset=\"https:\/\/coinkickoff.com\/wp-content\/uploads\/binance-fiat-deposit-3.png 1052w, https:\/\/coinkickoff.com\/wp-content\/uploads\/binance-fiat-deposit-3-300x222.png 300w, https:\/\/coinkickoff.com\/wp-content\/uploads\/binance-fiat-deposit-3-1024x757.png 1024w, https:\/\/coinkickoff.com\/wp-content\/uploads\/binance-fiat-deposit-3-768x568.png 768w, https:\/\/coinkickoff.com\/wp-content\/uploads\/binance-fiat-deposit-3-16x12.png 16w\" sizes=\"auto, (max-width: 1052px) 100vw, 1052px\" \/><\/h3>\n<p><span style=\"font-weight: 400;\">Binance ponuja razli\u010dne na\u010dine izvedbe pologa, obi\u010dajno pa je nekaj priporo\u010denih na\u010dinov. Pod vsako mo\u017enostjo si lahko ogledate podrobnosti o pristojbinah.<\/span><\/p>\n<p><span style=\"font-weight: 400;\">Kot lahko vidite, lahko za nakup kriptovalut na platformi opravite prenose SEPA ali spletne banke ali dodate ban\u010dno kartico.<\/span><\/p>\n<p><span style=\"font-weight: 400;\">\u010ce izberete mo\u017enost \"Druge metode\", se lahko pove\u017eete z aplikacijami tretjih oseb, kot sta Banxa ali Simplex. Binance podpira tudi nakupe prek Google Pay in Apple Pay.<\/span><\/p>\n<p><span style=\"font-weight: 400;\">\u00a0Izberite \u017eeleni na\u010din nakazovanja in kliknite \"Nadaljuj\". Morda boste preusmerjeni na svoj ban\u010dni ra\u010dun ali ponudnika spletnega ban\u010dni\u0161tva. Za dokon\u010danje pologa sledite navodilom na zaslonu.<\/span><\/p>\n<h3><span class=\"ez-toc-section\" id=\"4_Navigate_to_the_Relevant_Screen_to_Buy\"><\/span><span style=\"font-weight: 400;\">4. Premaknite se na ustrezno okno za nakup<\/span><span class=\"ez-toc-section-end\"><\/span><\/h3>\n<p><span style=\"font-weight: 400;\">Ko dodate na\u010din pla\u010dila ali polo\u017eite sredstva, ste pripravljeni za nakup Ethereum. Na glavnem zaslonu kliknite gumb \"Nakup kriptovalute\".<\/span><\/p>\n<p><span style=\"font-weight: 400;\">Stran \"Nakup kriptovalut\" je zelo enostavna za navigacijo: V stolpcu \"Porabi\" izberite valuto, ki jo \u017eelite porabiti, in vnesite znesek.<\/span><\/p>\n<p><img loading=\"lazy\" decoding=\"async\" class=\"alignnone wp-image-3249 size-full\" src=\"https:\/\/coinkickoff.com\/wp-content\/uploads\/binance-buy-sell-crypto.png\" alt=\"\" width=\"1056\" height=\"642\" srcset=\"https:\/\/coinkickoff.com\/wp-content\/uploads\/binance-buy-sell-crypto.png 1056w, https:\/\/coinkickoff.com\/wp-content\/uploads\/binance-buy-sell-crypto-300x182.png 300w, https:\/\/coinkickoff.com\/wp-content\/uploads\/binance-buy-sell-crypto-1024x623.png 1024w, https:\/\/coinkickoff.com\/wp-content\/uploads\/binance-buy-sell-crypto-768x467.png 768w, https:\/\/coinkickoff.com\/wp-content\/uploads\/binance-buy-sell-crypto-18x12.png 18w\" sizes=\"auto, (max-width: 1056px) 100vw, 1056px\" \/><\/p>\n<p><span style=\"font-weight: 400;\">Nastavite stolpec za sprejem na ETH. Tukaj boste videli, koliko etrov boste prejeli za svoj denar.<\/span><\/p>\n<p><img loading=\"lazy\" decoding=\"async\" class=\"alignnone wp-image-3250 size-full\" src=\"https:\/\/coinkickoff.com\/wp-content\/uploads\/binance-buy-sell-crypto-2.png\" alt=\"\" width=\"1079\" height=\"634\" srcset=\"https:\/\/coinkickoff.com\/wp-content\/uploads\/binance-buy-sell-crypto-2.png 1079w, https:\/\/coinkickoff.com\/wp-content\/uploads\/binance-buy-sell-crypto-2-300x176.png 300w, https:\/\/coinkickoff.com\/wp-content\/uploads\/binance-buy-sell-crypto-2-1024x602.png 1024w, https:\/\/coinkickoff.com\/wp-content\/uploads\/binance-buy-sell-crypto-2-768x451.png 768w, https:\/\/coinkickoff.com\/wp-content\/uploads\/binance-buy-sell-crypto-2-18x12.png 18w\" sizes=\"auto, (max-width: 1079px) 100vw, 1079px\" \/><\/p>\n<p><span style=\"font-weight: 400;\">Zdaj kliknite \"Kupi ETH\". Na naslednji strani lahko izberete na\u010din pla\u010dila in si ogledate podrobnosti naro\u010dila, vklju\u010dno z morebitnimi pristojbinami.<\/span><\/p>\n<p><img loading=\"lazy\" decoding=\"async\" class=\"alignnone wp-image-3252 size-full\" src=\"https:\/\/coinkickoff.com\/wp-content\/uploads\/binance-crypto-buy-sell-5.png\" alt=\"Kako kupiti Bitcoin na Binance\" width=\"1047\" height=\"640\" srcset=\"https:\/\/coinkickoff.com\/wp-content\/uploads\/binance-crypto-buy-sell-5.png 1047w, https:\/\/coinkickoff.com\/wp-content\/uploads\/binance-crypto-buy-sell-5-300x183.png 300w, https:\/\/coinkickoff.com\/wp-content\/uploads\/binance-crypto-buy-sell-5-1024x626.png 1024w, https:\/\/coinkickoff.com\/wp-content\/uploads\/binance-crypto-buy-sell-5-768x469.png 768w, https:\/\/coinkickoff.com\/wp-content\/uploads\/binance-crypto-buy-sell-5-18x12.png 18w\" sizes=\"auto, (max-width: 1047px) 100vw, 1047px\" \/><\/p>\n<p><span style=\"font-weight: 400;\">To je to! Upamo, da smo vam pomagali izvedeti, kako kupiti Ethereum na Binance. Ogledate si lahko tudi na\u0161e vodnike o <a href=\"https:\/\/coinkickoff.com\/sl\/how-to-buy-ethereum\/\">kako kupiti Ethereum<\/a> na drugih borzah.<\/span><\/p>","protected":false},"excerpt":{"rendered":"<p>Kako kupiti Ethereum na Binance Binance je najve\u010dja svetovna borza kriptovalut po obsegu trgovanja, ki jo za nakup priljubljenih kriptovalut, kot sta Bitcoin in Ethereum, uporabljajo milijoni ljudi po vsem svetu. V tem vodniku vam bomo z navodili po korakih pojasnili, kako kupiti Ethereum na Binance. \u010ce ste uporabnik iz ZDA, vas prosimo, da [...]<\/p>","protected":false},"author":3,"featured_media":0,"parent":3937,"menu_order":0,"comment_status":"closed","ping_status":"closed","template":"","meta":{"_genesis_hide_title":false,"_genesis_hide_breadcrumbs":false,"_genesis_hide_singular_image":false,"_genesis_hide_footer_widgets":false,"_genesis_custom_body_class":"","_genesis_custom_post_class":"","_genesis_layout":"","_glsr_average":0,"_glsr_ranking":0,"_glsr_reviews":0,"footnotes":""},"class_list":{"0":"post-3951","1":"page","2":"type-page","3":"status-publish","5":"entry"},"featured_image_src":null,"featured_image_src_square":null,"_links":{"self":[{"href":"https:\/\/coinkickoff.com\/sl\/wp-json\/wp\/v2\/pages\/3951","targetHints":{"allow":["GET"]}}],"collection":[{"href":"https:\/\/coinkickoff.com\/sl\/wp-json\/wp\/v2\/pages"}],"about":[{"href":"https:\/\/coinkickoff.com\/sl\/wp-json\/wp\/v2\/types\/page"}],"author":[{"embeddable":true,"href":"https:\/\/coinkickoff.com\/sl\/wp-json\/wp\/v2\/users\/3"}],"replies":[{"embeddable":true,"href":"https:\/\/coinkickoff.com\/sl\/wp-json\/wp\/v2\/comments?post=3951"}],"version-history":[{"count":1,"href":"https:\/\/coinkickoff.com\/sl\/wp-json\/wp\/v2\/pages\/3951\/revisions"}],"predecessor-version":[{"id":3953,"href":"https:\/\/coinkickoff.com\/sl\/wp-json\/wp\/v2\/pages\/3951\/revisions\/3953"}],"up":[{"embeddable":true,"href":"https:\/\/coinkickoff.com\/sl\/wp-json\/wp\/v2\/pages\/3937"}],"wp:attachment":[{"href":"https:\/\/coinkickoff.com\/sl\/wp-json\/wp\/v2\/media?parent=3951"}],"curies":[{"name":"wp","href":"https:\/\/api.w.org\/{rel}","templated":true}]}}