{"id":3892,"date":"2026-01-08T14:07:43","date_gmt":"2026-01-08T14:07:43","guid":{"rendered":"https:\/\/coinkickoff.com\/?page_id=3892"},"modified":"2026-01-08T14:07:43","modified_gmt":"2026-01-08T14:07:43","slug":"how-to-buy-bitcoin-on-okx","status":"publish","type":"page","link":"https:\/\/coinkickoff.com\/sl\/how-to-buy-bitcoin\/how-to-buy-bitcoin-on-okx\/","title":{"rendered":"Kako kupiti Bitcoin na OKX"},"content":{"rendered":"<div id=\"ez-toc-container\" class=\"ez-toc-v2_0_80 counter-hierarchy ez-toc-counter ez-toc-transparent ez-toc-container-direction\">\n<div class=\"ez-toc-title-container\">\n<p class=\"ez-toc-title\" style=\"cursor:inherit\">Oddelki<\/p>\n<span class=\"ez-toc-title-toggle\"><a href=\"#\" class=\"ez-toc-pull-right ez-toc-btn ez-toc-btn-xs ez-toc-btn-default ez-toc-toggle\" aria-label=\"Toggle Tabela vsebine\"><span class=\"ez-toc-js-icon-con\"><span class=\"\"><span class=\"eztoc-hide\" style=\"display:none;\">Toggle<\/span><span class=\"ez-toc-icon-toggle-span\"><svg style=\"fill: #999;color:#999\" xmlns=\"http:\/\/www.w3.org\/2000\/svg\" class=\"list-377408\" width=\"20px\" height=\"20px\" viewbox=\"0 0 24 24\" fill=\"none\"><path d=\"M6 6H4v2h2V6zm14 0H8v2h12V6zM4 11h2v2H4v-2zm16 0H8v2h12v-2zM4 16h2v2H4v-2zm16 0H8v2h12v-2z\" fill=\"currentColor\"><\/path><\/svg><svg style=\"fill: #999;color:#999\" class=\"arrow-unsorted-368013\" xmlns=\"http:\/\/www.w3.org\/2000\/svg\" width=\"10px\" height=\"10px\" viewbox=\"0 0 24 24\" version=\"1.2\" baseprofile=\"tiny\"><path d=\"M18.2 9.3l-6.2-6.3-6.2 6.3c-.2.2-.3.4-.3.7s.1.5.3.7c.2.2.4.3.7.3h11c.3 0 .5-.1.7-.3.2-.2.3-.5.3-.7s-.1-.5-.3-.7zM5.8 14.7l6.2 6.3 6.2-6.3c.2-.2.3-.5.3-.7s-.1-.5-.3-.7c-.2-.2-.4-.3-.7-.3h-11c-.3 0-.5.1-.7.3-.2.2-.3.5-.3.7s.1.5.3.7z\"\/><\/svg><\/span><\/span><\/span><\/a><\/span><\/div>\n<nav><ul class='ez-toc-list ez-toc-list-level-1 eztoc-toggle-hide-by-default' ><li class='ez-toc-page-1 ez-toc-heading-level-2'><a class=\"ez-toc-link ez-toc-heading-1\" href=\"https:\/\/coinkickoff.com\/sl\/how-to-buy-bitcoin\/how-to-buy-bitcoin-on-okx\/#How_to_Buy_Bitcoin_on_OKX\" >Kako kupiti Bitcoin na OKX<\/a><\/li><li class='ez-toc-page-1 ez-toc-heading-level-2'><a class=\"ez-toc-link ez-toc-heading-2\" href=\"https:\/\/coinkickoff.com\/sl\/how-to-buy-bitcoin\/how-to-buy-bitcoin-on-okx\/#A_Step-By-Step_Guide_on_How_to_Buy_Bitcoin_on_OKX\" >Vodnik po korakih, kako kupiti Bitcoin na OKX<\/a><ul class='ez-toc-list-level-3' ><li class='ez-toc-heading-level-3'><a class=\"ez-toc-link ez-toc-heading-3\" href=\"https:\/\/coinkickoff.com\/sl\/how-to-buy-bitcoin\/how-to-buy-bitcoin-on-okx\/#1_Register_an_Account\" >1. Registracija ra\u010duna<\/a><\/li><li class='ez-toc-page-1 ez-toc-heading-level-3'><a class=\"ez-toc-link ez-toc-heading-4\" href=\"https:\/\/coinkickoff.com\/sl\/how-to-buy-bitcoin\/how-to-buy-bitcoin-on-okx\/#2_Verify_Your_Account\" >2. Potrdite svoj ra\u010dun<\/a><\/li><li class='ez-toc-page-1 ez-toc-heading-level-3'><a class=\"ez-toc-link ez-toc-heading-5\" href=\"https:\/\/coinkickoff.com\/sl\/how-to-buy-bitcoin\/how-to-buy-bitcoin-on-okx\/#3_Deposit_FundsCrypto\" >3. Depozitna sredstva\/kripto<\/a><\/li><li class='ez-toc-page-1 ez-toc-heading-level-3'><a class=\"ez-toc-link ez-toc-heading-6\" href=\"https:\/\/coinkickoff.com\/sl\/how-to-buy-bitcoin\/how-to-buy-bitcoin-on-okx\/#4_Navigate_to_the_Relevant_Screen_to_Buy\" >4. Premaknite se na ustrezno okno za nakup<\/a><\/li><\/ul><\/li><\/ul><\/nav><\/div>\n<h2><span class=\"ez-toc-section\" id=\"How_to_Buy_Bitcoin_on_OKX\"><\/span><span style=\"font-weight: 400;\">Kako kupiti Bitcoin na OKX<\/span><span class=\"ez-toc-section-end\"><\/span><\/h2>\n<p><a href=\"https:\/\/coinkickoff.com\/sl\/okx-review\/\"><span style=\"font-weight: 400;\">OKX<\/span><\/a><span style=\"font-weight: 400;\"> je globalna borza, ki prodaja na stotine digitalnih sredstev, vklju\u010dno z <a href=\"https:\/\/coinkickoff.com\/sl\/bitcoin-btc\/\" data-internallinksmanager029f6b8e52c=\"1\" title=\"Kaj je Bitcoin (BTC)? Cena, zgodovina in kje kupiti\">Bitcoin<\/a>, ki je najdragocenej\u0161a kriptovaluta na svetu. BTC lahko preprosto kupite na <a href=\"https:\/\/coinkickoff.com\/sl\/okx-review\/\" data-internallinksmanager029f6b8e52c=\"150\" title=\"Ocene OKX za leto 2023: Pristojbine, funkcije, varnost, prednosti in slabosti\">OKX<\/a> prek preprostega vmesnika za nakup z enim klikom.<\/span><\/p>\n<p><span style=\"font-weight: 400;\">\u010ce ste pripravljeni za\u010deti pustolov\u0161\u010dino Bitcoin v OKX, vendar niste prepri\u010dani, kaj storiti, ne skrbite. Tukaj je podroben vodnik, kako kupiti Bitcoin na OKX.<\/span><\/p>\n<h2><span class=\"ez-toc-section\" id=\"A_Step-By-Step_Guide_on_How_to_Buy_Bitcoin_on_OKX\"><\/span><span style=\"font-weight: 400;\">Vodnik po korakih, kako kupiti Bitcoin na OKX<\/span><span class=\"ez-toc-section-end\"><\/span><\/h2>\n<h3><span class=\"ez-toc-section\" id=\"1_Register_an_Account\"><\/span><span style=\"font-weight: 400;\">1. Registracija ra\u010duna<\/span><span class=\"ez-toc-section-end\"><\/span><\/h3>\n<p><span style=\"font-weight: 400;\">Za\u010dnimo z obiskom <\/span><a href=\"https:\/\/www.okx.com\/join\/65358827?irclickid=wGZRfu0xLxyPUxZS3K3eC293UkAS%3A3XkEUiYUw0&amp;Channelid=&amp;sharedid=&amp;irgwc=1\" target=\"_blank\" rel=\"noopener\"><span style=\"font-weight: 400;\">Spletna stran OKX<\/span><\/a><span style=\"font-weight: 400;\"> in ustvarjanje ra\u010duna.\u00a0 <\/span><\/p>\n<p><img loading=\"lazy\" decoding=\"async\" class=\"alignnone wp-image-3286 size-full\" src=\"https:\/\/coinkickoff.com\/wp-content\/uploads\/okx-sign-up.png\" alt=\"kako kupiti dogecoin na okx se prijavite\" width=\"1410\" height=\"721\" srcset=\"https:\/\/coinkickoff.com\/wp-content\/uploads\/okx-sign-up.png 1410w, https:\/\/coinkickoff.com\/wp-content\/uploads\/okx-sign-up-300x153.png 300w, https:\/\/coinkickoff.com\/wp-content\/uploads\/okx-sign-up-1024x524.png 1024w, https:\/\/coinkickoff.com\/wp-content\/uploads\/okx-sign-up-768x393.png 768w, https:\/\/coinkickoff.com\/wp-content\/uploads\/okx-sign-up-18x9.png 18w\" sizes=\"auto, (max-width: 1410px) 100vw, 1410px\" \/><\/p>\n<p><span style=\"font-weight: 400;\">V OKX se lahko prijavite z e-po\u0161to, telefonsko \u0161tevilko ali celo z ra\u010duni Google ali Telegram.\u00a0\u00a0<\/span><\/p>\n<h3><span class=\"ez-toc-section\" id=\"2_Verify_Your_Account\"><\/span><span style=\"font-weight: 400;\">2. Potrdite svoj ra\u010dun<\/span><span class=\"ez-toc-section-end\"><\/span><\/h3>\n<p><span style=\"font-weight: 400;\">\u010ce \u017eelite kupiti Bitcoin z digitalnimi sredstvi, ki jih \u017ee imate, lahko preverjanje identitete presko\u010dite. OKX vam omogo\u010da trgovanje s kriptovalutami brez preverjanja identitete. Svoje coins lahko preprosto po\u0161ljete v denarnico OKX in jih zamenjate za BTC.\u00a0<\/span><\/p>\n<p><span style=\"font-weight: 400;\">Po drugi strani pa morate, \u010de \u0161e nimate v lasti coins ali \u017eelite kupiti BTC s fiat denarjem, opraviti postopek preverjanja identitete.<\/span><\/p>\n<p><span style=\"font-weight: 400;\">To je povsem preprosto. Kliknite ikono profila v zgornjem desnem kotu strani in izberite zavihek Preverjanje.<\/span><\/p>\n<p><img loading=\"lazy\" decoding=\"async\" class=\"alignnone wp-image-3287 size-full\" src=\"https:\/\/coinkickoff.com\/wp-content\/uploads\/okx-verif.png\" alt=\"\" width=\"1417\" height=\"694\" srcset=\"https:\/\/coinkickoff.com\/wp-content\/uploads\/okx-verif.png 1417w, https:\/\/coinkickoff.com\/wp-content\/uploads\/okx-verif-300x147.png 300w, https:\/\/coinkickoff.com\/wp-content\/uploads\/okx-verif-1024x502.png 1024w, https:\/\/coinkickoff.com\/wp-content\/uploads\/okx-verif-768x376.png 768w, https:\/\/coinkickoff.com\/wp-content\/uploads\/okx-verif-18x9.png 18w\" sizes=\"auto, (max-width: 1417px) 100vw, 1417px\" \/><\/p>\n<p><span style=\"font-weight: 400;\">Na strani za preverjanje lahko izbirate med individualnim ra\u010dunom in ra\u010dunom podjetja. \u010ce ne trgujete v imenu podjetja, morate izbrati individualni ra\u010dun in pritisniti gumb \"Nadaljuj\".<\/span><\/p>\n<p><img loading=\"lazy\" decoding=\"async\" class=\"alignnone wp-image-3288 size-full\" src=\"https:\/\/coinkickoff.com\/wp-content\/uploads\/okx-ver2.png\" alt=\"\" width=\"1426\" height=\"486\" srcset=\"https:\/\/coinkickoff.com\/wp-content\/uploads\/okx-ver2.png 1426w, https:\/\/coinkickoff.com\/wp-content\/uploads\/okx-ver2-300x102.png 300w, https:\/\/coinkickoff.com\/wp-content\/uploads\/okx-ver2-1024x349.png 1024w, https:\/\/coinkickoff.com\/wp-content\/uploads\/okx-ver2-768x262.png 768w, https:\/\/coinkickoff.com\/wp-content\/uploads\/okx-ver2-18x6.png 18w\" sizes=\"auto, (max-width: 1426px) 100vw, 1426px\" \/><\/p>\n<p><span style=\"font-weight: 400;\">Izpolnite obrazec in se prepri\u010dajte, da ste vpisali svoje ime, kot je zapisano v va\u0161i osebni izkaznici. Za potrditev identitete boste morali nalo\u017eiti tudi uradni osebni dokument s fotografijo.<\/span><\/p>\n<p><img loading=\"lazy\" decoding=\"async\" class=\"alignnone wp-image-3289 size-full\" src=\"https:\/\/coinkickoff.com\/wp-content\/uploads\/okx-ver3.png\" alt=\"\" width=\"1427\" height=\"666\" srcset=\"https:\/\/coinkickoff.com\/wp-content\/uploads\/okx-ver3.png 1427w, https:\/\/coinkickoff.com\/wp-content\/uploads\/okx-ver3-300x140.png 300w, https:\/\/coinkickoff.com\/wp-content\/uploads\/okx-ver3-1024x478.png 1024w, https:\/\/coinkickoff.com\/wp-content\/uploads\/okx-ver3-768x358.png 768w, https:\/\/coinkickoff.com\/wp-content\/uploads\/okx-ver3-18x8.png 18w\" sizes=\"auto, (max-width: 1427px) 100vw, 1427px\" \/><\/p>\n<h3><span class=\"ez-toc-section\" id=\"3_Deposit_FundsCrypto\"><\/span><span style=\"font-weight: 400;\">3. Depozitna sredstva\/kripto<\/span><span class=\"ez-toc-section-end\"><\/span><\/h3>\n<p><span style=\"font-weight: 400;\">Ponovno kliknite ikono profila in izberite zavihek \"Pregled\". Kot lahko vidite, so va\u0161e mo\u017enosti nakup kriptovalut s kreditno kartico ali polog coins v denarnici OKX.\u00a0<\/span><\/p>\n<p><span style=\"font-weight: 400;\">\u010ce \u017ee imate coins, kliknite \"Vpla\u010dilo\" in sledite navodilom za dokon\u010danje vpla\u010dila v OKX.<\/span><\/p>\n<p><span style=\"font-weight: 400;\">\u010ce \u017eelite Bitcoin kupiti s kreditno kartico, izberite \"Nakup s kartico\".<\/span><\/p>\n<p><img loading=\"lazy\" decoding=\"async\" class=\"alignnone wp-image-3290 size-full\" src=\"https:\/\/coinkickoff.com\/wp-content\/uploads\/okx-verif-1.png\" alt=\"\" width=\"1417\" height=\"694\" srcset=\"https:\/\/coinkickoff.com\/wp-content\/uploads\/okx-verif-1.png 1417w, https:\/\/coinkickoff.com\/wp-content\/uploads\/okx-verif-1-300x147.png 300w, https:\/\/coinkickoff.com\/wp-content\/uploads\/okx-verif-1-1024x502.png 1024w, https:\/\/coinkickoff.com\/wp-content\/uploads\/okx-verif-1-768x376.png 768w, https:\/\/coinkickoff.com\/wp-content\/uploads\/okx-verif-1-18x9.png 18w\" sizes=\"auto, (max-width: 1417px) 100vw, 1417px\" \/><\/p>\n<h3><span class=\"ez-toc-section\" id=\"4_Navigate_to_the_Relevant_Screen_to_Buy\"><\/span><span style=\"font-weight: 400;\">4. Premaknite se na ustrezno okno za nakup<\/span><span class=\"ez-toc-section-end\"><\/span><\/h3>\n<p><span style=\"font-weight: 400;\">\u010ce izberete mo\u017enost \"Nakup s kartico\", boste pristali na strani za nakup z enim klikom.<\/span><\/p>\n<p><img loading=\"lazy\" decoding=\"async\" class=\"alignnone wp-image-3291 size-full\" src=\"https:\/\/coinkickoff.com\/wp-content\/uploads\/Screen-Shot-2023-03-24-at-5.59.53-AM-e1686184694963.png\" alt=\"Kako kupiti Bitcoin na OKX\" width=\"1439\" height=\"802\" \/><\/p>\n<p><span style=\"font-weight: 400;\">V stolpec \"Pla\u010da\u0161\" vnesite znesek, ki ga \u017eelite porabiti. V stolpcu \"Prejme\u0161\" boste videli, koliko BTC boste prejeli. Gradnik \"Kupi\" je privzeto nastavljen na BTC, vendar ga lahko nastavite tudi ro\u010dno, tako da kliknete majhno pu\u0161\u010dico poleg njegovega imena.<\/span><\/p>\n<p><span style=\"font-weight: 400;\">Ko izpolnite obrazec, preverite podrobnosti naro\u010dila. \u010ce je vse v redu, pritisnite gumb \"Kupi BTC\".<\/span><\/p>\n<p>&nbsp;<\/p>\n<p><img loading=\"lazy\" decoding=\"async\" class=\"alignnone wp-image-3292 size-full\" src=\"https:\/\/coinkickoff.com\/wp-content\/uploads\/buydogeend.png\" alt=\"\" width=\"1432\" height=\"798\" srcset=\"https:\/\/coinkickoff.com\/wp-content\/uploads\/buydogeend.png 1432w, https:\/\/coinkickoff.com\/wp-content\/uploads\/buydogeend-300x167.png 300w, https:\/\/coinkickoff.com\/wp-content\/uploads\/buydogeend-1024x571.png 1024w, https:\/\/coinkickoff.com\/wp-content\/uploads\/buydogeend-768x428.png 768w, https:\/\/coinkickoff.com\/wp-content\/uploads\/buydogeend-18x10.png 18w\" sizes=\"auto, (max-width: 1432px) 100vw, 1432px\" \/><\/p>\n<p><span style=\"font-weight: 400;\">Zdaj je \u010das, da izberete na\u010din pla\u010dila. OKX podpira ve\u010d pla\u010dilnih metod in pla\u010dilnih procesorjev tretjih oseb, vklju\u010dno s Simplex, Banxa in Mercuryo. Za pla\u010dilo nakupa se lahko pove\u017eete tudi s svojim ra\u010dunom Payoneer ali Revolut.<\/span><\/p>\n<p><span style=\"font-weight: 400;\">Izberite na\u010din pla\u010dila in kliknite \"Preveri\". In to je to! Zdaj veste, kako kupiti Bitcoin na OKX.<\/span><\/p>","protected":false},"excerpt":{"rendered":"<p>Kako kupiti Bitcoin na borzi OKX OKX je globalna borza, ki prodaja na stotine digitalnih sredstev, vklju\u010dno z Bitcoin, najbolj dragoceno kriptovaluto na svetu. Bitcoin na borzi OKX lahko preprosto kupite prek preprostega vmesnika za nakup z enim klikom. \u010ce ste pripravljeni za\u010deti svojo pustolov\u0161\u010dino z Bitcoin na borzi OKX, vendar niste prepri\u010dani, kaj storiti, ne [...]<\/p>","protected":false},"author":3,"featured_media":0,"parent":3885,"menu_order":0,"comment_status":"closed","ping_status":"closed","template":"","meta":{"_genesis_hide_title":false,"_genesis_hide_breadcrumbs":false,"_genesis_hide_singular_image":false,"_genesis_hide_footer_widgets":false,"_genesis_custom_body_class":"","_genesis_custom_post_class":"","_genesis_layout":"","_glsr_average":0,"_glsr_ranking":0,"_glsr_reviews":0,"footnotes":""},"class_list":{"0":"post-3892","1":"page","2":"type-page","3":"status-publish","5":"entry"},"featured_image_src":null,"featured_image_src_square":null,"_links":{"self":[{"href":"https:\/\/coinkickoff.com\/sl\/wp-json\/wp\/v2\/pages\/3892","targetHints":{"allow":["GET"]}}],"collection":[{"href":"https:\/\/coinkickoff.com\/sl\/wp-json\/wp\/v2\/pages"}],"about":[{"href":"https:\/\/coinkickoff.com\/sl\/wp-json\/wp\/v2\/types\/page"}],"author":[{"embeddable":true,"href":"https:\/\/coinkickoff.com\/sl\/wp-json\/wp\/v2\/users\/3"}],"replies":[{"embeddable":true,"href":"https:\/\/coinkickoff.com\/sl\/wp-json\/wp\/v2\/comments?post=3892"}],"version-history":[{"count":1,"href":"https:\/\/coinkickoff.com\/sl\/wp-json\/wp\/v2\/pages\/3892\/revisions"}],"predecessor-version":[{"id":3893,"href":"https:\/\/coinkickoff.com\/sl\/wp-json\/wp\/v2\/pages\/3892\/revisions\/3893"}],"up":[{"embeddable":true,"href":"https:\/\/coinkickoff.com\/sl\/wp-json\/wp\/v2\/pages\/3885"}],"wp:attachment":[{"href":"https:\/\/coinkickoff.com\/sl\/wp-json\/wp\/v2\/media?parent=3892"}],"curies":[{"name":"wp","href":"https:\/\/api.w.org\/{rel}","templated":true}]}}