{"id":3885,"date":"2026-01-08T14:07:52","date_gmt":"2026-01-08T14:07:52","guid":{"rendered":"https:\/\/coinkickoff.com\/?page_id=3885"},"modified":"2026-01-08T14:07:52","modified_gmt":"2026-01-08T14:07:52","slug":"how-to-buy-bitcoin","status":"publish","type":"page","link":"https:\/\/coinkickoff.com\/sl\/how-to-buy-bitcoin\/","title":{"rendered":"Kako kupiti Bitcoin (BTC)"},"content":{"rendered":"<div id=\"ez-toc-container\" class=\"ez-toc-v2_0_80 counter-hierarchy ez-toc-counter ez-toc-transparent ez-toc-container-direction\">\n<div class=\"ez-toc-title-container\">\n<p class=\"ez-toc-title\" style=\"cursor:inherit\">Oddelki<\/p>\n<span class=\"ez-toc-title-toggle\"><a href=\"#\" class=\"ez-toc-pull-right ez-toc-btn ez-toc-btn-xs ez-toc-btn-default ez-toc-toggle\" aria-label=\"Toggle Tabela vsebine\"><span class=\"ez-toc-js-icon-con\"><span class=\"\"><span class=\"eztoc-hide\" style=\"display:none;\">Toggle<\/span><span class=\"ez-toc-icon-toggle-span\"><svg style=\"fill: #999;color:#999\" xmlns=\"http:\/\/www.w3.org\/2000\/svg\" class=\"list-377408\" width=\"20px\" height=\"20px\" viewbox=\"0 0 24 24\" fill=\"none\"><path d=\"M6 6H4v2h2V6zm14 0H8v2h12V6zM4 11h2v2H4v-2zm16 0H8v2h12v-2zM4 16h2v2H4v-2zm16 0H8v2h12v-2z\" fill=\"currentColor\"><\/path><\/svg><svg style=\"fill: #999;color:#999\" class=\"arrow-unsorted-368013\" xmlns=\"http:\/\/www.w3.org\/2000\/svg\" width=\"10px\" height=\"10px\" viewbox=\"0 0 24 24\" version=\"1.2\" baseprofile=\"tiny\"><path d=\"M18.2 9.3l-6.2-6.3-6.2 6.3c-.2.2-.3.4-.3.7s.1.5.3.7c.2.2.4.3.7.3h11c.3 0 .5-.1.7-.3.2-.2.3-.5.3-.7s-.1-.5-.3-.7zM5.8 14.7l6.2 6.3 6.2-6.3c.2-.2.3-.5.3-.7s-.1-.5-.3-.7c-.2-.2-.4-.3-.7-.3h-11c-.3 0-.5.1-.7.3-.2.2-.3.5-.3.7s.1.5.3.7z\"\/><\/svg><\/span><\/span><\/span><\/a><\/span><\/div>\n<nav><ul class='ez-toc-list ez-toc-list-level-1 eztoc-toggle-hide-by-default' ><li class='ez-toc-page-1 ez-toc-heading-level-2'><a class=\"ez-toc-link ez-toc-heading-1\" href=\"https:\/\/coinkickoff.com\/sl\/how-to-buy-bitcoin\/#How_to_Buy_Bitcoin\" >Kako kupiti Bitcoin\u00a0<\/a><\/li><li class='ez-toc-page-1 ez-toc-heading-level-2'><a class=\"ez-toc-link ez-toc-heading-2\" href=\"https:\/\/coinkickoff.com\/sl\/how-to-buy-bitcoin\/#What_Is_Bitcoin\" >Kaj je Bitcoin?<\/a><\/li><li class='ez-toc-page-1 ez-toc-heading-level-2'><a class=\"ez-toc-link ez-toc-heading-3\" href=\"https:\/\/coinkickoff.com\/sl\/how-to-buy-bitcoin\/#Where_Can_I_Buy_Bitcoin\" >Kje lahko kupim Bitcoin?<\/a><\/li><li class='ez-toc-page-1 ez-toc-heading-level-2'><a class=\"ez-toc-link ez-toc-heading-4\" href=\"https:\/\/coinkickoff.com\/sl\/how-to-buy-bitcoin\/#How_to_Buy_Bitcoin-2\" >Kako kupiti Bitcoin<\/a><ul class='ez-toc-list-level-3' ><li class='ez-toc-heading-level-3'><a class=\"ez-toc-link ez-toc-heading-5\" href=\"https:\/\/coinkickoff.com\/sl\/how-to-buy-bitcoin\/#Deciding_on_an_Exchange\" >Odlo\u010ditev o izmenjavi<\/a><\/li><li class='ez-toc-page-1 ez-toc-heading-level-3'><a class=\"ez-toc-link ez-toc-heading-6\" href=\"https:\/\/coinkickoff.com\/sl\/how-to-buy-bitcoin\/#Buying_Bitcoin\" >Nakup Bitcoin<\/a><\/li><li class='ez-toc-page-1 ez-toc-heading-level-3'><a class=\"ez-toc-link ez-toc-heading-7\" href=\"https:\/\/coinkickoff.com\/sl\/how-to-buy-bitcoin\/#Where_to_Store_Bitcoin\" >Kje shraniti Bitcoin<\/a><\/li><li class='ez-toc-page-1 ez-toc-heading-level-3'><a class=\"ez-toc-link ez-toc-heading-8\" href=\"https:\/\/coinkickoff.com\/sl\/how-to-buy-bitcoin\/#BTC_Hard_Wallets\" >BTC Trde denarnice<\/a><ul class='ez-toc-list-level-4' ><li class='ez-toc-heading-level-4'><a class=\"ez-toc-link ez-toc-heading-9\" href=\"https:\/\/coinkickoff.com\/sl\/how-to-buy-bitcoin\/#Exchange_Wallet\" >Exchange denarnica<\/a><\/li><li class='ez-toc-page-1 ez-toc-heading-level-4'><a class=\"ez-toc-link ez-toc-heading-10\" href=\"https:\/\/coinkickoff.com\/sl\/how-to-buy-bitcoin\/#Self-Custody_Hot_Wallets\" >Vro\u010de denarnice za lastno hrambo<\/a><\/li><\/ul><\/li><\/ul><\/li><\/ul><\/nav><\/div>\n<h2><span class=\"ez-toc-section\" id=\"How_to_Buy_Bitcoin\"><\/span><span style=\"font-weight: 400;\">Kako kupiti Bitcoin\u00a0<\/span><span class=\"ez-toc-section-end\"><\/span><\/h2>\n<p><span style=\"font-weight: 400;\">\u017delite se potopiti na trg kriptovalut in kupiti <a href=\"https:\/\/coinkickoff.com\/sl\/bitcoin-btc\/\">Bitcoin<\/a>! Ste na pravem mestu. V tem \u010dlanku bomo na kratko pojasnili, kaj <a href=\"https:\/\/coinkickoff.com\/sl\/bitcoin-btc\/\" data-internallinksmanager029f6b8e52c=\"1\" title=\"Kaj je Bitcoin (BTC)? Cena, zgodovina in kje kupiti\">Bitcoin<\/a> je, kako deluje in kje lahko kupite tako imenovano digitalno zlato.<\/span><\/p>\n<h2><span class=\"ez-toc-section\" id=\"What_Is_Bitcoin\"><\/span><span style=\"font-weight: 400;\">Kaj je Bitcoin?<\/span><span class=\"ez-toc-section-end\"><\/span><\/h2>\n<p><span style=\"font-weight: 400;\">\u010ce v zadnjem desetletju niste spali, verjetno \u017ee veste za Bitcoin. To je kriptovaluta OG, GOAT, s katero se je vse za\u010delo. Potem ko jo je leta 2009 predstavil psevdonimni programer, se je Bitcoin nekaj let pretakala po spletu iz ene nerdske kleti v drugo, dokler se nekega dne ni kon\u010dno prepustila velikemu kripto valu, ki je pretresel svetovno gospodarstvo.\u00a0\u00a0<\/span><\/p>\n<p><span style=\"font-weight: 400;\">Bitcoin pa ni le prva kriptovaluta na svetu. Kljub tiso\u010dim drugim digitalnim sredstvom, ki so ji sledila, ostaja najdragocenej\u0161a kriptovaluta coin, ki obstaja.<\/span><\/p>\n<p><span style=\"font-weight: 400;\">Bitcoin je dragocen iz ve\u010d razlogov: ima omejeno ponudbo in dobro likvidnost, zato ga lahko uporabite za takoj\u0161nje prenose vrednosti. Mnogi jo imajo za dolgoro\u010dno nalo\u017ebo, saj se je njena vrednost od uvedbe pove\u010dala z drobi\u017ea na ve\u010d tiso\u010d dolarjev. Ker ga uporablja in rudari veliko ljudi, je v primerjavi s svojimi vrstniki, ki so manj odporni proti poskusom vdora, razmeroma varen.<\/span><\/p>\n<p><span style=\"font-weight: 400;\">Seveda obstajajo tudi slabosti. Gre za nestanovitno premo\u017eenje, nekateri pa trdijo, da so njegove skokovite rasti cen povzro\u010dili tr\u017eni manipulatorji. V primerjavi z drugimi tradicionalnimi in kripto alternativami je po\u010dasnej\u0161i na\u010din pla\u010devanja, njegovo BTC prena\u0161anje pa je lahko precej drago. Obstaja tudi dejstvo, da <\/span><a href=\"https:\/\/www.ecb.europa.eu\/pub\/financial-stability\/macroprudential-bulletin\/html\/ecb.mpbu202207_3~d9614ea8e6.en.html\" target=\"_blank\" rel=\"noopener\"><span style=\"font-weight: 400;\">Bitcoin rudarjenje predstavlja resno gro\u017enjo<\/span><\/a><span style=\"font-weight: 400;\"> na\u0161emu \u017ee <\/span><a href=\"https:\/\/www.theguardian.com\/technology\/2023\/apr\/26\/bitcoin-mining-climate-crisis-environmental-impact\" target=\"_blank\" rel=\"noopener\"><span style=\"font-weight: 400;\">krhko podnebje<\/span><\/a><span style=\"font-weight: 400;\">.<\/span><\/p>\n<p><span style=\"font-weight: 400;\">Preprosto povedano, Bitcoin je stava. Zagovorniki menijo, da bi lahko bil zlato prihodnosti, medtem ko drugi menijo, da bo s\u010dasoma izginil. Za zdaj pa je to eden najve\u010djih trgov kriptovalut na svetu.\u00a0<\/span><\/p>\n<h2><span class=\"ez-toc-section\" id=\"Where_Can_I_Buy_Bitcoin\"><\/span><span style=\"font-weight: 400;\">Kje lahko kupim Bitcoin?<\/span><span class=\"ez-toc-section-end\"><\/span><\/h2>\n<p><span style=\"font-weight: 400;\">Bitcoin lahko kupite na ve\u010d mestih in pri ve\u010d prodajalcih. Na spletni strani . <a href=\"https:\/\/coinkickoff.com\/sl\/crypto-exchanges\/\" data-internallinksmanager029f6b8e52c=\"141\" title=\"21 Najbolj\u0161e menjalnice kriptovalut in aplikacije v letu 2024\">izmenjave kriptovalut<\/a> so glavni trgi za Bitcoin, za nakup pa lahko uporabite tudi pla\u010dilne aplikacije, kot je PayPal, ali aplikacije za finan\u010dne nalo\u017ebe, kot sta Robinhood ali eToro. Ker je Bitcoin tako priljubljen, je ve\u010dina glavnih finan\u010dnih aplikacij v svojo ponudbo za\u010dela vklju\u010devati tudi BTC.<\/span><\/p>\n<p><span style=\"font-weight: 400;\">Seveda je ob tolik\u0161nem \u0161tevilu mo\u017enosti te\u017eko vedeti, kje naj za\u010dnete. Borze kriptovalut obi\u010dajno ponujajo najbolj\u0161e cene in provizije: Na vseh borzah s kriptovalutami lahko odprete brezpla\u010den ra\u010dun in kupite BTC v zameno za USD, EUR ali katero koli drugo fiat valuto.\u00a0<\/span><\/p>\n<p><span style=\"font-weight: 400;\">V zadnjih letih je ve\u010dina borz kriptovalut uvedla pripomo\u010dke za enostaven nakup, da bi zagotovila nemoteno uporabni\u0161ko izku\u0161njo, zato se vam za nalo\u017ebo v BTC ni treba nau\u010diti veliko novih stvari. Na primer, <\/span><a href=\"https:\/\/coinkickoff.com\/sl\/coinbase-review\/\"><span style=\"font-weight: 400;\">Coinbase<\/span><\/a><span style=\"font-weight: 400;\">, <\/span><a href=\"https:\/\/coinkickoff.com\/sl\/binance-review\/\"><span style=\"font-weight: 400;\">Binance<\/span><\/a><span style=\"font-weight: 400;\">, <\/span><a href=\"https:\/\/coinkickoff.com\/sl\/kraken-review\/\"><span style=\"font-weight: 400;\">Kraken<\/span><\/a><span style=\"font-weight: 400;\">in Gemini so vse borze kriptovalut.<\/span><\/p>\n<p><span style=\"font-weight: 400;\">\u010ce \u017ee uporabljate aplikacijo za finan\u010dne nalo\u017ebe, kot je <\/span><a href=\"https:\/\/coinkickoff.com\/sl\/etoro-review\/\"><span style=\"font-weight: 400;\">eToro<\/span><\/a><span style=\"font-weight: 400;\"> ali Robinhood ali va\u0161a spletna ban\u010dna aplikacija ponuja BTC, kot je <\/span><a href=\"https:\/\/coinkickoff.com\/sl\/revolut-review\/\"><span style=\"font-weight: 400;\">Revolut<\/span><\/a><span style=\"font-weight: 400;\">tam lahko kupite tudi BTC. Vendar ti ponudniki obi\u010dajno zara\u010dunavajo vi\u0161je pristojbine kot obi\u010dajne borze, prodajajo BTC po vi\u0161jih cenah in ponujajo omejene mo\u017enosti trgovanja. Lahko so dobra mo\u017enost, \u010de \u017eelite kupiti nekaj BTC in ga nato ve\u010d let hraniti, ne da bi z njim kar koli po\u010deli.<\/span><\/p>\n<p><span style=\"font-weight: 400;\">Bitcoin lahko kupite tudi na decentraliziranih borzah. To so tr\u017enice, na katerih lahko izmenjujete kriptovalute in trgujete z njimi. Vendar pa niso dobro izhodi\u0161\u010de, saj na teh borzah kriptovalut ne morete kupiti s fiat denarjem. Kriptovaluto boste morali najprej kupiti na centralizirani borzi in jo nato zamenjati za BTC na decentraliziranih aplikacijah, kot je npr. <\/span><a href=\"https:\/\/www.sushi.com\/\" target=\"_blank\" rel=\"noopener\"><span style=\"font-weight: 400;\">SushiSwap<\/span><\/a><span style=\"font-weight: 400;\"> ali <\/span><a href=\"https:\/\/uniswap.org\/\" target=\"_blank\" rel=\"noopener\"><span style=\"font-weight: 400;\">Uniswap<\/span><\/a><span style=\"font-weight: 400;\">.<\/span><\/p>\n<h2><span class=\"ez-toc-section\" id=\"How_to_Buy_Bitcoin-2\"><\/span><span style=\"font-weight: 400;\">Kako kupiti Bitcoin<\/span><span class=\"ez-toc-section-end\"><\/span><\/h2>\n<p><span style=\"font-weight: 400;\">Kot smo \u017ee povedali, je nakup Bitcoin v zadnjih nekaj letih postal zelo enostaven. Za nakup BTC vam ni treba imeti nobenega tehni\u010dnega znanja. Obi\u010dajno je to tako preprosto, kot da odprete ra\u010dun na borzi kriptovalut in kliknete na gumb KUPI.<\/span><\/p>\n<p><span style=\"font-weight: 400;\">Vendar je \u0161e vedno dobro, da vsaj razumete, kaj je BTC in kako v bistvu deluje, preden dejansko porabite veliko denarja za BTC in se nau\u010dite, kako ohraniti svoja sredstva na varnem.<\/span><\/p>\n<p><span style=\"font-weight: 400;\">Razumeti morate, da sta v kriptovalutah zaupanje in varnost vse in da je varnost v kriptovalutah ve\u010dplasten pojem: \u010ce posku\u0161ate kupiti coins na nezanesljivi borzi, lahko izgubite svoja sredstva. \u010ce va\u0161a denarnica ni varna, vam lahko coins ukradejo. \u010ce vlagate v goljufiv projekt, lahko izgubite vse.<\/span><\/p>\n<p><span style=\"font-weight: 400;\">Dobra novica je, da vam pri Bitcoin ni treba skrbeti za to zadnje: na tej to\u010dki je zelo malo verjetno, da je Bitcoin prevara: \u010ce bi Satoshi Nakamoto (psevdonimni ustanovitelj) nameraval izvesti prevaro, bi to verjetno \u017ee storil.\u00a0<\/span><\/p>\n<p><span style=\"font-weight: 400;\">Ostala dva opozorila pa sta veljavna: Za nakup Bitcoin morate izbrati zanesljivo borzo, nato pa se morate odlo\u010diti za varen na\u010din shranjevanja.<\/span><\/p>\n<p><span style=\"font-weight: 400;\">Podrobneje si oglejmo te korake.<\/span><\/p>\n<h3><span class=\"ez-toc-section\" id=\"Deciding_on_an_Exchange\"><\/span><span style=\"font-weight: 400;\">Odlo\u010ditev o izmenjavi<\/span><span class=\"ez-toc-section-end\"><\/span><\/h3>\n<p><span style=\"font-weight: 400;\">Odlo\u010ditev za izmenjavo ni preprosta. Na spletu je na stotine borz kriptovalut, od katerih je ve\u010dina polna prevar. Znano je, da imajo tudi bolj\u0161e borze svoje te\u017eave: nekatere imajo visoke provizije, v druge vdrejo in izgubijo va\u0161a sredstva, tretje pa gredo v ste\u010daj in s seboj odnesejo va\u0161 denar.<\/span><\/p>\n<p><span style=\"font-weight: 400;\">Zato je klju\u010dnega pomena, da pri nakupu BTC izberete zaupanja vredno menjalnico. Priporo\u010damo vam, da si ogledate na\u0161e preglede na <\/span><a href=\"https:\/\/coinkickoff.com\/sl\/crypto-exchanges\/\"><span style=\"font-weight: 400;\">najbolj\u0161ih 22 borz kriptovalut<\/span><\/a><span style=\"font-weight: 400;\"> na trgu, preden se odlo\u010dite. Podrobnej\u0161e preglede in primerjave lahko najdete tudi na na\u0161em blogu.<\/span><\/p>\n<p><span style=\"font-weight: 400;\">Za\u010detnikom, zlasti \u010de so iz ZDA, pogosto svetujemo, da za\u010dnejo pri <a href=\"https:\/\/coinkickoff.com\/sl\/coinbase-review\/\" data-internallinksmanager029f6b8e52c=\"142\" title=\"Coinbase Mnenja 2024: Lastnosti, pristojbine, varnost, prednosti in slabosti\">Coinbase<\/a>. To je regulirana borza s sede\u017eem v ZDA, ki deluje \u017ee ve\u010d kot desetletje. \u010ce ste mednarodni, <a href=\"https:\/\/coinkickoff.com\/sl\/binance-review\/\" data-internallinksmanager029f6b8e52c=\"152\" title=\"Binance Mnenja 2024: Lastnosti, pristojbine, varnost, prednosti in slabosti\">Binance<\/a> je \u0161e ena priljubljena alternativa. Kljub te\u017eavam podjetja z oblastmi pri nakupu kriptovalut na Binance ne boste imeli te\u017eav.<\/span><\/p>\n<h3><span class=\"ez-toc-section\" id=\"Buying_Bitcoin\"><\/span><span style=\"font-weight: 400;\">Nakup Bitcoin<\/span><span class=\"ez-toc-section-end\"><\/span><\/h3>\n<p><span style=\"font-weight: 400;\">Ste se odlo\u010dili za izmenjavo? Odli\u010dno! Zdaj morate le \u0161e odpreti ra\u010dun in izbrati na\u010din pla\u010dila.\u00a0<\/span><\/p>\n<p><img loading=\"lazy\" decoding=\"async\" class=\"alignnone wp-image-3252 size-full\" src=\"https:\/\/coinkickoff.com\/wp-content\/uploads\/binance-crypto-buy-sell-5.png\" alt=\"Kako kupiti Bitcoin binance\" width=\"1047\" height=\"640\" srcset=\"https:\/\/coinkickoff.com\/wp-content\/uploads\/binance-crypto-buy-sell-5.png 1047w, https:\/\/coinkickoff.com\/wp-content\/uploads\/binance-crypto-buy-sell-5-300x183.png 300w, https:\/\/coinkickoff.com\/wp-content\/uploads\/binance-crypto-buy-sell-5-1024x626.png 1024w, https:\/\/coinkickoff.com\/wp-content\/uploads\/binance-crypto-buy-sell-5-768x469.png 768w, https:\/\/coinkickoff.com\/wp-content\/uploads\/binance-crypto-buy-sell-5-18x12.png 18w\" sizes=\"auto, (max-width: 1047px) 100vw, 1047px\" \/><\/p>\n<p><span style=\"font-weight: 400;\">Kot smo \u017ee povedali, je ve\u010dina borz zelo olaj\u0161ala nakup Bitcoin. Obi\u010dajno lahko preprosto kliknete \"Nakup kriptovalute\" in dostopate do preprostega vmesnika za nakup in prodajo. Te borze sodelujejo s tretjimi ponudniki pla\u010dil, ki vam omogo\u010dajo nakup BTC in drugega digitalnega premo\u017eenja s kreditno kartico, ban\u010dnim ra\u010dunom ali drugimi mo\u017enostmi, kot sta Apple Pay in Google Pay.<\/span><\/p>\n<p><span style=\"font-weight: 400;\">Sredstva lahko na svoj menjalni ra\u010dun naka\u017eete tudi prek spletnega ban\u010dni\u0161tva. Ko sredstva polo\u017eite, lahko kupite BTC na trgovalnem trgu borze. Obi\u010dajno je pri tem manj pristojbin, cene pa so ugodnej\u0161e. Za ve\u010d podrobnosti lahko dostopate do na\u0161ih vodnikov o nakupu Bitcoin na razli\u010dnih borzah.<\/span><\/p>\n<p><span style=\"font-weight: 400;\">Naslednji klju\u010dni korak je odlo\u010ditev, koliko boste porabili za BTC. Bitcoin je deljivo sredstvo, zato lahko, \u010deprav je 1 BTC vreden tiso\u010d dolarjev, vedno kupite na primer 20 USD v vrednosti BTC. Tehni\u010dno lahko kupite tudi BTC za 1 USD, vendar imajo borze kriptovalut obi\u010dajno minimalno omejitev 20 USD.\u00a0<\/span><\/p>\n<h3><span class=\"ez-toc-section\" id=\"Where_to_Store_Bitcoin\"><\/span><span style=\"font-weight: 400;\">Kje shraniti Bitcoin<\/span><span class=\"ez-toc-section-end\"><\/span><\/h3>\n<p><span style=\"font-weight: 400;\">Shranjevanje je morda najpomembnej\u0161i vidik lastni\u0161tva naprave Bitcoin: \u010ce svojega BTC ne hranite v varni denarnici, se lahko poslovite od svojih sredstev.\u00a0<\/span><\/p>\n<p><span style=\"font-weight: 400;\">Seveda sta denarnica in shramba simboli\u010dna na\u010dina za opis operacij BTC. \u017de veste, da Bitcoin ni fizi\u010dno sredstvo. Je digitalno sredstvo.\u00a0<\/span><\/p>\n<p><span style=\"font-weight: 400;\">Toda v nasprotju s predstavami ve\u010dine ljudi to ni datoteka, ki jo po\u0161ljete iz enega ra\u010dunalnika v drugega. BTC dejansko ne shranjujete v denarnici. Bitcoin niti ni strogo shranjen; z njim se preprosto upravlja.<\/span><\/p>\n<p><span style=\"font-weight: 400;\">Preprosto povedano, Bitcoin je velikanski, kriptografsko za\u0161\u010diten <a href=\"https:\/\/coinkickoff.com\/sl\/what-is-ledger-wallet\/\" data-internallinksmanager029f6b8e52c=\"167\" title=\"Mnenja o denarnici Ledger 2023: Pristojbine, funkcije, varnost, prednosti in slabosti\">glavna knjiga<\/a>. Ko ustvarite denarnico Bitcoin, v to knjigo dodate \u0161e en ra\u010dun. Klju\u010d denarnice (predstavljajte si ga kot geslo) zagotavlja, da imate nadzor nad ra\u010dunom in da nih\u010de drug ne more prilagajati glavne knjige v va\u0161em imenu.\u00a0<\/span><\/p>\n<p><span style=\"font-weight: 400;\">V denarnici torej dejansko ne hranite BTC; denarnica je pravzaprav programska oprema za dostop do glavne knjige Bitcoin in njeno upravljanje. V denarnici sta na varnem va\u0161 naslov in klju\u010d Bitcoin.<\/span><\/p>\n<p><span style=\"font-weight: 400;\">Zato navdu\u0161enci nad Bitcoin na internetnih forumih za sporo\u010dila ponavljajo \"Ne tvoji klju\u010di, ne tvoj coins\". \u010ce klju\u010da svoje denarnice ne za\u0161\u010ditite, lahko vsakdo s pravim klju\u010dem prenese sredstva z va\u0161ega ra\u010duna na ra\u010dun nekoga drugega in nih\u010de ne more storiti ni\u010desar.<\/span><\/p>\n<p><span style=\"font-weight: 400;\">Hranjenje lastnih klju\u010dev pa je tudi breme. Kdo lahko v dana\u0161njem \u010dasu internetnega piratstva popolnoma za\u0161\u010diti klju\u010dne podatke? Zato so tu razli\u010dne mo\u017enosti denarnic.<\/span><\/p>\n<h3><span class=\"ez-toc-section\" id=\"BTC_Hard_Wallets\"><\/span><span style=\"font-weight: 400;\">BTC Trde denarnice<\/span><span class=\"ez-toc-section-end\"><\/span><\/h3>\n<p><span style=\"font-weight: 400;\">Trdne denarnice so verjetno najvarnej\u0161i na\u010din shranjevanja telefona Bitcoin. To so naprave, podobne USB, ki nosijo programsko opremo za denarnico. Ker niso povezane z internetom, so va\u0161i klju\u010di varni pred pohlepnimi rokami hekerjev.\u00a0<\/span><\/p>\n<p><span style=\"font-weight: 400;\">Kritiki pravijo, da je mogo\u010de trde denarnice izgubiti ali ukrasti. Vendar obstajajo re\u0161itve za te primere: ve\u010dina trdih denarnic je za\u0161\u010ditena s kodo PIN, do sredstev pa lahko \u0161e vedno dostopate, \u010de ustvarite rezervno geslo.<\/span><\/p>\n<p><span style=\"font-weight: 400;\">Te\u017eava trdih denarnic je, da so drage: Ve\u010dina borz ponuja brezpla\u010dne denarnice in obstaja ve\u010d brezpla\u010dnih programskih denarnic, medtem ko lahko ti otroci stanejo od 60 do 200 USD.<\/span><\/p>\n<p><span style=\"font-weight: 400;\">\u010ce ste prilo\u017enostni trgovec ali nameravate kupiti 20 USD BTC samo za poskus, je lahko nalo\u017eba v trdo denarnico pretirana. V tem primeru je verjetno bolje, da uporabite denarnico na borzi.\u00a0<\/span><\/p>\n<p><span style=\"font-weight: 400;\">\u010ce pa se odlo\u010dite za nakup ve\u010d Bitcoin ali vlo\u017eite nekaj sto dolarjev v kriptovalute, se spla\u010da kupiti trdo denarnico, da zavarujete svoja sredstva. Predlagamo vam, da si ogledate <\/span><a href=\"https:\/\/trezor.io\/\" target=\"_blank\" rel=\"noopener\"><span style=\"font-weight: 400;\">Trezor<\/span><\/a><span style=\"font-weight: 400;\"> in . <\/span><a href=\"https:\/\/www.ledger.com\/\" target=\"_blank\" rel=\"noopener\"><span style=\"font-weight: 400;\">Glavna knjiga<\/span><\/a><span style=\"font-weight: 400;\"> trde denarnice. Obe podjetji ponujata osnovne modele za dobro vstopno ceno.<\/span><\/p>\n<h4><span class=\"ez-toc-section\" id=\"Exchange_Wallet\"><\/span><span style=\"font-weight: 400;\">Exchange denarnica<\/span><span class=\"ez-toc-section-end\"><\/span><\/h4>\n<p><span style=\"font-weight: 400;\">To je najpogostej\u0161a mo\u017enost za veliko trgovcev: Na borzah s kriptovalutami delujejo lastne denarnice, v katerih v va\u0161em imenu hranijo va\u0161e Bitcoin. Te so znane tudi kot skrbni\u0161ke denarnice.<\/span><\/p>\n<p><span style=\"font-weight: 400;\">Recimo, da ste odprli ra\u010dun Binance in kupili nekaj Bitcoin. Va\u0161 ra\u010dun BTC bo Binance samodejno prenesen v va\u0161o denarnico Bitcoin. Nato lahko s svojim coins trgujete na tr\u017enici Binance, prenesete svoja sredstva na drugo borzo ali denarnico ali prodate in dvignete svoj zaslu\u017eek.\u00a0<\/span><\/p>\n<p><span style=\"font-weight: 400;\">Uporaba denarnice na borzi je zelo priro\u010dna, saj se morate za trgovanje s kriptovalutami le prijaviti v svoj ra\u010dun in opraviti nekaj klikov. Za varnost vam ni treba skrbeti (preve\u010d), razen tega, da svoje geslo ohranite zase. Ve\u010dina borz uveljavlja tudi dvofaktorsko avtentikacijo in druge previdnostne ukrepe, ki zagotavljajo, da bodo va\u0161a sredstva varna tudi v primeru kraje gesla.<\/span><\/p>\n<p><span style=\"font-weight: 400;\">Vendar je slabost te mo\u017enosti ta, da nimate klju\u010dev do svoje denarnice. Nad sredstvi ima najve\u010dji nadzor borza: \u010ce gre v ste\u010daj, bo va\u0161a sredstva vzela s seboj, saj svojih klju\u010dev ne morete uporabiti za prenos sredstev drugam.<\/span><\/p>\n<h4><span class=\"ez-toc-section\" id=\"Self-Custody_Hot_Wallets\"><\/span><span style=\"font-weight: 400;\">Vro\u010de denarnice za lastno hrambo<\/span><span class=\"ez-toc-section-end\"><\/span><\/h4>\n<p><span style=\"font-weight: 400;\">Svojega Bitcoin ne \u017eelite zaupati denarnici na borzi, vendar niste prepri\u010dani, ali bi morali kupiti trdo denarnico. Tu pridejo na vrsto denarnice za samopreskrbo.<\/span><\/p>\n<p><span style=\"font-weight: 400;\">Samopostre\u017ene denarnice so pravzaprav programske denarnice, ki jih lahko prenesete v svoj ra\u010dunalnik ali mobilno napravo. So izvirna re\u0161itev za shranjevanje Bitcoin in kriptovalut. Ko je bil BTC prvi\u010d predstavljen, je bil opremljen tudi z re\u0161itvijo denarnice, ki so jo izku\u0161eni uporabniki lahko zagnali na svojih ra\u010dunalnikih. Ko je Bitcoin za\u010del postajati mainstream, so razvijalci za\u010deli razvijati enostavnej\u0161e mo\u017enosti shranjevanja, ki jih lahko uporabljajo ljudje brez tehni\u010dnih izku\u0161enj.<\/span><\/p>\n<p><span style=\"font-weight: 400;\">Te denarnice so shranjene v va\u0161ih napravah, povezanih z internetom, zato v njih hranijo tudi va\u0161 klju\u010d denarnice. Prednost samopostre\u017ene denarnice (na primer Exodus) je, da vam omogo\u010da velik nadzor nad va\u0161imi sredstvi.<\/span><\/p>\n<p><span style=\"font-weight: 400;\">\u017dal pa so lahko pri zagotavljanju varnosti precej nestanovitni. \u010ce vdrejo v va\u0161 ra\u010dunalnik ali telefon, lahko hekerji zlahka dostopajo do klju\u010dev, shranjenih v va\u0161i napravi. Medtem ko si ve\u010dina borz lahko privo\u0161\u010di varnostne ukrepe na industrijski ravni, se ve\u010dina posameznikov zana\u0161a na staromodne re\u0161itve, ki niso kos piratom 21. stoletja. Zaradi tega so vro\u010de denarnice za lastno hrambo \u017eal najmanj varna mo\u017enost shranjevanja.<\/span><\/p>\n<p><span style=\"font-weight: 400;\">\u010ce ste prilo\u017enostni trgovec, ki \u017eeli pridobiti nekaj izku\u0161enj, lahko nekaj denarnic Bitcoin vzpostavite in uporabljate sami (seveda z ustrezno za\u0161\u010dito). Exodus je BTC in kripto denarnica, ki vam omogo\u010da shranjevanje in prenos kriptovalut. Ima tudi storitev trgovanja in zamenjave v aplikaciji, kar je zelo priro\u010dno. Ve\u010d o hranjenju BTC v denarnici Exodus si lahko preberete v na\u0161em pregledu Exodusa.<\/span><\/p>","protected":false},"excerpt":{"rendered":"<p>Kako kupiti Bitcoin \u017delite se potopiti na trg kriptovalut in kupiti Bitcoin! Ste na pravem mestu. V tem \u010dlanku bomo na kratko pojasnili, kaj je Bitcoin, kako deluje in kje lahko kupite tako imenovano digitalno zlato. Kaj je Bitcoin? \u010ce niste zaspali v \u010dasu, ko ste bili [...]<\/p>","protected":false},"author":3,"featured_media":0,"parent":0,"menu_order":0,"comment_status":"closed","ping_status":"closed","template":"","meta":{"_genesis_hide_title":false,"_genesis_hide_breadcrumbs":false,"_genesis_hide_singular_image":false,"_genesis_hide_footer_widgets":false,"_genesis_custom_body_class":"","_genesis_custom_post_class":"","_genesis_layout":"","_glsr_average":0,"_glsr_ranking":0,"_glsr_reviews":0,"footnotes":""},"class_list":{"0":"post-3885","1":"page","2":"type-page","3":"status-publish","5":"entry"},"featured_image_src":null,"featured_image_src_square":null,"_links":{"self":[{"href":"https:\/\/coinkickoff.com\/sl\/wp-json\/wp\/v2\/pages\/3885","targetHints":{"allow":["GET"]}}],"collection":[{"href":"https:\/\/coinkickoff.com\/sl\/wp-json\/wp\/v2\/pages"}],"about":[{"href":"https:\/\/coinkickoff.com\/sl\/wp-json\/wp\/v2\/types\/page"}],"author":[{"embeddable":true,"href":"https:\/\/coinkickoff.com\/sl\/wp-json\/wp\/v2\/users\/3"}],"replies":[{"embeddable":true,"href":"https:\/\/coinkickoff.com\/sl\/wp-json\/wp\/v2\/comments?post=3885"}],"version-history":[{"count":3,"href":"https:\/\/coinkickoff.com\/sl\/wp-json\/wp\/v2\/pages\/3885\/revisions"}],"predecessor-version":[{"id":4467,"href":"https:\/\/coinkickoff.com\/sl\/wp-json\/wp\/v2\/pages\/3885\/revisions\/4467"}],"wp:attachment":[{"href":"https:\/\/coinkickoff.com\/sl\/wp-json\/wp\/v2\/media?parent=3885"}],"curies":[{"name":"wp","href":"https:\/\/api.w.org\/{rel}","templated":true}]}}