{"id":3877,"date":"2026-01-08T14:06:52","date_gmt":"2026-01-08T14:06:52","guid":{"rendered":"https:\/\/coinkickoff.com\/?page_id=3877"},"modified":"2026-01-08T14:06:52","modified_gmt":"2026-01-08T14:06:52","slug":"how-to-buy-shiba-inu-on-kraken","status":"publish","type":"page","link":"https:\/\/coinkickoff.com\/sl\/how-to-buy-shiba-inu\/how-to-buy-shiba-inu-on-kraken\/","title":{"rendered":"Kako kupiti Shiba Inu na Krakenu"},"content":{"rendered":"<div id=\"ez-toc-container\" class=\"ez-toc-v2_0_80 counter-hierarchy ez-toc-counter ez-toc-transparent ez-toc-container-direction\">\n<div class=\"ez-toc-title-container\">\n<p class=\"ez-toc-title\" style=\"cursor:inherit\">Oddelki<\/p>\n<span class=\"ez-toc-title-toggle\"><a href=\"#\" class=\"ez-toc-pull-right ez-toc-btn ez-toc-btn-xs ez-toc-btn-default ez-toc-toggle\" aria-label=\"Toggle Tabela vsebine\"><span class=\"ez-toc-js-icon-con\"><span class=\"\"><span class=\"eztoc-hide\" style=\"display:none;\">Toggle<\/span><span class=\"ez-toc-icon-toggle-span\"><svg style=\"fill: #999;color:#999\" xmlns=\"http:\/\/www.w3.org\/2000\/svg\" class=\"list-377408\" width=\"20px\" height=\"20px\" viewbox=\"0 0 24 24\" fill=\"none\"><path d=\"M6 6H4v2h2V6zm14 0H8v2h12V6zM4 11h2v2H4v-2zm16 0H8v2h12v-2zM4 16h2v2H4v-2zm16 0H8v2h12v-2z\" fill=\"currentColor\"><\/path><\/svg><svg style=\"fill: #999;color:#999\" class=\"arrow-unsorted-368013\" xmlns=\"http:\/\/www.w3.org\/2000\/svg\" width=\"10px\" height=\"10px\" viewbox=\"0 0 24 24\" version=\"1.2\" baseprofile=\"tiny\"><path d=\"M18.2 9.3l-6.2-6.3-6.2 6.3c-.2.2-.3.4-.3.7s.1.5.3.7c.2.2.4.3.7.3h11c.3 0 .5-.1.7-.3.2-.2.3-.5.3-.7s-.1-.5-.3-.7zM5.8 14.7l6.2 6.3 6.2-6.3c.2-.2.3-.5.3-.7s-.1-.5-.3-.7c-.2-.2-.4-.3-.7-.3h-11c-.3 0-.5.1-.7.3-.2.2-.3.5-.3.7s.1.5.3.7z\"\/><\/svg><\/span><\/span><\/span><\/a><\/span><\/div>\n<nav><ul class='ez-toc-list ez-toc-list-level-1 eztoc-toggle-hide-by-default' ><li class='ez-toc-page-1 ez-toc-heading-level-2'><a class=\"ez-toc-link ez-toc-heading-1\" href=\"https:\/\/coinkickoff.com\/sl\/how-to-buy-shiba-inu\/how-to-buy-shiba-inu-on-kraken\/#How_to_Buy_Shiba_Inu_on_Kraken_Exchange\" >Kako kupiti Shiba Inu na borzi Kraken<\/a><\/li><li class='ez-toc-page-1 ez-toc-heading-level-2'><a class=\"ez-toc-link ez-toc-heading-2\" href=\"https:\/\/coinkickoff.com\/sl\/how-to-buy-shiba-inu\/how-to-buy-shiba-inu-on-kraken\/#A_Step-By-Step_Guide_on_How_to_Buy_Shiba_Inu_on_Kraken\" >Vodnik po korakih, kako kupiti Shiba Inu na Krakenu<\/a><ul class='ez-toc-list-level-3' ><li class='ez-toc-heading-level-3'><a class=\"ez-toc-link ez-toc-heading-3\" href=\"https:\/\/coinkickoff.com\/sl\/how-to-buy-shiba-inu\/how-to-buy-shiba-inu-on-kraken\/#1_Register_an_Account_on_Kraken\" >1. Registracija ra\u010duna na Krakenu<\/a><\/li><li class='ez-toc-page-1 ez-toc-heading-level-3'><a class=\"ez-toc-link ez-toc-heading-4\" href=\"https:\/\/coinkickoff.com\/sl\/how-to-buy-shiba-inu\/how-to-buy-shiba-inu-on-kraken\/#2_Verify_Your_Account\" >2. Potrdite svoj ra\u010dun<\/a><\/li><li class='ez-toc-page-1 ez-toc-heading-level-3'><a class=\"ez-toc-link ez-toc-heading-5\" href=\"https:\/\/coinkickoff.com\/sl\/how-to-buy-shiba-inu\/how-to-buy-shiba-inu-on-kraken\/#3_Enable_2FA\" >3. Omogo\u010dite 2FA<\/a><\/li><li class='ez-toc-page-1 ez-toc-heading-level-3'><a class=\"ez-toc-link ez-toc-heading-6\" href=\"https:\/\/coinkickoff.com\/sl\/how-to-buy-shiba-inu\/how-to-buy-shiba-inu-on-kraken\/#4_Add_an_Instant_Payment_Method\" >4. Dodajte na\u010din takoj\u0161njega pla\u010dila<\/a><\/li><li class='ez-toc-page-1 ez-toc-heading-level-3'><a class=\"ez-toc-link ez-toc-heading-7\" href=\"https:\/\/coinkickoff.com\/sl\/how-to-buy-shiba-inu\/how-to-buy-shiba-inu-on-kraken\/#4_Navigate_to_the_Relevant_Screen_to_Buy\" >4. Premaknite se na ustrezno okno za nakup<\/a><\/li><\/ul><\/li><\/ul><\/nav><\/div>\n<h2><span class=\"ez-toc-section\" id=\"How_to_Buy_Shiba_Inu_on_Kraken_Exchange\"><\/span><span style=\"font-weight: 400;\">Kako kupiti Shiba Inu na borzi Kraken<\/span><span class=\"ez-toc-section-end\"><\/span><\/h2>\n<p><span style=\"font-weight: 400;\">Kot ve\u010dina kriptovalut, <a href=\"https:\/\/coinkickoff.com\/sl\/shiba-inu-shib\/\">Shiba Inu (SHIB)<\/a> je \u0161pekulativno premo\u017eenje: njegova cena lahko nara\u0161\u010da in pada glede na kaprice zvezdnikov, tr\u017enikov in celo komentatorjev na Redditu. Kot meme coin brez primera uporabe, <a href=\"https:\/\/coinkickoff.com\/sl\/shiba-inu-shib\/\" data-internallinksmanager029f6b8e52c=\"16\" title=\"Kaj je Shiba Inu (SHIB)? Kako deluje in kje ga kupiti?\">SHIB<\/a> je \u0161e posebej ob\u010dutljiva na velika in nenadna nihanja cen, zaradi \u010desar je potencialno donosna in tvegana.<\/span><\/p>\n<p><span style=\"font-weight: 400;\">SHIB lahko kupite na ve\u010d <a href=\"https:\/\/coinkickoff.com\/sl\/crypto-exchanges\/\" data-internallinksmanager029f6b8e52c=\"141\" title=\"21 Najbolj\u0161e menjalnice kriptovalut in aplikacije v letu 2024\">izmenjave kriptovalut<\/a>zaradi svoje priljubljenosti. V tem vodniku bomo pojasnili, kako kupiti Shiba Inu na <a href=\"https:\/\/coinkickoff.com\/sl\/kraken-review\/\">Kraken<\/a>, veteranska borza s sede\u017eem v ZDA, ki je znana po svojih visokih varnostnih standardih.<\/span><\/p>\n<h2><span class=\"ez-toc-section\" id=\"A_Step-By-Step_Guide_on_How_to_Buy_Shiba_Inu_on_Kraken\"><\/span><span style=\"font-weight: 400;\">Vodnik po korakih, kako kupiti Shiba Inu na Krakenu<\/span><span class=\"ez-toc-section-end\"><\/span><\/h2>\n<h3><span class=\"ez-toc-section\" id=\"1_Register_an_Account_on_Kraken\"><\/span><span style=\"font-weight: 400;\">1. Registracija ra\u010duna na Krakenu<\/span><span class=\"ez-toc-section-end\"><\/span><\/h3>\n<p><img loading=\"lazy\" decoding=\"async\" class=\"alignnone wp-image-3406 size-full\" src=\"https:\/\/coinkickoff.com\/wp-content\/uploads\/kraken1-e1682502957481.png\" alt=\"kako kupiti Dogecoin na Krakenu\" width=\"1339\" height=\"763\" srcset=\"https:\/\/coinkickoff.com\/wp-content\/uploads\/kraken1-e1682502957481.png 1339w, https:\/\/coinkickoff.com\/wp-content\/uploads\/kraken1-e1682502957481-300x171.png 300w, https:\/\/coinkickoff.com\/wp-content\/uploads\/kraken1-e1682502957481-1024x584.png 1024w, https:\/\/coinkickoff.com\/wp-content\/uploads\/kraken1-e1682502957481-768x438.png 768w, https:\/\/coinkickoff.com\/wp-content\/uploads\/kraken1-e1682502957481-18x10.png 18w\" sizes=\"auto, (max-width: 1339px) 100vw, 1339px\" \/><\/p>\n<p><span style=\"font-weight: 400;\">Najprej nekaj za za\u010detek: Pojdite na <a href=\"https:\/\/coinkickoff.com\/sl\/kraken-review\/\" data-internallinksmanager029f6b8e52c=\"171\" title=\"Kraken Reviews 2023: Pristojbine, funkcije, varnost, prednosti in slabosti\">Kraken<\/a>na uradni spletni strani in ustvarite ra\u010dun. Izpolnite prijavni obrazec in vnesite vse potrebne podatke. Prepri\u010dajte se, da ste vnesli veljavno e-po\u0161tno sporo\u010dilo: Kraken vam bo z njim poslal aktivacijsko povezavo.<\/span><\/p>\n<h3><span class=\"ez-toc-section\" id=\"2_Verify_Your_Account\"><\/span><span style=\"font-weight: 400;\">2. Potrdite svoj ra\u010dun<\/span><span class=\"ez-toc-section-end\"><\/span><\/h3>\n<p><span style=\"font-weight: 400;\">Ko se prijavite, je treba opraviti preverjanje identitete. Kraken je pri preverjanju identitete precej strog, zato tega koraka ne smete presko\u010diti. Pravzaprav boste takoj, ko boste posku\u0161ali klikniti zavihek \"Nakup kriptovalut\" na vrhu nadzorne plo\u0161\u010de, pozvani k preverjanju identitete.<\/span><\/p>\n<p><img loading=\"lazy\" decoding=\"async\" class=\"alignnone wp-image-3407 size-full\" src=\"https:\/\/coinkickoff.com\/wp-content\/uploads\/kraken2-e1686524781685.png\" alt=\"opozorilo o preverjanju krakena\" width=\"1360\" height=\"791\" srcset=\"https:\/\/coinkickoff.com\/wp-content\/uploads\/kraken2-e1686524781685.png 1360w, https:\/\/coinkickoff.com\/wp-content\/uploads\/kraken2-e1686524781685-300x174.png 300w, https:\/\/coinkickoff.com\/wp-content\/uploads\/kraken2-e1686524781685-1024x596.png 1024w, https:\/\/coinkickoff.com\/wp-content\/uploads\/kraken2-e1686524781685-768x447.png 768w, https:\/\/coinkickoff.com\/wp-content\/uploads\/kraken2-e1686524781685-18x10.png 18w\" sizes=\"auto, (max-width: 1360px) 100vw, 1360px\" \/><\/p>\n<p><span style=\"font-weight: 400;\">Shema preverjanja pri Krakenu je precej standardna: vnesti morate svoje ime, naslov in osebne podatke ter nalo\u017eiti osebne dokumente.<\/span><\/p>\n<p><img loading=\"lazy\" decoding=\"async\" class=\"alignnone wp-image-3408 size-full\" src=\"https:\/\/coinkickoff.com\/wp-content\/uploads\/kraken3-e1682503223180.png\" alt=\"\" width=\"1375\" height=\"777\" srcset=\"https:\/\/coinkickoff.com\/wp-content\/uploads\/kraken3-e1682503223180.png 1375w, https:\/\/coinkickoff.com\/wp-content\/uploads\/kraken3-e1682503223180-300x170.png 300w, https:\/\/coinkickoff.com\/wp-content\/uploads\/kraken3-e1682503223180-1024x579.png 1024w, https:\/\/coinkickoff.com\/wp-content\/uploads\/kraken3-e1682503223180-768x434.png 768w, https:\/\/coinkickoff.com\/wp-content\/uploads\/kraken3-e1682503223180-18x10.png 18w, https:\/\/coinkickoff.com\/wp-content\/uploads\/kraken3-e1682503223180-600x338.png 600w\" sizes=\"auto, (max-width: 1375px) 100vw, 1375px\" \/><\/p>\n<p><span style=\"font-weight: 400;\">Vnesite vse potrebne podatke in kliknite \"Nadaljuj\". Po pozivu nalo\u017eite potrebne dokumente. Postopek lahko dokon\u010date v nekaj minutah.\u00a0<\/span><\/p>\n<h3><span class=\"ez-toc-section\" id=\"3_Enable_2FA\"><\/span><span style=\"font-weight: 400;\">3. Omogo\u010dite 2FA<\/span><span class=\"ez-toc-section-end\"><\/span><\/h3>\n<p><span style=\"font-weight: 400;\">Ko ste preverjeni uporabnik, lahko v Kraken vpla\u010date sredstva. Vendar je pametno, da pred vpla\u010dilom sredstev na svoj ra\u010dun omogo\u010dite dvofaktorsko preverjanje pristnosti (2FA). 2FA zmanj\u0161a mo\u017enost kraje ra\u010duna (in sredstev).<\/span><\/p>\n<p><span style=\"font-weight: 400;\">Kliknite svoje uporabni\u0161ko ime, prikazano v zgornjem desnem kotu zaslona, in pojdite v nastavitve 2FA.<\/span><\/p>\n<p><img loading=\"lazy\" decoding=\"async\" class=\"alignnone wp-image-3409 size-full\" src=\"https:\/\/coinkickoff.com\/wp-content\/uploads\/kraken4-e1682503267822.png\" alt=\"\" width=\"1360\" height=\"795\" srcset=\"https:\/\/coinkickoff.com\/wp-content\/uploads\/kraken4-e1682503267822.png 1360w, https:\/\/coinkickoff.com\/wp-content\/uploads\/kraken4-e1682503267822-300x175.png 300w, https:\/\/coinkickoff.com\/wp-content\/uploads\/kraken4-e1682503267822-1024x599.png 1024w, https:\/\/coinkickoff.com\/wp-content\/uploads\/kraken4-e1682503267822-768x449.png 768w, https:\/\/coinkickoff.com\/wp-content\/uploads\/kraken4-e1682503267822-18x12.png 18w\" sizes=\"auto, (max-width: 1360px) 100vw, 1360px\" \/><\/p>\n<p><span style=\"font-weight: 400;\">2FA morate omogo\u010diti za prijavo v ra\u010dun, lahko pa jo omogo\u010dite tudi za druge operacije, kot sta trgovanje in financiranje. \u010ce \u017eelite za\u010deti, kliknite poudarjeni gumb \"Activate Now\".<\/span><\/p>\n<p><span style=\"font-weight: 400;\"><img loading=\"lazy\" decoding=\"async\" class=\"alignnone wp-image-3405 size-full\" src=\"https:\/\/coinkickoff.com\/wp-content\/uploads\/kraken-5-e1682503294785.png\" alt=\"\" width=\"1357\" height=\"770\" srcset=\"https:\/\/coinkickoff.com\/wp-content\/uploads\/kraken-5-e1682503294785.png 1357w, https:\/\/coinkickoff.com\/wp-content\/uploads\/kraken-5-e1682503294785-300x170.png 300w, https:\/\/coinkickoff.com\/wp-content\/uploads\/kraken-5-e1682503294785-1024x581.png 1024w, https:\/\/coinkickoff.com\/wp-content\/uploads\/kraken-5-e1682503294785-768x436.png 768w, https:\/\/coinkickoff.com\/wp-content\/uploads\/kraken-5-e1682503294785-18x10.png 18w\" sizes=\"auto, (max-width: 1357px) 100vw, 1357px\" \/><\/span><\/p>\n<p><span style=\"font-weight: 400;\">Na Krakenovem spletnem mestu je delovanje funkcije 2FA podrobno razlo\u017eeno, na voljo pa so tudi navodila, kako ravnati. Vse, kar morate storiti, je, da dobite aplikacijo Google Authenticator in z njo poskenirate kodo QR, ki vam jo ustvari Kraken. Aplikacija vam bo posredovala avtentikacijsko kodo, s katero boste potrdili svojo varnost. Vnesite kodo iz aplikacije in kliknite \"Potrdi\".<\/span><\/p>\n<p><img loading=\"lazy\" decoding=\"async\" class=\"alignnone wp-image-3410 size-full\" src=\"https:\/\/coinkickoff.com\/wp-content\/uploads\/kraken6-e1682503322525.png\" alt=\"\" width=\"1357\" height=\"791\" \/><\/p>\n<p><span style=\"font-weight: 400;\">Aplikacijo Google Authenticator boste uporabili vsaki\u010d, ko se boste prijavili v svoj ra\u010dun.\u00a0<\/span><\/p>\n<h3><span class=\"ez-toc-section\" id=\"4_Add_an_Instant_Payment_Method\"><\/span><span style=\"font-weight: 400;\">4. Dodajte na\u010din takoj\u0161njega pla\u010dila<\/span><span class=\"ez-toc-section-end\"><\/span><\/h3>\n<p><span style=\"font-weight: 400;\">Najhitrej\u0161i na\u010din za nakup Shiba Inu (ali katere koli druge kriptovalute) na Krakenu je, da na svoj ra\u010dun dodate metodo takoj\u0161njega pla\u010dila. Za izmenjavo lahko pove\u017eete kreditne in debetne kartice ali svoj spletni ban\u010dni ra\u010dun.<\/span><\/p>\n<p><span style=\"font-weight: 400;\">Kliknite zavihek \"Nakup kriptovalut\" in pove\u017eite kartico z ra\u010dunom. Preusmerjeni boste na stran z metodami nakupa kriptovalut, kjer lahko dodate na\u010din pla\u010dila.<\/span><\/p>\n<p><img loading=\"lazy\" decoding=\"async\" class=\"alignnone wp-image-3412 size-full\" src=\"https:\/\/coinkickoff.com\/wp-content\/uploads\/kraken8-e1682503364155.png\" alt=\"kako kupiti Shiba Inu na Krakenu\" width=\"1206\" height=\"781\" srcset=\"https:\/\/coinkickoff.com\/wp-content\/uploads\/kraken8-e1682503364155.png 1206w, https:\/\/coinkickoff.com\/wp-content\/uploads\/kraken8-e1682503364155-300x194.png 300w, https:\/\/coinkickoff.com\/wp-content\/uploads\/kraken8-e1682503364155-1024x663.png 1024w, https:\/\/coinkickoff.com\/wp-content\/uploads\/kraken8-e1682503364155-768x497.png 768w, https:\/\/coinkickoff.com\/wp-content\/uploads\/kraken8-e1682503364155-18x12.png 18w\" sizes=\"auto, (max-width: 1206px) 100vw, 1206px\" \/><\/p>\n<p><span style=\"font-weight: 400;\">Kliknite \"Dodaj na\u010dine pla\u010dila\". <\/span><\/p>\n<p><img loading=\"lazy\" decoding=\"async\" class=\"alignnone wp-image-3413 size-full\" src=\"https:\/\/coinkickoff.com\/wp-content\/uploads\/kraken9-e1682503407337.png\" alt=\"\" width=\"1196\" height=\"776\" srcset=\"https:\/\/coinkickoff.com\/wp-content\/uploads\/kraken9-e1682503407337.png 1196w, https:\/\/coinkickoff.com\/wp-content\/uploads\/kraken9-e1682503407337-300x195.png 300w, https:\/\/coinkickoff.com\/wp-content\/uploads\/kraken9-e1682503407337-1024x664.png 1024w, https:\/\/coinkickoff.com\/wp-content\/uploads\/kraken9-e1682503407337-768x498.png 768w, https:\/\/coinkickoff.com\/wp-content\/uploads\/kraken9-e1682503407337-18x12.png 18w\" sizes=\"auto, (max-width: 1196px) 100vw, 1196px\" \/><\/p>\n<p><span style=\"font-weight: 400;\">Debetno ali kreditno kartico lahko dodate tako, da preprosto vnesete podatke o kartici. Gotovino lahko polo\u017eite tudi prek spletnega ban\u010dni\u0161tva, \u010deprav to ni tako hitro kot prva mo\u017enost.<\/span><\/p>\n<h3><span class=\"ez-toc-section\" id=\"4_Navigate_to_the_Relevant_Screen_to_Buy\"><\/span><span style=\"font-weight: 400;\">4. Premaknite se na ustrezno okno za nakup<\/span><span class=\"ez-toc-section-end\"><\/span><\/h3>\n<p><span style=\"font-weight: 400;\">Ko v svoj ra\u010dun Kraken dodate pla\u010dilno metodo, je nakup SHIB zelo enostaven. Na strani \"Nakup kriptovalute\" kliknite \"Nakup\".<\/span><\/p>\n<p><span style=\"font-weight: 400;\">V spustnem meniju si lahko ogledate ponujena sredstva. S seznama izberite Shiba Inu (na seznamu je naveden kot SHIB). Vnesite znesek, ki ga \u017eelite porabiti za Shib, izberite na\u010din pla\u010dila in kliknite potrditev.<\/span><\/p>\n<p><span style=\"font-weight: 400;\">\u010ceprav je ta mo\u017enost zelo hitra, so lahko nakupi s kreditnimi in debetnimi karticami prek pripomo\u010dka za enostaven nakup zelo dragi. \u010ce ne \u017eelite pla\u010dati visokih pristojbin za nakup Shiba Inu, lahko uporabite drugo metodo, ki jo bomo opisali spodaj.<\/span><\/p>\n<p><span style=\"font-weight: 400;\">Z izbranimi fiat valutami, vklju\u010dno z USD, lahko trgujete za Shiba Inu v storitvi Kraken. Pazite, da morate na svoj ra\u010dun polo\u017eiti sredstva, \u010de \u017eelite izkoristiti ugodnej\u0161e provizije Krakena. Za trgovanje na Krakenu ne morete uporabljati debetnih ali kreditnih kartic.<\/span><\/p>\n<p><span style=\"font-weight: 400;\">V sistemu Kraken lahko USD pretvorite v Shiba Inu na dva na\u010dina: Uporabite lahko <\/span><a href=\"https:\/\/kraken.pxf.io\/B0Rny4convert\/shib\/usd\" target=\"_blank\" rel=\"noopener\"><span style=\"font-weight: 400;\">Krakenov samodejni pretvornik<\/span><\/a><span style=\"font-weight: 400;\"> ali izvedite trgovanje z naro\u010dilom za Shiba Inu.<\/span><\/p>\n<p><span style=\"font-weight: 400;\">Avtomatski pretvornik je najenostavnej\u0161i na\u010din trgovanja z USD za Kraken, \u010de pa \u017eelite sami dolo\u010diti svojo ceno, morate oddati naro\u010dilo.<\/span><\/p>\n<p><span style=\"font-weight: 400;\">\u010ce \u017eelite oddati naro\u010dilo, pojdite v zavihek \"Trgovanje\" in kliknite \"Novo naro\u010dilo\". Izberite trgovalni par USD\/SHIB.<\/span><\/p>\n<p><span style=\"font-weight: 400;\">Obrazec za naro\u010dilo je morda videti zmeden, vendar je zelo preprost: Preprosto vnesite znesek, ki ga \u017eelite porabiti. Lahko sprejmete tr\u017eno ceno za SHIB ali pa dolo\u010dite svojo ceno. \u010ce dolo\u010dite prenizko ceno, lahko traja nekaj \u010dasa, da bo va\u0161e naro\u010dilo izpolnjeno.<\/span><\/p>\n<p><span style=\"font-weight: 400;\">\u010cestitamo! Zdaj veste, kako kupiti Shiba Inu na Krakenu.<\/span><\/p>","protected":false},"excerpt":{"rendered":"<p>Kako kupiti Shiba Inu na borzi Kraken Tako kot ve\u010dina kriptovalut je tudi Shiba Inu (SHIB) \u0161pekulativno sredstvo: njegova cena lahko nara\u0161\u010da in pada glede na kaprice zvezdnikov, tr\u017enikov in celo komentatorjev na Redditu. Kot meme coin brez primera uporabe je SHIB \u0161e posebej ob\u010dutljiv na velika in nenadna nihanja cen, zaradi \u010desar je [...]<\/p>","protected":false},"author":3,"featured_media":0,"parent":3709,"menu_order":0,"comment_status":"closed","ping_status":"closed","template":"","meta":{"_genesis_hide_title":false,"_genesis_hide_breadcrumbs":false,"_genesis_hide_singular_image":false,"_genesis_hide_footer_widgets":false,"_genesis_custom_body_class":"","_genesis_custom_post_class":"","_genesis_layout":"","_glsr_average":0,"_glsr_ranking":0,"_glsr_reviews":0,"footnotes":""},"class_list":{"0":"post-3877","1":"page","2":"type-page","3":"status-publish","5":"entry"},"featured_image_src":null,"featured_image_src_square":null,"_links":{"self":[{"href":"https:\/\/coinkickoff.com\/sl\/wp-json\/wp\/v2\/pages\/3877","targetHints":{"allow":["GET"]}}],"collection":[{"href":"https:\/\/coinkickoff.com\/sl\/wp-json\/wp\/v2\/pages"}],"about":[{"href":"https:\/\/coinkickoff.com\/sl\/wp-json\/wp\/v2\/types\/page"}],"author":[{"embeddable":true,"href":"https:\/\/coinkickoff.com\/sl\/wp-json\/wp\/v2\/users\/3"}],"replies":[{"embeddable":true,"href":"https:\/\/coinkickoff.com\/sl\/wp-json\/wp\/v2\/comments?post=3877"}],"version-history":[{"count":3,"href":"https:\/\/coinkickoff.com\/sl\/wp-json\/wp\/v2\/pages\/3877\/revisions"}],"predecessor-version":[{"id":3880,"href":"https:\/\/coinkickoff.com\/sl\/wp-json\/wp\/v2\/pages\/3877\/revisions\/3880"}],"up":[{"embeddable":true,"href":"https:\/\/coinkickoff.com\/sl\/wp-json\/wp\/v2\/pages\/3709"}],"wp:attachment":[{"href":"https:\/\/coinkickoff.com\/sl\/wp-json\/wp\/v2\/media?parent=3877"}],"curies":[{"name":"wp","href":"https:\/\/api.w.org\/{rel}","templated":true}]}}