{"id":3709,"date":"2026-01-08T14:06:54","date_gmt":"2026-01-08T14:06:54","guid":{"rendered":"https:\/\/coinkickoff.com\/?page_id=3709"},"modified":"2026-01-08T14:06:54","modified_gmt":"2026-01-08T14:06:54","slug":"how-to-buy-shiba-inu","status":"publish","type":"page","link":"https:\/\/coinkickoff.com\/sl\/how-to-buy-shiba-inu\/","title":{"rendered":"Kako kupiti Shiba Inu (SHIB)"},"content":{"rendered":"<div id=\"ez-toc-container\" class=\"ez-toc-v2_0_80 counter-hierarchy ez-toc-counter ez-toc-transparent ez-toc-container-direction\">\n<div class=\"ez-toc-title-container\">\n<p class=\"ez-toc-title\" style=\"cursor:inherit\">Oddelki<\/p>\n<span class=\"ez-toc-title-toggle\"><a href=\"#\" class=\"ez-toc-pull-right ez-toc-btn ez-toc-btn-xs ez-toc-btn-default ez-toc-toggle\" aria-label=\"Toggle Tabela vsebine\"><span class=\"ez-toc-js-icon-con\"><span class=\"\"><span class=\"eztoc-hide\" style=\"display:none;\">Toggle<\/span><span class=\"ez-toc-icon-toggle-span\"><svg style=\"fill: #999;color:#999\" xmlns=\"http:\/\/www.w3.org\/2000\/svg\" class=\"list-377408\" width=\"20px\" height=\"20px\" viewbox=\"0 0 24 24\" fill=\"none\"><path d=\"M6 6H4v2h2V6zm14 0H8v2h12V6zM4 11h2v2H4v-2zm16 0H8v2h12v-2zM4 16h2v2H4v-2zm16 0H8v2h12v-2z\" fill=\"currentColor\"><\/path><\/svg><svg style=\"fill: #999;color:#999\" class=\"arrow-unsorted-368013\" xmlns=\"http:\/\/www.w3.org\/2000\/svg\" width=\"10px\" height=\"10px\" viewbox=\"0 0 24 24\" version=\"1.2\" baseprofile=\"tiny\"><path d=\"M18.2 9.3l-6.2-6.3-6.2 6.3c-.2.2-.3.4-.3.7s.1.5.3.7c.2.2.4.3.7.3h11c.3 0 .5-.1.7-.3.2-.2.3-.5.3-.7s-.1-.5-.3-.7zM5.8 14.7l6.2 6.3 6.2-6.3c.2-.2.3-.5.3-.7s-.1-.5-.3-.7c-.2-.2-.4-.3-.7-.3h-11c-.3 0-.5.1-.7.3-.2.2-.3.5-.3.7s.1.5.3.7z\"\/><\/svg><\/span><\/span><\/span><\/a><\/span><\/div>\n<nav><ul class='ez-toc-list ez-toc-list-level-1 eztoc-toggle-hide-by-default' ><li class='ez-toc-page-1 ez-toc-heading-level-2'><a class=\"ez-toc-link ez-toc-heading-1\" href=\"https:\/\/coinkickoff.com\/sl\/how-to-buy-shiba-inu\/#How_to_Buy_Shiba_Inu\" >Kako kupiti Shiba Inu<\/a><\/li><li class='ez-toc-page-1 ez-toc-heading-level-2'><a class=\"ez-toc-link ez-toc-heading-2\" href=\"https:\/\/coinkickoff.com\/sl\/how-to-buy-shiba-inu\/#What_Is_Shiba_Inu\" >Kaj je Shiba Inu?<\/a><\/li><li class='ez-toc-page-1 ez-toc-heading-level-2'><a class=\"ez-toc-link ez-toc-heading-3\" href=\"https:\/\/coinkickoff.com\/sl\/how-to-buy-shiba-inu\/#Where_Can_I_Buy_Shiba_Inu\" >Kje lahko kupim Shiba Inu?<\/a><\/li><li class='ez-toc-page-1 ez-toc-heading-level-2'><a class=\"ez-toc-link ez-toc-heading-4\" href=\"https:\/\/coinkickoff.com\/sl\/how-to-buy-shiba-inu\/#How_to_Buy_Shiba_Inu-2\" >Kako kupiti Shiba Inu<\/a><ul class='ez-toc-list-level-3' ><li class='ez-toc-heading-level-3'><a class=\"ez-toc-link ez-toc-heading-5\" href=\"https:\/\/coinkickoff.com\/sl\/how-to-buy-shiba-inu\/#Choose_Your_Exchange\" >Izberite svojo izmenjavo<\/a><\/li><li class='ez-toc-page-1 ez-toc-heading-level-3'><a class=\"ez-toc-link ez-toc-heading-6\" href=\"https:\/\/coinkickoff.com\/sl\/how-to-buy-shiba-inu\/#Store_Your_SHIB\" >Shranite svoj SHIB<\/a><ul class='ez-toc-list-level-4' ><li class='ez-toc-heading-level-4'><a class=\"ez-toc-link ez-toc-heading-7\" href=\"https:\/\/coinkickoff.com\/sl\/how-to-buy-shiba-inu\/#Exchange_Wallet\" >Exchange denarnica<\/a><\/li><li class='ez-toc-page-1 ez-toc-heading-level-4'><a class=\"ez-toc-link ez-toc-heading-8\" href=\"https:\/\/coinkickoff.com\/sl\/how-to-buy-shiba-inu\/#Self-Custody_Hot_Wallets\" >Vro\u010de denarnice za lastno hrambo<\/a><\/li><li class='ez-toc-page-1 ez-toc-heading-level-4'><a class=\"ez-toc-link ez-toc-heading-9\" href=\"https:\/\/coinkickoff.com\/sl\/how-to-buy-shiba-inu\/#Cold_Wallets\" >Hladne denarnice<\/a><\/li><\/ul><\/li><\/ul><\/li><\/ul><\/nav><\/div>\n<h2><span class=\"ez-toc-section\" id=\"How_to_Buy_Shiba_Inu\"><\/span><span style=\"font-weight: 400;\">Kako kupiti Shiba Inu<\/span><span class=\"ez-toc-section-end\"><\/span><\/h2>\n<p><img loading=\"lazy\" decoding=\"async\" class=\"alignnone wp-image-168 size-full\" src=\"https:\/\/coinkickoff.com\/wp-content\/uploads\/2022\/06\/Shiba-Inu-SHIB.jpg\" alt=\"kako kupiti shiba inu\" width=\"1000\" height=\"1000\" srcset=\"https:\/\/coinkickoff.com\/wp-content\/uploads\/2022\/06\/Shiba-Inu-SHIB.jpg 1000w, https:\/\/coinkickoff.com\/wp-content\/uploads\/2022\/06\/Shiba-Inu-SHIB-300x300.jpg 300w, https:\/\/coinkickoff.com\/wp-content\/uploads\/2022\/06\/Shiba-Inu-SHIB-150x150.jpg 150w, https:\/\/coinkickoff.com\/wp-content\/uploads\/2022\/06\/Shiba-Inu-SHIB-768x768.jpg 768w, https:\/\/coinkickoff.com\/wp-content\/uploads\/2022\/06\/Shiba-Inu-SHIB-12x12.jpg 12w, https:\/\/coinkickoff.com\/wp-content\/uploads\/2022\/06\/Shiba-Inu-SHIB-80x80.jpg 80w, https:\/\/coinkickoff.com\/wp-content\/uploads\/2022\/06\/Shiba-Inu-SHIB-600x600.jpg 600w\" sizes=\"auto, (max-width: 1000px) 100vw, 1000px\" \/><\/p>\n<p><span style=\"font-weight: 400;\">Ali vas zanima nakup <a href=\"https:\/\/coinkickoff.com\/sl\/shiba-inu-shib\/\" data-internallinksmanager029f6b8e52c=\"16\" title=\"Kaj je Shiba Inu (SHIB)? Kako deluje in kje ga kupiti?\">Shiba Inu<\/a> vendar ne veste, kje za\u010deti? Ste na pravem mestu. Tukaj je vse, kar morate vedeti o nakupu Shiba Inu.\u00a0<\/span><\/p>\n<h2><span class=\"ez-toc-section\" id=\"What_Is_Shiba_Inu\"><\/span><span style=\"font-weight: 400;\">Kaj je Shiba Inu?<\/span><span class=\"ez-toc-section-end\"><\/span><\/h2>\n<p><span style=\"font-weight: 400;\">Shiba Inu token (SHIB) je avgusta 2020 kot meme coin ustvaril psevdoanonimni razvijalec z imenom \"Ryoshi\". coin je postal priljubljen, potem ko je \"Ryoshi\" poslal polovico celotne zaloge na <a href=\"https:\/\/coinkickoff.com\/sl\/ethereum-eth\/\" data-internallinksmanager029f6b8e52c=\"2\" title=\"Kaj je Ethereum (ETH)? Cena, zgodovina in kje kupiti\">Ethereum<\/a> ustanovitelja Vitalika Buterina kot na\u010din za mno\u017ei\u010dno tr\u017eenje coin. Buterin se je opekel <\/span><a href=\"https:\/\/www.coindesk.com\/markets\/2021\/05\/17\/vitalik-buterin-burns-6b-in-shib-tokens-says-he-doesnt-want-the-power\/\" target=\"_blank\" rel=\"noopener\"><span style=\"font-weight: 400;\">90% zaloge, preostalih 10% pa je podaril dobrodelni organizaciji.<\/span><\/a><span style=\"font-weight: 400;\"> v Indiji med pandemijo Covid-19.<\/span><\/p>\n<p><img loading=\"lazy\" decoding=\"async\" class=\"alignnone wp-image-3712 size-full\" src=\"https:\/\/coinkickoff.com\/wp-content\/uploads\/Screen-Shot-2023-05-24-at-2.12.50-PM-e1684926889358.png\" alt=\"\" width=\"759\" height=\"629\" srcset=\"https:\/\/coinkickoff.com\/wp-content\/uploads\/Screen-Shot-2023-05-24-at-2.12.50-PM-e1684926889358.png 759w, https:\/\/coinkickoff.com\/wp-content\/uploads\/Screen-Shot-2023-05-24-at-2.12.50-PM-e1684926889358-300x249.png 300w, https:\/\/coinkickoff.com\/wp-content\/uploads\/Screen-Shot-2023-05-24-at-2.12.50-PM-e1684926889358-14x12.png 14w\" sizes=\"auto, (max-width: 759px) 100vw, 759px\" \/><\/p>\n<p><span style=\"font-weight: 400;\">Shiba Inu je zelo podoben konkuren\u010dnemu memu token <a href=\"https:\/\/coinkickoff.com\/sl\/dogecoin-doge\/\" data-internallinksmanager029f6b8e52c=\"14\" title=\"Kaj je Dogecoin (DOGE)? Kako deluje in kje ga kupiti?\">Dogecoin<\/a>, saj oba projekta uporabljata podobo psa Shiba Inu (ki je navdihnil meme Doge) in v bistvu veljata za \u0161alo coins. Ekipa ustvarjalcev in skupnost Shiba Inu sta SHIB poimenovala \"DOGEKILLER\", saj je cilj projekta prese\u010di priljubljenost DOGE.<\/span><\/p>\n<p><img loading=\"lazy\" decoding=\"async\" class=\"alignnone wp-image-3711 size-full\" src=\"https:\/\/coinkickoff.com\/wp-content\/uploads\/elon-musk-shiba.png\" alt=\"\" width=\"447\" height=\"794\" srcset=\"https:\/\/coinkickoff.com\/wp-content\/uploads\/elon-musk-shiba.png 447w, https:\/\/coinkickoff.com\/wp-content\/uploads\/elon-musk-shiba-169x300.png 169w, https:\/\/coinkickoff.com\/wp-content\/uploads\/elon-musk-shiba-7x12.png 7w\" sizes=\"auto, (max-width: 447px) 100vw, 447px\" \/><\/p>\n<p><span style=\"font-weight: 400;\">Podobno kot Dogecoin, <\/span><b>Shiba Inu v resnici nima primera uporabe<\/b><span style=\"font-weight: 400;\">. Priljubljen je predvsem zaradi internetne kulture in \u0161pekulacij. Leta 2021 se je cena coin pove\u010dala za 10-krat, potem ko se je <\/span><a href=\"https:\/\/www.news.com.au\/finance\/markets\/world-markets\/shib-coin-why-shiba-inu-price-is-surging\/news-story\/a1bb8332cda46430f3093582e62ade73\" target=\"_blank\" rel=\"noopener\"><span style=\"font-weight: 400;\">Elon Musk je tvitnil <\/span><\/a><span style=\"font-weight: 400;\">sliko svojega psa pasme Shiba Inu, \u010deprav se je cena token pozneje vrnila na prej\u0161njo raven.<\/span><\/p>\n<p><img loading=\"lazy\" decoding=\"async\" class=\"alignnone wp-image-3710 size-full\" src=\"https:\/\/coinkickoff.com\/wp-content\/uploads\/shiba-inu-price-e1684926920831.png\" alt=\"\" width=\"766\" height=\"500\" srcset=\"https:\/\/coinkickoff.com\/wp-content\/uploads\/shiba-inu-price-e1684926920831.png 766w, https:\/\/coinkickoff.com\/wp-content\/uploads\/shiba-inu-price-e1684926920831-300x196.png 300w, https:\/\/coinkickoff.com\/wp-content\/uploads\/shiba-inu-price-e1684926920831-18x12.png 18w\" sizes=\"auto, (max-width: 766px) 100vw, 766px\" \/><\/p>\n<p><span style=\"font-weight: 400;\">Na splo\u0161no lahko meme coins, kot sta Shiba Inu in Dogecoin, \u0161tejemo za pump-and-dump coins, ker niso uporabni. Ljudje jih pogosto kupujejo v upanju, da bodo ob nenadnem zvi\u0161anju cen odvrgli svoja sredstva.<\/span><\/p>\n<p><span style=\"font-weight: 400;\">Kljub temu je tako kot DOGE tudi Shiba Inu izjemno poceni in precej priljubljen. S stotimi dolarji lahko zlahka kupite veliko koli\u010dino SH\u0130B. Na splo\u0161no so coins zaradi svoje lahke dostopnosti, velike prepoznavnosti in nestanovitnosti cen privla\u010dni za tiste, ki jih ne motijo tvegane nalo\u017ebe v upanju na visoke dobi\u010dke.\u00a0<\/span><\/p>\n<h2><span class=\"ez-toc-section\" id=\"Where_Can_I_Buy_Shiba_Inu\"><\/span><span style=\"font-weight: 400;\">Kje lahko kupim Shiba Inu?<\/span><span class=\"ez-toc-section-end\"><\/span><\/h2>\n<p><a href=\"https:\/\/coinmarketcap.com\/currencies\/shiba-inu\/\" target=\"_blank\" rel=\"noopener\"><span style=\"font-weight: 400;\">SHIB je 14. najve\u010dji kripto\u017eeton<\/span><\/a><span style=\"font-weight: 400;\"> po tr\u017eni vrednosti, zato vam trgovanje z njim omogo\u010dajo skoraj vse priljubljene borze.<\/span><\/p>\n<p><span style=\"font-weight: 400;\">SHIB lahko kupite s fiat valutami na centralizirani <a href=\"https:\/\/coinkickoff.com\/sl\/crypto-exchanges\/\" data-internallinksmanager029f6b8e52c=\"141\" title=\"21 Najbolj\u0161e menjalnice kriptovalut in aplikacije v letu 2024\">izmenjave kriptovalut<\/a> kot je . <\/span><a href=\"https:\/\/coinkickoff.com\/sl\/binance-review\/\"><span style=\"font-weight: 400;\">Binance<\/span><\/a><span style=\"font-weight: 400;\">, <\/span><a href=\"https:\/\/coinkickoff.com\/sl\/kraken-review\/\"><span style=\"font-weight: 400;\">Kraken<\/span><\/a><span style=\"font-weight: 400;\">, <\/span><a href=\"https:\/\/coinkickoff.com\/sl\/coinbase-review\/\"><span style=\"font-weight: 400;\">Coinbase<\/span><\/a><span style=\"font-weight: 400;\">, <\/span><a href=\"https:\/\/www.kucoin.com\/r\/af\/rMJPV3B\" target=\"_blank\" rel=\"noopener\"><span style=\"font-weight: 400;\">Kucoin<\/span><\/a><span style=\"font-weight: 400;\">, <\/span><a href=\"https:\/\/www.bitfinex.com\/sign-up?refcode=kjCYk-CZD\" target=\"_blank\" rel=\"noopener\"><span style=\"font-weight: 400;\">Bitfinex<\/span><\/a><span style=\"font-weight: 400;\">in <\/span><a href=\"https:\/\/www.okx.com\/join\/65358827\" target=\"_blank\" rel=\"noopener\"><span style=\"font-weight: 400;\">OKX<\/span><\/a><span style=\"font-weight: 400;\">.<\/span><\/p>\n<p><span style=\"font-weight: 400;\">Z SHIB lahko trgujete tudi na decentraliziranih borzah, kot so <a href=\"https:\/\/coinkickoff.com\/sl\/uniswap-uni\/\" data-internallinksmanager029f6b8e52c=\"34\" title=\"Kaj je Uniswap (UNI), kako deluje in kje ga kupiti?\">Uniswap<\/a> in Sushiswap. Na teh borzah ne morete kupiti kriptovalute s fiat valuto, \u010de pa \u017ee imate kriptovaluto, jo lahko zamenjate za SHIB.<\/span><\/p>\n<h2><span class=\"ez-toc-section\" id=\"How_to_Buy_Shiba_Inu-2\"><\/span><span style=\"font-weight: 400;\">Kako kupiti Shiba Inu<\/span><span class=\"ez-toc-section-end\"><\/span><\/h2>\n<p><span style=\"font-weight: 400;\">Odlo\u010dili ste se, da se odlo\u010dite za nakup Shiba Inu. Super, vendar morate najprej sprejeti dve odlo\u010ditvi: Najprej se morate odlo\u010diti, na kateri borzi boste kupili coin. Nato se odlo\u010dite za na\u010din shranjevanja. Ko to ugotovite, ste pripravljeni za nakup SHIB.\u00a0<\/span><\/p>\n<p><span style=\"font-weight: 400;\">V nadaljevanju so opisani vsi koraki, ki vam bodo olaj\u0161ali nakup.<\/span><\/p>\n<h3><span class=\"ez-toc-section\" id=\"Choose_Your_Exchange\"><\/span><span style=\"font-weight: 400;\">Izberite svojo izmenjavo<\/span><span class=\"ez-toc-section-end\"><\/span><\/h3>\n<p><span style=\"font-weight: 400;\">Ker je Shiba Inu zelo priljubljen in ga lahko najdete na skoraj vseh borzah kriptovalut. Ker pa je na voljo veliko borz, je izbira prave lahko zastra\u0161ujo\u010da. Vendar ne skrbite, saj smo za vas pripravili <\/span><a href=\"https:\/\/coinkickoff.com\/sl\/crypto-exchanges\/\"><span style=\"font-weight: 400;\">kratek vodnik po najbolj\u0161ih borzah kriptovalut<\/span><\/a><span style=\"font-weight: 400;\"> lahko uporabite.<\/span><\/p>\n<p><span style=\"font-weight: 400;\">Pri izbiri izmenjave je treba upo\u0161tevati nekaj stvari. \u010ce \u017eelite vlagati v razli\u010dne altcoins, se lahko raje odlo\u010dite za <\/span><b>ve\u010dja platforma<\/b><span style=\"font-weight: 400;\"> ki ponuja ve\u010d digitalnih sredstev, kot so <a href=\"https:\/\/coinkickoff.com\/sl\/binance-review\/\" data-internallinksmanager029f6b8e52c=\"152\" title=\"Binance Mnenja 2024: Lastnosti, pristojbine, varnost, prednosti in slabosti\">Binance<\/a> ali <a href=\"https:\/\/coinkickoff.com\/sl\/coinbase-review\/\" data-internallinksmanager029f6b8e52c=\"142\" title=\"Coinbase Mnenja 2024: Lastnosti, pristojbine, varnost, prednosti in slabosti\">Coinbase<\/a>.\u00a0<\/span><\/p>\n<p><span style=\"font-weight: 400;\">Razmisliti morate tudi o<\/span><b> pristojbine za izmenjavo<\/b><span style=\"font-weight: 400;\">. Ve\u010dina borz ponuja dva lo\u010dena sistema dolo\u010danja cen: Prvi je ve\u010dstopenjski in zato cenej\u0161i cenik za profesionalno trgovanje, drugi pa je preprosta funkcija nakupa, ki je dra\u017eja.\u00a0<\/span><\/p>\n<p><span style=\"font-weight: 400;\">\u010ce ste za\u010detnik, ki \u017eeli preprosto kupiti coins, je funkcija enostavnega nakupa va\u0161a najbolj\u0161a mo\u017enost. Pri primerjanju borz preverite njihove pristojbine za preproste nakupne operacije. Obi\u010dajno se tarife razlikujejo od %1 do %5, odvisno od borze in na\u010dina pla\u010dila.<\/span><\/p>\n<h3><span class=\"ez-toc-section\" id=\"Store_Your_SHIB\"><\/span><span style=\"font-weight: 400;\">Shranite svoj SHIB<\/span><span class=\"ez-toc-section-end\"><\/span><\/h3>\n<p><span style=\"font-weight: 400;\">Pred nakupom coins je dobro raziskati denarnice s kriptovalutami. Shranjevanje kripto\u017eetonov je resna zadeva: ker kripto\u017eetoni obstajajo samo na verigi, je edini na\u010din dostopa do va\u0161ih sredstev prek kripto denarnice.\u00a0\u00a0<\/span><\/p>\n<p><span style=\"font-weight: 400;\">Obstajata dve glavni vrsti denarnic za kriptovalute: <\/span><b>vro\u010de in hladne denarnice<\/b><span style=\"font-weight: 400;\">. Med obema vrstama je preprosta, a pomembna razlika - vro\u010de denarnice so povezane z internetom, medtem ko hladne denarnice hranijo va\u0161e premo\u017eenje brez povezave.<\/span><\/p>\n<p><span style=\"font-weight: 400;\">Vro\u010de denarnice so denarnice na borzi in programske denarnice, hladne denarnice pa so papirnate denarnice in strojne denarnice.<\/span><\/p>\n<h4><span class=\"ez-toc-section\" id=\"Exchange_Wallet\"><\/span><span style=\"font-weight: 400;\">Exchange denarnica<\/span><span class=\"ez-toc-section-end\"><\/span><\/h4>\n<p><span style=\"font-weight: 400;\">Menjalni\u0161ke denarnice so priljubljena re\u0161itev za shranjevanje kriptovalut preprosto zato, ker so tako priro\u010dne. Ko kupite kriptovaluto na centralizirani borzi, kot je npr. <\/span><a href=\"https:\/\/coinkickoff.com\/sl\/coinbase-review\/\"><span style=\"font-weight: 400;\">Coinbase<\/span><\/a><span style=\"font-weight: 400;\"> ali <\/span><a href=\"https:\/\/coinkickoff.com\/sl\/binance-review\/\"><span style=\"font-weight: 400;\">Binance<\/span><\/a><span style=\"font-weight: 400;\">, se va\u0161e coins takoj prenesejo v denarnico, ki jo gosti borza. To vam omogo\u010da, da svoje coins na borzi enostavno in hitro prodate ali z njimi trgujete.<\/span><\/p>\n<p><span style=\"font-weight: 400;\">Slaba stran denarnic za izmenjavo je pomanjkanje zadostne varnosti. Ker denarnico gosti borza, nimate neposrednega nadzora nad svojimi sredstvi. \u010ce gre borza v ste\u010daj ali vdre v njo, so lahko va\u0161a sredstva za vedno izgubljena.<\/span><\/p>\n<p><span style=\"font-weight: 400;\">Nekatere borze ponujajo omejene sisteme za\u0161\u010dite pred kr\u0161itvami varnosti, vendar nadomestilo nikoli ni zagotovljeno, saj odlo\u010ditev o tem na koncu sprejmejo lastniki in upravitelji borze.<\/span><\/p>\n<p><span style=\"font-weight: 400;\">Kripto navdu\u0161enci pogosto trdijo, da \"ne tvoji klju\u010di, ne tvoji coins\", da bi opozorili trgovce s kriptovalutami na nevarnosti, ki jih prina\u0161a pu\u0161\u010danje velikih koli\u010din kriptovalut v denarnicah za izmenjavo. Na primer, ko je dru\u017eba FTX razglasila ste\u010daj, <\/span><a href=\"https:\/\/www.npr.org\/2022\/11\/17\/1137501882\/ftx-investors-are-unable-to-access-their-money-shaking-crypto-investors-confiden\" target=\"_blank\" rel=\"noopener\"><span style=\"font-weight: 400;\">uporabniki niso mogli premakniti svojih sredstev.<\/span><\/a><span style=\"font-weight: 400;\"> iz denarnic borze, ker niso imeli dostopa do klju\u010dev denarnic borze.<\/span><\/p>\n<p><span style=\"font-weight: 400;\">\u010ce vam je nerodno pustiti svoje premo\u017eenje v denarnici v izmenjavi, razmislite o tem, da bi ga prenesli v denarnico, ki jo sami skrbite.<\/span><\/p>\n<h4><span class=\"ez-toc-section\" id=\"Self-Custody_Hot_Wallets\"><\/span><span style=\"font-weight: 400;\">Vro\u010de denarnice za lastno hrambo<\/span><span class=\"ez-toc-section-end\"><\/span><\/h4>\n<p><span style=\"font-weight: 400;\">\u010ce ne \u017eelite uporabiti denarnice na borzi za shranjevanje svojih coins, lahko na svojo mobilno napravo ali namizni ra\u010dunalnik prenesete vro\u010do denarnico, ki se hrani sama. Obstaja ve\u010d programskih re\u0161itev za denarnice, ki vam omogo\u010dajo upravljanje klju\u010dev lastnih denarnic, tako da imate svoj coins vedno pod nadzorom.\u00a0<\/span><\/p>\n<p><span style=\"font-weight: 400;\">Na primer, SHIB lahko shranite v <\/span><a href=\"https:\/\/coinkickoff.com\/sl\/exodus-review\/\"><span style=\"font-weight: 400;\">Exodus<\/span><\/a><span style=\"font-weight: 400;\">, <\/span><a href=\"https:\/\/www.coinomi.com\/en\/\" target=\"_blank\" rel=\"noopener\"><span style=\"font-weight: 400;\">Coinomi<\/span><\/a><span style=\"font-weight: 400;\">ali <\/span><a href=\"https:\/\/atomicwallet.io\/\" target=\"_blank\" rel=\"noopener\"><span style=\"font-weight: 400;\">Atomska denarnica<\/span><\/a><span style=\"font-weight: 400;\">. Vendar pa imajo samopridr\u017eljive vro\u010de denarnice tudi pomanjkljivost: ker gostujejo na napravah, povezanih z internetom, so precej ranljive za poskuse vdorov. Pravzaprav ste morda videli ali sli\u0161ali v novicah, da hekerji pogosto napadajo tako maloprodajne trgovce kot profesionalne kripto projekte, ki uporabljajo vro\u010de denarnice.<\/span><\/p>\n<p><span style=\"font-weight: 400;\">\u010ce niste strokovnjak za kibernetsko varnost, hranjenje vro\u010de denarnice morda ni najbolj\u0161a ideja. Kripto tatovi so zelo ustvarjalni in strate\u0161ki: uporabljajo zapletene metode, kot so ugrabitev na dru\u017eabnih omre\u017ejih, ribarjenje in druge metode za dostop do va\u0161ih sredstev in njihovo iz\u010drpavanje. \u010ce je ogro\u017eena va\u0161a naprava, povezana z internetom (kar se lahko zlahka zgodi, \u010de na primer kliknete na napa\u010dno povezavo), so ogro\u017eena tudi va\u0161a sredstva.<\/span><\/p>\n<h4><span class=\"ez-toc-section\" id=\"Cold_Wallets\"><\/span><span style=\"font-weight: 400;\">Hladne denarnice<\/span><span class=\"ez-toc-section-end\"><\/span><\/h4>\n<p><span style=\"font-weight: 400;\">Hladne denarnice niso povezane z internetom, zato veljajo za odporne na vdore.\u00a0<\/span><\/p>\n<p><span style=\"font-weight: 400;\">Obstajata dve glavni vrsti hladnih denarnic: Strojne denarnice, ki so videti kot klju\u010dki USB s predhodno name\u0161\u010deno programsko opremo za denarnico, in papirnate denarnice, ki so v bistvu kosi papirja, na katerih so zapisani podatki o va\u0161em zasebnem klju\u010du in naslovu denarnice.<\/span><\/p>\n<p><span style=\"font-weight: 400;\">Papirnate denarnice na splo\u0161no veljajo za zelo varne, vendar jih je te\u017eko uporabljati. Previdno morate uporabiti generator papirnatih denarnic, nato pa natisniti podatke in jih hraniti na varnem mestu.\u00a0<\/span><\/p>\n<p><span style=\"font-weight: 400;\">Velika pomanjkljivost papirnatih denarnic je, da so okorne za uporabo: z njimi ne morete opravljati delnih transakcij, zato niso prakti\u010dne.<\/span><\/p>\n<p><span style=\"font-weight: 400;\">Po drugi strani so strojne denarnice izjemno prakti\u010dne in zelo varne, vendar imajo precej veliko pomanjkljivost: so veliko dra\u017eje od drugih mo\u017enosti.\u00a0<\/span><\/p>\n<p><span style=\"font-weight: 400;\">Obi\u010dajno so kripto denarnice brezpla\u010dne, vendar so strojne denarnice izjema od pravila. Pla\u010dilo od 80 do 200 USD za denarnico je lahko draga nalo\u017eba za trgovca s kriptovalutami za\u010detnika.<\/span><\/p>\n<p><a href=\"https:\/\/www.ledger.com\/\" target=\"_blank\" rel=\"noopener\"><span style=\"font-weight: 400;\">Glavna knjiga<\/span><\/a><span style=\"font-weight: 400;\"> in . <\/span><a href=\"https:\/\/trezor.io\/\" target=\"_blank\" rel=\"noopener\"><span style=\"font-weight: 400;\">Trezor<\/span><\/a><span style=\"font-weight: 400;\"> sta dve najbolj znani podjetji za trde denarnice v industriji, obe pa prodajata osnovni model po spodobni ceni za radovedne vlagatelje.<\/span><\/p>","protected":false},"excerpt":{"rendered":"<p>Kako kupiti Shiba Inu Zanima vas nakup Shiba Inu, vendar ne veste, kje za\u010deti? Ste na pravem mestu. Tukaj je vse, kar morate vedeti o nakupu Shiba Inu.  Kaj je Shiba Inu? Shiba Inu token (SHIB) je avgusta 2020 kot mem coin ustvaril psevdo-anonimni uporabnik, ki je v svojem \u010dlanku [...]<\/p>","protected":false},"author":3,"featured_media":0,"parent":0,"menu_order":0,"comment_status":"closed","ping_status":"closed","template":"","meta":{"_genesis_hide_title":false,"_genesis_hide_breadcrumbs":false,"_genesis_hide_singular_image":false,"_genesis_hide_footer_widgets":false,"_genesis_custom_body_class":"","_genesis_custom_post_class":"","_genesis_layout":"","_glsr_average":0,"_glsr_ranking":0,"_glsr_reviews":0,"footnotes":""},"class_list":{"0":"post-3709","1":"page","2":"type-page","3":"status-publish","5":"entry","6":"has-post-thumbnail"},"featured_image_src":null,"featured_image_src_square":null,"_links":{"self":[{"href":"https:\/\/coinkickoff.com\/sl\/wp-json\/wp\/v2\/pages\/3709","targetHints":{"allow":["GET"]}}],"collection":[{"href":"https:\/\/coinkickoff.com\/sl\/wp-json\/wp\/v2\/pages"}],"about":[{"href":"https:\/\/coinkickoff.com\/sl\/wp-json\/wp\/v2\/types\/page"}],"author":[{"embeddable":true,"href":"https:\/\/coinkickoff.com\/sl\/wp-json\/wp\/v2\/users\/3"}],"replies":[{"embeddable":true,"href":"https:\/\/coinkickoff.com\/sl\/wp-json\/wp\/v2\/comments?post=3709"}],"version-history":[{"count":2,"href":"https:\/\/coinkickoff.com\/sl\/wp-json\/wp\/v2\/pages\/3709\/revisions"}],"predecessor-version":[{"id":4474,"href":"https:\/\/coinkickoff.com\/sl\/wp-json\/wp\/v2\/pages\/3709\/revisions\/4474"}],"wp:attachment":[{"href":"https:\/\/coinkickoff.com\/sl\/wp-json\/wp\/v2\/media?parent=3709"}],"curies":[{"name":"wp","href":"https:\/\/api.w.org\/{rel}","templated":true}]}}