{"id":3447,"date":"2026-01-08T14:07:31","date_gmt":"2026-01-08T14:07:31","guid":{"rendered":"https:\/\/coinkickoff.com\/?page_id=3447"},"modified":"2026-01-08T14:07:31","modified_gmt":"2026-01-08T14:07:31","slug":"how-to-buy-dogecoin-on-bitmart","status":"publish","type":"page","link":"https:\/\/coinkickoff.com\/sl\/how-to-buy-dogecoin\/how-to-buy-dogecoin-on-bitmart\/","title":{"rendered":"Kako kupiti Dogecoin (DOGE) na Bitmartu"},"content":{"rendered":"<div id=\"ez-toc-container\" class=\"ez-toc-v2_0_80 counter-hierarchy ez-toc-counter ez-toc-transparent ez-toc-container-direction\">\n<div class=\"ez-toc-title-container\">\n<p class=\"ez-toc-title\" style=\"cursor:inherit\">Oddelki<\/p>\n<span class=\"ez-toc-title-toggle\"><a href=\"#\" class=\"ez-toc-pull-right ez-toc-btn ez-toc-btn-xs ez-toc-btn-default ez-toc-toggle\" aria-label=\"Toggle Tabela vsebine\"><span class=\"ez-toc-js-icon-con\"><span class=\"\"><span class=\"eztoc-hide\" style=\"display:none;\">Toggle<\/span><span class=\"ez-toc-icon-toggle-span\"><svg style=\"fill: #999;color:#999\" xmlns=\"http:\/\/www.w3.org\/2000\/svg\" class=\"list-377408\" width=\"20px\" height=\"20px\" viewbox=\"0 0 24 24\" fill=\"none\"><path d=\"M6 6H4v2h2V6zm14 0H8v2h12V6zM4 11h2v2H4v-2zm16 0H8v2h12v-2zM4 16h2v2H4v-2zm16 0H8v2h12v-2z\" fill=\"currentColor\"><\/path><\/svg><svg style=\"fill: #999;color:#999\" class=\"arrow-unsorted-368013\" xmlns=\"http:\/\/www.w3.org\/2000\/svg\" width=\"10px\" height=\"10px\" viewbox=\"0 0 24 24\" version=\"1.2\" baseprofile=\"tiny\"><path d=\"M18.2 9.3l-6.2-6.3-6.2 6.3c-.2.2-.3.4-.3.7s.1.5.3.7c.2.2.4.3.7.3h11c.3 0 .5-.1.7-.3.2-.2.3-.5.3-.7s-.1-.5-.3-.7zM5.8 14.7l6.2 6.3 6.2-6.3c.2-.2.3-.5.3-.7s-.1-.5-.3-.7c-.2-.2-.4-.3-.7-.3h-11c-.3 0-.5.1-.7.3-.2.2-.3.5-.3.7s.1.5.3.7z\"\/><\/svg><\/span><\/span><\/span><\/a><\/span><\/div>\n<nav><ul class='ez-toc-list ez-toc-list-level-1 eztoc-toggle-hide-by-default' ><li class='ez-toc-page-1 ez-toc-heading-level-2'><a class=\"ez-toc-link ez-toc-heading-1\" href=\"https:\/\/coinkickoff.com\/sl\/how-to-buy-dogecoin\/how-to-buy-dogecoin-on-bitmart\/#How_to_Buy_Dogecoin_on_Bitmart\" >Kako kupiti Dogecoin na Bitmart<\/a><\/li><li class='ez-toc-page-1 ez-toc-heading-level-2'><a class=\"ez-toc-link ez-toc-heading-2\" href=\"https:\/\/coinkickoff.com\/sl\/how-to-buy-dogecoin\/how-to-buy-dogecoin-on-bitmart\/#A_Step-By-Step_Guide_on_How_to_Buy_Dogecoin_on_Bitmart\" >Vodnik po korakih, kako kupiti Dogecoin na Bitmartu<\/a><ul class='ez-toc-list-level-3' ><li class='ez-toc-heading-level-3'><a class=\"ez-toc-link ez-toc-heading-3\" href=\"https:\/\/coinkickoff.com\/sl\/how-to-buy-dogecoin\/how-to-buy-dogecoin-on-bitmart\/#1_Register_an_Account\" >1. Registracija ra\u010duna<\/a><\/li><li class='ez-toc-page-1 ez-toc-heading-level-3'><a class=\"ez-toc-link ez-toc-heading-4\" href=\"https:\/\/coinkickoff.com\/sl\/how-to-buy-dogecoin\/how-to-buy-dogecoin-on-bitmart\/#2_Verify_Your_Account\" >2. Potrdite svoj ra\u010dun<\/a><\/li><li class='ez-toc-page-1 ez-toc-heading-level-3'><a class=\"ez-toc-link ez-toc-heading-5\" href=\"https:\/\/coinkickoff.com\/sl\/how-to-buy-dogecoin\/how-to-buy-dogecoin-on-bitmart\/#3_Buy_Crypto\" >3. Nakup kriptovalut<\/a><\/li><\/ul><\/li><\/ul><\/nav><\/div>\n<h2><span class=\"ez-toc-section\" id=\"How_to_Buy_Dogecoin_on_Bitmart\"><\/span><span style=\"font-weight: 400;\"><img loading=\"lazy\" decoding=\"async\" class=\"alignnone wp-image-155 size-full\" src=\"https:\/\/coinkickoff.com\/wp-content\/uploads\/2022\/06\/Dogecoin-DOGE.jpg\" alt=\"kako kupiti dogecoin\" width=\"1000\" height=\"800\" srcset=\"https:\/\/coinkickoff.com\/wp-content\/uploads\/2022\/06\/Dogecoin-DOGE.jpg 1000w, https:\/\/coinkickoff.com\/wp-content\/uploads\/2022\/06\/Dogecoin-DOGE-300x240.jpg 300w, https:\/\/coinkickoff.com\/wp-content\/uploads\/2022\/06\/Dogecoin-DOGE-768x614.jpg 768w, https:\/\/coinkickoff.com\/wp-content\/uploads\/2022\/06\/Dogecoin-DOGE-15x12.jpg 15w\" sizes=\"auto, (max-width: 1000px) 100vw, 1000px\" \/>Kako kupiti Dogecoin na Bitmart<\/span><span class=\"ez-toc-section-end\"><\/span><\/h2>\n<p><span style=\"font-weight: 400;\"><a href=\"https:\/\/coinkickoff.com\/sl\/dogecoin-doge\/\" data-internallinksmanager029f6b8e52c=\"14\" title=\"Kaj je Dogecoin (DOGE)? Kako deluje in kje ga kupiti?\">Dogecoin<\/a>, ki je bil sprva predstavljen kot \u0161ala coin, je zaradi priljubljenosti na internetu postal fenomen. \u010ceprav je sredstvo zaradi ogromne skupne ponudbe ve\u010dinoma brez vrednosti, ostaja priljubljena kriptovaluta, ki jo mnogi vklju\u010dujejo v svoje portfelje.<\/span><\/p>\n<p><span style=\"font-weight: 400;\">\u010ce \u017eelite kupiti Dogecoin, vendar ne veste, kako to storiti, smo vam pomagali. Tukaj je vodnik po korakih, kako kupiti Dogecoin na <a href=\"https:\/\/coinkickoff.com\/sl\/bitmart-review\/\" data-internallinksmanager029f6b8e52c=\"162\" title=\"Mnenja Bitmart 2023: Funkcije, zna\u010dilnosti, varnost, prednosti in slabosti\">Bitmart<\/a> izmenjava.<\/span><\/p>\n<h2><span class=\"ez-toc-section\" id=\"A_Step-By-Step_Guide_on_How_to_Buy_Dogecoin_on_Bitmart\"><\/span><span style=\"font-weight: 400;\">Vodnik po korakih, kako kupiti Dogecoin na Bitmartu<\/span><span class=\"ez-toc-section-end\"><\/span><\/h2>\n<h3><span class=\"ez-toc-section\" id=\"1_Register_an_Account\"><\/span><span style=\"font-weight: 400;\">1. Registracija ra\u010duna<\/span><span class=\"ez-toc-section-end\"><\/span><\/h3>\n<p><span style=\"font-weight: 400;\">Najprej se prijavite v svoj ra\u010dun Bitmart. \u010ce nimate ra\u010duna <a href=\"https:\/\/www.bitmart.com\/register-referral\/en?r=A9JwPa\" target=\"_blank\" rel=\"noopener\">Ra\u010dun Bitmart<\/a>nato kliknite \"Prijavite se\".<\/span><\/p>\n<p><img loading=\"lazy\" decoding=\"async\" class=\"alignnone wp-image-3448 size-full\" src=\"https:\/\/coinkickoff.com\/wp-content\/uploads\/Screen-Shot-2023-03-28-at-7.50.10-AM-e1682512772323.png\" alt=\"kako kupiti Dogecoin na Bitmart\" width=\"1378\" height=\"685\" srcset=\"https:\/\/coinkickoff.com\/wp-content\/uploads\/Screen-Shot-2023-03-28-at-7.50.10-AM-e1682512772323.png 1378w, https:\/\/coinkickoff.com\/wp-content\/uploads\/Screen-Shot-2023-03-28-at-7.50.10-AM-e1682512772323-300x149.png 300w, https:\/\/coinkickoff.com\/wp-content\/uploads\/Screen-Shot-2023-03-28-at-7.50.10-AM-e1682512772323-1024x509.png 1024w, https:\/\/coinkickoff.com\/wp-content\/uploads\/Screen-Shot-2023-03-28-at-7.50.10-AM-e1682512772323-768x382.png 768w, https:\/\/coinkickoff.com\/wp-content\/uploads\/Screen-Shot-2023-03-28-at-7.50.10-AM-e1682512772323-18x9.png 18w\" sizes=\"auto, (max-width: 1378px) 100vw, 1378px\" \/><\/p>\n<p><span style=\"font-weight: 400;\">Ra\u010dun lahko ustvarite z mobilno \u0161tevilko ali e-po\u0161to. Ko kliknete gumb Prijavite se, prejmete kodo za preverjanje. Uporabite kodo za dostop do ra\u010duna.\u00a0\u00a0<\/span><\/p>\n<h3><span class=\"ez-toc-section\" id=\"2_Verify_Your_Account\"><\/span><span style=\"font-weight: 400;\">2. Potrdite svoj ra\u010dun<\/span><span class=\"ez-toc-section-end\"><\/span><\/h3>\n<p><img loading=\"lazy\" decoding=\"async\" class=\"alignnone wp-image-3449 size-full\" src=\"https:\/\/coinkickoff.com\/wp-content\/uploads\/Screen-Shot-2023-03-28-at-7.51.33-AM-e1682512794900.png\" alt=\"\" width=\"1382\" height=\"683\" srcset=\"https:\/\/coinkickoff.com\/wp-content\/uploads\/Screen-Shot-2023-03-28-at-7.51.33-AM-e1682512794900.png 1382w, https:\/\/coinkickoff.com\/wp-content\/uploads\/Screen-Shot-2023-03-28-at-7.51.33-AM-e1682512794900-300x148.png 300w, https:\/\/coinkickoff.com\/wp-content\/uploads\/Screen-Shot-2023-03-28-at-7.51.33-AM-e1682512794900-1024x506.png 1024w, https:\/\/coinkickoff.com\/wp-content\/uploads\/Screen-Shot-2023-03-28-at-7.51.33-AM-e1682512794900-768x380.png 768w, https:\/\/coinkickoff.com\/wp-content\/uploads\/Screen-Shot-2023-03-28-at-7.51.33-AM-e1682512794900-18x9.png 18w\" sizes=\"auto, (max-width: 1382px) 100vw, 1382px\" \/><\/p>\n<p><span style=\"font-weight: 400;\">Za vpla\u010dilo in trgovanje na Bitmartu morate opraviti preverjanje identitete. Kliknite ikono profila v zgornjem desnem kotu doma\u010de strani in izberite \"Preverjanje\".<\/span><\/p>\n<p><img loading=\"lazy\" decoding=\"async\" class=\"alignnone wp-image-3450 size-full\" src=\"https:\/\/coinkickoff.com\/wp-content\/uploads\/Screen-Shot-2023-03-28-at-7.51.59-AM-e1682512815734.png\" alt=\"\" width=\"1439\" height=\"820\" srcset=\"https:\/\/coinkickoff.com\/wp-content\/uploads\/Screen-Shot-2023-03-28-at-7.51.59-AM-e1682512815734.png 1439w, https:\/\/coinkickoff.com\/wp-content\/uploads\/Screen-Shot-2023-03-28-at-7.51.59-AM-e1682512815734-300x171.png 300w, https:\/\/coinkickoff.com\/wp-content\/uploads\/Screen-Shot-2023-03-28-at-7.51.59-AM-e1682512815734-1024x584.png 1024w, https:\/\/coinkickoff.com\/wp-content\/uploads\/Screen-Shot-2023-03-28-at-7.51.59-AM-e1682512815734-768x438.png 768w, https:\/\/coinkickoff.com\/wp-content\/uploads\/Screen-Shot-2023-03-28-at-7.51.59-AM-e1682512815734-18x10.png 18w\" sizes=\"auto, (max-width: 1439px) 100vw, 1439px\" \/><\/p>\n<p><span style=\"font-weight: 400;\">Izberete lahko stopnjo 1 ali stopnjo 2 preverjanja. Raven preverjanja 1 je dovolj za polog na platformi in nakup DOGE.<\/span><\/p>\n<p><span style=\"font-weight: 400;\">Kliknite \"Preveri zdaj\".<\/span><\/p>\n<p><span style=\"font-weight: 400;\">Preverjanje istovetnosti na prvi stopnji je zelo preprosto - vnesite dr\u017eavo prebivali\u0161\u010da, pravno ime in datum rojstva. Odvisno od va\u0161e mati\u010dne dr\u017eave vam bodo morda zastavljena nekatera vpra\u0161anja, vendar je za ve\u010dino uporabnikov preverjanje identitete preprosto in ga je mogo\u010de opraviti v nekaj minutah.<\/span><\/p>\n<p><img loading=\"lazy\" decoding=\"async\" class=\"alignnone wp-image-3451 size-full\" src=\"https:\/\/coinkickoff.com\/wp-content\/uploads\/Screen-Shot-2023-03-28-at-7.52.15-AM-e1682512834855.png\" alt=\"\" width=\"1436\" height=\"820\" srcset=\"https:\/\/coinkickoff.com\/wp-content\/uploads\/Screen-Shot-2023-03-28-at-7.52.15-AM-e1682512834855.png 1436w, https:\/\/coinkickoff.com\/wp-content\/uploads\/Screen-Shot-2023-03-28-at-7.52.15-AM-e1682512834855-300x171.png 300w, https:\/\/coinkickoff.com\/wp-content\/uploads\/Screen-Shot-2023-03-28-at-7.52.15-AM-e1682512834855-1024x585.png 1024w, https:\/\/coinkickoff.com\/wp-content\/uploads\/Screen-Shot-2023-03-28-at-7.52.15-AM-e1682512834855-768x439.png 768w, https:\/\/coinkickoff.com\/wp-content\/uploads\/Screen-Shot-2023-03-28-at-7.52.15-AM-e1682512834855-18x10.png 18w\" sizes=\"auto, (max-width: 1436px) 100vw, 1436px\" \/><\/p>\n<h3><span class=\"ez-toc-section\" id=\"3_Buy_Crypto\"><\/span><span style=\"font-weight: 400;\">3. Nakup kriptovalut<\/span><span class=\"ez-toc-section-end\"><\/span><\/h3>\n<p><span style=\"font-weight: 400;\">Ko kon\u010date s preverjanjem, se vrnite na doma\u010do stran in v zgornjem desnem kotu kliknite gumb \"Kupi in prodaji\".<\/span><\/p>\n<p><span style=\"font-weight: 400;\">Na novi strani prilagodite valuto pla\u010dila (na primer USD) in s seznama razpolo\u017eljivih digitalnih sredstev izberite DOGE. V prvo polje vnesite znesek, ki ga \u017eelite pla\u010dati. Najmanj\u0161i znesek pla\u010dila je 30 USD.<\/span><\/p>\n<p><img loading=\"lazy\" decoding=\"async\" class=\"alignnone wp-image-3452 size-full\" src=\"https:\/\/coinkickoff.com\/wp-content\/uploads\/Screen-Shot-2023-03-28-at-7.52.39-AM-e1682512882816.png\" alt=\"\" width=\"1421\" height=\"817\" srcset=\"https:\/\/coinkickoff.com\/wp-content\/uploads\/Screen-Shot-2023-03-28-at-7.52.39-AM-e1682512882816.png 1421w, https:\/\/coinkickoff.com\/wp-content\/uploads\/Screen-Shot-2023-03-28-at-7.52.39-AM-e1682512882816-300x172.png 300w, https:\/\/coinkickoff.com\/wp-content\/uploads\/Screen-Shot-2023-03-28-at-7.52.39-AM-e1682512882816-1024x589.png 1024w, https:\/\/coinkickoff.com\/wp-content\/uploads\/Screen-Shot-2023-03-28-at-7.52.39-AM-e1682512882816-768x442.png 768w, https:\/\/coinkickoff.com\/wp-content\/uploads\/Screen-Shot-2023-03-28-at-7.52.39-AM-e1682512882816-18x10.png 18w\" sizes=\"auto, (max-width: 1421px) 100vw, 1421px\" \/><\/p>\n<p><span style=\"font-weight: 400;\">Ko vnesete znesek, ki ga \u017eelite kupiti, morate izbrati pla\u010dilni kanal. Bitmart ponuja kar nekaj mo\u017enosti tretjih oseb, med katerimi lahko izbirate, in vam prijazno predlaga, da uporabite mo\u017enost z najni\u017ejo ceno.<\/span><\/p>\n<p><span style=\"font-weight: 400;\">Preglejte podatke o pla\u010dilu in nadaljujte. Preusmerjeni boste na stran pla\u010dilnega kanala, kjer boste lahko potrdili svoje naro\u010dilo. Preglejte podrobnosti in dokon\u010dajte naro\u010dilo.<\/span><\/p>\n<p><img loading=\"lazy\" decoding=\"async\" class=\"alignnone wp-image-3453 size-full\" src=\"https:\/\/coinkickoff.com\/wp-content\/uploads\/Screen-Shot-2023-03-28-at-7.53.17-AM-e1682512901132.png\" alt=\"\" width=\"1439\" height=\"806\" srcset=\"https:\/\/coinkickoff.com\/wp-content\/uploads\/Screen-Shot-2023-03-28-at-7.53.17-AM-e1682512901132.png 1439w, https:\/\/coinkickoff.com\/wp-content\/uploads\/Screen-Shot-2023-03-28-at-7.53.17-AM-e1682512901132-300x168.png 300w, https:\/\/coinkickoff.com\/wp-content\/uploads\/Screen-Shot-2023-03-28-at-7.53.17-AM-e1682512901132-1024x574.png 1024w, https:\/\/coinkickoff.com\/wp-content\/uploads\/Screen-Shot-2023-03-28-at-7.53.17-AM-e1682512901132-768x430.png 768w, https:\/\/coinkickoff.com\/wp-content\/uploads\/Screen-Shot-2023-03-28-at-7.53.17-AM-e1682512901132-18x10.png 18w\" sizes=\"auto, (max-width: 1439px) 100vw, 1439px\" \/><\/p>\n<p><span style=\"font-weight: 400;\">Izberite enega od pla\u010dilnih kanalov in preglejte podrobnosti o transakciji. Kliknite \"Nadaljuj\", da boste preusmerjeni na pla\u010dilni kanal in potrdili svoje naro\u010dilo.\u00a0<\/span><\/p>\n<p><span style=\"font-weight: 400;\">Ko pregledate podrobnosti naro\u010dila, potrdite nakup. Za ve\u010d informacij si oglejte na\u0161e \u010dlanke o <a href=\"https:\/\/coinkickoff.com\/sl\/dogecoin-doge\/\">Dogecoin<\/a> in <a href=\"https:\/\/coinkickoff.com\/sl\/bitmart-review\/\">Borza Bitmart<\/a>.<\/span><\/p>","protected":false},"excerpt":{"rendered":"<p>Kako kupiti Dogecoin na Bitmart Dogecoin, ki je bil sprva predstavljen kot \u0161ala coin, je zaradi priljubljenosti na internetu postal fenomen. \u010ceprav je sredstvo zaradi ogromne skupne ponudbe ve\u010dinoma brez vrednosti, ostaja priljubljena kriptovaluta, ki jo mnogi vklju\u010dujejo v svoje portfelje. \u010ce \u017eelite kupiti Dogecoin, vendar ne veste, kako to storiti, si [...]<\/p>","protected":false},"author":3,"featured_media":155,"parent":3196,"menu_order":0,"comment_status":"closed","ping_status":"closed","template":"","meta":{"_genesis_hide_title":false,"_genesis_hide_breadcrumbs":false,"_genesis_hide_singular_image":false,"_genesis_hide_footer_widgets":false,"_genesis_custom_body_class":"","_genesis_custom_post_class":"","_genesis_layout":"","_glsr_average":0,"_glsr_ranking":0,"_glsr_reviews":0,"footnotes":""},"class_list":{"0":"post-3447","1":"page","2":"type-page","3":"status-publish","4":"has-post-thumbnail","6":"entry"},"featured_image_src":"https:\/\/coinkickoff.com\/wp-content\/uploads\/2022\/06\/Dogecoin-DOGE-600x400.jpg","featured_image_src_square":"https:\/\/coinkickoff.com\/wp-content\/uploads\/2022\/06\/Dogecoin-DOGE-600x600.jpg","_links":{"self":[{"href":"https:\/\/coinkickoff.com\/sl\/wp-json\/wp\/v2\/pages\/3447","targetHints":{"allow":["GET"]}}],"collection":[{"href":"https:\/\/coinkickoff.com\/sl\/wp-json\/wp\/v2\/pages"}],"about":[{"href":"https:\/\/coinkickoff.com\/sl\/wp-json\/wp\/v2\/types\/page"}],"author":[{"embeddable":true,"href":"https:\/\/coinkickoff.com\/sl\/wp-json\/wp\/v2\/users\/3"}],"replies":[{"embeddable":true,"href":"https:\/\/coinkickoff.com\/sl\/wp-json\/wp\/v2\/comments?post=3447"}],"version-history":[{"count":4,"href":"https:\/\/coinkickoff.com\/sl\/wp-json\/wp\/v2\/pages\/3447\/revisions"}],"predecessor-version":[{"id":4488,"href":"https:\/\/coinkickoff.com\/sl\/wp-json\/wp\/v2\/pages\/3447\/revisions\/4488"}],"up":[{"embeddable":true,"href":"https:\/\/coinkickoff.com\/sl\/wp-json\/wp\/v2\/pages\/3196"}],"wp:featuredmedia":[{"embeddable":true,"href":"https:\/\/coinkickoff.com\/sl\/wp-json\/wp\/v2\/media\/155"}],"wp:attachment":[{"href":"https:\/\/coinkickoff.com\/sl\/wp-json\/wp\/v2\/media?parent=3447"}],"curies":[{"name":"wp","href":"https:\/\/api.w.org\/{rel}","templated":true}]}}