{"id":3404,"date":"2026-01-08T14:07:29","date_gmt":"2026-01-08T14:07:29","guid":{"rendered":"https:\/\/coinkickoff.com\/?page_id=3404"},"modified":"2026-01-08T14:07:29","modified_gmt":"2026-01-08T14:07:29","slug":"how-to-buy-dogecoin-on-kraken","status":"publish","type":"page","link":"https:\/\/coinkickoff.com\/sl\/how-to-buy-dogecoin\/how-to-buy-dogecoin-on-kraken\/","title":{"rendered":"Kako kupiti Dogecoin (DOGE) na Krakenu"},"content":{"rendered":"<div id=\"ez-toc-container\" class=\"ez-toc-v2_0_80 counter-hierarchy ez-toc-counter ez-toc-transparent ez-toc-container-direction\">\n<div class=\"ez-toc-title-container\">\n<p class=\"ez-toc-title\" style=\"cursor:inherit\">Oddelki<\/p>\n<span class=\"ez-toc-title-toggle\"><a href=\"#\" class=\"ez-toc-pull-right ez-toc-btn ez-toc-btn-xs ez-toc-btn-default ez-toc-toggle\" aria-label=\"Toggle Tabela vsebine\"><span class=\"ez-toc-js-icon-con\"><span class=\"\"><span class=\"eztoc-hide\" style=\"display:none;\">Toggle<\/span><span class=\"ez-toc-icon-toggle-span\"><svg style=\"fill: #999;color:#999\" xmlns=\"http:\/\/www.w3.org\/2000\/svg\" class=\"list-377408\" width=\"20px\" height=\"20px\" viewbox=\"0 0 24 24\" fill=\"none\"><path d=\"M6 6H4v2h2V6zm14 0H8v2h12V6zM4 11h2v2H4v-2zm16 0H8v2h12v-2zM4 16h2v2H4v-2zm16 0H8v2h12v-2z\" fill=\"currentColor\"><\/path><\/svg><svg style=\"fill: #999;color:#999\" class=\"arrow-unsorted-368013\" xmlns=\"http:\/\/www.w3.org\/2000\/svg\" width=\"10px\" height=\"10px\" viewbox=\"0 0 24 24\" version=\"1.2\" baseprofile=\"tiny\"><path d=\"M18.2 9.3l-6.2-6.3-6.2 6.3c-.2.2-.3.4-.3.7s.1.5.3.7c.2.2.4.3.7.3h11c.3 0 .5-.1.7-.3.2-.2.3-.5.3-.7s-.1-.5-.3-.7zM5.8 14.7l6.2 6.3 6.2-6.3c.2-.2.3-.5.3-.7s-.1-.5-.3-.7c-.2-.2-.4-.3-.7-.3h-11c-.3 0-.5.1-.7.3-.2.2-.3.5-.3.7s.1.5.3.7z\"\/><\/svg><\/span><\/span><\/span><\/a><\/span><\/div>\n<nav><ul class='ez-toc-list ez-toc-list-level-1 eztoc-toggle-hide-by-default' ><li class='ez-toc-page-1 ez-toc-heading-level-2'><a class=\"ez-toc-link ez-toc-heading-1\" href=\"https:\/\/coinkickoff.com\/sl\/how-to-buy-dogecoin\/how-to-buy-dogecoin-on-kraken\/#How_to_Buy_Dogecoin_on_Kraken\" >Kako kupiti Dogecoin na Krakenu<\/a><\/li><li class='ez-toc-page-1 ez-toc-heading-level-2'><a class=\"ez-toc-link ez-toc-heading-2\" href=\"https:\/\/coinkickoff.com\/sl\/how-to-buy-dogecoin\/how-to-buy-dogecoin-on-kraken\/#A_Step-By-Step_Guide_on_How_to_Buy_Dogecoin_on_Kraken\" >Vodnik po korakih, kako kupiti Dogecoin na Krakenu<\/a><ul class='ez-toc-list-level-3' ><li class='ez-toc-heading-level-3'><a class=\"ez-toc-link ez-toc-heading-3\" href=\"https:\/\/coinkickoff.com\/sl\/how-to-buy-dogecoin\/how-to-buy-dogecoin-on-kraken\/#1_Register_an_Account_on_Kraken\" >1. Registracija ra\u010duna na Krakenu<\/a><\/li><li class='ez-toc-page-1 ez-toc-heading-level-3'><a class=\"ez-toc-link ez-toc-heading-4\" href=\"https:\/\/coinkickoff.com\/sl\/how-to-buy-dogecoin\/how-to-buy-dogecoin-on-kraken\/#2_Verify_Your_Account\" >2. Potrdite svoj ra\u010dun<\/a><\/li><li class='ez-toc-page-1 ez-toc-heading-level-3'><a class=\"ez-toc-link ez-toc-heading-5\" href=\"https:\/\/coinkickoff.com\/sl\/how-to-buy-dogecoin\/how-to-buy-dogecoin-on-kraken\/#3_Deposit_FundsCrypto\" >3. Depozitna sredstva\/kripto<\/a><\/li><li class='ez-toc-page-1 ez-toc-heading-level-3'><a class=\"ez-toc-link ez-toc-heading-6\" href=\"https:\/\/coinkickoff.com\/sl\/how-to-buy-dogecoin\/how-to-buy-dogecoin-on-kraken\/#4_Navigate_to_the_Relevant_Screen_to_Buy\" >4. Premaknite se na ustrezno okno za nakup<\/a><\/li><\/ul><\/li><\/ul><\/nav><\/div>\n<h2><span class=\"ez-toc-section\" id=\"How_to_Buy_Dogecoin_on_Kraken\"><\/span><span style=\"font-weight: 400;\">Kako kupiti Dogecoin na Krakenu<\/span><span class=\"ez-toc-section-end\"><\/span><\/h2>\n<p><span style=\"font-weight: 400;\"><a href=\"https:\/\/coinkickoff.com\/sl\/dogecoin-doge\/\" data-internallinksmanager029f6b8e52c=\"14\" title=\"Kaj je Dogecoin (DOGE)? Kako deluje in kje ga kupiti?\">Dogecoin<\/a> (DOGE) je ena najve\u010djih kriptovalut po tr\u017eni kapitalizaciji, kljub ali morda prav zaradi statusa prvega mema na svetu coin. Valuta token je bila uvedena predvsem kot \u0161ala, ki jo je navdihnil \"doge meme\", vendar je po zaslugi interneta in dru\u017ebenih medijev hitro pridobila na priljubljenosti.<\/span><\/p>\n<p><span style=\"font-weight: 400;\">\u010ce \u017eelite kupiti <a href=\"https:\/\/coinkickoff.com\/sl\/dogecoin-doge\/\">Dogecoin<\/a> na spletni strani . <a href=\"https:\/\/coinkickoff.com\/sl\/kraken-review\/\">Kraken<\/a> vendar niste prepri\u010dani, da ste na pravem mestu. Tukaj je raz\u010dlenitev po korakih, kako kupiti Dogecoin na <a href=\"https:\/\/coinkickoff.com\/sl\/kraken-review\/\" data-internallinksmanager029f6b8e52c=\"171\" title=\"Kraken Reviews 2023: Pristojbine, funkcije, varnost, prednosti in slabosti\">Kraken<\/a>.<\/span><\/p>\n<h2><span class=\"ez-toc-section\" id=\"A_Step-By-Step_Guide_on_How_to_Buy_Dogecoin_on_Kraken\"><\/span><span style=\"font-weight: 400;\">Vodnik po korakih, kako kupiti Dogecoin na Krakenu<\/span><span class=\"ez-toc-section-end\"><\/span><\/h2>\n<h3><span class=\"ez-toc-section\" id=\"1_Register_an_Account_on_Kraken\"><\/span><span style=\"font-weight: 400;\">1. Registracija ra\u010duna na Krakenu<\/span><span class=\"ez-toc-section-end\"><\/span><\/h3>\n<p><img loading=\"lazy\" decoding=\"async\" class=\"alignnone wp-image-3406 size-full\" src=\"https:\/\/coinkickoff.com\/wp-content\/uploads\/kraken1-e1682502957481.png\" alt=\"kako kupiti Dogecoin na Krakenu\" width=\"1339\" height=\"763\" srcset=\"https:\/\/coinkickoff.com\/wp-content\/uploads\/kraken1-e1682502957481.png 1339w, https:\/\/coinkickoff.com\/wp-content\/uploads\/kraken1-e1682502957481-300x171.png 300w, https:\/\/coinkickoff.com\/wp-content\/uploads\/kraken1-e1682502957481-1024x584.png 1024w, https:\/\/coinkickoff.com\/wp-content\/uploads\/kraken1-e1682502957481-768x438.png 768w, https:\/\/coinkickoff.com\/wp-content\/uploads\/kraken1-e1682502957481-18x10.png 18w\" sizes=\"auto, (max-width: 1339px) 100vw, 1339px\" \/> I<span style=\"font-weight: 400;\">\u010ce \u0161e nimate ra\u010duna Kraken, obi\u0161\u010dite <a href=\"https:\/\/kraken.pxf.io\/B0Rny4\" rel=\"nofollow noopener\" target=\"_blank\">Uradna spletna stran dru\u017ebe Kraken<\/a> in kliknite \"Ustvari ra\u010dun\". Vnesite svoj e-po\u0161tni naslov, uporabni\u0161ko ime in mo\u010dno geslo s \u0161tevil\u010dnimi in posebnimi znaki. Izberite dr\u017eavo prebivali\u0161\u010da in dr\u017eavo ter ustvarite ra\u010dun.\u00a0<\/span><\/p>\n<p><span style=\"font-weight: 400;\">Dru\u017eba Kraken vam bo poslala e-po\u0161tno sporo\u010dilo za preverjanje in povezavo za aktivacijo ra\u010duna. Sledite povezavi in se prijavite v svoj ra\u010dun.<\/span><\/p>\n<h3><span class=\"ez-toc-section\" id=\"2_Verify_Your_Account\"><\/span><span style=\"font-weight: 400;\">2. Potrdite svoj ra\u010dun<\/span><span class=\"ez-toc-section-end\"><\/span><\/h3>\n<p><span style=\"font-weight: 400;\">Za nakup kriptovalut v Krakenu morate izpolniti njihove zahteve KYC ter predlo\u017eiti nekaj osebnih podatkov in dokazilo o istovetnosti. Drugi korak je torej preverjanje va\u0161e identitete.<\/span><\/p>\n<p><span style=\"font-weight: 400;\">Nekatere borze vam omogo\u010dajo, da kriptovalute polo\u017eite na njihovo platformo, ne da bi opravili preverjanje identitete. Upo\u0161tevajte, da je Kraken <\/span><i><span style=\"font-weight: 400;\">ne <\/span><\/i><span style=\"font-weight: 400;\">eno od teh izmenjav. <\/span><b>Pred vpla\u010dilom na platformi morate preveriti svojo identiteto.<\/b><\/p>\n<p><span style=\"font-weight: 400;\">Dru\u017eba Kraken vam bo poslala e-po\u0161tno sporo\u010dilo, v katerem vas bo opomnila, da preverite svoj ra\u010dun. Kliknete lahko tudi na ikono \"Nakup\" na levi strani glavne strani, kjer vas Kraken takoj pozove, da dokon\u010date preverjanje identitete.<\/span><\/p>\n<p><img loading=\"lazy\" decoding=\"async\" class=\"alignnone wp-image-3407 size-full\" src=\"https:\/\/coinkickoff.com\/wp-content\/uploads\/kraken2-e1682502904796.png\" alt=\"opozorilo o preverjanju krakena\" width=\"1378\" height=\"770\" \/><\/p>\n<p><span style=\"font-weight: 400;\">Preprosto kliknite Preveri in preusmerjeni boste na ustrezno stran. Vnesite svoje pravo ime, datum rojstva, naslov in telefonsko \u0161tevilko ter za\u010dnite postopek preverjanja. Kliknite Nadaljuj.<\/span><\/p>\n<p><img loading=\"lazy\" decoding=\"async\" class=\"alignnone wp-image-3408 size-full\" src=\"https:\/\/coinkickoff.com\/wp-content\/uploads\/kraken3-e1682503223180.png\" alt=\"\" width=\"1375\" height=\"777\" srcset=\"https:\/\/coinkickoff.com\/wp-content\/uploads\/kraken3-e1682503223180.png 1375w, https:\/\/coinkickoff.com\/wp-content\/uploads\/kraken3-e1682503223180-300x170.png 300w, https:\/\/coinkickoff.com\/wp-content\/uploads\/kraken3-e1682503223180-1024x579.png 1024w, https:\/\/coinkickoff.com\/wp-content\/uploads\/kraken3-e1682503223180-768x434.png 768w, https:\/\/coinkickoff.com\/wp-content\/uploads\/kraken3-e1682503223180-18x10.png 18w, https:\/\/coinkickoff.com\/wp-content\/uploads\/kraken3-e1682503223180-600x338.png 600w\" sizes=\"auto, (max-width: 1375px) 100vw, 1375px\" \/><\/p>\n<p><span style=\"font-weight: 400;\">Na naslednji strani boste morali predlo\u017eiti dodatne dokumente, vklju\u010dno z osebnim dokumentom s fotografijo, kot je stran potnega lista ali vozni\u0161ko dovoljenje.<\/span><\/p>\n<h3><span class=\"ez-toc-section\" id=\"3_Deposit_FundsCrypto\"><\/span><span style=\"font-weight: 400;\">3. Depozitna sredstva\/kripto<\/span><span class=\"ez-toc-section-end\"><\/span><\/h3>\n<p><span style=\"font-weight: 400;\">\u010ce \u017ee imate kriptovalute, lahko svoje coins polo\u017eite v Kraken in jih zamenjate za DOGE. V nasprotnem primeru preprosto kupite DOGE v Krakenu s fiat valuto.\u00a0<\/span><\/p>\n<p><span style=\"font-weight: 400;\">Preden dodate pla\u010dilno metodo ali opravite vpla\u010dilo v fiat, vam priporo\u010damo, da ra\u010dun zavarujete z dvofaktorsko avtentikacijo (2FA). 2FA va\u0161emu ra\u010dunu doda dodatno raven varnosti.<\/span><\/p>\n<p><span style=\"font-weight: 400;\">\u010ce \u017eelite aktivirati 2FA, kliknite ime svojega profila (zgoraj desno) in v spustnem meniju izberite \"Varnost\". Kliknite \"Nastavitve 2FA\" in prilagodite nastavitve.<\/span><\/p>\n<p><img loading=\"lazy\" decoding=\"async\" class=\"alignnone wp-image-3409 size-full\" src=\"https:\/\/coinkickoff.com\/wp-content\/uploads\/kraken4-e1682503267822.png\" alt=\"\" width=\"1360\" height=\"795\" srcset=\"https:\/\/coinkickoff.com\/wp-content\/uploads\/kraken4-e1682503267822.png 1360w, https:\/\/coinkickoff.com\/wp-content\/uploads\/kraken4-e1682503267822-300x175.png 300w, https:\/\/coinkickoff.com\/wp-content\/uploads\/kraken4-e1682503267822-1024x599.png 1024w, https:\/\/coinkickoff.com\/wp-content\/uploads\/kraken4-e1682503267822-768x449.png 768w, https:\/\/coinkickoff.com\/wp-content\/uploads\/kraken4-e1682503267822-18x12.png 18w\" sizes=\"auto, (max-width: 1360px) 100vw, 1360px\" \/><\/p>\n<p><span style=\"font-weight: 400;\">Kraken ponuja ve\u010d mo\u017enosti 2FA. 2FA lahko omogo\u010dite za razli\u010dna dejanja, kot so prijava, financiranje, trgovanje in izpla\u010dila.<\/span><\/p>\n<p><span style=\"font-weight: 400;\"><img loading=\"lazy\" decoding=\"async\" class=\"alignnone wp-image-3405 size-full\" src=\"https:\/\/coinkickoff.com\/wp-content\/uploads\/kraken-5-e1682503294785.png\" alt=\"\" width=\"1357\" height=\"770\" srcset=\"https:\/\/coinkickoff.com\/wp-content\/uploads\/kraken-5-e1682503294785.png 1357w, https:\/\/coinkickoff.com\/wp-content\/uploads\/kraken-5-e1682503294785-300x170.png 300w, https:\/\/coinkickoff.com\/wp-content\/uploads\/kraken-5-e1682503294785-1024x581.png 1024w, https:\/\/coinkickoff.com\/wp-content\/uploads\/kraken-5-e1682503294785-768x436.png 768w, https:\/\/coinkickoff.com\/wp-content\/uploads\/kraken-5-e1682503294785-18x10.png 18w\" sizes=\"auto, (max-width: 1357px) 100vw, 1357px\" \/><\/span><\/p>\n<p><span style=\"font-weight: 400;\">Nastavitev 2FA je precej preprosta. Prenesite aplikacijo Google Authenticator in poskenirajte kodo QR na zaslonu. Aplikacija bo ustvarila kodo, ki jo lahko vnesete in omogo\u010dite 2FA.\u00a0<\/span><\/p>\n<p><img loading=\"lazy\" decoding=\"async\" class=\"alignnone wp-image-3410 size-full\" src=\"https:\/\/coinkickoff.com\/wp-content\/uploads\/kraken6-e1682503322525.png\" alt=\"\" width=\"1357\" height=\"791\" \/><\/p>\n<p><span style=\"font-weight: 400;\">Ko omogo\u010dite 2FA, se morate v ra\u010dun prijaviti z aplikacijo Google Authenticator. Aplikacija bo za vsako prijavo ustvarila edinstveno enkratno geslo.<\/span><\/p>\n<p><span style=\"font-weight: 400;\">Ko omogo\u010dite funkcijo 2FA, ste pripravljeni za polnjenje ra\u010duna Kraken. DOGE lahko na Krakenu kupite na dva na\u010dina. Na svoj ra\u010dun lahko dodate metodo takoj\u0161njega pla\u010dila, kot je kreditna kartica, ali pa svoj ban\u010dni ra\u010dun pove\u017eete s Krakenom in tako preprosto naka\u017eete sredstva.<\/span><\/p>\n<p><span style=\"font-weight: 400;\">Dodajanje takoj\u0161njega na\u010dina pla\u010dila je hitrej\u0161e in enostavnej\u0161e. V zgornjem meniju preprosto kliknite \"Nakup kriptovalut\".<\/span><\/p>\n<p><img loading=\"lazy\" decoding=\"async\" class=\"alignnone wp-image-3412 size-full\" src=\"https:\/\/coinkickoff.com\/wp-content\/uploads\/kraken8-e1682503364155.png\" alt=\"\" width=\"1206\" height=\"781\" srcset=\"https:\/\/coinkickoff.com\/wp-content\/uploads\/kraken8-e1682503364155.png 1206w, https:\/\/coinkickoff.com\/wp-content\/uploads\/kraken8-e1682503364155-300x194.png 300w, https:\/\/coinkickoff.com\/wp-content\/uploads\/kraken8-e1682503364155-1024x663.png 1024w, https:\/\/coinkickoff.com\/wp-content\/uploads\/kraken8-e1682503364155-768x497.png 768w, https:\/\/coinkickoff.com\/wp-content\/uploads\/kraken8-e1682503364155-18x12.png 18w\" sizes=\"auto, (max-width: 1206px) 100vw, 1206px\" \/><\/p>\n<p><span style=\"font-weight: 400;\">Na novi strani izberite \"Na\u010dini pla\u010dila\".<\/span><\/p>\n<p><span style=\"font-weight: 400;\">Kliknite na \"Dodaj na\u010dine pla\u010dila\". Dodate lahko <\/span><a href=\"https:\/\/support.kraken.com\/hc\/en-us\/articles\/360048212832-Visa-and-MasterCard-purchases\" target=\"_blank\" rel=\"noopener\"><span style=\"font-weight: 400;\">debetna\/kreditna kartica Visa in Mastercard<\/span><\/a><span style=\"font-weight: 400;\"> ali polo\u017eite gotovino na svoj ra\u010dun prek spletnega ban\u010dni\u0161tva.<\/span><\/p>\n<p><img loading=\"lazy\" decoding=\"async\" class=\"alignnone wp-image-3413 size-full\" src=\"https:\/\/coinkickoff.com\/wp-content\/uploads\/kraken9-e1682503407337.png\" alt=\"\" width=\"1196\" height=\"776\" srcset=\"https:\/\/coinkickoff.com\/wp-content\/uploads\/kraken9-e1682503407337.png 1196w, https:\/\/coinkickoff.com\/wp-content\/uploads\/kraken9-e1682503407337-300x195.png 300w, https:\/\/coinkickoff.com\/wp-content\/uploads\/kraken9-e1682503407337-1024x664.png 1024w, https:\/\/coinkickoff.com\/wp-content\/uploads\/kraken9-e1682503407337-768x498.png 768w, https:\/\/coinkickoff.com\/wp-content\/uploads\/kraken9-e1682503407337-18x12.png 18w\" sizes=\"auto, (max-width: 1196px) 100vw, 1196px\" \/><\/p>\n<p><span style=\"font-weight: 400;\">Kliknite \u017eeleni na\u010din in vnesite ustrezne podatke.\u00a0<\/span><\/p>\n<p><span style=\"font-weight: 400;\">Nakupi s kreditno in debetno kartico so hitrej\u0161i, vendar obi\u010dajno dra\u017eji, saj ponudniki kartic zara\u010dunavajo dodatne provizije.<\/span><\/p>\n<p><span style=\"font-weight: 400;\">\u010ce izberete gotovinski polog, lahko svoj ra\u010dun napolnite s spletnim ban\u010dni\u0161tvom. Izberite valuto, ki jo \u017eelite polo\u017eiti, in na\u010din pologa.<\/span><\/p>\n<p><img loading=\"lazy\" decoding=\"async\" class=\"alignnone wp-image-3414 size-full\" src=\"https:\/\/coinkickoff.com\/wp-content\/uploads\/kraken-deposit.png\" alt=\"\" width=\"752\" height=\"298\" srcset=\"https:\/\/coinkickoff.com\/wp-content\/uploads\/kraken-deposit.png 752w, https:\/\/coinkickoff.com\/wp-content\/uploads\/kraken-deposit-300x119.png 300w, https:\/\/coinkickoff.com\/wp-content\/uploads\/kraken-deposit-18x7.png 18w\" sizes=\"auto, (max-width: 752px) 100vw, 752px\" \/> <img loading=\"lazy\" decoding=\"async\" class=\"alignnone wp-image-3415 size-full\" src=\"https:\/\/coinkickoff.com\/wp-content\/uploads\/kraken-deposit-2.png\" alt=\"\" width=\"808\" height=\"547\" srcset=\"https:\/\/coinkickoff.com\/wp-content\/uploads\/kraken-deposit-2.png 808w, https:\/\/coinkickoff.com\/wp-content\/uploads\/kraken-deposit-2-300x203.png 300w, https:\/\/coinkickoff.com\/wp-content\/uploads\/kraken-deposit-2-768x520.png 768w, https:\/\/coinkickoff.com\/wp-content\/uploads\/kraken-deposit-2-18x12.png 18w\" sizes=\"auto, (max-width: 808px) 100vw, 808px\" \/><\/p>\n<p><span style=\"font-weight: 400;\">Pri po\u0161iljanju sredstev na ra\u010dun Kraken natan\u010dno preberite vsa navodila. Morda boste morali vnesti referen\u010dno kodo, da bi zagotovili, da bo va\u0161e nakazilo prispelo na ra\u010dun Kraken.<\/span><\/p>\n<p><span style=\"font-weight: 400;\">Sredstva bi morala prispeti na va\u0161 ra\u010dun v nekaj dneh, vendar bodite pozorni na ban\u010dne praznike in druge mo\u017ene zamude. Prejem sredstev lahko preverite tako, da kliknete zavihek \"Trgovanje\" ali \"Financiranje\".<\/span><\/p>\n<h3><span class=\"ez-toc-section\" id=\"4_Navigate_to_the_Relevant_Screen_to_Buy\"><\/span><span style=\"font-weight: 400;\">4. Premaknite se na ustrezno okno za nakup<\/span><span class=\"ez-toc-section-end\"><\/span><\/h3>\n<p><span style=\"font-weight: 400;\">DOGE lahko na Krakenu kupite na dva na\u010dina. Prvi in najla\u017eji je uporaba enostavnega pripomo\u010dka za nakup\/prodajo. Kliknite zavihek \"Nakup kriptovalut\" na nadzorni plo\u0161\u010di (zgoraj na sredini) in izberite \"Nakup\".<\/span><\/p>\n<p><span style=\"font-weight: 400;\">V spustnem meniju na gradniku izberite DOGE in vnesite znesek, ki ga \u017eelite porabiti. Izberite na\u010din pla\u010dila (kreditna\/debetna kartica ali gotovina).<\/span><\/p>\n<p><span style=\"font-weight: 400;\">Kraken prika\u017ee, koliko DOGE boste prejeli za svoj denar, in vse ustrezne pristojbine, ki veljajo za va\u0161 nakup. Kliknite potrditev in vse je kon\u010dano.\u00a0<\/span><\/p>\n<p><span style=\"font-weight: 400;\">\u010ceprav je ta metoda odli\u010dna za prve uporabnike, obstaja tudi cenej\u0161a metoda za nakup DOGE na Krakenu.<\/span><\/p>\n<p><img loading=\"lazy\" decoding=\"async\" class=\"alignnone wp-image-3416 size-full\" src=\"https:\/\/coinkickoff.com\/wp-content\/uploads\/kraken-trade1.png\" alt=\"\" width=\"1139\" height=\"206\" srcset=\"https:\/\/coinkickoff.com\/wp-content\/uploads\/kraken-trade1.png 1139w, https:\/\/coinkickoff.com\/wp-content\/uploads\/kraken-trade1-300x54.png 300w, https:\/\/coinkickoff.com\/wp-content\/uploads\/kraken-trade1-1024x185.png 1024w, https:\/\/coinkickoff.com\/wp-content\/uploads\/kraken-trade1-768x139.png 768w, https:\/\/coinkickoff.com\/wp-content\/uploads\/kraken-trade1-18x3.png 18w\" sizes=\"auto, (max-width: 1139px) 100vw, 1139px\" \/><\/p>\n<p><span style=\"font-weight: 400;\">Na glavni nadzorni plo\u0161\u010di izberite \"Trgovanje\". Kliknite zavihek \"Novo naro\u010dilo\" in izberite \"Enostavno naro\u010dilo\".\u00a0<\/span>\u00a0\u00a0<img loading=\"lazy\" decoding=\"async\" class=\"alignnone wp-image-3419 size-full\" src=\"https:\/\/coinkickoff.com\/wp-content\/uploads\/kraken-trade4-e1682504018815.png\" alt=\"\" width=\"1220\" height=\"309\" srcset=\"https:\/\/coinkickoff.com\/wp-content\/uploads\/kraken-trade4-e1682504018815.png 1220w, https:\/\/coinkickoff.com\/wp-content\/uploads\/kraken-trade4-e1682504018815-300x76.png 300w, https:\/\/coinkickoff.com\/wp-content\/uploads\/kraken-trade4-e1682504018815-1024x259.png 1024w, https:\/\/coinkickoff.com\/wp-content\/uploads\/kraken-trade4-e1682504018815-768x195.png 768w, https:\/\/coinkickoff.com\/wp-content\/uploads\/kraken-trade4-e1682504018815-18x5.png 18w\" sizes=\"auto, (max-width: 1220px) 100vw, 1220px\" \/><span style=\"font-weight: 400;\">V obrazcu za naro\u010dilo prilagodite vrste valut. Stolpec za porabo lahko na primer prilagodite na USD, stolpec za nakup pa na DOGE.<\/span><\/p>\n<p><span style=\"font-weight: 400;\">V stolpec za porabo vnesite znesek, ki ga \u017eelite porabiti. V zavihku cena vnesite ceno, po kateri \u017eelite kupiti DOGE. Samodejno vam bo ponujena fiksna tr\u017ena cena, lahko pa jo dolo\u010dite tudi sami.<\/span><\/p>\n<p><span style=\"font-weight: 400;\">Ko sprejmete ponujeno tr\u017eno ceno, oddate tr\u017eno naro\u010dilo. To preprosto pomeni, da bo va\u0161e naro\u010dilo izpolnjeno precej hitro, saj sprejemate ponudbo nekoga drugega, da vam proda DOGE po ceni, ki jo je dolo\u010dil.\u00a0<\/span><\/p>\n<p><span style=\"font-weight: 400;\">\u010ce ceno dolo\u010dite sami, bo izvedba prodaje morda trajala nekoliko dlje, saj mora nekdo drug pristati na to, da vam DOGE proda po tej ceni. To je sicer znano kot limitno naro\u010dilo.<\/span><\/p>\n<p><span style=\"font-weight: 400;\">Preglejte svoje naro\u010dilo in kliknite \"Nakup\".<\/span><\/p>\n<p><span style=\"font-weight: 400;\">\u010ce \u017eelite preveriti, ali je bila transakcija zaklju\u010dena, lahko kliknete zavihek naro\u010dila. \u010ce je naro\u010dilo zaklju\u010deno, ste uspe\u0161no kupili coin. \u010ce je naro\u010dilo odprto, \u0161e vedno \u010dakate, da vam nekdo proda DOGE.<\/span><\/p>\n<p><span style=\"font-weight: 400;\">To je to. \u010cestitamo!\u00a0<\/span><\/p>","protected":false},"excerpt":{"rendered":"<p>Kako kupiti Dogecoin na Krakenu Dogecoin (DOGE) je ena najve\u010djih kriptovalut po tr\u017eni vrednosti, kljub ali morda prav zaradi statusa prve meme na svetu coin. token je bila uvedena predvsem kot \u0161ala, ki jo je navdihnil \"doge meme\", vendar je po zaslugi interneta in dru\u017ebenih medijev hitro pridobila na priljubljenosti. \u010ce bi [...]<\/p>","protected":false},"author":3,"featured_media":155,"parent":3196,"menu_order":0,"comment_status":"closed","ping_status":"closed","template":"","meta":{"_genesis_hide_title":false,"_genesis_hide_breadcrumbs":false,"_genesis_hide_singular_image":false,"_genesis_hide_footer_widgets":false,"_genesis_custom_body_class":"","_genesis_custom_post_class":"","_genesis_layout":"","_glsr_average":0,"_glsr_ranking":0,"_glsr_reviews":0,"footnotes":""},"class_list":{"0":"post-3404","1":"page","2":"type-page","3":"status-publish","4":"has-post-thumbnail","6":"entry"},"featured_image_src":"https:\/\/coinkickoff.com\/wp-content\/uploads\/2022\/06\/Dogecoin-DOGE-600x400.jpg","featured_image_src_square":"https:\/\/coinkickoff.com\/wp-content\/uploads\/2022\/06\/Dogecoin-DOGE-600x600.jpg","_links":{"self":[{"href":"https:\/\/coinkickoff.com\/sl\/wp-json\/wp\/v2\/pages\/3404","targetHints":{"allow":["GET"]}}],"collection":[{"href":"https:\/\/coinkickoff.com\/sl\/wp-json\/wp\/v2\/pages"}],"about":[{"href":"https:\/\/coinkickoff.com\/sl\/wp-json\/wp\/v2\/types\/page"}],"author":[{"embeddable":true,"href":"https:\/\/coinkickoff.com\/sl\/wp-json\/wp\/v2\/users\/3"}],"replies":[{"embeddable":true,"href":"https:\/\/coinkickoff.com\/sl\/wp-json\/wp\/v2\/comments?post=3404"}],"version-history":[{"count":3,"href":"https:\/\/coinkickoff.com\/sl\/wp-json\/wp\/v2\/pages\/3404\/revisions"}],"predecessor-version":[{"id":4494,"href":"https:\/\/coinkickoff.com\/sl\/wp-json\/wp\/v2\/pages\/3404\/revisions\/4494"}],"up":[{"embeddable":true,"href":"https:\/\/coinkickoff.com\/sl\/wp-json\/wp\/v2\/pages\/3196"}],"wp:featuredmedia":[{"embeddable":true,"href":"https:\/\/coinkickoff.com\/sl\/wp-json\/wp\/v2\/media\/155"}],"wp:attachment":[{"href":"https:\/\/coinkickoff.com\/sl\/wp-json\/wp\/v2\/media?parent=3404"}],"curies":[{"name":"wp","href":"https:\/\/api.w.org\/{rel}","templated":true}]}}