{"id":3203,"date":"2026-01-08T14:07:32","date_gmt":"2026-01-08T14:07:32","guid":{"rendered":"https:\/\/coinkickoff.com\/?page_id=3203"},"modified":"2026-01-08T14:07:32","modified_gmt":"2026-01-08T14:07:32","slug":"how-to-buy-dogecoin-on-bybit","status":"publish","type":"page","link":"https:\/\/coinkickoff.com\/sl\/how-to-buy-dogecoin\/how-to-buy-dogecoin-on-bybit\/","title":{"rendered":"Kako kupiti Dogecoin (DOGE) na Bybitu"},"content":{"rendered":"<div id=\"ez-toc-container\" class=\"ez-toc-v2_0_80 counter-hierarchy ez-toc-counter ez-toc-transparent ez-toc-container-direction\">\n<div class=\"ez-toc-title-container\">\n<p class=\"ez-toc-title\" style=\"cursor:inherit\">Oddelki<\/p>\n<span class=\"ez-toc-title-toggle\"><a href=\"#\" class=\"ez-toc-pull-right ez-toc-btn ez-toc-btn-xs ez-toc-btn-default ez-toc-toggle\" aria-label=\"Toggle Tabela vsebine\"><span class=\"ez-toc-js-icon-con\"><span class=\"\"><span class=\"eztoc-hide\" style=\"display:none;\">Toggle<\/span><span class=\"ez-toc-icon-toggle-span\"><svg style=\"fill: #999;color:#999\" xmlns=\"http:\/\/www.w3.org\/2000\/svg\" class=\"list-377408\" width=\"20px\" height=\"20px\" viewbox=\"0 0 24 24\" fill=\"none\"><path d=\"M6 6H4v2h2V6zm14 0H8v2h12V6zM4 11h2v2H4v-2zm16 0H8v2h12v-2zM4 16h2v2H4v-2zm16 0H8v2h12v-2z\" fill=\"currentColor\"><\/path><\/svg><svg style=\"fill: #999;color:#999\" class=\"arrow-unsorted-368013\" xmlns=\"http:\/\/www.w3.org\/2000\/svg\" width=\"10px\" height=\"10px\" viewbox=\"0 0 24 24\" version=\"1.2\" baseprofile=\"tiny\"><path d=\"M18.2 9.3l-6.2-6.3-6.2 6.3c-.2.2-.3.4-.3.7s.1.5.3.7c.2.2.4.3.7.3h11c.3 0 .5-.1.7-.3.2-.2.3-.5.3-.7s-.1-.5-.3-.7zM5.8 14.7l6.2 6.3 6.2-6.3c.2-.2.3-.5.3-.7s-.1-.5-.3-.7c-.2-.2-.4-.3-.7-.3h-11c-.3 0-.5.1-.7.3-.2.2-.3.5-.3.7s.1.5.3.7z\"\/><\/svg><\/span><\/span><\/span><\/a><\/span><\/div>\n<nav><ul class='ez-toc-list ez-toc-list-level-1 eztoc-toggle-hide-by-default' ><li class='ez-toc-page-1 ez-toc-heading-level-2'><a class=\"ez-toc-link ez-toc-heading-1\" href=\"https:\/\/coinkickoff.com\/sl\/how-to-buy-dogecoin\/how-to-buy-dogecoin-on-bybit\/#How_to_Buy_Dogecoin_on_Bybit\" >Kako kupiti Dogecoin na Bybitu<\/a><\/li><li class='ez-toc-page-1 ez-toc-heading-level-2'><a class=\"ez-toc-link ez-toc-heading-2\" href=\"https:\/\/coinkickoff.com\/sl\/how-to-buy-dogecoin\/how-to-buy-dogecoin-on-bybit\/#A_Step-By-Step_Guide_on_How_to_Buy_Dogecoin_on_Bybit\" >Vodnik po korakih, kako kupiti Dogecoin na Bybitu<\/a><ul class='ez-toc-list-level-3' ><li class='ez-toc-heading-level-3'><a class=\"ez-toc-link ez-toc-heading-3\" href=\"https:\/\/coinkickoff.com\/sl\/how-to-buy-dogecoin\/how-to-buy-dogecoin-on-bybit\/#1_Register_an_Account\" >1. Registracija ra\u010duna<\/a><\/li><li class='ez-toc-page-1 ez-toc-heading-level-3'><a class=\"ez-toc-link ez-toc-heading-4\" href=\"https:\/\/coinkickoff.com\/sl\/how-to-buy-dogecoin\/how-to-buy-dogecoin-on-bybit\/#2_Verify_Your_Account\" >2. Potrdite svoj ra\u010dun<\/a><\/li><li class='ez-toc-page-1 ez-toc-heading-level-3'><a class=\"ez-toc-link ez-toc-heading-5\" href=\"https:\/\/coinkickoff.com\/sl\/how-to-buy-dogecoin\/how-to-buy-dogecoin-on-bybit\/#3_Deposit_FundsCrypto\" >3. Depozitna sredstva\/kripto<\/a><\/li><li class='ez-toc-page-1 ez-toc-heading-level-3'><a class=\"ez-toc-link ez-toc-heading-6\" href=\"https:\/\/coinkickoff.com\/sl\/how-to-buy-dogecoin\/how-to-buy-dogecoin-on-bybit\/#4_Navigate_to_the_Relevant_Screen_to_Buy\" >4. Premaknite se na ustrezno okno za nakup<\/a><\/li><\/ul><\/li><\/ul><\/nav><\/div>\n<h2><span class=\"ez-toc-section\" id=\"How_to_Buy_Dogecoin_on_Bybit\"><\/span><span style=\"font-weight: 400;\">Kako kupiti Dogecoin na Bybitu<\/span><span class=\"ez-toc-section-end\"><\/span><\/h2>\n<p><span style=\"font-weight: 400;\">Medtem ko <a href=\"https:\/\/coinkickoff.com\/sl\/dogecoin-doge\/\" data-internallinksmanager029f6b8e52c=\"14\" title=\"Kaj je Dogecoin (DOGE)? Kako deluje in kje ga kupiti?\">Dogecoin<\/a> ni zelo stabilno ali posebej uporabno digitalno premo\u017eenje, je precej znano zaradi svoje sme\u0161ne narave, podobne memom. Prav tako ga je precej enostavno kupiti, saj ga lahko najdete na skoraj vsaki borzi.\u00a0<\/span><\/p>\n<p><span style=\"font-weight: 400;\">Dobava DOGE je precej neskon\u010dna, zato ga lahko kupite poceni, \u010deprav morate vedeti, da nima pravega primera uporabe.<\/span><\/p>\n<p><span style=\"font-weight: 400;\">V tem \u010dlanku bomo pojasnili, kako kupiti Dogecoin na <a href=\"https:\/\/coinkickoff.com\/sl\/bybit-review\/\">Bybit<\/a> korak za korakom. Za\u010dnimo.<\/span><\/p>\n<h2><span class=\"ez-toc-section\" id=\"A_Step-By-Step_Guide_on_How_to_Buy_Dogecoin_on_Bybit\"><\/span><span style=\"font-weight: 400;\">Vodnik po korakih, kako kupiti Dogecoin na Bybitu<\/span><span class=\"ez-toc-section-end\"><\/span><\/h2>\n<h3><span class=\"ez-toc-section\" id=\"1_Register_an_Account\"><\/span><span style=\"font-weight: 400;\">1. Registracija ra\u010duna<\/span><span class=\"ez-toc-section-end\"><\/span><\/h3>\n<p><span style=\"font-weight: 400;\">Sledite tej povezavi in pojdite na <\/span><a href=\"https:\/\/www.bybit.com\/en-US\/register?irclickid=zLJWgJTKIxyNWiW0o%3AzEUxRnUkAWQmSxHzEAWw0&amp;irgwc=1&amp;srcexid=469064&amp;utmsource=impact&amp;srcplatform=1&amp;Sharedid=\" target=\"_blank\" rel=\"noopener\"><span style=\"font-weight: 400;\">Uradna spletna stran podjetja Bybit<\/span><\/a><span style=\"font-weight: 400;\"> in kliknite \"Prijavite se\", da registrirate ra\u010dun.\u00a0<\/span><\/p>\n<p><img loading=\"lazy\" decoding=\"async\" class=\"alignnone wp-image-3213 size-full\" src=\"https:\/\/coinkickoff.com\/wp-content\/uploads\/bybit-create-account.png\" alt=\"kako kupiti dogecoin na bybit ustvariti ra\u010dun\" width=\"1437\" height=\"723\" srcset=\"https:\/\/coinkickoff.com\/wp-content\/uploads\/bybit-create-account.png 1437w, https:\/\/coinkickoff.com\/wp-content\/uploads\/bybit-create-account-300x151.png 300w, https:\/\/coinkickoff.com\/wp-content\/uploads\/bybit-create-account-1024x515.png 1024w, https:\/\/coinkickoff.com\/wp-content\/uploads\/bybit-create-account-768x386.png 768w, https:\/\/coinkickoff.com\/wp-content\/uploads\/bybit-create-account-18x9.png 18w\" sizes=\"auto, (max-width: 1437px) 100vw, 1437px\" \/><\/p>\n<p><span style=\"font-weight: 400;\">Odpiranje <a href=\"https:\/\/coinkickoff.com\/sl\/bybit-review\/\" data-internallinksmanager029f6b8e52c=\"157\" title=\"Bybit Reviews 2025: Lastnosti, pristojbine, varnost, prednosti in slabosti\">Bybit<\/a> ra\u010dun je zelo enostavno: prijavite se lahko z e-po\u0161to ali telefonsko \u0161tevilko. Prijavite se lahko tudi z Googlovim ali Applovim ID-jem.\u00a0<\/span><\/p>\n<h3><span class=\"ez-toc-section\" id=\"2_Verify_Your_Account\"><\/span><span style=\"font-weight: 400;\">2. Potrdite svoj ra\u010dun<\/span><span class=\"ez-toc-section-end\"><\/span><\/h3>\n<p><span style=\"font-weight: 400;\">Strogo gledano vam za trgovanje na Bybitu ni treba opraviti preverjanja identitete. Platforma vam omogo\u010da trgovanje in dvig digitalnega premo\u017eenja brez preverjanja.\u00a0<\/span><\/p>\n<p><span style=\"font-weight: 400;\">To pomeni, da lahko presko\u010dite korak preverjanja, \u010de \u017ee imate digitalno premo\u017eenje. Vse, kar morate storiti, je, da nekaj svojega premo\u017eenja po\u0161ljete na ra\u010dun Bybit in ga lahko uporabite za nakup DOGE na platformi.<\/span><\/p>\n<p><img loading=\"lazy\" decoding=\"async\" class=\"alignnone wp-image-3215 size-full\" src=\"https:\/\/coinkickoff.com\/wp-content\/uploads\/bybit-crypto-deposit.png\" alt=\"\" width=\"1372\" height=\"659\" srcset=\"https:\/\/coinkickoff.com\/wp-content\/uploads\/bybit-crypto-deposit.png 1372w, https:\/\/coinkickoff.com\/wp-content\/uploads\/bybit-crypto-deposit-300x144.png 300w, https:\/\/coinkickoff.com\/wp-content\/uploads\/bybit-crypto-deposit-1024x492.png 1024w, https:\/\/coinkickoff.com\/wp-content\/uploads\/bybit-crypto-deposit-768x369.png 768w, https:\/\/coinkickoff.com\/wp-content\/uploads\/bybit-crypto-deposit-18x9.png 18w\" sizes=\"auto, (max-width: 1372px) 100vw, 1372px\" \/><\/p>\n<p><span style=\"font-weight: 400;\">\u010ce nimate v lasti nobene kriptovalute, morate za za\u010detek trgovanja na svoj ra\u010dun Bybit polo\u017eiti sredstva. To pomeni, da boste morali opraviti tudi preverjanje identitete.\u00a0<\/span><\/p>\n<p><span style=\"font-weight: 400;\">\u010ce \u017eelite za\u010deti postopek preverjanja, na nadzorni plo\u0161\u010di (zgoraj desno) izberite \"Profil\". Na strani s profilom kliknite \"Preverjanje identitete\".<\/span><\/p>\n<p><img loading=\"lazy\" decoding=\"async\" class=\"alignnone wp-image-3214 size-full\" src=\"https:\/\/coinkickoff.com\/wp-content\/uploads\/bybit-dashboard.png\" alt=\"\" width=\"1416\" height=\"232\" srcset=\"https:\/\/coinkickoff.com\/wp-content\/uploads\/bybit-dashboard.png 1416w, https:\/\/coinkickoff.com\/wp-content\/uploads\/bybit-dashboard-300x49.png 300w, https:\/\/coinkickoff.com\/wp-content\/uploads\/bybit-dashboard-1024x168.png 1024w, https:\/\/coinkickoff.com\/wp-content\/uploads\/bybit-dashboard-768x126.png 768w, https:\/\/coinkickoff.com\/wp-content\/uploads\/bybit-dashboard-18x3.png 18w\" sizes=\"auto, (max-width: 1416px) 100vw, 1416px\" \/><\/p>\n<p><span style=\"font-weight: 400;\">Za za\u010detek postopka preverjanja kliknite \"Preveri zdaj\".<\/span><\/p>\n<p><img loading=\"lazy\" decoding=\"async\" class=\"alignnone wp-image-3212 size-full\" src=\"https:\/\/coinkickoff.com\/wp-content\/uploads\/bybit-identity-verification.png\" alt=\"preverjanje identitete bybit\" width=\"1432\" height=\"792\" srcset=\"https:\/\/coinkickoff.com\/wp-content\/uploads\/bybit-identity-verification.png 1432w, https:\/\/coinkickoff.com\/wp-content\/uploads\/bybit-identity-verification-300x166.png 300w, https:\/\/coinkickoff.com\/wp-content\/uploads\/bybit-identity-verification-1024x566.png 1024w, https:\/\/coinkickoff.com\/wp-content\/uploads\/bybit-identity-verification-768x425.png 768w, https:\/\/coinkickoff.com\/wp-content\/uploads\/bybit-identity-verification-18x10.png 18w\" sizes=\"auto, (max-width: 1432px) 100vw, 1432px\" \/><\/p>\n<p><span style=\"font-weight: 400;\">\u010ce \u017eelite uspe\u0161no opraviti preverjanje identitete, morate nalo\u017eiti veljavno osebno izkaznico s fotografijo, ki jo je izdala vlada, in selfi.<\/span><\/p>\n<h3><span class=\"ez-toc-section\" id=\"3_Deposit_FundsCrypto\"><\/span><span style=\"font-weight: 400;\">3. Depozitna sredstva\/kripto<\/span><span class=\"ez-toc-section-end\"><\/span><\/h3>\n<p><span style=\"font-weight: 400;\">Po kon\u010danem preverjanju identitete lahko na svoj ra\u010dun Bybit polo\u017eite fiat valuto. Na nadzorni plo\u0161\u010di kliknite \"Buy Crypto\" in v spustnem meniju izberite \"Fiat Deposit\".<\/span><\/p>\n<p><img loading=\"lazy\" decoding=\"async\" class=\"alignnone wp-image-3208 size-full\" src=\"https:\/\/coinkickoff.com\/wp-content\/uploads\/bybit-fiat-deposit.png\" alt=\"bybit fiat depozit\" width=\"1432\" height=\"630\" srcset=\"https:\/\/coinkickoff.com\/wp-content\/uploads\/bybit-fiat-deposit.png 1432w, https:\/\/coinkickoff.com\/wp-content\/uploads\/bybit-fiat-deposit-300x132.png 300w, https:\/\/coinkickoff.com\/wp-content\/uploads\/bybit-fiat-deposit-1024x451.png 1024w, https:\/\/coinkickoff.com\/wp-content\/uploads\/bybit-fiat-deposit-768x338.png 768w, https:\/\/coinkickoff.com\/wp-content\/uploads\/bybit-fiat-deposit-18x8.png 18w\" sizes=\"auto, (max-width: 1432px) 100vw, 1432px\" \/><\/p>\n<p><span style=\"font-weight: 400;\">Na strani za nakazilo izberite \u017eeleno valuto, vnesite znesek, ki ga \u017eelite nakazati, in izberite na\u010din nakazovanja. Na\u010dini pologa se razlikujejo glede na fiat valuto, \u010deprav je Advcash na voljo za razli\u010dne fiat mo\u017enosti.<\/span><\/p>\n<p><img loading=\"lazy\" decoding=\"async\" class=\"alignnone wp-image-3209 size-full\" src=\"https:\/\/coinkickoff.com\/wp-content\/uploads\/bybitfiatdeposit2.png\" alt=\"bybit fiat depozit\" width=\"1418\" height=\"783\" srcset=\"https:\/\/coinkickoff.com\/wp-content\/uploads\/bybitfiatdeposit2.png 1418w, https:\/\/coinkickoff.com\/wp-content\/uploads\/bybitfiatdeposit2-300x166.png 300w, https:\/\/coinkickoff.com\/wp-content\/uploads\/bybitfiatdeposit2-1024x565.png 1024w, https:\/\/coinkickoff.com\/wp-content\/uploads\/bybitfiatdeposit2-768x424.png 768w, https:\/\/coinkickoff.com\/wp-content\/uploads\/bybitfiatdeposit2-18x10.png 18w\" sizes=\"auto, (max-width: 1418px) 100vw, 1418px\" \/><\/p>\n<p><span style=\"font-weight: 400;\">Ko izberete na\u010din pla\u010dila, se strinjajte s pogoji in storitvami ter kliknite nadaljevanje.<\/span><\/p>\n<h3><span class=\"ez-toc-section\" id=\"4_Navigate_to_the_Relevant_Screen_to_Buy\"><\/span><span style=\"font-weight: 400;\">4. Premaknite se na ustrezno okno za nakup<\/span><span class=\"ez-toc-section-end\"><\/span><\/h3>\n<p><span style=\"font-weight: 400;\">Ko na svoj ra\u010dun Bybit naka\u017eete nekaj sredstev, je nakup DOGE zelo preprost. Na nadzorni plo\u0161\u010di kliknite \"Buy Crypto\" in izberite \"One-Click Buy\". To vas bo pripeljalo na stran za enostaven nakup\/prodajo.<\/span><\/p>\n<p><img loading=\"lazy\" decoding=\"async\" class=\"alignnone wp-image-3211 size-full\" src=\"https:\/\/coinkickoff.com\/wp-content\/uploads\/bybit-one-click-buy-2.png\" alt=\"z enim klikom kupite 2\" width=\"1433\" height=\"795\" srcset=\"https:\/\/coinkickoff.com\/wp-content\/uploads\/bybit-one-click-buy-2.png 1433w, https:\/\/coinkickoff.com\/wp-content\/uploads\/bybit-one-click-buy-2-300x166.png 300w, https:\/\/coinkickoff.com\/wp-content\/uploads\/bybit-one-click-buy-2-1024x568.png 1024w, https:\/\/coinkickoff.com\/wp-content\/uploads\/bybit-one-click-buy-2-768x426.png 768w, https:\/\/coinkickoff.com\/wp-content\/uploads\/bybit-one-click-buy-2-18x10.png 18w\" sizes=\"auto, (max-width: 1433px) 100vw, 1433px\" \/><\/p>\n<p><span style=\"font-weight: 400;\"><img loading=\"lazy\" decoding=\"async\" class=\"alignnone wp-image-3210 size-full\" src=\"https:\/\/coinkickoff.com\/wp-content\/uploads\/oneclickbuy-bybit-1.png\" alt=\"nakup z enim klikom\" width=\"1429\" height=\"792\" srcset=\"https:\/\/coinkickoff.com\/wp-content\/uploads\/oneclickbuy-bybit-1.png 1429w, https:\/\/coinkickoff.com\/wp-content\/uploads\/oneclickbuy-bybit-1-300x166.png 300w, https:\/\/coinkickoff.com\/wp-content\/uploads\/oneclickbuy-bybit-1-1024x568.png 1024w, https:\/\/coinkickoff.com\/wp-content\/uploads\/oneclickbuy-bybit-1-768x426.png 768w, https:\/\/coinkickoff.com\/wp-content\/uploads\/oneclickbuy-bybit-1-18x10.png 18w\" sizes=\"auto, (max-width: 1429px) 100vw, 1429px\" \/>Na strani Nakup\/prodaja izberite kriptovaluto, ki jo \u017eelite kupiti, in vnesite znesek, ki ga \u017eelite porabiti. Kalkulator bo samodejno prikazal, koliko DOGE boste prejeli v zameno za svoje dolarje.<\/span><\/p>\n<p><span style=\"font-weight: 400;\">Na koncu izberite na\u010din pla\u010dila kot stanje fiat in kliknite \"Kupi z USD\".<\/span><\/p>\n<p><span style=\"font-weight: 400;\">\u010cestitamo!<\/span><\/p>\n<p>\u010ce \u017eelite kupiti Dogecoin ali drugo digitalno premo\u017eenje na razli\u010dnih borzah, si oglejte na\u0161o\u00a0<a href=\"https:\/\/coinkickoff.com\/sl\/crypto-exchanges\/\">pregledi najbolj\u0161ih 22 izmenjav kriptovalut<\/a>\u00a0in osem drugih mo\u017enosti.<\/p>","protected":false},"excerpt":{"rendered":"<p>Kako kupiti Dogecoin na Bybitu \u010ceprav Dogecoin ni zelo stabilno ali posebej uporabno digitalno premo\u017eenje, je precej znan zaradi svoje sme\u0161ne narave, ki spominja na meme. Prav tako ga je precej enostavno kupiti, saj ga lahko najdete na skoraj vsaki borzi.  Ponudba DOGE je precej neskon\u010dna, zato ga lahko kupite za [...]<\/p>","protected":false},"author":3,"featured_media":1199,"parent":3196,"menu_order":0,"comment_status":"closed","ping_status":"closed","template":"","meta":{"_genesis_hide_title":false,"_genesis_hide_breadcrumbs":false,"_genesis_hide_singular_image":false,"_genesis_hide_footer_widgets":false,"_genesis_custom_body_class":"","_genesis_custom_post_class":"","_genesis_layout":"","_glsr_average":0,"_glsr_ranking":0,"_glsr_reviews":0,"footnotes":""},"class_list":{"0":"post-3203","1":"page","2":"type-page","3":"status-publish","4":"has-post-thumbnail","6":"entry"},"featured_image_src":"https:\/\/coinkickoff.com\/wp-content\/uploads\/bybit-homepage-600x400.png","featured_image_src_square":"https:\/\/coinkickoff.com\/wp-content\/uploads\/bybit-homepage-600x600.png","_links":{"self":[{"href":"https:\/\/coinkickoff.com\/sl\/wp-json\/wp\/v2\/pages\/3203","targetHints":{"allow":["GET"]}}],"collection":[{"href":"https:\/\/coinkickoff.com\/sl\/wp-json\/wp\/v2\/pages"}],"about":[{"href":"https:\/\/coinkickoff.com\/sl\/wp-json\/wp\/v2\/types\/page"}],"author":[{"embeddable":true,"href":"https:\/\/coinkickoff.com\/sl\/wp-json\/wp\/v2\/users\/3"}],"replies":[{"embeddable":true,"href":"https:\/\/coinkickoff.com\/sl\/wp-json\/wp\/v2\/comments?post=3203"}],"version-history":[{"count":5,"href":"https:\/\/coinkickoff.com\/sl\/wp-json\/wp\/v2\/pages\/3203\/revisions"}],"predecessor-version":[{"id":4490,"href":"https:\/\/coinkickoff.com\/sl\/wp-json\/wp\/v2\/pages\/3203\/revisions\/4490"}],"up":[{"embeddable":true,"href":"https:\/\/coinkickoff.com\/sl\/wp-json\/wp\/v2\/pages\/3196"}],"wp:featuredmedia":[{"embeddable":true,"href":"https:\/\/coinkickoff.com\/sl\/wp-json\/wp\/v2\/media\/1199"}],"wp:attachment":[{"href":"https:\/\/coinkickoff.com\/sl\/wp-json\/wp\/v2\/media?parent=3203"}],"curies":[{"name":"wp","href":"https:\/\/api.w.org\/{rel}","templated":true}]}}