{"id":3196,"date":"2026-01-08T14:07:36","date_gmt":"2026-01-08T14:07:36","guid":{"rendered":"https:\/\/coinkickoff.com\/?page_id=3196"},"modified":"2026-01-08T14:07:36","modified_gmt":"2026-01-08T14:07:36","slug":"how-to-buy-dogecoin","status":"publish","type":"page","link":"https:\/\/coinkickoff.com\/sl\/how-to-buy-dogecoin\/","title":{"rendered":"Kako kupiti Dogecoin (DOGE)"},"content":{"rendered":"<p><span style=\"font-weight: 400;\"><img loading=\"lazy\" decoding=\"async\" class=\"aligncenter wp-image-155 size-full\" src=\"https:\/\/coinkickoff.com\/wp-content\/uploads\/2022\/06\/Dogecoin-DOGE.jpg\" alt=\"kako kupiti dogecoin\" width=\"1000\" height=\"800\" srcset=\"https:\/\/coinkickoff.com\/wp-content\/uploads\/2022\/06\/Dogecoin-DOGE.jpg 1000w, https:\/\/coinkickoff.com\/wp-content\/uploads\/2022\/06\/Dogecoin-DOGE-300x240.jpg 300w, https:\/\/coinkickoff.com\/wp-content\/uploads\/2022\/06\/Dogecoin-DOGE-768x614.jpg 768w, https:\/\/coinkickoff.com\/wp-content\/uploads\/2022\/06\/Dogecoin-DOGE-15x12.jpg 15w\" sizes=\"auto, (max-width: 1000px) 100vw, 1000px\" \/>\u010ce \u017eelite kupiti <a href=\"https:\/\/coinkickoff.com\/sl\/dogecoin-doge\/\" data-internallinksmanager029f6b8e52c=\"14\" title=\"Kaj je Dogecoin (DOGE)? Kako deluje in kje ga kupiti?\">Dogecoin<\/a> in ne veste, kje za\u010deti, ste na pravem mestu. Pokazali vam bomo, kako in kje kupiti DOGE z navodili po korakih.<\/span><\/p>\n<div id=\"ez-toc-container\" class=\"ez-toc-v2_0_80 counter-hierarchy ez-toc-counter ez-toc-transparent ez-toc-container-direction\">\n<div class=\"ez-toc-title-container\">\n<p class=\"ez-toc-title\" style=\"cursor:inherit\">Oddelki<\/p>\n<span class=\"ez-toc-title-toggle\"><a href=\"#\" class=\"ez-toc-pull-right ez-toc-btn ez-toc-btn-xs ez-toc-btn-default ez-toc-toggle\" aria-label=\"Toggle Tabela vsebine\"><span class=\"ez-toc-js-icon-con\"><span class=\"\"><span class=\"eztoc-hide\" style=\"display:none;\">Toggle<\/span><span class=\"ez-toc-icon-toggle-span\"><svg style=\"fill: #999;color:#999\" xmlns=\"http:\/\/www.w3.org\/2000\/svg\" class=\"list-377408\" width=\"20px\" height=\"20px\" viewbox=\"0 0 24 24\" fill=\"none\"><path d=\"M6 6H4v2h2V6zm14 0H8v2h12V6zM4 11h2v2H4v-2zm16 0H8v2h12v-2zM4 16h2v2H4v-2zm16 0H8v2h12v-2z\" fill=\"currentColor\"><\/path><\/svg><svg style=\"fill: #999;color:#999\" class=\"arrow-unsorted-368013\" xmlns=\"http:\/\/www.w3.org\/2000\/svg\" width=\"10px\" height=\"10px\" viewbox=\"0 0 24 24\" version=\"1.2\" baseprofile=\"tiny\"><path d=\"M18.2 9.3l-6.2-6.3-6.2 6.3c-.2.2-.3.4-.3.7s.1.5.3.7c.2.2.4.3.7.3h11c.3 0 .5-.1.7-.3.2-.2.3-.5.3-.7s-.1-.5-.3-.7zM5.8 14.7l6.2 6.3 6.2-6.3c.2-.2.3-.5.3-.7s-.1-.5-.3-.7c-.2-.2-.4-.3-.7-.3h-11c-.3 0-.5.1-.7.3-.2.2-.3.5-.3.7s.1.5.3.7z\"\/><\/svg><\/span><\/span><\/span><\/a><\/span><\/div>\n<nav><ul class='ez-toc-list ez-toc-list-level-1 eztoc-toggle-hide-by-default' ><li class='ez-toc-page-1 ez-toc-heading-level-2'><a class=\"ez-toc-link ez-toc-heading-1\" href=\"https:\/\/coinkickoff.com\/sl\/how-to-buy-dogecoin\/#What_Is_Dogecoin\" >Kaj je Dogecoin?<\/a><\/li><li class='ez-toc-page-1 ez-toc-heading-level-2'><a class=\"ez-toc-link ez-toc-heading-2\" href=\"https:\/\/coinkickoff.com\/sl\/how-to-buy-dogecoin\/#Where_Can_I_Buy_Dogecoin\" >Kje lahko kupim Dogecoin?<\/a><\/li><li class='ez-toc-page-1 ez-toc-heading-level-2'><a class=\"ez-toc-link ez-toc-heading-3\" href=\"https:\/\/coinkickoff.com\/sl\/how-to-buy-dogecoin\/#How_to_Buy_Dogecoin\" >Kako kupiti Dogecoin<\/a><ul class='ez-toc-list-level-3' ><li class='ez-toc-heading-level-3'><a class=\"ez-toc-link ez-toc-heading-4\" href=\"https:\/\/coinkickoff.com\/sl\/how-to-buy-dogecoin\/#Choose_Your_Exchange\" >Izberite svojo izmenjavo<\/a><\/li><li class='ez-toc-page-1 ez-toc-heading-level-3'><a class=\"ez-toc-link ez-toc-heading-5\" href=\"https:\/\/coinkickoff.com\/sl\/how-to-buy-dogecoin\/#Buy_DOGE\" >Kupite DOGE<\/a><\/li><li class='ez-toc-page-1 ez-toc-heading-level-3'><a class=\"ez-toc-link ez-toc-heading-6\" href=\"https:\/\/coinkickoff.com\/sl\/how-to-buy-dogecoin\/#Store_Your_DOGE\" >Shranite svoj DOGE<\/a><ul class='ez-toc-list-level-4' ><li class='ez-toc-heading-level-4'><a class=\"ez-toc-link ez-toc-heading-7\" href=\"https:\/\/coinkickoff.com\/sl\/how-to-buy-dogecoin\/#Exchange_Wallet\" >Exchange denarnica<\/a><\/li><li class='ez-toc-page-1 ez-toc-heading-level-4'><a class=\"ez-toc-link ez-toc-heading-8\" href=\"https:\/\/coinkickoff.com\/sl\/how-to-buy-dogecoin\/#Self-Custody_Hot_Wallets\" >Vro\u010de denarnice za lastno hrambo<\/a><\/li><li class='ez-toc-page-1 ez-toc-heading-level-4'><a class=\"ez-toc-link ez-toc-heading-9\" href=\"https:\/\/coinkickoff.com\/sl\/how-to-buy-dogecoin\/#Cold_Wallets\" >Hladne denarnice<\/a><\/li><\/ul><\/li><\/ul><\/li><\/ul><\/nav><\/div>\n<h2><span class=\"ez-toc-section\" id=\"What_Is_Dogecoin\"><\/span><span style=\"font-weight: 400;\">Kaj je Dogecoin?<\/span><span class=\"ez-toc-section-end\"><\/span><\/h2>\n<p><span style=\"font-weight: 400;\">Morda ste \u017ee sli\u0161ali, da se ljudje sklicujejo na <\/span><a href=\"https:\/\/coinkickoff.com\/sl\/dogecoin-doge\/\"><span style=\"font-weight: 400;\">Dogecoin<\/span><\/a><span style=\"font-weight: 400;\"> kot mem coin. To je res: ustanovitelja Dogecoin, Billyja Marcusa in Jacksona Palmerja, je navdihnil <\/span><a href=\"https:\/\/knowyourmeme.com\/memes\/doge\" target=\"_blank\" rel=\"noopener\"><span style=\"font-weight: 400;\">meme s psom Shiba Inu<\/span><\/a><span style=\"font-weight: 400;\"> in je Dogecoin predstavil predvsem kot \u0161alo.<\/span><\/p>\n<p><span style=\"font-weight: 400;\">coin je postal priljubljen zaradi navdu\u0161enja, ki ga je bil dele\u017een na Redditu, potem ko je pritegnil pozornost izvr\u0161nega direktorja Tesle Elona Muska, ki je <\/span><a href=\"https:\/\/uk.finance.yahoo.com\/news\/dogecoin-elon-musk-tweet-reddit-100947312.html\" target=\"_blank\" rel=\"noopener\"><span style=\"font-weight: 400;\">tvitnil o coin v letu 2021<\/span><\/a><span style=\"font-weight: 400;\">. Zaradi Muskove vpletenosti so cene DOGE za kratek \u010das posko\u010dile, vendar je kmalu zatem izgubil ve\u010dino vrednosti.<\/span><\/p>\n<p><img loading=\"lazy\" decoding=\"async\" class=\"alignnone size-medium\" src=\"https:\/\/coinkickoff.com\/wp-content\/uploads\/1612461300-elon-musk-lion-king.jpg\" alt=\"ELON MUSK DOGE\" width=\"675\" height=\"380\" \/><\/p>\n<p><span style=\"font-weight: 400;\">Dogecoin nima pravega primera uporabe: ni odli\u010den na\u010din za prenos vrednosti, kot je npr. <\/span><a href=\"https:\/\/coinkickoff.com\/sl\/tether-usdt\/\"><span style=\"font-weight: 400;\">stablecoins<\/span><\/a><span style=\"font-weight: 400;\">, saj cene niso stabilne. Njegova ponudba je neskon\u010dna (za razliko od npr, <\/span><a href=\"https:\/\/coinkickoff.com\/sl\/bitcoin-btc\/\"><span style=\"font-weight: 400;\">Bitcoin<\/span><\/a><span style=\"font-weight: 400;\">), tako da s \u010dasom ne postane manj dostopen ali dragocenej\u0161i.\u00a0<\/span><\/p>\n<p><span style=\"font-weight: 400;\">Na trgu je na milijarde DOGE in Dogecoin je \u0161e vedno ena najve\u010djih kriptovalut coins po tr\u017eni vrednosti, vendar to ne pomeni denarne vrednosti.<\/span><\/p>\n<p><img loading=\"lazy\" decoding=\"async\" class=\"alignnone wp-image-3198 size-full\" src=\"https:\/\/coinkickoff.com\/wp-content\/uploads\/dogemarketcap.png\" alt=\"doge marketcap\" width=\"977\" height=\"573\" srcset=\"https:\/\/coinkickoff.com\/wp-content\/uploads\/dogemarketcap.png 977w, https:\/\/coinkickoff.com\/wp-content\/uploads\/dogemarketcap-300x176.png 300w, https:\/\/coinkickoff.com\/wp-content\/uploads\/dogemarketcap-768x450.png 768w, https:\/\/coinkickoff.com\/wp-content\/uploads\/dogemarketcap-18x12.png 18w\" sizes=\"auto, (max-width: 977px) 100vw, 977px\" \/><\/p>\n<p><span style=\"font-weight: 400;\">coin lahko rudarite v velikem \u0161tevilu, zaradi \u010desar ni tako dragocen. Njegova cena ob\u010dasno za kratek \u010das naraste, obi\u010dajno zaradi premetenih pripomb znanih osebnosti, kot je Musk.<\/span><\/p>\n<p><img loading=\"lazy\" decoding=\"async\" class=\"alignnone wp-image-3197 size-full\" src=\"https:\/\/coinkickoff.com\/wp-content\/uploads\/doge-price.png\" alt=\"Cena DOGE\" width=\"973\" height=\"559\" srcset=\"https:\/\/coinkickoff.com\/wp-content\/uploads\/doge-price.png 973w, https:\/\/coinkickoff.com\/wp-content\/uploads\/doge-price-300x172.png 300w, https:\/\/coinkickoff.com\/wp-content\/uploads\/doge-price-768x441.png 768w, https:\/\/coinkickoff.com\/wp-content\/uploads\/doge-price-18x10.png 18w\" sizes=\"auto, (max-width: 973px) 100vw, 973px\" \/><\/p>\n<p><span style=\"font-weight: 400;\">Na splo\u0161no ga lahko ozna\u010dimo za \u0161alo coin.<\/span><\/p>\n<h2><span class=\"ez-toc-section\" id=\"Where_Can_I_Buy_Dogecoin\"><\/span><span style=\"font-weight: 400;\">Kje lahko kupim Dogecoin?<\/span><span class=\"ez-toc-section-end\"><\/span><\/h2>\n<p><span style=\"font-weight: 400;\">Dogecoin lahko kupite na ve\u010dini <a href=\"https:\/\/coinkickoff.com\/sl\/crypto-exchanges\/\" data-internallinksmanager029f6b8e52c=\"141\" title=\"21 Najbolj\u0161e menjalnice kriptovalut in aplikacije v letu 2024\">izmenjave kriptovalut<\/a>. <\/span><a href=\"https:\/\/coinmarketcap.com\/currencies\/dogecoin\/\" target=\"_blank\" rel=\"noopener\"><span style=\"font-weight: 400;\">Doge je 16. najve\u010dji kripto\u017eeton<\/span><\/a><span style=\"font-weight: 400;\"> po tr\u017eni vrednosti, zato je na splo\u0161no na voljo na priljubljenih borzah.<\/span><\/p>\n<p><img loading=\"lazy\" decoding=\"async\" class=\"alignnone wp-image-3199 size-full\" src=\"https:\/\/coinkickoff.com\/wp-content\/uploads\/doge-on-binance.png\" alt=\"DOGE na Binance\" width=\"1366\" height=\"584\" srcset=\"https:\/\/coinkickoff.com\/wp-content\/uploads\/doge-on-binance.png 1366w, https:\/\/coinkickoff.com\/wp-content\/uploads\/doge-on-binance-300x128.png 300w, https:\/\/coinkickoff.com\/wp-content\/uploads\/doge-on-binance-1024x438.png 1024w, https:\/\/coinkickoff.com\/wp-content\/uploads\/doge-on-binance-768x328.png 768w, https:\/\/coinkickoff.com\/wp-content\/uploads\/doge-on-binance-18x8.png 18w\" sizes=\"auto, (max-width: 1366px) 100vw, 1366px\" \/><\/p>\n<p><span style=\"font-weight: 400;\">DOGE lahko kupite s fiat valutami na centraliziranih kripto borzah, kot so <\/span><a href=\"https:\/\/coinkickoff.com\/sl\/coinbase-review\/\"><span style=\"font-weight: 400;\">Coinbase<\/span><\/a><span style=\"font-weight: 400;\">, <\/span><a href=\"https:\/\/coinkickoff.com\/sl\/binance-review\/\"><span style=\"font-weight: 400;\">Binance<\/span><\/a><span style=\"font-weight: 400;\">, <\/span><a href=\"https:\/\/coinkickoff.com\/sl\/kraken-review\/\"><span style=\"font-weight: 400;\">Kraken<\/span><\/a><span style=\"font-weight: 400;\">in <\/span><a href=\"https:\/\/coinkickoff.com\/sl\/etoro-review\/\"><span style=\"font-weight: 400;\">eToro<\/span><\/a><span style=\"font-weight: 400;\">.<\/span><\/p>\n<p><span style=\"font-weight: 400;\">\u010ce \u017ee imate kriptovalute, lahko DOGE in druga digitalna sredstva kupite tudi na decentraliziranih borzah, kot so <\/span><a href=\"https:\/\/www.sushi.com\/\" target=\"_blank\" rel=\"noopener\"><span style=\"font-weight: 400;\">SushiSwap<\/span><\/a><span style=\"font-weight: 400;\"> ali <\/span><a href=\"https:\/\/uniswap.org\/\" target=\"_blank\" rel=\"noopener\"><span style=\"font-weight: 400;\">Uniswap<\/span><\/a><span style=\"font-weight: 400;\">. Te borze omogo\u010dajo medsebojne transakcije brez posrednikov.<\/span><\/p>\n<p><span style=\"font-weight: 400;\">\u010ceprav so pogosto cenej\u0161e od centraliziranih borz, jih je morda te\u017eje krmariti in niso najbolj primerne za za\u010detnike. Seveda se lahko zlahka nau\u010dite uporabljati decentralizirano borzo, \u010de temu posvetite nekaj \u010dasa.<\/span><\/p>\n<h2><span class=\"ez-toc-section\" id=\"How_to_Buy_Dogecoin\"><\/span><span style=\"font-weight: 400;\">Kako kupiti Dogecoin<\/span><span class=\"ez-toc-section-end\"><\/span><\/h2>\n<p><span style=\"font-weight: 400;\">Pri nakupu katere koli kriptovalute, tudi Dogecoin, so trije koraki. Najprej se odlo\u010dite, katero borzo \u017eelite uporabiti. Nato razmislite, kje boste kriptovaluto shranili. Ko sprejmete to odlo\u010ditev, pojdite naprej in kupite DOGE.\u00a0<\/span><\/p>\n<p><span style=\"font-weight: 400;\">Tukaj je podrobnej\u0161i pristop za popolne za\u010detnike:<\/span><\/p>\n<h3><span class=\"ez-toc-section\" id=\"Choose_Your_Exchange\"><\/span><span style=\"font-weight: 400;\">Izberite svojo izmenjavo<\/span><span class=\"ez-toc-section-end\"><\/span><\/h3>\n<p><span style=\"font-weight: 400;\">Razli\u010dne borze ponujajo razli\u010dne funkcije in imajo razli\u010dno razpolo\u017eljivost kriptovalut ter razli\u010dne pristojbine. Preden se odlo\u010dite, lahko primerjate nekaj najbolj znanih borz in preverite, katera najbolj ustreza va\u0161im potrebam.<\/span><\/p>\n<p><span style=\"font-weight: 400;\">Na primer, <a href=\"https:\/\/coinkickoff.com\/sl\/coinbase-review\/\" data-internallinksmanager029f6b8e52c=\"142\" title=\"Coinbase Mnenja 2024: Lastnosti, pristojbine, varnost, prednosti in slabosti\">Coinbase<\/a> in . <a href=\"https:\/\/coinkickoff.com\/sl\/binance-review\/\" data-internallinksmanager029f6b8e52c=\"152\" title=\"Binance Mnenja 2024: Lastnosti, pristojbine, varnost, prednosti in slabosti\">Binance<\/a> ZDA obe ponujata podobno digitalno premo\u017eenje (vklju\u010dno z DOGE), vendar Binance ponuja ni\u017eje provizije. Vendar pa Coinbase velja za varnej\u0161o in prijaznej\u0161o do za\u010detnikov. Preden se odlo\u010dite za platformo, opravite raziskavo, saj je kriptovaluta lahko tvegana nalo\u017eba.<\/span><\/p>\n<p><span style=\"font-weight: 400;\">Oglejte si na\u0161 vodi\u010d za pregled izmenjave, v katerem si lahko ogledate celovitej\u0161i pregled <\/span><a href=\"https:\/\/coinkickoff.com\/sl\/crypto-exchanges\/\"><span style=\"font-weight: 400;\">najbolj priljubljene kripto izmenjave<\/span><\/a><span style=\"font-weight: 400;\">.<\/span><\/p>\n<h3><span class=\"ez-toc-section\" id=\"Buy_DOGE\"><\/span><span style=\"font-weight: 400;\">Kupite DOGE<\/span><span class=\"ez-toc-section-end\"><\/span><\/h3>\n<p><span style=\"font-weight: 400;\">Ko se odlo\u010dite za platformo, se prijavite. Ve\u010dina centraliziranih borz kriptovalut vam omogo\u010da nakup kriptovalut s fiat valuto (kot je USD ali EUR). Svoj ban\u010dni ra\u010dun lahko pove\u017eete s platformo in prenesete denar na svoj ra\u010dun na borzi.<\/span><\/p>\n<p><img loading=\"lazy\" decoding=\"async\" class=\"alignnone wp-image-3201 size-full\" src=\"https:\/\/coinkickoff.com\/wp-content\/uploads\/buy-doge-on-binance-1.png\" alt=\"nakup doge na binance\" width=\"1432\" height=\"802\" srcset=\"https:\/\/coinkickoff.com\/wp-content\/uploads\/buy-doge-on-binance-1.png 1432w, https:\/\/coinkickoff.com\/wp-content\/uploads\/buy-doge-on-binance-1-300x168.png 300w, https:\/\/coinkickoff.com\/wp-content\/uploads\/buy-doge-on-binance-1-1024x573.png 1024w, https:\/\/coinkickoff.com\/wp-content\/uploads\/buy-doge-on-binance-1-768x430.png 768w, https:\/\/coinkickoff.com\/wp-content\/uploads\/buy-doge-on-binance-1-18x10.png 18w\" sizes=\"auto, (max-width: 1432px) 100vw, 1432px\" \/><\/p>\n<p><span style=\"font-weight: 400;\">Nekatere borze omogo\u010dajo tudi nakup kriptovalut s kreditnimi in debetnimi karticami, storitvami PayPal, Google Pay in Apple Pay. \u010ce imate ra\u010dun na borzi ali drugo digitalno premo\u017eenje, ga lahko tudi zamenjate za DOGE.<\/span><\/p>\n<p><span style=\"font-weight: 400;\">Nekatere borze vam bodo omogo\u010dile nakup DOGE neposredno s fiatom, medtem ko lahko druge ponujajo le stabilni coins, kot je npr. <a href=\"https:\/\/coinkickoff.com\/sl\/tether-usdt\/\" data-internallinksmanager029f6b8e52c=\"3\" title=\"Kaj je Tether (USDT)? Kako deluje in kje ga kupiti?\">USDT<\/a> ali <a href=\"https:\/\/coinkickoff.com\/sl\/usd-coin-usdc\/\" data-internallinksmanager029f6b8e52c=\"8\" title=\"Kaj je USD Coin (USDC)? Kako deluje in kje ga kupiti?\">USDC<\/a>. V teh primerih morate najprej kupiti stabilni coin in ga nato zamenjati za DOGE.<\/span><\/p>\n<h3><span class=\"ez-toc-section\" id=\"Store_Your_DOGE\"><\/span><span style=\"font-weight: 400;\">Shranite svoj DOGE<\/span><span class=\"ez-toc-section-end\"><\/span><\/h3>\n<p><span style=\"font-weight: 400;\">Ko kupite DOGE, se morate odlo\u010diti, kje ga boste shranili. Za to imate na voljo ve\u010d mo\u017enosti.<\/span><\/p>\n<h4><span class=\"ez-toc-section\" id=\"Exchange_Wallet\"><\/span><span style=\"font-weight: 400;\">Exchange denarnica<\/span><span class=\"ez-toc-section-end\"><\/span><\/h4>\n<p><span style=\"font-weight: 400;\">Ko kupite kriptovaluto na borzi, je va\u0161e premo\u017eenje samodejno shranjeno v denarnici borze. Te denarnice so znane kot skrbni\u0161ke denarnice, saj jih nadzorujejo in upravljajo platforme.<\/span><\/p>\n<p><span style=\"font-weight: 400;\">\u010ceprav lahko s sredstvi v denarnici trgujete prek ra\u010duna za izmenjavo, nad njimi nimate popolnega nadzora. \u010ce borza do\u017eivi napad ali gre v ste\u010daj, je lahko va\u0161e premo\u017eenje za vedno izgubljeno.<\/span><\/p>\n<h4><span class=\"ez-toc-section\" id=\"Self-Custody_Hot_Wallets\"><\/span><span style=\"font-weight: 400;\">Vro\u010de denarnice za lastno hrambo<\/span><span class=\"ez-toc-section-end\"><\/span><\/h4>\n<p><span style=\"font-weight: 400;\">Na trgu je na voljo ve\u010d vro\u010dih denarnic za samopreskrbo: Nekatere od njih so programske denarnice, ki jih lahko prenesete na svoje mobilne naprave in ra\u010dunalnike, do drugih pa lahko dostopate prek brskalnikov. Imenujejo se vro\u010de denarnice, ker so prek va\u0161e naprave (ra\u010dunalnika ali mobilne naprave) povezane z internetom.\u00a0<\/span><\/p>\n<p><span style=\"font-weight: 400;\">Medtem ko vam samopostre\u017ene denarnice omogo\u010dajo popoln nadzor nad premo\u017eenjem, so ranljive tudi za varnostne kr\u0161itve in so pogosto tar\u010da hekerjev. \u010ce nimate veliko znanja o varovanju naprav, povezanih z internetom, pred zlonamerno programsko opremo in poskusi vdorov, lahko s shranjevanjem sredstev v samopostre\u017eni denarnici izpostavite svoja sredstva tveganju.<\/span><\/p>\n<h4><span class=\"ez-toc-section\" id=\"Cold_Wallets\"><\/span><span style=\"font-weight: 400;\">Hladne denarnice<\/span><span class=\"ez-toc-section-end\"><\/span><\/h4>\n<p><span style=\"font-weight: 400;\">Hladne denarnice na splo\u0161no veljajo za najbolj varno mo\u017enost shranjevanja kriptovalut. Niso povezane z internetom, zato so odporne na poskuse vdorov. Hladna denarnica je lahko papirnata denarnica ali strojna denarnica.<\/span><\/p>\n<p><span style=\"font-weight: 400;\">Papirnata denarnica je preprosto kos papirja, ki vsebuje va\u0161 zasebni klju\u010d, s katerim lahko do svojih sredstev dostopate prek vmesnika denarnice. Vendar je papirnate denarnice te\u017eko uporabljati in niso primerne, \u010de \u017eelite preprosto trgovati s svojimi sredstvi.<\/span><\/p>\n<p><span style=\"font-weight: 400;\">Strojne denarnice so naprave, podobne USB, v katerih so shranjeni va\u0161i zasebni klju\u010di. Ker naprava ni neposredno povezana z internetom, je ni mogo\u010de vdreti. <\/span><a href=\"https:\/\/trezor.io\/\" target=\"_blank\" rel=\"noopener\"><span style=\"font-weight: 400;\">Trezor<\/span><\/a><span style=\"font-weight: 400;\"> in . <\/span><a href=\"https:\/\/www.ledger.com\/\" target=\"_blank\" rel=\"noopener\"><span style=\"font-weight: 400;\">Glavna knjiga<\/span><\/a><span style=\"font-weight: 400;\"> sta dva proizvajalca strojne denarnice, ki veljata za najbolj\u0161a v poslu. Obe podjetji ponujata ve\u010d strojnih denarnic za shranjevanje kriptovalut, \u010deprav so lahko precej drage.<\/span><\/p>\n<p><span style=\"font-weight: 400;\">\u010ce prilo\u017enostno trgujete z majhnimi zneski, je nakup strojne denarnice morda prevelik zalogaj. \u010ce pa ste nagrajeni z varnostjo, je nakup strojne denarnice dolgoro\u010dno najbolj\u0161a izbira.\u00a0\u00a0<\/span><\/p>\n<p>Oglejte si tudi Kako kupiti Dogecoin (DOGE) na:<\/p>\n<p><a href=\"https:\/\/coinkickoff.com\/sl\/how-to-buy-dogecoin\/how-to-buy-dogecoin-on-coinbase\/\">Coinbase<\/a><br \/>\n<a href=\"https:\/\/coinkickoff.com\/sl\/how-to-buy-dogecoin\/how-to-buy-dogecoin-on-kraken\/\">Kraken<\/a><br \/>\n<a href=\"https:\/\/coinkickoff.com\/sl\/how-to-buy-dogecoin\/how-to-buy-dogecoin-on-binance\/\">Binance<\/a><br \/>\n<a href=\"https:\/\/coinkickoff.com\/sl\/how-to-buy-dogecoin\/how-to-buy-dogecoin-on-bitmart\/\">Bitmart<\/a><br \/>\n<a href=\"https:\/\/coinkickoff.com\/sl\/how-to-buy-dogecoin\/how-to-buy-dogecoin-on-bybit\/\">Bybit<\/a><br \/>\n<a href=\"https:\/\/coinkickoff.com\/sl\/how-to-buy-dogecoin\/how-to-buy-dogecoin-on-gate-io\/\">Gate.io<\/a><br \/>\n<a href=\"https:\/\/coinkickoff.com\/sl\/how-to-buy-dogecoin\/how-to-buy-dogecoin-on-gemini\/\">Gemini<\/a><br \/>\n<a href=\"https:\/\/coinkickoff.com\/sl\/how-to-buy-dogecoin\/how-to-buy-dogecoin-on-kucoin\/\">Kucoin<\/a><br \/>\n<a href=\"https:\/\/coinkickoff.com\/sl\/how-to-buy-dogecoin\/how-to-buy-dogecoin-on-mexc\/\">MEXC<\/a><br \/>\n<a href=\"https:\/\/coinkickoff.com\/sl\/how-to-buy-dogecoin\/how-to-buy-dogecoin-on-okx\/\">OKX<\/a><br \/>\n<a href=\"https:\/\/coinkickoff.com\/sl\/how-to-buy-dogecoin\/how-to-buy-dogecoin-on-poloniex\/\">Poloniex<\/a><\/p>","protected":false},"excerpt":{"rendered":"<p>\u010ce \u017eelite kupiti Dogecoin in ne veste, kje za\u010deti, ste na pravem mestu. Pokazali vam bomo, kako in kje kupiti DOGE z navodili po korakih. Kaj je Dogecoin? Morda ste \u017ee sli\u0161ali, da ljudje Dogecoin ozna\u010dujejo kot mem coin. To je res: ustanovitelja podjetja Dogecoin, Billy Marcus in Jackson Palmer, sta bila [...]<\/p>","protected":false},"author":3,"featured_media":155,"parent":0,"menu_order":0,"comment_status":"closed","ping_status":"closed","template":"","meta":{"_genesis_hide_title":false,"_genesis_hide_breadcrumbs":false,"_genesis_hide_singular_image":false,"_genesis_hide_footer_widgets":false,"_genesis_custom_body_class":"","_genesis_custom_post_class":"","_genesis_layout":"","_glsr_average":0,"_glsr_ranking":0,"_glsr_reviews":0,"footnotes":""},"class_list":{"0":"post-3196","1":"page","2":"type-page","3":"status-publish","4":"has-post-thumbnail","6":"entry"},"featured_image_src":"https:\/\/coinkickoff.com\/wp-content\/uploads\/2022\/06\/Dogecoin-DOGE-600x400.jpg","featured_image_src_square":"https:\/\/coinkickoff.com\/wp-content\/uploads\/2022\/06\/Dogecoin-DOGE-600x600.jpg","_links":{"self":[{"href":"https:\/\/coinkickoff.com\/sl\/wp-json\/wp\/v2\/pages\/3196","targetHints":{"allow":["GET"]}}],"collection":[{"href":"https:\/\/coinkickoff.com\/sl\/wp-json\/wp\/v2\/pages"}],"about":[{"href":"https:\/\/coinkickoff.com\/sl\/wp-json\/wp\/v2\/types\/page"}],"author":[{"embeddable":true,"href":"https:\/\/coinkickoff.com\/sl\/wp-json\/wp\/v2\/users\/3"}],"replies":[{"embeddable":true,"href":"https:\/\/coinkickoff.com\/sl\/wp-json\/wp\/v2\/comments?post=3196"}],"version-history":[{"count":5,"href":"https:\/\/coinkickoff.com\/sl\/wp-json\/wp\/v2\/pages\/3196\/revisions"}],"predecessor-version":[{"id":4940,"href":"https:\/\/coinkickoff.com\/sl\/wp-json\/wp\/v2\/pages\/3196\/revisions\/4940"}],"wp:featuredmedia":[{"embeddable":true,"href":"https:\/\/coinkickoff.com\/sl\/wp-json\/wp\/v2\/media\/155"}],"wp:attachment":[{"href":"https:\/\/coinkickoff.com\/sl\/wp-json\/wp\/v2\/media?parent=3196"}],"curies":[{"name":"wp","href":"https:\/\/api.w.org\/{rel}","templated":true}]}}