{"id":3,"date":"2026-01-08T14:06:39","date_gmt":"2026-01-08T14:06:39","guid":{"rendered":"http:\/\/coinkickoff.com\/?page_id=3"},"modified":"2026-01-08T14:06:39","modified_gmt":"2026-01-08T14:06:39","slug":"privacy-policy","status":"publish","type":"page","link":"https:\/\/coinkickoff.com\/sl\/privacy-policy\/","title":{"rendered":"Pravilnik o zasebnosti"},"content":{"rendered":"<p>To politiko zasebnosti je pripravilo podjetje Coin Kickoff (v lasti podjetja Brilliant British Ltd, \u0161tevilka podjetja 10490224 (registrirano v Angliji in Walesu), naslov sede\u017ea: ), da bi bolje slu\u017eil tistim, ki jih skrbi, kako se njihovi \"osebno prepoznavni podatki\" (PII) uporabljajo na spletu. PII, kot se uporablja v zakonodaji Zdru\u017eenega kraljestva o zasebnosti in informacijski varnosti, so informacije, ki se lahko same ali skupaj z drugimi informacijami uporabijo za identifikacijo, stik ali iskanje posamezne osebe ali za identifikacijo posameznika v kontekstu.<\/p>\n\n\n\n<p>Pozorno preberite na\u0161 pravilnik o zasebnosti, da boste jasno razumeli, kako zbiramo, uporabljamo, varujemo ali kako druga\u010de ravnamo z va\u0161imi osebnimi podatki v skladu z na\u0161im spletnim mestom.<\/p>\n\n\n\n<p><strong>Obdelava podatkov v skladu s Splo\u0161no uredbo o varstvu podatkov (GDPR)<\/strong><\/p>\n\n\n\n<p>Na\u0161a pravna podlaga za obdelavo podatkov je <strong>zakoniti interes.<\/strong> Smo predvsem informativno spletno mesto in \u010deprav smo tehni\u010dno gledano upravljavec podatkov, obdelujemo minimalne koli\u010dine osebnih podatkov in uporabljamo le standardna orodja tretjih oseb.<\/p>\n\n\n\n<p>V preprostem angle\u0161kem jeziku so predstavljena orodja in platforme, ki jih uporabljamo, zakaj jih uporabljamo in kako lahko v njih upravljate svoje podatke. \u010ce \u017eelite prepre\u010diti dostop do teh orodij, ne le na na\u0161em spletnem mestu, temve\u010d po vsem spletu, vam priporo\u010damo, da si ogledate re\u0161itev, kot je <a href=\"https:\/\/www.ghostery.com\/\" target=\"_blank\" rel=\"noopener\">Ghostery<\/a>.<\/p>\n\n\n\n<ul class=\"wp-block-list\">\n<li><strong>Verjetno:<\/strong> To se uporablja za skupno sledenje uporabi spletnega mesta. Ne uporabljamo ga za sledenje posameznim uporabnikom. Spoznate lahko <a href=\"https:\/\/plausible.io\/\" target=\"_blank\" rel=\"noopener\">ve\u010d tukaj<\/a>.<\/li>\n\n\n\n<li><strong>Dru\u017eabno omre\u017eje Facebook Graph:<\/strong> To olaj\u0161a deljenje na\u0161e vsebine na Facebooku in prikazuje, kako pogosto je bila vsebina deljena na Facebooku. Oglejte si Facebookovo <a href=\"https:\/\/www.facebook.com\/help\/1701730696756992\/?helpref=hc_fnav\" rel=\"noreferrer noopener\" target=\"_blank\">Podatkovna stran<\/a> za ve\u010d informacij o tem, kako uporabljajo va\u0161e podatke.<\/li>\n\n\n\n<li><strong>Soglasje za pi\u0161kotke:<\/strong> Uporablja se za obve\u0161\u010danje uporabnikov, da uporabljamo pi\u0161kotke ter druga orodja in platforme tretjih oseb. Zagotavlja ga dru\u017eba Silktide, vi pa lahko <a href=\"https:\/\/cookieconsent.insites.com\/\" rel=\"noreferrer noopener\" target=\"_blank\">Ve\u010d informacij najdete tukaj<\/a>.<\/li>\n\n\n\n<li><strong>Kinsta:<\/strong> Gostijo na\u0161e spletno mesto in imajo lahko dnevnike o vseh obiskovalcih tega spletnega mesta, \u010deprav nimamo neposrednega dostopa do njih. Ve\u010d o podatkih, ki jih lahko imajo na svojih <a href=\"https:\/\/kinsta.com\/legal\/privacy-policy\/\" rel=\"noreferrer noopener\" target=\"_blank\">politika zasebnosti<\/a>.<\/li>\n\n\n\n<li><strong>Deljenje v dru\u017eabnih medijih:<\/strong> Na na\u0161em spletnem mestu imamo poleg gumbov za deljenje v dru\u017eabnih omre\u017ejih Facebook Graph tudi gumbe za deljenje v omre\u017ejih Twitter, LinkedIn in Pintrest, da bi olaj\u0161ali deljenje na\u0161e vsebine na teh platformah. Ogledate si lahko <a href=\"https:\/\/www.linkedin.com\/legal\/privacy-policy\" target=\"_blank\" rel=\"noreferrer noopener\">Pravilnik o zasebnosti LinkedIn tukaj<\/a>, <a href=\"https:\/\/policy.pinterest.com\/en-gb\/privacy-policy\" target=\"_blank\" rel=\"noreferrer noopener\">Pintrestova politika zasebnosti<\/a> in Twitterjeva <a href=\"https:\/\/twitter.com\/en\/privacy\" target=\"_blank\" rel=\"noreferrer noopener\">Pravilnik o zasebnosti<\/a> tukaj<\/li>\n\n\n\n<li><strong>Beehiiv:<\/strong> So na\u0161 ponudnik e-po\u0161tnih novic. Ve\u010d o njih lahko izveste <a href=\"https:\/\/www.beehiiv.com\/\" target=\"_blank\" rel=\"noreferrer noopener\">tukaj<\/a>. <\/li>\n\n\n\n<li><strong>Partnerske\/izvene povezave:<\/strong> Ob\u010dasno lahko vklju\u010dimo partnerske povezave za podporo spletnega mesta. Na splo\u0161no jih bomo navedli v samem \u010dlanku ali v nogi \u010dlanka. Vsakr\u0161no sledenje se izvaja le, \u010de kliknete zunanjo povezavo. \u010ce vas to skrbi, je najpreprostej\u0161a mo\u017enost, da ne kliknete na zunanje povezave z na\u0161ega spletnega mesta.<\/li>\n<\/ul>\n\n\n\n<p><strong>Katere osebne podatke zbiramo od ljudi, ki obi\u0161\u010dejo na\u0161e spletno mesto?<\/strong><\/p>\n\n\n\n<p>Neposredno ne zbiramo nobenih osebnih podatkov, razen \u010de se odlo\u010dite za prijavo na na\u0161e novice, vendar lahko nekatere podatke zbira eno ali ve\u010d zgoraj navedenih orodij ali platform.<\/p>\n\n\n\n<p><strong>Kdaj zbiramo podatke?<\/strong><\/p>\n\n\n\n<p>Informacije se lahko zbirajo, ko se pomikate po spletnem mestu.<\/p>\n\n\n\n<p><strong>Kako uporabljamo va\u0161e podatke?<\/strong><\/p>\n\n\n\n<p>Informacije, ki jih zberemo, ko brskate po spletnem mestu ali uporabljate nekatere druge funkcije spletnega mesta, lahko uporabimo na naslednje na\u010dine:<\/p>\n\n\n\n<ul class=\"wp-block-list\">\n<li>za izbolj\u0161anje na\u0161ega spletnega mesta, da bi vam lahko bolje slu\u017eili.<\/li>\n\n\n\n<li>Za monetizacijo spletnega mesta, da bi ohranili brezpla\u010den dostop do njega.<\/li>\n<\/ul>\n\n\n\n<p><strong>Kako varujemo podatke obiskovalcev?<\/strong><\/p>\n\n\n\n<p>Ne uporabljamo preverjanja ranljivosti in\/ali preverjanja po standardih PCI. Uporabljamo certifikat SSL. Zagotavljamo le \u010dlanke in informacije ter ne obdelujemo nobenih pla\u010dilnih podatkov ali drugih ob\u010dutljivih informacij.<\/p>\n\n\n\n<p><strong>Ali uporabljamo pi\u0161kotke?<\/strong><\/p>\n\n\n\n<p>Da. Pi\u0161kotki so majhne datoteke, ki jih spletno mesto ali njegov ponudnik storitev prenese na trdi disk va\u0161ega ra\u010dunalnika prek spletnega brskalnika (\u010de to dovolite) in ki sistemom spletnega mesta ali ponudnika storitev omogo\u010dajo, da prepoznajo va\u0161 brskalnik ter zajamejo in si zapomnijo dolo\u010dene informacije.<\/p>\n\n\n\n<p>Uporabljamo jih tudi zato, da la\u017eje razumemo va\u0161e preference na podlagi prej\u0161njih ali trenutnih dejavnosti na spletnem mestu, kar nam omogo\u010da, da vam zagotovimo bolj\u0161e storitve. Pi\u0161kotke uporabljamo tudi za zbiranje zbirnih podatkov o prometu na spletnem mestu in interakciji s spletnim mestom, da bi lahko v prihodnosti ponudili bolj\u0161e izku\u0161nje in orodja na spletnem mestu.<\/p>\n\n\n\n<p><strong>Pi\u0161kotke uporabljamo za:<\/strong><\/p>\n\n\n\n<ul class=\"wp-block-list\">\n<li>Spremljajte oglase.<\/li>\n\n\n\n<li>zbiranje zbirnih podatkov o prometu na spletnem mestu in interakcijah s spletnim mestom, da bi v prihodnosti lahko ponudili bolj\u0161e izku\u0161nje in orodja na spletnem mestu.<\/li>\n\n\n\n<li>Uporabljamo lahko tudi zaupanja vredne storitve tretjih oseb, ki v na\u0161em imenu spremljajo te podatke.<\/li>\n<\/ul>\n\n\n\n<p>Izberete lahko, da vas ra\u010dunalnik opozori vsaki\u010d, ko se po\u0161lje pi\u0161kotek, ali pa izklopite vse pi\u0161kotke. To storite prek brskalnika (kot so Internet Explorer, Chrome, Firefox, <a href=\"https:\/\/coinkickoff.com\/sl\/ethereum-classic-etc\/\" data-internallinksmanager029f6b8e52c=\"29\" title=\"Kaj je Ethereum Classic (ETC), kako deluje in kje ga kupiti?\">itd.<\/a>.) nastavitve. Vsak brskalnik je nekoliko druga\u010den, zato v meniju pomo\u010di brskalnika poi\u0161\u010dite pravilen na\u010din spreminjanja pi\u0161kotkov.<\/p>\n\n\n\n<p>\u010ce pi\u0161kotke onemogo\u010dite, bodo nekatere funkcije onemogo\u010dene. To ne bo vplivalo na uporabni\u0161ko izku\u0161njo, zaradi katere bo va\u0161a izku\u0161nja s spletnim mestom u\u010dinkovitej\u0161a, nekatere na\u0161e storitve pa ne bodo delovale pravilno.<\/p>\n\n\n\n<p><strong>Razkritje tretjim osebam<\/strong><\/p>\n\n\n\n<p>Va\u0161ih osebnih podatkov ne prodajamo, z njimi ne trgujemo ali jih kako druga\u010de prena\u0161amo zunanjim osebam, razen \u010de vas o tem predhodno obvestimo. To ne vklju\u010duje partnerjev za gostovanje spletnega mesta in drugih strank, ki nam pomagajo pri upravljanju na\u0161ega spletnega mesta, opravljanju na\u0161ih poslov ali servisiranju, \u010de se te stranke strinjajo, da bodo te podatke ohranile zaupne. Va\u0161e podatke lahko razkrijemo tudi, \u010de menimo, da je razkritje primerno zaradi upo\u0161tevanja zakona, uveljavljanja pravilnikov na\u0161ega spletnega mesta ali za\u0161\u010dite na\u0161ih ali tujih pravic, lastnine ali varnosti.<\/p>\n\n\n\n<p>Vendar pa lahko podatke o obiskovalcih, ki ne omogo\u010dajo osebne identifikacije, posredujemo drugim strankam za tr\u017eenje, ogla\u0161evanje ali druge namene.<\/p>\n\n\n\n<p><strong>Povezave tretjih oseb<\/strong><\/p>\n\n\n\n<p>Ob\u010dasno lahko po lastni presoji na na\u0161e spletno mesto vklju\u010dimo ali ponudimo izdelke ali storitve tretjih oseb. Ta spletna mesta tretjih oseb imajo lo\u010dene in neodvisne politike zasebnosti. Zato nimamo nobene odgovornosti za vsebino in dejavnosti teh povezanih spletnih mest. Kljub temu si prizadevamo za\u0161\u010dititi celovitost na\u0161ega spletnega mesta in pozdravljamo vse povratne informacije o teh spletnih mestih.<\/p>\n\n\n\n<p><strong>Google<\/strong><\/p>\n\n\n\n<p>Googlove ogla\u0161evalske zahteve lahko povzamemo z Googlovimi ogla\u0161evalskimi na\u010deli. Vzpostavljena so za zagotavljanje pozitivne izku\u0161nje za uporabnike. <a href=\"https:\/\/support.google.com\/adwordspolicy\/answer\/1316548?hl=en\" target=\"_blank\" rel=\"noreferrer noopener\">https:\/\/support.google.com\/adwordspolicy\/answer\/1316548?hl=en<\/a><\/p>\n\n\n\n<p>Na na\u0161em spletnem mestu lahko uporabljamo ogla\u0161evanje Google AdSense.<\/p>\n\n\n\n<p>Google kot tretji ponudnik uporablja pi\u0161kotke za prikazovanje oglasov na na\u0161em spletnem mestu. Googlova uporaba pi\u0161kotka DART omogo\u010da prikazovanje oglasov na\u0161im uporabnikom na podlagi njihovega obiska na\u0161ega spletnega mesta in drugih spletnih mest na internetu. Uporabniki se lahko od uporabe pi\u0161kotka DART odjavijo tako, da obi\u0161\u010dejo spletno mesto <a href=\"https:\/\/www.google.com\/ads\/preferences\" target=\"_blank\" rel=\"noreferrer noopener\">Nastavitve Googlovega oglasa<\/a> in pravilnik o zasebnosti vsebinskega omre\u017eja.<\/p>\n\n\n\n<p>Skupaj s tretjimi ponudniki, kot je Google, uporabljamo pi\u0161kotke prve osebe (kot so pi\u0161kotki Google Analytics) in pi\u0161kotke tretjih oseb (kot je pi\u0161kotek DoubleClick) ali druge identifikatorje tretjih oseb za zbiranje podatkov o interakcijah uporabnikov z oglasnimi prikazi in drugimi funkcijami oglasnih storitev, ki se nana\u0161ajo na na\u0161e spletno mesto.<\/p>\n\n\n\n<p><strong>Izjava o izstopu:<\/strong><\/p>\n\n\n\n<p>Uporabniki lahko nastavijo nastavitve, kako vas Google ogla\u0161uje z uporabo <a href=\"https:\/\/www.google.com\/ads\/preferences\" target=\"_blank\" rel=\"noreferrer noopener\">Stran z nastavitvami oglasov Google<\/a>. Lahko se odjavite tudi tako, da obi\u0161\u010dete stran za odjavo pobude Network Advertising initiative ali trajno uporabite dodatek za brskalnik Google Analytics Opt Out Browser.<\/p>\n\n\n\n<p><strong>Kalifornijski zakon o varstvu zasebnosti na spletu<\/strong><\/p>\n\n\n\n<p>CalOPPA je prvi dr\u017eavni zakon v dr\u017eavi, ki od komercialnih spleti\u0161\u010d in spletnih storitev zahteva, da objavijo politiko zasebnosti. Zakon sega dale\u010d prek Kalifornije in zahteva, da oseba ali podjetje v Zdru\u017eenih dr\u017eavah Amerike (in verjetno po vsem svetu), ki upravlja spletna mesta, na katerih se zbirajo osebni podatki kalifornijskih potro\u0161nikov, na svojem spletnem mestu objavi vidno politiko zasebnosti, v kateri so natan\u010dno navedeni podatki, ki se zbirajo, in posamezniki, s katerimi se delijo, ter da se ravna v skladu s to politiko. - Ve\u010d na: <a href=\"http:\/\/consumercal.org\/california-online-privacy-protection-act-caloppa\/#sthash.0FdRbT51.dpuf\" target=\"_blank\" rel=\"noreferrer noopener\">http:\/\/consumercal.org\/california-online-privacy-protection-act-caloppa\/#sthash.0FdRbT51.dpuf<\/a><\/p>\n\n\n\n<p><strong>V skladu s CalOPPA se strinjamo z naslednjim:<\/strong><\/p>\n\n\n\n<p>Uporabniki lahko na\u0161e spletno mesto obi\u0161\u010dejo anonimno. Ko bo ta pravilnik o zasebnosti oblikovan, bomo dodali povezavo nanj na na\u0161o doma\u010do stran ali vsaj na prvo pomembno stran po vstopu na na\u0161e spletno mesto. Povezava do na\u0161ega pravilnika o zasebnosti vklju\u010duje besedo \"Zasebnost\" in jo je mogo\u010de zlahka najti na zgoraj navedeni strani.<\/p>\n\n\n\n<p>Uporabniki bodo obve\u0161\u010deni o vseh spremembah pravilnika o zasebnosti:<\/p>\n\n\n\n<ul class=\"wp-block-list\">\n<li>Na na\u0161i strani s politiko zasebnosti<\/li>\n<\/ul>\n\n\n\n<p>Uporabniki lahko spremenijo svoje osebne podatke:<\/p>\n\n\n\n<ul class=\"wp-block-list\">\n<li>Po elektronski po\u0161ti nam pi\u0161ite<\/li>\n<\/ul>\n\n\n\n<p><strong>Kako na\u0161e spletno mesto ravna s signali ne sledi?<\/strong><\/p>\n\n\n\n<p>Spo\u0161tujemo signale ne sledimo in ne sledimo, ne sadimo pi\u0161kotkov in ne uporabljamo ogla\u0161evanja, \u010de je v brskalniku name\u0161\u010den mehanizem Do Not Track (DNT).<\/p>\n\n\n\n<p><strong>Ali na\u0161e spletno mesto omogo\u010da sledenje vedenju tretjih oseb?<\/strong><\/p>\n\n\n\n<p>Pomembno je tudi opozoriti, da ne dovoljujemo sledenja vedenju tretjih oseb.<\/p>\n\n\n\n<p><strong>COPPA (Zakon o za\u0161\u010diti zasebnosti otrok na spletu)<\/strong><\/p>\n\n\n\n<p>Pri zbiranju osebnih podatkov otrok, mlaj\u0161ih od 13 let, zakon o varstvu zasebnosti otrok na spletu (Children's Online Privacy Protection Act - COPPA) omogo\u010da star\u0161em nadzor. Zvezna trgovinska komisija, nacionalna agencija za varstvo potro\u0161nikov, izvaja pravilo COPPA, ki dolo\u010da, kaj morajo upravljavci spletnih mest in spletnih storitev storiti za za\u0161\u010dito zasebnosti in varnosti otrok na spletu.<\/p>\n\n\n\n<p>Ne tr\u017eimo posebej za otroke, mlaj\u0161e od 13 let, in to spletno mesto je namenjeno ob\u010dinstvu, ki je starej\u0161e od 18 let.<\/p>\n\n\n\n<p><strong>Zakon CAN SPAM<\/strong><\/p>\n\n\n\n<p>Zakon CAN-SPAM je zakon, ki dolo\u010da pravila za komercialno elektronsko po\u0161to, zahteve za komercialna sporo\u010dila, daje prejemnikom pravico, da se jim prenehajo po\u0161iljati elektronska sporo\u010dila, in dolo\u010da stroge kazni za kr\u0161itve.<\/p>\n\n\n\n<p><strong>Va\u0161 e-po\u0161tni naslov zbiramo za:<\/strong><\/p>\n\n\n\n<ul class=\"wp-block-list\">\n<li>po\u0161iljanje informacij, odgovarjanje na poizvedbe in\/ali druge zahteve ali vpra\u0161anja.<\/li>\n\n\n\n<li>Tr\u017eenje na na\u0161em po\u0161tnem seznamu<\/li>\n<\/ul>\n\n\n\n<p><strong>V skladu s CANSPAM se strinjamo z naslednjim:<\/strong><\/p>\n\n\n\n<ul class=\"wp-block-list\">\n<li>NE uporabljajte la\u017enih ali zavajajo\u010dih predmetov ali e-po\u0161tnih naslovov.<\/li>\n\n\n\n<li>sporo\u010dilo razumno opredelite kot oglas<\/li>\n\n\n\n<li>Navedite fizi\u010dni naslov sede\u017ea na\u0161ega podjetja ali lokacije.<\/li>\n\n\n\n<li>spremljajte skladnost storitev e-po\u0161tnega tr\u017eenja tretjih oseb, \u010de jih uporabljate.<\/li>\n\n\n\n<li>Hitro upo\u0161tevajte zahteve za odjavo\/odjavo<\/li>\n\n\n\n<li>uporabnikom omogo\u010dite, da se odjavijo s povezavo na dnu vsakega e-po\u0161tnega sporo\u010dila.<\/li>\n<\/ul>\n\n\n\n<p><strong><br>\u010ce se kadar koli \u017eelite odjaviti od prejemanja prihodnjih e-po\u0161tnih sporo\u010dil, lahko<\/strong> Sledite navodilom na dnu vsakega e-po\u0161tnega sporo\u010dila, mi pa vas bomo nemudoma odstranili iz <strong>VSE<\/strong> dopisovanje.<\/p>\n\n\n\n<p><strong>Vzpostavljanje stikov z nami<\/strong><\/p>\n\n\n\n<p>\u010ce imate kakr\u0161na koli vpra\u0161anja v zvezi s tem pravilnikom o zasebnosti, lahko <a href=\"https:\/\/fleetlogging.com\/contact-us\/\" rel=\"noreferrer noopener\" target=\"_blank\">stopite v stik z nami tukaj<\/a>.<\/p>\n\n\n\n<div id=\"ez-toc-container\" class=\"ez-toc-v2_0_80 counter-hierarchy ez-toc-counter ez-toc-transparent ez-toc-container-direction\">\n<div class=\"ez-toc-title-container\">\n<p class=\"ez-toc-title\" style=\"cursor:inherit\">Oddelki<\/p>\n<span class=\"ez-toc-title-toggle\"><a href=\"#\" class=\"ez-toc-pull-right ez-toc-btn ez-toc-btn-xs ez-toc-btn-default ez-toc-toggle\" aria-label=\"Toggle Tabela vsebine\"><span class=\"ez-toc-js-icon-con\"><span class=\"\"><span class=\"eztoc-hide\" style=\"display:none;\">Toggle<\/span><span class=\"ez-toc-icon-toggle-span\"><svg style=\"fill: #999;color:#999\" xmlns=\"http:\/\/www.w3.org\/2000\/svg\" class=\"list-377408\" width=\"20px\" height=\"20px\" viewbox=\"0 0 24 24\" fill=\"none\"><path d=\"M6 6H4v2h2V6zm14 0H8v2h12V6zM4 11h2v2H4v-2zm16 0H8v2h12v-2zM4 16h2v2H4v-2zm16 0H8v2h12v-2z\" fill=\"currentColor\"><\/path><\/svg><svg style=\"fill: #999;color:#999\" class=\"arrow-unsorted-368013\" xmlns=\"http:\/\/www.w3.org\/2000\/svg\" width=\"10px\" height=\"10px\" viewbox=\"0 0 24 24\" version=\"1.2\" baseprofile=\"tiny\"><path d=\"M18.2 9.3l-6.2-6.3-6.2 6.3c-.2.2-.3.4-.3.7s.1.5.3.7c.2.2.4.3.7.3h11c.3 0 .5-.1.7-.3.2-.2.3-.5.3-.7s-.1-.5-.3-.7zM5.8 14.7l6.2 6.3 6.2-6.3c.2-.2.3-.5.3-.7s-.1-.5-.3-.7c-.2-.2-.4-.3-.7-.3h-11c-.3 0-.5.1-.7.3-.2.2-.3.5-.3.7s.1.5.3.7z\"\/><\/svg><\/span><\/span><\/span><\/a><\/span><\/div>\n<nav><ul class='ez-toc-list ez-toc-list-level-1 eztoc-toggle-hide-by-default' ><li class='ez-toc-page-1 ez-toc-heading-level-2'><a class=\"ez-toc-link ez-toc-heading-1\" href=\"https:\/\/coinkickoff.com\/sl\/privacy-policy\/#Comments\" >Komentarji<\/a><\/li><li class='ez-toc-page-1 ez-toc-heading-level-2'><a class=\"ez-toc-link ez-toc-heading-2\" href=\"https:\/\/coinkickoff.com\/sl\/privacy-policy\/#Media\" >Mediji<\/a><\/li><li class='ez-toc-page-1 ez-toc-heading-level-2'><a class=\"ez-toc-link ez-toc-heading-3\" href=\"https:\/\/coinkickoff.com\/sl\/privacy-policy\/#Cookies\" >Pi\u0161kotki<\/a><\/li><li class='ez-toc-page-1 ez-toc-heading-level-2'><a class=\"ez-toc-link ez-toc-heading-4\" href=\"https:\/\/coinkickoff.com\/sl\/privacy-policy\/#Embedded_content_from_other_websites\" >Vstavljena vsebina iz drugih spletnih mest<\/a><\/li><li class='ez-toc-page-1 ez-toc-heading-level-2'><a class=\"ez-toc-link ez-toc-heading-5\" href=\"https:\/\/coinkickoff.com\/sl\/privacy-policy\/#Who_we_share_your_data_with\" >Komu posredujemo va\u0161e podatke<\/a><\/li><li class='ez-toc-page-1 ez-toc-heading-level-2'><a class=\"ez-toc-link ez-toc-heading-6\" href=\"https:\/\/coinkickoff.com\/sl\/privacy-policy\/#What_rights_you_have_over_your_data\" >Kak\u0161ne pravice imate v zvezi s svojimi podatki<\/a><\/li><li class='ez-toc-page-1 ez-toc-heading-level-2'><a class=\"ez-toc-link ez-toc-heading-7\" href=\"https:\/\/coinkickoff.com\/sl\/privacy-policy\/#Where_we_send_your_data\" >Kam po\u0161iljamo va\u0161e podatke<\/a><\/li><\/ul><\/nav><\/div>\n<h2 class=\"wp-block-heading\"><span class=\"ez-toc-section\" id=\"Comments\"><\/span>Komentarji<span class=\"ez-toc-section-end\"><\/span><\/h2>\n\n\n\n<p>Ko obiskovalci na spletnem mestu pustijo komentarje, zbiramo podatke, ki so prikazani v obrazcu za komentarje, ter tudi obiskoval\u010dev naslov IP in niz uporabni\u0161kega agenta brskalnika za la\u017eje odkrivanje ne\u017eelene po\u0161te.<\/p>\n\n\n\n<p>Storitvi Gravatar se lahko zagotovi anonimiziran niz, ustvarjen iz va\u0161ega e-po\u0161tnega naslova (imenovan tudi hash), da se ugotovi, ali ga uporabljate. Pravilnik o zasebnosti storitve Gravatar je na voljo tukaj: https:\/\/automattic.com\/privacy\/. Po odobritvi va\u0161ega komentarja je va\u0161a profilna slika vidna javnosti v okviru va\u0161ega komentarja.<\/p>\n\n\n\n<h2 class=\"wp-block-heading\"><span class=\"ez-toc-section\" id=\"Media\"><\/span>Mediji<span class=\"ez-toc-section-end\"><\/span><\/h2>\n\n\n\n<p>\u010ce na spletno mesto nalagate slike, se izogibajte nalaganju slik z vgrajenimi podatki o lokaciji (EXIF GPS). Obiskovalci spletnega mesta lahko s slik na spletnem mestu prenesejo in pridobijo vse podatke o lokaciji.<\/p>\n\n\n\n<h2 class=\"wp-block-heading\"><span class=\"ez-toc-section\" id=\"Cookies\"><\/span>Pi\u0161kotki<span class=\"ez-toc-section-end\"><\/span><\/h2>\n\n\n\n<p>\u010ce na na\u0161em spletnem mestu pustite komentar, se lahko strinjate s shranjevanjem va\u0161ega imena, e-po\u0161tnega naslova in spletnega mesta v pi\u0161kotkih. Ti so namenjeni va\u0161emu udobju, tako da vam ob ponovnem komentiranju ni treba ponovno vna\u0161ati svojih podatkov. Ti pi\u0161kotki trajajo eno leto.<\/p>\n\n\n\n<p>\u010ce obi\u0161\u010dete na\u0161o prijavno stran, bomo nastavili za\u010dasni pi\u0161kotek, da ugotovimo, ali va\u0161 brskalnik sprejema pi\u0161kotke. Ta pi\u0161kotek ne vsebuje osebnih podatkov in se zavr\u017ee, ko zaprete brskalnik.<\/p>\n\n\n\n<p>Ko se prijavite, nastavimo tudi ve\u010d pi\u0161kotkov za shranjevanje va\u0161ih prijavnih podatkov in izbire prikaza na zaslonu. Pi\u0161kotki za prijavo trajajo dva dni, pi\u0161kotki za izbiro zaslona pa eno leto. \u010ce izberete mo\u017enost \"Zapomni si me\", bo va\u0161a prijava trajala dva tedna. \u010ce se odjavite iz ra\u010duna, se prijavni pi\u0161kotki odstranijo.<\/p>\n\n\n\n<p>\u010ce uredite ali objavite \u010dlanek, se v va\u0161em brskalniku shrani dodaten pi\u0161kotek. Ta pi\u0161kotek ne vsebuje nobenih osebnih podatkov in preprosto ozna\u010duje ID objave \u010dlanka, ki ste ga pravkar uredili. Po enem dnevu preneha veljati.<\/p>\n\n\n\n<h2 class=\"wp-block-heading\"><span class=\"ez-toc-section\" id=\"Embedded_content_from_other_websites\"><\/span>Vstavljena vsebina iz drugih spletnih mest<span class=\"ez-toc-section-end\"><\/span><\/h2>\n\n\n\n<p>\u010clanki na tem spletnem mestu lahko vklju\u010dujejo vdelano vsebino (npr. videoposnetke, slike, \u010dlanke itd.). Vdelana vsebina z drugih spletnih mest se obna\u0161a popolnoma enako, kot \u010de bi obiskovalec obiskal drugo spletno mesto.<\/p>\n\n\n\n<p>Ta spletna mesta lahko zbirajo podatke o vas, uporabljajo pi\u0161kotke, vgrajujejo dodatna sledenja tretjih oseb in spremljajo va\u0161o interakcijo z vgrajeno vsebino, vklju\u010dno s spremljanjem va\u0161e interakcije z vgrajeno vsebino, \u010de imate ra\u010dun in ste prijavljeni v to spletno mesto.<\/p>\n\n\n\n<h2 class=\"wp-block-heading\"><span class=\"ez-toc-section\" id=\"Who_we_share_your_data_with\"><\/span>Komu posredujemo va\u0161e podatke<span class=\"ez-toc-section-end\"><\/span><\/h2>\n\n\n\n<p>Kako dolgo hranimo va\u0161e podatke<\/p>\n\n\n\n<p>\u010ce pustite komentar, se komentar in njegovi metapodatki shranijo za nedolo\u010den \u010das. Tako lahko samodejno prepoznamo in odobrimo morebitne nadaljnje komentarje, namesto da bi jih zadr\u017eali v \u010dakalni vrsti za moderiranje.<\/p>\n\n\n\n<p>Za uporabnike, ki se registrirajo na na\u0161em spletnem mestu (\u010de obstajajo), osebne podatke, ki jih posredujejo, shranimo tudi v njihovem uporabni\u0161kem profilu. Vsi uporabniki lahko kadar koli vidijo, uredijo ali izbri\u0161ejo svoje osebne podatke (le svojega uporabni\u0161kega imena ne morejo spremeniti). Te podatke lahko vidijo in urejajo tudi skrbniki spletnega mesta.<\/p>\n\n\n\n<h2 class=\"wp-block-heading\"><span class=\"ez-toc-section\" id=\"What_rights_you_have_over_your_data\"><\/span>Kak\u0161ne pravice imate v zvezi s svojimi podatki<span class=\"ez-toc-section-end\"><\/span><\/h2>\n\n\n\n<p>\u010ce imate ra\u010dun na tem spletnem mestu ali ste pustili komentarje, lahko zahtevate, da prejmete izvo\u017eeno datoteko osebnih podatkov, ki jih hranimo o vas, vklju\u010dno s podatki, ki ste nam jih posredovali. Zahtevate lahko tudi izbris vseh osebnih podatkov, ki jih hranimo o vas. To ne vklju\u010duje podatkov, ki jih moramo hraniti za upravne, pravne ali varnostne namene.<\/p>\n\n\n\n<h2 class=\"wp-block-heading\"><span class=\"ez-toc-section\" id=\"Where_we_send_your_data\"><\/span>Kam po\u0161iljamo va\u0161e podatke<span class=\"ez-toc-section-end\"><\/span><\/h2>\n\n\n\n<p>Komentarji obiskovalcev se lahko preverijo s samodejno storitvijo za odkrivanje ne\u017eelene po\u0161te.<\/p>","protected":false},"excerpt":{"rendered":"<p>To politiko zasebnosti je pripravilo podjetje Coin Kickoff (v lasti podjetja Brilliant British Ltd, \u0161tevilka podjetja 10490224 (registrirano v Angliji in Walesu), naslov sede\u017ea: ), da bi bolje slu\u017eila tistim, ki jih skrbi, kako se obdelujejo njihovi \"osebni podatki\" (PII), da bi tako bolje slu\u017eila tistim, ki jih skrbi, kako se obdelujejo njihovi \"osebni podatki\" (PII), da bi tako bolje slu\u017eila tistim, ki jih skrbi, kako se obdelujejo njihovi \"osebni podatki\" (PII).<\/p>","protected":false},"author":1,"featured_media":0,"parent":0,"menu_order":0,"comment_status":"closed","ping_status":"open","template":"","meta":{"_genesis_hide_title":false,"_genesis_hide_breadcrumbs":false,"_genesis_hide_singular_image":false,"_genesis_hide_footer_widgets":false,"_genesis_custom_body_class":"","_genesis_custom_post_class":"","_genesis_layout":"","_glsr_average":0,"_glsr_ranking":0,"_glsr_reviews":0,"footnotes":""},"class_list":{"0":"post-3","1":"page","2":"type-page","3":"status-publish","5":"entry"},"featured_image_src":null,"featured_image_src_square":null,"_links":{"self":[{"href":"https:\/\/coinkickoff.com\/sl\/wp-json\/wp\/v2\/pages\/3","targetHints":{"allow":["GET"]}}],"collection":[{"href":"https:\/\/coinkickoff.com\/sl\/wp-json\/wp\/v2\/pages"}],"about":[{"href":"https:\/\/coinkickoff.com\/sl\/wp-json\/wp\/v2\/types\/page"}],"author":[{"embeddable":true,"href":"https:\/\/coinkickoff.com\/sl\/wp-json\/wp\/v2\/users\/1"}],"replies":[{"embeddable":true,"href":"https:\/\/coinkickoff.com\/sl\/wp-json\/wp\/v2\/comments?post=3"}],"version-history":[{"count":1,"href":"https:\/\/coinkickoff.com\/sl\/wp-json\/wp\/v2\/pages\/3\/revisions"}],"predecessor-version":[{"id":1779,"href":"https:\/\/coinkickoff.com\/sl\/wp-json\/wp\/v2\/pages\/3\/revisions\/1779"}],"wp:attachment":[{"href":"https:\/\/coinkickoff.com\/sl\/wp-json\/wp\/v2\/media?parent=3"}],"curies":[{"name":"wp","href":"https:\/\/api.w.org\/{rel}","templated":true}]}}