{"id":9,"date":"2026-01-08T14:07:51","date_gmt":"2026-01-08T14:07:51","guid":{"rendered":"https:\/\/coinkickoff.com\/?page_id=9"},"modified":"2026-01-08T14:07:51","modified_gmt":"2026-01-08T14:07:51","slug":"o-nas","status":"publish","type":"page","link":"https:\/\/coinkickoff.com\/sk\/o-nas\/","title":{"rendered":"O str\u00e1nke"},"content":{"rendered":"<h1 class=\"wp-block-genesis-blocks-gb-spacer gb-block-spacer gb-divider-solid gb-divider-size-1\" style=\"color: #ddd;\">O projekte Coin Kickoff\u00a0<\/h1>\r\n<div class=\"wp-block-columns has-2-columns\">\r\n<div class=\"wp-block-column\">\r\n<p>Vytvoril som Coin Kickoff, preto\u017ee si mysl\u00edm, \u017ee crypto\/<a href=\"https:\/\/coinkickoff.com\/sk\/what-is-web-3-0\/\" data-internallinksmanager029f6b8e52c=\"184\" title=\"\u010co je Web 3.0?\">web3<\/a> je pr\u00edli\u0161 komplikovan\u00fd.<\/p>\r\n\r\n\r\n\r\n<p>Vol\u00e1m sa Ian Wright a za\u010dal som sa zaobera\u0165 kryptomenami u\u017e v roku <strong>2017<\/strong> ke\u010f <a href=\"https:\/\/coinkickoff.com\/sk\/bitcoin-btc\/\" data-internallinksmanager029f6b8e52c=\"1\" title=\"\u010co je Bitcoin (BTC)? Cena, hist\u00f3ria a kde k\u00fapi\u0165\">Bitcoin<\/a> sa po prv\u00fd raz dostala na \u00farove\u0148 takmer <strong>$20,000<\/strong> ka\u017ed\u00fd.<\/p>\r\n\r\n\r\n\r\n<p>Mal som to \u0161\u0165astie, \u017ee sa mi vtedy podarilo zarobi\u0165 trochu pe\u0148az\u00ed. Potom som na krypto okam\u017eite zabudol.<\/p>\r\n\r\n\r\n\r\n<p>Predpokladal som, \u017ee bublina sp\u013easla. Mal som \u0161\u0165astie, \u017ee som sa dostal von.<\/p>\r\n\r\n\r\n\r\n<p>V\u0161etko mi to pripadalo ako obrovsk\u00fd podvod, ktor\u00fd nakoniec jednoducho zmizne.<\/p>\r\n\r\n\r\n\r\n<p><strong>Potom sa stalo nie\u010do zvl\u00e1\u0161tne.<\/strong><\/p>\r\n\r\n\r\n\r\n<p>Na jese\u0148 <strong>2020<\/strong> Za\u010dal som po\u010du\u0165, ako \u013eudia op\u00e4\u0165 hovoria o Bitcoin a kryptografii.<\/p>\r\n\r\n\r\n\r\n<p>Najprv som to odmietol. Bitcoin bol tak\u00fd <strong>2017<\/strong>.<\/p>\r\n\r\n\r\n\r\n<p>Navy\u0161e to bol aj tak podvod.<\/p>\r\n\r\n\r\n\r\n<p>Nakoniec som si to v\u0161ak rozmyslel, ke\u010f cena Bitcoin vyst\u00fapila nad svoje predch\u00e1dzaj\u00face historick\u00e9 maximum.<\/p>\r\n\r\n\r\n\r\n<p>Pod\u013ea m\u0148a sa to nemalo sta\u0165.<\/p>\r\n\r\n\r\n\r\n<p>Bol som a zost\u00e1vam skeptick\u00fd, pokia\u013e ide o hodnotu Bitcoin, krypto, web3 a Blockchain.<\/p>\r\n\r\n\r\n\r\n<p>Ale u\u017e nem\u00e1m pocit, \u017ee by v doh\u013eadnej dobe zmizli.<\/p>\r\n\r\n\r\n\r\n<p><strong>Dokonca som sa rozhodol op\u00e4\u0165 investova\u0165. <\/strong><\/p>\r\n\r\n\r\n\r\n<p>Na rozdiel od minul\u00e9ho obdobia som v\u0161ak pri\u0161iel o peniaze. Na b\u00fd\u010dom trhu!<\/p>\r\n\r\n\r\n\r\n<p>Preto som sa rozhodol vzdel\u00e1va\u0165.<\/p>\r\n\r\n\r\n\r\n<p>A preto som vytvoril Coin Kickoff.<\/p>\r\n\r\n\r\n\r\n<p>Cie\u013e je jednoduch\u00fd: vysvetli\u0165, \u010do s\u00fa r\u00f4zne zariadenia coin, \u010do robia a kde ich k\u00fapi\u0165.<\/p>\r\n\r\n\r\n\r\n<p>V\u0161etko jednoduch\u00fdm a zrozumite\u013en\u00fdm sp\u00f4sobom.<\/p>\r\n\r\n\r\n\r\n<p>A aby bolo jasn\u00e9, nem\u00e1m ani potuchy o tom, \u010do rob\u00edm. Ni\u010d na tejto webovej str\u00e1nke by sa nemalo ch\u00e1pa\u0165 ako propag\u00e1cia ak\u00e9hoko\u013evek druhu invest\u00edcie.<\/p>\r\n\r\n\r\n\r\n<p>O\u010dak\u00e1vam, \u017ee v\u00e4\u010d\u0161ina coin <strong>sa zn\u00ed\u017ei na nulu<\/strong>.<\/p>\r\n\r\n\r\n\r\n<p>Pova\u017eujte Coin Kickoff za v\u00fdchodiskov\u00fd bod, kde sa m\u00f4\u017eete dozvedie\u0165 e\u0161te viac o r\u00f4znych mo\u017enostiach kryptomien.<\/p>\r\n\r\n\r\n\r\n<p>V\u0161etky pr\u00edspevky a pr\u00edru\u010dky sl\u00fa\u017eia len na informa\u010dn\u00e9 \u00fa\u010dely.<\/p>\r\n\r\n\r\n\r\n<p>A nikdy nevkladajte viac pe\u0148az\u00ed, ako si m\u00f4\u017eete dovoli\u0165 strati\u0165.<\/p>\r\n\r\n\r\n\r\n<p>&nbsp;<\/p>\r\n<\/div>\r\n<!-- \/wp:post-content --><\/div>\r\n<!-- \/wp:columns -->\r\n\r\n<!-- wp:paragraph -->\r\n<p>&nbsp;<\/p>\r\n<!-- \/wp:paragraph -->","protected":false},"excerpt":{"rendered":"<p>Vol\u00e1m sa Ian Wright a s kryptomenami som za\u010dal v roku 2017, ke\u010f sa Bitcoin prv\u00fdkr\u00e1t dostal na \u00farove\u0148 takmer $20 000 za kus. Mal som to \u0161\u0165astie, \u017ee sa mi vtedy skuto\u010dne podarilo zarobi\u0165 trochu pe\u0148az\u00ed. Potom som na krypto okam\u017eite zabudol. Predpokladal som, \u017ee bublina sp\u013easla. I [...]<\/p>","protected":false},"author":1,"featured_media":10,"parent":0,"menu_order":0,"comment_status":"closed","ping_status":"closed","template":"","meta":{"_genesis_hide_title":true,"_genesis_hide_breadcrumbs":true,"_genesis_hide_singular_image":true,"_genesis_hide_footer_widgets":false,"_genesis_custom_body_class":"","_genesis_custom_post_class":"","_genesis_layout":"full-width-content","_glsr_average":0,"_glsr_ranking":0,"_glsr_reviews":0,"footnotes":""},"class_list":{"0":"post-9","1":"page","2":"type-page","3":"status-publish","4":"has-post-thumbnail","6":"entry"},"featured_image_src":"https:\/\/coinkickoff.com\/wp-content\/uploads\/2022\/03\/about-600x400.jpg","featured_image_src_square":"https:\/\/coinkickoff.com\/wp-content\/uploads\/2022\/03\/about-600x600.jpg","_links":{"self":[{"href":"https:\/\/coinkickoff.com\/sk\/wp-json\/wp\/v2\/pages\/9","targetHints":{"allow":["GET"]}}],"collection":[{"href":"https:\/\/coinkickoff.com\/sk\/wp-json\/wp\/v2\/pages"}],"about":[{"href":"https:\/\/coinkickoff.com\/sk\/wp-json\/wp\/v2\/types\/page"}],"author":[{"embeddable":true,"href":"https:\/\/coinkickoff.com\/sk\/wp-json\/wp\/v2\/users\/1"}],"replies":[{"embeddable":true,"href":"https:\/\/coinkickoff.com\/sk\/wp-json\/wp\/v2\/comments?post=9"}],"version-history":[{"count":6,"href":"https:\/\/coinkickoff.com\/sk\/wp-json\/wp\/v2\/pages\/9\/revisions"}],"predecessor-version":[{"id":79,"href":"https:\/\/coinkickoff.com\/sk\/wp-json\/wp\/v2\/pages\/9\/revisions\/79"}],"wp:featuredmedia":[{"embeddable":true,"href":"https:\/\/coinkickoff.com\/sk\/wp-json\/wp\/v2\/media\/10"}],"wp:attachment":[{"href":"https:\/\/coinkickoff.com\/sk\/wp-json\/wp\/v2\/media?parent=9"}],"curies":[{"name":"wp","href":"https:\/\/api.w.org\/{rel}","templated":true}]}}