{"id":827,"date":"2026-01-08T14:06:31","date_gmt":"2026-01-08T14:06:31","guid":{"rendered":"https:\/\/coinkickoff.com\/?page_id=827"},"modified":"2026-01-08T14:06:31","modified_gmt":"2026-01-08T14:06:31","slug":"prices-huf","status":"publish","type":"page","link":"https:\/\/coinkickoff.com\/sk\/prices\/prices-huf\/","title":{"rendered":"Top 100 \u017div\u00e9 ceny kryptomien V Ma\u010farsk\u00fd forint (HUF)"},"content":{"rendered":"<p>Pozrite si aktualiz\u00e1cie cien v ma\u010farsk\u00fdch forintoch (HUF) v re\u00e1lnom \u010dase <a href=\"https:\/\/coinkickoff.com\/sk\/bitcoin-btc\/\" data-internallinksmanager029f6b8e52c=\"1\" title=\"\u010co je Bitcoin (BTC)? Cena, hist\u00f3ria a kde k\u00fapi\u0165\">bitcoin<\/a> a \u010fal\u0161\u00edch 100 najlep\u0161\u00edch kryptomien ni\u017e\u0161ie. <\/p>\n<!-- Cryptocurrency Widgets PRO 4.1.2  !--><div  class=\"ccpw-widget\" id=\"ccpw-list-widget-1365\" ><div class=\"ccpw_react_widget\" id=\"ccpw_react_widgets_13652108979146\" data-attribute=\"{&quot;type&quot;:&quot;list-widget&quot;,&quot;selected_currency&quot;:&quot;HUF&quot;,&quot;design&quot;:&quot;style-4&quot;,&quot;header&quot;:&quot;&quot;,&quot;show_chart&quot;:&quot;&quot;,&quot;custom_currency&quot;:&quot;&quot;,&quot;show_coins&quot;:&quot;100&quot;,&quot;MbFormating&quot;:&quot;on&quot;,&quot;live_changes&quot;:&quot;&quot;,&quot;display_changes&quot;:&quot;on&quot;}\"><\/div><\/div><style type='text\/css'>\r\n\t\t\t  .ccpw-widget #ccpw-list-widget-1365{background-color:#ffffff;color:#000;}\r\n\t\t\t  .ccpw-widget .ccpw_table tr #ccpw-list-widget-1365 {background-color:#ffffff;}\r\n\t\t\t  .ccpw-widget #ccpw-list-widget-1365.table {background-color:#ffffff;color:#000; box-shadow:inset 0px 0px 0px 3px rgba(0,0,0,0.25);}\r\n\t\t\t  #ccpw-list-widget-1365 .ccpw_table > tbody > tr > td,\r\n\t\t\t  #ccpw-list-widget-1365 .ccpw_table > tbody > tr > td .ticker-price,\r\n\t\t\t  #ccpw-list-widget-1365 .ccpw_table > tbody > tr > td.price,\r\n\t\t\t  #ccpw-list-widget-1365 .ccpw_table.table tr ,\r\n\t\t\t  #ccpw-list-widget-1365 .ccpw_table.table > thead > tr > th {border-color:rgba(0,0,0,0.25) !important;color:#000;background-color:#ffffff;}\r\n\t\t\t   .ccpw_table span.symbol { position:initial !Important; }<\/style>\n<div class=\"cg-choice-box-six   cg-blue\" ><div class=\"cg-cb-row\"><div class=\"cg-cb-items\" id=\"product-265843\"><div class=\"cg-cb-top-head\"><div class=\"cg-cb-top-pick\">V\u00e4\u010d\u0161ina Coins<\/div><\/div><a href=\"https:\/\/accounts.binance.com\/register?ref=BLJQ60RW\" target=\"_blank\" rel=\"nofollow noopener\" class=\"cg-aff-link cg-cb-img\" data-post-title=\"Binance\" data-aff-link=\"https:\/\/accounts.binance.com\/register?ref=BLJQ60RW\" data-post-type=\"top\" data-post-id=\"127750\"><img decoding=\"async\" src=\"https:\/\/coinkickoff.com\/wp-content\/uploads\/2022\/10\/Binance_logo.png\" class=\"cg-img-1\" alt=\"Binance\" style=\"\"><\/a><div class=\"cg-cb-title\"><a href=\"https:\/\/accounts.binance.com\/register?ref=BLJQ60RW\" class=\"cg-aff-link\" data-post-id=\"127750\" data-post-type=\"top\" data-aff-link=\"https:\/\/accounts.binance.com\/register?ref=BLJQ60RW\" data-post-title=\"Binance\" target=\"\" rel=\"nofollow noopener\">Binance<\/a><\/span><\/div><div class=\"cg-cb-content\"><ul><li><strong>350+<\/strong> Uveden\u00e9 kryptomeny<\/li><li><strong>&lt;0.10%<\/strong> Transak\u010dn\u00e9 poplatky<\/li><li><strong>120 mili\u00f3nov<\/strong> Registrovan\u00ed pou\u017e\u00edvatelia<\/li><li>Zabezpe\u010den\u00fd fond akt\u00edv pre pou\u017e\u00edvate\u013eov<\/li><li>Zisk na vkladoch<\/li><\/ul><\/div><div class=\"cg-cb-btn\"><span class='cta-copy'><a href=\"https:\/\/accounts.binance.com\/register?ref=BLJQ60RW\" class=\"cg-one-button cg-btn cg-red  cg-aff-link cg-btn-lg\" data-post-id=\"127750\" data-post-type=\"top\" data-aff-link=\"https:\/\/accounts.binance.com\/register?ref=BLJQ60RW\" data-style=\"default\" data-post-title=\"Binance\" data-extra=\"arrow\" style=\"\" target=\"\" rel=\"nofollow noopener\">Za\u010dnite<\/a><\/span><\/span><\/div><\/div><div class=\"cg-cb-items\" id=\"product-265829\"><div class=\"cg-cb-top-head\"><div class=\"cg-cb-top-pick\">V\u00e4\u010d\u0161ina kraj\u00edn<\/div><\/div><a href=\"https:\/\/kraken.pxf.io\/756J3y\" target=\"_blank\" rel=\"nofollow noopener\" class=\"cg-aff-link cg-cb-img\" data-post-title=\"Kraken\" data-aff-link=\"https:\/\/kraken.pxf.io\/756J3y\" data-post-type=\"top\" data-post-id=\"127750\"><img decoding=\"async\" src=\"https:\/\/coinkickoff.com\/wp-content\/uploads\/Kraken-logo.webp\" class=\"cg-img-1\" alt=\"Kraken\" style=\"\"><\/a><div class=\"cg-cb-title\"><a href=\"https:\/\/kraken.pxf.io\/756J3y\" class=\"cg-aff-link\" data-post-id=\"127750\" data-post-type=\"top\" data-aff-link=\"https:\/\/kraken.pxf.io\/756J3y\" data-post-title=\"Kraken\" target=\"\" rel=\"nofollow noopener\">Kraken<\/a><\/span><\/div><div class=\"cg-cb-content\"><ul><li>So s\u00eddlom v USA<\/li><li>Za\u010dnite s \u010do najmen\u0161\u00edm po\u010dtom <strong>$10<\/strong><\/li><li>N\u00e1kup a predaj <strong>200+<\/strong> kryptomeny<\/li><li>Pro rie\u0161enie pre v\u00e4\u010d\u0161\u00edch obchodn\u00edkov<\/li><li>K dispoz\u00edcii v <strong>190+<\/strong> krajiny<\/li><\/ul><\/div><div class=\"cg-cb-btn\"><span class='cta-copy'><a href=\"https:\/\/kraken.pxf.io\/756J3y\" class=\"cg-one-button cg-btn cg-red  cg-aff-link cg-btn-lg\" data-post-id=\"127750\" data-post-type=\"top\" data-aff-link=\"https:\/\/kraken.pxf.io\/756J3y\" data-style=\"default\" data-post-title=\"Kraken\" data-extra=\"arrow\" style=\"\" target=\"\" rel=\"nofollow noopener\">Za\u010dnite<\/a><\/span><\/span><\/div><\/div><div class=\"cg-cb-items\" id=\"product-265822\"><div class=\"cg-cb-top-head\"><div class=\"cg-cb-top-pick\">So s\u00eddlom v USA<\/div><\/div><a href=\"https:\/\/coinbase-consumer.sjv.io\/ORPoaG\" target=\"_blank\" rel=\"nofollow noopener\" class=\"cg-aff-link cg-cb-img\" data-post-title=\"Coinbase\" data-aff-link=\"https:\/\/coinbase-consumer.sjv.io\/ORPoaG\" data-post-type=\"top\" data-post-id=\"127750\"><img decoding=\"async\" src=\"https:\/\/coinkickoff.com\/wp-content\/uploads\/2022\/10\/Coinbase.png\" class=\"cg-img-1\" alt=\"Coinbase\" style=\"\"><\/a><div class=\"cg-cb-title\"><a href=\"https:\/\/coinbase-consumer.sjv.io\/ORPoaG\" class=\"cg-aff-link\" data-post-id=\"127750\" data-post-type=\"top\" data-aff-link=\"https:\/\/coinbase-consumer.sjv.io\/ORPoaG\" data-post-title=\"Coinbase\" target=\"\" rel=\"nofollow noopener\">Coinbase<\/a><\/span><\/div><div class=\"cg-cb-content\"><ul><li><strong>200+<\/strong> Uveden\u00e9 kryptomeny<\/li><li>Z\u00edskajte kryptografiu po prvom n\u00e1kupe<\/li><li>Chr\u00e1nen\u00e9 poisten\u00edm&nbsp;<\/li><li>Bezpe\u010dn\u00e9 skladovanie s trezorovou ochranou<\/li><li>Najd\u00f4veryhodnej\u0161ia platforma pre kryptomeny<\/li><\/ul><\/div><div class=\"cg-cb-btn\"><span class='cta-copy'><a href=\"https:\/\/coinbase-consumer.sjv.io\/ORPoaG\" class=\"cg-one-button cg-btn cg-red  cg-aff-link cg-btn-lg\" data-post-id=\"127750\" data-post-type=\"top\" data-aff-link=\"https:\/\/coinbase-consumer.sjv.io\/ORPoaG\" data-style=\"default\" data-post-title=\"Coinbase\" data-extra=\"arrow\" style=\"\" target=\"\" rel=\"nofollow noopener\">Za\u010dnite<\/a><\/span><\/span><\/div><\/div><\/div><\/div>\n\n<h2>Kalkula\u010dka cien kryptomien (HUF)<\/h2>\n<p>Ni\u017e\u0161ie n\u00e1jdete kalkula\u010dku pre v\u00fdmenn\u00e9 kurzy v re\u00e1lnom \u010dase medzi HUF a mnoho popul\u00e1rnych kryptomien<\/p>\n<div class=\"ccpw_react_widget ccpw_calculator\" id=\"ccpw_react_widgets_1366_69debd00a2d57\" data-attribute=\"{&quot;type&quot;:&quot;calculator&quot;,&quot;baseCurrency&quot;:&quot;bitcoin&quot;,&quot;targetCurrency&quot;:&quot;HUF&quot;}\"><\/div><style type='text\/css'>\r\n\t\t\t  #ccpw_react_widgets_1366 .ccpw-Converter {\r\n\t\t\t\t  background-color: #ffffff;\r\n\t\t\t\t  color: #000;\r\n\t\t\t  }<\/style>\n<h2>Mapa zmeny ceny: Top 20 kryptomien<\/h2>\n<!-- Cryptocurrency Widgets PRO 4.1.2  !--><div class=\"ccpw-coingecko-widget\" style=\"width:100%;\"> \r\n    <gecko-coin-heatmap-widget  height=\"400\"  locale=\"en\" outlined=\"true\" top=\"20\"><\/gecko-coin-heatmap-widget>\r\n    <\/div><style type='text\/css'><\/style>\n<p>Pozrite si tie\u017e ceny v:<\/p>\n<ul>\n<li> <a href=\"https:\/\/coinkickoff.com\/sk\/prices\/\">Americk\u00e9 dol\u00e1re (USD)<\/a><\/li>\n<li> <a href=\"https:\/\/coinkickoff.com\/sk\/prices\/prices-euros\/\">Euro (EUD)<\/li>\n<li> <a href=\"https:\/\/coinkickoff.com\/sk\/prices\/prices-gbp\/\">Britsk\u00e1 libra \u0161terlingov (GBP)<\/a><\/li>\n<li> <a href=\"https:\/\/coinkickoff.com\/sk\/prices\/prices-cad\/\">Kanadsk\u00e9 dol\u00e1re (CAD)<\/a><\/li>\n<li> <a href=\"https:\/\/coinkickoff.com\/sk\/prices\/prices-aud\/\" data-internallinksmanager029f6b8e52c=\"116\" title=\"Top 100 \u017div\u00e9 ceny kryptomien Austr\u00e1lske dol\u00e1re (AUD)\">Austr\u00e1lske dol\u00e1re (AUD)<\/a><\/li>\n<li> <a href=\"https:\/\/coinkickoff.com\/sk\/prices\/prices-jpy\/\" data-internallinksmanager029f6b8e52c=\"118\" title=\"Top 100 \u017div\u00e9 ceny kryptomien v japonskom jene (JPY)\">Japonsk\u00fd jen (JPY)<\/a><\/li>\n<li> <a href=\"https:\/\/coinkickoff.com\/sk\/prices\/prices-mxn\/\" data-internallinksmanager029f6b8e52c=\"119\" title=\"Top 100 \u017div\u00e9 ceny kryptomien V Mexick\u00e9 peso (MXN)\">Mexick\u00e9 peso (MXN)<\/a><\/li>\n<li> <a href=\"https:\/\/coinkickoff.com\/sk\/prices\/prices-brl\/\" data-internallinksmanager029f6b8e52c=\"120\" title=\"Top 100 \u017div\u00e9 ceny kryptomien v Braz\u00edlsky real (BRL)\">Braz\u00edlsky real (BRL)<\/a><\/li>\n<li> <a href=\"https:\/\/coinkickoff.com\/sk\/prices\/prices-cny\/\" data-internallinksmanager029f6b8e52c=\"121\" title=\"Top 100 \u017div\u00e9 ceny kryptomien v \u010d\u00ednskych renminbi (CNY)\">\u010c\u00ednsky renminbi (CNY)<\/a><\/li>\n<li> <a href=\"https:\/\/coinkickoff.com\/sk\/prices\/prices-chf\/\" data-internallinksmanager029f6b8e52c=\"122\" title=\"Top 100 \u017div\u00e9 ceny kryptomien vo \u0161vaj\u010diarskom franku (CHF)\">\u0160vaj\u010diarsky frank (CHF)<\/a><\/li>\n<li> <a href=\"https:\/\/coinkickoff.com\/sk\/prices\/prices-hkd\/\" data-internallinksmanager029f6b8e52c=\"123\" title=\"Top 100 \u017div\u00e9 ceny kryptomien v hongkonsk\u00fdch dol\u00e1roch (HKD)\">Hongkongsk\u00e9 dol\u00e1re (HKD)<\/a><\/li>\n<li> <a href=\"https:\/\/coinkickoff.com\/sk\/prices\/prices-sgd\/\" data-internallinksmanager029f6b8e52c=\"124\" title=\"Top 100 \u017div\u00e9 ceny kryptomien v Singapurskom dol\u00e1ri (SGD)\">Singapursk\u00fd dol\u00e1r (SGD)<\/a><\/li>\n<li> <a href=\"https:\/\/coinkickoff.com\/sk\/prices\/prices-sek\/\" data-internallinksmanager029f6b8e52c=\"125\" title=\"Top 100 \u017div\u00e9 ceny kryptomien v \u0161v\u00e9dskych korun\u00e1ch (SEK)\">\u0160v\u00e9dska koruna (SEK)<\/a><\/li>\n<li> <a href=\"https:\/\/coinkickoff.com\/sk\/prices\/prices-nzd\/\" data-internallinksmanager029f6b8e52c=\"126\" title=\"Top 100 \u017div\u00e9 ceny kryptomien v novoz\u00e9landskom dol\u00e1ri (NZD)\">Novoz\u00e9landsk\u00fd dol\u00e1r (NZD)<\/a><\/li>\n<li> <a href=\"https:\/\/coinkickoff.com\/sk\/prices\/prices-inr\/\" data-internallinksmanager029f6b8e52c=\"127\" title=\"Top 100 \u017div\u00e9 ceny kryptomien v indickej rupii (INR)\">Indick\u00e1 rupia (INR)<\/a><\/li>\n<li> <a href=\"https:\/\/coinkickoff.com\/sk\/prices\/prices-twd\/\" data-internallinksmanager029f6b8e52c=\"128\" title=\"Top 100 \u017div\u00e9 ceny kryptomien v nov\u00fdch taiwansk\u00fdch dol\u00e1roch (TWD)\">Nov\u00e9 taiwansk\u00e9 dol\u00e1re (TWD)<\/a><\/li>\n<li> <a href=\"https:\/\/coinkickoff.com\/sk\/prices\/prices-zar\/\" data-internallinksmanager029f6b8e52c=\"129\" title=\"Top 100 \u017div\u00e9 ceny kryptomien v juhoafrickom rande (ZAR)\">Juhoafrick\u00fd rand (ZAR)<\/a><\/li>\n<li> <a href=\"https:\/\/coinkickoff.com\/sk\/prices\/prices-dkk\/\" data-internallinksmanager029f6b8e52c=\"130\" title=\"Top 100 \u017div\u00e9 ceny kryptomien v d\u00e1nskych korun\u00e1ch (DKK)\">D\u00e1nska koruna (DKK)<\/a><\/li>\n<li> <a href=\"https:\/\/coinkickoff.com\/sk\/prices\/prices-pln\/\" data-internallinksmanager029f6b8e52c=\"131\" title=\"Top 100 \u017div\u00e9 ceny kryptomien v po\u013esk\u00fdch zlot\u00fdch (PLN)\">Po\u013esk\u00fd zlot\u00fd (PLN)<\/a><\/li>\n<li> <a href=\"https:\/\/coinkickoff.com\/sk\/prices\/prices-czk\/\" data-internallinksmanager029f6b8e52c=\"132\" title=\"Top 100 \u017div\u00e9 ceny kryptomien v \u010deskej korune (CZK)\">\u010cesk\u00e1 koruna (CZK)<\/a><\/li>\n<li> Ma\u010farsk\u00fd forint (HUF)<\/li>\n<li> <a href=\"https:\/\/coinkickoff.com\/sk\/prices\/prices-rub\/\" data-internallinksmanager029f6b8e52c=\"134\" title=\"Top 100 \u017div\u00e9 ceny kryptomien V Rusk\u00fd rube\u013e (RUB)\">Rusk\u00fd rube\u013e (RUB)<\/a><\/li>\n<\/ul>","protected":false},"excerpt":{"rendered":"<p>Zobrazte si aktualiz\u00e1cie cien bitcoin a \u010fal\u0161\u00edch 100 najlep\u0161\u00edch kryptomien v re\u00e1lnom \u010dase v ma\u010farskom forinte (HUF) ni\u017e\u0161ie. Kalkula\u010dka cien kryptomien (HUF) Pou\u017eite ni\u017e\u0161ie uveden\u00fa kalkula\u010dku pre v\u00fdmenn\u00e9 kurzy v re\u00e1lnom \u010dase medzi HUF a mnoh\u00fdmi popul\u00e1rnymi kryptomenami Mapa zmeny cien: Top 20 kryptomien Pozrite si tie\u017e ceny v: USD (USD) Euro (EUD) Britsk\u00e1 libra \u0161terlingov (GBP) Kanadsk\u00e1 [...]<\/p>","protected":false},"author":1,"featured_media":738,"parent":708,"menu_order":0,"comment_status":"closed","ping_status":"closed","template":"","meta":{"_genesis_hide_title":false,"_genesis_hide_breadcrumbs":false,"_genesis_hide_singular_image":false,"_genesis_hide_footer_widgets":false,"_genesis_custom_body_class":"","_genesis_custom_post_class":"","_genesis_layout":"","_glsr_average":0,"_glsr_ranking":0,"_glsr_reviews":0,"footnotes":""},"class_list":{"0":"post-827","1":"page","2":"type-page","3":"status-publish","4":"has-post-thumbnail","6":"entry"},"featured_image_src":"https:\/\/coinkickoff.com\/wp-content\/uploads\/crypto-prices-600x400.jpg","featured_image_src_square":"https:\/\/coinkickoff.com\/wp-content\/uploads\/crypto-prices-600x586.jpg","_links":{"self":[{"href":"https:\/\/coinkickoff.com\/sk\/wp-json\/wp\/v2\/pages\/827","targetHints":{"allow":["GET"]}}],"collection":[{"href":"https:\/\/coinkickoff.com\/sk\/wp-json\/wp\/v2\/pages"}],"about":[{"href":"https:\/\/coinkickoff.com\/sk\/wp-json\/wp\/v2\/types\/page"}],"author":[{"embeddable":true,"href":"https:\/\/coinkickoff.com\/sk\/wp-json\/wp\/v2\/users\/1"}],"replies":[{"embeddable":true,"href":"https:\/\/coinkickoff.com\/sk\/wp-json\/wp\/v2\/comments?post=827"}],"version-history":[{"count":4,"href":"https:\/\/coinkickoff.com\/sk\/wp-json\/wp\/v2\/pages\/827\/revisions"}],"predecessor-version":[{"id":1368,"href":"https:\/\/coinkickoff.com\/sk\/wp-json\/wp\/v2\/pages\/827\/revisions\/1368"}],"up":[{"embeddable":true,"href":"https:\/\/coinkickoff.com\/sk\/wp-json\/wp\/v2\/pages\/708"}],"wp:featuredmedia":[{"embeddable":true,"href":"https:\/\/coinkickoff.com\/sk\/wp-json\/wp\/v2\/media\/738"}],"wp:attachment":[{"href":"https:\/\/coinkickoff.com\/sk\/wp-json\/wp\/v2\/media?parent=827"}],"curies":[{"name":"wp","href":"https:\/\/api.w.org\/{rel}","templated":true}]}}