{"id":4605,"date":"2026-01-08T14:07:58","date_gmt":"2026-01-08T14:07:58","guid":{"rendered":"https:\/\/coinkickoff.com\/?page_id=4605"},"modified":"2026-01-08T14:07:58","modified_gmt":"2026-01-08T14:07:58","slug":"how-is-bitcoin-poker-different","status":"publish","type":"page","link":"https:\/\/coinkickoff.com\/sk\/bitcoin-casino\/how-is-bitcoin-poker-different\/","title":{"rendered":"V \u010dom sa Bitcoin Poker l\u00ed\u0161i od online pokeru?"},"content":{"rendered":"<p><em>Upozornenie: Hazardn\u00e9 hry zah\u0155\u0148aj\u00fa zna\u010dn\u00e9 finan\u010dn\u00e9 riziko. Hrajte len s peniazmi, ktor\u00e9 si m\u00f4\u017eete dovoli\u0165 prehra\u0165. Ni\u017e\u0161ie uveden\u00e9 inform\u00e1cie maj\u00fa len informat\u00edvny charakter. Ak sa zaregistrujete a prehr\u00e1te peniaze v niektorej z nasleduj\u00facich hier, m\u00f4\u017ee n\u00e1m by\u0165 vyplaten\u00e1 prov\u00edzia <a href=\"https:\/\/coinkickoff.com\/sk\/bitcoin-casino\/\" data-internallinksmanager029f6b8e52c=\"200\" title=\"3 najlep\u0161ie Bitcoin krypto kas\u00edna s bonusmi\">kas\u00edna<\/a>. Nie v\u0161etky kas\u00edna s\u00fa dostupn\u00e9 vo v\u0161etk\u00fdch krajin\u00e1ch. V\u0161etky inform\u00e1cie sme pova\u017eovali za spr\u00e1vne v \u010dase uverejnenia, ale mohli sa od tej doby zmeni\u0165.<\/em><\/p>\n<div id=\"ez-toc-container\" class=\"ez-toc-v2_0_80 counter-hierarchy ez-toc-counter ez-toc-transparent ez-toc-container-direction\">\n<div class=\"ez-toc-title-container\">\n<p class=\"ez-toc-title\" style=\"cursor:inherit\">Sekcie<\/p>\n<span class=\"ez-toc-title-toggle\"><a href=\"#\" class=\"ez-toc-pull-right ez-toc-btn ez-toc-btn-xs ez-toc-btn-default ez-toc-toggle\" aria-label=\"Prep\u00ednanie tabu\u013eky obsahu\"><span class=\"ez-toc-js-icon-con\"><span class=\"\"><span class=\"eztoc-hide\" style=\"display:none;\">Prep\u00edna\u010d<\/span><span class=\"ez-toc-icon-toggle-span\"><svg style=\"fill: #999;color:#999\" xmlns=\"http:\/\/www.w3.org\/2000\/svg\" class=\"list-377408\" width=\"20px\" height=\"20px\" viewbox=\"0 0 24 24\" fill=\"none\"><path d=\"M6 6H4v2h2V6zm14 0H8v2h12V6zM4 11h2v2H4v-2zm16 0H8v2h12v-2zM4 16h2v2H4v-2zm16 0H8v2h12v-2z\" fill=\"currentColor\"><\/path><\/svg><svg style=\"fill: #999;color:#999\" class=\"arrow-unsorted-368013\" xmlns=\"http:\/\/www.w3.org\/2000\/svg\" width=\"10px\" height=\"10px\" viewbox=\"0 0 24 24\" version=\"1.2\" baseprofile=\"tiny\"><path d=\"M18.2 9.3l-6.2-6.3-6.2 6.3c-.2.2-.3.4-.3.7s.1.5.3.7c.2.2.4.3.7.3h11c.3 0 .5-.1.7-.3.2-.2.3-.5.3-.7s-.1-.5-.3-.7zM5.8 14.7l6.2 6.3 6.2-6.3c.2-.2.3-.5.3-.7s-.1-.5-.3-.7c-.2-.2-.4-.3-.7-.3h-11c-.3 0-.5.1-.7.3-.2.2-.3.5-.3.7s.1.5.3.7z\"\/><\/svg><\/span><\/span><\/span><\/a><\/span><\/div>\n<nav><ul class='ez-toc-list ez-toc-list-level-1 eztoc-toggle-hide-by-default' ><li class='ez-toc-page-1 ez-toc-heading-level-2'><a class=\"ez-toc-link ez-toc-heading-1\" href=\"https:\/\/coinkickoff.com\/sk\/bitcoin-casino\/how-is-bitcoin-poker-different\/#Understanding_Bitcoin_Poker\" >Porozumenie pokeru Bitcoin<\/a><ul class='ez-toc-list-level-3' ><li class='ez-toc-heading-level-3'><a class=\"ez-toc-link ez-toc-heading-2\" href=\"https:\/\/coinkickoff.com\/sk\/bitcoin-casino\/how-is-bitcoin-poker-different\/#Definition_and_Concept_of_Bitcoin_Poker\" >Defin\u00edcia a koncepcia pokeru Bitcoin<\/a><\/li><li class='ez-toc-page-1 ez-toc-heading-level-3'><a class=\"ez-toc-link ez-toc-heading-3\" href=\"https:\/\/coinkickoff.com\/sk\/bitcoin-casino\/how-is-bitcoin-poker-different\/#Key_Differences_Between_Bitcoin_Poker_and_Online_Poker\" >Hlavn\u00e9 rozdiely medzi pokrom Bitcoin a online pokrom<\/a><\/li><li class='ez-toc-page-1 ez-toc-heading-level-3'><a class=\"ez-toc-link ez-toc-heading-4\" href=\"https:\/\/coinkickoff.com\/sk\/bitcoin-casino\/how-is-bitcoin-poker-different\/#The_Role_of_Cryptocurrency_in_Poker\" >\u00daloha kryptomien v pokri<\/a><\/li><\/ul><\/li><li class='ez-toc-page-1 ez-toc-heading-level-2'><a class=\"ez-toc-link ez-toc-heading-5\" href=\"https:\/\/coinkickoff.com\/sk\/bitcoin-casino\/how-is-bitcoin-poker-different\/#The_Gameplay_Experience\" >Hern\u00fd z\u00e1\u017eitok<\/a><ul class='ez-toc-list-level-3' ><li class='ez-toc-heading-level-3'><a class=\"ez-toc-link ez-toc-heading-6\" href=\"https:\/\/coinkickoff.com\/sk\/bitcoin-casino\/how-is-bitcoin-poker-different\/#Account_Funding_and_Withdrawals\" >Financovanie a v\u00fdbery z \u00fa\u010dtu<\/a><\/li><li class='ez-toc-page-1 ez-toc-heading-level-3'><a class=\"ez-toc-link ez-toc-heading-7\" href=\"https:\/\/coinkickoff.com\/sk\/bitcoin-casino\/how-is-bitcoin-poker-different\/#Anonymity_and_Security_Features\" >Anonymita a bezpe\u010dnostn\u00e9 funkcie<\/a><\/li><li class='ez-toc-page-1 ez-toc-heading-level-3'><a class=\"ez-toc-link ez-toc-heading-8\" href=\"https:\/\/coinkickoff.com\/sk\/bitcoin-casino\/how-is-bitcoin-poker-different\/#Poker_Variants_and_Software_Differences\" >Varianty pokeru a rozdiely v softv\u00e9ri<\/a><\/li><\/ul><\/li><li class='ez-toc-page-1 ez-toc-heading-level-2'><a class=\"ez-toc-link ez-toc-heading-9\" href=\"https:\/\/coinkickoff.com\/sk\/bitcoin-casino\/how-is-bitcoin-poker-different\/#Regulatory_and_Legal_Landscape\" >Regula\u010dn\u00e9 a pr\u00e1vne prostredie<\/a><ul class='ez-toc-list-level-3' ><li class='ez-toc-heading-level-3'><a class=\"ez-toc-link ez-toc-heading-10\" href=\"https:\/\/coinkickoff.com\/sk\/bitcoin-casino\/how-is-bitcoin-poker-different\/#Jurisdictional_Variations_in_Bitcoin_Poker\" >Jurisdik\u010dn\u00e9 rozdiely v pokeri Bitcoin<\/a><\/li><li class='ez-toc-page-1 ez-toc-heading-level-3'><a class=\"ez-toc-link ez-toc-heading-11\" href=\"https:\/\/coinkickoff.com\/sk\/bitcoin-casino\/how-is-bitcoin-poker-different\/#Legal_Implications_for_Players_and_Operators\" >Pr\u00e1vne d\u00f4sledky pre hr\u00e1\u010dov a prev\u00e1dzkovate\u013eov<\/a><\/li><li class='ez-toc-page-1 ez-toc-heading-level-3'><a class=\"ez-toc-link ez-toc-heading-12\" href=\"https:\/\/coinkickoff.com\/sk\/bitcoin-casino\/how-is-bitcoin-poker-different\/#Compliance_and_Fair_Play_Standards\" >Dodr\u017eiavanie a normy fair play<\/a><\/li><\/ul><\/li><li class='ez-toc-page-1 ez-toc-heading-level-2'><a class=\"ez-toc-link ez-toc-heading-13\" href=\"https:\/\/coinkickoff.com\/sk\/bitcoin-casino\/how-is-bitcoin-poker-different\/#Frequently_Asked_Questions\" >\u010casto kladen\u00e9 ot\u00e1zky<\/a><ul class='ez-toc-list-level-3' ><li class='ez-toc-heading-level-3'><a class=\"ez-toc-link ez-toc-heading-14\" href=\"https:\/\/coinkickoff.com\/sk\/bitcoin-casino\/how-is-bitcoin-poker-different\/#What_are_the_advantages_of_playing_poker_using_Bitcoin\" >Ak\u00e9 s\u00fa v\u00fdhody hrania pokru pomocou Bitcoin?<\/a><\/li><li class='ez-toc-page-1 ez-toc-heading-level-3'><a class=\"ez-toc-link ez-toc-heading-15\" href=\"https:\/\/coinkickoff.com\/sk\/bitcoin-casino\/how-is-bitcoin-poker-different\/#Can_Bitcoin_transactions_affect_the_speed_of_online_poker_play\" >M\u00f4\u017eu transakcie Bitcoin ovplyvni\u0165 r\u00fdchlos\u0165 hrania online pokeru?<\/a><\/li><li class='ez-toc-page-1 ez-toc-heading-level-3'><a class=\"ez-toc-link ez-toc-heading-16\" href=\"https:\/\/coinkickoff.com\/sk\/bitcoin-casino\/how-is-bitcoin-poker-different\/#Are_there_any_legal_differences_in_playing_poker_with_Bitcoin_versus_traditional_currencies\" >Existuj\u00fa nejak\u00e9 pr\u00e1vne rozdiely pri hran\u00ed pokru s Bitcoin v porovnan\u00ed s tradi\u010dn\u00fdmi menami?<\/a><\/li><li class='ez-toc-page-1 ez-toc-heading-level-3'><a class=\"ez-toc-link ez-toc-heading-17\" href=\"https:\/\/coinkickoff.com\/sk\/bitcoin-casino\/how-is-bitcoin-poker-different\/#How_does_provable_fairness_in_Bitcoin_poker_compare_to_regular_online_poker_games\" >Ako sa d\u00e1 dok\u00e1zate\u013en\u00e1 spravodlivos\u0165 v pokeri Bitcoin porovna\u0165 s be\u017en\u00fdmi online pokerov\u00fdmi hrami?<\/a><\/li><li class='ez-toc-page-1 ez-toc-heading-level-3'><a class=\"ez-toc-link ez-toc-heading-18\" href=\"https:\/\/coinkickoff.com\/sk\/bitcoin-casino\/how-is-bitcoin-poker-different\/#Does_the_use_of_Bitcoin_offer_more_anonymity_in_online_poker\" >Poskytuje pou\u017e\u00edvanie Bitcoin v\u00e4\u010d\u0161iu anonymitu v online pokeri?<\/a><\/li><li class='ez-toc-page-1 ez-toc-heading-level-3'><a class=\"ez-toc-link ez-toc-heading-19\" href=\"https:\/\/coinkickoff.com\/sk\/bitcoin-casino\/how-is-bitcoin-poker-different\/#What_impact_does_cryptocurrency_volatility_have_on_Bitcoin_poker_stakes\" >Ak\u00fd vplyv m\u00e1 volatilita kryptomien na pokerov\u00e9 st\u00e1vky Bitcoin?<\/a><\/li><\/ul><\/li><\/ul><\/nav><\/div>\n<h2><span class=\"ez-toc-section\" id=\"Understanding_Bitcoin_Poker\"><\/span>Porozumenie pokeru Bitcoin<span class=\"ez-toc-section-end\"><\/span><\/h2>\n<p><img decoding=\"async\" src=\"https:\/\/coinkickoff.com\/wp-content\/uploads\/v2-3dh0j-a3sgg.jpg\" alt=\"\"><\/p>\n<p><a href=\"https:\/\/coinkickoff.com\/sk\/bitcoin-casino\/how-to-play-crypto-poker\/\" data-internallinksmanager029f6b8e52c=\"203\" title=\"Ako hra\u0165 Crypto Poker: Ako zvl\u00e1dnu\u0165 st\u00e1vkovanie Bitcoin\">Bitcoin Poker<\/a> integruje klasick\u00fa hru poker s modernou technol\u00f3giou blockchain a pon\u00faka jedine\u010dn\u00e9 v\u00fdhody, ako je zv\u00fd\u0161en\u00e1 ochrana s\u00fakromia a r\u00fdchlej\u0161ie transakcie.<\/p>\n<h3><span class=\"ez-toc-section\" id=\"Definition_and_Concept_of_Bitcoin_Poker\"><\/span>Defin\u00edcia a koncepcia pokeru Bitcoin<span class=\"ez-toc-section-end\"><\/span><\/h3>\n<p>Bitcoin Poker ozna\u010duje verziu online pokeru, ktor\u00e1 pou\u017e\u00edva Bitcoin ako menu pre vklady, st\u00e1vky a v\u00fdbery. Na rozdiel od tradi\u010dn\u00fdch online pokerov\u00fdch hier, v ktor\u00fdch sa pou\u017e\u00edva fiat mena, Bitcoin Poker pracuje s digit\u00e1lnou menou, pri\u010dom vyu\u017e\u00edva decentraliz\u00e1ciu a peer-to-peer aspekt technol\u00f3gie blockchain.<\/p>\n<h3><span class=\"ez-toc-section\" id=\"Key_Differences_Between_Bitcoin_Poker_and_Online_Poker\"><\/span>Hlavn\u00e9 rozdiely medzi pokrom Bitcoin a online pokrom<span class=\"ez-toc-section-end\"><\/span><\/h3>\n<p><strong>Anonymita:<\/strong> Jedn\u00fdm z k\u013e\u00fa\u010dov\u00fdch rozdielov je \u00farove\u0148 anonymity, ktor\u00fa Bitcoin pon\u00faka. Tradi\u010dn\u00e9 online pokerov\u00e9 str\u00e1nky \u010dasto vy\u017eaduj\u00fa osobn\u00e9 finan\u010dn\u00e9 \u00fadaje, zatia\u013e \u010do pokerov\u00e9 str\u00e1nky Bitcoin umo\u017e\u0148uj\u00fa pou\u017e\u00edvate\u013eom hra\u0165 relat\u00edvne anonymne.<\/p>\n<p><strong>R\u00fdchlos\u0165 transakcie:<\/strong> Transakcie Bitcoin m\u00f4\u017eu by\u0165 v\u00fdrazne r\u00fdchlej\u0161ie ako fiat transakcie, \u010do vedie k r\u00fdchlej\u0161\u00edm vkladom a v\u00fdberom pre hr\u00e1\u010dov.<\/p>\n<p><strong>Rozdiely v obsahu:<\/strong><\/p>\n<table>\n<thead>\n<tr>\n<th>Funkcia<\/th>\n<th>Bitcoin Poker<\/th>\n<th>Online poker<\/th>\n<\/tr>\n<\/thead>\n<tbody>\n<tr>\n<td>Typ meny<\/td>\n<td>Kryptomena (Bitcoin)<\/td>\n<td>Fiatov\u00e1 mena (USD, EUR, <a href=\"https:\/\/coinkickoff.com\/sk\/ethereum-classic-etc\/\" data-internallinksmanager029f6b8e52c=\"29\" title=\"\u010co je Ethereum Classic (ETC), ako funguje a kde ho k\u00fapi\u0165?\">at\u010f.<\/a>.)<\/td>\n<\/tr>\n<tr>\n<td>\u00darove\u0148 anonymity<\/td>\n<td>Vysok\u00e1<\/td>\n<td>Mierna a\u017e n\u00edzka<\/td>\n<\/tr>\n<tr>\n<td>R\u00fdchlos\u0165 transakcie<\/td>\n<td>R\u00fdchle (min\u00faty a\u017e hodiny)<\/td>\n<td>Variabiln\u00e9 (hodiny a\u017e dni)<\/td>\n<\/tr>\n<tr>\n<td>Po\u017eiadavka na finan\u010dn\u00e9 inform\u00e1cie<\/td>\n<td>Minim\u00e1lne<\/td>\n<td>\u010casto rozsiahle<\/td>\n<\/tr>\n<\/tbody>\n<\/table>\n<h3><span class=\"ez-toc-section\" id=\"The_Role_of_Cryptocurrency_in_Poker\"><\/span>\u00daloha kryptomien v pokri<span class=\"ez-toc-section-end\"><\/span><\/h3>\n<p>Kryptomeny ako Bitcoin zmenili prostredie online pokru t\u00fdm, \u017ee poskytli alternat\u00edvny sp\u00f4sob vykon\u00e1vania transakci\u00ed. Pon\u00fakaj\u00fa decentralizovan\u00fa pokerov\u00fa ekonomiku, pres\u00favaj\u00fa kontrolu z centr\u00e1lnej autority a prispievaj\u00fa k vytvoreniu glob\u00e1lnej pokerovej komunity, ktor\u00e1 nie je viazan\u00e1 tradi\u010dn\u00fdmi bankov\u00fdmi predpismi.<\/p>\n<h2><span class=\"ez-toc-section\" id=\"The_Gameplay_Experience\"><\/span>Hern\u00fd z\u00e1\u017eitok<span class=\"ez-toc-section-end\"><\/span><\/h2>\n<p><img decoding=\"async\" src=\"https:\/\/coinkickoff.com\/wp-content\/uploads\/v2-3dh10-d5088.jpg\" alt=\"\"><\/p>\n<p>Hoci z\u00e1kladn\u00e1 hra pokeru zost\u00e1va podobn\u00e1, Bitcoin poker pon\u00faka v porovnan\u00ed s tradi\u010dn\u00fdm online pokrom odli\u0161n\u00e9 sk\u00fasenosti v oblasti spr\u00e1vy \u00fa\u010dtu, ochrany s\u00fakromia a softv\u00e9rov\u00fdch mo\u017enost\u00ed.<\/p>\n<h3><span class=\"ez-toc-section\" id=\"Account_Funding_and_Withdrawals\"><\/span>Financovanie a v\u00fdbery z \u00fa\u010dtu<span class=\"ez-toc-section-end\"><\/span><\/h3>\n<ul>\n<li><strong>Transakcie Bitcoin<\/strong>: Hr\u00e1\u010di financuj\u00fa svoje \u00fa\u010dty a vyberaj\u00fa <a href=\"https:\/\/coinkickoff.com\/sk\/bitcoin-casino\/cash-in-bitcoin-casino-winnings\/\" data-internallinksmanager029f6b8e52c=\"211\" title=\"Ako spe\u0148a\u017ei\u0165 v\u00fdhry v kas\u00edne Bitcoin: Sprievodca krok za krokom\">v\u00fdhry<\/a> pou\u017e\u00edvaj\u00face Bitcoin, pri\u010dom v\u010faka decentralizovanej povahe tejto kryptomeny \u010dasto doch\u00e1dza k r\u00fdchlej\u0161\u00edm transakci\u00e1m.<\/li>\n<li><strong>Kol\u00edsanie meny<\/strong>: Hodnota Bitcoin m\u00f4\u017ee by\u0165 volatiln\u00e1, \u010do znamen\u00e1, \u017ee hodnota hr\u00e1\u010dskych bankrollov m\u00f4\u017ee kol\u00edsa\u0165 nez\u00e1visle od ich pokerov\u00fdch v\u00fdsledkov.<\/li>\n<\/ul>\n<h3><span class=\"ez-toc-section\" id=\"Anonymity_and_Security_Features\"><\/span>Anonymita a bezpe\u010dnostn\u00e9 funkcie<span class=\"ez-toc-section-end\"><\/span><\/h3>\n<ul>\n<li><strong>Ochrana osobn\u00fdch \u00fadajov<\/strong>: Pokerov\u00e9 platformy Bitcoin m\u00f4\u017eu pon\u00faknu\u0165 zv\u00fd\u0161en\u00fa anonymitu, preto\u017ee osobn\u00e9 finan\u010dn\u00e9 \u00fadaje sa nevy\u017eaduj\u00fa rovnako ako na str\u00e1nkach s fiat menou.<\/li>\n<li><strong>Bezpe\u010dnostn\u00e9 opatrenia<\/strong>: Transakcie s\u00fa zabezpe\u010den\u00e9 prostredn\u00edctvom technol\u00f3gie blockchain, ktor\u00e1 poskytuje transparentn\u00fd a nefal\u0161ovan\u00fd z\u00e1znam v\u0161etk\u00fdch prevodov.<\/li>\n<\/ul>\n<h3><span class=\"ez-toc-section\" id=\"Poker_Variants_and_Software_Differences\"><\/span>Varianty pokeru a rozdiely v softv\u00e9ri<span class=\"ez-toc-section-end\"><\/span><\/h3>\n<ul>\n<li><strong>Rozmanitos\u0165 hry<\/strong>: Niektor\u00e9 pokerov\u00e9 str\u00e1nky Bitcoin m\u00f4\u017eu pon\u00faka\u0165 jedine\u010dn\u00e9 pokerov\u00e9 varianty, ktor\u00e9 sa na tradi\u010dn\u00fdch platform\u00e1ch nenach\u00e1dzaj\u00fa.<\/li>\n<li><strong>Softv\u00e9rov\u00e9 rozhrania<\/strong>: Rozhranie a pou\u017e\u00edvate\u013esk\u00e9 prostredie sa m\u00f4\u017eu l\u00ed\u0161i\u0165, niekedy pon\u00fakaj\u00fa pokro\u010dilej\u0161ie \u0161tatistick\u00e9 n\u00e1stroje ur\u010den\u00e9 \u0161peci\u00e1lne pre pou\u017e\u00edvate\u013eov kryptomien.<\/li>\n<\/ul>\n<h2><span class=\"ez-toc-section\" id=\"Regulatory_and_Legal_Landscape\"><\/span>Regula\u010dn\u00e9 a pr\u00e1vne prostredie<span class=\"ez-toc-section-end\"><\/span><\/h2>\n<p><img decoding=\"async\" src=\"https:\/\/coinkickoff.com\/wp-content\/uploads\/v2-3dh1d-kf9ye.jpg\" alt=\"\"><\/p>\n<p>Regula\u010dn\u00e9 a pr\u00e1vne aspekty pokru Bitcoin sa vo svete v\u00fdrazne l\u00ed\u0161ia a maj\u00fa odli\u0161n\u00e9 d\u00f4sledky pre hr\u00e1\u010dov aj prev\u00e1dzkovate\u013eov, pri\u010dom platia pr\u00edsne normy dodr\u017eiavania predpisov a fair play.<\/p>\n<h3><span class=\"ez-toc-section\" id=\"Jurisdictional_Variations_in_Bitcoin_Poker\"><\/span>Jurisdik\u010dn\u00e9 rozdiely v pokeri Bitcoin<span class=\"ez-toc-section-end\"><\/span><\/h3>\n<p>R\u00f4zne krajiny maj\u00fa r\u00f4zne predpisy t\u00fdkaj\u00face sa pou\u017e\u00edvania kryptomien, ako je Bitcoin, na hazardn\u00e9 hry. Niektor\u00e9 ich plne prijali s jasn\u00fdmi nariadeniami, zatia\u013e \u010do in\u00e9 funguj\u00fa v \u0161edej z\u00f3ne alebo maj\u00fa \u00fapln\u00e9 z\u00e1kazy. Napr\u00edklad:<\/p>\n<ul>\n<li><strong>Spojen\u00e9 \u0161t\u00e1ty:<\/strong> V jednotliv\u00fdch \u0161t\u00e1toch je to r\u00f4zne; niektor\u00e9 \u0161t\u00e1ty akceptuj\u00fa Bitcoin poker, zatia\u013e \u010do in\u00e9 v\u00f4bec nepovo\u013euj\u00fa online hazardn\u00e9 hry.<\/li>\n<li><strong>Spojen\u00e9 kr\u00e1\u013eovstvo:<\/strong> Plne regulovan\u00e9 s osobitn\u00fdmi usmerneniami pre pou\u017e\u00edvanie kryptomien.<\/li>\n<li><strong>\u010c\u00edna:<\/strong> Online hazardn\u00e9 hry vr\u00e1tane pokeru Bitcoin s\u00fa nez\u00e1konn\u00e9.<\/li>\n<\/ul>\n<h3><span class=\"ez-toc-section\" id=\"Legal_Implications_for_Players_and_Operators\"><\/span>Pr\u00e1vne d\u00f4sledky pre hr\u00e1\u010dov a prev\u00e1dzkovate\u013eov<span class=\"ez-toc-section-end\"><\/span><\/h3>\n<p><strong>Hr\u00e1\u010di<\/strong> musia pozna\u0165 z\u00e1kony svojej krajiny t\u00fdkaj\u00face sa kryptomien a online hazardn\u00fdch hier, aby sa vyhli pr\u00e1vnemu riziku. Sankcie za poru\u0161enie m\u00f4\u017eu siaha\u0165 od pok\u00fat a\u017e po trestn\u00e9 st\u00edhanie.<\/p>\n<p><strong>Prev\u00e1dzkovatelia<\/strong> z Bitcoin pokerov\u00e9 str\u00e1nky musia dodr\u017eiava\u0165 licen\u010dn\u00e9 po\u017eiadavky, postupy proti praniu \u0161pinav\u00fdch pe\u0148az\u00ed (AML) a z\u00e1sady poznania svojho z\u00e1kazn\u00edka (KYC).<\/p>\n<ul>\n<li><strong>Po\u017eiadavky na licencie:<\/strong> Musia z\u00edska\u0165 pr\u00edslu\u0161n\u00e9 licencie tam, kde s\u00fa online hazardn\u00e9 hry regulovan\u00e9.<\/li>\n<li><strong>Postupy AML:<\/strong> by mali zavies\u0165 syst\u00e9my na predch\u00e1dzanie finan\u010dnej trestnej \u010dinnosti.<\/li>\n<li><strong>Z\u00e1sady KYC:<\/strong> Mus\u00ed overi\u0165 toto\u017enos\u0165 svojich z\u00e1kazn\u00edkov.<\/li>\n<\/ul>\n<h3><span class=\"ez-toc-section\" id=\"Compliance_and_Fair_Play_Standards\"><\/span>Dodr\u017eiavanie a normy fair play<span class=\"ez-toc-section-end\"><\/span><\/h3>\n<p>Od prev\u00e1dzkovate\u013eov sa vy\u017eaduje, aby dodr\u017eiavali normy, ktor\u00e9 zabezpe\u010duj\u00fa spravodlivos\u0165 a bezpe\u010dnos\u0165.<\/p>\n<ul>\n<li><strong>Certifik\u00e1cia RNG:<\/strong> Gener\u00e1tory n\u00e1hodn\u00fdch \u010d\u00edsel musia by\u0165 certifikovan\u00e9 nez\u00e1visl\u00fdmi org\u00e1nmi.<\/li>\n<li><strong>Bezpe\u010dnostn\u00e9 protokoly:<\/strong> Zavedenie \u0161ifrovania SSL a \u010fal\u0161\u00edch opatren\u00ed kybernetickej bezpe\u010dnosti.<\/li>\n<li><strong>Pravdepodobne spravodliv\u00e9 syst\u00e9my:<\/strong> Jedine\u010dn\u00e1 hra Bitcoin, ktor\u00e1 hr\u00e1\u010dom umo\u017e\u0148uje overi\u0165 si f\u00e9rovos\u0165 ka\u017ed\u00e9ho rozdania.<\/li>\n<\/ul>\n<h2><span class=\"ez-toc-section\" id=\"Frequently_Asked_Questions\"><\/span>\u010casto kladen\u00e9 ot\u00e1zky<span class=\"ez-toc-section-end\"><\/span><\/h2>\n<p><img decoding=\"async\" src=\"https:\/\/coinkickoff.com\/wp-content\/uploads\/v2-3dh1y-p4uhr.jpg\" alt=\"\"><\/p>\n<p>Pri rie\u0161en\u00ed be\u017en\u00fdch ot\u00e1zok s\u00fa v tejto \u010dasti uveden\u00e9 rozdiely medzi pokrom Bitcoin a \u0161tandardn\u00fdm online pokrom, pokia\u013e ide o v\u00fdhody, r\u00fdchlos\u0165, leg\u00e1lnos\u0165, spravodlivos\u0165, anonymitu a vplyv volatility kryptomien.<\/p>\n<h3><span class=\"ez-toc-section\" id=\"What_are_the_advantages_of_playing_poker_using_Bitcoin\"><\/span>Ak\u00e9 s\u00fa v\u00fdhody hrania pokru pomocou Bitcoin?<span class=\"ez-toc-section-end\"><\/span><\/h3>\n<p>Hr\u00e1\u010di, ktor\u00ed pou\u017e\u00edvaj\u00fa Bitcoin na poker, maj\u00fa k dispoz\u00edcii r\u00fdchlej\u0161ie transakcie, ni\u017e\u0161ie poplatky za spracovanie a mo\u017enos\u0165 hra\u0165 v regi\u00f3noch, kde s\u00fa tradi\u010dn\u00e9 bankov\u00e9 transakcie na pokerov\u00fdch str\u00e1nkach obmedzen\u00e9. Tieto v\u00fdhody vypl\u00fdvaj\u00fa z decentralizovanej povahy kryptomien.<\/p>\n<h3><span class=\"ez-toc-section\" id=\"Can_Bitcoin_transactions_affect_the_speed_of_online_poker_play\"><\/span>M\u00f4\u017eu transakcie Bitcoin ovplyvni\u0165 r\u00fdchlos\u0165 hrania online pokeru?<span class=\"ez-toc-section-end\"><\/span><\/h3>\n<p>\u00c1no, Bitcoin dok\u00e1\u017ee ur\u00fdchli\u0165 proces vkladov a v\u00fdberov, v\u010faka \u010domu m\u00f4\u017eu hr\u00e1\u010di za\u010da\u0165 hra\u0165 r\u00fdchlej\u0161ie a vypl\u00e1ca\u0165 v\u00fdhry bez zd\u013ahav\u00fdch bankov\u00fdch prie\u0165ahov. Toto zefekt\u00edvnenie oper\u00e1ci\u00ed vypl\u00fdva z transak\u010dn\u00e9ho syst\u00e9mu peer-to-peer, ktor\u00fd je neodmyslite\u013enou s\u00fa\u010das\u0165ou Bitcoin.<\/p>\n<h3><span class=\"ez-toc-section\" id=\"Are_there_any_legal_differences_in_playing_poker_with_Bitcoin_versus_traditional_currencies\"><\/span>Existuj\u00fa nejak\u00e9 pr\u00e1vne rozdiely pri hran\u00ed pokru s Bitcoin v porovnan\u00ed s tradi\u010dn\u00fdmi menami?<span class=\"ez-toc-section-end\"><\/span><\/h3>\n<p>Pr\u00e1vne prostredie pre poker Bitcoin sa m\u00f4\u017ee v\u00fdrazne l\u00ed\u0161i\u0165, ke\u010f\u017ee niektor\u00e9 jurisdikcie, ktor\u00e9 reguluj\u00fa alebo zakazuj\u00fa online hazardn\u00e9 hry, sa kryptomenami zatia\u013e v\u00fdslovne nezaoberaj\u00fa. T\u00e1to situ\u00e1cia m\u00f4\u017ee sp\u00f4sobi\u0165 nejednozna\u010dnos\u0165, ktor\u00e1 m\u00f4\u017ee ma\u0165 v ur\u010dit\u00fdch oblastiach vplyv na pr\u00e1vne postavenie pokru Bitcoin.<\/p>\n<h3><span class=\"ez-toc-section\" id=\"How_does_provable_fairness_in_Bitcoin_poker_compare_to_regular_online_poker_games\"><\/span>Ako sa d\u00e1 dok\u00e1zate\u013en\u00e1 spravodlivos\u0165 v pokeri Bitcoin porovna\u0165 s be\u017en\u00fdmi online pokerov\u00fdmi hrami?<span class=\"ez-toc-section-end\"><\/span><\/h3>\n<p>Bitcoin pokerov\u00e9 platformy \u010dasto pou\u017e\u00edvaj\u00fa algoritmy dokazovania spravodlivosti, ktor\u00e9 umo\u017e\u0148uj\u00fa hr\u00e1\u010dom overi\u0165 n\u00e1hodnos\u0165 a spravodlivos\u0165 ka\u017ed\u00e9ho rozdania. T\u00e1to \u00farove\u0148 transparentnosti nie je v tradi\u010dn\u00fdch online pokerov\u00fdch hr\u00e1ch v\u0161eobecne dostupn\u00e1, \u010do hr\u00e1\u010dom pokeru Bitcoin poskytuje \u010fal\u0161iu \u00farove\u0148 d\u00f4very.<\/p>\n<h3><span class=\"ez-toc-section\" id=\"Does_the_use_of_Bitcoin_offer_more_anonymity_in_online_poker\"><\/span>Poskytuje pou\u017e\u00edvanie Bitcoin v\u00e4\u010d\u0161iu anonymitu v online pokeri?<span class=\"ez-toc-section-end\"><\/span><\/h3>\n<p>Transakcie Bitcoin poskytuj\u00fa v\u00e4\u010d\u0161iu anonymitu v porovnan\u00ed s tradi\u010dn\u00fdmi online platobn\u00fdmi met\u00f3dami, preto\u017ee nevy\u017eaduj\u00fa osobn\u00e9 bankov\u00e9 \u00fadaje. Hr\u00e1\u010di s\u00fa identifikovan\u00ed sk\u00f4r pod\u013ea adries pe\u0148a\u017eeniek ne\u017e pod\u013ea osobn\u00fdch \u00fadajov, hoci \u00fapln\u00e1 anonymita nie je zaru\u010den\u00e1 vzh\u013eadom na sledovate\u013enos\u0165 transakci\u00ed v blockchaine.<\/p>\n<h3><span class=\"ez-toc-section\" id=\"What_impact_does_cryptocurrency_volatility_have_on_Bitcoin_poker_stakes\"><\/span>Ak\u00fd vplyv m\u00e1 volatilita kryptomien na pokerov\u00e9 st\u00e1vky Bitcoin?<span class=\"ez-toc-section-end\"><\/span><\/h3>\n<p>Hodnota Bitcoin m\u00f4\u017ee v\u00fdrazne kol\u00edsa\u0165, \u010do m\u00f4\u017ee ovplyvni\u0165 hodnotu buy-inov a v\u00fdhier v re\u00e1lnych peniazoch v pokeri Bitcoin. Zatia\u013e \u010do niektor\u00ed hr\u00e1\u010di oce\u0148uj\u00fa potenci\u00e1l vy\u0161\u0161ej hodnoty, in\u00ed m\u00f4\u017eu zisti\u0165, \u017ee nepredv\u00eddate\u013enos\u0165 ovplyv\u0148uje ich <a href=\"https:\/\/coinkickoff.com\/sk\/bitcoin-casino\/bankroll-management\/\" data-internallinksmanager029f6b8e52c=\"210\" title=\"Riadenie bankov\u00e9ho \u00fa\u010dtu pri st\u00e1vkovan\u00ed s Bitcoin\">riadenie bankrollu<\/a> a celkov\u00fa strat\u00e9giu.<\/p>","protected":false},"excerpt":{"rendered":"<p>Upozornenie: Hazardn\u00e9 hry zah\u0155\u0148aj\u00fa zna\u010dn\u00e9 finan\u010dn\u00e9 riziko. Hrajte len s peniazmi, ktor\u00e9 si m\u00f4\u017eete dovoli\u0165 prehra\u0165. Ni\u017e\u0161ie uveden\u00e9 inform\u00e1cie maj\u00fa len informat\u00edvny charakter. Ak sa zaregistrujete a prehr\u00e1te peniaze v niektorom z nasleduj\u00facich kas\u00edn, m\u00f4\u017ee n\u00e1m by\u0165 vyplaten\u00e1 prov\u00edzia. Nie v\u0161etky kas\u00edna s\u00fa dostupn\u00e9 vo v\u0161etk\u00fdch krajin\u00e1ch. V\u0161etky inform\u00e1cie, ktor\u00e9 uv\u00e1dzame, s\u00fa [...]<\/p>","protected":false},"author":1,"featured_media":4609,"parent":4440,"menu_order":0,"comment_status":"closed","ping_status":"closed","template":"","meta":{"_genesis_hide_title":false,"_genesis_hide_breadcrumbs":false,"_genesis_hide_singular_image":false,"_genesis_hide_footer_widgets":false,"_genesis_custom_body_class":"","_genesis_custom_post_class":"","_genesis_layout":"","_glsr_average":0,"_glsr_ranking":0,"_glsr_reviews":0,"footnotes":""},"class_list":{"0":"post-4605","1":"page","2":"type-page","3":"status-publish","4":"has-post-thumbnail","6":"entry"},"featured_image_src":"https:\/\/coinkickoff.com\/wp-content\/uploads\/v2-3dh1y-p4uhr-600x400.jpg","featured_image_src_square":"https:\/\/coinkickoff.com\/wp-content\/uploads\/v2-3dh1y-p4uhr-600x600.jpg","_links":{"self":[{"href":"https:\/\/coinkickoff.com\/sk\/wp-json\/wp\/v2\/pages\/4605","targetHints":{"allow":["GET"]}}],"collection":[{"href":"https:\/\/coinkickoff.com\/sk\/wp-json\/wp\/v2\/pages"}],"about":[{"href":"https:\/\/coinkickoff.com\/sk\/wp-json\/wp\/v2\/types\/page"}],"author":[{"embeddable":true,"href":"https:\/\/coinkickoff.com\/sk\/wp-json\/wp\/v2\/users\/1"}],"replies":[{"embeddable":true,"href":"https:\/\/coinkickoff.com\/sk\/wp-json\/wp\/v2\/comments?post=4605"}],"version-history":[{"count":3,"href":"https:\/\/coinkickoff.com\/sk\/wp-json\/wp\/v2\/pages\/4605\/revisions"}],"predecessor-version":[{"id":4614,"href":"https:\/\/coinkickoff.com\/sk\/wp-json\/wp\/v2\/pages\/4605\/revisions\/4614"}],"up":[{"embeddable":true,"href":"https:\/\/coinkickoff.com\/sk\/wp-json\/wp\/v2\/pages\/4440"}],"wp:featuredmedia":[{"embeddable":true,"href":"https:\/\/coinkickoff.com\/sk\/wp-json\/wp\/v2\/media\/4609"}],"wp:attachment":[{"href":"https:\/\/coinkickoff.com\/sk\/wp-json\/wp\/v2\/media?parent=4605"}],"curies":[{"name":"wp","href":"https:\/\/api.w.org\/{rel}","templated":true}]}}