{"id":4595,"date":"2026-01-08T14:07:58","date_gmt":"2026-01-08T14:07:58","guid":{"rendered":"https:\/\/coinkickoff.com\/?page_id=4595"},"modified":"2026-01-08T14:07:58","modified_gmt":"2026-01-08T14:07:58","slug":"how-is-bitcoin-roulette-different","status":"publish","type":"page","link":"https:\/\/coinkickoff.com\/sk\/bitcoin-casino\/how-is-bitcoin-roulette-different\/","title":{"rendered":"Ako sa ruleta Bitcoin l\u00ed\u0161i od tradi\u010dnej rulety v kas\u00edne?"},"content":{"rendered":"<p>Upozornenie: Hazardn\u00e9 hry zah\u0155\u0148aj\u00fa zna\u010dn\u00e9 finan\u010dn\u00e9 riziko. Hrajte len s peniazmi, ktor\u00e9 si m\u00f4\u017eete dovoli\u0165 prehra\u0165. Ni\u017e\u0161ie uveden\u00e9 inform\u00e1cie maj\u00fa len informat\u00edvny charakter. Ak sa zaregistrujete a prehr\u00e1te peniaze v niektorej z nasleduj\u00facich hier, m\u00f4\u017ee n\u00e1m by\u0165 vyplaten\u00e1 prov\u00edzia <a href=\"https:\/\/coinkickoff.com\/sk\/bitcoin-casino\/\" data-internallinksmanager029f6b8e52c=\"200\" title=\"3 najlep\u0161ie Bitcoin krypto kas\u00edna s bonusmi\">kas\u00edna<\/a>. Nie v\u0161etky kas\u00edna s\u00fa dostupn\u00e9 vo v\u0161etk\u00fdch krajin\u00e1ch. V\u0161etky inform\u00e1cie sme pova\u017eovali za spr\u00e1vne v \u010dase uverejnenia, ale mohli sa od tej doby zmeni\u0165.<\/p>\n<div id=\"ez-toc-container\" class=\"ez-toc-v2_0_80 counter-hierarchy ez-toc-counter ez-toc-transparent ez-toc-container-direction\">\n<div class=\"ez-toc-title-container\">\n<p class=\"ez-toc-title\" style=\"cursor:inherit\">Sekcie<\/p>\n<span class=\"ez-toc-title-toggle\"><a href=\"#\" class=\"ez-toc-pull-right ez-toc-btn ez-toc-btn-xs ez-toc-btn-default ez-toc-toggle\" aria-label=\"Prep\u00ednanie tabu\u013eky obsahu\"><span class=\"ez-toc-js-icon-con\"><span class=\"\"><span class=\"eztoc-hide\" style=\"display:none;\">Prep\u00edna\u010d<\/span><span class=\"ez-toc-icon-toggle-span\"><svg style=\"fill: #999;color:#999\" xmlns=\"http:\/\/www.w3.org\/2000\/svg\" class=\"list-377408\" width=\"20px\" height=\"20px\" viewbox=\"0 0 24 24\" fill=\"none\"><path d=\"M6 6H4v2h2V6zm14 0H8v2h12V6zM4 11h2v2H4v-2zm16 0H8v2h12v-2zM4 16h2v2H4v-2zm16 0H8v2h12v-2z\" fill=\"currentColor\"><\/path><\/svg><svg style=\"fill: #999;color:#999\" class=\"arrow-unsorted-368013\" xmlns=\"http:\/\/www.w3.org\/2000\/svg\" width=\"10px\" height=\"10px\" viewbox=\"0 0 24 24\" version=\"1.2\" baseprofile=\"tiny\"><path d=\"M18.2 9.3l-6.2-6.3-6.2 6.3c-.2.2-.3.4-.3.7s.1.5.3.7c.2.2.4.3.7.3h11c.3 0 .5-.1.7-.3.2-.2.3-.5.3-.7s-.1-.5-.3-.7zM5.8 14.7l6.2 6.3 6.2-6.3c.2-.2.3-.5.3-.7s-.1-.5-.3-.7c-.2-.2-.4-.3-.7-.3h-11c-.3 0-.5.1-.7.3-.2.2-.3.5-.3.7s.1.5.3.7z\"\/><\/svg><\/span><\/span><\/span><\/a><\/span><\/div>\n<nav><ul class='ez-toc-list ez-toc-list-level-1 eztoc-toggle-hide-by-default' ><li class='ez-toc-page-1 ez-toc-heading-level-2'><a class=\"ez-toc-link ez-toc-heading-1\" href=\"https:\/\/coinkickoff.com\/sk\/bitcoin-casino\/how-is-bitcoin-roulette-different\/#Fundamentals_of_Bitcoin_Roulette\" >Z\u00e1klady rulety Bitcoin<\/a><ul class='ez-toc-list-level-3' ><li class='ez-toc-heading-level-3'><a class=\"ez-toc-link ez-toc-heading-2\" href=\"https:\/\/coinkickoff.com\/sk\/bitcoin-casino\/how-is-bitcoin-roulette-different\/#Definition_and_Mechanism\" >Defin\u00edcia a mechanizmus<\/a><\/li><li class='ez-toc-page-1 ez-toc-heading-level-3'><a class=\"ez-toc-link ez-toc-heading-3\" href=\"https:\/\/coinkickoff.com\/sk\/bitcoin-casino\/how-is-bitcoin-roulette-different\/#Basic_Rules_Comparison\" >Porovnanie z\u00e1kladn\u00fdch pravidiel<\/a><\/li><\/ul><\/li><li class='ez-toc-page-1 ez-toc-heading-level-2'><a class=\"ez-toc-link ez-toc-heading-4\" href=\"https:\/\/coinkickoff.com\/sk\/bitcoin-casino\/how-is-bitcoin-roulette-different\/#Technological_Aspects\" >Technologick\u00e9 aspekty<\/a><ul class='ez-toc-list-level-3' ><li class='ez-toc-heading-level-3'><a class=\"ez-toc-link ez-toc-heading-5\" href=\"https:\/\/coinkickoff.com\/sk\/bitcoin-casino\/how-is-bitcoin-roulette-different\/#Software_and_Fairness\" >Softv\u00e9r a spravodlivos\u0165<\/a><\/li><li class='ez-toc-page-1 ez-toc-heading-level-3'><a class=\"ez-toc-link ez-toc-heading-6\" href=\"https:\/\/coinkickoff.com\/sk\/bitcoin-casino\/how-is-bitcoin-roulette-different\/#Transaction_Security_and_Anonymity\" >Bezpe\u010dnos\u0165 a anonymita transakci\u00ed<\/a><\/li><\/ul><\/li><li class='ez-toc-page-1 ez-toc-heading-level-2'><a class=\"ez-toc-link ez-toc-heading-7\" href=\"https:\/\/coinkickoff.com\/sk\/bitcoin-casino\/how-is-bitcoin-roulette-different\/#Practical_Considerations\" >Praktick\u00e9 \u00favahy<\/a><ul class='ez-toc-list-level-3' ><li class='ez-toc-heading-level-3'><a class=\"ez-toc-link ez-toc-heading-8\" href=\"https:\/\/coinkickoff.com\/sk\/bitcoin-casino\/how-is-bitcoin-roulette-different\/#Accessibility_and_Jurisdiction\" >Pr\u00edstupnos\u0165 a s\u00fadna pr\u00e1vomoc<\/a><\/li><li class='ez-toc-page-1 ez-toc-heading-level-3'><a class=\"ez-toc-link ez-toc-heading-9\" href=\"https:\/\/coinkickoff.com\/sk\/bitcoin-casino\/how-is-bitcoin-roulette-different\/#Payment_Processing_Times\" >\u010cas spracovania platieb<\/a><\/li><li class='ez-toc-page-1 ez-toc-heading-level-3'><a class=\"ez-toc-link ez-toc-heading-10\" href=\"https:\/\/coinkickoff.com\/sk\/bitcoin-casino\/how-is-bitcoin-roulette-different\/#Casino_Bonuses_and_Incentives\" >Kas\u00ednov\u00e9 bonusy a stimuly<\/a><\/li><\/ul><\/li><li class='ez-toc-page-1 ez-toc-heading-level-2'><a class=\"ez-toc-link ez-toc-heading-11\" href=\"https:\/\/coinkickoff.com\/sk\/bitcoin-casino\/how-is-bitcoin-roulette-different\/#Frequently_Asked_Questions\" >\u010casto kladen\u00e9 ot\u00e1zky<\/a><ul class='ez-toc-list-level-3' ><li class='ez-toc-heading-level-3'><a class=\"ez-toc-link ez-toc-heading-12\" href=\"https:\/\/coinkickoff.com\/sk\/bitcoin-casino\/how-is-bitcoin-roulette-different\/#What_are_the_distinctive_features_of_Bitcoin_roulette_compared_to_traditional_roulette\" >Ak\u00e9 s\u00fa charakteristick\u00e9 vlastnosti rulety Bitcoin v porovnan\u00ed s tradi\u010dnou ruletou?<\/a><\/li><li class='ez-toc-page-1 ez-toc-heading-level-3'><a class=\"ez-toc-link ez-toc-heading-13\" href=\"https:\/\/coinkickoff.com\/sk\/bitcoin-casino\/how-is-bitcoin-roulette-different\/#Can_you_use_Bitcoin_to_play_any_version_of_roulette\" >M\u00f4\u017eete pou\u017e\u00edva\u0165 Bitcoin na hranie akejko\u013evek verzie rulety?<\/a><\/li><li class='ez-toc-page-1 ez-toc-heading-level-3'><a class=\"ez-toc-link ez-toc-heading-14\" href=\"https:\/\/coinkickoff.com\/sk\/bitcoin-casino\/how-is-bitcoin-roulette-different\/#What_advantages_do_Bitcoin_casinos_offer_for_roulette_players\" >Ak\u00e9 v\u00fdhody pon\u00fakaj\u00fa kas\u00edna Bitcoin pre hr\u00e1\u010dov rulety?<\/a><\/li><li class='ez-toc-page-1 ez-toc-heading-level-3'><a class=\"ez-toc-link ez-toc-heading-15\" href=\"https:\/\/coinkickoff.com\/sk\/bitcoin-casino\/how-is-bitcoin-roulette-different\/#How_does_the_integration_of_Bitcoin_affect_the_gameplay_of_roulette\" >Ako integr\u00e1cia syst\u00e9mu Bitcoin ovplyv\u0148uje hranie rulety?<\/a><\/li><li class='ez-toc-page-1 ez-toc-heading-level-3'><a class=\"ez-toc-link ez-toc-heading-16\" href=\"https:\/\/coinkickoff.com\/sk\/bitcoin-casino\/how-is-bitcoin-roulette-different\/#Are_there_any_unique_betting_options_available_in_Bitcoin_roulette\" >S\u00fa v rulete Bitcoin k dispoz\u00edcii nejak\u00e9 jedine\u010dn\u00e9 mo\u017enosti st\u00e1vok?<\/a><\/li><li class='ez-toc-page-1 ez-toc-heading-level-3'><a class=\"ez-toc-link ez-toc-heading-17\" href=\"https:\/\/coinkickoff.com\/sk\/bitcoin-casino\/how-is-bitcoin-roulette-different\/#What_should_players_know_about_the_security_of_Bitcoin_roulette_games\" >\u010co by mali hr\u00e1\u010di vedie\u0165 o bezpe\u010dnosti ruletov\u00fdch hier Bitcoin?<\/a><\/li><\/ul><\/li><\/ul><\/nav><\/div>\n<h2><span class=\"ez-toc-section\" id=\"Fundamentals_of_Bitcoin_Roulette\"><\/span>Z\u00e1klady rulety Bitcoin<span class=\"ez-toc-section-end\"><\/span><\/h2>\n<p><img decoding=\"async\" src=\"https:\/\/coinkickoff.com\/wp-content\/uploads\/v2-3dgyd-6ia5o.jpg\" alt=\"\"><\/p>\n<p><a href=\"https:\/\/coinkickoff.com\/sk\/bitcoin-casino\/how-to-play-crypto-roulette\/\" data-internallinksmanager029f6b8e52c=\"206\" title=\"Ako hra\u0165 krypto ruletu: Ako na to: V\u00e1\u0161 sprievodca st\u00e1vkovan\u00edm na blockchain\">Bitcoin Ruleta<\/a> funguje na rovnak\u00fdch z\u00e1kladn\u00fdch princ\u00edpoch ako tradi\u010dn\u00e1 ruleta, ale hr\u00e1 sa s Bitcoin a nie s fiat menou, \u010do ovplyv\u0148uje r\u00fdchlos\u0165 a anonymitu transakci\u00ed.<\/p>\n<h3><span class=\"ez-toc-section\" id=\"Definition_and_Mechanism\"><\/span>Defin\u00edcia a mechanizmus<span class=\"ez-toc-section-end\"><\/span><\/h3>\n<p>Bitcoin Roulette je digit\u00e1lna vari\u00e1cia klasickej kas\u00ednovej hry, ktor\u00e1 na st\u00e1vkovanie a transakcie vyu\u017e\u00edva Bitcoin. Hr\u00e1\u010di uzatv\u00e1raj\u00fa st\u00e1vky na to, kam dopadne gu\u013e\u00f4\u010dka na ot\u00e1\u010daj\u00facom sa kolese rozdelenom na o\u010d\u00edslovan\u00e9 a farebn\u00e9 \u010dasti. Mechanizmus je podobn\u00fd \u0161tandardnej rulete, pri\u010dom hlavn\u00fdm rozdielom je pou\u017eit\u00e1 mena. V rulete Bitcoin sa ka\u017ed\u00e1 transakcia sprac\u00fava prostredn\u00edctvom blockchainu, ktor\u00fd zabezpe\u010duje transparentnos\u0165 a zni\u017euje pravdepodobnos\u0165 podvodu.<\/p>\n<ul>\n<li><strong>R\u00fdchlos\u0165 transakcie<\/strong>: Transakcie s Bitcoin s\u00fa r\u00fdchlej\u0161ie, zvy\u010dajne trvaj\u00fa nieko\u013eko min\u00fat.<\/li>\n<li><strong>Anonymita<\/strong>: Hr\u00e1\u010di si m\u00f4\u017eu zachova\u0165 anonymitu, preto\u017ee na vykon\u00e1vanie transakci\u00ed Bitcoin nie s\u00fa potrebn\u00e9 osobn\u00e9 \u00fadaje.<\/li>\n<\/ul>\n<h3><span class=\"ez-toc-section\" id=\"Basic_Rules_Comparison\"><\/span>Porovnanie z\u00e1kladn\u00fdch pravidiel<span class=\"ez-toc-section-end\"><\/span><\/h3>\n<p>Z\u00e1kladn\u00e9 pravidl\u00e1 rulety Bitcoin a be\u017enej rulety s\u00fa v podstate rovnak\u00e9. Hr\u00e1\u010di si m\u00f4\u017eu vybra\u0165, \u010di chc\u00fa vsadi\u0165 na jedno \u010d\u00edslo, r\u00f4zne skupiny \u010d\u00edsel, \u010derven\u00fa alebo \u010diernu farbu, p\u00e1rne alebo nep\u00e1rne \u010d\u00edsla, alebo vysok\u00e9 (19-36) \u010di n\u00edzke (1-18) \u010d\u00edsla.<\/p>\n<ul>\n<li><strong>Mo\u017enosti st\u00e1vkovania<\/strong>:\n<ul>\n<li><strong>Jednotliv\u00e9 \u010d\u00edslo<\/strong>: Vy\u0161\u0161ia v\u00fdhra; ni\u017e\u0161ie kurzy.<\/li>\n<li><strong>\u010c\u00edsla skup\u00edn<\/strong>: St\u00e1vky na zhluky \u010d\u00edsel; r\u00f4zne v\u00fdplaty.<\/li>\n<li><strong>Farby<\/strong>: Stavte na \u010derven\u00fa alebo \u010diernu farbu; \u0161anca je takmer 50\/50.<\/li>\n<li><strong>Nep\u00e1rne alebo p\u00e1rne<\/strong>: Stavte, \u010di je \u010d\u00edslo p\u00e1rne alebo nep\u00e1rne.<\/li>\n<li><strong>Vysok\u00e1 alebo n\u00edzka<\/strong>: Stavte na vysok\u00e9 (19-36) alebo n\u00edzke (1-18) \u010d\u00edsla.<\/li>\n<\/ul>\n<\/li>\n<\/ul>\n<p>Jasn\u00fd rozdiel v pravidl\u00e1ch sa t\u00fdka nakladania s menou a mo\u017en\u00fdmi v\u00fdplatami. Volatilita cien Bitcoin m\u00f4\u017ee ovplyvni\u0165 skuto\u010dn\u00fa hodnotu <a href=\"https:\/\/coinkickoff.com\/sk\/bitcoin-casino\/cash-in-bitcoin-casino-winnings\/\" data-internallinksmanager029f6b8e52c=\"211\" title=\"Ako spe\u0148a\u017ei\u0165 v\u00fdhry v kas\u00edne Bitcoin: Sprievodca krok za krokom\">v\u00fdhry<\/a> alebo prehry a minim\u00e1lne a maxim\u00e1lne st\u00e1vky sa m\u00f4\u017eu l\u00ed\u0161i\u0165 v z\u00e1vislosti od <a href=\"https:\/\/coinkickoff.com\/sk\/bitcoin-casino\/what-is-a-bitcoin-casino\/\" data-internallinksmanager029f6b8e52c=\"201\" title=\"\u010co je kas\u00edno Bitcoin? Pochopenie st\u00e1vkov\u00fdch platforiem Crytpo\">Kas\u00edno Bitcoin<\/a>politiky.<\/p>\n<h2><span class=\"ez-toc-section\" id=\"Technological_Aspects\"><\/span>Technologick\u00e9 aspekty<span class=\"ez-toc-section-end\"><\/span><\/h2>\n<p><img decoding=\"async\" src=\"https:\/\/coinkickoff.com\/wp-content\/uploads\/v2-3dgyu-2s6kd.jpg\" alt=\"\"><\/p>\n<p>Pri porovn\u00e1van\u00ed rulety Bitcoin s tradi\u010dnou ruletou vstupuj\u00fa do hry dve k\u013e\u00fa\u010dov\u00e9 technologick\u00e9 h\u013eadisk\u00e1: mechanizmy, ktor\u00e9 zabezpe\u010duj\u00fa spravodlivos\u0165 softv\u00e9ru, a protokoly, ktor\u00e9 udr\u017eiavaj\u00fa bezpe\u010dnos\u0165 a anonymitu transakci\u00ed.<\/p>\n<h3><span class=\"ez-toc-section\" id=\"Software_and_Fairness\"><\/span>Softv\u00e9r a spravodlivos\u0165<span class=\"ez-toc-section-end\"><\/span><\/h3>\n<p>Ruleta Bitcoin sa spolieha na <strong>Pravdepodobne spravodliv\u00e9<\/strong> ktor\u00e1 hr\u00e1\u010dom umo\u017e\u0148uje overi\u0165 v\u00fdsledky ka\u017edej hry. Tento syst\u00e9m vyu\u017e\u00edva kryptografick\u00e9 algoritmy na <strong>generovanie n\u00e1hodn\u00fdch semien<\/strong>, \u010d\u00edm sa zabezpe\u010d\u00ed, \u017ee ka\u017ed\u00e9 rozto\u010denie je n\u00e1hodn\u00e9 a spravodliv\u00e9. Hr\u00e1\u010di m\u00f4\u017eu spravidla skontrolova\u0165 spravodlivos\u0165 prostredn\u00edctvom <strong>n\u00e1stroj na overovanie<\/strong> poskytovan\u00e9 kas\u00ednom.<\/p>\n<ul>\n<li>Generovanie n\u00e1hodn\u00fdch \u010d\u00edsel (RNG): Algoritmicky vytv\u00e1ra nepredv\u00eddate\u013en\u00e9 v\u00fdsledky.<\/li>\n<li>N\u00e1stroje na overovanie: Pon\u00faknite transparentn\u00e9 a overite\u013en\u00e9 v\u00fdsledky hry.<\/li>\n<\/ul>\n<h3><span class=\"ez-toc-section\" id=\"Transaction_Security_and_Anonymity\"><\/span>Bezpe\u010dnos\u0165 a anonymita transakci\u00ed<span class=\"ez-toc-section-end\"><\/span><\/h3>\n<p>Transakcie Bitcoin vyu\u017e\u00edvaj\u00fa <strong>technol\u00f3gia blockchain<\/strong>, ktor\u00e1 zabezpe\u010duje vklady a v\u00fdbery prostredn\u00edctvom nemenn\u00e9ho <a href=\"https:\/\/coinkickoff.com\/sk\/what-is-ledger-wallet\/\" data-internallinksmanager029f6b8e52c=\"167\" title=\"Recenzie pe\u0148a\u017eenky Ledger 2023: Poplatky, funkcie, bezpe\u010dnos\u0165, v\u00fdhody a nev\u00fdhody\">\u00fa\u010dtovn\u00e1 kniha<\/a>, \u010d\u00edm sa zvy\u0161uje bezpe\u010dnos\u0165 a poskytuje ur\u010dit\u00fd stupe\u0148 anonymity.<\/p>\n<ul>\n<li><strong>Zabezpe\u010denie<\/strong>: \u0160ifrovan\u00e9 transakcie chr\u00e1nen\u00e9 technol\u00f3giou blockchain.<\/li>\n<li><strong>Anonymita<\/strong>: Men\u0161ie zverej\u0148ovanie osobn\u00fdch \u00fadajov v porovnan\u00ed s tradi\u010dn\u00fdmi platobn\u00fdmi met\u00f3dami.<\/li>\n<\/ul>\n<table>\n<thead>\n<tr>\n<th>Aspekt<\/th>\n<th>Benefit<\/th>\n<\/tr>\n<\/thead>\n<tbody>\n<tr>\n<td>\u0160ifrovan\u00e9 transakcie<\/td>\n<td>Prid\u00e1va \u00farove\u0148 zabezpe\u010denia proti podvodom<\/td>\n<\/tr>\n<tr>\n<td>Nezmenite\u013en\u00e1 \u00fa\u010dtovn\u00e1 kniha<\/td>\n<td>Zabezpe\u010duje trvalos\u0165 a vysledovate\u013enos\u0165 transakci\u00ed<\/td>\n<\/tr>\n<tr>\n<td>Zn\u00ed\u017een\u00e9 zverej\u0148ovanie \u00fadajov<\/td>\n<td>Osobn\u00e9 \u00fadaje hr\u00e1\u010dov s\u00fa menej vystaven\u00e9<\/td>\n<\/tr>\n<\/tbody>\n<\/table>\n<h2><span class=\"ez-toc-section\" id=\"Practical_Considerations\"><\/span>Praktick\u00e9 \u00favahy<span class=\"ez-toc-section-end\"><\/span><\/h2>\n<p><img decoding=\"async\" src=\"https:\/\/coinkickoff.com\/wp-content\/uploads\/v2-3dgz8-pee1q.jpg\" alt=\"\"><\/p>\n<p>Pri pou\u017e\u00edvan\u00ed rulety Bitcoin musia pou\u017e\u00edvatelia zoh\u013eadni\u0165 rozdiely v dostupnosti, \u010dase spracovania a jedine\u010dn\u00fdch bonusoch, ktor\u00e9 sa l\u00ed\u0161ia od tradi\u010dnej rulety.<\/p>\n<h3><span class=\"ez-toc-section\" id=\"Accessibility_and_Jurisdiction\"><\/span>Pr\u00edstupnos\u0165 a s\u00fadna pr\u00e1vomoc<span class=\"ez-toc-section-end\"><\/span><\/h3>\n<p>Ruleta Bitcoin je \u010dasto k dispoz\u00edcii hr\u00e1\u010dom v jurisdikci\u00e1ch, kde s\u00fa online hazardn\u00e9 hry obmedzen\u00e9 alebo kde nie je mo\u017en\u00e9 pou\u017ei\u0165 tradi\u010dn\u00e9 platobn\u00e9 met\u00f3dy. <strong>Kryptomena<\/strong> ako m\u00e9dium obch\u00e1dza mnoh\u00e9 regula\u010dn\u00e9 obmedzenia, \u010d\u00edm sa st\u00e1va dostupnej\u0161\u00edm. Pou\u017e\u00edvatelia by si v\u0161ak mali by\u0165 vedom\u00ed miestnych z\u00e1konov, preto\u017ee leg\u00e1lnos\u0165 hazardn\u00fdch hier s kryptomenami sa m\u00f4\u017ee v jednotliv\u00fdch regi\u00f3noch v\u00fdrazne l\u00ed\u0161i\u0165.<\/p>\n<h3><span class=\"ez-toc-section\" id=\"Payment_Processing_Times\"><\/span>\u010cas spracovania platieb<span class=\"ez-toc-section-end\"><\/span><\/h3>\n<ul>\n<li><strong>Bitcoin Vklady:<\/strong> Zvy\u010dajne okam\u017eite alebo v priebehu nieko\u013ek\u00fdch min\u00fat.<\/li>\n<li><strong>Bitcoin Stiahnutia:<\/strong> M\u00f4\u017ee trva\u0165 od nieko\u013ek\u00fdch min\u00fat a\u017e po nieko\u013eko hod\u00edn.<\/li>\n<li><strong>Tradi\u010dn\u00e9 bankov\u00e9 met\u00f3dy:<\/strong> Vklady aj v\u00fdbery \u010dasto trvaj\u00fa nieko\u013eko dn\u00ed.<\/li>\n<\/ul>\n<p>Pou\u017eitie Bitcoin m\u00f4\u017ee v\u00fdrazne skr\u00e1ti\u0165 \u010dakacie doby spojen\u00e9 so spracovan\u00edm platieb v online hazardn\u00fdch hr\u00e1ch. V porovnan\u00ed s tradi\u010dn\u00fdmi platobn\u00fdmi met\u00f3dami m\u00f4\u017eu hr\u00e1\u010di \u010dasto za\u010da\u0165 hra\u0165 sk\u00f4r a r\u00fdchlej\u0161ie si vybra\u0165 svoje v\u00fdhry.<\/p>\n<h3><span class=\"ez-toc-section\" id=\"Casino_Bonuses_and_Incentives\"><\/span>Kas\u00ednov\u00e9 bonusy a stimuly<span class=\"ez-toc-section-end\"><\/span><\/h3>\n<ul>\n<li><strong>Uv\u00edtacie bonusy:<\/strong> Mnoh\u00e9 kas\u00edna Bitcoin pon\u00fakaj\u00fa pre nov\u00fdch hr\u00e1\u010dov v\u00fdrazn\u00e9 uv\u00edtacie bonusy.<\/li>\n<li><strong>Vernostn\u00e9 odmeny:<\/strong> V\u00fdhody pre pravideln\u00fdch pou\u017e\u00edvate\u013eov \u010dasto zah\u0155\u0148aj\u00fa vy\u0161\u0161ie bonusy alebo VIP zaobch\u00e1dzanie.<\/li>\n<li><strong>Exkluz\u00edvne propaga\u010dn\u00e9 akcie:<\/strong> Niektor\u00e9 kas\u00edna poskytuj\u00fa propaga\u010dn\u00e9 akcie prisp\u00f4soben\u00e9 \u0161peci\u00e1lne pou\u017e\u00edvate\u013eom Bitcoin.<\/li>\n<\/ul>\n<p>Platformy rulety Bitcoin m\u00f4\u017eu ma\u0165 v porovnan\u00ed s be\u017en\u00fdmi online kas\u00ednami \u0161tedrej\u0161ie bonusy a stimuly. Tieto bonusy s\u00fa navrhnut\u00e9 tak, aby pril\u00e1kali a udr\u017eali hr\u00e1\u010dov, ktor\u00ed uprednost\u0148uj\u00fa pou\u017e\u00edvanie kryptomien. Je d\u00f4le\u017eit\u00e9, aby si hr\u00e1\u010di pre\u010d\u00edtali podmienky spojen\u00e9 s t\u00fdmito bonusmi, aby plne pochopili, ako ich m\u00f4\u017eu vyu\u017ei\u0165.<\/p>\n<h2><span class=\"ez-toc-section\" id=\"Frequently_Asked_Questions\"><\/span>\u010casto kladen\u00e9 ot\u00e1zky<span class=\"ez-toc-section-end\"><\/span><\/h2>\n<p><img decoding=\"async\" src=\"https:\/\/coinkickoff.com\/wp-content\/uploads\/v2-3dgzp-ju7x7.jpg\" alt=\"\"><\/p>\n<p>T\u00e1to \u010das\u0165 sa zaober\u00e1 \u010dast\u00fdmi ot\u00e1zkami t\u00fdkaj\u00facimi sa rozdielov medzi ruletou Bitcoin a tradi\u010dnou ruletou a je prisp\u00f4soben\u00e1 hr\u00e1\u010dom, ktor\u00ed h\u013eadaj\u00fa v tejto oblasti jasno.<\/p>\n<h3><span class=\"ez-toc-section\" id=\"What_are_the_distinctive_features_of_Bitcoin_roulette_compared_to_traditional_roulette\"><\/span>Ak\u00e9 s\u00fa charakteristick\u00e9 vlastnosti rulety Bitcoin v porovnan\u00ed s tradi\u010dnou ruletou?<span class=\"ez-toc-section-end\"><\/span><\/h3>\n<p>Ruleta Bitcoin funguje podobne ako tradi\u010dn\u00e1 ruleta. Hlavn\u00fd rozdiel spo\u010d\u00edva v pou\u017e\u00edvan\u00ed Bitcoin ako meny, ktor\u00e1 \u010dasto umo\u017e\u0148uje r\u00fdchlej\u0161ie transakcie a lep\u0161iu anonymitu pre hr\u00e1\u010dov.<\/p>\n<h3><span class=\"ez-toc-section\" id=\"Can_you_use_Bitcoin_to_play_any_version_of_roulette\"><\/span>M\u00f4\u017eete pou\u017e\u00edva\u0165 Bitcoin na hranie akejko\u013evek verzie rulety?<span class=\"ez-toc-section-end\"><\/span><\/h3>\n<p>V\u00e4\u010d\u0161ina kas\u00edn Bitcoin pon\u00faka r\u00f4zne verzie rulety vr\u00e1tane americkej, eur\u00f3pskej a franc\u00fazskej rulety. Hr\u00e1\u010di m\u00f4\u017eu pod\u00e1va\u0165 st\u00e1vky pomocou Bitcoin v t\u00fdchto r\u00f4znych verzi\u00e1ch v z\u00e1vislosti od ponuky kas\u00edna.<\/p>\n<h3><span class=\"ez-toc-section\" id=\"What_advantages_do_Bitcoin_casinos_offer_for_roulette_players\"><\/span>Ak\u00e9 v\u00fdhody pon\u00fakaj\u00fa kas\u00edna Bitcoin pre hr\u00e1\u010dov rulety?<span class=\"ez-toc-section-end\"><\/span><\/h3>\n<p>Kas\u00edna Bitcoin \u010dasto poskytuj\u00fa hr\u00e1\u010dom v\u00fdhody, ako s\u00fa ni\u017e\u0161ie transak\u010dn\u00e9 poplatky, preuk\u00e1zate\u013ene f\u00e9rov\u00e9 hry a mo\u017enos\u0165 hra\u0165 a vybera\u0165 finan\u010dn\u00e9 prostriedky bez potreby osobn\u00fdch finan\u010dn\u00fdch \u00fadajov.<\/p>\n<h3><span class=\"ez-toc-section\" id=\"How_does_the_integration_of_Bitcoin_affect_the_gameplay_of_roulette\"><\/span>Ako integr\u00e1cia syst\u00e9mu Bitcoin ovplyv\u0148uje hranie rulety?<span class=\"ez-toc-section-end\"><\/span><\/h3>\n<p>Integr\u00e1cia Bitcoin zvy\u010dajne nemen\u00ed z\u00e1kladn\u00fa hru rulety. M\u00f4\u017ee v\u0161ak umo\u017eni\u0165 r\u00fdchlej\u0161\u00ed proces st\u00e1vkovania a vyberania pe\u0148az\u00ed, \u010d\u00edm sa zv\u00fd\u0161i celkov\u00e9 tempo hry.<\/p>\n<h3><span class=\"ez-toc-section\" id=\"Are_there_any_unique_betting_options_available_in_Bitcoin_roulette\"><\/span>S\u00fa v rulete Bitcoin k dispoz\u00edcii nejak\u00e9 jedine\u010dn\u00e9 mo\u017enosti st\u00e1vok?<span class=\"ez-toc-section-end\"><\/span><\/h3>\n<p>Ruleta Bitcoin vo v\u0161eobecnosti pon\u00faka rovnak\u00e9 mo\u017enosti st\u00e1vok ako be\u017en\u00e1 ruleta. Niektor\u00e9 kas\u00edna Bitcoin v\u0161ak m\u00f4\u017eu zavies\u0165 jedine\u010dn\u00e9 propaga\u010dn\u00e9 akcie alebo st\u00e1vky, aby pril\u00e1kali \u0161ir\u0161ie publikum nad\u0161encov kryptomien.<\/p>\n<h3><span class=\"ez-toc-section\" id=\"What_should_players_know_about_the_security_of_Bitcoin_roulette_games\"><\/span>\u010co by mali hr\u00e1\u010di vedie\u0165 o bezpe\u010dnosti ruletov\u00fdch hier Bitcoin?<span class=\"ez-toc-section-end\"><\/span><\/h3>\n<p>Bezpe\u010dnos\u0165 rulety Bitcoin z\u00e1vis\u00ed od robustnosti kryptografickej technol\u00f3gie, ktor\u00e1 stoj\u00ed za Bitcoin, ako aj od bezpe\u010dnostn\u00fdch opatren\u00ed, ktor\u00e9 zaviedli jednotliv\u00e9 kas\u00edna. Pre hr\u00e1\u010dov je ve\u013emi d\u00f4le\u017eit\u00e9 overi\u0165 si d\u00f4veryhodnos\u0165 kas\u00edna a f\u00e9rovos\u0165 jeho hier.<\/p>","protected":false},"excerpt":{"rendered":"<p>Upozornenie: Hazardn\u00e9 hry zah\u0155\u0148aj\u00fa zna\u010dn\u00e9 finan\u010dn\u00e9 riziko. Hrajte len s peniazmi, ktor\u00e9 si m\u00f4\u017eete dovoli\u0165 prehra\u0165. Ni\u017e\u0161ie uveden\u00e9 inform\u00e1cie maj\u00fa len informat\u00edvny charakter. Ak sa zaregistrujete a prehr\u00e1te peniaze v niektorom z nasleduj\u00facich kas\u00edn, m\u00f4\u017ee n\u00e1m by\u0165 vyplaten\u00e1 prov\u00edzia. Nie v\u0161etky kas\u00edna s\u00fa dostupn\u00e9 vo v\u0161etk\u00fdch krajin\u00e1ch. V\u0161etky inform\u00e1cie, ktor\u00e9 uv\u00e1dzame, s\u00fa [...]<\/p>","protected":false},"author":1,"featured_media":4599,"parent":4440,"menu_order":0,"comment_status":"closed","ping_status":"closed","template":"","meta":{"_genesis_hide_title":false,"_genesis_hide_breadcrumbs":false,"_genesis_hide_singular_image":false,"_genesis_hide_footer_widgets":false,"_genesis_custom_body_class":"","_genesis_custom_post_class":"","_genesis_layout":"","_glsr_average":0,"_glsr_ranking":0,"_glsr_reviews":0,"footnotes":""},"class_list":{"0":"post-4595","1":"page","2":"type-page","3":"status-publish","4":"has-post-thumbnail","6":"entry"},"featured_image_src":"https:\/\/coinkickoff.com\/wp-content\/uploads\/v2-3dgz8-pee1q-600x400.jpg","featured_image_src_square":"https:\/\/coinkickoff.com\/wp-content\/uploads\/v2-3dgz8-pee1q-600x600.jpg","_links":{"self":[{"href":"https:\/\/coinkickoff.com\/sk\/wp-json\/wp\/v2\/pages\/4595","targetHints":{"allow":["GET"]}}],"collection":[{"href":"https:\/\/coinkickoff.com\/sk\/wp-json\/wp\/v2\/pages"}],"about":[{"href":"https:\/\/coinkickoff.com\/sk\/wp-json\/wp\/v2\/types\/page"}],"author":[{"embeddable":true,"href":"https:\/\/coinkickoff.com\/sk\/wp-json\/wp\/v2\/users\/1"}],"replies":[{"embeddable":true,"href":"https:\/\/coinkickoff.com\/sk\/wp-json\/wp\/v2\/comments?post=4595"}],"version-history":[{"count":3,"href":"https:\/\/coinkickoff.com\/sk\/wp-json\/wp\/v2\/pages\/4595\/revisions"}],"predecessor-version":[{"id":4602,"href":"https:\/\/coinkickoff.com\/sk\/wp-json\/wp\/v2\/pages\/4595\/revisions\/4602"}],"up":[{"embeddable":true,"href":"https:\/\/coinkickoff.com\/sk\/wp-json\/wp\/v2\/pages\/4440"}],"wp:featuredmedia":[{"embeddable":true,"href":"https:\/\/coinkickoff.com\/sk\/wp-json\/wp\/v2\/media\/4599"}],"wp:attachment":[{"href":"https:\/\/coinkickoff.com\/sk\/wp-json\/wp\/v2\/media?parent=4595"}],"curies":[{"name":"wp","href":"https:\/\/api.w.org\/{rel}","templated":true}]}}