{"id":4585,"date":"2026-01-08T14:07:59","date_gmt":"2026-01-08T14:07:59","guid":{"rendered":"https:\/\/coinkickoff.com\/?page_id=4585"},"modified":"2026-01-08T14:07:59","modified_gmt":"2026-01-08T14:07:59","slug":"how-is-bitcoin-blackjack-different","status":"publish","type":"page","link":"https:\/\/coinkickoff.com\/sk\/bitcoin-casino\/how-is-bitcoin-blackjack-different\/","title":{"rendered":"Ako sa Blackjack Bitcoin l\u00ed\u0161i od be\u017en\u00e9ho Blackjacku?"},"content":{"rendered":"<p><em>Upozornenie: Hazardn\u00e9 hry zah\u0155\u0148aj\u00fa zna\u010dn\u00e9 finan\u010dn\u00e9 riziko. Hrajte len s peniazmi, ktor\u00e9 si m\u00f4\u017eete dovoli\u0165 prehra\u0165. Ni\u017e\u0161ie uveden\u00e9 inform\u00e1cie maj\u00fa len informat\u00edvny charakter. Ak sa zaregistrujete a prehr\u00e1te peniaze v niektorej z nasleduj\u00facich hier, m\u00f4\u017ee n\u00e1m by\u0165 vyplaten\u00e1 prov\u00edzia <a href=\"https:\/\/coinkickoff.com\/sk\/bitcoin-casino\/\" data-internallinksmanager029f6b8e52c=\"200\" title=\"3 najlep\u0161ie Bitcoin krypto kas\u00edna s bonusmi\">kas\u00edna<\/a>. Nie v\u0161etky kas\u00edna s\u00fa dostupn\u00e9 vo v\u0161etk\u00fdch krajin\u00e1ch. V\u0161etky inform\u00e1cie sme pova\u017eovali za spr\u00e1vne v \u010dase uverejnenia, ale mohli sa od tej doby zmeni\u0165.<\/em><\/p>\n<div id=\"ez-toc-container\" class=\"ez-toc-v2_0_80 counter-hierarchy ez-toc-counter ez-toc-transparent ez-toc-container-direction\">\n<div class=\"ez-toc-title-container\">\n<p class=\"ez-toc-title\" style=\"cursor:inherit\">Sekcie<\/p>\n<span class=\"ez-toc-title-toggle\"><a href=\"#\" class=\"ez-toc-pull-right ez-toc-btn ez-toc-btn-xs ez-toc-btn-default ez-toc-toggle\" aria-label=\"Prep\u00ednanie tabu\u013eky obsahu\"><span class=\"ez-toc-js-icon-con\"><span class=\"\"><span class=\"eztoc-hide\" style=\"display:none;\">Prep\u00edna\u010d<\/span><span class=\"ez-toc-icon-toggle-span\"><svg style=\"fill: #999;color:#999\" xmlns=\"http:\/\/www.w3.org\/2000\/svg\" class=\"list-377408\" width=\"20px\" height=\"20px\" viewbox=\"0 0 24 24\" fill=\"none\"><path d=\"M6 6H4v2h2V6zm14 0H8v2h12V6zM4 11h2v2H4v-2zm16 0H8v2h12v-2zM4 16h2v2H4v-2zm16 0H8v2h12v-2z\" fill=\"currentColor\"><\/path><\/svg><svg style=\"fill: #999;color:#999\" class=\"arrow-unsorted-368013\" xmlns=\"http:\/\/www.w3.org\/2000\/svg\" width=\"10px\" height=\"10px\" viewbox=\"0 0 24 24\" version=\"1.2\" baseprofile=\"tiny\"><path d=\"M18.2 9.3l-6.2-6.3-6.2 6.3c-.2.2-.3.4-.3.7s.1.5.3.7c.2.2.4.3.7.3h11c.3 0 .5-.1.7-.3.2-.2.3-.5.3-.7s-.1-.5-.3-.7zM5.8 14.7l6.2 6.3 6.2-6.3c.2-.2.3-.5.3-.7s-.1-.5-.3-.7c-.2-.2-.4-.3-.7-.3h-11c-.3 0-.5.1-.7.3-.2.2-.3.5-.3.7s.1.5.3.7z\"\/><\/svg><\/span><\/span><\/span><\/a><\/span><\/div>\n<nav><ul class='ez-toc-list ez-toc-list-level-1 eztoc-toggle-hide-by-default' ><li class='ez-toc-page-1 ez-toc-heading-level-2'><a class=\"ez-toc-link ez-toc-heading-1\" href=\"https:\/\/coinkickoff.com\/sk\/bitcoin-casino\/how-is-bitcoin-blackjack-different\/#Fundamentals_of_Bitcoin_Blackjack\" >Z\u00e1klady blackjacku Bitcoin<\/a><ul class='ez-toc-list-level-3' ><li class='ez-toc-heading-level-3'><a class=\"ez-toc-link ez-toc-heading-2\" href=\"https:\/\/coinkickoff.com\/sk\/bitcoin-casino\/how-is-bitcoin-blackjack-different\/#Definition_and_Operation\" >Defin\u00edcia a fungovanie<\/a><\/li><li class='ez-toc-page-1 ez-toc-heading-level-3'><a class=\"ez-toc-link ez-toc-heading-3\" href=\"https:\/\/coinkickoff.com\/sk\/bitcoin-casino\/how-is-bitcoin-blackjack-different\/#Key_Differences_From_Traditional_Blackjack\" >Hlavn\u00e9 rozdiely oproti tradi\u010dn\u00e9mu blackjacku<\/a><\/li><\/ul><\/li><li class='ez-toc-page-1 ez-toc-heading-level-2'><a class=\"ez-toc-link ez-toc-heading-4\" href=\"https:\/\/coinkickoff.com\/sk\/bitcoin-casino\/how-is-bitcoin-blackjack-different\/#Gameplay_Specifics\" >\u0160pecifik\u00e1 hry<\/a><ul class='ez-toc-list-level-3' ><li class='ez-toc-heading-level-3'><a class=\"ez-toc-link ez-toc-heading-5\" href=\"https:\/\/coinkickoff.com\/sk\/bitcoin-casino\/how-is-bitcoin-blackjack-different\/#Digital_Transactions_in_Gameplay\" >Digit\u00e1lne transakcie v hr\u00e1ch<\/a><\/li><li class='ez-toc-page-1 ez-toc-heading-level-3'><a class=\"ez-toc-link ez-toc-heading-6\" href=\"https:\/\/coinkickoff.com\/sk\/bitcoin-casino\/how-is-bitcoin-blackjack-different\/#Use_of_Provably_Fair_Algorithms\" >Pou\u017e\u00edvanie preuk\u00e1zate\u013ene spravodliv\u00fdch algoritmov<\/a><\/li><li class='ez-toc-page-1 ez-toc-heading-level-3'><a class=\"ez-toc-link ez-toc-heading-7\" href=\"https:\/\/coinkickoff.com\/sk\/bitcoin-casino\/how-is-bitcoin-blackjack-different\/#Privacy_and_Anonymity_Aspects\" >Aspekty s\u00fakromia a anonymity<\/a><\/li><\/ul><\/li><li class='ez-toc-page-1 ez-toc-heading-level-2'><a class=\"ez-toc-link ez-toc-heading-8\" href=\"https:\/\/coinkickoff.com\/sk\/bitcoin-casino\/how-is-bitcoin-blackjack-different\/#Considerations_for_Players\" >\u00davahy pre hr\u00e1\u010dov<\/a><ul class='ez-toc-list-level-3' ><li class='ez-toc-heading-level-3'><a class=\"ez-toc-link ez-toc-heading-9\" href=\"https:\/\/coinkickoff.com\/sk\/bitcoin-casino\/how-is-bitcoin-blackjack-different\/#Volatility_of_Bitcoin_Value\" >Volatilita hodnoty Bitcoin<\/a><\/li><li class='ez-toc-page-1 ez-toc-heading-level-3'><a class=\"ez-toc-link ez-toc-heading-10\" href=\"https:\/\/coinkickoff.com\/sk\/bitcoin-casino\/how-is-bitcoin-blackjack-different\/#Legal_and_Regulatory_Implications\" >Pr\u00e1vne a regula\u010dn\u00e9 d\u00f4sledky<\/a><\/li><li class='ez-toc-page-1 ez-toc-heading-level-3'><a class=\"ez-toc-link ez-toc-heading-11\" href=\"https:\/\/coinkickoff.com\/sk\/bitcoin-casino\/how-is-bitcoin-blackjack-different\/#Security_and_Trustworthiness\" >Bezpe\u010dnos\u0165 a d\u00f4veryhodnos\u0165<\/a><\/li><\/ul><\/li><li class='ez-toc-page-1 ez-toc-heading-level-2'><a class=\"ez-toc-link ez-toc-heading-12\" href=\"https:\/\/coinkickoff.com\/sk\/bitcoin-casino\/how-is-bitcoin-blackjack-different\/#Frequently_Asked_Questions\" >\u010casto kladen\u00e9 ot\u00e1zky<\/a><ul class='ez-toc-list-level-3' ><li class='ez-toc-heading-level-3'><a class=\"ez-toc-link ez-toc-heading-13\" href=\"https:\/\/coinkickoff.com\/sk\/bitcoin-casino\/how-is-bitcoin-blackjack-different\/#What_are_the_differences_in_transaction_methods_between_Bitcoin_Blackjack_and_traditional_Blackjack\" >Ak\u00e9 s\u00fa rozdiely v transak\u010dn\u00fdch met\u00f3dach medzi Blackjackom Bitcoin a tradi\u010dn\u00fdm Blackjackom?<\/a><\/li><li class='ez-toc-page-1 ez-toc-heading-level-3'><a class=\"ez-toc-link ez-toc-heading-14\" href=\"https:\/\/coinkickoff.com\/sk\/bitcoin-casino\/how-is-bitcoin-blackjack-different\/#Does_the_use_of_Bitcoin_in_Blackjack_affect_game_anonymity\" >M\u00e1 pou\u017e\u00edvanie Bitcoin v blackjacku vplyv na anonymitu hry?<\/a><\/li><li class='ez-toc-page-1 ez-toc-heading-level-3'><a class=\"ez-toc-link ez-toc-heading-15\" href=\"https:\/\/coinkickoff.com\/sk\/bitcoin-casino\/how-is-bitcoin-blackjack-different\/#Are_there_any_variations_in_game_rules_for_Blackjack_when_playing_with_Bitcoin\" >Existuj\u00fa nejak\u00e9 odch\u00fdlky v pravidl\u00e1ch hry Blackjack pri hre s Bitcoin?<\/a><\/li><li class='ez-toc-page-1 ez-toc-heading-level-3'><a class=\"ez-toc-link ez-toc-heading-16\" href=\"https:\/\/coinkickoff.com\/sk\/bitcoin-casino\/how-is-bitcoin-blackjack-different\/#How_do_the_odds_or_payouts_differ_in_Bitcoin_Blackjack_compared_to_regular_Blackjack\" >Ako sa l\u00ed\u0161ia kurzy alebo v\u00fdplaty v Bitcoin blackjacku v porovnan\u00ed s be\u017en\u00fdm blackjackom?<\/a><\/li><li class='ez-toc-page-1 ez-toc-heading-level-3'><a class=\"ez-toc-link ez-toc-heading-17\" href=\"https:\/\/coinkickoff.com\/sk\/bitcoin-casino\/how-is-bitcoin-blackjack-different\/#What_security_measures_are_unique_to_Bitcoin_Blackjack_games\" >Ak\u00e9 bezpe\u010dnostn\u00e9 opatrenia s\u00fa jedine\u010dn\u00e9 pre hry Bitcoin Blackjack?<\/a><\/li><li class='ez-toc-page-1 ez-toc-heading-level-3'><a class=\"ez-toc-link ez-toc-heading-18\" href=\"https:\/\/coinkickoff.com\/sk\/bitcoin-casino\/how-is-bitcoin-blackjack-different\/#Can_Bitcoin_Blackjack_be_played_from_regions_where_traditional_online_gambling_is_restricted\" >Je mo\u017en\u00e9 hra\u0165 Blackjack Bitcoin v regi\u00f3noch, kde s\u00fa tradi\u010dn\u00e9 online hazardn\u00e9 hry obmedzen\u00e9?<\/a><\/li><\/ul><\/li><\/ul><\/nav><\/div>\n<h2><span class=\"ez-toc-section\" id=\"Fundamentals_of_Bitcoin_Blackjack\"><\/span>Z\u00e1klady blackjacku Bitcoin<span class=\"ez-toc-section-end\"><\/span><\/h2>\n<p><img decoding=\"async\" src=\"https:\/\/coinkickoff.com\/wp-content\/uploads\/v2-3dgvp-hoj5o.jpg\" alt=\"\"><\/p>\n<p><a href=\"https:\/\/coinkickoff.com\/sk\/bitcoin-casino\/how-to-play-crypto-blackjack\/\" data-internallinksmanager029f6b8e52c=\"204\" title=\"Ako hra\u0165 Crypto Blackjack: ovl\u00e1dnutie hry online\">Bitcoin Blackjack<\/a> integruje technol\u00f3giu kryptomien s tradi\u010dnou hrou blackjack a pon\u00faka jedine\u010dn\u00e9 funkcie, ktor\u00e9 zodpovedaj\u00fa s\u00fa\u010dasn\u00fdm technologick\u00fdm trendom.<\/p>\n<h3><span class=\"ez-toc-section\" id=\"Definition_and_Operation\"><\/span>Defin\u00edcia a fungovanie<span class=\"ez-toc-section-end\"><\/span><\/h3>\n<p>Bitcoin Blackjack je digit\u00e1lna varianta tradi\u010dnej kas\u00ednovej hry, ktor\u00e1 sa hr\u00e1 s pou\u017eit\u00edm Bitcoin, \u010do je forma digit\u00e1lnej meny. Hr\u00e1\u010di m\u00f4\u017eu pod\u00e1va\u0165 st\u00e1vky, prij\u00edma\u0165 v\u00fdplaty a vykon\u00e1va\u0165 v\u0161etky finan\u010dn\u00e9 transakcie pomocou Bitcoin. Oper\u00e1cia z\u00e1vis\u00ed od blockchainu, \u010d\u00edm sa zabezpe\u010duje transparentnos\u0165 a bezpe\u010dnos\u0165. Medzi k\u013e\u00fa\u010dov\u00e9 komponenty patria:<\/p>\n<ul>\n<li>Bitcoin Pe\u0148a\u017eenky: Hr\u00e1\u010di ich pou\u017e\u00edvaj\u00fa na vkladanie a vyberanie finan\u010dn\u00fdch prostriedkov.<\/li>\n<li>Pravdepodobne spravodliv\u00e1 technol\u00f3gia: Umo\u017e\u0148uje hr\u00e1\u010dom overi\u0165 f\u00e9rovos\u0165 ka\u017ed\u00e9ho rozdania alebo rozdania.<\/li>\n<\/ul>\n<h3><span class=\"ez-toc-section\" id=\"Key_Differences_From_Traditional_Blackjack\"><\/span>Hlavn\u00e9 rozdiely oproti tradi\u010dn\u00e9mu blackjacku<span class=\"ez-toc-section-end\"><\/span><\/h3>\n<p>V porovnan\u00ed so svoj\u00edm tradi\u010dn\u00fdm n\u00e1protivkom vykazuje Bitcoin Blackjack v\u00fdrazn\u00e9 rozdiely:<\/p>\n<p><strong>Finan\u010dn\u00e9 transakcie<\/strong>: Bitcoin Blackjack zaru\u010duje okam\u017eit\u00e9 vklady a v\u00fdbery, \u010d\u00edm sa obch\u00e1dzaj\u00fa tradi\u010dn\u00e9 bankov\u00e9 procesy a poplatky.<\/p>\n<p><strong>Anonymita<\/strong>: Hr\u00e1\u010di maj\u00fa \u010dasto v\u00e4\u010d\u0161ie s\u00fakromie, preto\u017ee transakcie Bitcoin nevy\u017eaduj\u00fa osobn\u00e9 \u00fadaje v takom rozsahu ako fiat meny.<\/p>\n<p><strong>Glob\u00e1lny pr\u00edstup<\/strong>: Ke\u010f\u017ee Bitcoin nie je viazan\u00e1 na centr\u00e1lnu banku, umo\u017e\u0148uje hr\u00e1\u010dom z r\u00f4znych jurisdikci\u00ed z\u00fa\u010dastni\u0165 sa na hre bez obmedzen\u00ed vypl\u00fdvaj\u00facich z miestnych predpisov o hazardn\u00fdch hr\u00e1ch.<\/p>\n<p><strong>Spravodlivos\u0165 hry<\/strong>: Pou\u017eitie technol\u00f3gie blockchain pon\u00faka preuk\u00e1zate\u013ene spravodliv\u00fd syst\u00e9m, ktor\u00fd umo\u017e\u0148uje hr\u00e1\u010dom overi\u0165 n\u00e1hodnos\u0165 a spravodlivos\u0165 ka\u017ed\u00e9ho kola hry.<\/p>\n<h2><span class=\"ez-toc-section\" id=\"Gameplay_Specifics\"><\/span>\u0160pecifik\u00e1 hry<span class=\"ez-toc-section-end\"><\/span><\/h2>\n<p><img decoding=\"async\" src=\"https:\/\/coinkickoff.com\/wp-content\/uploads\/v2-3dgw4-jjeu5.jpg\" alt=\"\"><\/p>\n<p>V oblasti online hazardn\u00fdch hier prin\u00e1\u0161a Bitcoin Blackjack v\u00fdrazn\u00e9 zmeny v transak\u010dn\u00fdch procesoch a bezpe\u010dnostn\u00fdch protokoloch, \u010d\u00edm v\u00fdrazne zlep\u0161uje sk\u00fasenosti hr\u00e1\u010dov.<\/p>\n<h3><span class=\"ez-toc-section\" id=\"Digital_Transactions_in_Gameplay\"><\/span>Digit\u00e1lne transakcie v hr\u00e1ch<span class=\"ez-toc-section-end\"><\/span><\/h3>\n<p>Bitcoin Blackjack umo\u017e\u0148uje pou\u017e\u00edva\u0165 kryptomenu na st\u00e1vky a v\u00fdplaty. Hr\u00e1\u010di musia <strong>vklad Bitcoin<\/strong> do ich pe\u0148a\u017eenky v kas\u00edne za\u010da\u0165, a <a href=\"https:\/\/coinkickoff.com\/sk\/bitcoin-casino\/cash-in-bitcoin-casino-winnings\/\" data-internallinksmanager029f6b8e52c=\"211\" title=\"Ako spe\u0148a\u017ei\u0165 v\u00fdhry v kas\u00edne Bitcoin: Sprievodca krok za krokom\">v\u00fdhry<\/a> s\u00fa <strong>vyplaten\u00e9 v Bitcoin<\/strong>, \u010do zvy\u010dajne zabezpe\u010duje r\u00fdchlej\u0161ie transakcie ako tradi\u010dn\u00e1 mena.<\/p>\n<h3><span class=\"ez-toc-section\" id=\"Use_of_Provably_Fair_Algorithms\"><\/span>Pou\u017e\u00edvanie preuk\u00e1zate\u013ene spravodliv\u00fdch algoritmov<span class=\"ez-toc-section-end\"><\/span><\/h3>\n<p>Technol\u00f3gia Bitcoin Blackjack vyu\u017e\u00edva <strong>preuk\u00e1zate\u013ene spravodliv\u00e9 algoritmy<\/strong>, \u010d\u00edm sa zabezpe\u010d\u00ed transparentnos\u0165 a spravodlivos\u0165. Hr\u00e1\u010di dostan\u00fa za\u0161ifrovan\u00e9 hesl\u00e1 pou\u017eit\u00fdch bal\u00ed\u010dkov a po skon\u010den\u00ed hry si m\u00f4\u017eu pomocou t\u00fdchto krokov overi\u0165, \u010di boli rozdan\u00e9 karty skuto\u010dne n\u00e1hodn\u00e9:<\/p>\n<ol>\n<li>Pred za\u010dat\u00edm hry prijmite za\u0161ifrovan\u00fd hash.<\/li>\n<li>Po\u010das hry si v\u0161\u00edmajte v\u00fdsledky kariet.<\/li>\n<li>Po skon\u010den\u00ed hry pou\u017eite algoritmus na dek\u00f3dovanie hashu a porovnajte ho s v\u00fdsledkom hry.<\/li>\n<\/ol>\n<h3><span class=\"ez-toc-section\" id=\"Privacy_and_Anonymity_Aspects\"><\/span>Aspekty s\u00fakromia a anonymity<span class=\"ez-toc-section-end\"><\/span><\/h3>\n<p>Transakcie Bitcoin nevy\u017eaduj\u00fa osobn\u00e9 \u00fadaje, \u010d\u00edm sa zvy\u0161uje ochrana s\u00fakromia. Hr\u00e1\u010di sa m\u00f4\u017eu zapoji\u0165 do hier Blackjack bez toho, aby museli zverej\u0148ova\u0165 citliv\u00e9 \u00fadaje, \u010d\u00edm pri\u0165ahuj\u00fa jednotlivcov, ktor\u00ed uprednost\u0148uj\u00fa <em>anonymita<\/em> v online aktivit\u00e1ch.<\/p>\n<h2><span class=\"ez-toc-section\" id=\"Considerations_for_Players\"><\/span>\u00davahy pre hr\u00e1\u010dov<span class=\"ez-toc-section-end\"><\/span><\/h2>\n<p><img decoding=\"async\" src=\"https:\/\/coinkickoff.com\/wp-content\/uploads\/v2-3dgws-32uf3.jpg\" alt=\"\"><\/p>\n<p>Ke\u010f hr\u00e1\u010di prech\u00e1dzaj\u00fa z tradi\u010dn\u00e9ho blackjacku na Bitcoin blackjack, musia si by\u0165 vedom\u00ed faktorov, ako je volatilita kryptomeny, pr\u00e1vne aspekty a bezpe\u010dnostn\u00e9 opatrenia online platforiem.<\/p>\n<h3><span class=\"ez-toc-section\" id=\"Volatility_of_Bitcoin_Value\"><\/span>Volatilita hodnoty Bitcoin<span class=\"ez-toc-section-end\"><\/span><\/h3>\n<p><strong>Cena Bitcoin kol\u00ed\u0161e<\/strong> \u010do m\u00f4\u017ee ovplyvni\u0165 v\u00fd\u0161ku st\u00e1vok hr\u00e1\u010dov. Napr\u00edklad:<\/p>\n<ul>\n<li><strong>Ke\u010f sa hodnota Bitcoin zv\u00fd\u0161i<\/strong>: St\u00e1vka 0,01 BTC m\u00f4\u017ee ma\u0165 jeden de\u0148 hodnotu $50 a na druh\u00fd de\u0148 $100.<\/li>\n<li><strong>Ke\u010f sa hodnota Bitcoin zn\u00ed\u017ei<\/strong>: V\u00fdhry m\u00f4\u017eu v \u010dase v\u00fdberu strati\u0165 hodnotu, \u010do ovplyv\u0148uje celkov\u00fa ziskovos\u0165.<\/li>\n<\/ul>\n<h3><span class=\"ez-toc-section\" id=\"Legal_and_Regulatory_Implications\"><\/span>Pr\u00e1vne a regula\u010dn\u00e9 d\u00f4sledky<span class=\"ez-toc-section-end\"><\/span><\/h3>\n<p>R\u00f4zne jurisdikcie maj\u00fa r\u00f4zne z\u00e1kony t\u00fdkaj\u00face sa <strong>kryptomena hazardn\u00e9 hry<\/strong>. Hr\u00e1\u010di by mali zv\u00e1\u017ei\u0165:<\/p>\n<ul>\n<li><strong>Z\u00e1konnos\u0165<\/strong>: V niektor\u00fdch regi\u00f3noch je pou\u017e\u00edvanie Bitcoin na blackjack leg\u00e1lne, zatia\u013e \u010do v in\u00fdch je bu\u010f regulovan\u00e9, alebo zak\u00e1zan\u00e9.<\/li>\n<li><strong>Da\u0148ov\u00e9 d\u00f4sledky<\/strong>: V\u00fdhry v Bitcoin m\u00f4\u017eu ma\u0165 odli\u0161n\u00e9 da\u0148ov\u00e9 zaobch\u00e1dzanie ako tradi\u010dn\u00e1 mena, \u010do si vy\u017eaduje dodato\u010dn\u00fa n\u00e1le\u017eit\u00fa starostlivos\u0165.<\/li>\n<\/ul>\n<h3><span class=\"ez-toc-section\" id=\"Security_and_Trustworthiness\"><\/span>Bezpe\u010dnos\u0165 a d\u00f4veryhodnos\u0165<span class=\"ez-toc-section-end\"><\/span><\/h3>\n<p>V\u00fdber d\u00f4veryhodn\u00e9ho poskytovate\u013ea Bitcoin blackjack je ve\u013emi d\u00f4le\u017eit\u00fd. Hr\u00e1\u010di by mali h\u013eada\u0165:<\/p>\n<ul>\n<li><strong>Transparentn\u00e9 oper\u00e1cie<\/strong>: Renomovan\u00e9 str\u00e1nky poskytuj\u00fa jasn\u00e9 inform\u00e1cie o spravodlivosti svojich hier a ich prev\u00e1dzkov\u00fdch licenci\u00e1ch.<\/li>\n<li><strong>Bezpe\u010dnostn\u00e9 opatrenia<\/strong>: Primeran\u00e1 ochrana ako <strong>dvojfaktorov\u00e9 overovanie<\/strong> a <strong>\u0160ifrovanie SSL<\/strong> chr\u00e1ni\u0165 finan\u010dn\u00e9 prostriedky a osobn\u00e9 \u00fadaje hr\u00e1\u010dov.<\/li>\n<\/ul>\n<h2><span class=\"ez-toc-section\" id=\"Frequently_Asked_Questions\"><\/span>\u010casto kladen\u00e9 ot\u00e1zky<span class=\"ez-toc-section-end\"><\/span><\/h2>\n<p><img decoding=\"async\" src=\"https:\/\/coinkickoff.com\/wp-content\/uploads\/v2-3dgx9-wx3hk.jpg\" alt=\"\"><\/p>\n<p>Nasleduj\u00face podkapitoly sa zaoberaj\u00fa be\u017en\u00fdmi ot\u00e1zkami t\u00fdkaj\u00facimi sa rozdielov medzi Bitcoin Blackjackom a jeho tradi\u010dn\u00fdm n\u00e1protivkom, pri\u010dom sa zameriavaj\u00fa na rozdiely v transakci\u00e1ch, anonymitu, pravidl\u00e1 hry, kurzy, bezpe\u010dnostn\u00e9 opatrenia a dostupnos\u0165.<\/p>\n<h3><span class=\"ez-toc-section\" id=\"What_are_the_differences_in_transaction_methods_between_Bitcoin_Blackjack_and_traditional_Blackjack\"><\/span>Ak\u00e9 s\u00fa rozdiely v transak\u010dn\u00fdch met\u00f3dach medzi Blackjackom Bitcoin a tradi\u010dn\u00fdm Blackjackom?<span class=\"ez-toc-section-end\"><\/span><\/h3>\n<p>Bitcoin Blackjack vyu\u017e\u00edva na st\u00e1vky a v\u00fdplaty kryptomeny, predov\u0161etk\u00fdm Bitcoin, \u010do umo\u017e\u0148uje r\u00fdchlej\u0161ie transakcie a \u010dasto aj ni\u017e\u0161ie poplatky za spracovanie. Tradi\u010dn\u00fd Blackjack sa zvy\u010dajne spolieha na fiat meny, ktor\u00e9 sa spracov\u00e1vaj\u00fa prostredn\u00edctvom r\u00f4znych platobn\u00fdch syst\u00e9mov, ako s\u00fa kreditn\u00e9 karty, bankov\u00e9 prevody alebo elektronick\u00e9 pe\u0148a\u017eenky.<\/p>\n<h3><span class=\"ez-toc-section\" id=\"Does_the_use_of_Bitcoin_in_Blackjack_affect_game_anonymity\"><\/span>M\u00e1 pou\u017e\u00edvanie Bitcoin v blackjacku vplyv na anonymitu hry?<span class=\"ez-toc-section-end\"><\/span><\/h3>\n<p>Hranie blackjacku s Bitcoin m\u00f4\u017ee pon\u00faknu\u0165 v\u00e4\u010d\u0161iu anonymitu, preto\u017ee transakcie nevy\u017eaduj\u00fa osobn\u00e9 finan\u010dn\u00e9 \u00fadaje. Hr\u00e1\u010di si v\u0161ak musia uvedomi\u0165, \u017ee \u00fapln\u00e1 anonymita nemus\u00ed by\u0165 zaru\u010den\u00e1 z d\u00f4vodu pravidiel platformy alebo regula\u010dn\u00fdch po\u017eiadaviek.<\/p>\n<h3><span class=\"ez-toc-section\" id=\"Are_there_any_variations_in_game_rules_for_Blackjack_when_playing_with_Bitcoin\"><\/span>Existuj\u00fa nejak\u00e9 odch\u00fdlky v pravidl\u00e1ch hry Blackjack pri hre s Bitcoin?<span class=\"ez-toc-section-end\"><\/span><\/h3>\n<p>Z\u00e1kladn\u00e9 pravidl\u00e1 blackjacku zost\u00e1vaj\u00fa v hre Bitcoin Blackjack nezmenen\u00e9. Cie\u013eom hr\u00e1\u010dov je porazi\u0165 krupi\u00e9ra pribl\u00ed\u017een\u00edm sa k celkovej hodnote 21 bez jej prekro\u010denia. Niektor\u00e9 kas\u00edna Bitcoin v\u0161ak m\u00f4\u017eu pon\u00faka\u0165 jedine\u010dn\u00e9 varianty alebo ved\u013eaj\u0161ie st\u00e1vky, ktor\u00e9 s\u00fa \u0161pecifick\u00e9 pre ich platformu.<\/p>\n<h3><span class=\"ez-toc-section\" id=\"How_do_the_odds_or_payouts_differ_in_Bitcoin_Blackjack_compared_to_regular_Blackjack\"><\/span>Ako sa l\u00ed\u0161ia kurzy alebo v\u00fdplaty v Bitcoin blackjacku v porovnan\u00ed s be\u017en\u00fdm blackjackom?<span class=\"ez-toc-section-end\"><\/span><\/h3>\n<p>Kurzy a v\u00fdplaty v Bitcoin blackjacku s\u00fa zvy\u010dajne rovnak\u00e9 ako v tradi\u010dnom blackjacku a zodpovedaj\u00fa \u0161tandardn\u00fdm postupom kas\u00edna. Kas\u00edna Bitcoin v\u0161ak m\u00f4\u017eu pon\u00faka\u0165 atrakt\u00edvnej\u0161ie kurzy alebo bonusov\u00e9 v\u00fdplaty, aby hr\u00e1\u010dov nal\u00e1kali na pou\u017e\u00edvanie kryptomien.<\/p>\n<h3><span class=\"ez-toc-section\" id=\"What_security_measures_are_unique_to_Bitcoin_Blackjack_games\"><\/span>Ak\u00e9 bezpe\u010dnostn\u00e9 opatrenia s\u00fa jedine\u010dn\u00e9 pre hry Bitcoin Blackjack?<span class=\"ez-toc-section-end\"><\/span><\/h3>\n<p>Bitcoin Blackjack obsahuje technol\u00f3giu blockchain, ktor\u00e1 zabezpe\u010duje decentralizovan\u00e9 overovanie transakci\u00ed a zv\u00fd\u0161en\u00fa bezpe\u010dnos\u0165. Niektor\u00e9 kas\u00edna pon\u00fakaj\u00fa aj preuk\u00e1zate\u013ene spravodliv\u00e9 algoritmy, ktor\u00e9 umo\u017e\u0148uj\u00fa hr\u00e1\u010dom overi\u0165 spravodlivos\u0165 ka\u017ed\u00e9ho rozdania po jeho odohran\u00ed.<\/p>\n<h3><span class=\"ez-toc-section\" id=\"Can_Bitcoin_Blackjack_be_played_from_regions_where_traditional_online_gambling_is_restricted\"><\/span>Je mo\u017en\u00e9 hra\u0165 Blackjack Bitcoin v regi\u00f3noch, kde s\u00fa tradi\u010dn\u00e9 online hazardn\u00e9 hry obmedzen\u00e9?<span class=\"ez-toc-section-end\"><\/span><\/h3>\n<p>Blackjack Bitcoin je niekedy pr\u00edstupn\u00fd z jurisdikci\u00ed, kde tradi\u010dn\u00e9 online hazardn\u00e9 hry \u010delia obmedzeniam, a to v\u010faka decentralizovanej povahe Bitcoin. Hr\u00e1\u010di by si v\u0161ak mali by\u0165 vedom\u00ed miestnych z\u00e1konov, preto\u017ee predpisy sa m\u00f4\u017eu v\u00fdrazne l\u00ed\u0161i\u0165 a \u010dasom meni\u0165.<\/p>","protected":false},"excerpt":{"rendered":"<p>Upozornenie: Hazardn\u00e9 hry zah\u0155\u0148aj\u00fa zna\u010dn\u00e9 finan\u010dn\u00e9 riziko. Hrajte len s peniazmi, ktor\u00e9 si m\u00f4\u017eete dovoli\u0165 prehra\u0165. Ni\u017e\u0161ie uveden\u00e9 inform\u00e1cie maj\u00fa len informat\u00edvny charakter. Ak sa zaregistrujete a prehr\u00e1te peniaze v niektorom z nasleduj\u00facich kas\u00edn, m\u00f4\u017ee n\u00e1m by\u0165 vyplaten\u00e1 prov\u00edzia. Nie v\u0161etky kas\u00edna s\u00fa dostupn\u00e9 vo v\u0161etk\u00fdch krajin\u00e1ch. V\u0161etky inform\u00e1cie, ktor\u00e9 uv\u00e1dzame, s\u00fa [...]<\/p>","protected":false},"author":1,"featured_media":4586,"parent":4440,"menu_order":0,"comment_status":"closed","ping_status":"closed","template":"","meta":{"_genesis_hide_title":false,"_genesis_hide_breadcrumbs":false,"_genesis_hide_singular_image":false,"_genesis_hide_footer_widgets":false,"_genesis_custom_body_class":"","_genesis_custom_post_class":"","_genesis_layout":"","_glsr_average":0,"_glsr_ranking":0,"_glsr_reviews":0,"footnotes":""},"class_list":{"0":"post-4585","1":"page","2":"type-page","3":"status-publish","4":"has-post-thumbnail","6":"entry"},"featured_image_src":"https:\/\/coinkickoff.com\/wp-content\/uploads\/v2-3dgvp-hoj5o-600x400.jpg","featured_image_src_square":"https:\/\/coinkickoff.com\/wp-content\/uploads\/v2-3dgvp-hoj5o-600x600.jpg","_links":{"self":[{"href":"https:\/\/coinkickoff.com\/sk\/wp-json\/wp\/v2\/pages\/4585","targetHints":{"allow":["GET"]}}],"collection":[{"href":"https:\/\/coinkickoff.com\/sk\/wp-json\/wp\/v2\/pages"}],"about":[{"href":"https:\/\/coinkickoff.com\/sk\/wp-json\/wp\/v2\/types\/page"}],"author":[{"embeddable":true,"href":"https:\/\/coinkickoff.com\/sk\/wp-json\/wp\/v2\/users\/1"}],"replies":[{"embeddable":true,"href":"https:\/\/coinkickoff.com\/sk\/wp-json\/wp\/v2\/comments?post=4585"}],"version-history":[{"count":3,"href":"https:\/\/coinkickoff.com\/sk\/wp-json\/wp\/v2\/pages\/4585\/revisions"}],"predecessor-version":[{"id":4592,"href":"https:\/\/coinkickoff.com\/sk\/wp-json\/wp\/v2\/pages\/4585\/revisions\/4592"}],"up":[{"embeddable":true,"href":"https:\/\/coinkickoff.com\/sk\/wp-json\/wp\/v2\/pages\/4440"}],"wp:featuredmedia":[{"embeddable":true,"href":"https:\/\/coinkickoff.com\/sk\/wp-json\/wp\/v2\/media\/4586"}],"wp:attachment":[{"href":"https:\/\/coinkickoff.com\/sk\/wp-json\/wp\/v2\/media?parent=4585"}],"curies":[{"name":"wp","href":"https:\/\/api.w.org\/{rel}","templated":true}]}}