{"id":4404,"date":"2026-01-08T14:07:11","date_gmt":"2026-01-08T14:07:11","guid":{"rendered":"https:\/\/coinkickoff.com\/?page_id=4404"},"modified":"2026-01-08T14:07:11","modified_gmt":"2026-01-08T14:07:11","slug":"how-to-buy-litecoin-on-kucoin","status":"publish","type":"page","link":"https:\/\/coinkickoff.com\/sk\/how-to-buy-litecoin\/how-to-buy-litecoin-on-kucoin\/","title":{"rendered":"Ako k\u00fapi\u0165 Litecoin na Kucoin"},"content":{"rendered":"<div id=\"ez-toc-container\" class=\"ez-toc-v2_0_80 counter-hierarchy ez-toc-counter ez-toc-transparent ez-toc-container-direction\">\n<div class=\"ez-toc-title-container\">\n<p class=\"ez-toc-title\" style=\"cursor:inherit\">Sekcie<\/p>\n<span class=\"ez-toc-title-toggle\"><a href=\"#\" class=\"ez-toc-pull-right ez-toc-btn ez-toc-btn-xs ez-toc-btn-default ez-toc-toggle\" aria-label=\"Prep\u00ednanie tabu\u013eky obsahu\"><span class=\"ez-toc-js-icon-con\"><span class=\"\"><span class=\"eztoc-hide\" style=\"display:none;\">Prep\u00edna\u010d<\/span><span class=\"ez-toc-icon-toggle-span\"><svg style=\"fill: #999;color:#999\" xmlns=\"http:\/\/www.w3.org\/2000\/svg\" class=\"list-377408\" width=\"20px\" height=\"20px\" viewbox=\"0 0 24 24\" fill=\"none\"><path d=\"M6 6H4v2h2V6zm14 0H8v2h12V6zM4 11h2v2H4v-2zm16 0H8v2h12v-2zM4 16h2v2H4v-2zm16 0H8v2h12v-2z\" fill=\"currentColor\"><\/path><\/svg><svg style=\"fill: #999;color:#999\" class=\"arrow-unsorted-368013\" xmlns=\"http:\/\/www.w3.org\/2000\/svg\" width=\"10px\" height=\"10px\" viewbox=\"0 0 24 24\" version=\"1.2\" baseprofile=\"tiny\"><path d=\"M18.2 9.3l-6.2-6.3-6.2 6.3c-.2.2-.3.4-.3.7s.1.5.3.7c.2.2.4.3.7.3h11c.3 0 .5-.1.7-.3.2-.2.3-.5.3-.7s-.1-.5-.3-.7zM5.8 14.7l6.2 6.3 6.2-6.3c.2-.2.3-.5.3-.7s-.1-.5-.3-.7c-.2-.2-.4-.3-.7-.3h-11c-.3 0-.5.1-.7.3-.2.2-.3.5-.3.7s.1.5.3.7z\"\/><\/svg><\/span><\/span><\/span><\/a><\/span><\/div>\n<nav><ul class='ez-toc-list ez-toc-list-level-1 eztoc-toggle-hide-by-default' ><li class='ez-toc-page-1 ez-toc-heading-level-2'><a class=\"ez-toc-link ez-toc-heading-1\" href=\"https:\/\/coinkickoff.com\/sk\/how-to-buy-litecoin\/how-to-buy-litecoin-on-kucoin\/#How_to_Buy_Litecoin_on_Kucoin\" >Ako k\u00fapi\u0165 Litecoin na Kucoin<\/a><\/li><li class='ez-toc-page-1 ez-toc-heading-level-2'><a class=\"ez-toc-link ez-toc-heading-2\" href=\"https:\/\/coinkickoff.com\/sk\/how-to-buy-litecoin\/how-to-buy-litecoin-on-kucoin\/#A_Step-By-Step_Guide_on_How_to_Buy_Litecoin_on_Kucoin\" >Sprievodca krok za krokom, ako si k\u00fapi\u0165 Litecoin na Kucoin<\/a><ul class='ez-toc-list-level-3' ><li class='ez-toc-heading-level-3'><a class=\"ez-toc-link ez-toc-heading-3\" href=\"https:\/\/coinkickoff.com\/sk\/how-to-buy-litecoin\/how-to-buy-litecoin-on-kucoin\/#1_Register_an_Account\" >1. Zaregistrujte si \u00fa\u010det<\/a><\/li><li class='ez-toc-page-1 ez-toc-heading-level-3'><a class=\"ez-toc-link ez-toc-heading-4\" href=\"https:\/\/coinkickoff.com\/sk\/how-to-buy-litecoin\/how-to-buy-litecoin-on-kucoin\/#2_Verify_Your_Account\" >2. Overenie v\u00e1\u0161ho \u00fa\u010dtu<\/a><\/li><li class='ez-toc-page-1 ez-toc-heading-level-3'><a class=\"ez-toc-link ez-toc-heading-5\" href=\"https:\/\/coinkickoff.com\/sk\/how-to-buy-litecoin\/how-to-buy-litecoin-on-kucoin\/#3_Deposit_Crypto\" >3. Vklad Crypto<\/a><\/li><li class='ez-toc-page-1 ez-toc-heading-level-3'><a class=\"ez-toc-link ez-toc-heading-6\" href=\"https:\/\/coinkickoff.com\/sk\/how-to-buy-litecoin\/how-to-buy-litecoin-on-kucoin\/#4_Navigate_to_the_Relevant_Screen_to_Buy\" >4. Prejdite na pr\u00edslu\u0161n\u00fa obrazovku a nakupte<\/a><ul class='ez-toc-list-level-4' ><li class='ez-toc-heading-level-4'><a class=\"ez-toc-link ez-toc-heading-7\" href=\"https:\/\/coinkickoff.com\/sk\/how-to-buy-litecoin\/how-to-buy-litecoin-on-kucoin\/#Fast_Trade\" >R\u00fdchly obchod<\/a><\/li><li class='ez-toc-page-1 ez-toc-heading-level-4'><a class=\"ez-toc-link ez-toc-heading-8\" href=\"https:\/\/coinkickoff.com\/sk\/how-to-buy-litecoin\/how-to-buy-litecoin-on-kucoin\/#Third-Party\" >Tretia strana<\/a><\/li><li class='ez-toc-page-1 ez-toc-heading-level-4'><a class=\"ez-toc-link ez-toc-heading-9\" href=\"https:\/\/coinkickoff.com\/sk\/how-to-buy-litecoin\/how-to-buy-litecoin-on-kucoin\/#How_to_Buy_Litecoin_with_Crypto\" >Ako k\u00fapi\u0165 Litecoin s kryptomenami<\/a><\/li><\/ul><\/li><\/ul><\/li><\/ul><\/nav><\/div>\n<h2><span class=\"ez-toc-section\" id=\"How_to_Buy_Litecoin_on_Kucoin\"><\/span><span style=\"font-weight: 400;\">Ako k\u00fapi\u0165 Litecoin na Kucoin<\/span><span class=\"ez-toc-section-end\"><\/span><\/h2>\n<p><span style=\"font-weight: 400;\">Ak potrebujete poradi\u0165, ako k\u00fapi\u0165 <a href=\"https:\/\/coinkickoff.com\/sk\/litecoin-ltc\/\" data-internallinksmanager029f6b8e52c=\"21\" title=\"\u010co je Litecoin (LTC)? Cena, hist\u00f3ria a kde k\u00fapi\u0165\">Litecoin<\/a> na str\u00e1nke . <a href=\"https:\/\/coinkickoff.com\/sk\/kucoin-review\/\" data-internallinksmanager029f6b8e52c=\"153\" title=\"KuCoin Recenzie 2023: Poplatky, bezpe\u010dnos\u0165, v\u00fdhody a nev\u00fdhody\">Kucoin<\/a>, ste na spr\u00e1vnom mieste! Pozrime sa, ako k\u00fapi\u0165 LTC na Kucoin v nieko\u013ek\u00fdch jednoduch\u00fdch krokoch.<\/span><\/p>\n<h2><span class=\"ez-toc-section\" id=\"A_Step-By-Step_Guide_on_How_to_Buy_Litecoin_on_Kucoin\"><\/span><span style=\"font-weight: 400;\">Sprievodca krok za krokom, ako si k\u00fapi\u0165 Litecoin na Kucoin<\/span><span class=\"ez-toc-section-end\"><\/span><\/h2>\n<h3><span class=\"ez-toc-section\" id=\"1_Register_an_Account\"><\/span><span style=\"font-weight: 400;\">1. Zaregistrujte si \u00fa\u010det<\/span><span class=\"ez-toc-section-end\"><\/span><\/h3>\n<p><img loading=\"lazy\" decoding=\"async\" class=\"alignnone wp-image-3269 size-full\" src=\"https:\/\/coinkickoff.com\/wp-content\/uploads\/kucoin-register.png\" alt=\"k\u00fapi\u0165 doge na kucoin register\" width=\"1421\" height=\"788\" srcset=\"https:\/\/coinkickoff.com\/wp-content\/uploads\/kucoin-register.png 1421w, https:\/\/coinkickoff.com\/wp-content\/uploads\/kucoin-register-300x166.png 300w, https:\/\/coinkickoff.com\/wp-content\/uploads\/kucoin-register-1024x568.png 1024w, https:\/\/coinkickoff.com\/wp-content\/uploads\/kucoin-register-768x426.png 768w, https:\/\/coinkickoff.com\/wp-content\/uploads\/kucoin-register-18x10.png 18w\" sizes=\"auto, (max-width: 1421px) 100vw, 1421px\" \/><\/p>\n<p><span style=\"font-weight: 400;\">Prejdite na <\/span><a href=\"https:\/\/www.kucoin.com\/r\/af\/rMJPV3B\" target=\"_blank\" rel=\"noopener\"><span style=\"font-weight: 400;\">Kucoin<\/span><\/a><span style=\"font-weight: 400;\"> a zaregistrujte sa pomocou e-mailu alebo telef\u00f3nneho \u010d\u00edsla.\u00a0<\/span><\/p>\n<h3><span class=\"ez-toc-section\" id=\"2_Verify_Your_Account\"><\/span><span style=\"font-weight: 400;\">2. Overenie v\u00e1\u0161ho \u00fa\u010dtu<\/span><span class=\"ez-toc-section-end\"><\/span><\/h3>\n<p><span style=\"font-weight: 400;\">Ak vlastn\u00edte digit\u00e1lne akt\u00edva, ktor\u00e9 m\u00f4\u017eete vymeni\u0165 za Litecoin, nemus\u00edte overova\u0165 svoju toto\u017enos\u0165. M\u00f4\u017eete prejs\u0165 na \u010fal\u0161\u00ed krok, aby ste zistili, ako vlo\u017ei\u0165 kryptoakt\u00edva na Kucoin.<\/span><\/p>\n<p><span style=\"font-weight: 400;\">Ak e\u0161te nem\u00e1te \u017eiadne digit\u00e1lne akt\u00edva, nemus\u00edte sa ob\u00e1va\u0165! Overenie toto\u017enosti je ve\u013emi jednoduch\u00e9 a d\u00e1 sa dokon\u010di\u0165 za nieko\u013eko min\u00fat.<\/span><\/p>\n<p><span style=\"font-weight: 400;\">Svoje pou\u017e\u00edvate\u013esk\u00e9 meno uvid\u00edte v pravom hornom rohu str\u00e1nky. Dostanete sa do svojho pou\u017e\u00edvate\u013esk\u00e9ho profilu.<\/span><\/p>\n<p><span style=\"font-weight: 400;\">Prejdite na kartu \"Overenie toto\u017enosti\" vo svojom profile a kliknite na polo\u017eku \"Overi\u0165\" v \u010dasti \"Roz\u0161\u00edren\u00e9 funkcie\".<\/span><\/p>\n<p><img loading=\"lazy\" decoding=\"async\" class=\"alignnone wp-image-3272 size-full\" src=\"https:\/\/coinkickoff.com\/wp-content\/uploads\/kucoin-identity-verification.png\" alt=\"kucoin overenie toto\u017enosti 1\" width=\"1420\" height=\"785\" srcset=\"https:\/\/coinkickoff.com\/wp-content\/uploads\/kucoin-identity-verification.png 1420w, https:\/\/coinkickoff.com\/wp-content\/uploads\/kucoin-identity-verification-300x166.png 300w, https:\/\/coinkickoff.com\/wp-content\/uploads\/kucoin-identity-verification-1024x566.png 1024w, https:\/\/coinkickoff.com\/wp-content\/uploads\/kucoin-identity-verification-768x425.png 768w, https:\/\/coinkickoff.com\/wp-content\/uploads\/kucoin-identity-verification-18x10.png 18w\" sizes=\"auto, (max-width: 1420px) 100vw, 1420px\" \/><\/p>\n<p><span style=\"font-weight: 400;\">Dokon\u010denie pokro\u010dil\u00e9ho overenia v\u00e1m umo\u017en\u00ed vklada\u0165 a vybera\u0165 fiat peniaze na Kucoin. V\u00fdrazne sa t\u00fdm zv\u00fd\u0161ia aj va\u0161e limity na obchodovanie a v\u00fdbery.<\/span><\/p>\n<p><span style=\"font-weight: 400;\">Syst\u00e9m overovania je jednoduch\u00fd - sta\u010d\u00ed vyplni\u0165 dotazn\u00edk s osobn\u00fdmi \u00fadajmi, nahra\u0165 preukaz toto\u017enosti vydan\u00fd vl\u00e1dou na overenie va\u0161ich \u00fadajov a dokon\u010di\u0165 overenie tv\u00e1re.<\/span><\/p>\n<p><img loading=\"lazy\" decoding=\"async\" class=\"alignnone wp-image-3270 size-full\" src=\"https:\/\/coinkickoff.com\/wp-content\/uploads\/kucoin-id-verification-2.png\" alt=\"kucoin overenie identity 2\" width=\"1407\" height=\"706\" srcset=\"https:\/\/coinkickoff.com\/wp-content\/uploads\/kucoin-id-verification-2.png 1407w, https:\/\/coinkickoff.com\/wp-content\/uploads\/kucoin-id-verification-2-300x151.png 300w, https:\/\/coinkickoff.com\/wp-content\/uploads\/kucoin-id-verification-2-1024x514.png 1024w, https:\/\/coinkickoff.com\/wp-content\/uploads\/kucoin-id-verification-2-768x385.png 768w, https:\/\/coinkickoff.com\/wp-content\/uploads\/kucoin-id-verification-2-18x9.png 18w\" sizes=\"auto, (max-width: 1407px) 100vw, 1407px\" \/><\/p>\n<p><span style=\"font-weight: 400;\">Na potvrdenie toto\u017enosti m\u00f4\u017eete pou\u017ei\u0165 ob\u010diansky preukaz, vodi\u010dsk\u00fd preukaz alebo stranu cestovn\u00e9ho pasu. Pripravte si doklad toto\u017enosti a kliknite na tla\u010didlo \"S\u00fahlas\u00edm a pokra\u010dujem\".<\/span><\/p>\n<p><img loading=\"lazy\" decoding=\"async\" class=\"alignnone wp-image-3271 size-full\" src=\"https:\/\/coinkickoff.com\/wp-content\/uploads\/kucoin-id-verification-3.png\" alt=\"kucoin overenie toto\u017enosti 3 \" width=\"1412\" height=\"789\" srcset=\"https:\/\/coinkickoff.com\/wp-content\/uploads\/kucoin-id-verification-3.png 1412w, https:\/\/coinkickoff.com\/wp-content\/uploads\/kucoin-id-verification-3-300x168.png 300w, https:\/\/coinkickoff.com\/wp-content\/uploads\/kucoin-id-verification-3-1024x572.png 1024w, https:\/\/coinkickoff.com\/wp-content\/uploads\/kucoin-id-verification-3-768x429.png 768w, https:\/\/coinkickoff.com\/wp-content\/uploads\/kucoin-id-verification-3-18x10.png 18w\" sizes=\"auto, (max-width: 1412px) 100vw, 1412px\" \/><\/p>\n<p><span style=\"font-weight: 400;\">Zadajte svoje \u00fadaje a kliknite na tla\u010didlo \"\u010ealej\". Postupujte pod\u013ea pokynov na obrazovke a dokon\u010dite overenie toto\u017enosti.<\/span><\/p>\n<h3><span class=\"ez-toc-section\" id=\"3_Deposit_Crypto\"><\/span><span style=\"font-weight: 400;\">3. Vklad Crypto<\/span><span class=\"ez-toc-section-end\"><\/span><\/h3>\n<p><span style=\"font-weight: 400;\">Ak m\u00e1te digit\u00e1lne akt\u00edva v externej pe\u0148a\u017eenke, m\u00f4\u017eete ich previes\u0165 do Kucoin a vymeni\u0165 za LTC na spotovom trhu. Ak to pre v\u00e1s nie je mo\u017en\u00e9, pokra\u010dujte na \u010fal\u0161\u00ed krok, kde sa dozviete, ako k\u00fapi\u0165 Litecoin za fiat peniaze.<\/span><\/p>\n<p><span style=\"font-weight: 400;\">Kliknite na ponuku \"Assets\" v pravom hornom rohu webovej str\u00e1nky.<\/span><\/p>\n<p><img loading=\"lazy\" decoding=\"async\" class=\"alignnone wp-image-3273 size-full\" src=\"https:\/\/coinkickoff.com\/wp-content\/uploads\/kucoin-deposit.png\" alt=\"kucoin vkladov\u00e9 fondy 1\" width=\"1427\" height=\"758\" srcset=\"https:\/\/coinkickoff.com\/wp-content\/uploads\/kucoin-deposit.png 1427w, https:\/\/coinkickoff.com\/wp-content\/uploads\/kucoin-deposit-300x159.png 300w, https:\/\/coinkickoff.com\/wp-content\/uploads\/kucoin-deposit-1024x544.png 1024w, https:\/\/coinkickoff.com\/wp-content\/uploads\/kucoin-deposit-768x408.png 768w, https:\/\/coinkickoff.com\/wp-content\/uploads\/kucoin-deposit-18x10.png 18w\" sizes=\"auto, (max-width: 1427px) 100vw, 1427px\" \/><\/p>\n<p><span style=\"font-weight: 400;\">V\u0161etky zostatky si m\u00f4\u017eete pozrie\u0165 tu. Kliknite na tla\u010didlo \"Vlo\u017ei\u0165\" a vyberte digit\u00e1lnu menu, ktor\u00fa chcete previes\u0165 na \u00fa\u010det Kucoin.<\/span><\/p>\n<p><span style=\"font-weight: 400;\">Ak ste napr\u00edklad dali <a href=\"https:\/\/coinkickoff.com\/sk\/tether-usdt\/\" data-internallinksmanager029f6b8e52c=\"3\" title=\"\u010co je Tether (USDT)? Ako funguje a kde ho k\u00fapi\u0165?\">USDT<\/a>, kliknite na USDT a zobraz\u00ed sa k\u00f3d QR. Tento QR k\u00f3d predstavuje va\u0161u adresu USDT na Kucoin. V\u017edy, ke\u010f budete chcie\u0165 previes\u0165 USDT na Kucoin, pou\u017eite tento QR k\u00f3d ako adresu na v\u00fdber.<\/span><\/p>\n<p><span style=\"font-weight: 400;\">Pros\u00edm, nikdy nepou\u017e\u00edvajte adresu pe\u0148a\u017eenky USDT na prevod in\u00fdch kryptomien. Ka\u017ed\u00e1 adresa pe\u0148a\u017eenky je \u0161pecifick\u00e1 pre dan\u00fa menu: BTC m\u00f4\u017eete previes\u0165 len na <a href=\"https:\/\/coinkickoff.com\/sk\/bitcoin-btc\/\" data-internallinksmanager029f6b8e52c=\"1\" title=\"\u010co je Bitcoin (BTC)? Cena, hist\u00f3ria a kde k\u00fapi\u0165\">Bitcoin<\/a> adresu, ETH na <a href=\"https:\/\/coinkickoff.com\/sk\/ethereum-eth\/\" data-internallinksmanager029f6b8e52c=\"2\" title=\"\u010co je Ethereum (ETH)? Cena, hist\u00f3ria a kde k\u00fapi\u0165\">Ethereum<\/a> adresa, <a href=\"https:\/\/coinkickoff.com\/sk\/polkadot-dot\/\" data-internallinksmanager029f6b8e52c=\"12\" title=\"\u010co je Polkadot (DOT)? Ako funguje a kde ho k\u00fapi\u0165?\">Polkadot<\/a> na adresu DOT at\u010f.<\/span><\/p>\n<h3><span class=\"ez-toc-section\" id=\"4_Navigate_to_the_Relevant_Screen_to_Buy\"><\/span><span style=\"font-weight: 400;\">4. Prejdite na pr\u00edslu\u0161n\u00fa obrazovku a nakupte<\/span><span class=\"ez-toc-section-end\"><\/span><\/h3>\n<p><span style=\"font-weight: 400;\">Na domovskej str\u00e1nke kliknite na ponuku \"Buy Crypto\". Zobraz\u00ed sa nieko\u013eko mo\u017enost\u00ed, napr\u00edklad \"R\u00fdchly obchod\", \"P2P\" a \"Tretia strana\".<\/span><\/p>\n<p><span style=\"font-weight: 400;\">Nem\u00f4\u017eete si k\u00fapi\u0165 Litecoin s transakciami P2P, ale ostatn\u00e9 dve s\u00fa \u00faplne \u017eivotaschopn\u00e9 a pomerne \u013eahko pou\u017eite\u013en\u00e9.<\/span><\/p>\n<p><img loading=\"lazy\" decoding=\"async\" class=\"alignnone wp-image-3274 size-full\" src=\"https:\/\/coinkickoff.com\/wp-content\/uploads\/kucoin-buy-crypto.png\" alt=\"kucoin k\u00fapi\u0165 obrazovku\" width=\"1418\" height=\"692\" srcset=\"https:\/\/coinkickoff.com\/wp-content\/uploads\/kucoin-buy-crypto.png 1418w, https:\/\/coinkickoff.com\/wp-content\/uploads\/kucoin-buy-crypto-300x146.png 300w, https:\/\/coinkickoff.com\/wp-content\/uploads\/kucoin-buy-crypto-1024x500.png 1024w, https:\/\/coinkickoff.com\/wp-content\/uploads\/kucoin-buy-crypto-768x375.png 768w, https:\/\/coinkickoff.com\/wp-content\/uploads\/kucoin-buy-crypto-18x9.png 18w\" sizes=\"auto, (max-width: 1418px) 100vw, 1418px\" \/><\/p>\n<p><span style=\"font-weight: 400;\">Hlavn\u00fdm rozdielom medzi r\u00fdchlym obchodom a transakciou s tre\u0165ou stranou je sp\u00f4sob platby. Pri r\u00fdchlom obchode m\u00f4\u017eete na n\u00e1kup Litecoin pou\u017ei\u0165 kreditn\u00fa kartu a pri transakcii s tre\u0165ou stranou m\u00f4\u017eete pou\u017ei\u0165 spracovate\u013eov platieb, ako s\u00fa Simplex a Banxa.<\/span><\/p>\n<h4><span class=\"ez-toc-section\" id=\"Fast_Trade\"><\/span><span style=\"font-weight: 400;\">R\u00fdchly obchod<\/span><span class=\"ez-toc-section-end\"><\/span><\/h4>\n<p><span style=\"font-weight: 400;\">Do st\u013apca \"Chcem min\u00fa\u0165\" zadajte sumu, ktor\u00fa chcete investova\u0165.<\/span><\/p>\n<h4><img loading=\"lazy\" decoding=\"async\" class=\"alignnone wp-image-3275 size-full\" style=\"font-family: Muli, sans-serif;\" src=\"https:\/\/coinkickoff.com\/wp-content\/uploads\/kucoin-buy-crypto-one-click.png\" alt=\"kucoin k\u00fapi\u0165 jedn\u00fdm kliknut\u00edm\" width=\"1421\" height=\"770\" srcset=\"https:\/\/coinkickoff.com\/wp-content\/uploads\/kucoin-buy-crypto-one-click.png 1421w, https:\/\/coinkickoff.com\/wp-content\/uploads\/kucoin-buy-crypto-one-click-300x163.png 300w, https:\/\/coinkickoff.com\/wp-content\/uploads\/kucoin-buy-crypto-one-click-1024x555.png 1024w, https:\/\/coinkickoff.com\/wp-content\/uploads\/kucoin-buy-crypto-one-click-768x416.png 768w, https:\/\/coinkickoff.com\/wp-content\/uploads\/kucoin-buy-crypto-one-click-18x10.png 18w\" sizes=\"auto, (max-width: 1421px) 100vw, 1421px\" \/><\/h4>\n<p><span style=\"font-weight: 400;\">Nastavte st\u013apec \"Receive\" na hodnotu Litecoin.<\/span><\/p>\n<p><img loading=\"lazy\" decoding=\"async\" class=\"alignnone wp-image-3276 size-full\" src=\"https:\/\/coinkickoff.com\/wp-content\/uploads\/kucoin-select-paymnet-method.png\" alt=\"ako k\u00fapi\u0165 Polygon na Kucoin\" width=\"1424\" height=\"794\" srcset=\"https:\/\/coinkickoff.com\/wp-content\/uploads\/kucoin-select-paymnet-method.png 1424w, https:\/\/coinkickoff.com\/wp-content\/uploads\/kucoin-select-paymnet-method-300x167.png 300w, https:\/\/coinkickoff.com\/wp-content\/uploads\/kucoin-select-paymnet-method-1024x571.png 1024w, https:\/\/coinkickoff.com\/wp-content\/uploads\/kucoin-select-paymnet-method-768x428.png 768w, https:\/\/coinkickoff.com\/wp-content\/uploads\/kucoin-select-paymnet-method-18x10.png 18w\" sizes=\"auto, (max-width: 1424px) 100vw, 1424px\" \/><\/p>\n<p><span style=\"font-weight: 400;\">Nakoniec pridajte sp\u00f4sob platby. Ako vid\u00edte, m\u00e1te mo\u017enos\u0165 prida\u0165 do svojho \u00fa\u010dtu Kucoin debetn\u00fa alebo kreditn\u00fa kartu. Po pridan\u00ed karty ju m\u00f4\u017eete pou\u017e\u00edva\u0165 na \u010fal\u0161ie n\u00e1kupy.<\/span><\/p>\n<p><span style=\"font-weight: 400;\">Zadajte \u00fadaje svojej karty a stla\u010dte tla\u010didlo \"K\u00fapi\u0165 LTC\". Zobraz\u00ed sa n\u00e1h\u013ead \u00fadajov o va\u0161ej objedn\u00e1vke vr\u00e1tane v\u0161etk\u00fdch poplatkov, ktor\u00e9 sa na \u0148u vz\u0165ahuj\u00fa. Ak to vyzer\u00e1 dobre, kliknite na \"Potvrdi\u0165\". V\u00e1\u0161 n\u00e1kup bude okam\u017eite dokon\u010den\u00fd.<\/span><\/p>\n<p><span style=\"font-weight: 400;\">\u010co ak nem\u00f4\u017eete pou\u017ei\u0165 svoju debetn\u00fa\/kreditn\u00fa kartu na n\u00e1kup Litecoin prostredn\u00edctvom slu\u017eby Fast Trade? M\u00f4\u017ee sa to sta\u0165 z viacer\u00fdch d\u00f4vodov, vr\u00e1tane obmedzen\u00ed zaveden\u00fdch va\u0161ou bankou a\/alebo zlyhania slu\u017eby Fast Trade.<\/span><\/p>\n<p><span style=\"font-weight: 400;\">Pr\u00edpadne v\u00e1m m\u00f4\u017ee by\u0165 nepr\u00edjemn\u00e9 zanecha\u0165 \u00fadaje o karte na Kucoin. V takom pr\u00edpade si m\u00f4\u017eete vybra\u0165 mo\u017enos\u0165 n\u00e1kupu od tretej strany.<\/span><\/p>\n<h4><span class=\"ez-toc-section\" id=\"Third-Party\"><\/span><span style=\"font-weight: 400;\">Tretia strana<\/span><span class=\"ez-toc-section-end\"><\/span><\/h4>\n<p><span style=\"font-weight: 400;\">N\u00e1kup od tretej strany v\u00e1m umo\u017en\u00ed zaplati\u0165 za n\u00e1kup prostredn\u00edctvom nez\u00e1visl\u00fdch platobn\u00fdch kan\u00e1lov. Tieto platobn\u00e9 kan\u00e1ly v\u00e1m predaj\u00fa kryptografiu za svoje vlastn\u00e9 kurzy, ktor\u00e9 s\u00fa zvy\u010dajne vy\u0161\u0161ie v porovnan\u00ed so spotov\u00fdmi trhov\u00fdmi kurzami, ale rovnaj\u00fa sa cen\u00e1m r\u00fdchleho obchodu.<\/span><\/p>\n<p><img loading=\"lazy\" decoding=\"async\" class=\"alignnone wp-image-3278 size-full\" src=\"https:\/\/coinkickoff.com\/wp-content\/uploads\/kucoin-screenshot.png\" alt=\"Ako k\u00fapi\u0165 Cardano na Kucoin ako k\u00fapi\u0165 polkadot na Kucoin ako k\u00fapi\u0165 Litecoin na Kucoin\" width=\"1436\" height=\"673\" srcset=\"https:\/\/coinkickoff.com\/wp-content\/uploads\/kucoin-screenshot.png 1436w, https:\/\/coinkickoff.com\/wp-content\/uploads\/kucoin-screenshot-300x141.png 300w, https:\/\/coinkickoff.com\/wp-content\/uploads\/kucoin-screenshot-1024x480.png 1024w, https:\/\/coinkickoff.com\/wp-content\/uploads\/kucoin-screenshot-768x360.png 768w, https:\/\/coinkickoff.com\/wp-content\/uploads\/kucoin-screenshot-18x8.png 18w\" sizes=\"auto, (max-width: 1436px) 100vw, 1436px\" \/><\/p>\n<p><span style=\"font-weight: 400;\">N\u00e1kup tre\u0165ou stranou je ve\u013emi jednoduch\u00fd: zadajte sumu, ktor\u00fa chcete min\u00fa\u0165, a ako menu, ktor\u00fa chcete z\u00edska\u0165, vyberte Litecoin.<\/span><\/p>\n<p><span style=\"font-weight: 400;\">Vyberte sp\u00f4sob platby a spracovate\u013ea platby. Kliknut\u00edm na tla\u010didlo \"Potvrdi\u0165\" pokra\u010dujte.<\/span><\/p>\n<p><span style=\"font-weight: 400;\">V tomto okamihu opust\u00edte webov\u00fa str\u00e1nku Kucoin a prejdete na webov\u00fa str\u00e1nku spracovate\u013ea platby. Ak u\u017e m\u00e1te \u00fa\u010det, m\u00f4\u017eete transakciu dokon\u010di\u0165 okam\u017eite. Ak \u00fa\u010det nem\u00e1te, m\u00f4\u017eete si ho r\u00fdchlo zriadi\u0165 a dokon\u010di\u0165 transakciu.\u00a0<\/span><\/p>\n<h4><span class=\"ez-toc-section\" id=\"How_to_Buy_Litecoin_with_Crypto\"><\/span><span style=\"font-weight: 400;\">Ako k\u00fapi\u0165 Litecoin s kryptomenami<\/span><span class=\"ez-toc-section-end\"><\/span><\/h4>\n<p><span style=\"font-weight: 400;\">Nakoniec si m\u00f4\u017eete k\u00fapi\u0165 Litecoin na spotovom trhu Kucoin s kryptomenami.\u00a0<\/span><\/p>\n<p><span style=\"font-weight: 400;\">Na paneli n\u00e1strojov vyberte ponuku \"Obchod\" a kliknite na polo\u017eku Spotov\u00e9 obchodovanie.\" Na str\u00e1nke uvid\u00edte nieko\u013eko p\u00e1rov, napr\u00edklad BTC\/USDT, ETH\/USDT, <a href=\"https:\/\/coinkickoff.com\/sk\/dogecoin-doge\/\" data-internallinksmanager029f6b8e52c=\"14\" title=\"\u010co je Dogecoin (DOGE)? Ako funguje a kde ho k\u00fapi\u0165?\">DOGE<\/a>\/USDT at\u010f.\u00a0<\/span><\/p>\n<p><span style=\"font-weight: 400;\">Zna\u010dn\u00e1 \u010das\u0165 v\u0161etk\u00fdch kryptoobchodov je denominovan\u00e1 v USDT, tak\u017ee v\u00e4\u010d\u0161inu coins m\u00f4\u017eete k\u00fapi\u0165 a preda\u0165 za USDT vr\u00e1tane Litecoin.\u00a0<\/span><\/p>\n<p><span style=\"font-weight: 400;\">Ak m\u00e1te napr\u00edklad Polkadot, mo\u017eno ho nebudete m\u00f4c\u0165 vymeni\u0165 priamo za Litecoin, ale m\u00f4\u017eete ho vymeni\u0165 za USDT a potom pou\u017ei\u0165 USDT na n\u00e1kup LTC.<\/span><\/p>\n<p><span style=\"font-weight: 400;\">Najprv vyberte obchodn\u00fd p\u00e1r, ktor\u00fd chcete vymeni\u0165 (napr\u00edklad LTC\/USDT). Potom vypl\u0148te objedn\u00e1vkov\u00fd formul\u00e1r tak, \u017ee uprav\u00edte sumu USDT, ktor\u00fa chcete min\u00fa\u0165 na LTC.<\/span><\/p>\n<p><span style=\"font-weight: 400;\">Kucoin umo\u017e\u0148uje zad\u00e1va\u0165 pr\u00edkazy \"Market\" a \"Limit\". Za\u010diato\u010dn\u00edkom odpor\u00fa\u010dame vybra\u0165 si trhov\u00fd pr\u00edkaz. Ak chcete presk\u00fama\u0165 \u010fal\u0161ie mo\u017enosti, dozviete sa viac o <\/span><a href=\"https:\/\/www.kucoin.com\/support\/900006714063\" target=\"_blank\" rel=\"noopener\"><span style=\"font-weight: 400;\">r\u00f4zne typy objedn\u00e1vok<\/span><\/a><span style=\"font-weight: 400;\"> pred pokra\u010dovan\u00edm<\/span><\/p>\n<p><span style=\"font-weight: 400;\">Po dokon\u010den\u00ed kliknite na tla\u010didlo \"K\u00fapi\u0165\".<\/span><\/p>\n<p><span style=\"font-weight: 400;\">Teraz pozn\u00e1te tri r\u00f4zne sp\u00f4soby, ako k\u00fapi\u0165 Litecoin na Kucoin! Ak sa v\u00e1m p\u00e1\u010dilo na\u0161e \"<\/span><i><span style=\"font-weight: 400;\">Ako k\u00fapi\u0165 Litecoin na Kucoin\"<\/span><\/i><span style=\"font-weight: 400;\"> mo\u017eno sa v\u00e1m bude p\u00e1\u010di\u0165 aj n\u00e1\u0161 <\/span><a href=\"https:\/\/coinkickoff.com\/sk\/crypto-exchanges\/\"><span style=\"font-weight: 400;\">v\u00fdmenn\u00e9 recenzie<\/span><\/a><span style=\"font-weight: 400;\"> a <a href=\"https:\/\/coinkickoff.com\/sk\/how-to-buy-bitcoin\/\">\u010fal\u0161ie pr\u00edru\u010dky<\/a>.<\/span><\/p>","protected":false},"excerpt":{"rendered":"<p>Ako k\u00fapi\u0165 Litecoin na Kucoin Ak potrebujete poradi\u0165, ako k\u00fapi\u0165 Litecoin na Kucoin, ste na spr\u00e1vnom mieste! Pozrime sa, ako k\u00fapi\u0165 LTC na Kucoin v nieko\u013ek\u00fdch jednoduch\u00fdch krokoch. N\u00e1vod krok za krokom, ako k\u00fapi\u0165 Litecoin na Kucoin 1. Zaregistrujte si \u00fa\u010det Prejdite na Kucoin [...]<\/p>","protected":false},"author":3,"featured_media":0,"parent":4392,"menu_order":0,"comment_status":"closed","ping_status":"closed","template":"","meta":{"_genesis_hide_title":false,"_genesis_hide_breadcrumbs":false,"_genesis_hide_singular_image":false,"_genesis_hide_footer_widgets":false,"_genesis_custom_body_class":"","_genesis_custom_post_class":"","_genesis_layout":"","_glsr_average":0,"_glsr_ranking":0,"_glsr_reviews":0,"footnotes":""},"class_list":{"0":"post-4404","1":"page","2":"type-page","3":"status-publish","5":"entry"},"featured_image_src":null,"featured_image_src_square":null,"_links":{"self":[{"href":"https:\/\/coinkickoff.com\/sk\/wp-json\/wp\/v2\/pages\/4404","targetHints":{"allow":["GET"]}}],"collection":[{"href":"https:\/\/coinkickoff.com\/sk\/wp-json\/wp\/v2\/pages"}],"about":[{"href":"https:\/\/coinkickoff.com\/sk\/wp-json\/wp\/v2\/types\/page"}],"author":[{"embeddable":true,"href":"https:\/\/coinkickoff.com\/sk\/wp-json\/wp\/v2\/users\/3"}],"replies":[{"embeddable":true,"href":"https:\/\/coinkickoff.com\/sk\/wp-json\/wp\/v2\/comments?post=4404"}],"version-history":[{"count":2,"href":"https:\/\/coinkickoff.com\/sk\/wp-json\/wp\/v2\/pages\/4404\/revisions"}],"predecessor-version":[{"id":4406,"href":"https:\/\/coinkickoff.com\/sk\/wp-json\/wp\/v2\/pages\/4404\/revisions\/4406"}],"up":[{"embeddable":true,"href":"https:\/\/coinkickoff.com\/sk\/wp-json\/wp\/v2\/pages\/4392"}],"wp:attachment":[{"href":"https:\/\/coinkickoff.com\/sk\/wp-json\/wp\/v2\/media?parent=4404"}],"curies":[{"name":"wp","href":"https:\/\/api.w.org\/{rel}","templated":true}]}}