{"id":4239,"date":"2026-01-08T14:07:08","date_gmt":"2026-01-08T14:07:08","guid":{"rendered":"https:\/\/coinkickoff.com\/?page_id=4239"},"modified":"2026-01-08T14:07:08","modified_gmt":"2026-01-08T14:07:08","slug":"how-to-buy-polkadot-on-kucoin","status":"publish","type":"page","link":"https:\/\/coinkickoff.com\/sk\/how-to-buy-polkadot\/how-to-buy-polkadot-on-kucoin\/","title":{"rendered":"Ako k\u00fapi\u0165 Polkadot na Kucoin"},"content":{"rendered":"<div id=\"ez-toc-container\" class=\"ez-toc-v2_0_80 counter-hierarchy ez-toc-counter ez-toc-transparent ez-toc-container-direction\">\n<div class=\"ez-toc-title-container\">\n<p class=\"ez-toc-title\" style=\"cursor:inherit\">Sekcie<\/p>\n<span class=\"ez-toc-title-toggle\"><a href=\"#\" class=\"ez-toc-pull-right ez-toc-btn ez-toc-btn-xs ez-toc-btn-default ez-toc-toggle\" aria-label=\"Prep\u00ednanie tabu\u013eky obsahu\"><span class=\"ez-toc-js-icon-con\"><span class=\"\"><span class=\"eztoc-hide\" style=\"display:none;\">Prep\u00edna\u010d<\/span><span class=\"ez-toc-icon-toggle-span\"><svg style=\"fill: #999;color:#999\" xmlns=\"http:\/\/www.w3.org\/2000\/svg\" class=\"list-377408\" width=\"20px\" height=\"20px\" viewbox=\"0 0 24 24\" fill=\"none\"><path d=\"M6 6H4v2h2V6zm14 0H8v2h12V6zM4 11h2v2H4v-2zm16 0H8v2h12v-2zM4 16h2v2H4v-2zm16 0H8v2h12v-2z\" fill=\"currentColor\"><\/path><\/svg><svg style=\"fill: #999;color:#999\" class=\"arrow-unsorted-368013\" xmlns=\"http:\/\/www.w3.org\/2000\/svg\" width=\"10px\" height=\"10px\" viewbox=\"0 0 24 24\" version=\"1.2\" baseprofile=\"tiny\"><path d=\"M18.2 9.3l-6.2-6.3-6.2 6.3c-.2.2-.3.4-.3.7s.1.5.3.7c.2.2.4.3.7.3h11c.3 0 .5-.1.7-.3.2-.2.3-.5.3-.7s-.1-.5-.3-.7zM5.8 14.7l6.2 6.3 6.2-6.3c.2-.2.3-.5.3-.7s-.1-.5-.3-.7c-.2-.2-.4-.3-.7-.3h-11c-.3 0-.5.1-.7.3-.2.2-.3.5-.3.7s.1.5.3.7z\"\/><\/svg><\/span><\/span><\/span><\/a><\/span><\/div>\n<nav><ul class='ez-toc-list ez-toc-list-level-1 eztoc-toggle-hide-by-default' ><li class='ez-toc-page-1 ez-toc-heading-level-2'><a class=\"ez-toc-link ez-toc-heading-1\" href=\"https:\/\/coinkickoff.com\/sk\/how-to-buy-polkadot\/how-to-buy-polkadot-on-kucoin\/#How_to_Buy_Polkadot_on_Kucoin\" >Ako k\u00fapi\u0165 Polkadot na Kucoin<\/a><\/li><li class='ez-toc-page-1 ez-toc-heading-level-2'><a class=\"ez-toc-link ez-toc-heading-2\" href=\"https:\/\/coinkickoff.com\/sk\/how-to-buy-polkadot\/how-to-buy-polkadot-on-kucoin\/#A_Step-By-Step_Guide_on_How_to_Buy_Polkadot_on_Kucoin\" >Sprievodca krok za krokom, ako si k\u00fapi\u0165 Polkadot na Kucoin<\/a><ul class='ez-toc-list-level-3' ><li class='ez-toc-heading-level-3'><a class=\"ez-toc-link ez-toc-heading-3\" href=\"https:\/\/coinkickoff.com\/sk\/how-to-buy-polkadot\/how-to-buy-polkadot-on-kucoin\/#1_Register_an_Account\" >1. Zaregistrujte si \u00fa\u010det<\/a><\/li><li class='ez-toc-page-1 ez-toc-heading-level-3'><a class=\"ez-toc-link ez-toc-heading-4\" href=\"https:\/\/coinkickoff.com\/sk\/how-to-buy-polkadot\/how-to-buy-polkadot-on-kucoin\/#2_Verify_Your_Account\" >2. Overenie v\u00e1\u0161ho \u00fa\u010dtu<\/a><\/li><li class='ez-toc-page-1 ez-toc-heading-level-3'><a class=\"ez-toc-link ez-toc-heading-5\" href=\"https:\/\/coinkickoff.com\/sk\/how-to-buy-polkadot\/how-to-buy-polkadot-on-kucoin\/#3_Deposit_Crypto\" >3. Vklad Crypto<\/a><\/li><li class='ez-toc-page-1 ez-toc-heading-level-3'><a class=\"ez-toc-link ez-toc-heading-6\" href=\"https:\/\/coinkickoff.com\/sk\/how-to-buy-polkadot\/how-to-buy-polkadot-on-kucoin\/#4_Navigate_to_the_Relevant_Screen_to_Buy\" >4. Prejdite na pr\u00edslu\u0161n\u00fa obrazovku a nakupte<\/a><ul class='ez-toc-list-level-4' ><li class='ez-toc-heading-level-4'><a class=\"ez-toc-link ez-toc-heading-7\" href=\"https:\/\/coinkickoff.com\/sk\/how-to-buy-polkadot\/how-to-buy-polkadot-on-kucoin\/#Fast_Trade\" >R\u00fdchly obchod<\/a><\/li><li class='ez-toc-page-1 ez-toc-heading-level-4'><a class=\"ez-toc-link ez-toc-heading-8\" href=\"https:\/\/coinkickoff.com\/sk\/how-to-buy-polkadot\/how-to-buy-polkadot-on-kucoin\/#Third-Party\" >Tretia strana<\/a><\/li><li class='ez-toc-page-1 ez-toc-heading-level-4'><a class=\"ez-toc-link ez-toc-heading-9\" href=\"https:\/\/coinkickoff.com\/sk\/how-to-buy-polkadot\/how-to-buy-polkadot-on-kucoin\/#How_to_Buy_Polkadot_with_Crypto\" >Ako k\u00fapi\u0165 Polkadot s kryptomenami<\/a><\/li><\/ul><\/li><\/ul><\/li><\/ul><\/nav><\/div>\n<h2><span class=\"ez-toc-section\" id=\"How_to_Buy_Polkadot_on_Kucoin\"><\/span><span style=\"font-weight: 400;\">Ako k\u00fapi\u0165 Polkadot na Kucoin<\/span><span class=\"ez-toc-section-end\"><\/span><\/h2>\n<p><span style=\"font-weight: 400;\">Ako k\u00fapi\u0165 <a href=\"https:\/\/coinkickoff.com\/sk\/polkadot-dot\/\" data-internallinksmanager029f6b8e52c=\"12\" title=\"\u010co je Polkadot (DOT)? Ako funguje a kde ho k\u00fapi\u0165?\">Polkadot<\/a> na str\u00e1nke . <a href=\"https:\/\/coinkickoff.com\/sk\/kucoin-review\/\" data-internallinksmanager029f6b8e52c=\"153\" title=\"KuCoin Recenzie 2023: Poplatky, bezpe\u010dnos\u0165, v\u00fdhody a nev\u00fdhody\">Kucoin<\/a>P\u00fdtate sa? Je to\u013eko sp\u00f4sobov! Tu je n\u00e1vod, ako k\u00fapi\u0165 DOT na Kucoin za fiat peniaze a\/alebo digit\u00e1lne meny.<\/span><\/p>\n<h2><span class=\"ez-toc-section\" id=\"A_Step-By-Step_Guide_on_How_to_Buy_Polkadot_on_Kucoin\"><\/span><span style=\"font-weight: 400;\">Sprievodca krok za krokom, ako si k\u00fapi\u0165 Polkadot na Kucoin<\/span><span class=\"ez-toc-section-end\"><\/span><\/h2>\n<h3><span class=\"ez-toc-section\" id=\"1_Register_an_Account\"><\/span><span style=\"font-weight: 400;\">1. Zaregistrujte si \u00fa\u010det<\/span><span class=\"ez-toc-section-end\"><\/span><\/h3>\n<p><img loading=\"lazy\" decoding=\"async\" class=\"alignnone wp-image-3269 size-full\" src=\"https:\/\/coinkickoff.com\/wp-content\/uploads\/kucoin-register.png\" alt=\"k\u00fapi\u0165 doge na kucoin register\" width=\"1421\" height=\"788\" srcset=\"https:\/\/coinkickoff.com\/wp-content\/uploads\/kucoin-register.png 1421w, https:\/\/coinkickoff.com\/wp-content\/uploads\/kucoin-register-300x166.png 300w, https:\/\/coinkickoff.com\/wp-content\/uploads\/kucoin-register-1024x568.png 1024w, https:\/\/coinkickoff.com\/wp-content\/uploads\/kucoin-register-768x426.png 768w, https:\/\/coinkickoff.com\/wp-content\/uploads\/kucoin-register-18x10.png 18w\" sizes=\"auto, (max-width: 1421px) 100vw, 1421px\" \/><\/p>\n<p><span style=\"font-weight: 400;\">Za\u010dnite otvoren\u00edm bezplatnej <\/span><a href=\"https:\/\/www.kucoin.com\/r\/af\/rMJPV3B\" target=\"_blank\" rel=\"noopener\"><span style=\"font-weight: 400;\">Kucoin<\/span><\/a><span style=\"font-weight: 400;\"> \u00fa\u010det.\u00a0<\/span><\/p>\n<h3><span class=\"ez-toc-section\" id=\"2_Verify_Your_Account\"><\/span><span style=\"font-weight: 400;\">2. Overenie v\u00e1\u0161ho \u00fa\u010dtu<\/span><span class=\"ez-toc-section-end\"><\/span><\/h3>\n<p><span style=\"font-weight: 400;\">Tento krok m\u00f4\u017eete presko\u010di\u0165, ak pl\u00e1nujete k\u00fapi\u0165 Polkadot za in\u00e9 kryptomeny.\u00a0<\/span><\/p>\n<p><span style=\"font-weight: 400;\">Ak chcete pou\u017e\u00edva\u0165 fiat peniaze (n\u00e1rodn\u00e9 meny ako USD, AUD, EUR, GBP at\u010f.), mus\u00edte overi\u0165 svoj \u00fa\u010det.\u00a0\u00a0<\/span><\/p>\n<p><span style=\"font-weight: 400;\">Kliknut\u00edm na svoje pou\u017e\u00edvate\u013esk\u00e9 meno prejdite do svojho pou\u017e\u00edvate\u013esk\u00e9ho profilu. Potom kliknite na kartu \"Overenie toto\u017enosti\".<\/span><\/p>\n<p><img loading=\"lazy\" decoding=\"async\" class=\"alignnone wp-image-3272 size-full\" src=\"https:\/\/coinkickoff.com\/wp-content\/uploads\/kucoin-identity-verification.png\" alt=\"kucoin overenie toto\u017enosti 1\" width=\"1420\" height=\"785\" srcset=\"https:\/\/coinkickoff.com\/wp-content\/uploads\/kucoin-identity-verification.png 1420w, https:\/\/coinkickoff.com\/wp-content\/uploads\/kucoin-identity-verification-300x166.png 300w, https:\/\/coinkickoff.com\/wp-content\/uploads\/kucoin-identity-verification-1024x566.png 1024w, https:\/\/coinkickoff.com\/wp-content\/uploads\/kucoin-identity-verification-768x425.png 768w, https:\/\/coinkickoff.com\/wp-content\/uploads\/kucoin-identity-verification-18x10.png 18w\" sizes=\"auto, (max-width: 1420px) 100vw, 1420px\" \/><\/p>\n<p><span style=\"font-weight: 400;\">U\u017e teraz m\u00e1te pr\u00edstup ku v\u0161etk\u00fdm z\u00e1kladn\u00fdm funkci\u00e1m vr\u00e1tane obchodovania s kryptomenami. Pr\u00edstup k pokro\u010dil\u00fdm funkci\u00e1m v\u00e1m okrem n\u00e1kupu kryptomien za fiat umo\u017en\u00ed obchodova\u0165 a vybera\u0165 vy\u0161\u0161ie sumy kryptomien. <\/span><\/p>\n<p><img loading=\"lazy\" decoding=\"async\" class=\"alignnone wp-image-3270 size-full\" src=\"https:\/\/coinkickoff.com\/wp-content\/uploads\/kucoin-id-verification-2.png\" alt=\"kucoin overenie identity 2\" width=\"1407\" height=\"706\" srcset=\"https:\/\/coinkickoff.com\/wp-content\/uploads\/kucoin-id-verification-2.png 1407w, https:\/\/coinkickoff.com\/wp-content\/uploads\/kucoin-id-verification-2-300x151.png 300w, https:\/\/coinkickoff.com\/wp-content\/uploads\/kucoin-id-verification-2-1024x514.png 1024w, https:\/\/coinkickoff.com\/wp-content\/uploads\/kucoin-id-verification-2-768x385.png 768w, https:\/\/coinkickoff.com\/wp-content\/uploads\/kucoin-id-verification-2-18x9.png 18w\" sizes=\"auto, (max-width: 1407px) 100vw, 1407px\" \/><\/p>\n<p><span style=\"font-weight: 400;\">Pripravte si ofici\u00e1lny doklad toto\u017enosti, napr\u00edklad cestovn\u00fd pas alebo vodi\u010dsk\u00fd preukaz. Proces overenia je pomerne kr\u00e1tky a trv\u00e1 len nieko\u013eko min\u00fat. <\/span><\/p>\n<p><img loading=\"lazy\" decoding=\"async\" class=\"alignnone wp-image-3271 size-full\" src=\"https:\/\/coinkickoff.com\/wp-content\/uploads\/kucoin-id-verification-3.png\" alt=\"kucoin overenie toto\u017enosti 3 \" width=\"1412\" height=\"789\" srcset=\"https:\/\/coinkickoff.com\/wp-content\/uploads\/kucoin-id-verification-3.png 1412w, https:\/\/coinkickoff.com\/wp-content\/uploads\/kucoin-id-verification-3-300x168.png 300w, https:\/\/coinkickoff.com\/wp-content\/uploads\/kucoin-id-verification-3-1024x572.png 1024w, https:\/\/coinkickoff.com\/wp-content\/uploads\/kucoin-id-verification-3-768x429.png 768w, https:\/\/coinkickoff.com\/wp-content\/uploads\/kucoin-id-verification-3-18x10.png 18w\" sizes=\"auto, (max-width: 1412px) 100vw, 1412px\" \/><\/p>\n<p><span style=\"font-weight: 400;\">Vypl\u0148te informa\u010dn\u00fd formul\u00e1r a skontrolujte, \u010di sa va\u0161e osobn\u00e9 \u00fadaje zhoduj\u00fa s \u00fadajmi uveden\u00fdmi v \u00faradnom doklade toto\u017enosti. Kliknite na tla\u010didlo \"\u010ealej\". Na z\u00e1ver tohto kroku mus\u00edte nahra\u0165 fotografiu dokladu toto\u017enosti a predlo\u017ei\u0165 ju na overenie tv\u00e1rou v tv\u00e1r.<\/span><\/p>\n<h3><span class=\"ez-toc-section\" id=\"3_Deposit_Crypto\"><\/span><span style=\"font-weight: 400;\">3. Vklad Crypto<\/span><span class=\"ez-toc-section-end\"><\/span><\/h3>\n<p><span style=\"font-weight: 400;\">Ako sme u\u017e povedali, Polkadot si m\u00f4\u017eete k\u00fapi\u0165 na Kucoin s in\u00fdmi digit\u00e1lnymi menami. Ak vlastn\u00edte digit\u00e1lne akt\u00edva a m\u00e1te z\u00e1ujem o t\u00fato mo\u017enos\u0165, pokra\u010dujte v \u010d\u00edtan\u00ed. Ak nie, m\u00f4\u017eete tento krok presko\u010di\u0165.\u00a0<\/span><\/p>\n<p><span style=\"font-weight: 400;\">Na karte \"Akt\u00edva\" na ovl\u00e1dacom paneli si m\u00f4\u017eete pozrie\u0165 preh\u013ead svojich zostatkov. Kliknite na polo\u017eku \"Deposit\" (Vklad) a vyberte digit\u00e1lne akt\u00edvum, ktor\u00e9 chcete previes\u0165 na \u00fa\u010det Kucoin.<\/span><\/p>\n<p><img loading=\"lazy\" decoding=\"async\" class=\"alignnone wp-image-3273 size-full\" src=\"https:\/\/coinkickoff.com\/wp-content\/uploads\/kucoin-deposit.png\" alt=\"kucoin vkladov\u00e9 fondy 1\" width=\"1427\" height=\"758\" srcset=\"https:\/\/coinkickoff.com\/wp-content\/uploads\/kucoin-deposit.png 1427w, https:\/\/coinkickoff.com\/wp-content\/uploads\/kucoin-deposit-300x159.png 300w, https:\/\/coinkickoff.com\/wp-content\/uploads\/kucoin-deposit-1024x544.png 1024w, https:\/\/coinkickoff.com\/wp-content\/uploads\/kucoin-deposit-768x408.png 768w, https:\/\/coinkickoff.com\/wp-content\/uploads\/kucoin-deposit-18x10.png 18w\" sizes=\"auto, (max-width: 1427px) 100vw, 1427px\" \/><\/p>\n<p><span style=\"font-weight: 400;\">Pre vybran\u00fd model coin dostanete adresu na v\u00fdber. Prejdite do svojej externej pe\u0148a\u017eenky a pou\u017eite t\u00fato adresu na v\u00fdber coins na Kucoin!<\/span><\/p>\n<p><span style=\"font-weight: 400;\">V\u017edy by ste v\u0161ak mali ma\u0165 na pam\u00e4ti jedno pravidlo: pre ka\u017ed\u00fa kryptomenu potrebujete samostatn\u00fa adresu pe\u0148a\u017eenky. Povedzme, \u017ee ste si vygenerovali adresu pre <a href=\"https:\/\/coinkickoff.com\/sk\/tether-usdt\/\" data-internallinksmanager029f6b8e52c=\"3\" title=\"\u010co je Tether (USDT)? Ako funguje a kde ho k\u00fapi\u0165?\">USDT<\/a>. T\u00fato adresu mus\u00edte pou\u017e\u00edva\u0165 len na prenosy USDT. Ak sa pok\u00fasite posla\u0165 in\u00fa kryptomenu, m\u00f4\u017ee sa strati\u0165 a vy m\u00f4\u017eete pr\u00eds\u0165 o svoje prostriedky.\u00a0<\/span><\/p>\n<h3><span class=\"ez-toc-section\" id=\"4_Navigate_to_the_Relevant_Screen_to_Buy\"><\/span><span style=\"font-weight: 400;\">4. Prejdite na pr\u00edslu\u0161n\u00fa obrazovku a nakupte<\/span><span class=\"ez-toc-section-end\"><\/span><\/h3>\n<p><span style=\"font-weight: 400;\">Ak si chcete k\u00fapi\u0165 Polkadot za fiat menu, stla\u010dte tla\u010didlo \"K\u00fapi\u0165 kryptografiu\" a vyberte mo\u017enos\u0165 \"Fast Trade\" alebo \"Third-Party\". P2P transakcie nie s\u00fa pre Polkadot k dispoz\u00edcii.<\/span><\/p>\n<p><img loading=\"lazy\" decoding=\"async\" class=\"alignnone wp-image-3274 size-full\" src=\"https:\/\/coinkickoff.com\/wp-content\/uploads\/kucoin-buy-crypto.png\" alt=\"kucoin k\u00fapi\u0165 obrazovku\" width=\"1418\" height=\"692\" srcset=\"https:\/\/coinkickoff.com\/wp-content\/uploads\/kucoin-buy-crypto.png 1418w, https:\/\/coinkickoff.com\/wp-content\/uploads\/kucoin-buy-crypto-300x146.png 300w, https:\/\/coinkickoff.com\/wp-content\/uploads\/kucoin-buy-crypto-1024x500.png 1024w, https:\/\/coinkickoff.com\/wp-content\/uploads\/kucoin-buy-crypto-768x375.png 768w, https:\/\/coinkickoff.com\/wp-content\/uploads\/kucoin-buy-crypto-18x9.png 18w\" sizes=\"auto, (max-width: 1418px) 100vw, 1418px\" \/><\/p>\n<p><span style=\"font-weight: 400;\">Pomocou funkcie Fast Trade m\u00f4\u017eete k \u00fa\u010dtu Kucoin pripoji\u0165 kreditn\u00fa alebo debetn\u00fa kartu a okam\u017eite nakupova\u0165.\u00a0<\/span><\/p>\n<p><span style=\"font-weight: 400;\">Tretie strany v\u00e1m umo\u017e\u0148uj\u00fa k\u00fapi\u0165 DOT prostredn\u00edctvom kan\u00e1lov tret\u00edch str\u00e1n, ako s\u00fa Banxa, Simplex a <a href=\"https:\/\/coinkickoff.com\/sk\/bitcoin-btc\/\" data-internallinksmanager029f6b8e52c=\"1\" title=\"\u010co je Bitcoin (BTC)? Cena, hist\u00f3ria a kde k\u00fapi\u0165\">BTC<\/a> Priame.<\/span><\/p>\n<h4><span class=\"ez-toc-section\" id=\"Fast_Trade\"><\/span><span style=\"font-weight: 400;\">R\u00fdchly obchod<\/span><span class=\"ez-toc-section-end\"><\/span><\/h4>\n<p><span style=\"font-weight: 400;\">Ak si vyberiete mo\u017enos\u0165 Fast Trade, m\u00f4\u017eete si k\u00fapi\u0165 Polkadot vyplnen\u00edm jednoduch\u00e9ho objedn\u00e1vkov\u00e9ho formul\u00e1ra. <\/span><\/p>\n<h4><img loading=\"lazy\" decoding=\"async\" class=\"alignnone wp-image-3275 size-full\" style=\"font-family: Muli, sans-serif;\" src=\"https:\/\/coinkickoff.com\/wp-content\/uploads\/kucoin-buy-crypto-one-click.png\" alt=\"kucoin k\u00fapi\u0165 jedn\u00fdm kliknut\u00edm\" width=\"1421\" height=\"770\" srcset=\"https:\/\/coinkickoff.com\/wp-content\/uploads\/kucoin-buy-crypto-one-click.png 1421w, https:\/\/coinkickoff.com\/wp-content\/uploads\/kucoin-buy-crypto-one-click-300x163.png 300w, https:\/\/coinkickoff.com\/wp-content\/uploads\/kucoin-buy-crypto-one-click-1024x555.png 1024w, https:\/\/coinkickoff.com\/wp-content\/uploads\/kucoin-buy-crypto-one-click-768x416.png 768w, https:\/\/coinkickoff.com\/wp-content\/uploads\/kucoin-buy-crypto-one-click-18x10.png 18w\" sizes=\"auto, (max-width: 1421px) 100vw, 1421px\" \/><\/h4>\n<p><span style=\"font-weight: 400;\">K dispoz\u00edcii je mno\u017estvo platobn\u00fdch met\u00f3d vr\u00e1tane kreditn\u00fdch a debetn\u00fdch kariet.<\/span><\/p>\n<p><img loading=\"lazy\" decoding=\"async\" class=\"alignnone wp-image-3276 size-full\" src=\"https:\/\/coinkickoff.com\/wp-content\/uploads\/kucoin-select-paymnet-method.png\" alt=\"ako k\u00fapi\u0165 Polygon na Kucoin\" width=\"1424\" height=\"794\" srcset=\"https:\/\/coinkickoff.com\/wp-content\/uploads\/kucoin-select-paymnet-method.png 1424w, https:\/\/coinkickoff.com\/wp-content\/uploads\/kucoin-select-paymnet-method-300x167.png 300w, https:\/\/coinkickoff.com\/wp-content\/uploads\/kucoin-select-paymnet-method-1024x571.png 1024w, https:\/\/coinkickoff.com\/wp-content\/uploads\/kucoin-select-paymnet-method-768x428.png 768w, https:\/\/coinkickoff.com\/wp-content\/uploads\/kucoin-select-paymnet-method-18x10.png 18w\" sizes=\"auto, (max-width: 1424px) 100vw, 1424px\" \/><\/p>\n<p><span style=\"font-weight: 400;\">Vyberte sp\u00f4sob platby, ktor\u00fd chcete pou\u017ei\u0165. Ak kliknete na \"Prida\u0165 kartu\", m\u00f4\u017eete zada\u0165 \u00fadaje o karte a pou\u017ei\u0165 ju na n\u00e1kup.<\/span><\/p>\n<p><span style=\"font-weight: 400;\">Kliknut\u00edm na \"K\u00fapi\u0165 DOT\" dokon\u010d\u00edte transakciu. Pred jej dokon\u010den\u00edm si m\u00f4\u017eete pozrie\u0165 odhad, ko\u013eko DOT dostanete, ako aj v\u0161etky poplatky, ktor\u00e9 sa na \u0148u vz\u0165ahuj\u00fa.<\/span><\/p>\n<h4><span class=\"ez-toc-section\" id=\"Third-Party\"><\/span><span style=\"font-weight: 400;\">Tretia strana<\/span><span class=\"ez-toc-section-end\"><\/span><\/h4>\n<p><span style=\"font-weight: 400;\">Ak si z nejak\u00e9ho d\u00f4vodu nem\u00f4\u017eete k\u00fapi\u0165 DOT prostredn\u00edctvom slu\u017eby Easy Buy, v\u017edy m\u00f4\u017eete pou\u017ei\u0165 slu\u017ebu tretej strany, ako je Banxa alebo Simplex.<\/span><\/p>\n<p><span style=\"font-weight: 400;\">T\u00edto spracovatelia tret\u00edch str\u00e1n pred\u00e1vaj\u00fa kryptomeny za stanoven\u00e9 ceny a prid\u00e1vaj\u00fa mal\u00fd poplatok za spracovanie. Ich kurzy s\u00fa v\u0161ak zvy\u010dajne drah\u0161ie v porovnan\u00ed s cenami na burze kv\u00f4li vysok\u00fdm spreadom.<\/span><\/p>\n<p><span style=\"font-weight: 400;\">Vypl\u0148te objedn\u00e1vkov\u00fd formul\u00e1r tretej strany. Najprv vyberte DOT ako akt\u00edvum, ktor\u00e9 chcete z\u00edska\u0165, a zadajte sumu, ktor\u00fa chcete investova\u0165 do Polkadot.<\/span><\/p>\n<p><img loading=\"lazy\" decoding=\"async\" class=\"alignnone wp-image-3278 size-full\" src=\"https:\/\/coinkickoff.com\/wp-content\/uploads\/kucoin-screenshot.png\" alt=\"Ako k\u00fapi\u0165 Cardano na Kucoin ako k\u00fapi\u0165 polkadot na kucoin\" width=\"1436\" height=\"673\" srcset=\"https:\/\/coinkickoff.com\/wp-content\/uploads\/kucoin-screenshot.png 1436w, https:\/\/coinkickoff.com\/wp-content\/uploads\/kucoin-screenshot-300x141.png 300w, https:\/\/coinkickoff.com\/wp-content\/uploads\/kucoin-screenshot-1024x480.png 1024w, https:\/\/coinkickoff.com\/wp-content\/uploads\/kucoin-screenshot-768x360.png 768w, https:\/\/coinkickoff.com\/wp-content\/uploads\/kucoin-screenshot-18x8.png 18w\" sizes=\"auto, (max-width: 1436px) 100vw, 1436px\" \/><\/p>\n<p><span style=\"font-weight: 400;\">Pozrite si dostupn\u00e9 sp\u00f4soby platby. Niektor\u00ed spracovatelia platieb m\u00f4\u017eu pon\u00faka\u0165 lep\u0161ie ceny alebo lacnej\u0161ie poplatky.<\/span><\/p>\n<p>&nbsp;<\/p>\n<p><span style=\"font-weight: 400;\">Po stla\u010den\u00ed tla\u010didla \"Potvrdi\u0165\" budete presmerovan\u00ed na str\u00e1nku s platbou. Schv\u00e1\u013ete transakciu a je to hotov\u00e9.<\/span><\/p>\n<h4><span class=\"ez-toc-section\" id=\"How_to_Buy_Polkadot_with_Crypto\"><\/span><span style=\"font-weight: 400;\">Ako k\u00fapi\u0165 Polkadot s kryptomenami<\/span><span class=\"ez-toc-section-end\"><\/span><\/h4>\n<p><span style=\"font-weight: 400;\">Ak prevediete digit\u00e1lne akt\u00edva na Kucoin, m\u00f4\u017eete ich na spotovom trhu vymeni\u0165 za Polkadot. Kucoin, podobne ako mnoh\u00e9 burzy, pon\u00faka stabiln\u00e9 p\u00e1rycoin pre v\u00e4\u010d\u0161inu altcoins vr\u00e1tane Polkadot. Tak\u017ee ak m\u00e1te USDT alebo <a href=\"https:\/\/coinkickoff.com\/sk\/usd-coin-usdc\/\" data-internallinksmanager029f6b8e52c=\"8\" title=\"\u010co je USD Coin (USDC)? Ako funguje a kde ho k\u00fapi\u0165?\">USDC<\/a>, m\u00f4\u017eete ich celkom jednoducho vymeni\u0165 za DOT.<\/span><\/p>\n<p><span style=\"font-weight: 400;\">Ak m\u00e1te in\u00e9 digit\u00e1lne akt\u00edvum, m\u00f4\u017eete ho najprv vymeni\u0165 za USDT alebo USDC.\u00a0<\/span><\/p>\n<p><span style=\"font-weight: 400;\">Kliknite na \"Trade\" a prejdite na \"Spot Trading\". V rozhran\u00ed zadajte na paneli trhov \"DOT\" a vyberte p\u00e1rovanie.<\/span><\/p>\n<p><span style=\"font-weight: 400;\">\u010ealej si m\u00f4\u017eete objedna\u0165 DOT. Jednoducho zadajte sumu, ktor\u00fa chcete min\u00fa\u0165, a stla\u010den\u00edm tla\u010didla \"K\u00fapi\u0165\" dokon\u010dite n\u00e1kup.<\/span><\/p>\n<p><span style=\"font-weight: 400;\">Ak zad\u00e1te pr\u00edkaz \"Market\", v\u00e1\u0161 n\u00e1kup bude vykonan\u00fd ve\u013emi skoro, za trhov\u00fa cenu. Ak zad\u00e1te limitn\u00fd pr\u00edkaz, m\u00f4\u017eete si nastavi\u0165 cenu, ktor\u00fa ste ochotn\u00ed zaplati\u0165 za DOT, a v\u00e1\u0161 pr\u00edkaz sa vykon\u00e1, ke\u010f ceny akt\u00edv klesn\u00fa.<\/span><\/p>\n<p><span style=\"font-weight: 400;\">A to je <\/span><i><span style=\"font-weight: 400;\">Ako k\u00fapi\u0165 Polkadot na Kucoin<\/span><\/i><span style=\"font-weight: 400;\"> sprievodca! Ak v\u00e1m to pomohlo, pozrite si na\u0161u <\/span><a href=\"https:\/\/coinkickoff.com\/sk\/crypto-exchanges\/\"><span style=\"font-weight: 400;\">v\u00fdmenn\u00e9 recenzie<\/span><\/a><span style=\"font-weight: 400;\"> a in\u00e9 <a href=\"https:\/\/coinkickoff.com\/sk\/how-to-buy-ethereum\/\">sprievodcovia<\/a>.<\/span><\/p>","protected":false},"excerpt":{"rendered":"<p>Ako k\u00fapi\u0165 Polkadot na Kucoin P\u00fdtate sa, ako k\u00fapi\u0165 Polkadot na Kucoin? Existuje to\u013eko sp\u00f4sobov! Tu je n\u00e1vod, ako k\u00fapi\u0165 DOT na Kucoin za fiat peniaze a\/alebo digit\u00e1lne meny. Sprievodca krok za krokom, ako k\u00fapi\u0165 Polkadot na Kucoin 1. Zaregistrujte si \u00fa\u010det Za\u010dnite t\u00fdm, \u017ee si otvor\u00edte bezplatn\u00fd [...]<\/p>","protected":false},"author":3,"featured_media":0,"parent":4215,"menu_order":0,"comment_status":"closed","ping_status":"closed","template":"","meta":{"_genesis_hide_title":false,"_genesis_hide_breadcrumbs":false,"_genesis_hide_singular_image":false,"_genesis_hide_footer_widgets":false,"_genesis_custom_body_class":"","_genesis_custom_post_class":"","_genesis_layout":"","_glsr_average":0,"_glsr_ranking":0,"_glsr_reviews":0,"footnotes":""},"class_list":{"0":"post-4239","1":"page","2":"type-page","3":"status-publish","5":"entry"},"featured_image_src":null,"featured_image_src_square":null,"_links":{"self":[{"href":"https:\/\/coinkickoff.com\/sk\/wp-json\/wp\/v2\/pages\/4239","targetHints":{"allow":["GET"]}}],"collection":[{"href":"https:\/\/coinkickoff.com\/sk\/wp-json\/wp\/v2\/pages"}],"about":[{"href":"https:\/\/coinkickoff.com\/sk\/wp-json\/wp\/v2\/types\/page"}],"author":[{"embeddable":true,"href":"https:\/\/coinkickoff.com\/sk\/wp-json\/wp\/v2\/users\/3"}],"replies":[{"embeddable":true,"href":"https:\/\/coinkickoff.com\/sk\/wp-json\/wp\/v2\/comments?post=4239"}],"version-history":[{"count":2,"href":"https:\/\/coinkickoff.com\/sk\/wp-json\/wp\/v2\/pages\/4239\/revisions"}],"predecessor-version":[{"id":4241,"href":"https:\/\/coinkickoff.com\/sk\/wp-json\/wp\/v2\/pages\/4239\/revisions\/4241"}],"up":[{"embeddable":true,"href":"https:\/\/coinkickoff.com\/sk\/wp-json\/wp\/v2\/pages\/4215"}],"wp:attachment":[{"href":"https:\/\/coinkickoff.com\/sk\/wp-json\/wp\/v2\/media?parent=4239"}],"curies":[{"name":"wp","href":"https:\/\/api.w.org\/{rel}","templated":true}]}}