{"id":4172,"date":"2026-01-08T14:07:22","date_gmt":"2026-01-08T14:07:22","guid":{"rendered":"https:\/\/coinkickoff.com\/?page_id=4172"},"modified":"2026-01-08T14:07:22","modified_gmt":"2026-01-08T14:07:22","slug":"__trashed","status":"publish","type":"page","link":"https:\/\/coinkickoff.com\/sk\/how-to-buy-ethereum\/__trashed\/","title":{"rendered":"Ako k\u00fapi\u0165 Ethereum na Bitfinexe"},"content":{"rendered":"<div id=\"ez-toc-container\" class=\"ez-toc-v2_0_80 counter-hierarchy ez-toc-counter ez-toc-transparent ez-toc-container-direction\">\n<div class=\"ez-toc-title-container\">\n<p class=\"ez-toc-title\" style=\"cursor:inherit\">Sekcie<\/p>\n<span class=\"ez-toc-title-toggle\"><a href=\"#\" class=\"ez-toc-pull-right ez-toc-btn ez-toc-btn-xs ez-toc-btn-default ez-toc-toggle\" aria-label=\"Prep\u00ednanie tabu\u013eky obsahu\"><span class=\"ez-toc-js-icon-con\"><span class=\"\"><span class=\"eztoc-hide\" style=\"display:none;\">Prep\u00edna\u010d<\/span><span class=\"ez-toc-icon-toggle-span\"><svg style=\"fill: #999;color:#999\" xmlns=\"http:\/\/www.w3.org\/2000\/svg\" class=\"list-377408\" width=\"20px\" height=\"20px\" viewbox=\"0 0 24 24\" fill=\"none\"><path d=\"M6 6H4v2h2V6zm14 0H8v2h12V6zM4 11h2v2H4v-2zm16 0H8v2h12v-2zM4 16h2v2H4v-2zm16 0H8v2h12v-2z\" fill=\"currentColor\"><\/path><\/svg><svg style=\"fill: #999;color:#999\" class=\"arrow-unsorted-368013\" xmlns=\"http:\/\/www.w3.org\/2000\/svg\" width=\"10px\" height=\"10px\" viewbox=\"0 0 24 24\" version=\"1.2\" baseprofile=\"tiny\"><path d=\"M18.2 9.3l-6.2-6.3-6.2 6.3c-.2.2-.3.4-.3.7s.1.5.3.7c.2.2.4.3.7.3h11c.3 0 .5-.1.7-.3.2-.2.3-.5.3-.7s-.1-.5-.3-.7zM5.8 14.7l6.2 6.3 6.2-6.3c.2-.2.3-.5.3-.7s-.1-.5-.3-.7c-.2-.2-.4-.3-.7-.3h-11c-.3 0-.5.1-.7.3-.2.2-.3.5-.3.7s.1.5.3.7z\"\/><\/svg><\/span><\/span><\/span><\/a><\/span><\/div>\n<nav><ul class='ez-toc-list ez-toc-list-level-1 eztoc-toggle-hide-by-default' ><li class='ez-toc-page-1 ez-toc-heading-level-1'><a class=\"ez-toc-link ez-toc-heading-1\" href=\"https:\/\/coinkickoff.com\/sk\/how-to-buy-ethereum\/__trashed\/#How_to_Buy_Ethereum_on_Bitfinex\" >Ako k\u00fapi\u0165 Ethereum na Bitfinexe<\/a><ul class='ez-toc-list-level-2' ><li class='ez-toc-heading-level-2'><a class=\"ez-toc-link ez-toc-heading-2\" href=\"https:\/\/coinkickoff.com\/sk\/how-to-buy-ethereum\/__trashed\/#A_Step-By-Step_Guide_on_How_to_Buy_Ethereum_on_Bitfinex\" >Sprievodca krok za krokom, ako k\u00fapi\u0165 Ethereum na Bitfinexe<\/a><ul class='ez-toc-list-level-3' ><li class='ez-toc-heading-level-3'><a class=\"ez-toc-link ez-toc-heading-3\" href=\"https:\/\/coinkickoff.com\/sk\/how-to-buy-ethereum\/__trashed\/#1_Register_an_Account_on_Bitfinex\" >1. Zaregistrujte si \u00fa\u010det na Bitfinex<\/a><\/li><li class='ez-toc-page-1 ez-toc-heading-level-3'><a class=\"ez-toc-link ez-toc-heading-4\" href=\"https:\/\/coinkickoff.com\/sk\/how-to-buy-ethereum\/__trashed\/#2_Get_Verified_on_Bitfinex\" >2. Z\u00edskajte overenie na Bitfinex<\/a><\/li><li class='ez-toc-page-1 ez-toc-heading-level-3'><a class=\"ez-toc-link ez-toc-heading-5\" href=\"https:\/\/coinkickoff.com\/sk\/how-to-buy-ethereum\/__trashed\/#3_Deposit_FundsCrypto\" >3. Vkladov\u00e9 fondy\/krypto<\/a><\/li><li class='ez-toc-page-1 ez-toc-heading-level-3'><a class=\"ez-toc-link ez-toc-heading-6\" href=\"https:\/\/coinkickoff.com\/sk\/how-to-buy-ethereum\/__trashed\/#4_Navigate_to_the_Relevant_Screen_to_Buy\" >4. Prejdite na pr\u00edslu\u0161n\u00fa obrazovku a nakupte<\/a><\/li><\/ul><\/li><\/ul><\/li><\/ul><\/nav><\/div>\n<h1><span class=\"ez-toc-section\" id=\"How_to_Buy_Ethereum_on_Bitfinex\"><\/span><span style=\"font-weight: 400;\">Ako k\u00fapi\u0165 Ethereum na Bitfinexe<\/span><span class=\"ez-toc-section-end\"><\/span><\/h1>\n<p><span style=\"font-weight: 400;\">Chcete si k\u00fapi\u0165 <a href=\"https:\/\/coinkickoff.com\/sk\/ethereum-eth\/\" data-internallinksmanager029f6b8e52c=\"2\" title=\"\u010co je Ethereum (ETH)? Cena, hist\u00f3ria a kde k\u00fapi\u0165\">Ethereum<\/a> na str\u00e1nke . <a href=\"https:\/\/coinkickoff.com\/sk\/bitfinex-review\/\">Bitfinex<\/a>? M\u00e1me pre v\u00e1s spr\u00e1vnu pr\u00edru\u010dku s pokynmi krok za krokom. Tu je n\u00e1vod, ako si k\u00fapi\u0165 Ethereum na <a href=\"https:\/\/coinkickoff.com\/sk\/bitfinex-review\/\" data-internallinksmanager029f6b8e52c=\"151\" title=\"Recenzie Bitfinex 2023: poplatky, funkcie, bezpe\u010dnos\u0165, v\u00fdhody a nev\u00fdhody\">Bitfinex<\/a>.<\/span><\/p>\n<h2><span class=\"ez-toc-section\" id=\"A_Step-By-Step_Guide_on_How_to_Buy_Ethereum_on_Bitfinex\"><\/span><span style=\"font-weight: 400;\">Sprievodca krok za krokom, ako k\u00fapi\u0165 Ethereum na Bitfinexe<\/span><span class=\"ez-toc-section-end\"><\/span><\/h2>\n<h3><span class=\"ez-toc-section\" id=\"1_Register_an_Account_on_Bitfinex\"><\/span><span style=\"font-weight: 400;\">1. Zaregistrujte si \u00fa\u010det na Bitfinex<\/span><span class=\"ez-toc-section-end\"><\/span><\/h3>\n<p><span style=\"font-weight: 400;\">Na za\u010diatok budete potrebova\u0165 <\/span><a href=\"https:\/\/www.bitfinex.com\/sign-up?refcode=kjCYk-CZD\" target=\"_blank\" rel=\"noopener\"><span style=\"font-weight: 400;\">\u00da\u010det Bitfinex.<\/span><\/a><\/p>\n<p><img loading=\"lazy\" decoding=\"async\" class=\"alignnone wp-image-3138 size-full\" src=\"https:\/\/coinkickoff.com\/wp-content\/uploads\/bitfinex-exchange.jpg\" alt=\"Ako k\u00fapi\u0165 Ethereum na burze Bitfinex\" width=\"1876\" height=\"916\" srcset=\"https:\/\/coinkickoff.com\/wp-content\/uploads\/bitfinex-exchange.jpg 1876w, https:\/\/coinkickoff.com\/wp-content\/uploads\/bitfinex-exchange-300x146.jpg 300w, https:\/\/coinkickoff.com\/wp-content\/uploads\/bitfinex-exchange-1024x500.jpg 1024w, https:\/\/coinkickoff.com\/wp-content\/uploads\/bitfinex-exchange-768x375.jpg 768w, https:\/\/coinkickoff.com\/wp-content\/uploads\/bitfinex-exchange-1536x750.jpg 1536w, https:\/\/coinkickoff.com\/wp-content\/uploads\/bitfinex-exchange-18x9.jpg 18w\" sizes=\"auto, (max-width: 1876px) 100vw, 1876px\" \/><\/p>\n<p><span style=\"font-weight: 400;\">Po prihl\u00e1sen\u00ed aktivujte dvojfaktorov\u00e9 overovanie, aby ste zabezpe\u010dili svoje konto.<\/span><\/p>\n<p><span style=\"font-weight: 400;\">Funkciu 2FA m\u00f4\u017eete po prvom prihl\u00e1sen\u00ed vypn\u00fa\u0165, hoci ju odpor\u00fa\u010dame ponecha\u0165 zapnut\u00fa, aby ste ochr\u00e1nili svoje konto pred hackermi.<\/span><\/p>\n<p><span style=\"font-weight: 400;\">Zapn\u00fa\u0165 dvojfaktorov\u00e9 overovanie je celkom jednoduch\u00e9: Vyberte jednu z pon\u00fakan\u00fdch met\u00f3d a stla\u010dte tla\u010didlo \u201cNastavi\u0165\u201d.\u201d<\/span><\/p>\n<p><span style=\"font-weight: 400;\">Samozrejme, na jej spustenie potrebujete aplik\u00e1ciu Google Authenticator. Postupujte pod\u013ea pokynov na obrazovke. Po dokon\u010den\u00ed v\u00e1m spolo\u010dnos\u0165 Bitfinex po\u0161le e-mail s potvrden\u00edm, \u017ee ste aktivovali 2FA.<\/span><\/p>\n<h3><span class=\"ez-toc-section\" id=\"2_Get_Verified_on_Bitfinex\"><\/span><span style=\"font-weight: 400;\">2. Z\u00edskajte overenie na Bitfinex<\/span><span class=\"ez-toc-section-end\"><\/span><\/h3>\n<p><span style=\"font-weight: 400;\">\u010eal\u0161\u00edm krokom je overenie v\u00e1\u0161ho ID na platforme. Podobne ako v\u00e4\u010d\u0161ina b\u00farz, aj Bitfinex m\u00e1 \u0161tandardn\u00fd proces overenia toto\u017enosti. Ak chcete za\u010da\u0165, prejdite do svojho profilu cez logo profilu na ovl\u00e1dacom paneli a vyberte polo\u017eku \u201cOverenie\u201d.\u201d<\/span><\/p>\n<p><span style=\"font-weight: 400;\">Ak chcete na burze k\u00fapi\u0165 digit\u00e1lne akt\u00edva, ako je Ethereum, za fiat peniaze, mus\u00edte dokon\u010di\u0165 overenie aspo\u0148 na strednej \u00farovni. Samozrejme, ak chcete len obchodova\u0165 s kryptomenov\u00fdmi p\u00e1rmi, napr. <a href=\"https:\/\/coinkickoff.com\/sk\/bitcoin-btc\/\" data-internallinksmanager029f6b8e52c=\"1\" title=\"\u010co je Bitcoin (BTC)? Cena, hist\u00f3ria a kde k\u00fapi\u0165\">Bitcoin<\/a> pre Ethereum m\u00f4\u017eete tento krok presko\u010di\u0165.<\/span><\/p>\n<p><span style=\"font-weight: 400;\">Priebe\u017en\u00e9 overovanie v\u00e1m umo\u017e\u0148uje k\u00fapi\u0165 ETH kreditnou kartou prostredn\u00edctvom Bitfinex Pay Merchants alebo vklada\u0165 hotovos\u0165 prostredn\u00edctvom SEPA. Po dokon\u010den\u00ed \u00fapln\u00e9ho overenia m\u00f4\u017eete vykon\u00e1va\u0165 bankov\u00e9 vklady.<\/span><\/p>\n<p><span style=\"font-weight: 400;\">Stla\u010dte tla\u010didlo \u201cSpusti\u0165 overovanie\u201d a pokra\u010dujte.<\/span><\/p>\n<p><span style=\"font-weight: 400;\">Zadan\u00edm n\u00e1zvu krajiny v\u00e1\u0161ho pobytu sa zobrazia odpor\u00fa\u010dan\u00e9 typy preukazov toto\u017enosti. Vyberte si preukaz toto\u017enosti, ktor\u00fd chcete predlo\u017ei\u0165, a stla\u010dte tla\u010didlo \u201cPokra\u010dova\u0165\u201d.\u201d<\/span><\/p>\n<p><span style=\"font-weight: 400;\">Ak chcete pokra\u010dova\u0165, budete potrebova\u0165 mobiln\u00e9 zariadenie: Pomocou fotoapar\u00e1tu telef\u00f3nu naskenujte k\u00f3d a otvorte str\u00e1nku na odosielanie. Potom m\u00f4\u017eete odosla\u0165 potrebn\u00e9 obr\u00e1zky.<\/span><\/p>\n<h3><span class=\"ez-toc-section\" id=\"3_Deposit_FundsCrypto\"><\/span><span style=\"font-weight: 400;\">3. Vkladov\u00e9 fondy\/krypto<\/span><span class=\"ez-toc-section-end\"><\/span><\/h3>\n<p><span style=\"font-weight: 400;\">Teraz je \u010das na vklad: Ak m\u00e1te digit\u00e1lne akt\u00edva, ktor\u00e9 chcete obchodova\u0165 za Ethereum na Bitfinexe, mus\u00edte tieto akt\u00edva najprv previes\u0165 na svoj \u00fa\u010det Bitfinex. Vyberte polo\u017eku \u201cDeposit\u201d a zobraz\u00ed sa v\u00e1m zoznam akt\u00edv, ktor\u00e9 m\u00f4\u017eete posla\u0165 na platformu.<\/span><\/p>\n<p><span style=\"font-weight: 400;\">Po v\u00fdbere akt\u00edva v\u00e1m spolo\u010dnos\u0165 Bitfinex vygeneruje adresu pe\u0148a\u017eenky na odoslanie va\u0161ej kryptomeny. Po dokon\u010den\u00ed vkladu sa va\u0161e akt\u00edva zobrazia na karte \u201cZostatky\u201d.<\/span><\/p>\n<h3><span class=\"ez-toc-section\" id=\"4_Navigate_to_the_Relevant_Screen_to_Buy\"><\/span><span style=\"font-weight: 400;\">4. Prejdite na pr\u00edslu\u0161n\u00fa obrazovku a nakupte<\/span><span class=\"ez-toc-section-end\"><\/span><\/h3>\n<p><span style=\"font-weight: 400;\">Mo\u017eno si mysl\u00edte, \u017ee ste teraz pripraven\u00ed na n\u00e1kup digit\u00e1lnych akt\u00edv, ke\u010f je v\u00e1\u0161 vklad hotov\u00fd, ale e\u0161te je tu jeden krok: Bitfinex automaticky odo\u0161le v\u00e1\u0161 vklad do va\u0161ej \u201cpe\u0148a\u017eenky na financovanie\u201d, ale my ich chceme ma\u0165 v na\u0161ej \u201cpe\u0148a\u017eenke na burze\u201d.\u201d<\/span><\/p>\n<p><span style=\"font-weight: 400;\">Na\u0161\u0165astie je to jednoduch\u00e1 oper\u00e1cia: Na karte \u201cZostatky\u201d vyberte prostriedky, ktor\u00e9 chcete vymeni\u0165, a kliknite na tla\u010didlo \u201cPrevies\u0165\u201d. Ke\u010f s\u00fa v pe\u0148a\u017eenke v\u00fdmeny, m\u00f4\u017eete ich vymeni\u0165 za ethery.<\/span><\/p>\n<p><span style=\"font-weight: 400;\">Ak chcete za\u010da\u0165, prejdite na kartu \u201cObchodovanie\u201d. Ak ste teraz ulo\u017eili digit\u00e1lne akt\u00edva, chcete vyh\u013eada\u0165 trh Ethereum pre dan\u00e9 akt\u00edvum. Ak m\u00e1te napr. <a href=\"https:\/\/coinkickoff.com\/sk\/tether-usdt\/\" data-internallinksmanager029f6b8e52c=\"3\" title=\"\u010co je Tether (USDT)? Ako funguje a kde ho k\u00fapi\u0165?\">USDT<\/a>, vyh\u013eadajte ETH\/USDT.\u00a0<\/span><\/p>\n<p><span style=\"font-weight: 400;\">Pre fiat menu vyh\u013eadajte p\u00e1rovanie ETH\/USD alebo ETH\/EUR. Ke\u010f n\u00e1jdete po\u017eadovan\u00e9 p\u00e1rovanie, kliknite na\u0148 a zobraz\u00ed sa v\u00e1m obchodn\u00e9 rozhranie.\u00a0<\/span><\/p>\n<p><span style=\"font-weight: 400;\">Jednoducho zadajte, ko\u013eko Ethereum chcete k\u00fapi\u0165 pre svoj majetok. Cenu, ktor\u00fa ste ochotn\u00ed zaplati\u0165, m\u00f4\u017eete manu\u00e1lne upravi\u0165. Po vyplnen\u00ed formul\u00e1ra stla\u010dte tla\u010didlo \u201cVymeni\u0165 k\u00fapi\u0165\u201d.\u201d<\/span><\/p>\n<p><span style=\"font-weight: 400;\">A takto si m\u00f4\u017eete k\u00fapi\u0165 Ethereum na Bitfinexe. Ak sa rozhodnete k\u00fapi\u0165 Ethereum na inej burze, m\u00f4\u017eete sa pozrie\u0165 aj na na\u0161e r\u00f4zne <a href=\"https:\/\/coinkickoff.com\/sk\/crypto-exchanges\/\">recenzie exchnage<\/a> a <a href=\"https:\/\/coinkickoff.com\/sk\/how-to-buy-ethereum\/\">sprievodcovia<\/a>.<\/span><\/p>","protected":false},"excerpt":{"rendered":"<p>Ako k\u00fapi\u0165 Ethereum na Bitfinexe Chcete si k\u00fapi\u0165 Ethereum na Bitfinexe? M\u00e1me pre v\u00e1s ten spr\u00e1vny n\u00e1vod s pokynmi krok za krokom. Tu je n\u00e1vod, ako k\u00fapi\u0165 Ethereum na Bitfinex. N\u00e1vod krok za krokom, ako k\u00fapi\u0165 Ethereum na Bitfinex 1. Zaregistrujte si \u00fa\u010det na Bitfinex Na za\u010diatok budete potrebova\u0165 [...]<\/p>","protected":false},"author":3,"featured_media":0,"parent":3937,"menu_order":0,"comment_status":"closed","ping_status":"closed","template":"","meta":{"_genesis_hide_title":false,"_genesis_hide_breadcrumbs":false,"_genesis_hide_singular_image":false,"_genesis_hide_footer_widgets":false,"_genesis_custom_body_class":"","_genesis_custom_post_class":"","_genesis_layout":"","_glsr_average":0,"_glsr_ranking":0,"_glsr_reviews":0,"footnotes":""},"class_list":{"0":"post-4172","1":"page","2":"type-page","3":"status-publish","5":"entry"},"featured_image_src":null,"featured_image_src_square":null,"_links":{"self":[{"href":"https:\/\/coinkickoff.com\/sk\/wp-json\/wp\/v2\/pages\/4172","targetHints":{"allow":["GET"]}}],"collection":[{"href":"https:\/\/coinkickoff.com\/sk\/wp-json\/wp\/v2\/pages"}],"about":[{"href":"https:\/\/coinkickoff.com\/sk\/wp-json\/wp\/v2\/types\/page"}],"author":[{"embeddable":true,"href":"https:\/\/coinkickoff.com\/sk\/wp-json\/wp\/v2\/users\/3"}],"replies":[{"embeddable":true,"href":"https:\/\/coinkickoff.com\/sk\/wp-json\/wp\/v2\/comments?post=4172"}],"version-history":[{"count":1,"href":"https:\/\/coinkickoff.com\/sk\/wp-json\/wp\/v2\/pages\/4172\/revisions"}],"predecessor-version":[{"id":4173,"href":"https:\/\/coinkickoff.com\/sk\/wp-json\/wp\/v2\/pages\/4172\/revisions\/4173"}],"up":[{"embeddable":true,"href":"https:\/\/coinkickoff.com\/sk\/wp-json\/wp\/v2\/pages\/3937"}],"wp:attachment":[{"href":"https:\/\/coinkickoff.com\/sk\/wp-json\/wp\/v2\/media?parent=4172"}],"curies":[{"name":"wp","href":"https:\/\/api.w.org\/{rel}","templated":true}]}}