{"id":4045,"date":"2026-01-08T14:07:39","date_gmt":"2026-01-08T14:07:39","guid":{"rendered":"https:\/\/coinkickoff.com\/?page_id=4045"},"modified":"2026-01-08T14:07:39","modified_gmt":"2026-01-08T14:07:39","slug":"how-to-buy-cardano-on-kucoin","status":"publish","type":"page","link":"https:\/\/coinkickoff.com\/sk\/how-to-buy-cardano\/how-to-buy-cardano-on-kucoin\/","title":{"rendered":"Ako k\u00fapi\u0165 Cardano na Kucoin"},"content":{"rendered":"<div id=\"ez-toc-container\" class=\"ez-toc-v2_0_80 counter-hierarchy ez-toc-counter ez-toc-transparent ez-toc-container-direction\">\n<div class=\"ez-toc-title-container\">\n<p class=\"ez-toc-title\" style=\"cursor:inherit\">Sekcie<\/p>\n<span class=\"ez-toc-title-toggle\"><a href=\"#\" class=\"ez-toc-pull-right ez-toc-btn ez-toc-btn-xs ez-toc-btn-default ez-toc-toggle\" aria-label=\"Prep\u00ednanie tabu\u013eky obsahu\"><span class=\"ez-toc-js-icon-con\"><span class=\"\"><span class=\"eztoc-hide\" style=\"display:none;\">Prep\u00edna\u010d<\/span><span class=\"ez-toc-icon-toggle-span\"><svg style=\"fill: #999;color:#999\" xmlns=\"http:\/\/www.w3.org\/2000\/svg\" class=\"list-377408\" width=\"20px\" height=\"20px\" viewbox=\"0 0 24 24\" fill=\"none\"><path d=\"M6 6H4v2h2V6zm14 0H8v2h12V6zM4 11h2v2H4v-2zm16 0H8v2h12v-2zM4 16h2v2H4v-2zm16 0H8v2h12v-2z\" fill=\"currentColor\"><\/path><\/svg><svg style=\"fill: #999;color:#999\" class=\"arrow-unsorted-368013\" xmlns=\"http:\/\/www.w3.org\/2000\/svg\" width=\"10px\" height=\"10px\" viewbox=\"0 0 24 24\" version=\"1.2\" baseprofile=\"tiny\"><path d=\"M18.2 9.3l-6.2-6.3-6.2 6.3c-.2.2-.3.4-.3.7s.1.5.3.7c.2.2.4.3.7.3h11c.3 0 .5-.1.7-.3.2-.2.3-.5.3-.7s-.1-.5-.3-.7zM5.8 14.7l6.2 6.3 6.2-6.3c.2-.2.3-.5.3-.7s-.1-.5-.3-.7c-.2-.2-.4-.3-.7-.3h-11c-.3 0-.5.1-.7.3-.2.2-.3.5-.3.7s.1.5.3.7z\"\/><\/svg><\/span><\/span><\/span><\/a><\/span><\/div>\n<nav><ul class='ez-toc-list ez-toc-list-level-1 eztoc-toggle-hide-by-default' ><li class='ez-toc-page-1 ez-toc-heading-level-1'><a class=\"ez-toc-link ez-toc-heading-1\" href=\"https:\/\/coinkickoff.com\/sk\/how-to-buy-cardano\/how-to-buy-cardano-on-kucoin\/#How_to_Buy_Cardano_on_Kucoin\" >Ako k\u00fapi\u0165 Cardano na Kucoin<\/a><ul class='ez-toc-list-level-2' ><li class='ez-toc-heading-level-2'><a class=\"ez-toc-link ez-toc-heading-2\" href=\"https:\/\/coinkickoff.com\/sk\/how-to-buy-cardano\/how-to-buy-cardano-on-kucoin\/#A_Step-By-Step_Guide_on_How_to_Buy_Cardano_on_Kucoin\" >Sprievodca krok za krokom, ako si k\u00fapi\u0165 Cardano na Kucoin<\/a><ul class='ez-toc-list-level-3' ><li class='ez-toc-heading-level-3'><a class=\"ez-toc-link ez-toc-heading-3\" href=\"https:\/\/coinkickoff.com\/sk\/how-to-buy-cardano\/how-to-buy-cardano-on-kucoin\/#1_Register_an_Account\" >1. Zaregistrujte si \u00fa\u010det<\/a><\/li><li class='ez-toc-page-1 ez-toc-heading-level-3'><a class=\"ez-toc-link ez-toc-heading-4\" href=\"https:\/\/coinkickoff.com\/sk\/how-to-buy-cardano\/how-to-buy-cardano-on-kucoin\/#2_Verify_Your_Account\" >2. Overenie v\u00e1\u0161ho \u00fa\u010dtu<\/a><\/li><li class='ez-toc-page-1 ez-toc-heading-level-3'><a class=\"ez-toc-link ez-toc-heading-5\" href=\"https:\/\/coinkickoff.com\/sk\/how-to-buy-cardano\/how-to-buy-cardano-on-kucoin\/#3_Deposit_Crypto\" >3. Vklad Crypto<\/a><\/li><li class='ez-toc-page-1 ez-toc-heading-level-3'><a class=\"ez-toc-link ez-toc-heading-6\" href=\"https:\/\/coinkickoff.com\/sk\/how-to-buy-cardano\/how-to-buy-cardano-on-kucoin\/#4_Navigate_to_the_Relevant_Screen_to_Buy\" >4. Prejdite na pr\u00edslu\u0161n\u00fa obrazovku a nakupte<\/a><ul class='ez-toc-list-level-4' ><li class='ez-toc-heading-level-4'><a class=\"ez-toc-link ez-toc-heading-7\" href=\"https:\/\/coinkickoff.com\/sk\/how-to-buy-cardano\/how-to-buy-cardano-on-kucoin\/#Fast_Trade_allows_you_to_buy_ADA_with_credit_and_debit_cards_and_Third-party_buy_supports_payment_channels_such_as_Banxa_and_Simplex\" >Fast Trade v\u00e1m umo\u017e\u0148uje k\u00fapi\u0165 ADA pomocou kreditn\u00fdch a debetn\u00fdch kariet a Third-party buy podporuje platobn\u00e9 kan\u00e1ly ako Banxa a Simplex.\u00a0<\/a><\/li><li class='ez-toc-page-1 ez-toc-heading-level-4'><a class=\"ez-toc-link ez-toc-heading-8\" href=\"https:\/\/coinkickoff.com\/sk\/how-to-buy-cardano\/how-to-buy-cardano-on-kucoin\/#P2P_is_a_peer_network_where_you_can_use_bank_transfers_to_buy_digital_currencies_however_its_not_possible_to_buy_ADA_with_this_option\" >P2P je partnersk\u00e1 sie\u0165, v ktorej m\u00f4\u017eete pou\u017e\u00edva\u0165 bankov\u00e9 prevody na n\u00e1kup digit\u00e1lnych mien, av\u0161ak pomocou tejto mo\u017enosti nie je mo\u017en\u00e9 k\u00fapi\u0165 ADA.<\/a><\/li><li class='ez-toc-page-1 ez-toc-heading-level-4'><a class=\"ez-toc-link ez-toc-heading-9\" href=\"https:\/\/coinkickoff.com\/sk\/how-to-buy-cardano\/how-to-buy-cardano-on-kucoin\/#Fast_Trade\" >R\u00fdchly obchod<\/a><\/li><li class='ez-toc-page-1 ez-toc-heading-level-4'><a class=\"ez-toc-link ez-toc-heading-10\" href=\"https:\/\/coinkickoff.com\/sk\/how-to-buy-cardano\/how-to-buy-cardano-on-kucoin\/#Third-Party\" >Tretia strana<\/a><\/li><\/ul><\/li><\/ul><\/li><\/ul><\/li><\/ul><\/nav><\/div>\n<h1><span class=\"ez-toc-section\" id=\"How_to_Buy_Cardano_on_Kucoin\"><\/span><span style=\"font-weight: 400;\">Ako k\u00fapi\u0165 Cardano na Kucoin<\/span><span class=\"ez-toc-section-end\"><\/span><\/h1>\n<p><span style=\"font-weight: 400;\">Ak ste nepou\u017eili <a href=\"https:\/\/coinkickoff.com\/sk\/kucoin-review\/\" data-internallinksmanager029f6b8e52c=\"153\" title=\"KuCoin Recenzie 2023: Poplatky, bezpe\u010dnos\u0165, v\u00fdhody a nev\u00fdhody\">Kucoin<\/a> k\u00fapi\u0165 <a href=\"https:\/\/coinkickoff.com\/sk\/cardano-ada\/\" data-internallinksmanager029f6b8e52c=\"9\" title=\"\u010co je Cardano (ADA)? Ako funguje a kde ho k\u00fapi\u0165?\">Cardano<\/a> (ADA), mo\u017eno neviete, ako postupova\u0165. Nemus\u00edte sa v\u0161ak ob\u00e1va\u0165: uk\u00e1\u017eeme v\u00e1m, ako k\u00fapi\u0165 Cardano na <\/span><a href=\"https:\/\/coinkickoff.com\/sk\/kucoin-review\/\"><span style=\"font-weight: 400;\">Kucoin<\/span><\/a><span style=\"font-weight: 400;\"> s pokynmi krok za krokom.<\/span><\/p>\n<h2><span class=\"ez-toc-section\" id=\"A_Step-By-Step_Guide_on_How_to_Buy_Cardano_on_Kucoin\"><\/span><span style=\"font-weight: 400;\">Sprievodca krok za krokom, ako si k\u00fapi\u0165 Cardano na Kucoin<\/span><span class=\"ez-toc-section-end\"><\/span><\/h2>\n<h3><span class=\"ez-toc-section\" id=\"1_Register_an_Account\"><\/span><span style=\"font-weight: 400;\">1. Zaregistrujte si \u00fa\u010det<\/span><span class=\"ez-toc-section-end\"><\/span><\/h3>\n<p><img loading=\"lazy\" decoding=\"async\" class=\"alignnone wp-image-3269 size-full\" src=\"https:\/\/coinkickoff.com\/wp-content\/uploads\/kucoin-register.png\" alt=\"k\u00fapi\u0165 doge na kucoin register\" width=\"1421\" height=\"788\" srcset=\"https:\/\/coinkickoff.com\/wp-content\/uploads\/kucoin-register.png 1421w, https:\/\/coinkickoff.com\/wp-content\/uploads\/kucoin-register-300x166.png 300w, https:\/\/coinkickoff.com\/wp-content\/uploads\/kucoin-register-1024x568.png 1024w, https:\/\/coinkickoff.com\/wp-content\/uploads\/kucoin-register-768x426.png 768w, https:\/\/coinkickoff.com\/wp-content\/uploads\/kucoin-register-18x10.png 18w\" sizes=\"auto, (max-width: 1421px) 100vw, 1421px\" \/><\/p>\n<p><span style=\"font-weight: 400;\">Potrebujete <\/span><a href=\"https:\/\/www.kucoin.com\/r\/af\/rMJPV3B\" target=\"_blank\" rel=\"noopener\"><span style=\"font-weight: 400;\">Kucoin<\/span><\/a><span style=\"font-weight: 400;\"> \u00fa\u010det, aby ste si mohli k\u00fapi\u0165 ADA na tejto platforme, tak\u017ee sa zaregistrujte pomocou svojho e-mailu a hesla.<\/span><\/p>\n<h3><span class=\"ez-toc-section\" id=\"2_Verify_Your_Account\"><\/span><span style=\"font-weight: 400;\">2. Overenie v\u00e1\u0161ho \u00fa\u010dtu<\/span><span class=\"ez-toc-section-end\"><\/span><\/h3>\n<p><span style=\"font-weight: 400;\">Po registr\u00e1cii m\u00f4\u017eete za\u010da\u0165 s procesom overovania. Podobne ako v\u00e4\u010d\u0161ina ostatn\u00fdch svetov\u00fdch b\u00farz, aj Kucoin umo\u017e\u0148uje obchodn\u00edkom vymie\u0148a\u0165 digit\u00e1lne akt\u00edva na platforme bez overenia toto\u017enosti, ale ak e\u0161te nevlastn\u00edte \u017eiadne digit\u00e1lne akt\u00edva, mus\u00edte tento krok dokon\u010di\u0165, aby ste si mohli k\u00fapi\u0165 ADA na platforme.<\/span><\/p>\n<p><span style=\"font-weight: 400;\">Je to jednoduch\u00fd proces: na str\u00e1nke svojho profilu vyberte kartu \"Overenie toto\u017enosti\".\u00a0<\/span><\/p>\n<p><img loading=\"lazy\" decoding=\"async\" class=\"alignnone wp-image-3272 size-full\" src=\"https:\/\/coinkickoff.com\/wp-content\/uploads\/kucoin-identity-verification.png\" alt=\"kucoin overenie toto\u017enosti 1\" width=\"1420\" height=\"785\" srcset=\"https:\/\/coinkickoff.com\/wp-content\/uploads\/kucoin-identity-verification.png 1420w, https:\/\/coinkickoff.com\/wp-content\/uploads\/kucoin-identity-verification-300x166.png 300w, https:\/\/coinkickoff.com\/wp-content\/uploads\/kucoin-identity-verification-1024x566.png 1024w, https:\/\/coinkickoff.com\/wp-content\/uploads\/kucoin-identity-verification-768x425.png 768w, https:\/\/coinkickoff.com\/wp-content\/uploads\/kucoin-identity-verification-18x10.png 18w\" sizes=\"auto, (max-width: 1420px) 100vw, 1420px\" \/><\/p>\n<p><span style=\"font-weight: 400;\">M\u00e1te pr\u00edstup k z\u00e1kladn\u00fdm funkci\u00e1m, ale fiat vklady sa po\u010d\u00edtaj\u00fa ako pokro\u010dil\u00e1 funkcia, tak\u017ee mus\u00edte overi\u0165 svoj preukaz toto\u017enosti, aby ste ich mohli uskuto\u010dni\u0165.<\/span><\/p>\n<p><img loading=\"lazy\" decoding=\"async\" class=\"alignnone wp-image-3270 size-full\" src=\"https:\/\/coinkickoff.com\/wp-content\/uploads\/kucoin-id-verification-2.png\" alt=\"kucoin overenie identity 2\" width=\"1407\" height=\"706\" srcset=\"https:\/\/coinkickoff.com\/wp-content\/uploads\/kucoin-id-verification-2.png 1407w, https:\/\/coinkickoff.com\/wp-content\/uploads\/kucoin-id-verification-2-300x151.png 300w, https:\/\/coinkickoff.com\/wp-content\/uploads\/kucoin-id-verification-2-1024x514.png 1024w, https:\/\/coinkickoff.com\/wp-content\/uploads\/kucoin-id-verification-2-768x385.png 768w, https:\/\/coinkickoff.com\/wp-content\/uploads\/kucoin-id-verification-2-18x9.png 18w\" sizes=\"auto, (max-width: 1407px) 100vw, 1407px\" \/><\/p>\n<p><span style=\"font-weight: 400;\">Kucoin m\u00e1 trojstup\u0148ov\u00fd proces: osobn\u00e9 \u00fadaje, overenie toto\u017enosti prostredn\u00edctvom \u00faradn\u00e9ho preukazu toto\u017enosti a rozpoznanie tv\u00e1re, aby sa zabezpe\u010dilo, \u017ee ste vlastn\u00edkom preukazu toto\u017enosti.<\/span><\/p>\n<p><img loading=\"lazy\" decoding=\"async\" class=\"alignnone wp-image-3271 size-full\" src=\"https:\/\/coinkickoff.com\/wp-content\/uploads\/kucoin-id-verification-3.png\" alt=\"kucoin overenie toto\u017enosti 3 \" width=\"1412\" height=\"789\" srcset=\"https:\/\/coinkickoff.com\/wp-content\/uploads\/kucoin-id-verification-3.png 1412w, https:\/\/coinkickoff.com\/wp-content\/uploads\/kucoin-id-verification-3-300x168.png 300w, https:\/\/coinkickoff.com\/wp-content\/uploads\/kucoin-id-verification-3-1024x572.png 1024w, https:\/\/coinkickoff.com\/wp-content\/uploads\/kucoin-id-verification-3-768x429.png 768w, https:\/\/coinkickoff.com\/wp-content\/uploads\/kucoin-id-verification-3-18x10.png 18w\" sizes=\"auto, (max-width: 1412px) 100vw, 1412px\" \/><\/p>\n<p><span style=\"font-weight: 400;\">Dokon\u010dite v\u0161etky tri kroky na overenie v\u00e1\u0161ho ID a m\u00f4\u017eete prejs\u0165 k ulo\u017eeniu finan\u010dn\u00fdch prostriedkov na v\u00e1\u0161 \u00fa\u010det.<\/span><\/p>\n<h3><span class=\"ez-toc-section\" id=\"3_Deposit_Crypto\"><\/span><span style=\"font-weight: 400;\">3. Vklad Crypto<\/span><span class=\"ez-toc-section-end\"><\/span><\/h3>\n<p><span style=\"font-weight: 400;\">V s\u00fa\u010dasnosti nem\u00f4\u017eete na Kucoin posiela\u0165 hotovos\u0165 bankov\u00fdmi prevodmi, ale st\u00e1le m\u00f4\u017eete na platformu vklada\u0165 kryptografick\u00e9 peniaze. Ak to pre v\u00e1s nie je mo\u017enos\u0165, prejdite na \u010fal\u0161iu \u010das\u0165, kde v\u00e1m vysvetl\u00edme, ako si na Kucoin k\u00fapi\u0165 Cardano za fiat peniaze.<\/span><\/p>\n<p><span style=\"font-weight: 400;\">Ak m\u00e1te digit\u00e1lne akt\u00edva, ktor\u00e9 chcete vymeni\u0165 za ADA, mus\u00edte ich najprv previes\u0165 na Kucoin. Ak to chcete urobi\u0165, prejdite na str\u00e1nku \"Akt\u00edva\" a vyberte polo\u017eku \"Vklad\".<\/span><\/p>\n<p><img loading=\"lazy\" decoding=\"async\" class=\"alignnone wp-image-3273 size-full\" src=\"https:\/\/coinkickoff.com\/wp-content\/uploads\/kucoin-deposit.png\" alt=\"kucoin vkladov\u00e9 fondy 1\" width=\"1427\" height=\"758\" srcset=\"https:\/\/coinkickoff.com\/wp-content\/uploads\/kucoin-deposit.png 1427w, https:\/\/coinkickoff.com\/wp-content\/uploads\/kucoin-deposit-300x159.png 300w, https:\/\/coinkickoff.com\/wp-content\/uploads\/kucoin-deposit-1024x544.png 1024w, https:\/\/coinkickoff.com\/wp-content\/uploads\/kucoin-deposit-768x408.png 768w, https:\/\/coinkickoff.com\/wp-content\/uploads\/kucoin-deposit-18x10.png 18w\" sizes=\"auto, (max-width: 1427px) 100vw, 1427px\" \/><\/p>\n<p><span style=\"font-weight: 400;\">Vyberte digit\u00e1lne akt\u00edvum, ktor\u00e9 chcete prenies\u0165 do pe\u0148a\u017eenky Kucoin. Povedzme, \u017ee m\u00e1te napr\u00edklad nejak\u00e9 <a href=\"https:\/\/coinkickoff.com\/sk\/bitcoin-btc\/\" data-internallinksmanager029f6b8e52c=\"1\" title=\"\u010co je Bitcoin (BTC)? Cena, hist\u00f3ria a kde k\u00fapi\u0165\">BTC<\/a> chcete vlo\u017ei\u0165 na platformu. Zo zoznamu vyberte BTC a skop\u00edrujte adresu pe\u0148a\u017eenky Kucoin.<\/span><\/p>\n<p><span style=\"font-weight: 400;\">Toto bude va\u0161a jedine\u010dn\u00e1 adresa pe\u0148a\u017eenky BTC na platforme Kucoin. T\u00fato adresu m\u00f4\u017eete pou\u017ei\u0165 na prevod v\u00e1\u0161ho BTC na Kucoin.\u00a0<\/span><\/p>\n<h3><span class=\"ez-toc-section\" id=\"4_Navigate_to_the_Relevant_Screen_to_Buy\"><\/span><span style=\"font-weight: 400;\">4. Prejdite na pr\u00edslu\u0161n\u00fa obrazovku a nakupte<\/span><span class=\"ez-toc-section-end\"><\/span><\/h3>\n<p><span style=\"font-weight: 400;\">Kliknite na kartu \"K\u00fapi\u0165 kryptografiu\" na ovl\u00e1dacom paneli.\u00a0<\/span><\/p>\n<p><img loading=\"lazy\" decoding=\"async\" class=\"alignnone wp-image-3274 size-full\" src=\"https:\/\/coinkickoff.com\/wp-content\/uploads\/kucoin-buy-crypto.png\" alt=\"kucoin k\u00fapi\u0165 obrazovku\" width=\"1418\" height=\"692\" srcset=\"https:\/\/coinkickoff.com\/wp-content\/uploads\/kucoin-buy-crypto.png 1418w, https:\/\/coinkickoff.com\/wp-content\/uploads\/kucoin-buy-crypto-300x146.png 300w, https:\/\/coinkickoff.com\/wp-content\/uploads\/kucoin-buy-crypto-1024x500.png 1024w, https:\/\/coinkickoff.com\/wp-content\/uploads\/kucoin-buy-crypto-768x375.png 768w, https:\/\/coinkickoff.com\/wp-content\/uploads\/kucoin-buy-crypto-18x9.png 18w\" sizes=\"auto, (max-width: 1418px) 100vw, 1418px\" \/><\/p>\n<h4><span class=\"ez-toc-section\" id=\"Fast_Trade_allows_you_to_buy_ADA_with_credit_and_debit_cards_and_Third-party_buy_supports_payment_channels_such_as_Banxa_and_Simplex\"><\/span><span style=\"font-weight: 400;\">Fast Trade v\u00e1m umo\u017e\u0148uje k\u00fapi\u0165 ADA pomocou kreditn\u00fdch a debetn\u00fdch kariet a Third-party buy podporuje platobn\u00e9 kan\u00e1ly ako Banxa a Simplex.\u00a0<\/span><span class=\"ez-toc-section-end\"><\/span><\/h4>\n<h4><span class=\"ez-toc-section\" id=\"P2P_is_a_peer_network_where_you_can_use_bank_transfers_to_buy_digital_currencies_however_its_not_possible_to_buy_ADA_with_this_option\"><\/span><span style=\"font-weight: 400;\">P2P je partnersk\u00e1 sie\u0165, v ktorej m\u00f4\u017eete pou\u017e\u00edva\u0165 bankov\u00e9 prevody na n\u00e1kup digit\u00e1lnych mien, av\u0161ak pomocou tejto mo\u017enosti nie je mo\u017en\u00e9 k\u00fapi\u0165 ADA.<\/span><span class=\"ez-toc-section-end\"><\/span><\/h4>\n<h4><span class=\"ez-toc-section\" id=\"Fast_Trade\"><\/span><span style=\"font-weight: 400;\">R\u00fdchly obchod<\/span><span class=\"ez-toc-section-end\"><\/span><\/h4>\n<p><span style=\"font-weight: 400;\">V slu\u017ebe Fast Trade si m\u00f4\u017eete k\u00fapi\u0165 ADA debetn\u00fdmi a kreditn\u00fdmi kartami Visa a Mastercard, ako aj nieko\u013ek\u00fdmi \u010fal\u0161\u00edmi mo\u017enos\u0165ami, napr\u00edklad SEPA a Paypal. Sta\u010d\u00ed vyplni\u0165 objedn\u00e1vkov\u00fd formul\u00e1r, vybra\u0165 ADA zo zoznamu a zvoli\u0165 sp\u00f4sob platby.\u00a0<\/span><\/p>\n<p><img loading=\"lazy\" decoding=\"async\" class=\"alignnone wp-image-3275 size-full\" src=\"https:\/\/coinkickoff.com\/wp-content\/uploads\/kucoin-buy-crypto-one-click.png\" alt=\"kucoin k\u00fapi\u0165 jedn\u00fdm kliknut\u00edm\" width=\"1421\" height=\"770\" srcset=\"https:\/\/coinkickoff.com\/wp-content\/uploads\/kucoin-buy-crypto-one-click.png 1421w, https:\/\/coinkickoff.com\/wp-content\/uploads\/kucoin-buy-crypto-one-click-300x163.png 300w, https:\/\/coinkickoff.com\/wp-content\/uploads\/kucoin-buy-crypto-one-click-1024x555.png 1024w, https:\/\/coinkickoff.com\/wp-content\/uploads\/kucoin-buy-crypto-one-click-768x416.png 768w, https:\/\/coinkickoff.com\/wp-content\/uploads\/kucoin-buy-crypto-one-click-18x10.png 18w\" sizes=\"auto, (max-width: 1421px) 100vw, 1421px\" \/><\/p>\n<p><span style=\"font-weight: 400;\">Ak chcete plati\u0165 kreditnou alebo debetnou kartou, mus\u00edte pred pokra\u010dovan\u00edm zada\u0165 \u00fadaje o karte.<\/span><\/p>\n<p><img loading=\"lazy\" decoding=\"async\" class=\"alignnone wp-image-3276 size-full\" src=\"https:\/\/coinkickoff.com\/wp-content\/uploads\/kucoin-select-paymnet-method.png\" alt=\"\" width=\"1424\" height=\"794\" srcset=\"https:\/\/coinkickoff.com\/wp-content\/uploads\/kucoin-select-paymnet-method.png 1424w, https:\/\/coinkickoff.com\/wp-content\/uploads\/kucoin-select-paymnet-method-300x167.png 300w, https:\/\/coinkickoff.com\/wp-content\/uploads\/kucoin-select-paymnet-method-1024x571.png 1024w, https:\/\/coinkickoff.com\/wp-content\/uploads\/kucoin-select-paymnet-method-768x428.png 768w, https:\/\/coinkickoff.com\/wp-content\/uploads\/kucoin-select-paymnet-method-18x10.png 18w\" sizes=\"auto, (max-width: 1424px) 100vw, 1424px\" \/><\/p>\n<p><span style=\"font-weight: 400;\">Medzi \u010fal\u0161ie mo\u017enosti patr\u00ed Zelle, <a href=\"https:\/\/coinkickoff.com\/sk\/uphold-review\/\" data-internallinksmanager029f6b8e52c=\"156\" title=\"Uphold Recenzie 2023: Poplatky, funkcie, bezpe\u010dnos\u0165, v\u00fdhody a nev\u00fdhody\">Uphold<\/a>, Advcash a Payeer. Po nastaven\u00ed sp\u00f4sobu platby pokra\u010dujte a stla\u010dte tla\u010didlo \"K\u00fapi\u0165 ADA\". Zobraz\u00ed sa v\u00e1m n\u00e1h\u013ead objedn\u00e1vky, v ktorom je zhrnut\u00e9, ko\u013eko ADA dostanete a v\u0161etky poplatky, ktor\u00e9 sa na\u0148 vz\u0165ahuj\u00fa.\u00a0\u00a0<\/span><\/p>\n<p><span style=\"font-weight: 400;\">Potvr\u010fte objedn\u00e1vku a va\u0161e ADA token sa do nieko\u013ek\u00fdch min\u00fat objavia vo va\u0161ej pe\u0148a\u017eenke.<\/span><\/p>\n<h4><span class=\"ez-toc-section\" id=\"Third-Party\"><\/span><span style=\"font-weight: 400;\">Tretia strana<\/span><span class=\"ez-toc-section-end\"><\/span><\/h4>\n<p><img loading=\"lazy\" decoding=\"async\" class=\"alignnone wp-image-3278 size-full\" src=\"https:\/\/coinkickoff.com\/wp-content\/uploads\/kucoin-screenshot.png\" alt=\"Ako k\u00fapi\u0165 Cardano na Kucoin\" width=\"1436\" height=\"673\" srcset=\"https:\/\/coinkickoff.com\/wp-content\/uploads\/kucoin-screenshot.png 1436w, https:\/\/coinkickoff.com\/wp-content\/uploads\/kucoin-screenshot-300x141.png 300w, https:\/\/coinkickoff.com\/wp-content\/uploads\/kucoin-screenshot-1024x480.png 1024w, https:\/\/coinkickoff.com\/wp-content\/uploads\/kucoin-screenshot-768x360.png 768w, https:\/\/coinkickoff.com\/wp-content\/uploads\/kucoin-screenshot-18x8.png 18w\" sizes=\"auto, (max-width: 1436px) 100vw, 1436px\" \/><\/p>\n<p><span style=\"font-weight: 400;\">Ak u\u017e pou\u017e\u00edvate platobn\u00fd kan\u00e1l tretej strany, ako napr. <\/span><a href=\"https:\/\/banxa.com\/case-study\/kucoin\/\" target=\"_blank\" rel=\"noopener\"><span style=\"font-weight: 400;\">Banxa<\/span><\/a><span style=\"font-weight: 400;\"> alebo <\/span><a href=\"https:\/\/www.simplex.com\" target=\"_blank\" rel=\"noopener\"><span style=\"font-weight: 400;\">Simplex<\/span><\/a><span style=\"font-weight: 400;\">, m\u00f4\u017ee to by\u0165 v\u00fdhodn\u00e1 mo\u017enos\u0165. Ak nem\u00e1te \u00fa\u010det Simplex alebo Banxa, m\u00f4\u017eete si ho zaregistrova\u0165 pri zad\u00e1van\u00ed objedn\u00e1vky.<\/span><\/p>\n<p><span style=\"font-weight: 400;\">Za\u010dnite vyplnen\u00edm objedn\u00e1vkov\u00e9ho formul\u00e1ra: Vyberte ADA ako po\u017eadovan\u00e9 akt\u00edvum, zadajte sumu, ktor\u00fa chcete min\u00fa\u0165, a vyberte sp\u00f4sob platby a platobn\u00fd kan\u00e1l.<\/span><\/p>\n<p><span style=\"font-weight: 400;\">Pred pokra\u010dovan\u00edm v objedn\u00e1vke sa zobrazia v\u0161etky poplatky.\u00a0<\/span><\/p>\n<p><span style=\"font-weight: 400;\">Po stla\u010den\u00ed tla\u010didla \"K\u00fapi\u0165\" v\u00e1s Kucoin odo\u0161le na webov\u00fa str\u00e1nku tretej strany, kde dokon\u010d\u00edte objedn\u00e1vku.\u00a0<\/span><\/p>\n<p><span style=\"font-weight: 400;\">To je v podstate v\u0161etko o tom, ako k\u00fapi\u0165 Cardano na Kucoin. Ako vid\u00edte, m\u00e1te pomerne ve\u013ea mo\u017enost\u00ed, tak\u017ee by to mala by\u0165 bezprobl\u00e9mov\u00e1 cesta. Ak m\u00e1te nejak\u00e9 ot\u00e1zky, m\u00f4\u017eete sa pozrie\u0165 aj na n\u00e1\u0161 <a href=\"https:\/\/coinkickoff.com\/sk\/crypto-exchanges\/\">v\u00fdmenn\u00e9 recenzie<\/a> a <a href=\"https:\/\/coinkickoff.com\/sk\/how-to-buy-cardano\/\">ako k\u00fapi\u0165<\/a> sprievodcov, v ktor\u00fdch n\u00e1jdete \u010fal\u0161ie inform\u00e1cie.<\/span><\/p>","protected":false},"excerpt":{"rendered":"<p>Ako k\u00fapi\u0165 Cardano na Kucoin Ak ste e\u0161te nepou\u017eili Kucoin na n\u00e1kup Cardano (ADA), mo\u017eno neviete, ako postupova\u0165. Nemus\u00edte sa v\u0161ak ob\u00e1va\u0165: uk\u00e1\u017eeme v\u00e1m, ako si k\u00fapi\u0165 Cardano na Kucoin pomocou pokynov krok za krokom. N\u00e1vod krok za krokom, ako k\u00fapi\u0165 Cardano na Kucoin [...]<\/p>","protected":false},"author":3,"featured_media":0,"parent":4010,"menu_order":0,"comment_status":"closed","ping_status":"closed","template":"","meta":{"_genesis_hide_title":false,"_genesis_hide_breadcrumbs":false,"_genesis_hide_singular_image":false,"_genesis_hide_footer_widgets":false,"_genesis_custom_body_class":"","_genesis_custom_post_class":"","_genesis_layout":"","_glsr_average":0,"_glsr_ranking":0,"_glsr_reviews":0,"footnotes":""},"class_list":{"0":"post-4045","1":"page","2":"type-page","3":"status-publish","5":"entry"},"featured_image_src":null,"featured_image_src_square":null,"_links":{"self":[{"href":"https:\/\/coinkickoff.com\/sk\/wp-json\/wp\/v2\/pages\/4045","targetHints":{"allow":["GET"]}}],"collection":[{"href":"https:\/\/coinkickoff.com\/sk\/wp-json\/wp\/v2\/pages"}],"about":[{"href":"https:\/\/coinkickoff.com\/sk\/wp-json\/wp\/v2\/types\/page"}],"author":[{"embeddable":true,"href":"https:\/\/coinkickoff.com\/sk\/wp-json\/wp\/v2\/users\/3"}],"replies":[{"embeddable":true,"href":"https:\/\/coinkickoff.com\/sk\/wp-json\/wp\/v2\/comments?post=4045"}],"version-history":[{"count":2,"href":"https:\/\/coinkickoff.com\/sk\/wp-json\/wp\/v2\/pages\/4045\/revisions"}],"predecessor-version":[{"id":4047,"href":"https:\/\/coinkickoff.com\/sk\/wp-json\/wp\/v2\/pages\/4045\/revisions\/4047"}],"up":[{"embeddable":true,"href":"https:\/\/coinkickoff.com\/sk\/wp-json\/wp\/v2\/pages\/4010"}],"wp:attachment":[{"href":"https:\/\/coinkickoff.com\/sk\/wp-json\/wp\/v2\/media?parent=4045"}],"curies":[{"name":"wp","href":"https:\/\/api.w.org\/{rel}","templated":true}]}}