{"id":3968,"date":"2026-01-08T14:07:21","date_gmt":"2026-01-08T14:07:21","guid":{"rendered":"https:\/\/coinkickoff.com\/?page_id=3968"},"modified":"2026-01-08T14:07:21","modified_gmt":"2026-01-08T14:07:21","slug":"how-to-buy-ethereum-on-poloniex","status":"publish","type":"page","link":"https:\/\/coinkickoff.com\/sk\/how-to-buy-ethereum\/how-to-buy-ethereum-on-poloniex\/","title":{"rendered":"Ako k\u00fapi\u0165 Ethereum na Poloniex"},"content":{"rendered":"<div id=\"ez-toc-container\" class=\"ez-toc-v2_0_80 counter-hierarchy ez-toc-counter ez-toc-transparent ez-toc-container-direction\">\n<div class=\"ez-toc-title-container\">\n<p class=\"ez-toc-title\" style=\"cursor:inherit\">Sekcie<\/p>\n<span class=\"ez-toc-title-toggle\"><a href=\"#\" class=\"ez-toc-pull-right ez-toc-btn ez-toc-btn-xs ez-toc-btn-default ez-toc-toggle\" aria-label=\"Prep\u00ednanie tabu\u013eky obsahu\"><span class=\"ez-toc-js-icon-con\"><span class=\"\"><span class=\"eztoc-hide\" style=\"display:none;\">Prep\u00edna\u010d<\/span><span class=\"ez-toc-icon-toggle-span\"><svg style=\"fill: #999;color:#999\" xmlns=\"http:\/\/www.w3.org\/2000\/svg\" class=\"list-377408\" width=\"20px\" height=\"20px\" viewbox=\"0 0 24 24\" fill=\"none\"><path d=\"M6 6H4v2h2V6zm14 0H8v2h12V6zM4 11h2v2H4v-2zm16 0H8v2h12v-2zM4 16h2v2H4v-2zm16 0H8v2h12v-2z\" fill=\"currentColor\"><\/path><\/svg><svg style=\"fill: #999;color:#999\" class=\"arrow-unsorted-368013\" xmlns=\"http:\/\/www.w3.org\/2000\/svg\" width=\"10px\" height=\"10px\" viewbox=\"0 0 24 24\" version=\"1.2\" baseprofile=\"tiny\"><path d=\"M18.2 9.3l-6.2-6.3-6.2 6.3c-.2.2-.3.4-.3.7s.1.5.3.7c.2.2.4.3.7.3h11c.3 0 .5-.1.7-.3.2-.2.3-.5.3-.7s-.1-.5-.3-.7zM5.8 14.7l6.2 6.3 6.2-6.3c.2-.2.3-.5.3-.7s-.1-.5-.3-.7c-.2-.2-.4-.3-.7-.3h-11c-.3 0-.5.1-.7.3-.2.2-.3.5-.3.7s.1.5.3.7z\"\/><\/svg><\/span><\/span><\/span><\/a><\/span><\/div>\n<nav><ul class='ez-toc-list ez-toc-list-level-1 eztoc-toggle-hide-by-default' ><li class='ez-toc-page-1 ez-toc-heading-level-1'><a class=\"ez-toc-link ez-toc-heading-1\" href=\"https:\/\/coinkickoff.com\/sk\/how-to-buy-ethereum\/how-to-buy-ethereum-on-poloniex\/#How_to_Buy_Ethereum_on_Poloniex\" >Ako k\u00fapi\u0165 Ethereum na Poloniex<\/a><ul class='ez-toc-list-level-2' ><li class='ez-toc-heading-level-2'><a class=\"ez-toc-link ez-toc-heading-2\" href=\"https:\/\/coinkickoff.com\/sk\/how-to-buy-ethereum\/how-to-buy-ethereum-on-poloniex\/#A_Step-By-Step_Guide_on_How_to_Buy_Ethereum_on_Poloniex\" >Sprievodca krok za krokom, ako k\u00fapi\u0165 Ethereum na Poloniex<\/a><ul class='ez-toc-list-level-3' ><li class='ez-toc-heading-level-3'><a class=\"ez-toc-link ez-toc-heading-3\" href=\"https:\/\/coinkickoff.com\/sk\/how-to-buy-ethereum\/how-to-buy-ethereum-on-poloniex\/#1_Register_an_Account\" >1. Zaregistrujte si \u00fa\u010det<\/a><\/li><li class='ez-toc-page-1 ez-toc-heading-level-3'><a class=\"ez-toc-link ez-toc-heading-4\" href=\"https:\/\/coinkickoff.com\/sk\/how-to-buy-ethereum\/how-to-buy-ethereum-on-poloniex\/#2_Verify_Your_Account\" >2. Overenie v\u00e1\u0161ho \u00fa\u010dtu<\/a><\/li><li class='ez-toc-page-1 ez-toc-heading-level-3'><a class=\"ez-toc-link ez-toc-heading-5\" href=\"https:\/\/coinkickoff.com\/sk\/how-to-buy-ethereum\/how-to-buy-ethereum-on-poloniex\/#3_Buy_Crypto\" >3. K\u00fapte si kryptografiu<\/a><\/li><\/ul><\/li><\/ul><\/li><\/ul><\/nav><\/div>\n<h1><span class=\"ez-toc-section\" id=\"How_to_Buy_Ethereum_on_Poloniex\"><\/span><span style=\"font-weight: 400;\">Ako k\u00fapi\u0165 Ethereum na Poloniex<\/span><span class=\"ez-toc-section-end\"><\/span><\/h1>\n<p><span style=\"font-weight: 400;\">M\u00f4\u017eete si k\u00fapi\u0165 <a href=\"https:\/\/coinkickoff.com\/sk\/ethereum-eth\/\" data-internallinksmanager029f6b8e52c=\"2\" title=\"\u010co je Ethereum (ETH)? Cena, hist\u00f3ria a kde k\u00fapi\u0165\">Ethereum<\/a> prakticky na ka\u017edej burze, ke\u010f\u017ee ide o jednu z najpopul\u00e1rnej\u0161\u00edch a najv\u00fdznamnej\u0161\u00edch digit\u00e1lnych mien na trhu. <a href=\"https:\/\/coinkickoff.com\/sk\/poloniex-review\/\" data-internallinksmanager029f6b8e52c=\"164\" title=\"Poloniex Recenzie 2023: poplatky, funkcie, bezpe\u010dnos\u0165, klady a z\u00e1pory\">Poloniex<\/a> je jednou z t\u00fdchto v\u00fdmen, aspo\u0148 pre pou\u017e\u00edvate\u013eov mimo USA.<\/span><\/p>\n<p><span style=\"font-weight: 400;\">Vyz\u00fdvame v\u00e1s v\u0161ak, aby ste si pre\u010d\u00edtali na\u0161e <a href=\"https:\/\/coinkickoff.com\/sk\/poloniex-review\/\">sprievodca na Poloniex<\/a> pred n\u00e1kupom na platforme, preto\u017ee sa vyskytli <\/span><a href=\"https:\/\/www.coindesk.com\/policy\/2023\/05\/01\/crypto-exchange-poloniex-agrees-to-76m-fine-settle-sanctions-violation-charges\/\" target=\"_blank\" rel=\"noopener\"><span style=\"font-weight: 400;\">nieko\u013eko ot\u00e1zok<\/span><\/a><span style=\"font-weight: 400;\"> spojen\u00e9 s burzou, ako aj jej vlastn\u00edk <\/span><a href=\"https:\/\/www.cnbc.com\/2023\/03\/22\/sec-hits-jake-paul-lindsey-lohan-justin-sun-with-crypto-violations.html\" target=\"_blank\" rel=\"noopener\"><span style=\"font-weight: 400;\">Justin Sun<\/span><\/a><span style=\"font-weight: 400;\">.<\/span><\/p>\n<p><span style=\"font-weight: 400;\">Ak ste nastaven\u00fd na v\u00fdmenu, tu je n\u00e1vod, ako k\u00fapi\u0165 Ethereum na Poloniex.<\/span><\/p>\n<h2><span class=\"ez-toc-section\" id=\"A_Step-By-Step_Guide_on_How_to_Buy_Ethereum_on_Poloniex\"><\/span><span style=\"font-weight: 400;\">Sprievodca krok za krokom, ako k\u00fapi\u0165 Ethereum na Poloniex<\/span><span class=\"ez-toc-section-end\"><\/span><\/h2>\n<h3><span class=\"ez-toc-section\" id=\"1_Register_an_Account\"><\/span><span style=\"font-weight: 400;\">1. Zaregistrujte si \u00fa\u010det<\/span><span class=\"ez-toc-section-end\"><\/span><\/h3>\n<p><span style=\"font-weight: 400;\">Najprv prejdite na webov\u00fa str\u00e1nku Poloniex a vytvorte si \u00fa\u010det. <\/span><\/p>\n<p><img loading=\"lazy\" decoding=\"async\" class=\"alignnone wp-image-3397 size-full\" src=\"https:\/\/coinkickoff.com\/wp-content\/uploads\/poloniex-sign-up.png\" alt=\"registr\u00e1cia na poloniex\" width=\"1436\" height=\"653\" srcset=\"https:\/\/coinkickoff.com\/wp-content\/uploads\/poloniex-sign-up.png 1436w, https:\/\/coinkickoff.com\/wp-content\/uploads\/poloniex-sign-up-300x136.png 300w, https:\/\/coinkickoff.com\/wp-content\/uploads\/poloniex-sign-up-1024x466.png 1024w, https:\/\/coinkickoff.com\/wp-content\/uploads\/poloniex-sign-up-768x349.png 768w, https:\/\/coinkickoff.com\/wp-content\/uploads\/poloniex-sign-up-18x8.png 18w\" sizes=\"auto, (max-width: 1436px) 100vw, 1436px\" \/><\/p>\n<h3><span class=\"ez-toc-section\" id=\"2_Verify_Your_Account\"><\/span><span style=\"font-weight: 400;\">2. Overenie v\u00e1\u0161ho \u00fa\u010dtu<\/span><span class=\"ez-toc-section-end\"><\/span><\/h3>\n<p><span style=\"font-weight: 400;\">Technicky nemus\u00edte overova\u0165 svoje ID na Poloniex. V\u0161etci pou\u017e\u00edvatelia s\u00fa pri registr\u00e1cii overen\u00ed na \u00farovni 1 a m\u00f4\u017eu nakupova\u0165 akt\u00edva pomocou kreditn\u00fdch kariet. Overenie 2. \u00farovne umo\u017e\u0148uje vy\u0161\u0161ie limity na v\u00fdbery, ale pre v\u00e4\u010d\u0161inu retailov\u00fdch obchodn\u00edkov nie je potrebn\u00e9.<\/span><\/p>\n<p><span style=\"font-weight: 400;\">Ak v\u0161ak chcete potvrdi\u0165 svoju toto\u017enos\u0165, prejdite do svojho profilu kliknut\u00edm na symbol profilu na ovl\u00e1dacom paneli. <\/span><\/p>\n<p><img loading=\"lazy\" decoding=\"async\" class=\"alignnone wp-image-3398 size-full\" src=\"https:\/\/coinkickoff.com\/wp-content\/uploads\/poloniex-verification.png\" alt=\"overenie poloniex\" width=\"1437\" height=\"679\" srcset=\"https:\/\/coinkickoff.com\/wp-content\/uploads\/poloniex-verification.png 1437w, https:\/\/coinkickoff.com\/wp-content\/uploads\/poloniex-verification-300x142.png 300w, https:\/\/coinkickoff.com\/wp-content\/uploads\/poloniex-verification-1024x484.png 1024w, https:\/\/coinkickoff.com\/wp-content\/uploads\/poloniex-verification-768x363.png 768w, https:\/\/coinkickoff.com\/wp-content\/uploads\/poloniex-verification-18x9.png 18w\" sizes=\"auto, (max-width: 1437px) 100vw, 1437px\" \/><\/p>\n<p><span style=\"font-weight: 400;\">Vypl\u0148te informa\u010dn\u00fd formul\u00e1r a nahrajte ofici\u00e1lny preukaz toto\u017enosti s fotografiou, napr\u00edklad pas alebo vodi\u010dsk\u00fd preukaz. Stla\u010dte tla\u010didlo \"Za\u010da\u0165\" pre overenie 2. \u00farovne. Budete musie\u0165 nahra\u0165 preukaz toto\u017enosti s fotografiou.<\/span><\/p>\n<h3><span class=\"ez-toc-section\" id=\"3_Buy_Crypto\"><\/span><span style=\"font-weight: 400;\">3. K\u00fapte si kryptografiu<\/span><span class=\"ez-toc-section-end\"><\/span><\/h3>\n<p><span style=\"font-weight: 400;\">Stla\u010den\u00edm tla\u010didla \"Buy Crypto\" sa dostanete do formul\u00e1ra okam\u017eitej objedn\u00e1vky. Vyberte menu, ktor\u00fa chcete min\u00fa\u0165 (napr\u00edklad USD), a menu, ktor\u00fa chcete k\u00fapi\u0165 (v tomto pr\u00edpade Ethereum alebo ETH). Zadajte sumu, ktor\u00fa chcete zaplati\u0165 za n\u00e1kup.<\/span><\/p>\n<p><img loading=\"lazy\" decoding=\"async\" class=\"alignnone wp-image-3399 size-full\" src=\"https:\/\/coinkickoff.com\/wp-content\/uploads\/poloniex-buy-crypto.png\" alt=\"Ako k\u00fapi\u0165 Ethereum na Poloniex\" width=\"1436\" height=\"793\" srcset=\"https:\/\/coinkickoff.com\/wp-content\/uploads\/poloniex-buy-crypto.png 1436w, https:\/\/coinkickoff.com\/wp-content\/uploads\/poloniex-buy-crypto-300x166.png 300w, https:\/\/coinkickoff.com\/wp-content\/uploads\/poloniex-buy-crypto-1024x565.png 1024w, https:\/\/coinkickoff.com\/wp-content\/uploads\/poloniex-buy-crypto-768x424.png 768w, https:\/\/coinkickoff.com\/wp-content\/uploads\/poloniex-buy-crypto-18x10.png 18w\" sizes=\"auto, (max-width: 1436px) 100vw, 1436px\" \/><\/p>\n<p><span style=\"font-weight: 400;\">Poplatky sa zobrazia na pravom paneli. Na dokon\u010denie n\u00e1\u0161ho n\u00e1kupu budete potrebova\u0165 \u00fa\u010det Simplex alebo Mercuryo. Ak nem\u00e1te ani jeden z nich, nemus\u00edte sa ob\u00e1va\u0165, preto\u017ee sa m\u00f4\u017eete zaregistrova\u0165 po kliknut\u00ed na tla\u010didlo \"Odosla\u0165\".<\/span><\/p>\n<p><span style=\"font-weight: 400;\">Ak u\u017e m\u00e1te \u00fa\u010det, m\u00f4\u017eete sa prihl\u00e1si\u0165 a v\u00e1\u0161 n\u00e1kup bude dokon\u010den\u00fd!<\/span><\/p>\n<p><span style=\"font-weight: 400;\">To je v\u0161etko o tom, ako Ethereum na Poloniex! Ak si skontrolujete svoje akt\u00edva, uvid\u00edte vo svojej pe\u0148a\u017eenke ETH.<\/span><\/p>","protected":false},"excerpt":{"rendered":"<p>Ako k\u00fapi\u0165 Ethereum na Poloniex Ethereum si m\u00f4\u017eete k\u00fapi\u0165 prakticky na akejko\u013evek burze, ke\u010f\u017ee ide o jednu z najpopul\u00e1rnej\u0161\u00edch a najv\u00fdznamnej\u0161\u00edch digit\u00e1lnych mien na trhu. Poloniex je jednou z t\u00fdchto b\u00farz, aspo\u0148 pre pou\u017e\u00edvate\u013eov so s\u00eddlom mimo USA. Odpor\u00fa\u010dame v\u00e1m v\u0161ak, aby ste si pred uskuto\u010dnen\u00edm transakcie pre\u010d\u00edtali na\u0161u pr\u00edru\u010dku o Poloniex, v ktorej [...]<\/p>","protected":false},"author":3,"featured_media":0,"parent":3937,"menu_order":0,"comment_status":"closed","ping_status":"closed","template":"","meta":{"_genesis_hide_title":false,"_genesis_hide_breadcrumbs":false,"_genesis_hide_singular_image":false,"_genesis_hide_footer_widgets":false,"_genesis_custom_body_class":"","_genesis_custom_post_class":"","_genesis_layout":"","_glsr_average":0,"_glsr_ranking":0,"_glsr_reviews":0,"footnotes":""},"class_list":{"0":"post-3968","1":"page","2":"type-page","3":"status-publish","5":"entry"},"featured_image_src":null,"featured_image_src_square":null,"_links":{"self":[{"href":"https:\/\/coinkickoff.com\/sk\/wp-json\/wp\/v2\/pages\/3968","targetHints":{"allow":["GET"]}}],"collection":[{"href":"https:\/\/coinkickoff.com\/sk\/wp-json\/wp\/v2\/pages"}],"about":[{"href":"https:\/\/coinkickoff.com\/sk\/wp-json\/wp\/v2\/types\/page"}],"author":[{"embeddable":true,"href":"https:\/\/coinkickoff.com\/sk\/wp-json\/wp\/v2\/users\/3"}],"replies":[{"embeddable":true,"href":"https:\/\/coinkickoff.com\/sk\/wp-json\/wp\/v2\/comments?post=3968"}],"version-history":[{"count":1,"href":"https:\/\/coinkickoff.com\/sk\/wp-json\/wp\/v2\/pages\/3968\/revisions"}],"predecessor-version":[{"id":3969,"href":"https:\/\/coinkickoff.com\/sk\/wp-json\/wp\/v2\/pages\/3968\/revisions\/3969"}],"up":[{"embeddable":true,"href":"https:\/\/coinkickoff.com\/sk\/wp-json\/wp\/v2\/pages\/3937"}],"wp:attachment":[{"href":"https:\/\/coinkickoff.com\/sk\/wp-json\/wp\/v2\/media?parent=3968"}],"curies":[{"name":"wp","href":"https:\/\/api.w.org\/{rel}","templated":true}]}}