{"id":3951,"date":"2026-01-08T14:07:25","date_gmt":"2026-01-08T14:07:25","guid":{"rendered":"https:\/\/coinkickoff.com\/?page_id=3951"},"modified":"2026-01-08T14:07:25","modified_gmt":"2026-01-08T14:07:25","slug":"how-to-buy-ethereum-on-binance","status":"publish","type":"page","link":"https:\/\/coinkickoff.com\/sk\/how-to-buy-ethereum\/how-to-buy-ethereum-on-binance\/","title":{"rendered":"Ako k\u00fapi\u0165 Ethereum na Binance"},"content":{"rendered":"<h1><img loading=\"lazy\" decoding=\"async\" class=\"alignnone wp-image-3662 size-full\" src=\"https:\/\/coinkickoff.com\/wp-content\/uploads\/how-many-eth-are-there.jpg\" alt=\"Ko\u013eko Ethereum (ETH) existuje?\" width=\"1000\" height=\"666\" srcset=\"https:\/\/coinkickoff.com\/wp-content\/uploads\/how-many-eth-are-there.jpg 1000w, https:\/\/coinkickoff.com\/wp-content\/uploads\/how-many-eth-are-there-300x200.jpg 300w, https:\/\/coinkickoff.com\/wp-content\/uploads\/how-many-eth-are-there-768x511.jpg 768w, https:\/\/coinkickoff.com\/wp-content\/uploads\/how-many-eth-are-there-18x12.jpg 18w, https:\/\/coinkickoff.com\/wp-content\/uploads\/how-many-eth-are-there-600x400.jpg 600w\" sizes=\"auto, (max-width: 1000px) 100vw, 1000px\" \/><\/h1>\n<div id=\"ez-toc-container\" class=\"ez-toc-v2_0_80 counter-hierarchy ez-toc-counter ez-toc-transparent ez-toc-container-direction\">\n<div class=\"ez-toc-title-container\">\n<p class=\"ez-toc-title\" style=\"cursor:inherit\">Sekcie<\/p>\n<span class=\"ez-toc-title-toggle\"><a href=\"#\" class=\"ez-toc-pull-right ez-toc-btn ez-toc-btn-xs ez-toc-btn-default ez-toc-toggle\" aria-label=\"Prep\u00ednanie tabu\u013eky obsahu\"><span class=\"ez-toc-js-icon-con\"><span class=\"\"><span class=\"eztoc-hide\" style=\"display:none;\">Prep\u00edna\u010d<\/span><span class=\"ez-toc-icon-toggle-span\"><svg style=\"fill: #999;color:#999\" xmlns=\"http:\/\/www.w3.org\/2000\/svg\" class=\"list-377408\" width=\"20px\" height=\"20px\" viewbox=\"0 0 24 24\" fill=\"none\"><path d=\"M6 6H4v2h2V6zm14 0H8v2h12V6zM4 11h2v2H4v-2zm16 0H8v2h12v-2zM4 16h2v2H4v-2zm16 0H8v2h12v-2z\" fill=\"currentColor\"><\/path><\/svg><svg style=\"fill: #999;color:#999\" class=\"arrow-unsorted-368013\" xmlns=\"http:\/\/www.w3.org\/2000\/svg\" width=\"10px\" height=\"10px\" viewbox=\"0 0 24 24\" version=\"1.2\" baseprofile=\"tiny\"><path d=\"M18.2 9.3l-6.2-6.3-6.2 6.3c-.2.2-.3.4-.3.7s.1.5.3.7c.2.2.4.3.7.3h11c.3 0 .5-.1.7-.3.2-.2.3-.5.3-.7s-.1-.5-.3-.7zM5.8 14.7l6.2 6.3 6.2-6.3c.2-.2.3-.5.3-.7s-.1-.5-.3-.7c-.2-.2-.4-.3-.7-.3h-11c-.3 0-.5.1-.7.3-.2.2-.3.5-.3.7s.1.5.3.7z\"\/><\/svg><\/span><\/span><\/span><\/a><\/span><\/div>\n<nav><ul class='ez-toc-list ez-toc-list-level-1 eztoc-toggle-hide-by-default' ><li class='ez-toc-page-1 ez-toc-heading-level-2'><a class=\"ez-toc-link ez-toc-heading-1\" href=\"https:\/\/coinkickoff.com\/sk\/how-to-buy-ethereum\/how-to-buy-ethereum-on-binance\/#How_to_Buy_Ethereum_on_Binance\" >Ako k\u00fapi\u0165 Ethereum na Binance<\/a><\/li><li class='ez-toc-page-1 ez-toc-heading-level-2'><a class=\"ez-toc-link ez-toc-heading-2\" href=\"https:\/\/coinkickoff.com\/sk\/how-to-buy-ethereum\/how-to-buy-ethereum-on-binance\/#A_Step-By-Step_Guide_on_How_to_Buy_Ethereum_on_Binance\" >Sprievodca krok za krokom, ako si k\u00fapi\u0165 Ethereum na Binance<\/a><ul class='ez-toc-list-level-3' ><li class='ez-toc-heading-level-3'><a class=\"ez-toc-link ez-toc-heading-3\" href=\"https:\/\/coinkickoff.com\/sk\/how-to-buy-ethereum\/how-to-buy-ethereum-on-binance\/#1_Register_an_Account_on_Binance\" >1. Zaregistrujte si \u00fa\u010det na Binance<\/a><\/li><li class='ez-toc-page-1 ez-toc-heading-level-3'><a class=\"ez-toc-link ez-toc-heading-4\" href=\"https:\/\/coinkickoff.com\/sk\/how-to-buy-ethereum\/how-to-buy-ethereum-on-binance\/#2_Verify_Your_Account\" >2. Overenie v\u00e1\u0161ho \u00fa\u010dtu<\/a><\/li><li class='ez-toc-page-1 ez-toc-heading-level-3'><a class=\"ez-toc-link ez-toc-heading-5\" href=\"https:\/\/coinkickoff.com\/sk\/how-to-buy-ethereum\/how-to-buy-ethereum-on-binance\/#3_Deposit_FundsCrypto\" >3. Vkladov\u00e9 fondy\/krypto<\/a><\/li><li class='ez-toc-page-1 ez-toc-heading-level-3'><a class=\"ez-toc-link ez-toc-heading-6\" href=\"https:\/\/coinkickoff.com\/sk\/how-to-buy-ethereum\/how-to-buy-ethereum-on-binance\/#Click_on_%E2%80%9CDeposit%E2%80%9D_to_see_all_the_deposit_options_The_three_options_are_depositing_crypto_depositing_fiat_currencies_and_adding_credit_cards_or_other_payment_methods\" >Kliknut\u00edm na \"Deposit\" (Vklad) zobraz\u00edte v\u0161etky mo\u017enosti vkladu. Tri mo\u017enosti s\u00fa vkladanie kryptomien, vkladanie fiat mien a pridanie kreditn\u00fdch kariet alebo in\u00fdch platobn\u00fdch met\u00f3d.<\/a><\/li><li class='ez-toc-page-1 ez-toc-heading-level-3'><a class=\"ez-toc-link ez-toc-heading-7\" href=\"https:\/\/coinkickoff.com\/sk\/how-to-buy-ethereum\/how-to-buy-ethereum-on-binance\/#4_Navigate_to_the_Relevant_Screen_to_Buy\" >4. Prejdite na pr\u00edslu\u0161n\u00fa obrazovku a nakupte<\/a><\/li><\/ul><\/li><\/ul><\/nav><\/div>\n<h2><span class=\"ez-toc-section\" id=\"How_to_Buy_Ethereum_on_Binance\"><\/span><span style=\"font-weight: 400;\">Ako k\u00fapi\u0165 Ethereum na Binance<\/span><span class=\"ez-toc-section-end\"><\/span><\/h2>\n<p><span style=\"font-weight: 400;\"><a href=\"https:\/\/coinkickoff.com\/sk\/binance-review\/\" data-internallinksmanager029f6b8e52c=\"152\" title=\"Binance Recenzie 2024: Vlastnosti, poplatky, bezpe\u010dnos\u0165, klady a z\u00e1pory\">Binance<\/a> je najv\u00e4\u010d\u0161ou na svete <a href=\"https:\/\/coinkickoff.com\/sk\/crypto-exchanges\/\" data-internallinksmanager029f6b8e52c=\"141\" title=\"21 Najlep\u0161ie kryptomenov\u00e9 burzy a aplik\u00e1cie v roku 2024\">v\u00fdmena kryptomien<\/a> pod\u013ea objemu obchodovania a pou\u017e\u00edvaj\u00fa ju mili\u00f3ny \u013eud\u00ed na celom svete na n\u00e1kup popul\u00e1rnych kryptoakt\u00edv, ako s\u00fa <a href=\"https:\/\/coinkickoff.com\/sk\/bitcoin-btc\/\" data-internallinksmanager029f6b8e52c=\"1\" title=\"\u010co je Bitcoin (BTC)? Cena, hist\u00f3ria a kde k\u00fapi\u0165\">Bitcoin<\/a> a <a href=\"https:\/\/coinkickoff.com\/sk\/ethereum-eth\/\" data-internallinksmanager029f6b8e52c=\"2\" title=\"\u010co je Ethereum (ETH)? Cena, hist\u00f3ria a kde k\u00fapi\u0165\">Ethereum<\/a>.<\/span><\/p>\n<p><span style=\"font-weight: 400;\">V tejto pr\u00edru\u010dke v\u00e1m vysvetl\u00edme, ako k\u00fapi\u0165 Ethereum na Binance s pokynmi krok za krokom.<\/span><\/p>\n<p><span style=\"font-weight: 400;\">Ak ste pou\u017e\u00edvate\u013e z USA, pozrite si n\u00e1\u0161ho sprievodcu, ako si k\u00fapi\u0165 Ethereum na Binance US.<\/span><\/p>\n<h2><span class=\"ez-toc-section\" id=\"A_Step-By-Step_Guide_on_How_to_Buy_Ethereum_on_Binance\"><\/span><span style=\"font-weight: 400;\">Sprievodca krok za krokom, ako si k\u00fapi\u0165 Ethereum na Binance<\/span><span class=\"ez-toc-section-end\"><\/span><\/h2>\n<h3><span class=\"ez-toc-section\" id=\"1_Register_an_Account_on_Binance\"><\/span><span style=\"font-weight: 400;\">1. Zaregistrujte si \u00fa\u010det na Binance<\/span><span class=\"ez-toc-section-end\"><\/span><\/h3>\n<h2><img loading=\"lazy\" decoding=\"async\" class=\"alignnone wp-image-3245 size-full\" style=\"font-size: 18px; font-family: Muli, sans-serif;\" src=\"https:\/\/coinkickoff.com\/wp-content\/uploads\/binance-register.png\" alt=\"k\u00fapi\u0165 doge na binance register\" width=\"1430\" height=\"798\" srcset=\"https:\/\/coinkickoff.com\/wp-content\/uploads\/binance-register.png 1430w, https:\/\/coinkickoff.com\/wp-content\/uploads\/binance-register-300x167.png 300w, https:\/\/coinkickoff.com\/wp-content\/uploads\/binance-register-1024x571.png 1024w, https:\/\/coinkickoff.com\/wp-content\/uploads\/binance-register-768x429.png 768w, https:\/\/coinkickoff.com\/wp-content\/uploads\/binance-register-18x10.png 18w\" sizes=\"auto, (max-width: 1430px) 100vw, 1430px\" \/><\/h2>\n<p><span style=\"font-weight: 400;\">Ak nem\u00e1te \u00fa\u010det Binance, prejdite na <\/span><a href=\"https:\/\/accounts.binance.com\/register?ref=BLJQ60RW\" target=\"_blank\" rel=\"noopener\"><span style=\"font-weight: 400;\">Ofici\u00e1lna webov\u00e1 str\u00e1nka Binance<\/span><\/a><span style=\"font-weight: 400;\"> a zaregistrujte sa. Zaregistrova\u0165 sa m\u00f4\u017eete pomocou telef\u00f3nneho \u010d\u00edsla alebo e-mailovej adresy. Do schr\u00e1nky spr\u00e1v v\u00e1m pr\u00edde k\u00f3d na potvrdenie \u00fa\u010dtu. Pomocou tohto k\u00f3du sa prihl\u00e1ste do slu\u017eby Binance.\u00a0<\/span><\/p>\n<h3><span class=\"ez-toc-section\" id=\"2_Verify_Your_Account\"><\/span><span style=\"font-weight: 400;\">2. Overenie v\u00e1\u0161ho \u00fa\u010dtu<\/span><span class=\"ez-toc-section-end\"><\/span><\/h3>\n<p><img loading=\"lazy\" decoding=\"async\" class=\"alignnone wp-image-3247 size-full\" src=\"https:\/\/coinkickoff.com\/wp-content\/uploads\/binance-verification-0-e1686527478138.png\" alt=\"overenie binance \" width=\"1438\" height=\"730\" srcset=\"https:\/\/coinkickoff.com\/wp-content\/uploads\/binance-verification-0-e1686527478138.png 1438w, https:\/\/coinkickoff.com\/wp-content\/uploads\/binance-verification-0-e1686527478138-300x152.png 300w, https:\/\/coinkickoff.com\/wp-content\/uploads\/binance-verification-0-e1686527478138-1024x520.png 1024w, https:\/\/coinkickoff.com\/wp-content\/uploads\/binance-verification-0-e1686527478138-768x390.png 768w, https:\/\/coinkickoff.com\/wp-content\/uploads\/binance-verification-0-e1686527478138-18x9.png 18w\" sizes=\"auto, (max-width: 1438px) 100vw, 1438px\" \/><\/p>\n<p><span style=\"font-weight: 400;\">V pravom hornom rohu str\u00e1nky (hne\u010f ved\u013ea karty \"Objedn\u00e1vky\") sa nach\u00e1dza ikona v\u00e1\u0161ho profilu. Kliknut\u00edm na \u0148u sa zobraz\u00ed str\u00e1nka s overen\u00edm. Kliknite na \"Z\u00edska\u0165 overenie\".<\/span><\/p>\n<p><img loading=\"lazy\" decoding=\"async\" class=\"alignnone wp-image-3246 size-full\" src=\"https:\/\/coinkickoff.com\/wp-content\/uploads\/binance-verification.png\" alt=\"overenie binance\" width=\"1239\" height=\"752\" srcset=\"https:\/\/coinkickoff.com\/wp-content\/uploads\/binance-verification.png 1239w, https:\/\/coinkickoff.com\/wp-content\/uploads\/binance-verification-300x182.png 300w, https:\/\/coinkickoff.com\/wp-content\/uploads\/binance-verification-1024x622.png 1024w, https:\/\/coinkickoff.com\/wp-content\/uploads\/binance-verification-768x466.png 768w, https:\/\/coinkickoff.com\/wp-content\/uploads\/binance-verification-18x12.png 18w\" sizes=\"auto, (max-width: 1239px) 100vw, 1239px\" \/><\/p>\n<p><span style=\"font-weight: 400;\">V zozname v hornej \u010dasti str\u00e1nky vyberte krajinu alebo regi\u00f3n svojho bydliska. Po v\u00fdbere regi\u00f3nu alebo krajiny si m\u00f4\u017eete pozrie\u0165 po\u017eiadavky na overenie. Kliknite na tla\u010didlo \"Overi\u0165\" a za\u010dnite.<\/span><\/p>\n<p><img loading=\"lazy\" decoding=\"async\" class=\"alignnone wp-image-3248 size-full\" src=\"https:\/\/coinkickoff.com\/wp-content\/uploads\/binance-verification-2.png\" alt=\"ako k\u00fapi\u0165 Ethereum na Binance\" width=\"563\" height=\"686\" srcset=\"https:\/\/coinkickoff.com\/wp-content\/uploads\/binance-verification-2.png 563w, https:\/\/coinkickoff.com\/wp-content\/uploads\/binance-verification-2-246x300.png 246w, https:\/\/coinkickoff.com\/wp-content\/uploads\/binance-verification-2-10x12.png 10w\" sizes=\"auto, (max-width: 563px) 100vw, 563px\" \/><\/p>\n<p><span style=\"font-weight: 400;\">Zadajte potrebn\u00e9 inform\u00e1cie a kliknite na tla\u010didlo \"Pokra\u010dova\u0165\". Budete po\u017eiadan\u00ed o nahratie preukazu toto\u017enosti s fotografiou, aby ste potvrdili svoje \u00fadaje. Je d\u00f4le\u017eit\u00e9 uisti\u0165 sa, \u017ee va\u0161e meno a d\u00e1tum narodenia sa zhoduj\u00fa s dokladom toto\u017enosti, ktor\u00fd predklad\u00e1te platforme.<\/span><\/p>\n<h3><span class=\"ez-toc-section\" id=\"3_Deposit_FundsCrypto\"><\/span><span style=\"font-weight: 400;\">3. Vkladov\u00e9 fondy\/krypto<\/span><span class=\"ez-toc-section-end\"><\/span><\/h3>\n<p><img loading=\"lazy\" decoding=\"async\" class=\"alignnone wp-image-3254 size-full\" style=\"font-family: 'Helvetica Neue', Helvetica, Arial, sans-serif; font-size: 20px;\" src=\"https:\/\/coinkickoff.com\/wp-content\/uploads\/binance-deposit-2.png\" alt=\"\" width=\"926\" height=\"796\" srcset=\"https:\/\/coinkickoff.com\/wp-content\/uploads\/binance-deposit-2.png 926w, https:\/\/coinkickoff.com\/wp-content\/uploads\/binance-deposit-2-300x258.png 300w, https:\/\/coinkickoff.com\/wp-content\/uploads\/binance-deposit-2-768x660.png 768w, https:\/\/coinkickoff.com\/wp-content\/uploads\/binance-deposit-2-14x12.png 14w\" sizes=\"auto, (max-width: 926px) 100vw, 926px\" \/><\/p>\n<h3><span class=\"ez-toc-section\" id=\"Click_on_%E2%80%9CDeposit%E2%80%9D_to_see_all_the_deposit_options_The_three_options_are_depositing_crypto_depositing_fiat_currencies_and_adding_credit_cards_or_other_payment_methods\"><\/span><span style=\"font-weight: 400;\">Kliknut\u00edm na \"Deposit\" (Vklad) zobraz\u00edte v\u0161etky mo\u017enosti vkladu. Tri mo\u017enosti s\u00fa vkladanie kryptomien, vkladanie fiat mien a pridanie kreditn\u00fdch kariet alebo in\u00fdch platobn\u00fdch met\u00f3d.<\/span><span class=\"ez-toc-section-end\"><\/span><\/h3>\n<p><span style=\"font-weight: 400;\">Ak vlastn\u00edte krypto a chcete ho vymeni\u0165 za ETH, m\u00f4\u017eete klikn\u00fa\u0165 na \"Deposit Crypto\" a z\u00edska\u0165 adresu na vklad.\u00a0<\/span><\/p>\n<p><span style=\"font-weight: 400;\">V\u00e4\u010d\u0161ina za\u010diato\u010dn\u00edkov v\u0161ak t\u00fato mo\u017enos\u0165 nem\u00e1 a mus\u00ed bu\u010f prida\u0165 sp\u00f4sob platby, alebo vykona\u0165 fiat vklad bankov\u00fdm prevodom.<\/span><\/p>\n<p><span style=\"font-weight: 400;\">Kliknite na polo\u017eku \"Fiat Deposit\". Na \u010fal\u0161ej str\u00e1nke vyberte menu, ktor\u00fa chcete vlo\u017ei\u0165. Binance akceptuje mnoho miestnych mien, tak\u017ee nebudete ma\u0165 probl\u00e9m n\u00e1js\u0165 t\u00fa spr\u00e1vnu mo\u017enos\u0165.<\/span><\/p>\n<h3><img loading=\"lazy\" decoding=\"async\" class=\"alignnone wp-image-3256 size-full\" style=\"font-size: 18px; font-family: Muli, sans-serif;\" src=\"https:\/\/coinkickoff.com\/wp-content\/uploads\/binance-fiat-deposit-3.png\" alt=\"\" width=\"1052\" height=\"778\" srcset=\"https:\/\/coinkickoff.com\/wp-content\/uploads\/binance-fiat-deposit-3.png 1052w, https:\/\/coinkickoff.com\/wp-content\/uploads\/binance-fiat-deposit-3-300x222.png 300w, https:\/\/coinkickoff.com\/wp-content\/uploads\/binance-fiat-deposit-3-1024x757.png 1024w, https:\/\/coinkickoff.com\/wp-content\/uploads\/binance-fiat-deposit-3-768x568.png 768w, https:\/\/coinkickoff.com\/wp-content\/uploads\/binance-fiat-deposit-3-16x12.png 16w\" sizes=\"auto, (max-width: 1052px) 100vw, 1052px\" \/><\/h3>\n<p><span style=\"font-weight: 400;\">Binance pon\u00faka r\u00f4zne sp\u00f4soby realiz\u00e1cie vkladu a zvy\u010dajne existuj\u00fa niektor\u00e9 odpor\u00fa\u010dan\u00e9 met\u00f3dy. Podrobnosti o poplatkoch si m\u00f4\u017eete pozrie\u0165 pri ka\u017edej mo\u017enosti.<\/span><\/p>\n<p><span style=\"font-weight: 400;\">Ako vid\u00edte, na platforme m\u00f4\u017eete vykon\u00e1va\u0165 prevody SEPA alebo online bankovn\u00edctva alebo prida\u0165 bankov\u00fa kartu na n\u00e1kup kryptomien.<\/span><\/p>\n<p><span style=\"font-weight: 400;\">Ak vyberiete mo\u017enos\u0165 \"In\u00e9 met\u00f3dy\", m\u00f4\u017eete sa pripoji\u0165 k aplik\u00e1ci\u00e1m tret\u00edch str\u00e1n, napr\u00edklad Banxa alebo Simplex. Binance podporuje aj n\u00e1kupy cez Google Pay a Apple Pay.<\/span><\/p>\n<p><span style=\"font-weight: 400;\">\u00a0Vyberte preferovan\u00fd sp\u00f4sob vkladu a kliknite na tla\u010didlo \"Pokra\u010dova\u0165\". M\u00f4\u017eete by\u0165 presmerovan\u00ed na svoj bankov\u00fd \u00fa\u010det alebo poskytovate\u013ea internetov\u00e9ho bankovn\u00edctva. Postupujte pod\u013ea pokynov na obrazovke a dokon\u010dite vklad.<\/span><\/p>\n<h3><span class=\"ez-toc-section\" id=\"4_Navigate_to_the_Relevant_Screen_to_Buy\"><\/span><span style=\"font-weight: 400;\">4. Prejdite na pr\u00edslu\u0161n\u00fa obrazovku a nakupte<\/span><span class=\"ez-toc-section-end\"><\/span><\/h3>\n<p><span style=\"font-weight: 400;\">Ke\u010f prid\u00e1te sp\u00f4sob platby alebo vlo\u017e\u00edte finan\u010dn\u00e9 prostriedky, m\u00f4\u017eete si k\u00fapi\u0165 Ethereum. Na hlavnej obrazovke kliknite na tla\u010didlo \"K\u00fapi\u0165 kryptografiu\".<\/span><\/p>\n<p><span style=\"font-weight: 400;\">Str\u00e1nka \"Buy Crypto\" je ve\u013emi preh\u013eadn\u00e1: V st\u013apci \"Utrati\u0165\" vyberte menu, ktor\u00fa chcete min\u00fa\u0165, a zadajte sumu.<\/span><\/p>\n<p><img loading=\"lazy\" decoding=\"async\" class=\"alignnone wp-image-3249 size-full\" src=\"https:\/\/coinkickoff.com\/wp-content\/uploads\/binance-buy-sell-crypto.png\" alt=\"\" width=\"1056\" height=\"642\" srcset=\"https:\/\/coinkickoff.com\/wp-content\/uploads\/binance-buy-sell-crypto.png 1056w, https:\/\/coinkickoff.com\/wp-content\/uploads\/binance-buy-sell-crypto-300x182.png 300w, https:\/\/coinkickoff.com\/wp-content\/uploads\/binance-buy-sell-crypto-1024x623.png 1024w, https:\/\/coinkickoff.com\/wp-content\/uploads\/binance-buy-sell-crypto-768x467.png 768w, https:\/\/coinkickoff.com\/wp-content\/uploads\/binance-buy-sell-crypto-18x12.png 18w\" sizes=\"auto, (max-width: 1056px) 100vw, 1056px\" \/><\/p>\n<p><span style=\"font-weight: 400;\">Nastavte st\u013apec pr\u00edjem na hodnotu ETH. Tu uvid\u00edte, ko\u013eko \u00e9terov dostanete za svoje peniaze.<\/span><\/p>\n<p><img loading=\"lazy\" decoding=\"async\" class=\"alignnone wp-image-3250 size-full\" src=\"https:\/\/coinkickoff.com\/wp-content\/uploads\/binance-buy-sell-crypto-2.png\" alt=\"\" width=\"1079\" height=\"634\" srcset=\"https:\/\/coinkickoff.com\/wp-content\/uploads\/binance-buy-sell-crypto-2.png 1079w, https:\/\/coinkickoff.com\/wp-content\/uploads\/binance-buy-sell-crypto-2-300x176.png 300w, https:\/\/coinkickoff.com\/wp-content\/uploads\/binance-buy-sell-crypto-2-1024x602.png 1024w, https:\/\/coinkickoff.com\/wp-content\/uploads\/binance-buy-sell-crypto-2-768x451.png 768w, https:\/\/coinkickoff.com\/wp-content\/uploads\/binance-buy-sell-crypto-2-18x12.png 18w\" sizes=\"auto, (max-width: 1079px) 100vw, 1079px\" \/><\/p>\n<p><span style=\"font-weight: 400;\">Teraz kliknite na tla\u010didlo \"K\u00fapi\u0165 ETH\". Na \u010fal\u0161ej str\u00e1nke si m\u00f4\u017eete vybra\u0165 sp\u00f4sob platby a zobrazi\u0165 podrobnosti objedn\u00e1vky vr\u00e1tane v\u0161etk\u00fdch platn\u00fdch poplatkov.<\/span><\/p>\n<p><img loading=\"lazy\" decoding=\"async\" class=\"alignnone wp-image-3252 size-full\" src=\"https:\/\/coinkickoff.com\/wp-content\/uploads\/binance-crypto-buy-sell-5.png\" alt=\"Ako k\u00fapi\u0165 Bitcoin na Binance\" width=\"1047\" height=\"640\" srcset=\"https:\/\/coinkickoff.com\/wp-content\/uploads\/binance-crypto-buy-sell-5.png 1047w, https:\/\/coinkickoff.com\/wp-content\/uploads\/binance-crypto-buy-sell-5-300x183.png 300w, https:\/\/coinkickoff.com\/wp-content\/uploads\/binance-crypto-buy-sell-5-1024x626.png 1024w, https:\/\/coinkickoff.com\/wp-content\/uploads\/binance-crypto-buy-sell-5-768x469.png 768w, https:\/\/coinkickoff.com\/wp-content\/uploads\/binance-crypto-buy-sell-5-18x12.png 18w\" sizes=\"auto, (max-width: 1047px) 100vw, 1047px\" \/><\/p>\n<p><span style=\"font-weight: 400;\">To je v\u0161etko! D\u00fafame, \u017ee sme v\u00e1m pomohli nau\u010di\u0165 sa, ako k\u00fapi\u0165 Ethereum na Binance. M\u00f4\u017eete si tie\u017e pozrie\u0165 na\u0161e pr\u00edru\u010dky o <a href=\"https:\/\/coinkickoff.com\/sk\/how-to-buy-ethereum\/\">ako k\u00fapi\u0165 Ethereum<\/a> na in\u00fdch burz\u00e1ch.<\/span><\/p>","protected":false},"excerpt":{"rendered":"<p>Ako k\u00fapi\u0165 Ethereum na Binance Binance je najv\u00e4\u010d\u0161ia svetov\u00e1 burza kryptomien pod\u013ea objemu obchodovania a mili\u00f3ny \u013eud\u00ed na celom svete ju pou\u017e\u00edvaj\u00fa na n\u00e1kup popul\u00e1rnych kryptoakt\u00edv, ako s\u00fa Bitcoin a Ethereum. V tejto pr\u00edru\u010dke v\u00e1m vysvetl\u00edme, ako si k\u00fapi\u0165 Ethereum na Binance s pokynmi krok za krokom. Ak ste pou\u017e\u00edvate\u013e so s\u00eddlom v USA, [...]<\/p>","protected":false},"author":3,"featured_media":0,"parent":3937,"menu_order":0,"comment_status":"closed","ping_status":"closed","template":"","meta":{"_genesis_hide_title":false,"_genesis_hide_breadcrumbs":false,"_genesis_hide_singular_image":false,"_genesis_hide_footer_widgets":false,"_genesis_custom_body_class":"","_genesis_custom_post_class":"","_genesis_layout":"","_glsr_average":0,"_glsr_ranking":0,"_glsr_reviews":0,"footnotes":""},"class_list":{"0":"post-3951","1":"page","2":"type-page","3":"status-publish","5":"entry"},"featured_image_src":null,"featured_image_src_square":null,"_links":{"self":[{"href":"https:\/\/coinkickoff.com\/sk\/wp-json\/wp\/v2\/pages\/3951","targetHints":{"allow":["GET"]}}],"collection":[{"href":"https:\/\/coinkickoff.com\/sk\/wp-json\/wp\/v2\/pages"}],"about":[{"href":"https:\/\/coinkickoff.com\/sk\/wp-json\/wp\/v2\/types\/page"}],"author":[{"embeddable":true,"href":"https:\/\/coinkickoff.com\/sk\/wp-json\/wp\/v2\/users\/3"}],"replies":[{"embeddable":true,"href":"https:\/\/coinkickoff.com\/sk\/wp-json\/wp\/v2\/comments?post=3951"}],"version-history":[{"count":1,"href":"https:\/\/coinkickoff.com\/sk\/wp-json\/wp\/v2\/pages\/3951\/revisions"}],"predecessor-version":[{"id":3953,"href":"https:\/\/coinkickoff.com\/sk\/wp-json\/wp\/v2\/pages\/3951\/revisions\/3953"}],"up":[{"embeddable":true,"href":"https:\/\/coinkickoff.com\/sk\/wp-json\/wp\/v2\/pages\/3937"}],"wp:attachment":[{"href":"https:\/\/coinkickoff.com\/sk\/wp-json\/wp\/v2\/media?parent=3951"}],"curies":[{"name":"wp","href":"https:\/\/api.w.org\/{rel}","templated":true}]}}