{"id":3932,"date":"2026-01-08T14:07:49","date_gmt":"2026-01-08T14:07:49","guid":{"rendered":"https:\/\/coinkickoff.com\/?page_id=3932"},"modified":"2026-01-08T14:07:49","modified_gmt":"2026-01-08T14:07:49","slug":"how-to-buy-bitcoin-on-poloniex","status":"publish","type":"page","link":"https:\/\/coinkickoff.com\/sk\/how-to-buy-bitcoin\/how-to-buy-bitcoin-on-poloniex\/","title":{"rendered":"Ako k\u00fapi\u0165 Bitcoin na Poloniex"},"content":{"rendered":"<div id=\"ez-toc-container\" class=\"ez-toc-v2_0_80 counter-hierarchy ez-toc-counter ez-toc-transparent ez-toc-container-direction\">\n<div class=\"ez-toc-title-container\">\n<p class=\"ez-toc-title\" style=\"cursor:inherit\">Sekcie<\/p>\n<span class=\"ez-toc-title-toggle\"><a href=\"#\" class=\"ez-toc-pull-right ez-toc-btn ez-toc-btn-xs ez-toc-btn-default ez-toc-toggle\" aria-label=\"Prep\u00ednanie tabu\u013eky obsahu\"><span class=\"ez-toc-js-icon-con\"><span class=\"\"><span class=\"eztoc-hide\" style=\"display:none;\">Prep\u00edna\u010d<\/span><span class=\"ez-toc-icon-toggle-span\"><svg style=\"fill: #999;color:#999\" xmlns=\"http:\/\/www.w3.org\/2000\/svg\" class=\"list-377408\" width=\"20px\" height=\"20px\" viewbox=\"0 0 24 24\" fill=\"none\"><path d=\"M6 6H4v2h2V6zm14 0H8v2h12V6zM4 11h2v2H4v-2zm16 0H8v2h12v-2zM4 16h2v2H4v-2zm16 0H8v2h12v-2z\" fill=\"currentColor\"><\/path><\/svg><svg style=\"fill: #999;color:#999\" class=\"arrow-unsorted-368013\" xmlns=\"http:\/\/www.w3.org\/2000\/svg\" width=\"10px\" height=\"10px\" viewbox=\"0 0 24 24\" version=\"1.2\" baseprofile=\"tiny\"><path d=\"M18.2 9.3l-6.2-6.3-6.2 6.3c-.2.2-.3.4-.3.7s.1.5.3.7c.2.2.4.3.7.3h11c.3 0 .5-.1.7-.3.2-.2.3-.5.3-.7s-.1-.5-.3-.7zM5.8 14.7l6.2 6.3 6.2-6.3c.2-.2.3-.5.3-.7s-.1-.5-.3-.7c-.2-.2-.4-.3-.7-.3h-11c-.3 0-.5.1-.7.3-.2.2-.3.5-.3.7s.1.5.3.7z\"\/><\/svg><\/span><\/span><\/span><\/a><\/span><\/div>\n<nav><ul class='ez-toc-list ez-toc-list-level-1 eztoc-toggle-hide-by-default' ><li class='ez-toc-page-1 ez-toc-heading-level-1'><a class=\"ez-toc-link ez-toc-heading-1\" href=\"https:\/\/coinkickoff.com\/sk\/how-to-buy-bitcoin\/how-to-buy-bitcoin-on-poloniex\/#How_to_Buy_Bitcoin_on_Poloniex\" >Ako k\u00fapi\u0165 Bitcoin na Poloniex<\/a><ul class='ez-toc-list-level-2' ><li class='ez-toc-heading-level-2'><a class=\"ez-toc-link ez-toc-heading-2\" href=\"https:\/\/coinkickoff.com\/sk\/how-to-buy-bitcoin\/how-to-buy-bitcoin-on-poloniex\/#A_Step-By-Step_Guide_on_How_to_Buy_Bitcoin_on_Poloniex\" >Sprievodca krok za krokom, ako k\u00fapi\u0165 Bitcoin na Poloniex<\/a><ul class='ez-toc-list-level-3' ><li class='ez-toc-heading-level-3'><a class=\"ez-toc-link ez-toc-heading-3\" href=\"https:\/\/coinkickoff.com\/sk\/how-to-buy-bitcoin\/how-to-buy-bitcoin-on-poloniex\/#1_Register_an_Account\" >1. Zaregistrujte si \u00fa\u010det<\/a><\/li><li class='ez-toc-page-1 ez-toc-heading-level-3'><a class=\"ez-toc-link ez-toc-heading-4\" href=\"https:\/\/coinkickoff.com\/sk\/how-to-buy-bitcoin\/how-to-buy-bitcoin-on-poloniex\/#2_Verify_Your_Account\" >2. Overenie v\u00e1\u0161ho \u00fa\u010dtu<\/a><\/li><li class='ez-toc-page-1 ez-toc-heading-level-3'><a class=\"ez-toc-link ez-toc-heading-5\" href=\"https:\/\/coinkickoff.com\/sk\/how-to-buy-bitcoin\/how-to-buy-bitcoin-on-poloniex\/#3_Buy_Crypto\" >3. K\u00fapte si kryptografiu<\/a><\/li><li class='ez-toc-page-1 ez-toc-heading-level-3'><a class=\"ez-toc-link ez-toc-heading-6\" href=\"https:\/\/coinkickoff.com\/sk\/how-to-buy-bitcoin\/how-to-buy-bitcoin-on-poloniex\/#Now_you_know_how_to_Bitcoin_on_Poloniex_Your_Bitcoin_will_show_up_in_your_wallet_as_soon_as_your_order_is_processed\" >Teraz u\u017e viete, ako Bitcoin na Poloniex! V\u00e1\u0161 Bitcoin sa objav\u00ed vo va\u0161ej pe\u0148a\u017eenke hne\u010f po spracovan\u00ed objedn\u00e1vky. \u00a0\u00a0<\/a><\/li><\/ul><\/li><\/ul><\/li><\/ul><\/nav><\/div>\n<h1><span class=\"ez-toc-section\" id=\"How_to_Buy_Bitcoin_on_Poloniex\"><\/span><span style=\"font-weight: 400;\">Ako k\u00fapi\u0165 Bitcoin na Poloniex<\/span><span class=\"ez-toc-section-end\"><\/span><\/h1>\n<p><img loading=\"lazy\" decoding=\"async\" class=\"alignnone wp-image-52 size-full\" src=\"https:\/\/coinkickoff.com\/wp-content\/uploads\/2022\/05\/bitcoin-btc.jpg\" alt=\"Ako k\u00fapi\u0165 Bitcoin na Poloniex\" width=\"1000\" height=\"667\" srcset=\"https:\/\/coinkickoff.com\/wp-content\/uploads\/2022\/05\/bitcoin-btc.jpg 1000w, https:\/\/coinkickoff.com\/wp-content\/uploads\/2022\/05\/bitcoin-btc-300x200.jpg 300w, https:\/\/coinkickoff.com\/wp-content\/uploads\/2022\/05\/bitcoin-btc-768x512.jpg 768w, https:\/\/coinkickoff.com\/wp-content\/uploads\/2022\/05\/bitcoin-btc-600x400.jpg 600w\" sizes=\"auto, (max-width: 1000px) 100vw, 1000px\" \/><\/p>\n<p><span style=\"font-weight: 400;\"><a href=\"https:\/\/coinkickoff.com\/sk\/poloniex-review\/\">Poloniex<\/a> je pomerne kontroverzn\u00e1 v\u00fdmena, preto\u017ee pou\u017e\u00edvatelia sa \u010dasto s\u0165a\u017euj\u00fa na to, \u017ee s\u00fa <a href=\"https:\/\/cointelegraph.com\/news\/mysterious-poloniex-downtime-prompts-community-frustration\" target=\"_blank\" rel=\"noopener\">nem\u00f4\u017eu vybra\u0165 svoje finan\u010dn\u00e9 prostriedky.<\/a> z platformy. Je zn\u00e1ma t\u00fdm, \u017ee host\u00ed ve\u013ea podvodn\u00fdch coins. Celkovo m\u00e1 poves\u0165 dravej burzy, hoci niektor\u00ed ju m\u00f4\u017eu uprednost\u0148ova\u0165 kv\u00f4li relat\u00edvne vysok\u00e9mu objemu obchodovania, ktor\u00fd vykazuje.\u00a0<\/span><\/p>\n<p><span style=\"font-weight: 400;\">V tomto \u010dl\u00e1nku vysvetl\u00edme, ako k\u00fapi\u0165 <a href=\"https:\/\/coinkickoff.com\/sk\/bitcoin-btc\/\">Bitcoin<\/a> na str\u00e1nke . <a href=\"https:\/\/coinkickoff.com\/sk\/poloniex-review\/\" data-internallinksmanager029f6b8e52c=\"164\" title=\"Poloniex Recenzie 2023: poplatky, funkcie, bezpe\u010dnos\u0165, klady a z\u00e1pory\">Poloniex<\/a>.<\/span><\/p>\n<h2><span class=\"ez-toc-section\" id=\"A_Step-By-Step_Guide_on_How_to_Buy_Bitcoin_on_Poloniex\"><\/span><span style=\"font-weight: 400;\">Sprievodca krok za krokom, ako k\u00fapi\u0165 Bitcoin na Poloniex<\/span><span class=\"ez-toc-section-end\"><\/span><\/h2>\n<h3><span class=\"ez-toc-section\" id=\"1_Register_an_Account\"><\/span><span style=\"font-weight: 400;\">1. Zaregistrujte si \u00fa\u010det<\/span><span class=\"ez-toc-section-end\"><\/span><\/h3>\n<p><span style=\"font-weight: 400;\">Prejdite na ofici\u00e1lnu webov\u00fa str\u00e1nku Poloniex a zaregistrujte sa.<\/span><\/p>\n<p><img loading=\"lazy\" decoding=\"async\" class=\"alignnone wp-image-3397 size-full\" src=\"https:\/\/coinkickoff.com\/wp-content\/uploads\/poloniex-sign-up.png\" alt=\"registr\u00e1cia na poloniex\" width=\"1436\" height=\"653\" srcset=\"https:\/\/coinkickoff.com\/wp-content\/uploads\/poloniex-sign-up.png 1436w, https:\/\/coinkickoff.com\/wp-content\/uploads\/poloniex-sign-up-300x136.png 300w, https:\/\/coinkickoff.com\/wp-content\/uploads\/poloniex-sign-up-1024x466.png 1024w, https:\/\/coinkickoff.com\/wp-content\/uploads\/poloniex-sign-up-768x349.png 768w, https:\/\/coinkickoff.com\/wp-content\/uploads\/poloniex-sign-up-18x8.png 18w\" sizes=\"auto, (max-width: 1436px) 100vw, 1436px\" \/><\/p>\n<p><span style=\"font-weight: 400;\">Po vytvoren\u00ed konta dostanete do e-mailu aktiva\u010dn\u00fd k\u00f3d. Tento k\u00f3d m\u00f4\u017eete pou\u017ei\u0165 na prihl\u00e1senie.<\/span><\/p>\n<h3><span class=\"ez-toc-section\" id=\"2_Verify_Your_Account\"><\/span><span style=\"font-weight: 400;\">2. Overenie v\u00e1\u0161ho \u00fa\u010dtu<\/span><span class=\"ez-toc-section-end\"><\/span><\/h3>\n<p><span style=\"font-weight: 400;\">Pri registr\u00e1cii budete ma\u0165 na Poloniex overen\u00fa 1. \u00farove\u0148. M\u00f4\u017eete dokon\u010di\u0165 overenie 2. \u00farovne, aby ste zv\u00fd\u0161ili svoje limity na v\u00fdbery a obchodovanie.<\/span><\/p>\n<p><span style=\"font-weight: 400;\">Kliknite na ikonu svojho profilu v pravom hornom rohu str\u00e1nky a prejdite na svoj \"Profil\".<\/span><\/p>\n<p><span style=\"font-weight: 400;\">Kliknut\u00edm na tla\u010didlo \"Za\u010da\u0165\" prejdete na \u00farove\u0148 2 overovania. <\/span><\/p>\n<p><img loading=\"lazy\" decoding=\"async\" class=\"alignnone wp-image-3398 size-full\" src=\"https:\/\/coinkickoff.com\/wp-content\/uploads\/poloniex-verification.png\" alt=\"overenie poloniex\" width=\"1437\" height=\"679\" srcset=\"https:\/\/coinkickoff.com\/wp-content\/uploads\/poloniex-verification.png 1437w, https:\/\/coinkickoff.com\/wp-content\/uploads\/poloniex-verification-300x142.png 300w, https:\/\/coinkickoff.com\/wp-content\/uploads\/poloniex-verification-1024x484.png 1024w, https:\/\/coinkickoff.com\/wp-content\/uploads\/poloniex-verification-768x363.png 768w, https:\/\/coinkickoff.com\/wp-content\/uploads\/poloniex-verification-18x9.png 18w\" sizes=\"auto, (max-width: 1437px) 100vw, 1437px\" \/><\/p>\n<p><span style=\"font-weight: 400;\">Vypl\u0148te informa\u010dn\u00fd formul\u00e1r a nahrajte ofici\u00e1lny preukaz toto\u017enosti s fotografiou, napr\u00edklad pas alebo vodi\u010dsk\u00fd preukaz.<\/span><\/p>\n<h3><span class=\"ez-toc-section\" id=\"3_Buy_Crypto\"><\/span><span style=\"font-weight: 400;\">3. K\u00fapte si kryptografiu<\/span><span class=\"ez-toc-section-end\"><\/span><\/h3>\n<p><span style=\"font-weight: 400;\">Poloniex v\u00e1m umo\u017e\u0148uje nakupova\u0165 kryptomeny jedn\u00fdm kliknut\u00edm prostredn\u00edctvom platobn\u00fdch kan\u00e1lov tret\u00edch str\u00e1n, ako s\u00fa Simplex a Mercuryo. Sta\u010d\u00ed klikn\u00fa\u0165 na tla\u010didlo \"Buy Crypto\".\u00a0<\/span><\/p>\n<p><span style=\"font-weight: 400;\">Na str\u00e1nke jednoduch\u00e9ho n\u00e1kupu vytvorte objedn\u00e1vku BTC. Vypl\u0148te objedn\u00e1vkov\u00fd formul\u00e1r zadan\u00edm sumy, ktor\u00fa chcete min\u00fa\u0165 na <a href=\"https:\/\/coinkickoff.com\/sk\/bitcoin-btc\/\" data-internallinksmanager029f6b8e52c=\"1\" title=\"\u010co je Bitcoin (BTC)? Cena, hist\u00f3ria a kde k\u00fapi\u0165\">Bitcoin<\/a>. Zvy\u010dajne je stanoven\u00fd minim\u00e1lny limit 20 USD.<\/span><\/p>\n<p><span style=\"font-weight: 400;\">Vyberte si jeden z pon\u00fakan\u00fdch sp\u00f4sobov platby. Podrobnosti o va\u0161ej objedn\u00e1vke vr\u00e1tane v\u0161etk\u00fdch \u00fa\u010dtovan\u00fdch poplatkov sa zobrazia na pravej strane str\u00e1nky. Ak va\u0161a objedn\u00e1vka vyzer\u00e1 dobre, kliknite na tla\u010didlo \"Odosla\u0165\".\u00a0<\/span><\/p>\n<p><span style=\"font-weight: 400;\">Budete presmerovan\u00ed na svoje konto Simplex alebo Mercuryo, aby ste potvrdili n\u00e1kup.<\/span><\/p>\n<p><img loading=\"lazy\" decoding=\"async\" class=\"alignnone wp-image-3399 size-full\" src=\"https:\/\/coinkickoff.com\/wp-content\/uploads\/poloniex-buy-crypto.png\" alt=\"\" width=\"1436\" height=\"793\" srcset=\"https:\/\/coinkickoff.com\/wp-content\/uploads\/poloniex-buy-crypto.png 1436w, https:\/\/coinkickoff.com\/wp-content\/uploads\/poloniex-buy-crypto-300x166.png 300w, https:\/\/coinkickoff.com\/wp-content\/uploads\/poloniex-buy-crypto-1024x565.png 1024w, https:\/\/coinkickoff.com\/wp-content\/uploads\/poloniex-buy-crypto-768x424.png 768w, https:\/\/coinkickoff.com\/wp-content\/uploads\/poloniex-buy-crypto-18x10.png 18w\" sizes=\"auto, (max-width: 1436px) 100vw, 1436px\" \/><\/p>\n<h3><span class=\"ez-toc-section\" id=\"Now_you_know_how_to_Bitcoin_on_Poloniex_Your_Bitcoin_will_show_up_in_your_wallet_as_soon_as_your_order_is_processed\"><\/span><span style=\"font-size: 18px; font-family: Muli, sans-serif;\"><span style=\"font-weight: 400;\">Teraz u\u017e viete, ako Bitcoin na Poloniex! V\u00e1\u0161 Bitcoin sa objav\u00ed vo va\u0161ej pe\u0148a\u017eenke hne\u010f po spracovan\u00ed objedn\u00e1vky. <\/span>\u00a0<\/span><span style=\"font-size: 18px; font-family: Muli, sans-serif;\">\u00a0<\/span><span class=\"ez-toc-section-end\"><\/span><\/h3>\n<p>&nbsp;<\/p>","protected":false},"excerpt":{"rendered":"<p>Ako k\u00fapi\u0165 Bitcoin na Poloniex Poloniex je pomerne kontroverzn\u00e1 burza, preto\u017ee pou\u017e\u00edvatelia sa \u010dasto s\u0165a\u017euj\u00fa, \u017ee nem\u00f4\u017eu vybra\u0165 svoje prostriedky z platformy. Je zn\u00e1ma t\u00fdm, \u017ee host\u00ed mno\u017estvo podvodn\u00fdch coins. Celkovo m\u00e1 poves\u0165 dravej burzy, hoci niektor\u00ed ju m\u00f4\u017eu uprednost\u0148ova\u0165 kv\u00f4li relat\u00edvne vysok\u00e9mu objemu obchodovania [...]<\/p>","protected":false},"author":3,"featured_media":0,"parent":3885,"menu_order":0,"comment_status":"closed","ping_status":"closed","template":"","meta":{"_genesis_hide_title":false,"_genesis_hide_breadcrumbs":false,"_genesis_hide_singular_image":false,"_genesis_hide_footer_widgets":false,"_genesis_custom_body_class":"","_genesis_custom_post_class":"","_genesis_layout":"","_glsr_average":0,"_glsr_ranking":0,"_glsr_reviews":0,"footnotes":""},"class_list":{"0":"post-3932","1":"page","2":"type-page","3":"status-publish","5":"entry"},"featured_image_src":null,"featured_image_src_square":null,"_links":{"self":[{"href":"https:\/\/coinkickoff.com\/sk\/wp-json\/wp\/v2\/pages\/3932","targetHints":{"allow":["GET"]}}],"collection":[{"href":"https:\/\/coinkickoff.com\/sk\/wp-json\/wp\/v2\/pages"}],"about":[{"href":"https:\/\/coinkickoff.com\/sk\/wp-json\/wp\/v2\/types\/page"}],"author":[{"embeddable":true,"href":"https:\/\/coinkickoff.com\/sk\/wp-json\/wp\/v2\/users\/3"}],"replies":[{"embeddable":true,"href":"https:\/\/coinkickoff.com\/sk\/wp-json\/wp\/v2\/comments?post=3932"}],"version-history":[{"count":2,"href":"https:\/\/coinkickoff.com\/sk\/wp-json\/wp\/v2\/pages\/3932\/revisions"}],"predecessor-version":[{"id":4120,"href":"https:\/\/coinkickoff.com\/sk\/wp-json\/wp\/v2\/pages\/3932\/revisions\/4120"}],"up":[{"embeddable":true,"href":"https:\/\/coinkickoff.com\/sk\/wp-json\/wp\/v2\/pages\/3885"}],"wp:attachment":[{"href":"https:\/\/coinkickoff.com\/sk\/wp-json\/wp\/v2\/media?parent=3932"}],"curies":[{"name":"wp","href":"https:\/\/api.w.org\/{rel}","templated":true}]}}