{"id":3899,"date":"2026-01-08T14:07:44","date_gmt":"2026-01-08T14:07:44","guid":{"rendered":"https:\/\/coinkickoff.com\/?page_id=3899"},"modified":"2026-01-08T14:07:44","modified_gmt":"2026-01-08T14:07:44","slug":"how-to-buy-bitcoin-on-coinbase","status":"publish","type":"page","link":"https:\/\/coinkickoff.com\/sk\/how-to-buy-bitcoin\/how-to-buy-bitcoin-on-coinbase\/","title":{"rendered":"Ako k\u00fapi\u0165 Bitcoin na Coinbase"},"content":{"rendered":"<div id=\"ez-toc-container\" class=\"ez-toc-v2_0_80 counter-hierarchy ez-toc-counter ez-toc-transparent ez-toc-container-direction\">\n<div class=\"ez-toc-title-container\">\n<p class=\"ez-toc-title\" style=\"cursor:inherit\">Sekcie<\/p>\n<span class=\"ez-toc-title-toggle\"><a href=\"#\" class=\"ez-toc-pull-right ez-toc-btn ez-toc-btn-xs ez-toc-btn-default ez-toc-toggle\" aria-label=\"Prep\u00ednanie tabu\u013eky obsahu\"><span class=\"ez-toc-js-icon-con\"><span class=\"\"><span class=\"eztoc-hide\" style=\"display:none;\">Prep\u00edna\u010d<\/span><span class=\"ez-toc-icon-toggle-span\"><svg style=\"fill: #999;color:#999\" xmlns=\"http:\/\/www.w3.org\/2000\/svg\" class=\"list-377408\" width=\"20px\" height=\"20px\" viewbox=\"0 0 24 24\" fill=\"none\"><path d=\"M6 6H4v2h2V6zm14 0H8v2h12V6zM4 11h2v2H4v-2zm16 0H8v2h12v-2zM4 16h2v2H4v-2zm16 0H8v2h12v-2z\" fill=\"currentColor\"><\/path><\/svg><svg style=\"fill: #999;color:#999\" class=\"arrow-unsorted-368013\" xmlns=\"http:\/\/www.w3.org\/2000\/svg\" width=\"10px\" height=\"10px\" viewbox=\"0 0 24 24\" version=\"1.2\" baseprofile=\"tiny\"><path d=\"M18.2 9.3l-6.2-6.3-6.2 6.3c-.2.2-.3.4-.3.7s.1.5.3.7c.2.2.4.3.7.3h11c.3 0 .5-.1.7-.3.2-.2.3-.5.3-.7s-.1-.5-.3-.7zM5.8 14.7l6.2 6.3 6.2-6.3c.2-.2.3-.5.3-.7s-.1-.5-.3-.7c-.2-.2-.4-.3-.7-.3h-11c-.3 0-.5.1-.7.3-.2.2-.3.5-.3.7s.1.5.3.7z\"\/><\/svg><\/span><\/span><\/span><\/a><\/span><\/div>\n<nav><ul class='ez-toc-list ez-toc-list-level-1 eztoc-toggle-hide-by-default' ><li class='ez-toc-page-1 ez-toc-heading-level-2'><a class=\"ez-toc-link ez-toc-heading-1\" href=\"https:\/\/coinkickoff.com\/sk\/how-to-buy-bitcoin\/how-to-buy-bitcoin-on-coinbase\/#How_to_Buy_Bitcoin_on_Coinbase\" >Ako k\u00fapi\u0165 Bitcoin na Coinbase<\/a><\/li><li class='ez-toc-page-1 ez-toc-heading-level-2'><a class=\"ez-toc-link ez-toc-heading-2\" href=\"https:\/\/coinkickoff.com\/sk\/how-to-buy-bitcoin\/how-to-buy-bitcoin-on-coinbase\/#A_Step-By-Step_Guide_on_How_to_Buy_Bitcoin_on_Coinbase\" >Sprievodca krok za krokom, ako si k\u00fapi\u0165 Bitcoin na Coinbase<\/a><ul class='ez-toc-list-level-3' ><li class='ez-toc-heading-level-3'><a class=\"ez-toc-link ez-toc-heading-3\" href=\"https:\/\/coinkickoff.com\/sk\/how-to-buy-bitcoin\/how-to-buy-bitcoin-on-coinbase\/#1_Register_an_Account\" >1. Zaregistrujte si \u00fa\u010det<\/a><\/li><li class='ez-toc-page-1 ez-toc-heading-level-3'><a class=\"ez-toc-link ez-toc-heading-4\" href=\"https:\/\/coinkickoff.com\/sk\/how-to-buy-bitcoin\/how-to-buy-bitcoin-on-coinbase\/#2_Verify_Your_Account\" >2. Overenie v\u00e1\u0161ho \u00fa\u010dtu<\/a><\/li><li class='ez-toc-page-1 ez-toc-heading-level-3'><a class=\"ez-toc-link ez-toc-heading-5\" href=\"https:\/\/coinkickoff.com\/sk\/how-to-buy-bitcoin\/how-to-buy-bitcoin-on-coinbase\/#3_Deposit_FundsCrypto\" >3. Vkladov\u00e9 fondy\/krypto<\/a><\/li><li class='ez-toc-page-1 ez-toc-heading-level-3'><a class=\"ez-toc-link ez-toc-heading-6\" href=\"https:\/\/coinkickoff.com\/sk\/how-to-buy-bitcoin\/how-to-buy-bitcoin-on-coinbase\/#4_Navigate_to_the_Relevant_Screen_to_Buy\" >4. Prejdite na pr\u00edslu\u0161n\u00fa obrazovku a nakupte<\/a><\/li><\/ul><\/li><\/ul><\/nav><\/div>\n<h2><span class=\"ez-toc-section\" id=\"How_to_Buy_Bitcoin_on_Coinbase\"><\/span><span style=\"font-weight: 400;\">Ako k\u00fapi\u0165 Bitcoin na Coinbase<\/span><span class=\"ez-toc-section-end\"><\/span><\/h2>\n<p><span style=\"font-weight: 400;\">Ak viete nie\u010do o <a href=\"https:\/\/coinkickoff.com\/sk\/bitcoin-btc\/\" data-internallinksmanager029f6b8e52c=\"1\" title=\"\u010co je Bitcoin (BTC)? Cena, hist\u00f3ria a kde k\u00fapi\u0165\">Bitcoin<\/a>, mo\u017eno ste u\u017e po\u010duli o <a href=\"https:\/\/coinkickoff.com\/sk\/coinbase-review\/\" data-internallinksmanager029f6b8e52c=\"142\" title=\"Coinbase Recenzie 2024: Funkcie, poplatky, bezpe\u010dnos\u0165, v\u00fdhody a nev\u00fdhody\">Coinbase<\/a>, jeden z hlavn\u00fdch <a href=\"https:\/\/coinkickoff.com\/sk\/crypto-exchanges\/\" data-internallinksmanager029f6b8e52c=\"141\" title=\"21 Najlep\u0161ie kryptomenov\u00e9 burzy a aplik\u00e1cie v roku 2024\">v\u00fdmeny kryptomien<\/a> na svete.<\/span><\/p>\n<p><span style=\"font-weight: 400;\">Coinbase je digit\u00e1lna burza so s\u00eddlom v USA, ktor\u00e1 je zn\u00e1ma svoj\u00edm jednoduch\u00fdm pou\u017e\u00edvan\u00edm a dodr\u017eiavan\u00edm z\u00e1konov a predpisov kraj\u00edn, v ktor\u00fdch p\u00f4sob\u00ed. V mori divok\u00fdch a \u010dasto neregulovan\u00fdch kryptob\u00farz zost\u00e1va maj\u00e1kom stability, a preto sa \u010dasto odpor\u00fa\u010da za\u010d\u00ednaj\u00facim obchodn\u00edkom ako d\u00f4veryhodn\u00e1 mo\u017enos\u0165.\u00a0<\/span><\/p>\n<p><span style=\"font-weight: 400;\">Ak chcete za\u010da\u0165 svoju vlastn\u00fa krypto cestu k\u00fapi\u0165 niektor\u00e9 BTC, <\/span><a href=\"https:\/\/coinkickoff.com\/sk\/coinbase-review\/\"><span style=\"font-weight: 400;\">Coinbase<\/span><\/a><span style=\"font-weight: 400;\"> je logickou vo\u013ebou. V tejto pr\u00edru\u010dke v\u00e1m vysvetl\u00edme, ako si k\u00fapi\u0165 Bitcoin na Coinbase s pokynmi krok za krokom.<\/span><\/p>\n<h2><span class=\"ez-toc-section\" id=\"A_Step-By-Step_Guide_on_How_to_Buy_Bitcoin_on_Coinbase\"><\/span><span style=\"font-weight: 400;\">Sprievodca krok za krokom, ako si k\u00fapi\u0165 Bitcoin na Coinbase<\/span><span class=\"ez-toc-section-end\"><\/span><\/h2>\n<h3><span class=\"ez-toc-section\" id=\"1_Register_an_Account\"><\/span><span style=\"font-weight: 400;\">1. Zaregistrujte si \u00fa\u010det<\/span><span class=\"ez-toc-section-end\"><\/span><\/h3>\n<h2><img loading=\"lazy\" decoding=\"async\" class=\"alignnone wp-image-3527 size-large\" style=\"font-size: 18px; font-family: Muli, sans-serif;\" src=\"https:\/\/coinkickoff.com\/wp-content\/uploads\/Screen-Shot-2023-03-30-at-7.13.25-AM-e1686183370122-1024x538.png\" alt=\"\" width=\"1024\" height=\"538\" srcset=\"https:\/\/coinkickoff.com\/wp-content\/uploads\/Screen-Shot-2023-03-30-at-7.13.25-AM-e1686183370122-1024x538.png 1024w, https:\/\/coinkickoff.com\/wp-content\/uploads\/Screen-Shot-2023-03-30-at-7.13.25-AM-e1686183370122-300x158.png 300w, https:\/\/coinkickoff.com\/wp-content\/uploads\/Screen-Shot-2023-03-30-at-7.13.25-AM-e1686183370122-768x404.png 768w, https:\/\/coinkickoff.com\/wp-content\/uploads\/Screen-Shot-2023-03-30-at-7.13.25-AM-e1686183370122-18x9.png 18w, https:\/\/coinkickoff.com\/wp-content\/uploads\/Screen-Shot-2023-03-30-at-7.13.25-AM-e1686183370122.png 1277w\" sizes=\"auto, (max-width: 1024px) 100vw, 1024px\" \/><\/h2>\n<p><span style=\"font-weight: 400;\">Najsk\u00f4r pou\u017eite n\u00e1\u0161 odkaz a prejdite na <\/span><a href=\"https:\/\/coinbase-consumer.sjv.io\/ORPoaG\" target=\"_blank\" rel=\"noopener\"><span style=\"font-weight: 400;\">Ofici\u00e1lna webov\u00e1 str\u00e1nka Coinbase<\/span><\/a><span style=\"font-weight: 400;\"> a otvorte si v\u00fdmenn\u00fd \u00fa\u010det.<\/span><\/p>\n<p><span style=\"font-weight: 400;\">Mus\u00edte sa zaregistrova\u0165 pod svoj\u00edm ofici\u00e1lnym menom. Ke\u010f\u017ee Coinbase uplat\u0148uje pr\u00edsnu politiku KYC, je d\u00f4le\u017eit\u00e9, aby sa va\u0161e osobn\u00e9 \u00fadaje pri prvej registr\u00e1cii zhodovali s va\u0161im ob\u010dianskym preukazom.<\/span><\/p>\n<p><span style=\"font-weight: 400;\">Po vyplnen\u00ed formul\u00e1ra kliknite na tla\u010didlo \"Vytvori\u0165 \u00fa\u010det\". Coinbase v\u00e1m za\u0161le e-mailom overovacie prepojenie. Kliknut\u00edm na odkaz overte svoju e-mailov\u00fa adresu.\u00a0<\/span><\/p>\n<p><span style=\"font-weight: 400;\">Coinbase tie\u017e vy\u017eaduje, aby ste potvrdili svoje mobiln\u00e9 \u010d\u00edslo, aby ste sa mohli prihl\u00e1si\u0165 do svojho \u00fa\u010dtu. Po v\u00fdzve zadajte svoje \u010d\u00edslice a na prihl\u00e1senie pou\u017eite prijat\u00fd SMS k\u00f3d.<\/span><\/p>\n<h3><span class=\"ez-toc-section\" id=\"2_Verify_Your_Account\"><\/span><span style=\"font-weight: 400;\">2. Overenie v\u00e1\u0161ho \u00fa\u010dtu<\/span><span class=\"ez-toc-section-end\"><\/span><\/h3>\n<p><span style=\"font-weight: 400;\">Overenie toto\u017enosti je na Coinbase povinn\u00e9. Na\u0161\u0165astie je to jednoduch\u00fd proces. Sta\u010d\u00ed klikn\u00fa\u0165 na tla\u010didlo \"Overi\u0165 toto\u017enos\u0165\", ktor\u00e9 sa zobraz\u00ed pri prvom prihl\u00e1sen\u00ed. <\/span><\/p>\n<p><img loading=\"lazy\" decoding=\"async\" class=\"alignnone wp-image-3526 size-large\" src=\"https:\/\/coinkickoff.com\/wp-content\/uploads\/Screen-Shot-2023-03-30-at-6.16.20-AM-e1683779340546-1024x470.png\" alt=\"\" width=\"1024\" height=\"470\" srcset=\"https:\/\/coinkickoff.com\/wp-content\/uploads\/Screen-Shot-2023-03-30-at-6.16.20-AM-e1683779340546-1024x470.png 1024w, https:\/\/coinkickoff.com\/wp-content\/uploads\/Screen-Shot-2023-03-30-at-6.16.20-AM-e1683779340546-300x138.png 300w, https:\/\/coinkickoff.com\/wp-content\/uploads\/Screen-Shot-2023-03-30-at-6.16.20-AM-e1683779340546-768x352.png 768w, https:\/\/coinkickoff.com\/wp-content\/uploads\/Screen-Shot-2023-03-30-at-6.16.20-AM-e1683779340546-18x8.png 18w, https:\/\/coinkickoff.com\/wp-content\/uploads\/Screen-Shot-2023-03-30-at-6.16.20-AM-e1683779340546.png 1389w\" sizes=\"auto, (max-width: 1024px) 100vw, 1024px\" \/><\/p>\n<p><span style=\"font-weight: 400;\">Ak ste omylom zatvorili vyskakovacie okno s upozornen\u00edm na overenie, neznepokojujte sa. Jednoduch\u00fdm kliknut\u00edm na kartu \"N\u00e1kup a predaj\" zv\u00fdraznen\u00fa modrou farbou spust\u00edte \u010fal\u0161iu \u017eiados\u0165 o overenie. M\u00f4\u017eete tie\u017e klikn\u00fa\u0165 na ikonu svojho profilu a prejs\u0165 na kartu \"Overenie\", \u010d\u00edm manu\u00e1lne spust\u00edte proces.<\/span><\/p>\n<p><img loading=\"lazy\" decoding=\"async\" class=\"alignnone wp-image-3525 size-full\" src=\"https:\/\/coinkickoff.com\/wp-content\/uploads\/Screen-Shot-2023-03-30-at-6.15.03-AM-e1683779367919.png\" alt=\"\" width=\"1436\" height=\"806\" srcset=\"https:\/\/coinkickoff.com\/wp-content\/uploads\/Screen-Shot-2023-03-30-at-6.15.03-AM-e1683779367919.png 1436w, https:\/\/coinkickoff.com\/wp-content\/uploads\/Screen-Shot-2023-03-30-at-6.15.03-AM-e1683779367919-300x168.png 300w, https:\/\/coinkickoff.com\/wp-content\/uploads\/Screen-Shot-2023-03-30-at-6.15.03-AM-e1683779367919-1024x575.png 1024w, https:\/\/coinkickoff.com\/wp-content\/uploads\/Screen-Shot-2023-03-30-at-6.15.03-AM-e1683779367919-768x431.png 768w, https:\/\/coinkickoff.com\/wp-content\/uploads\/Screen-Shot-2023-03-30-at-6.15.03-AM-e1683779367919-18x10.png 18w, https:\/\/coinkickoff.com\/wp-content\/uploads\/Screen-Shot-2023-03-30-at-6.15.03-AM-e1683779367919-600x338.png 600w\" sizes=\"auto, (max-width: 1436px) 100vw, 1436px\" \/><\/p>\n<p><span style=\"font-weight: 400;\">Coinbase v\u00e1m poskytne podrobn\u00fd dotazn\u00edk na vyplnenie. Uistite sa, \u017ee ste formul\u00e1r vyplnili s presn\u00fdmi inform\u00e1ciami. Nepresn\u00e9 alebo ch\u00fdbaj\u00face inform\u00e1cie m\u00f4\u017eu sp\u00f4sobi\u0165 oneskorenie schv\u00e1lenia v\u00e1\u0161ho overenia.\u00a0\u00a0<\/span><\/p>\n<p><span style=\"font-weight: 400;\">Po vyplnen\u00ed formul\u00e1ra nahrajte do platformy ofici\u00e1lny preukaz toto\u017enosti s fotografiou, napr\u00edklad stranu pasu alebo vodi\u010dsk\u00fd preukaz. Overenie zvy\u010dajne trv\u00e1 nieko\u013eko min\u00fat a po jeho dokon\u010den\u00ed budete m\u00f4c\u0165 vlo\u017ei\u0165 finan\u010dn\u00e9 prostriedky a k\u00fapi\u0165 BTC.<\/span><\/p>\n<h3><span class=\"ez-toc-section\" id=\"3_Deposit_FundsCrypto\"><\/span><span style=\"font-weight: 400;\">3. Vkladov\u00e9 fondy\/krypto<\/span><span class=\"ez-toc-section-end\"><\/span><\/h3>\n<p><span style=\"font-weight: 400;\">\u010eal\u0161\u00edm krokom je pridanie sp\u00f4sobu platby do v\u00e1\u0161ho \u00fa\u010dtu Coinbase. Kliknut\u00edm na ikonu svojho profilu (v pravom hornom rohu) prejdite do nastaven\u00ed svojho \u00fa\u010dtu. <\/span><\/p>\n<p><img loading=\"lazy\" decoding=\"async\" class=\"alignnone wp-image-3521 size-full\" src=\"https:\/\/coinkickoff.com\/wp-content\/uploads\/Screen-Shot-2023-03-29-at-10.44.01-PM-e1683779393247.png\" alt=\"\" width=\"1396\" height=\"673\" srcset=\"https:\/\/coinkickoff.com\/wp-content\/uploads\/Screen-Shot-2023-03-29-at-10.44.01-PM-e1683779393247.png 1396w, https:\/\/coinkickoff.com\/wp-content\/uploads\/Screen-Shot-2023-03-29-at-10.44.01-PM-e1683779393247-300x145.png 300w, https:\/\/coinkickoff.com\/wp-content\/uploads\/Screen-Shot-2023-03-29-at-10.44.01-PM-e1683779393247-1024x494.png 1024w, https:\/\/coinkickoff.com\/wp-content\/uploads\/Screen-Shot-2023-03-29-at-10.44.01-PM-e1683779393247-768x370.png 768w, https:\/\/coinkickoff.com\/wp-content\/uploads\/Screen-Shot-2023-03-29-at-10.44.01-PM-e1683779393247-18x9.png 18w\" sizes=\"auto, (max-width: 1396px) 100vw, 1396px\" \/><\/p>\n<p><span style=\"font-weight: 400;\">Kliknite na kartu \"Sp\u00f4soby platby\".<\/span><\/p>\n<p><img loading=\"lazy\" decoding=\"async\" class=\"alignnone wp-image-3522 size-full\" src=\"https:\/\/coinkickoff.com\/wp-content\/uploads\/Screen-Shot-2023-03-29-at-10.44.08-PM-e1683779417928.png\" alt=\"\" width=\"1414\" height=\"719\" srcset=\"https:\/\/coinkickoff.com\/wp-content\/uploads\/Screen-Shot-2023-03-29-at-10.44.08-PM-e1683779417928.png 1414w, https:\/\/coinkickoff.com\/wp-content\/uploads\/Screen-Shot-2023-03-29-at-10.44.08-PM-e1683779417928-300x153.png 300w, https:\/\/coinkickoff.com\/wp-content\/uploads\/Screen-Shot-2023-03-29-at-10.44.08-PM-e1683779417928-1024x521.png 1024w, https:\/\/coinkickoff.com\/wp-content\/uploads\/Screen-Shot-2023-03-29-at-10.44.08-PM-e1683779417928-768x391.png 768w, https:\/\/coinkickoff.com\/wp-content\/uploads\/Screen-Shot-2023-03-29-at-10.44.08-PM-e1683779417928-18x9.png 18w\" sizes=\"auto, (max-width: 1414px) 100vw, 1414px\" \/><\/p>\n<p><span style=\"font-weight: 400;\">Teraz stla\u010dte tla\u010didlo \"Prida\u0165 sp\u00f4sob platby\", aby ste videli svoje mo\u017enosti.<\/span><\/p>\n<p><img loading=\"lazy\" decoding=\"async\" class=\"alignnone wp-image-3523 size-full\" src=\"https:\/\/coinkickoff.com\/wp-content\/uploads\/Screen-Shot-2023-03-29-at-10.44.22-PM-e1683779442560.png\" alt=\"\" width=\"1403\" height=\"737\" srcset=\"https:\/\/coinkickoff.com\/wp-content\/uploads\/Screen-Shot-2023-03-29-at-10.44.22-PM-e1683779442560.png 1403w, https:\/\/coinkickoff.com\/wp-content\/uploads\/Screen-Shot-2023-03-29-at-10.44.22-PM-e1683779442560-300x158.png 300w, https:\/\/coinkickoff.com\/wp-content\/uploads\/Screen-Shot-2023-03-29-at-10.44.22-PM-e1683779442560-1024x538.png 1024w, https:\/\/coinkickoff.com\/wp-content\/uploads\/Screen-Shot-2023-03-29-at-10.44.22-PM-e1683779442560-768x403.png 768w, https:\/\/coinkickoff.com\/wp-content\/uploads\/Screen-Shot-2023-03-29-at-10.44.22-PM-e1683779442560-18x9.png 18w\" sizes=\"auto, (max-width: 1403px) 100vw, 1403px\" \/><\/p>\n<p><span style=\"font-weight: 400;\">Sp\u00f4soby platby sa v jednotliv\u00fdch krajin\u00e1ch l\u00ed\u0161ia. Pou\u017e\u00edvatelia z USA m\u00f4\u017eu jednoducho pripoji\u0165 svoj americk\u00fd bankov\u00fd \u00fa\u010det k platforme a uskuto\u010d\u0148ova\u0165 vklady vo fiat mene. Pou\u017e\u00edvatelia so s\u00eddlom v Eur\u00f3pe m\u00f4\u017eu pou\u017e\u00edva\u0165 aj SEPA a bankov\u00e9 prevody.<\/span><\/p>\n<p><span style=\"font-weight: 400;\">Najbe\u017enej\u0161\u00edmi platobn\u00fdmi met\u00f3dami, ktor\u00e9 m\u00f4\u017ee pou\u017e\u00edva\u0165 takmer ka\u017ed\u00fd, s\u00fa debetn\u00e9 a kreditn\u00e9 karty. N\u00e1kup digit\u00e1lnych akt\u00edv pomocou debetn\u00fdch a kreditn\u00fdch kariet je ve\u013emi jednoduch\u00fd a r\u00fdchly. Bohu\u017eia\u013e, jednou z nev\u00fdhod s\u00fa dodato\u010dn\u00e9 poplatky za spracovanie platieb. Zvy\u010dajne si Coinbase \u00fa\u010dtuje poplatok 3-5% za v\u0161etky n\u00e1kupy kreditn\u00fdmi a debetn\u00fdmi coin kartami.<\/span><\/p>\n<p><span style=\"font-weight: 400;\">Kliknite na met\u00f3du, ktor\u00fa chcete pou\u017ei\u0165. Ak si vyberiete bankov\u00e9 prevody, postupujte pod\u013ea pokynov na obrazovke a prepojte svoj bankov\u00fd \u00fa\u010det s \u00fa\u010dtom Coinbase.<\/span><\/p>\n<p><span style=\"font-weight: 400;\">M\u00f4\u017eete si tie\u017e vybra\u0165 mo\u017enos\u0165 kreditnej\/debetnej karty a postupova\u0165 pod\u013ea ni\u017e\u0161ie uveden\u00fdch pokynov.<\/span><\/p>\n<p><img loading=\"lazy\" decoding=\"async\" class=\"alignnone wp-image-3524 size-full\" src=\"https:\/\/coinkickoff.com\/wp-content\/uploads\/Screen-Shot-2023-03-29-at-10.44.29-PM-e1683779464552.png\" alt=\"\" width=\"1407\" height=\"730\" srcset=\"https:\/\/coinkickoff.com\/wp-content\/uploads\/Screen-Shot-2023-03-29-at-10.44.29-PM-e1683779464552.png 1407w, https:\/\/coinkickoff.com\/wp-content\/uploads\/Screen-Shot-2023-03-29-at-10.44.29-PM-e1683779464552-300x156.png 300w, https:\/\/coinkickoff.com\/wp-content\/uploads\/Screen-Shot-2023-03-29-at-10.44.29-PM-e1683779464552-1024x531.png 1024w, https:\/\/coinkickoff.com\/wp-content\/uploads\/Screen-Shot-2023-03-29-at-10.44.29-PM-e1683779464552-768x398.png 768w, https:\/\/coinkickoff.com\/wp-content\/uploads\/Screen-Shot-2023-03-29-at-10.44.29-PM-e1683779464552-18x9.png 18w\" sizes=\"auto, (max-width: 1407px) 100vw, 1407px\" \/><\/p>\n<p><span style=\"font-weight: 400;\">Najprv zadajte svoje meno, ako je uveden\u00e9 na karte. Upozor\u0148ujeme, \u017ee meno na karte sa mus\u00ed zhodova\u0165 s va\u0161\u00edm ofici\u00e1lnym menom uveden\u00fdm v ob\u010dianskom preukaze. Zadajte \u010d\u00edslo karty, d\u00e1tum skon\u010denia platnosti a va\u0161e CVC. CVC je zvy\u010dajne trojmiestny k\u00f3d nap\u00edsan\u00fd na zadnej strane va\u0161ej karty. Nakoniec zadajte svoje po\u0161tov\u00e9 smerovacie \u010d\u00edslo a stla\u010dte tla\u010didlo \"Prida\u0165 kartu\".<\/span><\/p>\n<h3><span class=\"ez-toc-section\" id=\"4_Navigate_to_the_Relevant_Screen_to_Buy\"><\/span><span style=\"font-weight: 400;\">4. Prejdite na pr\u00edslu\u0161n\u00fa obrazovku a nakupte<\/span><span class=\"ez-toc-section-end\"><\/span><\/h3>\n<p><span style=\"font-weight: 400;\">Prejdite na domovsk\u00fa str\u00e1nku a kliknite na tla\u010didlo \"K\u00fapi\u0165 a preda\u0165\" zv\u00fdraznen\u00e9 modrou farbou. T\u00fdm sa otvor\u00ed formul\u00e1r na n\u00e1kup jedn\u00fdm kliknut\u00edm. <\/span><\/p>\n<p><img loading=\"lazy\" decoding=\"async\" class=\"alignnone wp-image-3811 size-full\" src=\"https:\/\/coinkickoff.com\/wp-content\/uploads\/Screen-Shot-2023-06-08-at-3.20.32-AM-1-e1686183860887.png\" alt=\"ako k\u00fapi\u0165 shiba inu na coinbase\" width=\"1295\" height=\"655\" \/><\/p>\n<p><span style=\"font-weight: 400;\">Jednoducho zadajte sumu, ktor\u00fa chcete min\u00fa\u0165. Widget n\u00e1kupu je predvolene nastaven\u00fd na BTC, ale m\u00f4\u017eete ho zmeni\u0165 na in\u00e9 digit\u00e1lne akt\u00edva kliknut\u00edm na \u0161\u00edpku ved\u013ea neho.<\/span><\/p>\n<p><span style=\"font-weight: 400;\">Kliknite na pol\u00ed\u010dko \"Plati\u0165 kartou\" a ako sp\u00f4sob platby vyberte kreditn\u00fa alebo debetn\u00fa kartu.<\/span><\/p>\n<p><span style=\"font-weight: 400;\">Ak sa pozriete pod zadan\u00fa sumu, v\u0161imnete si \u010fal\u0161ie pol\u00ed\u010dko s n\u00e1pisom \"Jednorazov\u00fd n\u00e1kup\". Op\u00e4\u0165 je to predvolen\u00e9 nastavenie, ale m\u00f4\u017eete ho zmeni\u0165 tak, aby pre v\u00e1s Coinbase vykon\u00e1vala automatick\u00e9 opakovan\u00e9 n\u00e1kupy ka\u017ed\u00fd t\u00fd\u017ede\u0148 alebo ka\u017ed\u00fd mesiac.\u00a0<\/span><\/p>\n<p><span style=\"font-weight: 400;\">Po vyplnen\u00ed formul\u00e1ra kliknite na tla\u010didlo \"Preview Buy\". <\/span><\/p>\n<p><img loading=\"lazy\" decoding=\"async\" class=\"alignnone wp-image-3519 size-full\" src=\"https:\/\/coinkickoff.com\/wp-content\/uploads\/Screen-Shot-2023-03-29-at-10.39.23-PM-e1683779487708.png\" alt=\"ako k\u00fapi\u0165 dogecoin na coinbaseAko k\u00fapi\u0165 Bitcoin na Coinbase\" width=\"1439\" height=\"763\" srcset=\"https:\/\/coinkickoff.com\/wp-content\/uploads\/Screen-Shot-2023-03-29-at-10.39.23-PM-e1683779487708.png 1439w, https:\/\/coinkickoff.com\/wp-content\/uploads\/Screen-Shot-2023-03-29-at-10.39.23-PM-e1683779487708-300x159.png 300w, https:\/\/coinkickoff.com\/wp-content\/uploads\/Screen-Shot-2023-03-29-at-10.39.23-PM-e1683779487708-1024x543.png 1024w, https:\/\/coinkickoff.com\/wp-content\/uploads\/Screen-Shot-2023-03-29-at-10.39.23-PM-e1683779487708-768x407.png 768w, https:\/\/coinkickoff.com\/wp-content\/uploads\/Screen-Shot-2023-03-29-at-10.39.23-PM-e1683779487708-18x10.png 18w\" sizes=\"auto, (max-width: 1439px) 100vw, 1439px\" \/><\/p>\n<p><span style=\"font-weight: 400;\">Coinbase zobraz\u00ed sumu BTC, ktor\u00fa dostanete, ako aj v\u0161etky poplatky, ktor\u00e9 v\u00e1m bud\u00fa \u00fa\u010dtovan\u00e9. Ak ste s objedn\u00e1vkou spokojn\u00ed, m\u00f4\u017eete ju dokon\u010di\u0165 kliknut\u00edm na tla\u010didlo \"K\u00fapi\u0165 teraz\".\u00a0<\/span><\/p>","protected":false},"excerpt":{"rendered":"<p>Ako k\u00fapi\u0165 Bitcoin na Coinbase Ak viete nie\u010do o Bitcoin, mo\u017eno ste u\u017e po\u010duli o Coinbase, jednej z popredn\u00fdch b\u00farz kryptomien na svete. Coinbase je digit\u00e1lna burza so s\u00eddlom v USA, ktor\u00e1 je zn\u00e1ma svoj\u00edm jednoduch\u00fdm pou\u017e\u00edvan\u00edm a dodr\u017eiavan\u00edm z\u00e1konov a predpisov kraj\u00edn, v ktor\u00fdch p\u00f4sob\u00ed. [...]<\/p>","protected":false},"author":3,"featured_media":0,"parent":3885,"menu_order":0,"comment_status":"closed","ping_status":"closed","template":"","meta":{"_genesis_hide_title":false,"_genesis_hide_breadcrumbs":false,"_genesis_hide_singular_image":false,"_genesis_hide_footer_widgets":false,"_genesis_custom_body_class":"","_genesis_custom_post_class":"","_genesis_layout":"","_glsr_average":0,"_glsr_ranking":0,"_glsr_reviews":0,"footnotes":""},"class_list":{"0":"post-3899","1":"page","2":"type-page","3":"status-publish","5":"entry"},"featured_image_src":null,"featured_image_src_square":null,"_links":{"self":[{"href":"https:\/\/coinkickoff.com\/sk\/wp-json\/wp\/v2\/pages\/3899","targetHints":{"allow":["GET"]}}],"collection":[{"href":"https:\/\/coinkickoff.com\/sk\/wp-json\/wp\/v2\/pages"}],"about":[{"href":"https:\/\/coinkickoff.com\/sk\/wp-json\/wp\/v2\/types\/page"}],"author":[{"embeddable":true,"href":"https:\/\/coinkickoff.com\/sk\/wp-json\/wp\/v2\/users\/3"}],"replies":[{"embeddable":true,"href":"https:\/\/coinkickoff.com\/sk\/wp-json\/wp\/v2\/comments?post=3899"}],"version-history":[{"count":1,"href":"https:\/\/coinkickoff.com\/sk\/wp-json\/wp\/v2\/pages\/3899\/revisions"}],"predecessor-version":[{"id":3900,"href":"https:\/\/coinkickoff.com\/sk\/wp-json\/wp\/v2\/pages\/3899\/revisions\/3900"}],"up":[{"embeddable":true,"href":"https:\/\/coinkickoff.com\/sk\/wp-json\/wp\/v2\/pages\/3885"}],"wp:attachment":[{"href":"https:\/\/coinkickoff.com\/sk\/wp-json\/wp\/v2\/media?parent=3899"}],"curies":[{"name":"wp","href":"https:\/\/api.w.org\/{rel}","templated":true}]}}