{"id":3877,"date":"2026-01-08T14:06:52","date_gmt":"2026-01-08T14:06:52","guid":{"rendered":"https:\/\/coinkickoff.com\/?page_id=3877"},"modified":"2026-01-08T14:06:52","modified_gmt":"2026-01-08T14:06:52","slug":"how-to-buy-shiba-inu-on-kraken","status":"publish","type":"page","link":"https:\/\/coinkickoff.com\/sk\/how-to-buy-shiba-inu\/how-to-buy-shiba-inu-on-kraken\/","title":{"rendered":"Ako k\u00fapi\u0165 Shiba Inu na Krakene"},"content":{"rendered":"<div id=\"ez-toc-container\" class=\"ez-toc-v2_0_80 counter-hierarchy ez-toc-counter ez-toc-transparent ez-toc-container-direction\">\n<div class=\"ez-toc-title-container\">\n<p class=\"ez-toc-title\" style=\"cursor:inherit\">Sekcie<\/p>\n<span class=\"ez-toc-title-toggle\"><a href=\"#\" class=\"ez-toc-pull-right ez-toc-btn ez-toc-btn-xs ez-toc-btn-default ez-toc-toggle\" aria-label=\"Prep\u00ednanie tabu\u013eky obsahu\"><span class=\"ez-toc-js-icon-con\"><span class=\"\"><span class=\"eztoc-hide\" style=\"display:none;\">Prep\u00edna\u010d<\/span><span class=\"ez-toc-icon-toggle-span\"><svg style=\"fill: #999;color:#999\" xmlns=\"http:\/\/www.w3.org\/2000\/svg\" class=\"list-377408\" width=\"20px\" height=\"20px\" viewbox=\"0 0 24 24\" fill=\"none\"><path d=\"M6 6H4v2h2V6zm14 0H8v2h12V6zM4 11h2v2H4v-2zm16 0H8v2h12v-2zM4 16h2v2H4v-2zm16 0H8v2h12v-2z\" fill=\"currentColor\"><\/path><\/svg><svg style=\"fill: #999;color:#999\" class=\"arrow-unsorted-368013\" xmlns=\"http:\/\/www.w3.org\/2000\/svg\" width=\"10px\" height=\"10px\" viewbox=\"0 0 24 24\" version=\"1.2\" baseprofile=\"tiny\"><path d=\"M18.2 9.3l-6.2-6.3-6.2 6.3c-.2.2-.3.4-.3.7s.1.5.3.7c.2.2.4.3.7.3h11c.3 0 .5-.1.7-.3.2-.2.3-.5.3-.7s-.1-.5-.3-.7zM5.8 14.7l6.2 6.3 6.2-6.3c.2-.2.3-.5.3-.7s-.1-.5-.3-.7c-.2-.2-.4-.3-.7-.3h-11c-.3 0-.5.1-.7.3-.2.2-.3.5-.3.7s.1.5.3.7z\"\/><\/svg><\/span><\/span><\/span><\/a><\/span><\/div>\n<nav><ul class='ez-toc-list ez-toc-list-level-1 eztoc-toggle-hide-by-default' ><li class='ez-toc-page-1 ez-toc-heading-level-2'><a class=\"ez-toc-link ez-toc-heading-1\" href=\"https:\/\/coinkickoff.com\/sk\/how-to-buy-shiba-inu\/how-to-buy-shiba-inu-on-kraken\/#How_to_Buy_Shiba_Inu_on_Kraken_Exchange\" >Ako k\u00fapi\u0165 Shiba Inu na burze Kraken<\/a><\/li><li class='ez-toc-page-1 ez-toc-heading-level-2'><a class=\"ez-toc-link ez-toc-heading-2\" href=\"https:\/\/coinkickoff.com\/sk\/how-to-buy-shiba-inu\/how-to-buy-shiba-inu-on-kraken\/#A_Step-By-Step_Guide_on_How_to_Buy_Shiba_Inu_on_Kraken\" >Sprievodca krok za krokom, ako k\u00fapi\u0165 Shiba Inu na Krakene<\/a><ul class='ez-toc-list-level-3' ><li class='ez-toc-heading-level-3'><a class=\"ez-toc-link ez-toc-heading-3\" href=\"https:\/\/coinkickoff.com\/sk\/how-to-buy-shiba-inu\/how-to-buy-shiba-inu-on-kraken\/#1_Register_an_Account_on_Kraken\" >1. Zaregistrujte si \u00fa\u010det na Kraken<\/a><\/li><li class='ez-toc-page-1 ez-toc-heading-level-3'><a class=\"ez-toc-link ez-toc-heading-4\" href=\"https:\/\/coinkickoff.com\/sk\/how-to-buy-shiba-inu\/how-to-buy-shiba-inu-on-kraken\/#2_Verify_Your_Account\" >2. Overenie v\u00e1\u0161ho \u00fa\u010dtu<\/a><\/li><li class='ez-toc-page-1 ez-toc-heading-level-3'><a class=\"ez-toc-link ez-toc-heading-5\" href=\"https:\/\/coinkickoff.com\/sk\/how-to-buy-shiba-inu\/how-to-buy-shiba-inu-on-kraken\/#3_Enable_2FA\" >3. Povolenie 2FA<\/a><\/li><li class='ez-toc-page-1 ez-toc-heading-level-3'><a class=\"ez-toc-link ez-toc-heading-6\" href=\"https:\/\/coinkickoff.com\/sk\/how-to-buy-shiba-inu\/how-to-buy-shiba-inu-on-kraken\/#4_Add_an_Instant_Payment_Method\" >4. Pridanie met\u00f3dy okam\u017eitej platby<\/a><\/li><li class='ez-toc-page-1 ez-toc-heading-level-3'><a class=\"ez-toc-link ez-toc-heading-7\" href=\"https:\/\/coinkickoff.com\/sk\/how-to-buy-shiba-inu\/how-to-buy-shiba-inu-on-kraken\/#4_Navigate_to_the_Relevant_Screen_to_Buy\" >4. Prejdite na pr\u00edslu\u0161n\u00fa obrazovku a nakupte<\/a><\/li><\/ul><\/li><\/ul><\/nav><\/div>\n<h2><span class=\"ez-toc-section\" id=\"How_to_Buy_Shiba_Inu_on_Kraken_Exchange\"><\/span><span style=\"font-weight: 400;\">Ako k\u00fapi\u0165 Shiba Inu na burze Kraken<\/span><span class=\"ez-toc-section-end\"><\/span><\/h2>\n<p><span style=\"font-weight: 400;\">Rovnako ako v\u00e4\u010d\u0161ina kryptomien, <a href=\"https:\/\/coinkickoff.com\/sk\/shiba-inu-shib\/\">Shiba Inu (SHIB)<\/a> je \u0161pekulat\u00edvne akt\u00edvum: jeho cena m\u00f4\u017ee st\u00fapa\u0165 a klesa\u0165 v z\u00e1vislosti od rozmarov celebr\u00edt, market\u00e9rov a dokonca aj koment\u00e1torov na Reddite. Ako meme coin bez pr\u00edpadu pou\u017eitia, <a href=\"https:\/\/coinkickoff.com\/sk\/shiba-inu-shib\/\" data-internallinksmanager029f6b8e52c=\"16\" title=\"\u010co je Shiba Inu (SHIB)? Ako funguje a kde ho k\u00fapi\u0165?\">SHIB<\/a> je obzvl\u00e1\u0161\u0165 citliv\u00e1 na ve\u013ek\u00e9 a n\u00e1hle v\u00fdkyvy cien, \u010do ju rob\u00ed potenci\u00e1lne v\u00fdnosnou a rizikovou.<\/span><\/p>\n<p><span style=\"font-weight: 400;\">SHIB si m\u00f4\u017eete k\u00fapi\u0165 na nieko\u013ek\u00fdch <a href=\"https:\/\/coinkickoff.com\/sk\/crypto-exchanges\/\" data-internallinksmanager029f6b8e52c=\"141\" title=\"21 Najlep\u0161ie kryptomenov\u00e9 burzy a aplik\u00e1cie v roku 2024\">kryptografick\u00e9 burzy<\/a>, v\u010faka svojej popularite. V tomto n\u00e1vode v\u00e1m vysvetl\u00edme, ako si k\u00fapi\u0165 Shiba Inu na <a href=\"https:\/\/coinkickoff.com\/sk\/kraken-review\/\">Kraken<\/a>, veter\u00e1nska burza so s\u00eddlom v USA, ktor\u00e1 je zn\u00e1ma svojimi vysok\u00fdmi bezpe\u010dnostn\u00fdmi \u0161tandardmi.<\/span><\/p>\n<h2><span class=\"ez-toc-section\" id=\"A_Step-By-Step_Guide_on_How_to_Buy_Shiba_Inu_on_Kraken\"><\/span><span style=\"font-weight: 400;\">Sprievodca krok za krokom, ako k\u00fapi\u0165 Shiba Inu na Krakene<\/span><span class=\"ez-toc-section-end\"><\/span><\/h2>\n<h3><span class=\"ez-toc-section\" id=\"1_Register_an_Account_on_Kraken\"><\/span><span style=\"font-weight: 400;\">1. Zaregistrujte si \u00fa\u010det na Kraken<\/span><span class=\"ez-toc-section-end\"><\/span><\/h3>\n<p><img loading=\"lazy\" decoding=\"async\" class=\"alignnone wp-image-3406 size-full\" src=\"https:\/\/coinkickoff.com\/wp-content\/uploads\/kraken1-e1682502957481.png\" alt=\"ako k\u00fapi\u0165 Dogecoin na Kraken\" width=\"1339\" height=\"763\" srcset=\"https:\/\/coinkickoff.com\/wp-content\/uploads\/kraken1-e1682502957481.png 1339w, https:\/\/coinkickoff.com\/wp-content\/uploads\/kraken1-e1682502957481-300x171.png 300w, https:\/\/coinkickoff.com\/wp-content\/uploads\/kraken1-e1682502957481-1024x584.png 1024w, https:\/\/coinkickoff.com\/wp-content\/uploads\/kraken1-e1682502957481-768x438.png 768w, https:\/\/coinkickoff.com\/wp-content\/uploads\/kraken1-e1682502957481-18x10.png 18w\" sizes=\"auto, (max-width: 1339px) 100vw, 1339px\" \/><\/p>\n<p><span style=\"font-weight: 400;\">Po prv\u00e9: Prejdite na <a href=\"https:\/\/coinkickoff.com\/sk\/kraken-review\/\" data-internallinksmanager029f6b8e52c=\"171\" title=\"Recenzie Kraken 2023: Poplatky, funkcie, bezpe\u010dnos\u0165, v\u00fdhody a nev\u00fdhody\">Kraken<\/a>na ofici\u00e1lnej webovej str\u00e1nke a vytvorte si konto. Vypl\u0148te registra\u010dn\u00fd formul\u00e1r a zadajte v\u0161etky potrebn\u00e9 inform\u00e1cie. Uistite sa, \u017ee ste zadali platn\u00fd e-mail: Kraken v\u00e1m na jeho z\u00e1klade po\u0161le aktiva\u010dn\u00fd odkaz.<\/span><\/p>\n<h3><span class=\"ez-toc-section\" id=\"2_Verify_Your_Account\"><\/span><span style=\"font-weight: 400;\">2. Overenie v\u00e1\u0161ho \u00fa\u010dtu<\/span><span class=\"ez-toc-section-end\"><\/span><\/h3>\n<p><span style=\"font-weight: 400;\">Po prihl\u00e1sen\u00ed je potrebn\u00e9 dokon\u010di\u0165 overenie toto\u017enosti. Spolo\u010dnos\u0165 Kraken je pri overovan\u00ed toto\u017enosti dos\u0165 pr\u00edsna, tak\u017ee tento krok nem\u00f4\u017eete presko\u010di\u0165. V skuto\u010dnosti hne\u010f, ako sa pok\u00fasite klikn\u00fa\u0165 na kartu \"Buy Crypto\" (K\u00fapi\u0165 kryptografiu) v hornej \u010dasti ovl\u00e1dacieho panela, budete vyzvan\u00ed na overenie svojej toto\u017enosti.<\/span><\/p>\n<p><img loading=\"lazy\" decoding=\"async\" class=\"alignnone wp-image-3407 size-full\" src=\"https:\/\/coinkickoff.com\/wp-content\/uploads\/kraken2-e1686524781685.png\" alt=\"Upozornenie na overenie krakena\" width=\"1360\" height=\"791\" srcset=\"https:\/\/coinkickoff.com\/wp-content\/uploads\/kraken2-e1686524781685.png 1360w, https:\/\/coinkickoff.com\/wp-content\/uploads\/kraken2-e1686524781685-300x174.png 300w, https:\/\/coinkickoff.com\/wp-content\/uploads\/kraken2-e1686524781685-1024x596.png 1024w, https:\/\/coinkickoff.com\/wp-content\/uploads\/kraken2-e1686524781685-768x447.png 768w, https:\/\/coinkickoff.com\/wp-content\/uploads\/kraken2-e1686524781685-18x10.png 18w\" sizes=\"auto, (max-width: 1360px) 100vw, 1360px\" \/><\/p>\n<p><span style=\"font-weight: 400;\">Overovac\u00ed syst\u00e9m spolo\u010dnosti Kraken je celkom \u0161tandardn\u00fd: mus\u00edte zada\u0165 svoje meno, adresu a osobn\u00e9 \u00fadaje a nahra\u0165 doklady toto\u017enosti.<\/span><\/p>\n<p><img loading=\"lazy\" decoding=\"async\" class=\"alignnone wp-image-3408 size-full\" src=\"https:\/\/coinkickoff.com\/wp-content\/uploads\/kraken3-e1682503223180.png\" alt=\"\" width=\"1375\" height=\"777\" srcset=\"https:\/\/coinkickoff.com\/wp-content\/uploads\/kraken3-e1682503223180.png 1375w, https:\/\/coinkickoff.com\/wp-content\/uploads\/kraken3-e1682503223180-300x170.png 300w, https:\/\/coinkickoff.com\/wp-content\/uploads\/kraken3-e1682503223180-1024x579.png 1024w, https:\/\/coinkickoff.com\/wp-content\/uploads\/kraken3-e1682503223180-768x434.png 768w, https:\/\/coinkickoff.com\/wp-content\/uploads\/kraken3-e1682503223180-18x10.png 18w, https:\/\/coinkickoff.com\/wp-content\/uploads\/kraken3-e1682503223180-600x338.png 600w\" sizes=\"auto, (max-width: 1375px) 100vw, 1375px\" \/><\/p>\n<p><span style=\"font-weight: 400;\">Zadajte v\u0161etky potrebn\u00e9 inform\u00e1cie a kliknite na tla\u010didlo \"Pokra\u010dova\u0165\". Po v\u00fdzve nahrajte potrebn\u00e9 dokumenty. Proces m\u00f4\u017eete dokon\u010di\u0165 v priebehu nieko\u013ek\u00fdch min\u00fat.\u00a0<\/span><\/p>\n<h3><span class=\"ez-toc-section\" id=\"3_Enable_2FA\"><\/span><span style=\"font-weight: 400;\">3. Povolenie 2FA<\/span><span class=\"ez-toc-section-end\"><\/span><\/h3>\n<p><span style=\"font-weight: 400;\">Ke\u010f sa stanete overen\u00fdm pou\u017e\u00edvate\u013eom, m\u00f4\u017eete na Kraken vklada\u0165 finan\u010dn\u00e9 prostriedky. Pred ulo\u017een\u00edm finan\u010dn\u00fdch prostriedkov na svoj \u00fa\u010det je v\u0161ak rozumn\u00e9 zapn\u00fa\u0165 dvojfaktorov\u00fa autentifik\u00e1ciu (2FA). Funkcia 2FA zni\u017euje pravdepodobnos\u0165 odcudzenia v\u00e1\u0161ho \u00fa\u010dtu (a finan\u010dn\u00fdch prostriedkov).<\/span><\/p>\n<p><span style=\"font-weight: 400;\">Kliknite na svoje pou\u017e\u00edvate\u013esk\u00e9 meno zobrazen\u00e9 v pravom hornom rohu obrazovky a prejdite na nastavenia 2FA.<\/span><\/p>\n<p><img loading=\"lazy\" decoding=\"async\" class=\"alignnone wp-image-3409 size-full\" src=\"https:\/\/coinkickoff.com\/wp-content\/uploads\/kraken4-e1682503267822.png\" alt=\"\" width=\"1360\" height=\"795\" srcset=\"https:\/\/coinkickoff.com\/wp-content\/uploads\/kraken4-e1682503267822.png 1360w, https:\/\/coinkickoff.com\/wp-content\/uploads\/kraken4-e1682503267822-300x175.png 300w, https:\/\/coinkickoff.com\/wp-content\/uploads\/kraken4-e1682503267822-1024x599.png 1024w, https:\/\/coinkickoff.com\/wp-content\/uploads\/kraken4-e1682503267822-768x449.png 768w, https:\/\/coinkickoff.com\/wp-content\/uploads\/kraken4-e1682503267822-18x12.png 18w\" sizes=\"auto, (max-width: 1360px) 100vw, 1360px\" \/><\/p>\n<p><span style=\"font-weight: 400;\">Funkciu 2FA mus\u00edte povoli\u0165 pre prihl\u00e1senie k \u00fa\u010dtu, ale m\u00f4\u017eete ju povoli\u0165 aj pre in\u00e9 oper\u00e1cie, ako je obchodovanie a financovanie. Ak chcete za\u010da\u0165, kliknite na zv\u00fdraznen\u00e9 tla\u010didlo \"Aktivova\u0165 teraz\".<\/span><\/p>\n<p><span style=\"font-weight: 400;\"><img loading=\"lazy\" decoding=\"async\" class=\"alignnone wp-image-3405 size-full\" src=\"https:\/\/coinkickoff.com\/wp-content\/uploads\/kraken-5-e1682503294785.png\" alt=\"\" width=\"1357\" height=\"770\" srcset=\"https:\/\/coinkickoff.com\/wp-content\/uploads\/kraken-5-e1682503294785.png 1357w, https:\/\/coinkickoff.com\/wp-content\/uploads\/kraken-5-e1682503294785-300x170.png 300w, https:\/\/coinkickoff.com\/wp-content\/uploads\/kraken-5-e1682503294785-1024x581.png 1024w, https:\/\/coinkickoff.com\/wp-content\/uploads\/kraken-5-e1682503294785-768x436.png 768w, https:\/\/coinkickoff.com\/wp-content\/uploads\/kraken-5-e1682503294785-18x10.png 18w\" sizes=\"auto, (max-width: 1357px) 100vw, 1357px\" \/><\/span><\/p>\n<p><span style=\"font-weight: 400;\">Na webovej lokalite spolo\u010dnosti Kraken je podrobne vysvetlen\u00e9, ako 2FA funguje, a n\u00e1jdete na nej pokyny, ako postupova\u0165. V podstate sta\u010d\u00ed, ak si zaobstar\u00e1te aplik\u00e1ciu Google Authenticator a pomocou nej naskenujete k\u00f3d QR, ktor\u00fd v\u00e1m vygeneruje spolo\u010dnos\u0165 Kraken. Aplik\u00e1cia v\u00e1m poskytne autentifika\u010dn\u00fd k\u00f3d, ktor\u00fdm potvrd\u00edte svoje zabezpe\u010denie. Zadajte k\u00f3d z aplik\u00e1cie a kliknite na tla\u010didlo \"Potvrdi\u0165\".<\/span><\/p>\n<p><img loading=\"lazy\" decoding=\"async\" class=\"alignnone wp-image-3410 size-full\" src=\"https:\/\/coinkickoff.com\/wp-content\/uploads\/kraken6-e1682503322525.png\" alt=\"\" width=\"1357\" height=\"791\" \/><\/p>\n<p><span style=\"font-weight: 400;\">Aplik\u00e1ciu Google Authenticator budete pou\u017e\u00edva\u0165 pri ka\u017edom prihl\u00e1sen\u00ed do svojho konta.\u00a0<\/span><\/p>\n<h3><span class=\"ez-toc-section\" id=\"4_Add_an_Instant_Payment_Method\"><\/span><span style=\"font-weight: 400;\">4. Pridanie met\u00f3dy okam\u017eitej platby<\/span><span class=\"ez-toc-section-end\"><\/span><\/h3>\n<p><span style=\"font-weight: 400;\">Najr\u00fdchlej\u0161\u00ed sp\u00f4sob, ako si k\u00fapi\u0165 Shiba Inu (alebo ak\u00fako\u013evek in\u00fa kryptomenu) na Krakene, je prida\u0165 si na svoj \u00fa\u010det okam\u017eit\u00fa platobn\u00fa met\u00f3du. Na v\u00fdmenu m\u00f4\u017eete prepoji\u0165 kreditn\u00e9 a debetn\u00e9 karty alebo svoj online bankov\u00fd \u00fa\u010det.<\/span><\/p>\n<p><span style=\"font-weight: 400;\">Kliknut\u00edm na kartu \"Buy Crypto\" prepojte kartu s \u00fa\u010dtom. Budete presmerovan\u00ed na str\u00e1nku Met\u00f3dy n\u00e1kupu kryptomeny, kde m\u00f4\u017eete prida\u0165 sp\u00f4sob platby.<\/span><\/p>\n<p><img loading=\"lazy\" decoding=\"async\" class=\"alignnone wp-image-3412 size-full\" src=\"https:\/\/coinkickoff.com\/wp-content\/uploads\/kraken8-e1682503364155.png\" alt=\"ako k\u00fapi\u0165 Shiba Inu na Kraken\" width=\"1206\" height=\"781\" srcset=\"https:\/\/coinkickoff.com\/wp-content\/uploads\/kraken8-e1682503364155.png 1206w, https:\/\/coinkickoff.com\/wp-content\/uploads\/kraken8-e1682503364155-300x194.png 300w, https:\/\/coinkickoff.com\/wp-content\/uploads\/kraken8-e1682503364155-1024x663.png 1024w, https:\/\/coinkickoff.com\/wp-content\/uploads\/kraken8-e1682503364155-768x497.png 768w, https:\/\/coinkickoff.com\/wp-content\/uploads\/kraken8-e1682503364155-18x12.png 18w\" sizes=\"auto, (max-width: 1206px) 100vw, 1206px\" \/><\/p>\n<p><span style=\"font-weight: 400;\">Kliknite na polo\u017eku \"Prida\u0165 sp\u00f4soby platby\". <\/span><\/p>\n<p><img loading=\"lazy\" decoding=\"async\" class=\"alignnone wp-image-3413 size-full\" src=\"https:\/\/coinkickoff.com\/wp-content\/uploads\/kraken9-e1682503407337.png\" alt=\"\" width=\"1196\" height=\"776\" srcset=\"https:\/\/coinkickoff.com\/wp-content\/uploads\/kraken9-e1682503407337.png 1196w, https:\/\/coinkickoff.com\/wp-content\/uploads\/kraken9-e1682503407337-300x195.png 300w, https:\/\/coinkickoff.com\/wp-content\/uploads\/kraken9-e1682503407337-1024x664.png 1024w, https:\/\/coinkickoff.com\/wp-content\/uploads\/kraken9-e1682503407337-768x498.png 768w, https:\/\/coinkickoff.com\/wp-content\/uploads\/kraken9-e1682503407337-18x12.png 18w\" sizes=\"auto, (max-width: 1196px) 100vw, 1196px\" \/><\/p>\n<p><span style=\"font-weight: 400;\">Debetn\u00fa alebo kreditn\u00fa kartu m\u00f4\u017eete prida\u0165 jednoduch\u00fdm zadan\u00edm \u00fadajov o karte. Hotovos\u0165 m\u00f4\u017eete vlo\u017ei\u0165 aj prostredn\u00edctvom internetov\u00e9ho bankovn\u00edctva, hoci to nie je tak\u00e9 r\u00fdchle ako prv\u00e1 mo\u017enos\u0165.<\/span><\/p>\n<h3><span class=\"ez-toc-section\" id=\"4_Navigate_to_the_Relevant_Screen_to_Buy\"><\/span><span style=\"font-weight: 400;\">4. Prejdite na pr\u00edslu\u0161n\u00fa obrazovku a nakupte<\/span><span class=\"ez-toc-section-end\"><\/span><\/h3>\n<p><span style=\"font-weight: 400;\">Po pridan\u00ed platobnej met\u00f3dy do svojho \u00fa\u010dtu Kraken je n\u00e1kup SHIB ve\u013emi jednoduch\u00fd. Na str\u00e1nke \"Buy Crypto\" kliknite na \"Buy\".<\/span><\/p>\n<p><span style=\"font-weight: 400;\">Pon\u00fakan\u00fd majetok si m\u00f4\u017eete pozrie\u0165 v rozba\u013eovacej ponuke. Zo zoznamu vyberte Shiba Inu (n\u00e1jdete ho uveden\u00fd ako SHIB). Zadajte sumu, ktor\u00fa chcete min\u00fa\u0165 na Shib, vyberte sp\u00f4sob platby a kliknite na tla\u010didlo potvrdi\u0165.<\/span><\/p>\n<p><span style=\"font-weight: 400;\">Hoci je t\u00e1to mo\u017enos\u0165 ve\u013emi r\u00fdchla, n\u00e1kupy kreditnou a debetnou kartou prostredn\u00edctvom widgetu Easy Buy m\u00f4\u017eu by\u0165 ve\u013emi n\u00e1kladn\u00e9. Ak nechcete plati\u0165 vysok\u00e9 poplatky za n\u00e1kup Shiba Inu, m\u00f4\u017eete pou\u017ei\u0165 druh\u00fd sp\u00f4sob, ktor\u00fd pop\u00ed\u0161eme ni\u017e\u0161ie.<\/span><\/p>\n<p><span style=\"font-weight: 400;\">Vybran\u00e9 fiat meny vr\u00e1tane USD m\u00f4\u017eete na Krakene obchodova\u0165 za Shiba Inu. Pozor na to, \u017ee ak chcete vyu\u017ei\u0165 lacnej\u0161ie poplatky Krakenu, mus\u00edte na svoj \u00fa\u010det vlo\u017ei\u0165 finan\u010dn\u00e9 prostriedky. Na obchodovanie na Kraken nem\u00f4\u017eete pou\u017e\u00edva\u0165 debetn\u00e9 ani kreditn\u00e9 karty.<\/span><\/p>\n<p><span style=\"font-weight: 400;\">Existuj\u00fa dva sp\u00f4soby konverzie USD na Shiba Inu v syst\u00e9me Kraken: M\u00f4\u017eete pou\u017ei\u0165 <\/span><a href=\"https:\/\/kraken.pxf.io\/B0Rny4convert\/shib\/usd\" target=\"_blank\" rel=\"noopener\"><span style=\"font-weight: 400;\">Automatick\u00fd konvertor Kraken<\/span><\/a><span style=\"font-weight: 400;\"> alebo vykona\u0165 obchod zadan\u00edm pr\u00edkazu na Shiba Inu.<\/span><\/p>\n<p><span style=\"font-weight: 400;\">Automatick\u00fd konvertor je najjednoduch\u0161\u00ed sp\u00f4sob obchodovania s USD pre Kraken, ale ak si chcete ur\u010di\u0165 vlastn\u00fa cenu, je potrebn\u00e9 zada\u0165 objedn\u00e1vku.<\/span><\/p>\n<p><span style=\"font-weight: 400;\">Ak chcete zada\u0165 objedn\u00e1vku, prejdite na kartu \"Obchod\" a kliknite na \"Nov\u00e1 objedn\u00e1vka\". Vyberte obchodn\u00fd p\u00e1r USD\/SHIB.<\/span><\/p>\n<p><span style=\"font-weight: 400;\">Objedn\u00e1vkov\u00fd formul\u00e1r m\u00f4\u017ee vyzera\u0165 m\u00e4t\u00faco, ale je ve\u013emi jednoduch\u00fd: Jednoducho zadajte, ko\u013eko chcete min\u00fa\u0165. M\u00f4\u017eete bu\u010f akceptova\u0165 trhov\u00fa cenu za SHIB, alebo si stanovi\u0165 vlastn\u00fa cenu. Ak nastav\u00edte pr\u00edli\u0161 n\u00edzku cenu, m\u00f4\u017ee chv\u00ed\u013eu trva\u0165, k\u00fdm bude va\u0161a objedn\u00e1vka vybaven\u00e1.<\/span><\/p>\n<p><span style=\"font-weight: 400;\">Gratulujeme! Teraz u\u017e viete, ako k\u00fapi\u0165 Shiba Inu na Krakene.<\/span><\/p>","protected":false},"excerpt":{"rendered":"<p>Ako k\u00fapi\u0165 Shiba Inu na burze Kraken Podobne ako v\u00e4\u010d\u0161ina kryptomien, aj Shiba Inu (SHIB) je \u0161pekulat\u00edvne akt\u00edvum: jeho cena m\u00f4\u017ee st\u00fapa\u0165 a klesa\u0165 v z\u00e1vislosti od rozmarov celebr\u00edt, market\u00e9rov a dokonca aj koment\u00e1torov na Reddite. Ako meme coin bez pr\u00edpadu pou\u017eitia je SHIB obzvl\u00e1\u0161\u0165 zranite\u013en\u00fd vo\u010di obrovsk\u00fdm a n\u00e1hlym v\u00fdkyvom ceny, \u010do z neho rob\u00ed [...]<\/p>","protected":false},"author":3,"featured_media":0,"parent":3709,"menu_order":0,"comment_status":"closed","ping_status":"closed","template":"","meta":{"_genesis_hide_title":false,"_genesis_hide_breadcrumbs":false,"_genesis_hide_singular_image":false,"_genesis_hide_footer_widgets":false,"_genesis_custom_body_class":"","_genesis_custom_post_class":"","_genesis_layout":"","_glsr_average":0,"_glsr_ranking":0,"_glsr_reviews":0,"footnotes":""},"class_list":{"0":"post-3877","1":"page","2":"type-page","3":"status-publish","5":"entry"},"featured_image_src":null,"featured_image_src_square":null,"_links":{"self":[{"href":"https:\/\/coinkickoff.com\/sk\/wp-json\/wp\/v2\/pages\/3877","targetHints":{"allow":["GET"]}}],"collection":[{"href":"https:\/\/coinkickoff.com\/sk\/wp-json\/wp\/v2\/pages"}],"about":[{"href":"https:\/\/coinkickoff.com\/sk\/wp-json\/wp\/v2\/types\/page"}],"author":[{"embeddable":true,"href":"https:\/\/coinkickoff.com\/sk\/wp-json\/wp\/v2\/users\/3"}],"replies":[{"embeddable":true,"href":"https:\/\/coinkickoff.com\/sk\/wp-json\/wp\/v2\/comments?post=3877"}],"version-history":[{"count":3,"href":"https:\/\/coinkickoff.com\/sk\/wp-json\/wp\/v2\/pages\/3877\/revisions"}],"predecessor-version":[{"id":3880,"href":"https:\/\/coinkickoff.com\/sk\/wp-json\/wp\/v2\/pages\/3877\/revisions\/3880"}],"up":[{"embeddable":true,"href":"https:\/\/coinkickoff.com\/sk\/wp-json\/wp\/v2\/pages\/3709"}],"wp:attachment":[{"href":"https:\/\/coinkickoff.com\/sk\/wp-json\/wp\/v2\/media?parent=3877"}],"curies":[{"name":"wp","href":"https:\/\/api.w.org\/{rel}","templated":true}]}}