{"id":3424,"date":"2026-01-08T14:07:30","date_gmt":"2026-01-08T14:07:30","guid":{"rendered":"https:\/\/coinkickoff.com\/?page_id=3424"},"modified":"2026-01-08T14:07:30","modified_gmt":"2026-01-08T14:07:30","slug":"how-to-buy-dogecoin-on-mexc","status":"publish","type":"page","link":"https:\/\/coinkickoff.com\/sk\/how-to-buy-dogecoin\/how-to-buy-dogecoin-on-mexc\/","title":{"rendered":"Ako k\u00fapi\u0165 Dogecoin (DOGE) na MEXC"},"content":{"rendered":"<h2><span style=\"font-weight: 400;\"><img loading=\"lazy\" decoding=\"async\" class=\"alignnone wp-image-155 size-full\" src=\"https:\/\/coinkickoff.com\/wp-content\/uploads\/2022\/06\/Dogecoin-DOGE.jpg\" alt=\"ako k\u00fapi\u0165 dogecoin\" width=\"1000\" height=\"800\" srcset=\"https:\/\/coinkickoff.com\/wp-content\/uploads\/2022\/06\/Dogecoin-DOGE.jpg 1000w, https:\/\/coinkickoff.com\/wp-content\/uploads\/2022\/06\/Dogecoin-DOGE-300x240.jpg 300w, https:\/\/coinkickoff.com\/wp-content\/uploads\/2022\/06\/Dogecoin-DOGE-768x614.jpg 768w, https:\/\/coinkickoff.com\/wp-content\/uploads\/2022\/06\/Dogecoin-DOGE-15x12.jpg 15w\" sizes=\"auto, (max-width: 1000px) 100vw, 1000px\" \/><\/span><\/h2>\n<div id=\"ez-toc-container\" class=\"ez-toc-v2_0_80 counter-hierarchy ez-toc-counter ez-toc-transparent ez-toc-container-direction\">\n<div class=\"ez-toc-title-container\">\n<p class=\"ez-toc-title\" style=\"cursor:inherit\">Sekcie<\/p>\n<span class=\"ez-toc-title-toggle\"><a href=\"#\" class=\"ez-toc-pull-right ez-toc-btn ez-toc-btn-xs ez-toc-btn-default ez-toc-toggle\" aria-label=\"Prep\u00ednanie tabu\u013eky obsahu\"><span class=\"ez-toc-js-icon-con\"><span class=\"\"><span class=\"eztoc-hide\" style=\"display:none;\">Prep\u00edna\u010d<\/span><span class=\"ez-toc-icon-toggle-span\"><svg style=\"fill: #999;color:#999\" xmlns=\"http:\/\/www.w3.org\/2000\/svg\" class=\"list-377408\" width=\"20px\" height=\"20px\" viewbox=\"0 0 24 24\" fill=\"none\"><path d=\"M6 6H4v2h2V6zm14 0H8v2h12V6zM4 11h2v2H4v-2zm16 0H8v2h12v-2zM4 16h2v2H4v-2zm16 0H8v2h12v-2z\" fill=\"currentColor\"><\/path><\/svg><svg style=\"fill: #999;color:#999\" class=\"arrow-unsorted-368013\" xmlns=\"http:\/\/www.w3.org\/2000\/svg\" width=\"10px\" height=\"10px\" viewbox=\"0 0 24 24\" version=\"1.2\" baseprofile=\"tiny\"><path d=\"M18.2 9.3l-6.2-6.3-6.2 6.3c-.2.2-.3.4-.3.7s.1.5.3.7c.2.2.4.3.7.3h11c.3 0 .5-.1.7-.3.2-.2.3-.5.3-.7s-.1-.5-.3-.7zM5.8 14.7l6.2 6.3 6.2-6.3c.2-.2.3-.5.3-.7s-.1-.5-.3-.7c-.2-.2-.4-.3-.7-.3h-11c-.3 0-.5.1-.7.3-.2.2-.3.5-.3.7s.1.5.3.7z\"\/><\/svg><\/span><\/span><\/span><\/a><\/span><\/div>\n<nav><ul class='ez-toc-list ez-toc-list-level-1 eztoc-toggle-hide-by-default' ><li class='ez-toc-page-1 ez-toc-heading-level-2'><a class=\"ez-toc-link ez-toc-heading-1\" href=\"https:\/\/coinkickoff.com\/sk\/how-to-buy-dogecoin\/how-to-buy-dogecoin-on-mexc\/#How_to_Buy_Dogecoin_on_MEXC\" >Ako k\u00fapi\u0165 Dogecoin na MEXC<\/a><\/li><li class='ez-toc-page-1 ez-toc-heading-level-2'><a class=\"ez-toc-link ez-toc-heading-2\" href=\"https:\/\/coinkickoff.com\/sk\/how-to-buy-dogecoin\/how-to-buy-dogecoin-on-mexc\/#A_Step-By-Step_Guide_on_How_to_Buy_Dogecoin_on_MEXC\" >Sprievodca krok za krokom, ako k\u00fapi\u0165 Dogecoin na MEXC<\/a><ul class='ez-toc-list-level-3' ><li class='ez-toc-heading-level-3'><a class=\"ez-toc-link ez-toc-heading-3\" href=\"https:\/\/coinkickoff.com\/sk\/how-to-buy-dogecoin\/how-to-buy-dogecoin-on-mexc\/#1_Register_an_Account\" >1. Zaregistrujte si \u00fa\u010det<\/a><\/li><li class='ez-toc-page-1 ez-toc-heading-level-3'><a class=\"ez-toc-link ez-toc-heading-4\" href=\"https:\/\/coinkickoff.com\/sk\/how-to-buy-dogecoin\/how-to-buy-dogecoin-on-mexc\/#2_Verify_Your_Account\" >2. Overenie v\u00e1\u0161ho \u00fa\u010dtu<\/a><\/li><li class='ez-toc-page-1 ez-toc-heading-level-3'><a class=\"ez-toc-link ez-toc-heading-5\" href=\"https:\/\/coinkickoff.com\/sk\/how-to-buy-dogecoin\/how-to-buy-dogecoin-on-mexc\/#3_Buy_Crypto\" >3. K\u00fapte si kryptografiu<\/a><\/li><li class='ez-toc-page-1 ez-toc-heading-level-3'><a class=\"ez-toc-link ez-toc-heading-6\" href=\"https:\/\/coinkickoff.com\/sk\/how-to-buy-dogecoin\/how-to-buy-dogecoin-on-mexc\/#4_Trade_USDT_for_DOGE\" >4. Vyme\u0148te USDT za DOGE<\/a><\/li><\/ul><\/li><\/ul><\/nav><\/div>\n<h2><span class=\"ez-toc-section\" id=\"How_to_Buy_Dogecoin_on_MEXC\"><\/span><span style=\"font-weight: 400;\">Ako k\u00fapi\u0165 Dogecoin na MEXC<\/span><span class=\"ez-toc-section-end\"><\/span><\/h2>\n<p><span style=\"font-weight: 400;\"><a href=\"https:\/\/coinkickoff.com\/sk\/dogecoin-doge\/\" data-internallinksmanager029f6b8e52c=\"14\" title=\"\u010co je Dogecoin (DOGE)? Ako funguje a kde ho k\u00fapi\u0165?\">Dogecoin<\/a>, hoci je to zn\u00e1ma kryptomena, nie je v skuto\u010dnosti ako <a href=\"https:\/\/coinkickoff.com\/sk\/ethereum-eth\/\" data-internallinksmanager029f6b8e52c=\"2\" title=\"\u010co je Ethereum (ETH)? Cena, hist\u00f3ria a kde k\u00fapi\u0165\">Ethereum<\/a> alebo <a href=\"https:\/\/coinkickoff.com\/sk\/bitcoin-btc\/\" data-internallinksmanager029f6b8e52c=\"1\" title=\"\u010co je Bitcoin (BTC)? Cena, hist\u00f3ria a kde k\u00fapi\u0165\">Bitcoin<\/a>. Tento zn\u00e1my meme coin je celkom bezcenn\u00fd, preto\u017ee bol prv\u00fdkr\u00e1t spusten\u00fd ako vtip. V s\u00fa\u010dasnosti je v\u0161ak pomerne roz\u0161\u00edren\u00fd, najm\u00e4 v\u010faka Redditu a Elonovi Muskovi, a n\u00e1jdete ho takmer na v\u0161etk\u00fdch burz\u00e1ch vr\u00e1tane <a href=\"https:\/\/coinkickoff.com\/sk\/mexc-global-review\/\">MEXC<\/a>.<\/span><\/p>\n<p><span style=\"font-weight: 400;\">Ak sa chcete zapoji\u0165 do tohto vtipu a k\u00fapi\u0165 si Dogecoin, ale neviete, kde za\u010da\u0165, ste na spr\u00e1vnom mieste. Tu je n\u00e1vod krok za krokom, ako k\u00fapi\u0165 Dogecoin na <a href=\"https:\/\/coinkickoff.com\/sk\/mexc-global-review\/\" data-internallinksmanager029f6b8e52c=\"154\" title=\"MEXC Global Reviews 2023: Poplatky, funkcie, bezpe\u010dnos\u0165, v\u00fdhody a nev\u00fdhody\">MEXC<\/a> v\u00fdmenu.<\/span><\/p>\n<h2><span class=\"ez-toc-section\" id=\"A_Step-By-Step_Guide_on_How_to_Buy_Dogecoin_on_MEXC\"><\/span><span style=\"font-weight: 400;\">Sprievodca krok za krokom, ako k\u00fapi\u0165 Dogecoin na MEXC<\/span><span class=\"ez-toc-section-end\"><\/span><\/h2>\n<h3><span class=\"ez-toc-section\" id=\"1_Register_an_Account\"><\/span><span style=\"font-weight: 400;\">1. Zaregistrujte si \u00fa\u010det<\/span><span class=\"ez-toc-section-end\"><\/span><\/h3>\n<p><img loading=\"lazy\" decoding=\"async\" class=\"alignnone wp-image-3441 size-full\" src=\"https:\/\/coinkickoff.com\/wp-content\/uploads\/mexc-register.png\" alt=\"ako k\u00fapi\u0165 dogecoin na mexc\" width=\"1328\" height=\"783\" srcset=\"https:\/\/coinkickoff.com\/wp-content\/uploads\/mexc-register.png 1328w, https:\/\/coinkickoff.com\/wp-content\/uploads\/mexc-register-300x177.png 300w, https:\/\/coinkickoff.com\/wp-content\/uploads\/mexc-register-1024x604.png 1024w, https:\/\/coinkickoff.com\/wp-content\/uploads\/mexc-register-768x453.png 768w, https:\/\/coinkickoff.com\/wp-content\/uploads\/mexc-register-18x12.png 18w\" sizes=\"auto, (max-width: 1328px) 100vw, 1328px\" \/><\/p>\n<p><span style=\"font-weight: 400;\">Najprv si vytvorte konto MEXC na str\u00e1nke <a href=\"https:\/\/www.mexc.com\/en-US\/register?inviteCode=mexc-1WwwX\" target=\"_blank\" rel=\"noopener\">Webov\u00e1 str\u00e1nka MEXC<\/a> a kliknut\u00edm na \"Zaregistrova\u0165 sa\". <\/span><\/p>\n<p><span style=\"font-weight: 400;\">M\u00f4\u017eete sa zaregistrova\u0165 pomocou mobiln\u00e9ho \u010d\u00edsla alebo e-mailu. Na svoju e-mailov\u00fa adresu dostanete overovac\u00ed k\u00f3d. Pomocou tohto k\u00f3du sa prihl\u00e1ste do svojho konta.\u00a0\u00a0<\/span><\/p>\n<h3><span class=\"ez-toc-section\" id=\"2_Verify_Your_Account\"><\/span><span style=\"font-weight: 400;\">2. Overenie v\u00e1\u0161ho \u00fa\u010dtu<\/span><span class=\"ez-toc-section-end\"><\/span><\/h3>\n<p><span style=\"font-weight: 400;\">Na obchodovanie na MEXC nemus\u00edte vykona\u0165 overenie toto\u017enosti, ale na obchodovanie s fiatom ho potrebujete. Ak u\u017e m\u00e1te digit\u00e1lne akt\u00edva, ktor\u00e9 m\u00f4\u017eete posla\u0165 do pe\u0148a\u017eenky MEXC, m\u00f4\u017eete tento krok presko\u010di\u0165.<\/span><\/p>\n<p><span style=\"font-weight: 400;\">Ak chcete na n\u00e1kup kryptomien pou\u017ei\u0165 poskytovate\u013eov tret\u00edch str\u00e1n, ako s\u00fa Banxa, Moonpay alebo Mercuyo, m\u00f4\u017eete tento krok presko\u010di\u0165. Maj\u00fa svoje samostatn\u00e9 procesy overovania toto\u017enosti.<\/span><\/p>\n<p><span style=\"font-weight: 400;\">Ak dokon\u010d\u00edte overenie toto\u017enosti, m\u00f4\u017eete si k\u00fapi\u0165 kryptomeny prostredn\u00edctvom bankov\u00e9ho \u00fa\u010dtu, kreditnej karty a in\u00fdch prostriedkov. Ak tak chcete urobi\u0165, kliknite na symbol profilu v pravom hornom rohu ovl\u00e1dacieho panela a vyberte polo\u017eku \"Profil\".<\/span><\/p>\n<p><span style=\"font-weight: 400;\">Na str\u00e1nke profilu vyberte polo\u017eku \"Identifik\u00e1cia\" a kliknite na polo\u017eku \"Prim\u00e1rne KYC\".<\/span><\/p>\n<p><img loading=\"lazy\" decoding=\"async\" class=\"alignnone wp-image-3439 size-full\" src=\"https:\/\/coinkickoff.com\/wp-content\/uploads\/mexc-id.png\" alt=\"\" width=\"1436\" height=\"810\" srcset=\"https:\/\/coinkickoff.com\/wp-content\/uploads\/mexc-id.png 1436w, https:\/\/coinkickoff.com\/wp-content\/uploads\/mexc-id-300x169.png 300w, https:\/\/coinkickoff.com\/wp-content\/uploads\/mexc-id-1024x578.png 1024w, https:\/\/coinkickoff.com\/wp-content\/uploads\/mexc-id-768x433.png 768w, https:\/\/coinkickoff.com\/wp-content\/uploads\/mexc-id-18x10.png 18w, https:\/\/coinkickoff.com\/wp-content\/uploads\/mexc-id-600x338.png 600w\" sizes=\"auto, (max-width: 1436px) 100vw, 1436px\" \/><\/p>\n<p><span style=\"font-weight: 400;\">Budete presmerovan\u00ed na str\u00e1nku KYC, kde m\u00f4\u017eete bu\u010f prejs\u0165 na <\/span><i><span style=\"font-weight: 400;\">Prim\u00e1rne KYC<\/span><\/i><span style=\"font-weight: 400;\"> alebo <\/span><i><span style=\"font-weight: 400;\">Pokro\u010dil\u00fd KYC<\/span><\/i><span style=\"font-weight: 400;\">. Pre v\u00e4\u010d\u0161inu vkladov vo fiat mene je potrebn\u00e9 pokro\u010dil\u00e9 KYC.<\/span><\/p>\n<p><img loading=\"lazy\" decoding=\"async\" class=\"alignnone wp-image-3440 size-full\" src=\"https:\/\/coinkickoff.com\/wp-content\/uploads\/mexc-id2.png\" alt=\"\" width=\"1436\" height=\"582\" srcset=\"https:\/\/coinkickoff.com\/wp-content\/uploads\/mexc-id2.png 1436w, https:\/\/coinkickoff.com\/wp-content\/uploads\/mexc-id2-300x122.png 300w, https:\/\/coinkickoff.com\/wp-content\/uploads\/mexc-id2-1024x415.png 1024w, https:\/\/coinkickoff.com\/wp-content\/uploads\/mexc-id2-768x311.png 768w, https:\/\/coinkickoff.com\/wp-content\/uploads\/mexc-id2-18x7.png 18w\" sizes=\"auto, (max-width: 1436px) 100vw, 1436px\" \/><\/p>\n<p><span style=\"font-weight: 400;\">Kliknite na tla\u010didlo \"Overi\u0165\", \u010d\u00edm spust\u00edte proces overovania. Nahrajte po\u017eadovan\u00e9 dokumenty a m\u00f4\u017eete za\u010da\u0165.<\/span><\/p>\n<h3><span class=\"ez-toc-section\" id=\"3_Buy_Crypto\"><\/span><span style=\"font-weight: 400;\">3. K\u00fapte si kryptografiu<\/span><span class=\"ez-toc-section-end\"><\/span><\/h3>\n<p><span style=\"font-weight: 400;\">Kliknite na polo\u017eku \"Buy Crypto\" v \u013eavom hornom rohu. Na novej str\u00e1nke si vyberte jednu z dostupn\u00fdch mo\u017enost\u00ed. Ak dokon\u010d\u00edte overenie toto\u017enosti, na n\u00e1kup kryptomeny m\u00f4\u017eete pou\u017ei\u0165 kreditn\u00e9\/debetn\u00e9 karty, bankov\u00e9 prevody, expresn\u00e9 platby a trh P2P. Ak nie, vyberte zo zoznamu mo\u017enos\u0165 \"Tretia strana\".<\/span><\/p>\n<p><img loading=\"lazy\" decoding=\"async\" class=\"alignnone wp-image-3438 size-full\" src=\"https:\/\/coinkickoff.com\/wp-content\/uploads\/mexc-buy-payment.png\" alt=\"\" width=\"1403\" height=\"778\" srcset=\"https:\/\/coinkickoff.com\/wp-content\/uploads\/mexc-buy-payment.png 1403w, https:\/\/coinkickoff.com\/wp-content\/uploads\/mexc-buy-payment-300x166.png 300w, https:\/\/coinkickoff.com\/wp-content\/uploads\/mexc-buy-payment-1024x568.png 1024w, https:\/\/coinkickoff.com\/wp-content\/uploads\/mexc-buy-payment-768x426.png 768w, https:\/\/coinkickoff.com\/wp-content\/uploads\/mexc-buy-payment-18x10.png 18w\" sizes=\"auto, (max-width: 1403px) 100vw, 1403px\" \/><\/p>\n<p><span style=\"font-weight: 400;\">Zadajte, ko\u013eko chcete min\u00fa\u0165, a vyberte, ktor\u00fa kryptomenu chcete k\u00fapi\u0165. Bohu\u017eia\u013e, DOGE si nem\u00f4\u017eete k\u00fapi\u0165 len tak za hotovos\u0165, tak\u017ee si najprv mus\u00edte k\u00fapi\u0165 in\u00fa coin, ako napr. <a href=\"https:\/\/coinkickoff.com\/sk\/tether-usdt\/\" data-internallinksmanager029f6b8e52c=\"3\" title=\"\u010co je Tether (USDT)? Ako funguje a kde ho k\u00fapi\u0165?\">USDT<\/a> alebo <a href=\"https:\/\/coinkickoff.com\/sk\/usd-coin-usdc\/\" data-internallinksmanager029f6b8e52c=\"8\" title=\"\u010co je USD Coin (USDC)? Ako funguje a kde ho k\u00fapi\u0165?\">USDC<\/a>a nesk\u00f4r ho vymeni\u0165 za DOGE.<\/span><\/p>\n<p><span style=\"font-weight: 400;\">Po zadan\u00ed sumy, ktor\u00fa chcete k\u00fapi\u0165, mus\u00edte vybra\u0165 platobn\u00fd kan\u00e1l. MEXC pon\u00faka na v\u00fdber pomerne ve\u013ea mo\u017enost\u00ed tret\u00edch str\u00e1n a ochotne v\u00e1m odpor\u00fa\u010da pou\u017ei\u0165 mo\u017enos\u0165 s najni\u017e\u0161ou cenou.<\/span><\/p>\n<p><span style=\"font-weight: 400;\">Skontrolujte \u00fadaje o platbe a kliknite na tla\u010didlo \"Pokra\u010dova\u0165\". Budete presmerovan\u00ed na str\u00e1nku platobn\u00e9ho kan\u00e1la, kde potvrd\u00edte svoju objedn\u00e1vku. Skontrolujte svoje inform\u00e1cie a kliknite na tla\u010didlo \"K\u00fapi\u0165\".<\/span><\/p>\n<p><img loading=\"lazy\" decoding=\"async\" class=\"alignnone wp-image-3436 size-full\" src=\"https:\/\/coinkickoff.com\/wp-content\/uploads\/mercuryo-mexc1u.png\" alt=\"\" width=\"1360\" height=\"791\" srcset=\"https:\/\/coinkickoff.com\/wp-content\/uploads\/mercuryo-mexc1u.png 1360w, https:\/\/coinkickoff.com\/wp-content\/uploads\/mercuryo-mexc1u-300x174.png 300w, https:\/\/coinkickoff.com\/wp-content\/uploads\/mercuryo-mexc1u-1024x596.png 1024w, https:\/\/coinkickoff.com\/wp-content\/uploads\/mercuryo-mexc1u-768x447.png 768w, https:\/\/coinkickoff.com\/wp-content\/uploads\/mercuryo-mexc1u-18x10.png 18w\" sizes=\"auto, (max-width: 1360px) 100vw, 1360px\" \/><\/p>\n<p><img loading=\"lazy\" decoding=\"async\" class=\"alignnone wp-image-3435 size-full\" src=\"https:\/\/coinkickoff.com\/wp-content\/uploads\/mercuryo-mexc.png\" alt=\"\" width=\"1407\" height=\"796\" srcset=\"https:\/\/coinkickoff.com\/wp-content\/uploads\/mercuryo-mexc.png 1407w, https:\/\/coinkickoff.com\/wp-content\/uploads\/mercuryo-mexc-300x170.png 300w, https:\/\/coinkickoff.com\/wp-content\/uploads\/mercuryo-mexc-1024x579.png 1024w, https:\/\/coinkickoff.com\/wp-content\/uploads\/mercuryo-mexc-768x434.png 768w, https:\/\/coinkickoff.com\/wp-content\/uploads\/mercuryo-mexc-18x10.png 18w, https:\/\/coinkickoff.com\/wp-content\/uploads\/mercuryo-mexc-600x338.png 600w\" sizes=\"auto, (max-width: 1407px) 100vw, 1407px\" \/><\/p>\n<p><span style=\"font-weight: 400;\">V tomto okamihu mus\u00edte v platobnom kan\u00e1li zada\u0165 svoj e-mail. Ak nem\u00e1te \u00fa\u010det u poskytovate\u013ea, budete presmerovan\u00ed na otvorenie \u00fa\u010dtu.<\/span><\/p>\n<h3><span class=\"ez-toc-section\" id=\"4_Trade_USDT_for_DOGE\"><\/span><span style=\"font-weight: 400;\">4. Vyme\u0148te USDT za DOGE<\/span><span class=\"ez-toc-section-end\"><\/span><\/h3>\n<p><span style=\"font-weight: 400;\">Ke\u010f si k\u00fapite stabiln\u00fd coin ako USDT, m\u00f4\u017eete ho vymeni\u0165 za DOGE na MEXC. Na ovl\u00e1dacom paneli kliknite na polo\u017eku \"Obchodova\u0165\". V \u013eavom rohu novej obrazovky vyh\u013eadajte DOGE.<\/span><\/p>\n<p><img loading=\"lazy\" decoding=\"async\" class=\"alignnone wp-image-3443 size-full\" src=\"https:\/\/coinkickoff.com\/wp-content\/uploads\/mexctrade1.png\" alt=\"\" width=\"1436\" height=\"736\" srcset=\"https:\/\/coinkickoff.com\/wp-content\/uploads\/mexctrade1.png 1436w, https:\/\/coinkickoff.com\/wp-content\/uploads\/mexctrade1-300x154.png 300w, https:\/\/coinkickoff.com\/wp-content\/uploads\/mexctrade1-1024x525.png 1024w, https:\/\/coinkickoff.com\/wp-content\/uploads\/mexctrade1-768x394.png 768w, https:\/\/coinkickoff.com\/wp-content\/uploads\/mexctrade1-18x9.png 18w\" sizes=\"auto, (max-width: 1436px) 100vw, 1436px\" \/><\/p>\n<p><span style=\"font-weight: 400;\">Spomedzi v\u00fdsledkov vyberte DOGE\/USDT na obchodovanie medzi dvoma akt\u00edvami.<\/span><\/p>\n<p><img loading=\"lazy\" decoding=\"async\" class=\"alignnone wp-image-3442 size-full\" src=\"https:\/\/coinkickoff.com\/wp-content\/uploads\/mexc-trade-2.png\" alt=\"\" width=\"1392\" height=\"748\" srcset=\"https:\/\/coinkickoff.com\/wp-content\/uploads\/mexc-trade-2.png 1392w, https:\/\/coinkickoff.com\/wp-content\/uploads\/mexc-trade-2-300x161.png 300w, https:\/\/coinkickoff.com\/wp-content\/uploads\/mexc-trade-2-1024x550.png 1024w, https:\/\/coinkickoff.com\/wp-content\/uploads\/mexc-trade-2-768x413.png 768w, https:\/\/coinkickoff.com\/wp-content\/uploads\/mexc-trade-2-18x10.png 18w\" sizes=\"auto, (max-width: 1392px) 100vw, 1392px\" \/><\/p>\n<p><span style=\"font-weight: 400;\">Teraz u\u017e len sta\u010d\u00ed do pol\u00ed\u010dka v dolnej \u010dasti obrazovky zada\u0165, ko\u013eko DOGE chcete k\u00fapi\u0165 (alebo ko\u013eko USDT chcete preda\u0165). V tomto okne m\u00f4\u017eete upravi\u0165 sumu, ktor\u00fa chcete k\u00fapi\u0165.<\/span><\/p>\n<p><span style=\"font-weight: 400;\">Ke\u010f ste pripraven\u00ed zada\u0165 objedn\u00e1vku, kliknite na tla\u010didlo K\u00fapi\u0165 DOGE. To je v\u0161etko.<\/span><\/p>\n<p><span style=\"font-weight: 400;\">\u010eal\u0161ie inform\u00e1cie n\u00e1jdete v na\u0161ich \u010dl\u00e1nkoch o Dogecoin a v\u00fdmene MEXC.<\/span><\/p>","protected":false},"excerpt":{"rendered":"<p>Ako k\u00fapi\u0165 Dogecoin na MEXC Dogecoin je s\u00edce zn\u00e1ma kryptomena, ale v skuto\u010dnosti nie je ako Ethereum alebo Bitcoin. T\u00e1to zn\u00e1ma mena coin je celkom bezcenn\u00e1 u\u017e z princ\u00edpu, ke\u010f\u017ee bola prv\u00fdkr\u00e1t spusten\u00e1 ako vtip. V s\u00fa\u010dasnosti je v\u0161ak pomerne v\u0161adepr\u00edtomn\u00fd, najm\u00e4 v\u010faka Redditu a Elonovi Muskovi, a n\u00e1jdete ho takmer na [...]<\/p>","protected":false},"author":3,"featured_media":155,"parent":3196,"menu_order":0,"comment_status":"closed","ping_status":"closed","template":"","meta":{"_genesis_hide_title":false,"_genesis_hide_breadcrumbs":false,"_genesis_hide_singular_image":false,"_genesis_hide_footer_widgets":false,"_genesis_custom_body_class":"","_genesis_custom_post_class":"","_genesis_layout":"","_glsr_average":0,"_glsr_ranking":0,"_glsr_reviews":0,"footnotes":""},"class_list":{"0":"post-3424","1":"page","2":"type-page","3":"status-publish","4":"has-post-thumbnail","6":"entry"},"featured_image_src":"https:\/\/coinkickoff.com\/wp-content\/uploads\/2022\/06\/Dogecoin-DOGE-600x400.jpg","featured_image_src_square":"https:\/\/coinkickoff.com\/wp-content\/uploads\/2022\/06\/Dogecoin-DOGE-600x600.jpg","_links":{"self":[{"href":"https:\/\/coinkickoff.com\/sk\/wp-json\/wp\/v2\/pages\/3424","targetHints":{"allow":["GET"]}}],"collection":[{"href":"https:\/\/coinkickoff.com\/sk\/wp-json\/wp\/v2\/pages"}],"about":[{"href":"https:\/\/coinkickoff.com\/sk\/wp-json\/wp\/v2\/types\/page"}],"author":[{"embeddable":true,"href":"https:\/\/coinkickoff.com\/sk\/wp-json\/wp\/v2\/users\/3"}],"replies":[{"embeddable":true,"href":"https:\/\/coinkickoff.com\/sk\/wp-json\/wp\/v2\/comments?post=3424"}],"version-history":[{"count":3,"href":"https:\/\/coinkickoff.com\/sk\/wp-json\/wp\/v2\/pages\/3424\/revisions"}],"predecessor-version":[{"id":4496,"href":"https:\/\/coinkickoff.com\/sk\/wp-json\/wp\/v2\/pages\/3424\/revisions\/4496"}],"up":[{"embeddable":true,"href":"https:\/\/coinkickoff.com\/sk\/wp-json\/wp\/v2\/pages\/3196"}],"wp:featuredmedia":[{"embeddable":true,"href":"https:\/\/coinkickoff.com\/sk\/wp-json\/wp\/v2\/media\/155"}],"wp:attachment":[{"href":"https:\/\/coinkickoff.com\/sk\/wp-json\/wp\/v2\/media?parent=3424"}],"curies":[{"name":"wp","href":"https:\/\/api.w.org\/{rel}","templated":true}]}}