{"id":3404,"date":"2026-01-08T14:07:29","date_gmt":"2026-01-08T14:07:29","guid":{"rendered":"https:\/\/coinkickoff.com\/?page_id=3404"},"modified":"2026-01-08T14:07:29","modified_gmt":"2026-01-08T14:07:29","slug":"how-to-buy-dogecoin-on-kraken","status":"publish","type":"page","link":"https:\/\/coinkickoff.com\/sk\/how-to-buy-dogecoin\/how-to-buy-dogecoin-on-kraken\/","title":{"rendered":"Ako k\u00fapi\u0165 Dogecoin (DOGE) na Kraken"},"content":{"rendered":"<div id=\"ez-toc-container\" class=\"ez-toc-v2_0_80 counter-hierarchy ez-toc-counter ez-toc-transparent ez-toc-container-direction\">\n<div class=\"ez-toc-title-container\">\n<p class=\"ez-toc-title\" style=\"cursor:inherit\">Sekcie<\/p>\n<span class=\"ez-toc-title-toggle\"><a href=\"#\" class=\"ez-toc-pull-right ez-toc-btn ez-toc-btn-xs ez-toc-btn-default ez-toc-toggle\" aria-label=\"Prep\u00ednanie tabu\u013eky obsahu\"><span class=\"ez-toc-js-icon-con\"><span class=\"\"><span class=\"eztoc-hide\" style=\"display:none;\">Prep\u00edna\u010d<\/span><span class=\"ez-toc-icon-toggle-span\"><svg style=\"fill: #999;color:#999\" xmlns=\"http:\/\/www.w3.org\/2000\/svg\" class=\"list-377408\" width=\"20px\" height=\"20px\" viewbox=\"0 0 24 24\" fill=\"none\"><path d=\"M6 6H4v2h2V6zm14 0H8v2h12V6zM4 11h2v2H4v-2zm16 0H8v2h12v-2zM4 16h2v2H4v-2zm16 0H8v2h12v-2z\" fill=\"currentColor\"><\/path><\/svg><svg style=\"fill: #999;color:#999\" class=\"arrow-unsorted-368013\" xmlns=\"http:\/\/www.w3.org\/2000\/svg\" width=\"10px\" height=\"10px\" viewbox=\"0 0 24 24\" version=\"1.2\" baseprofile=\"tiny\"><path d=\"M18.2 9.3l-6.2-6.3-6.2 6.3c-.2.2-.3.4-.3.7s.1.5.3.7c.2.2.4.3.7.3h11c.3 0 .5-.1.7-.3.2-.2.3-.5.3-.7s-.1-.5-.3-.7zM5.8 14.7l6.2 6.3 6.2-6.3c.2-.2.3-.5.3-.7s-.1-.5-.3-.7c-.2-.2-.4-.3-.7-.3h-11c-.3 0-.5.1-.7.3-.2.2-.3.5-.3.7s.1.5.3.7z\"\/><\/svg><\/span><\/span><\/span><\/a><\/span><\/div>\n<nav><ul class='ez-toc-list ez-toc-list-level-1 eztoc-toggle-hide-by-default' ><li class='ez-toc-page-1 ez-toc-heading-level-2'><a class=\"ez-toc-link ez-toc-heading-1\" href=\"https:\/\/coinkickoff.com\/sk\/how-to-buy-dogecoin\/how-to-buy-dogecoin-on-kraken\/#How_to_Buy_Dogecoin_on_Kraken\" >Ako k\u00fapi\u0165 Dogecoin na Krakene<\/a><\/li><li class='ez-toc-page-1 ez-toc-heading-level-2'><a class=\"ez-toc-link ez-toc-heading-2\" href=\"https:\/\/coinkickoff.com\/sk\/how-to-buy-dogecoin\/how-to-buy-dogecoin-on-kraken\/#A_Step-By-Step_Guide_on_How_to_Buy_Dogecoin_on_Kraken\" >Sprievodca krok za krokom, ako si k\u00fapi\u0165 Dogecoin na Krakene<\/a><ul class='ez-toc-list-level-3' ><li class='ez-toc-heading-level-3'><a class=\"ez-toc-link ez-toc-heading-3\" href=\"https:\/\/coinkickoff.com\/sk\/how-to-buy-dogecoin\/how-to-buy-dogecoin-on-kraken\/#1_Register_an_Account_on_Kraken\" >1. Zaregistrujte si \u00fa\u010det na Kraken<\/a><\/li><li class='ez-toc-page-1 ez-toc-heading-level-3'><a class=\"ez-toc-link ez-toc-heading-4\" href=\"https:\/\/coinkickoff.com\/sk\/how-to-buy-dogecoin\/how-to-buy-dogecoin-on-kraken\/#2_Verify_Your_Account\" >2. Overenie v\u00e1\u0161ho \u00fa\u010dtu<\/a><\/li><li class='ez-toc-page-1 ez-toc-heading-level-3'><a class=\"ez-toc-link ez-toc-heading-5\" href=\"https:\/\/coinkickoff.com\/sk\/how-to-buy-dogecoin\/how-to-buy-dogecoin-on-kraken\/#3_Deposit_FundsCrypto\" >3. Vkladov\u00e9 fondy\/krypto<\/a><\/li><li class='ez-toc-page-1 ez-toc-heading-level-3'><a class=\"ez-toc-link ez-toc-heading-6\" href=\"https:\/\/coinkickoff.com\/sk\/how-to-buy-dogecoin\/how-to-buy-dogecoin-on-kraken\/#4_Navigate_to_the_Relevant_Screen_to_Buy\" >4. Prejdite na pr\u00edslu\u0161n\u00fa obrazovku a nakupte<\/a><\/li><\/ul><\/li><\/ul><\/nav><\/div>\n<h2><span class=\"ez-toc-section\" id=\"How_to_Buy_Dogecoin_on_Kraken\"><\/span><span style=\"font-weight: 400;\">Ako k\u00fapi\u0165 Dogecoin na Krakene<\/span><span class=\"ez-toc-section-end\"><\/span><\/h2>\n<p><span style=\"font-weight: 400;\"><a href=\"https:\/\/coinkickoff.com\/sk\/dogecoin-doge\/\" data-internallinksmanager029f6b8e52c=\"14\" title=\"\u010co je Dogecoin (DOGE)? Ako funguje a kde ho k\u00fapi\u0165?\">Dogecoin<\/a> (DOGE) je jednou z najv\u00e4\u010d\u0161\u00edch kryptomien pod\u013ea trhovej kapitaliz\u00e1cie, napriek tomu, alebo mo\u017eno pr\u00e1ve preto, \u017ee je prvou meme coin na svete. token bola spusten\u00e1 najm\u00e4 ako vtip, in\u0161pirovan\u00fd \"doge meme\", ale r\u00fdchlo si z\u00edskala popularitu v\u010faka internetu a soci\u00e1lnym m\u00e9di\u00e1m.<\/span><\/p>\n<p><span style=\"font-weight: 400;\">Ak si chcete k\u00fapi\u0165 <a href=\"https:\/\/coinkickoff.com\/sk\/dogecoin-doge\/\">Dogecoin<\/a> na str\u00e1nke . <a href=\"https:\/\/coinkickoff.com\/sk\/kraken-review\/\">Kraken<\/a> ale nie ste si ist\u00ed, ako ste na spr\u00e1vnom mieste. Tu je podrobn\u00fd n\u00e1vod, ako si k\u00fapi\u0165 Dogecoin na <a href=\"https:\/\/coinkickoff.com\/sk\/kraken-review\/\" data-internallinksmanager029f6b8e52c=\"171\" title=\"Recenzie Kraken 2023: Poplatky, funkcie, bezpe\u010dnos\u0165, v\u00fdhody a nev\u00fdhody\">Kraken<\/a>.<\/span><\/p>\n<h2><span class=\"ez-toc-section\" id=\"A_Step-By-Step_Guide_on_How_to_Buy_Dogecoin_on_Kraken\"><\/span><span style=\"font-weight: 400;\">Sprievodca krok za krokom, ako si k\u00fapi\u0165 Dogecoin na Krakene<\/span><span class=\"ez-toc-section-end\"><\/span><\/h2>\n<h3><span class=\"ez-toc-section\" id=\"1_Register_an_Account_on_Kraken\"><\/span><span style=\"font-weight: 400;\">1. Zaregistrujte si \u00fa\u010det na Kraken<\/span><span class=\"ez-toc-section-end\"><\/span><\/h3>\n<p><img loading=\"lazy\" decoding=\"async\" class=\"alignnone wp-image-3406 size-full\" src=\"https:\/\/coinkickoff.com\/wp-content\/uploads\/kraken1-e1682502957481.png\" alt=\"ako k\u00fapi\u0165 Dogecoin na Kraken\" width=\"1339\" height=\"763\" srcset=\"https:\/\/coinkickoff.com\/wp-content\/uploads\/kraken1-e1682502957481.png 1339w, https:\/\/coinkickoff.com\/wp-content\/uploads\/kraken1-e1682502957481-300x171.png 300w, https:\/\/coinkickoff.com\/wp-content\/uploads\/kraken1-e1682502957481-1024x584.png 1024w, https:\/\/coinkickoff.com\/wp-content\/uploads\/kraken1-e1682502957481-768x438.png 768w, https:\/\/coinkickoff.com\/wp-content\/uploads\/kraken1-e1682502957481-18x10.png 18w\" sizes=\"auto, (max-width: 1339px) 100vw, 1339px\" \/> I<span style=\"font-weight: 400;\">Ak e\u0161te nem\u00e1te \u00fa\u010det Kraken, nav\u0161t\u00edvte <a href=\"https:\/\/kraken.pxf.io\/B0Rny4\" rel=\"nofollow noopener\" target=\"_blank\">Ofici\u00e1lna webov\u00e1 str\u00e1nka spolo\u010dnosti Kraken<\/a> a kliknite na \"Vytvori\u0165 konto\". Zadajte svoju e-mailov\u00fa adresu, pou\u017e\u00edvate\u013esk\u00e9 meno a siln\u00e9 heslo s \u010d\u00edseln\u00fdmi a \u0161peci\u00e1lnymi znakmi. Vyberte krajinu a \u0161t\u00e1t svojho bydliska a vytvorte si konto.\u00a0<\/span><\/p>\n<p><span style=\"font-weight: 400;\">Spolo\u010dnos\u0165 Kraken v\u00e1m po\u0161le overovac\u00ed e-mail a odkaz na aktiv\u00e1ciu \u00fa\u010dtu. Postupujte pod\u013ea tohto odkazu a prihl\u00e1ste sa do svojho \u00fa\u010dtu.<\/span><\/p>\n<h3><span class=\"ez-toc-section\" id=\"2_Verify_Your_Account\"><\/span><span style=\"font-weight: 400;\">2. Overenie v\u00e1\u0161ho \u00fa\u010dtu<\/span><span class=\"ez-toc-section-end\"><\/span><\/h3>\n<p><span style=\"font-weight: 400;\">Ak chcete nakupova\u0165 kryptomeny na burze Kraken, mus\u00edte splni\u0165 ich po\u017eiadavky KYC a poskytn\u00fa\u0165 niektor\u00e9 osobn\u00e9 \u00fadaje a doklad toto\u017enosti. Druh\u00fdm krokom je teda overenie va\u0161ej toto\u017enosti.<\/span><\/p>\n<p><span style=\"font-weight: 400;\">Niektor\u00e9 burzy umo\u017e\u0148uj\u00fa vklada\u0165 kryptografick\u00e9 peniaze na svoju platformu bez overenia toto\u017enosti. Upozor\u0148ujeme, \u017ee Kraken je <\/span><i><span style=\"font-weight: 400;\">nie <\/span><\/i><span style=\"font-weight: 400;\">jedna z t\u00fdchto v\u00fdmen. <\/span><b>Pred vkladom na platforme mus\u00edte overi\u0165 svoju toto\u017enos\u0165.<\/b><\/p>\n<p><span style=\"font-weight: 400;\">Spolo\u010dnos\u0165 Kraken v\u00e1m po\u0161le e-mail, v ktorom v\u00e1m pripomenie, aby ste overili svoje konto. M\u00f4\u017eete tie\u017e klikn\u00fa\u0165 na ikonu \"K\u00fapi\u0165\" na \u013eavej strane hlavnej str\u00e1nky, kde v\u00e1s Kraken okam\u017eite vyzve na dokon\u010denie overenia ID.<\/span><\/p>\n<p><img loading=\"lazy\" decoding=\"async\" class=\"alignnone wp-image-3407 size-full\" src=\"https:\/\/coinkickoff.com\/wp-content\/uploads\/kraken2-e1682502904796.png\" alt=\"Upozornenie na overenie krakena\" width=\"1378\" height=\"770\" \/><\/p>\n<p><span style=\"font-weight: 400;\">Sta\u010d\u00ed klikn\u00fa\u0165 na tla\u010didlo Overi\u0165 a budete presmerovan\u00ed na pr\u00edslu\u0161n\u00fa str\u00e1nku. Zadajte svoje z\u00e1konn\u00e9 meno, d\u00e1tum narodenia, adresu a telef\u00f3nne \u010d\u00edslo a za\u010dnite proces overovania. Kliknite na tla\u010didlo Pokra\u010dova\u0165.<\/span><\/p>\n<p><img loading=\"lazy\" decoding=\"async\" class=\"alignnone wp-image-3408 size-full\" src=\"https:\/\/coinkickoff.com\/wp-content\/uploads\/kraken3-e1682503223180.png\" alt=\"\" width=\"1375\" height=\"777\" srcset=\"https:\/\/coinkickoff.com\/wp-content\/uploads\/kraken3-e1682503223180.png 1375w, https:\/\/coinkickoff.com\/wp-content\/uploads\/kraken3-e1682503223180-300x170.png 300w, https:\/\/coinkickoff.com\/wp-content\/uploads\/kraken3-e1682503223180-1024x579.png 1024w, https:\/\/coinkickoff.com\/wp-content\/uploads\/kraken3-e1682503223180-768x434.png 768w, https:\/\/coinkickoff.com\/wp-content\/uploads\/kraken3-e1682503223180-18x10.png 18w, https:\/\/coinkickoff.com\/wp-content\/uploads\/kraken3-e1682503223180-600x338.png 600w\" sizes=\"auto, (max-width: 1375px) 100vw, 1375px\" \/><\/p>\n<p><span style=\"font-weight: 400;\">Na \u010fal\u0161ej strane budete vyzvan\u00ed, aby ste predlo\u017eili \u010fal\u0161ie dokumenty vr\u00e1tane preukazu toto\u017enosti s fotografiou, napr\u00edklad stranu pasu alebo vodi\u010dsk\u00e9ho preukazu.<\/span><\/p>\n<h3><span class=\"ez-toc-section\" id=\"3_Deposit_FundsCrypto\"><\/span><span style=\"font-weight: 400;\">3. Vkladov\u00e9 fondy\/krypto<\/span><span class=\"ez-toc-section-end\"><\/span><\/h3>\n<p><span style=\"font-weight: 400;\">Ak u\u017e vlastn\u00edte kryptomeny, m\u00f4\u017eete svoje coins ulo\u017ei\u0165 na Kraken a vymeni\u0165 ich za DOGE. V opa\u010dnom pr\u00edpade si DOGE na Krakene jednoducho k\u00fapite za fiat menu.\u00a0<\/span><\/p>\n<p><span style=\"font-weight: 400;\">D\u00f4razne odpor\u00fa\u010dame, aby ste si pred pridan\u00edm platobnej met\u00f3dy alebo uskuto\u010dnen\u00edm fiat vkladu zabezpe\u010dili svoj \u00fa\u010det dvojfaktorov\u00fdm overen\u00edm (2FA). 2FA prid\u00e1va v\u00e1\u0161mu \u00fa\u010dtu \u010fal\u0161iu \u00farove\u0148 zabezpe\u010denia.<\/span><\/p>\n<p><span style=\"font-weight: 400;\">Ak chcete aktivova\u0165 funkciu 2FA, kliknite na n\u00e1zov svojho profilu (vpravo hore) a z rozba\u013eovacej ponuky vyberte polo\u017eku \"Zabezpe\u010denie\". Kliknut\u00edm na \"Nastavenia 2FA\" upravte svoje nastavenia.<\/span><\/p>\n<p><img loading=\"lazy\" decoding=\"async\" class=\"alignnone wp-image-3409 size-full\" src=\"https:\/\/coinkickoff.com\/wp-content\/uploads\/kraken4-e1682503267822.png\" alt=\"\" width=\"1360\" height=\"795\" srcset=\"https:\/\/coinkickoff.com\/wp-content\/uploads\/kraken4-e1682503267822.png 1360w, https:\/\/coinkickoff.com\/wp-content\/uploads\/kraken4-e1682503267822-300x175.png 300w, https:\/\/coinkickoff.com\/wp-content\/uploads\/kraken4-e1682503267822-1024x599.png 1024w, https:\/\/coinkickoff.com\/wp-content\/uploads\/kraken4-e1682503267822-768x449.png 768w, https:\/\/coinkickoff.com\/wp-content\/uploads\/kraken4-e1682503267822-18x12.png 18w\" sizes=\"auto, (max-width: 1360px) 100vw, 1360px\" \/><\/p>\n<p><span style=\"font-weight: 400;\">Spolo\u010dnos\u0165 Kraken pon\u00faka nieko\u013eko mo\u017enost\u00ed 2FA. M\u00f4\u017eete si zapn\u00fa\u0165 2FA pre r\u00f4zne \u010dinnosti, ako je prihlasovanie, financovanie, obchodovanie a v\u00fdbery.<\/span><\/p>\n<p><span style=\"font-weight: 400;\"><img loading=\"lazy\" decoding=\"async\" class=\"alignnone wp-image-3405 size-full\" src=\"https:\/\/coinkickoff.com\/wp-content\/uploads\/kraken-5-e1682503294785.png\" alt=\"\" width=\"1357\" height=\"770\" srcset=\"https:\/\/coinkickoff.com\/wp-content\/uploads\/kraken-5-e1682503294785.png 1357w, https:\/\/coinkickoff.com\/wp-content\/uploads\/kraken-5-e1682503294785-300x170.png 300w, https:\/\/coinkickoff.com\/wp-content\/uploads\/kraken-5-e1682503294785-1024x581.png 1024w, https:\/\/coinkickoff.com\/wp-content\/uploads\/kraken-5-e1682503294785-768x436.png 768w, https:\/\/coinkickoff.com\/wp-content\/uploads\/kraken-5-e1682503294785-18x10.png 18w\" sizes=\"auto, (max-width: 1357px) 100vw, 1357px\" \/><\/span><\/p>\n<p><span style=\"font-weight: 400;\">Nastavenie 2FA je celkom jednoduch\u00e9. Stiahnite si aplik\u00e1ciu Google Authenticator a naskenujte QR k\u00f3d na obrazovke. Aplik\u00e1cia vygeneruje k\u00f3d, ktor\u00fd m\u00f4\u017eete zada\u0165 a aktivova\u0165 tak 2FA.\u00a0<\/span><\/p>\n<p><img loading=\"lazy\" decoding=\"async\" class=\"alignnone wp-image-3410 size-full\" src=\"https:\/\/coinkickoff.com\/wp-content\/uploads\/kraken6-e1682503322525.png\" alt=\"\" width=\"1357\" height=\"791\" \/><\/p>\n<p><span style=\"font-weight: 400;\">Po zapnut\u00ed funkcie 2FA mus\u00edte na prihl\u00e1senie do svojho konta pou\u017e\u00edva\u0165 aplik\u00e1ciu Google Authenticator. Aplik\u00e1cia vygeneruje jedine\u010dn\u00e9 jednorazov\u00e9 heslo pre ka\u017ed\u00e9 prihl\u00e1senie.<\/span><\/p>\n<p><span style=\"font-weight: 400;\">Po zapnut\u00ed funkcie 2FA m\u00f4\u017eete financova\u0165 svoj \u00fa\u010det Kraken. Existuj\u00fa dva sp\u00f4soby, ako si m\u00f4\u017eete k\u00fapi\u0165 DOGE na Krakene. M\u00f4\u017eete si na svoj \u00fa\u010det prida\u0165 okam\u017eit\u00fa platobn\u00fa met\u00f3du, napr\u00edklad kreditn\u00fa kartu, alebo prepoji\u0165 svoj bankov\u00fd \u00fa\u010det s Krakenom a jednoducho previes\u0165 finan\u010dn\u00e9 prostriedky.<\/span><\/p>\n<p><span style=\"font-weight: 400;\">Pridanie met\u00f3dy okam\u017eitej platby je r\u00fdchlej\u0161ie a jednoduch\u0161ie. Sta\u010d\u00ed klikn\u00fa\u0165 na \"Buy Crypto\" v hornom menu.<\/span><\/p>\n<p><img loading=\"lazy\" decoding=\"async\" class=\"alignnone wp-image-3412 size-full\" src=\"https:\/\/coinkickoff.com\/wp-content\/uploads\/kraken8-e1682503364155.png\" alt=\"\" width=\"1206\" height=\"781\" srcset=\"https:\/\/coinkickoff.com\/wp-content\/uploads\/kraken8-e1682503364155.png 1206w, https:\/\/coinkickoff.com\/wp-content\/uploads\/kraken8-e1682503364155-300x194.png 300w, https:\/\/coinkickoff.com\/wp-content\/uploads\/kraken8-e1682503364155-1024x663.png 1024w, https:\/\/coinkickoff.com\/wp-content\/uploads\/kraken8-e1682503364155-768x497.png 768w, https:\/\/coinkickoff.com\/wp-content\/uploads\/kraken8-e1682503364155-18x12.png 18w\" sizes=\"auto, (max-width: 1206px) 100vw, 1206px\" \/><\/p>\n<p><span style=\"font-weight: 400;\">Na novej str\u00e1nke vyberte polo\u017eku \"Sp\u00f4soby platby\".<\/span><\/p>\n<p><span style=\"font-weight: 400;\">Kliknite na polo\u017eku \"Prida\u0165 sp\u00f4soby platby\". M\u00f4\u017eete prida\u0165 <\/span><a href=\"https:\/\/support.kraken.com\/hc\/en-us\/articles\/360048212832-Visa-and-MasterCard-purchases\" target=\"_blank\" rel=\"noopener\"><span style=\"font-weight: 400;\">debetn\u00e1\/kreditn\u00e1 karta Visa a Mastercard<\/span><\/a><span style=\"font-weight: 400;\"> alebo vlo\u017ei\u0165 hotovos\u0165 na svoj \u00fa\u010det prostredn\u00edctvom online bankovn\u00edctva.<\/span><\/p>\n<p><img loading=\"lazy\" decoding=\"async\" class=\"alignnone wp-image-3413 size-full\" src=\"https:\/\/coinkickoff.com\/wp-content\/uploads\/kraken9-e1682503407337.png\" alt=\"\" width=\"1196\" height=\"776\" srcset=\"https:\/\/coinkickoff.com\/wp-content\/uploads\/kraken9-e1682503407337.png 1196w, https:\/\/coinkickoff.com\/wp-content\/uploads\/kraken9-e1682503407337-300x195.png 300w, https:\/\/coinkickoff.com\/wp-content\/uploads\/kraken9-e1682503407337-1024x664.png 1024w, https:\/\/coinkickoff.com\/wp-content\/uploads\/kraken9-e1682503407337-768x498.png 768w, https:\/\/coinkickoff.com\/wp-content\/uploads\/kraken9-e1682503407337-18x12.png 18w\" sizes=\"auto, (max-width: 1196px) 100vw, 1196px\" \/><\/p>\n<p><span style=\"font-weight: 400;\">Kliknite na uprednost\u0148ovan\u00fd sp\u00f4sob a zadajte pr\u00edslu\u0161n\u00e9 inform\u00e1cie.\u00a0<\/span><\/p>\n<p><span style=\"font-weight: 400;\">N\u00e1kupy kreditnou a debetnou kartou s\u00fa r\u00fdchlej\u0161ie, ale zvy\u010dajne drah\u0161ie, preto\u017ee poskytovatelia kariet si \u00fa\u010dtuj\u00fa dodato\u010dn\u00e9 poplatky.<\/span><\/p>\n<p><span style=\"font-weight: 400;\">Ak si vyberiete vklad v hotovosti, m\u00f4\u017eete svoj \u00fa\u010det financova\u0165 prostredn\u00edctvom internetov\u00e9ho bankovn\u00edctva. Vyberte si menu, v ktorej chcete vklada\u0165, a vyberte sp\u00f4sob vkladu.<\/span><\/p>\n<p><img loading=\"lazy\" decoding=\"async\" class=\"alignnone wp-image-3414 size-full\" src=\"https:\/\/coinkickoff.com\/wp-content\/uploads\/kraken-deposit.png\" alt=\"\" width=\"752\" height=\"298\" srcset=\"https:\/\/coinkickoff.com\/wp-content\/uploads\/kraken-deposit.png 752w, https:\/\/coinkickoff.com\/wp-content\/uploads\/kraken-deposit-300x119.png 300w, https:\/\/coinkickoff.com\/wp-content\/uploads\/kraken-deposit-18x7.png 18w\" sizes=\"auto, (max-width: 752px) 100vw, 752px\" \/> <img loading=\"lazy\" decoding=\"async\" class=\"alignnone wp-image-3415 size-full\" src=\"https:\/\/coinkickoff.com\/wp-content\/uploads\/kraken-deposit-2.png\" alt=\"\" width=\"808\" height=\"547\" srcset=\"https:\/\/coinkickoff.com\/wp-content\/uploads\/kraken-deposit-2.png 808w, https:\/\/coinkickoff.com\/wp-content\/uploads\/kraken-deposit-2-300x203.png 300w, https:\/\/coinkickoff.com\/wp-content\/uploads\/kraken-deposit-2-768x520.png 768w, https:\/\/coinkickoff.com\/wp-content\/uploads\/kraken-deposit-2-18x12.png 18w\" sizes=\"auto, (max-width: 808px) 100vw, 808px\" \/><\/p>\n<p><span style=\"font-weight: 400;\">Pri odosielan\u00ed finan\u010dn\u00fdch prostriedkov na \u00fa\u010det Kraken si pozorne pre\u010d\u00edtajte v\u0161etky pokyny. Mo\u017eno budete musie\u0165 zada\u0165 referen\u010dn\u00fd k\u00f3d, aby sa v\u00e1\u0161 vklad dostal na \u00fa\u010det Kraken.<\/span><\/p>\n<p><span style=\"font-weight: 400;\">Finan\u010dn\u00e9 prostriedky by v\u00e1m mali pr\u00eds\u0165 na \u00fa\u010det do nieko\u013ek\u00fdch dn\u00ed, ale pozor na bankov\u00e9 sviatky a in\u00e9 mo\u017en\u00e9 oneskorenia. To, \u010di va\u0161e prostriedky dorazili, si m\u00f4\u017eete skontrolova\u0165 kliknut\u00edm na kartu \"Obchod\" alebo \"Financovanie\".<\/span><\/p>\n<h3><span class=\"ez-toc-section\" id=\"4_Navigate_to_the_Relevant_Screen_to_Buy\"><\/span><span style=\"font-weight: 400;\">4. Prejdite na pr\u00edslu\u0161n\u00fa obrazovku a nakupte<\/span><span class=\"ez-toc-section-end\"><\/span><\/h3>\n<p><span style=\"font-weight: 400;\">Existuj\u00fa dva sp\u00f4soby n\u00e1kupu DOGE na Krakene. Prv\u00fd a najjednoduch\u0161\u00ed sp\u00f4sob je pou\u017ei\u0165 jednoduch\u00fd widget Buy\/Sell. Kliknite na z\u00e1lo\u017eku \"Buy Crypto\" (K\u00fapi\u0165 kryptografiu) na ovl\u00e1dacom paneli (hore uprostred) a vyberte mo\u017enos\u0165 \"Buy\" (K\u00fapi\u0165).<\/span><\/p>\n<p><span style=\"font-weight: 400;\">Z rozba\u013eovacej ponuky na widgete vyberte DOGE a zadajte, ko\u013eko chcete min\u00fa\u0165. Vyberte sp\u00f4sob platby (kreditnou\/debetnou kartou alebo v hotovosti).<\/span><\/p>\n<p><span style=\"font-weight: 400;\">Kraken zobrazuje, ko\u013eko DOGE dostanete za svoje peniaze, a v\u0161etky pr\u00edslu\u0161n\u00e9 poplatky, ktor\u00e9 sa vz\u0165ahuj\u00fa na v\u00e1\u0161 n\u00e1kup. Kliknite na tla\u010didlo Potvrdi\u0165 a je to hotov\u00e9.\u00a0<\/span><\/p>\n<p><span style=\"font-weight: 400;\">Hoci je t\u00e1to met\u00f3da skvel\u00e1 pre za\u010d\u00ednaj\u00facich pou\u017e\u00edvate\u013eov, v skuto\u010dnosti existuje lacnej\u0161\u00ed sp\u00f4sob, ako si k\u00fapi\u0165 DOGE na Krakene.<\/span><\/p>\n<p><img loading=\"lazy\" decoding=\"async\" class=\"alignnone wp-image-3416 size-full\" src=\"https:\/\/coinkickoff.com\/wp-content\/uploads\/kraken-trade1.png\" alt=\"\" width=\"1139\" height=\"206\" srcset=\"https:\/\/coinkickoff.com\/wp-content\/uploads\/kraken-trade1.png 1139w, https:\/\/coinkickoff.com\/wp-content\/uploads\/kraken-trade1-300x54.png 300w, https:\/\/coinkickoff.com\/wp-content\/uploads\/kraken-trade1-1024x185.png 1024w, https:\/\/coinkickoff.com\/wp-content\/uploads\/kraken-trade1-768x139.png 768w, https:\/\/coinkickoff.com\/wp-content\/uploads\/kraken-trade1-18x3.png 18w\" sizes=\"auto, (max-width: 1139px) 100vw, 1139px\" \/><\/p>\n<p><span style=\"font-weight: 400;\">Na hlavnom paneli vyberte polo\u017eku \"Obchod\". Kliknite na kartu \"Nov\u00e1 objedn\u00e1vka\" a vyberte mo\u017enos\u0165 \"Jednoduch\u00e1 objedn\u00e1vka\".\u00a0<\/span>\u00a0\u00a0<img loading=\"lazy\" decoding=\"async\" class=\"alignnone wp-image-3419 size-full\" src=\"https:\/\/coinkickoff.com\/wp-content\/uploads\/kraken-trade4-e1682504018815.png\" alt=\"\" width=\"1220\" height=\"309\" srcset=\"https:\/\/coinkickoff.com\/wp-content\/uploads\/kraken-trade4-e1682504018815.png 1220w, https:\/\/coinkickoff.com\/wp-content\/uploads\/kraken-trade4-e1682504018815-300x76.png 300w, https:\/\/coinkickoff.com\/wp-content\/uploads\/kraken-trade4-e1682504018815-1024x259.png 1024w, https:\/\/coinkickoff.com\/wp-content\/uploads\/kraken-trade4-e1682504018815-768x195.png 768w, https:\/\/coinkickoff.com\/wp-content\/uploads\/kraken-trade4-e1682504018815-18x5.png 18w\" sizes=\"auto, (max-width: 1220px) 100vw, 1220px\" \/><span style=\"font-weight: 400;\">Upravte typy mien v objedn\u00e1vkovom formul\u00e1ri. M\u00f4\u017eete napr\u00edklad upravi\u0165 st\u013apec v\u00fddavkov na USD a st\u013apec n\u00e1kupu na DOGE.<\/span><\/p>\n<p><span style=\"font-weight: 400;\">Do st\u013apca v\u00fddavkov zadajte sumu, ktor\u00fa chcete min\u00fa\u0165. Na karte cena zadajte cenu, za ktor\u00fa chcete DOGE k\u00fapi\u0165. Automaticky sa v\u00e1m pon\u00fakne pevn\u00e1 trhov\u00e1 cena, ale cenu si m\u00f4\u017eete nastavi\u0165 aj sami.<\/span><\/p>\n<p><span style=\"font-weight: 400;\">Ak akceptujete pon\u00fakan\u00fa trhov\u00fa cenu, zad\u00e1te trhov\u00fd pr\u00edkaz. Znamen\u00e1 to jednoducho, \u017ee va\u0161a objedn\u00e1vka bude splnen\u00e1 pomerne r\u00fdchlo, preto\u017ee prij\u00edmate ponuku niekoho in\u00e9ho na predaj DOGE za cenu, ktor\u00fa stanovil.\u00a0<\/span><\/p>\n<p><span style=\"font-weight: 400;\">Ak si cenu stanov\u00edte sami, realiz\u00e1cia predaja m\u00f4\u017ee trva\u0165 o nie\u010do dlh\u0161ie, preto\u017ee niekto in\u00fd mus\u00ed s\u00fahlasi\u0165 s predajom DOGE za t\u00fato cenu. To je inak zn\u00e1me ako limitn\u00fd pr\u00edkaz.<\/span><\/p>\n<p><span style=\"font-weight: 400;\">Skontrolujte svoju objedn\u00e1vku a kliknite na tla\u010didlo \"K\u00fapi\u0165\".<\/span><\/p>\n<p><span style=\"font-weight: 400;\">Kliknut\u00edm na kartu objedn\u00e1vky m\u00f4\u017eete zisti\u0165, \u010di bola transakcia dokon\u010den\u00e1. Ak je objedn\u00e1vka uzavret\u00e1, coin ste \u00faspe\u0161ne k\u00fapili. Ak je objedn\u00e1vka otvoren\u00e1, st\u00e1le \u010dak\u00e1te, k\u00fdm v\u00e1m niekto pred\u00e1 DOGE.<\/span><\/p>\n<p><span style=\"font-weight: 400;\">To je v\u0161etko. Gratulujeme!\u00a0<\/span><\/p>","protected":false},"excerpt":{"rendered":"<p>Ako k\u00fapi\u0165 Dogecoin na burze Kraken Dogecoin (DOGE) je jednou z najv\u00e4\u010d\u0161\u00edch kryptomien pod\u013ea trhovej kapitaliz\u00e1cie, napriek tomu alebo mo\u017eno pr\u00e1ve preto, \u017ee je prvou meme coin na svete. token bola spusten\u00e1 najm\u00e4 ako vtip, in\u0161pirovan\u00fd \"doge meme\", ale r\u00fdchlo si z\u00edskala popularitu v\u010faka internetu a soci\u00e1lnym m\u00e9di\u00e1m. Ak [...]<\/p>","protected":false},"author":3,"featured_media":155,"parent":3196,"menu_order":0,"comment_status":"closed","ping_status":"closed","template":"","meta":{"_genesis_hide_title":false,"_genesis_hide_breadcrumbs":false,"_genesis_hide_singular_image":false,"_genesis_hide_footer_widgets":false,"_genesis_custom_body_class":"","_genesis_custom_post_class":"","_genesis_layout":"","_glsr_average":0,"_glsr_ranking":0,"_glsr_reviews":0,"footnotes":""},"class_list":{"0":"post-3404","1":"page","2":"type-page","3":"status-publish","4":"has-post-thumbnail","6":"entry"},"featured_image_src":"https:\/\/coinkickoff.com\/wp-content\/uploads\/2022\/06\/Dogecoin-DOGE-600x400.jpg","featured_image_src_square":"https:\/\/coinkickoff.com\/wp-content\/uploads\/2022\/06\/Dogecoin-DOGE-600x600.jpg","_links":{"self":[{"href":"https:\/\/coinkickoff.com\/sk\/wp-json\/wp\/v2\/pages\/3404","targetHints":{"allow":["GET"]}}],"collection":[{"href":"https:\/\/coinkickoff.com\/sk\/wp-json\/wp\/v2\/pages"}],"about":[{"href":"https:\/\/coinkickoff.com\/sk\/wp-json\/wp\/v2\/types\/page"}],"author":[{"embeddable":true,"href":"https:\/\/coinkickoff.com\/sk\/wp-json\/wp\/v2\/users\/3"}],"replies":[{"embeddable":true,"href":"https:\/\/coinkickoff.com\/sk\/wp-json\/wp\/v2\/comments?post=3404"}],"version-history":[{"count":3,"href":"https:\/\/coinkickoff.com\/sk\/wp-json\/wp\/v2\/pages\/3404\/revisions"}],"predecessor-version":[{"id":4494,"href":"https:\/\/coinkickoff.com\/sk\/wp-json\/wp\/v2\/pages\/3404\/revisions\/4494"}],"up":[{"embeddable":true,"href":"https:\/\/coinkickoff.com\/sk\/wp-json\/wp\/v2\/pages\/3196"}],"wp:featuredmedia":[{"embeddable":true,"href":"https:\/\/coinkickoff.com\/sk\/wp-json\/wp\/v2\/media\/155"}],"wp:attachment":[{"href":"https:\/\/coinkickoff.com\/sk\/wp-json\/wp\/v2\/media?parent=3404"}],"curies":[{"name":"wp","href":"https:\/\/api.w.org\/{rel}","templated":true}]}}