{"id":3394,"date":"2026-01-08T14:07:29","date_gmt":"2026-01-08T14:07:29","guid":{"rendered":"https:\/\/coinkickoff.com\/?page_id=3394"},"modified":"2026-01-08T14:07:29","modified_gmt":"2026-01-08T14:07:29","slug":"how-to-buy-dogecoin-on-poloniex","status":"publish","type":"page","link":"https:\/\/coinkickoff.com\/sk\/how-to-buy-dogecoin\/how-to-buy-dogecoin-on-poloniex\/","title":{"rendered":"Ako k\u00fapi\u0165 Dogecoin (DOGE) na Poloniex"},"content":{"rendered":"<h2><span style=\"font-weight: 400;\"><img loading=\"lazy\" decoding=\"async\" class=\"alignnone wp-image-155 size-full\" src=\"https:\/\/coinkickoff.com\/wp-content\/uploads\/2022\/06\/Dogecoin-DOGE.jpg\" alt=\"ako k\u00fapi\u0165 dogecoin na poloniex\" width=\"1000\" height=\"800\" srcset=\"https:\/\/coinkickoff.com\/wp-content\/uploads\/2022\/06\/Dogecoin-DOGE.jpg 1000w, https:\/\/coinkickoff.com\/wp-content\/uploads\/2022\/06\/Dogecoin-DOGE-300x240.jpg 300w, https:\/\/coinkickoff.com\/wp-content\/uploads\/2022\/06\/Dogecoin-DOGE-768x614.jpg 768w, https:\/\/coinkickoff.com\/wp-content\/uploads\/2022\/06\/Dogecoin-DOGE-15x12.jpg 15w\" sizes=\"auto, (max-width: 1000px) 100vw, 1000px\" \/><\/span><\/h2>\n<div id=\"ez-toc-container\" class=\"ez-toc-v2_0_80 counter-hierarchy ez-toc-counter ez-toc-transparent ez-toc-container-direction\">\n<div class=\"ez-toc-title-container\">\n<p class=\"ez-toc-title\" style=\"cursor:inherit\">Sekcie<\/p>\n<span class=\"ez-toc-title-toggle\"><a href=\"#\" class=\"ez-toc-pull-right ez-toc-btn ez-toc-btn-xs ez-toc-btn-default ez-toc-toggle\" aria-label=\"Prep\u00ednanie tabu\u013eky obsahu\"><span class=\"ez-toc-js-icon-con\"><span class=\"\"><span class=\"eztoc-hide\" style=\"display:none;\">Prep\u00edna\u010d<\/span><span class=\"ez-toc-icon-toggle-span\"><svg style=\"fill: #999;color:#999\" xmlns=\"http:\/\/www.w3.org\/2000\/svg\" class=\"list-377408\" width=\"20px\" height=\"20px\" viewbox=\"0 0 24 24\" fill=\"none\"><path d=\"M6 6H4v2h2V6zm14 0H8v2h12V6zM4 11h2v2H4v-2zm16 0H8v2h12v-2zM4 16h2v2H4v-2zm16 0H8v2h12v-2z\" fill=\"currentColor\"><\/path><\/svg><svg style=\"fill: #999;color:#999\" class=\"arrow-unsorted-368013\" xmlns=\"http:\/\/www.w3.org\/2000\/svg\" width=\"10px\" height=\"10px\" viewbox=\"0 0 24 24\" version=\"1.2\" baseprofile=\"tiny\"><path d=\"M18.2 9.3l-6.2-6.3-6.2 6.3c-.2.2-.3.4-.3.7s.1.5.3.7c.2.2.4.3.7.3h11c.3 0 .5-.1.7-.3.2-.2.3-.5.3-.7s-.1-.5-.3-.7zM5.8 14.7l6.2 6.3 6.2-6.3c.2-.2.3-.5.3-.7s-.1-.5-.3-.7c-.2-.2-.4-.3-.7-.3h-11c-.3 0-.5.1-.7.3-.2.2-.3.5-.3.7s.1.5.3.7z\"\/><\/svg><\/span><\/span><\/span><\/a><\/span><\/div>\n<nav><ul class='ez-toc-list ez-toc-list-level-1 eztoc-toggle-hide-by-default' ><li class='ez-toc-page-1 ez-toc-heading-level-2'><a class=\"ez-toc-link ez-toc-heading-1\" href=\"https:\/\/coinkickoff.com\/sk\/how-to-buy-dogecoin\/how-to-buy-dogecoin-on-poloniex\/#How_to_Buy_Dogecoin_on_Poloniex\" >Ako k\u00fapi\u0165 Dogecoin na Poloniex<\/a><\/li><li class='ez-toc-page-1 ez-toc-heading-level-2'><a class=\"ez-toc-link ez-toc-heading-2\" href=\"https:\/\/coinkickoff.com\/sk\/how-to-buy-dogecoin\/how-to-buy-dogecoin-on-poloniex\/#A_Step-By-Step_Guide_on_How_to_Buy_Dogecoin_on_Poloniex\" >Sprievodca krok za krokom, ako k\u00fapi\u0165 Dogecoin na Poloniex<\/a><ul class='ez-toc-list-level-3' ><li class='ez-toc-heading-level-3'><a class=\"ez-toc-link ez-toc-heading-3\" href=\"https:\/\/coinkickoff.com\/sk\/how-to-buy-dogecoin\/how-to-buy-dogecoin-on-poloniex\/#1_Register_an_Account\" >1. Zaregistrujte si \u00fa\u010det<\/a><\/li><li class='ez-toc-page-1 ez-toc-heading-level-3'><a class=\"ez-toc-link ez-toc-heading-4\" href=\"https:\/\/coinkickoff.com\/sk\/how-to-buy-dogecoin\/how-to-buy-dogecoin-on-poloniex\/#2_Verify_Your_Account\" >2. Overenie v\u00e1\u0161ho \u00fa\u010dtu<\/a><\/li><li class='ez-toc-page-1 ez-toc-heading-level-3'><a class=\"ez-toc-link ez-toc-heading-5\" href=\"https:\/\/coinkickoff.com\/sk\/how-to-buy-dogecoin\/how-to-buy-dogecoin-on-poloniex\/#3_Buy_Crypto\" >3. K\u00fapte si kryptografiu<\/a><\/li><li class='ez-toc-page-1 ez-toc-heading-level-3'><a class=\"ez-toc-link ez-toc-heading-6\" href=\"https:\/\/coinkickoff.com\/sk\/how-to-buy-dogecoin\/how-to-buy-dogecoin-on-poloniex\/#4_Trade_USDT_for_DOGE\" >4. Vyme\u0148te USDT za DOGE<\/a><\/li><\/ul><\/li><\/ul><\/nav><\/div>\n<h2><span class=\"ez-toc-section\" id=\"How_to_Buy_Dogecoin_on_Poloniex\"><\/span><span style=\"font-weight: 400;\">Ako k\u00fapi\u0165 Dogecoin na Poloniex<\/span><span class=\"ez-toc-section-end\"><\/span><\/h2>\n<p><span style=\"font-weight: 400;\">Aj ke\u010f <a href=\"https:\/\/coinkickoff.com\/sk\/dogecoin-doge\/\">DOGE<\/a> nem\u00e1 pr\u00edpad pou\u017eitia, je pomerne popul\u00e1rny a mo\u017eno ho n\u00e1js\u0165 na v\u00e4\u010d\u0161ine <a href=\"https:\/\/coinkickoff.com\/sk\/crypto-exchanges\/\" data-internallinksmanager029f6b8e52c=\"141\" title=\"21 Najlep\u0161ie kryptomenov\u00e9 burzy a aplik\u00e1cie v roku 2024\">kryptografick\u00e9 burzy<\/a>, vr\u00e1tane <a href=\"https:\/\/coinkickoff.com\/sk\/poloniex-review\/\">Poloniex<\/a>. coin je ve\u013emi lacn\u00fd a celkom bezcenn\u00fd.\u00a0<\/span><\/p>\n<p><span style=\"font-weight: 400;\">Ak sa chcete zapoji\u0165 do tohto vtipu a k\u00fapi\u0165 si <a href=\"https:\/\/coinkickoff.com\/sk\/dogecoin-doge\/\" data-internallinksmanager029f6b8e52c=\"14\" title=\"\u010co je Dogecoin (DOGE)? Ako funguje a kde ho k\u00fapi\u0165?\">Dogecoin<\/a> ale neviete, kde za\u010da\u0165, ste na spr\u00e1vnom mieste. M\u00e1me pre v\u00e1s podrobn\u00fd n\u00e1vod, ako si k\u00fapi\u0165 Dogecoin na <a href=\"https:\/\/coinkickoff.com\/sk\/poloniex-review\/\" data-internallinksmanager029f6b8e52c=\"164\" title=\"Poloniex Recenzie 2023: poplatky, funkcie, bezpe\u010dnos\u0165, klady a z\u00e1pory\">Poloniex<\/a>. Tak a je to tu.<\/span><\/p>\n<h2><span class=\"ez-toc-section\" id=\"A_Step-By-Step_Guide_on_How_to_Buy_Dogecoin_on_Poloniex\"><\/span><span style=\"font-weight: 400;\">Sprievodca krok za krokom, ako k\u00fapi\u0165 Dogecoin na Poloniex<\/span><span class=\"ez-toc-section-end\"><\/span><\/h2>\n<h3><span class=\"ez-toc-section\" id=\"1_Register_an_Account\"><\/span><span style=\"font-weight: 400;\">1. Zaregistrujte si \u00fa\u010det<\/span><span class=\"ez-toc-section-end\"><\/span><\/h3>\n<p><span style=\"font-weight: 400;\">Najprv prejdite na <a href=\"https:\/\/poloniex.com\/signup?c=NLAGMVE5\" target=\"_blank\" rel=\"noopener\">Poloniex<\/a> a kliknut\u00edm na tla\u010didlo \"Zaregistrova\u0165 sa\" si vytvorte konto.\u00a0<\/span><\/p>\n<p><img loading=\"lazy\" decoding=\"async\" class=\"alignnone wp-image-3397 size-full\" src=\"https:\/\/coinkickoff.com\/wp-content\/uploads\/poloniex-sign-up.png\" alt=\"registr\u00e1cia na poloniex\" width=\"1436\" height=\"653\" srcset=\"https:\/\/coinkickoff.com\/wp-content\/uploads\/poloniex-sign-up.png 1436w, https:\/\/coinkickoff.com\/wp-content\/uploads\/poloniex-sign-up-300x136.png 300w, https:\/\/coinkickoff.com\/wp-content\/uploads\/poloniex-sign-up-1024x466.png 1024w, https:\/\/coinkickoff.com\/wp-content\/uploads\/poloniex-sign-up-768x349.png 768w, https:\/\/coinkickoff.com\/wp-content\/uploads\/poloniex-sign-up-18x8.png 18w\" sizes=\"auto, (max-width: 1436px) 100vw, 1436px\" \/><\/p>\n<p><span style=\"font-weight: 400;\">Sta\u010d\u00ed zada\u0165 platn\u00fd e-mail a heslo a zaregistrova\u0165 sa. Na svoju e-mailov\u00fa adresu dostanete overovac\u00ed k\u00f3d. Pomocou tohto k\u00f3du sa prihl\u00e1ste do svojho \u00fa\u010dtu.\u00a0\u00a0<\/span><\/p>\n<h3><span class=\"ez-toc-section\" id=\"2_Verify_Your_Account\"><\/span><span style=\"font-weight: 400;\">2. Overenie v\u00e1\u0161ho \u00fa\u010dtu<\/span><span class=\"ez-toc-section-end\"><\/span><\/h3>\n<p><span style=\"font-weight: 400;\">Na burze Poloniex m\u00f4\u017eete obchodova\u0165 bez overovania svojej toto\u017enosti. Poloniex v\u00e1m umo\u017e\u0148uje vklada\u0165 a vybera\u0165 kryptografick\u00e9 peniaze bez overenia. Na n\u00e1kup kryptomien za fiat menu m\u00f4\u017eete pou\u017ei\u0165 aj poskytovate\u013eov platieb tret\u00edch str\u00e1n, mus\u00edte v\u0161ak dodr\u017eiava\u0165 z\u00e1sady KYC t\u00fdchto tret\u00edch str\u00e1n.<\/span><\/p>\n<p><img loading=\"lazy\" decoding=\"async\" class=\"alignnone wp-image-3398 size-full\" src=\"https:\/\/coinkickoff.com\/wp-content\/uploads\/poloniex-verification.png\" alt=\"overenie poloniex\" width=\"1437\" height=\"679\" srcset=\"https:\/\/coinkickoff.com\/wp-content\/uploads\/poloniex-verification.png 1437w, https:\/\/coinkickoff.com\/wp-content\/uploads\/poloniex-verification-300x142.png 300w, https:\/\/coinkickoff.com\/wp-content\/uploads\/poloniex-verification-1024x484.png 1024w, https:\/\/coinkickoff.com\/wp-content\/uploads\/poloniex-verification-768x363.png 768w, https:\/\/coinkickoff.com\/wp-content\/uploads\/poloniex-verification-18x9.png 18w\" sizes=\"auto, (max-width: 1437px) 100vw, 1437px\" \/><\/p>\n<p><span style=\"font-weight: 400;\">Napriek tomu m\u00f4\u017eete dokon\u010di\u0165 overenie toto\u017enosti, aby ste zv\u00fd\u0161ili svoje limity na v\u00fdber. Kliknite na ikonu profilu v pravom hornom rohu webovej str\u00e1nky a vyberte polo\u017eku \"Profil\".<\/span><\/p>\n<p><span style=\"font-weight: 400;\">Na str\u00e1nke svojho profilu uvid\u00edte svoju \u00farove\u0148 overenia ako overen\u00fa \u00farove\u0148 1, \u010do plat\u00ed pre v\u0161etky nov\u00e9 \u00fa\u010dty. Na str\u00e1nke m\u00f4\u017eete vidie\u0165 obmedzenia svojej \u00farovne overenia a nie je ich ve\u013ea. \u010eal\u0161ie overenie v\u00e1m umo\u017en\u00ed zv\u00fd\u0161i\u0165 denn\u00fd limit v\u00fdberu na 500 000 USD.\u00a0<\/span><\/p>\n<p><span style=\"font-weight: 400;\">Ak chcete zv\u00fd\u0161i\u0165 svoj limit, kliknite na tla\u010didlo \"Za\u010da\u0165\", ale DOGE si m\u00f4\u017eete k\u00fapi\u0165 na platforme aj bez toho.<\/span><\/p>\n<h3><span class=\"ez-toc-section\" id=\"3_Buy_Crypto\"><\/span><span style=\"font-weight: 400;\">3. K\u00fapte si kryptografiu<\/span><span class=\"ez-toc-section-end\"><\/span><\/h3>\n<p><span style=\"font-weight: 400;\">Vybran\u00e9 kryptomeny si m\u00f4\u017eete k\u00fapi\u0165 za fiat menu na burze Poloniex. Kliknite na \"Buy Crypto\" v \u013eavej hornej \u010dasti ovl\u00e1dacieho panela. Zadajte sumu USD, ktor\u00fa chcete min\u00fa\u0165, a vyberte coin, ktor\u00fa chcete k\u00fapi\u0165. Pomocou tohto n\u00e1stroja m\u00f4\u017eete nakupova\u0165 digit\u00e1lne akt\u00edva, ako napr. <a href=\"https:\/\/coinkickoff.com\/sk\/bitcoin-btc\/\" data-internallinksmanager029f6b8e52c=\"1\" title=\"\u010co je Bitcoin (BTC)? Cena, hist\u00f3ria a kde k\u00fapi\u0165\">Bitcoin<\/a>, <a href=\"https:\/\/coinkickoff.com\/sk\/ethereum-eth\/\" data-internallinksmanager029f6b8e52c=\"2\" title=\"\u010co je Ethereum (ETH)? Cena, hist\u00f3ria a kde k\u00fapi\u0165\">Ethereum<\/a>, <a href=\"https:\/\/coinkickoff.com\/sk\/tether-usdt\/\" data-internallinksmanager029f6b8e52c=\"3\" title=\"\u010co je Tether (USDT)? Ako funguje a kde ho k\u00fapi\u0165?\">USDT<\/a>a <a href=\"https:\/\/coinkickoff.com\/sk\/usd-coin-usdc\/\" data-internallinksmanager029f6b8e52c=\"8\" title=\"\u010co je USD Coin (USDC)? Ako funguje a kde ho k\u00fapi\u0165?\">USDC<\/a>.\u00a0<\/span><\/p>\n<p><span style=\"font-weight: 400;\">Ke\u010f\u017ee Poloniex m\u00e1 trhy USDT\/DOGE a USDC\/DOGE, je dobr\u00e9 k\u00fapi\u0165 si jednu zo stabiln\u00fdch coins.<\/span><\/p>\n<p><span style=\"font-weight: 400;\">Po zadan\u00ed sumy, ktor\u00fa chcete min\u00fa\u0165, vyberte poskytovate\u013ea platby. Poskytovatelia sa l\u00ed\u0161ia v z\u00e1vislosti od va\u0161ej krajiny.<\/span><\/p>\n<p><span style=\"font-weight: 400;\">Presk\u00famajte podrobnosti objedn\u00e1vky, potvr\u010fte podmienky a kliknite na tla\u010didlo \"Odosla\u0165\". Budete presmerovan\u00ed na nov\u00fa str\u00e1nku, kde potvrd\u00edte svoju objedn\u00e1vku a dokon\u010d\u00edte overenie toto\u017enosti pod\u013ea pravidiel poskytovate\u013ea platby.<\/span><\/p>\n<p><img loading=\"lazy\" decoding=\"async\" class=\"alignnone wp-image-3399 size-full\" src=\"https:\/\/coinkickoff.com\/wp-content\/uploads\/poloniex-buy-crypto.png\" alt=\"\" width=\"1436\" height=\"793\" srcset=\"https:\/\/coinkickoff.com\/wp-content\/uploads\/poloniex-buy-crypto.png 1436w, https:\/\/coinkickoff.com\/wp-content\/uploads\/poloniex-buy-crypto-300x166.png 300w, https:\/\/coinkickoff.com\/wp-content\/uploads\/poloniex-buy-crypto-1024x565.png 1024w, https:\/\/coinkickoff.com\/wp-content\/uploads\/poloniex-buy-crypto-768x424.png 768w, https:\/\/coinkickoff.com\/wp-content\/uploads\/poloniex-buy-crypto-18x10.png 18w\" sizes=\"auto, (max-width: 1436px) 100vw, 1436px\" \/><\/p>\n<h3><span class=\"ez-toc-section\" id=\"4_Trade_USDT_for_DOGE\"><\/span><span style=\"font-weight: 400;\">4. Vyme\u0148te USDT za DOGE<\/span><span class=\"ez-toc-section-end\"><\/span><\/h3>\n<p><span style=\"font-weight: 400;\">V tomto kroku vymen\u00edte svoj stabiln\u00fdcoin za Dogecoin. Kliknite na polo\u017eku Obchod v hornom menu a vyberte mo\u017enos\u0165 \"spotov\u00e9 obchodovanie\".<\/span><\/p>\n<p><span style=\"font-weight: 400;\">Na novej str\u00e1nke kliknite na p\u00e1rovanie BTC\/USDT v \u013eavom hornom rohu str\u00e1nky (priamo nad grafom) a vyh\u013eadajte DOGE. Vyberte p\u00e1r DOGE\/stabiln\u00fdcoin. Ak ste si k\u00fapili USDT, m\u00f4\u017eete si vybra\u0165 USDT\/DOGE.<\/span><\/p>\n<p><img loading=\"lazy\" decoding=\"async\" class=\"alignnone wp-image-3401 size-full\" src=\"https:\/\/coinkickoff.com\/wp-content\/uploads\/poloniex-usdt-doge-trade2.png\" alt=\"\" width=\"1438\" height=\"651\" srcset=\"https:\/\/coinkickoff.com\/wp-content\/uploads\/poloniex-usdt-doge-trade2.png 1438w, https:\/\/coinkickoff.com\/wp-content\/uploads\/poloniex-usdt-doge-trade2-300x136.png 300w, https:\/\/coinkickoff.com\/wp-content\/uploads\/poloniex-usdt-doge-trade2-1024x464.png 1024w, https:\/\/coinkickoff.com\/wp-content\/uploads\/poloniex-usdt-doge-trade2-768x348.png 768w, https:\/\/coinkickoff.com\/wp-content\/uploads\/poloniex-usdt-doge-trade2-18x8.png 18w\" sizes=\"auto, (max-width: 1438px) 100vw, 1438px\" \/><\/p>\n<p><span style=\"font-weight: 400;\">Teraz u\u017e len sta\u010d\u00ed zada\u0165, ko\u013eko DOGE chcete k\u00fapi\u0165 (alebo ko\u013eko USDT chcete preda\u0165) do mal\u00e9ho pol\u00ed\u010dka na pravej strane obrazovky. Ke\u010f ste pripraven\u00ed zada\u0165 objedn\u00e1vku, kliknite na tla\u010didlo K\u00fapi\u0165 DOGE.<\/span><\/p>\n<p><img loading=\"lazy\" decoding=\"async\" class=\"alignnone wp-image-3400 size-full\" src=\"https:\/\/coinkickoff.com\/wp-content\/uploads\/POLONIEX-DOGE-USDT-TRADE.png\" alt=\"poloniex trade\" width=\"1432\" height=\"637\" srcset=\"https:\/\/coinkickoff.com\/wp-content\/uploads\/POLONIEX-DOGE-USDT-TRADE.png 1432w, https:\/\/coinkickoff.com\/wp-content\/uploads\/POLONIEX-DOGE-USDT-TRADE-300x133.png 300w, https:\/\/coinkickoff.com\/wp-content\/uploads\/POLONIEX-DOGE-USDT-TRADE-1024x456.png 1024w, https:\/\/coinkickoff.com\/wp-content\/uploads\/POLONIEX-DOGE-USDT-TRADE-768x342.png 768w, https:\/\/coinkickoff.com\/wp-content\/uploads\/POLONIEX-DOGE-USDT-TRADE-18x8.png 18w\" sizes=\"auto, (max-width: 1432px) 100vw, 1432px\" \/><br \/>\n<span style=\"font-weight: 400;\">To je v\u0161etko, gratulujeme! Teraz u\u017e viete, ako k\u00fapi\u0165 Dogecoin na Poloniex. Pre viac inform\u00e1ci\u00ed sa uistite, \u017ee ste si pozreli n\u00e1\u0161 <a href=\"https:\/\/coinkickoff.com\/sk\/crypto-exchanges\/\">pr\u00edru\u010dky na hodnotenie v\u00fdmeny<\/a>.<\/span><\/p>\n<p>&nbsp;<\/p>","protected":false},"excerpt":{"rendered":"<p>Ako k\u00fapi\u0165 Dogecoin na burze Poloniex Aj ke\u010f DOGE nem\u00e1 vyu\u017eitie, je pomerne popul\u00e1rny a n\u00e1jdete ho na v\u00e4\u010d\u0161ine kryptografick\u00fdch b\u00farz vr\u00e1tane burzy Poloniex. coin je ve\u013emi lacn\u00fd a pomerne bezcenn\u00fd.  Ak sa chcete zapoji\u0165 do tohto vtipu k\u00fapou nejak\u00e9ho Dogecoin, ale neviete, kde za\u010da\u0165, m\u00f4\u017eete si [...]<\/p>","protected":false},"author":3,"featured_media":155,"parent":3196,"menu_order":0,"comment_status":"closed","ping_status":"closed","template":"","meta":{"_genesis_hide_title":false,"_genesis_hide_breadcrumbs":false,"_genesis_hide_singular_image":false,"_genesis_hide_footer_widgets":false,"_genesis_custom_body_class":"","_genesis_custom_post_class":"","_genesis_layout":"","_glsr_average":0,"_glsr_ranking":0,"_glsr_reviews":0,"footnotes":""},"class_list":{"0":"post-3394","1":"page","2":"type-page","3":"status-publish","4":"has-post-thumbnail","6":"entry"},"featured_image_src":"https:\/\/coinkickoff.com\/wp-content\/uploads\/2022\/06\/Dogecoin-DOGE-600x400.jpg","featured_image_src_square":"https:\/\/coinkickoff.com\/wp-content\/uploads\/2022\/06\/Dogecoin-DOGE-600x600.jpg","_links":{"self":[{"href":"https:\/\/coinkickoff.com\/sk\/wp-json\/wp\/v2\/pages\/3394","targetHints":{"allow":["GET"]}}],"collection":[{"href":"https:\/\/coinkickoff.com\/sk\/wp-json\/wp\/v2\/pages"}],"about":[{"href":"https:\/\/coinkickoff.com\/sk\/wp-json\/wp\/v2\/types\/page"}],"author":[{"embeddable":true,"href":"https:\/\/coinkickoff.com\/sk\/wp-json\/wp\/v2\/users\/3"}],"replies":[{"embeddable":true,"href":"https:\/\/coinkickoff.com\/sk\/wp-json\/wp\/v2\/comments?post=3394"}],"version-history":[{"count":6,"href":"https:\/\/coinkickoff.com\/sk\/wp-json\/wp\/v2\/pages\/3394\/revisions"}],"predecessor-version":[{"id":4498,"href":"https:\/\/coinkickoff.com\/sk\/wp-json\/wp\/v2\/pages\/3394\/revisions\/4498"}],"up":[{"embeddable":true,"href":"https:\/\/coinkickoff.com\/sk\/wp-json\/wp\/v2\/pages\/3196"}],"wp:featuredmedia":[{"embeddable":true,"href":"https:\/\/coinkickoff.com\/sk\/wp-json\/wp\/v2\/media\/155"}],"wp:attachment":[{"href":"https:\/\/coinkickoff.com\/sk\/wp-json\/wp\/v2\/media?parent=3394"}],"curies":[{"name":"wp","href":"https:\/\/api.w.org\/{rel}","templated":true}]}}