{"id":3268,"date":"2026-01-08T14:07:33","date_gmt":"2026-01-08T14:07:33","guid":{"rendered":"https:\/\/coinkickoff.com\/?page_id=3268"},"modified":"2026-01-08T14:07:33","modified_gmt":"2026-01-08T14:07:33","slug":"how-to-buy-dogecoin-on-kucoin","status":"publish","type":"page","link":"https:\/\/coinkickoff.com\/sk\/how-to-buy-dogecoin\/how-to-buy-dogecoin-on-kucoin\/","title":{"rendered":"Ako k\u00fapi\u0165 Dogecoin (DOGE) na Kucoin"},"content":{"rendered":"<div id=\"ez-toc-container\" class=\"ez-toc-v2_0_80 counter-hierarchy ez-toc-counter ez-toc-transparent ez-toc-container-direction\">\n<div class=\"ez-toc-title-container\">\n<p class=\"ez-toc-title\" style=\"cursor:inherit\">Sekcie<\/p>\n<span class=\"ez-toc-title-toggle\"><a href=\"#\" class=\"ez-toc-pull-right ez-toc-btn ez-toc-btn-xs ez-toc-btn-default ez-toc-toggle\" aria-label=\"Prep\u00ednanie tabu\u013eky obsahu\"><span class=\"ez-toc-js-icon-con\"><span class=\"\"><span class=\"eztoc-hide\" style=\"display:none;\">Prep\u00edna\u010d<\/span><span class=\"ez-toc-icon-toggle-span\"><svg style=\"fill: #999;color:#999\" xmlns=\"http:\/\/www.w3.org\/2000\/svg\" class=\"list-377408\" width=\"20px\" height=\"20px\" viewbox=\"0 0 24 24\" fill=\"none\"><path d=\"M6 6H4v2h2V6zm14 0H8v2h12V6zM4 11h2v2H4v-2zm16 0H8v2h12v-2zM4 16h2v2H4v-2zm16 0H8v2h12v-2z\" fill=\"currentColor\"><\/path><\/svg><svg style=\"fill: #999;color:#999\" class=\"arrow-unsorted-368013\" xmlns=\"http:\/\/www.w3.org\/2000\/svg\" width=\"10px\" height=\"10px\" viewbox=\"0 0 24 24\" version=\"1.2\" baseprofile=\"tiny\"><path d=\"M18.2 9.3l-6.2-6.3-6.2 6.3c-.2.2-.3.4-.3.7s.1.5.3.7c.2.2.4.3.7.3h11c.3 0 .5-.1.7-.3.2-.2.3-.5.3-.7s-.1-.5-.3-.7zM5.8 14.7l6.2 6.3 6.2-6.3c.2-.2.3-.5.3-.7s-.1-.5-.3-.7c-.2-.2-.4-.3-.7-.3h-11c-.3 0-.5.1-.7.3-.2.2-.3.5-.3.7s.1.5.3.7z\"\/><\/svg><\/span><\/span><\/span><\/a><\/span><\/div>\n<nav><ul class='ez-toc-list ez-toc-list-level-1 eztoc-toggle-hide-by-default' ><li class='ez-toc-page-1 ez-toc-heading-level-2'><a class=\"ez-toc-link ez-toc-heading-1\" href=\"https:\/\/coinkickoff.com\/sk\/how-to-buy-dogecoin\/how-to-buy-dogecoin-on-kucoin\/#How_to_Buy_Dogecoin_on_Kucoin\" >Ako k\u00fapi\u0165 Dogecoin na Kucoin<\/a><\/li><li class='ez-toc-page-1 ez-toc-heading-level-2'><a class=\"ez-toc-link ez-toc-heading-2\" href=\"https:\/\/coinkickoff.com\/sk\/how-to-buy-dogecoin\/how-to-buy-dogecoin-on-kucoin\/#A_Step-By-Step_Guide_on_How_to_Buy_Dogecoin_on_Kucoin\" >Sprievodca krok za krokom, ako si k\u00fapi\u0165 Dogecoin na Kucoin<\/a><ul class='ez-toc-list-level-3' ><li class='ez-toc-heading-level-3'><a class=\"ez-toc-link ez-toc-heading-3\" href=\"https:\/\/coinkickoff.com\/sk\/how-to-buy-dogecoin\/how-to-buy-dogecoin-on-kucoin\/#1_Register_an_Account\" >1. Zaregistrujte si \u00fa\u010det<\/a><\/li><li class='ez-toc-page-1 ez-toc-heading-level-3'><a class=\"ez-toc-link ez-toc-heading-4\" href=\"https:\/\/coinkickoff.com\/sk\/how-to-buy-dogecoin\/how-to-buy-dogecoin-on-kucoin\/#2_Verify_Your_Account\" >2. Overenie v\u00e1\u0161ho \u00fa\u010dtu<\/a><\/li><li class='ez-toc-page-1 ez-toc-heading-level-3'><a class=\"ez-toc-link ez-toc-heading-5\" href=\"https:\/\/coinkickoff.com\/sk\/how-to-buy-dogecoin\/how-to-buy-dogecoin-on-kucoin\/#3_Deposit_FundsCrypto\" >3. Vkladov\u00e9 fondy\/krypto<\/a><\/li><li class='ez-toc-page-1 ez-toc-heading-level-3'><a class=\"ez-toc-link ez-toc-heading-6\" href=\"https:\/\/coinkickoff.com\/sk\/how-to-buy-dogecoin\/how-to-buy-dogecoin-on-kucoin\/#4_Navigate_to_the_Relevant_Screen_to_Buy\" >4. Prejdite na pr\u00edslu\u0161n\u00fa obrazovku a nakupte<\/a><ul class='ez-toc-list-level-4' ><li class='ez-toc-heading-level-4'><a class=\"ez-toc-link ez-toc-heading-7\" href=\"https:\/\/coinkickoff.com\/sk\/how-to-buy-dogecoin\/how-to-buy-dogecoin-on-kucoin\/#Fast_TradeOne-click_Buy\" >R\u00fdchly obchod\/n\u00e1kup jedn\u00fdm kliknut\u00edm<\/a><\/li><li class='ez-toc-page-1 ez-toc-heading-level-4'><a class=\"ez-toc-link ez-toc-heading-8\" href=\"https:\/\/coinkickoff.com\/sk\/how-to-buy-dogecoin\/how-to-buy-dogecoin-on-kucoin\/#Third-Party\" >Tretia strana<\/a><\/li><li class='ez-toc-page-1 ez-toc-heading-level-4'><a class=\"ez-toc-link ez-toc-heading-9\" href=\"https:\/\/coinkickoff.com\/sk\/how-to-buy-dogecoin\/how-to-buy-dogecoin-on-kucoin\/#P2P_Market\" >Trh P2P<\/a><\/li><\/ul><\/li><\/ul><\/li><\/ul><\/nav><\/div>\n<h2><span class=\"ez-toc-section\" id=\"How_to_Buy_Dogecoin_on_Kucoin\"><\/span>Ako k\u00fapi\u0165 Dogecoin na Kucoin<span class=\"ez-toc-section-end\"><\/span><\/h2>\n<p><a href=\"https:\/\/coinkickoff.com\/sk\/dogecoin-doge\/\"><span style=\"font-weight: 400;\">Dogecoin<\/span><\/a><span style=\"font-weight: 400;\"> je zn\u00e1my meme coin, ktor\u00fd si m\u00f4\u017eete k\u00fapi\u0165 na mnoh\u00fdch burz\u00e1ch vr\u00e1tane <\/span><a href=\"https:\/\/coinkickoff.com\/sk\/kucoin-review\/\"><span style=\"font-weight: 400;\">Kucoin<\/span><\/a><span style=\"font-weight: 400;\">. <a href=\"https:\/\/coinkickoff.com\/sk\/dogecoin-doge\/\" data-internallinksmanager029f6b8e52c=\"14\" title=\"\u010co je Dogecoin (DOGE)? Ako funguje a kde ho k\u00fapi\u0165?\">DOGE<\/a> je pomerne lacn\u00fd a \u013eahko sa s n\u00edm obchoduje.<\/span><\/p>\n<p><span style=\"font-weight: 400;\">Ak si chcete k\u00fapi\u0165 Dogecoin na <a href=\"https:\/\/coinkickoff.com\/sk\/kucoin-review\/\" data-internallinksmanager029f6b8e52c=\"153\" title=\"KuCoin Recenzie 2023: Poplatky, bezpe\u010dnos\u0165, v\u00fdhody a nev\u00fdhody\">Kucoin<\/a> ale neviete, kde za\u010da\u0165, m\u00e1me pre v\u00e1s rie\u0161enie. Tu n\u00e1jdete podrobn\u00fd n\u00e1vod, ako si k\u00fapi\u0165 Dogecoin na Kucoin.<\/span><\/p>\n<h2><span class=\"ez-toc-section\" id=\"A_Step-By-Step_Guide_on_How_to_Buy_Dogecoin_on_Kucoin\"><\/span><span style=\"font-weight: 400;\">Sprievodca krok za krokom, ako si k\u00fapi\u0165 Dogecoin na Kucoin<\/span><span class=\"ez-toc-section-end\"><\/span><\/h2>\n<h3><span class=\"ez-toc-section\" id=\"1_Register_an_Account\"><\/span><span style=\"font-weight: 400;\">1. Zaregistrujte si \u00fa\u010det<\/span><span class=\"ez-toc-section-end\"><\/span><\/h3>\n<p><span style=\"font-weight: 400;\">Najprv nav\u0161t\u00edvte <\/span><a href=\"https:\/\/www.kucoin.com\/r\/af\/rMJPV3B\" target=\"_blank\" rel=\"noopener\"><span style=\"font-weight: 400;\">Ofici\u00e1lna webov\u00e1 str\u00e1nka Kucoin<\/span><\/a><span style=\"font-weight: 400;\"> zaregistrova\u0165 si \u00fa\u010det.\u00a0<\/span><\/p>\n<p><img loading=\"lazy\" decoding=\"async\" class=\"alignnone wp-image-3269 size-full\" src=\"https:\/\/coinkickoff.com\/wp-content\/uploads\/kucoin-register.png\" alt=\"k\u00fapi\u0165 doge na kucoin register\" width=\"1421\" height=\"788\" srcset=\"https:\/\/coinkickoff.com\/wp-content\/uploads\/kucoin-register.png 1421w, https:\/\/coinkickoff.com\/wp-content\/uploads\/kucoin-register-300x166.png 300w, https:\/\/coinkickoff.com\/wp-content\/uploads\/kucoin-register-1024x568.png 1024w, https:\/\/coinkickoff.com\/wp-content\/uploads\/kucoin-register-768x426.png 768w, https:\/\/coinkickoff.com\/wp-content\/uploads\/kucoin-register-18x10.png 18w\" sizes=\"auto, (max-width: 1421px) 100vw, 1421px\" \/><\/p>\n<p><span style=\"font-weight: 400;\">Otvorenie \u00fa\u010dtu Kucoin je ve\u013emi jednoduch\u00e9: m\u00f4\u017eete sa zaregistrova\u0165 pomocou e-mailovej adresy alebo telef\u00f3nneho \u010d\u00edsla. Kucoin v\u00e1m za\u0161le overovac\u00ed k\u00f3d, ktor\u00fdm sa prihl\u00e1site do svojho nov\u00e9ho \u00fa\u010dtu.<\/span><\/p>\n<h3><span class=\"ez-toc-section\" id=\"2_Verify_Your_Account\"><\/span><span style=\"font-weight: 400;\">2. Overenie v\u00e1\u0161ho \u00fa\u010dtu<\/span><span class=\"ez-toc-section-end\"><\/span><\/h3>\n<p><span style=\"font-weight: 400;\">Ak chcete overi\u0165 svoje konto, prejdite do svojho pou\u017e\u00edvate\u013esk\u00e9ho profilu (v pravom hornom rohu ved\u013ea polo\u017eky \"Akt\u00edva\").  V ponuke kliknite na polo\u017eku \"Overenie toto\u017enosti\".<\/span><\/p>\n<p><img loading=\"lazy\" decoding=\"async\" class=\"alignnone wp-image-3272 size-full\" src=\"https:\/\/coinkickoff.com\/wp-content\/uploads\/kucoin-identity-verification.png\" alt=\"kucoin overenie toto\u017enosti 1\" width=\"1420\" height=\"785\" srcset=\"https:\/\/coinkickoff.com\/wp-content\/uploads\/kucoin-identity-verification.png 1420w, https:\/\/coinkickoff.com\/wp-content\/uploads\/kucoin-identity-verification-300x166.png 300w, https:\/\/coinkickoff.com\/wp-content\/uploads\/kucoin-identity-verification-1024x566.png 1024w, https:\/\/coinkickoff.com\/wp-content\/uploads\/kucoin-identity-verification-768x425.png 768w, https:\/\/coinkickoff.com\/wp-content\/uploads\/kucoin-identity-verification-18x10.png 18w\" sizes=\"auto, (max-width: 1420px) 100vw, 1420px\" \/><\/p>\n<p><span style=\"font-weight: 400;\">Technicky nemus\u00edte overova\u0165 svoju toto\u017enos\u0165, aby ste si mohli k\u00fapi\u0165 DOGE na platforme Kucoin, ak u\u017e m\u00e1te in\u00e9 digit\u00e1lne akt\u00edva.\u00a0<\/span><\/p>\n<p><span style=\"font-weight: 400;\">Ak u\u017e vlastn\u00edte digit\u00e1lne akt\u00edva, m\u00f4\u017eete ich jednoducho posla\u0165 do kryptografickej pe\u0148a\u017eenky Kucoin. Po vlo\u017een\u00ed kryptomien na \u00fa\u010det Kucoin m\u00f4\u017eete s t\u00fdmito akt\u00edvami obchodova\u0165 s Dogecoin.<\/span><\/p>\n<p><span style=\"font-weight: 400;\">Ak v\u0161ak chcete na platformu vlo\u017ei\u0165 fiat, mus\u00edte dokon\u010di\u0165 overenie toto\u017enosti. Ak teda e\u0161te nevlastn\u00edte kryptomeny alebo ak nechcete obchodova\u0165 so svojimi akt\u00edvami, pokra\u010dujte a dokon\u010dite overenie toto\u017enosti.<\/span><\/p>\n<p><img loading=\"lazy\" decoding=\"async\" class=\"alignnone wp-image-3270 size-full\" src=\"https:\/\/coinkickoff.com\/wp-content\/uploads\/kucoin-id-verification-2.png\" alt=\"kucoin overenie identity 2\" width=\"1407\" height=\"706\" srcset=\"https:\/\/coinkickoff.com\/wp-content\/uploads\/kucoin-id-verification-2.png 1407w, https:\/\/coinkickoff.com\/wp-content\/uploads\/kucoin-id-verification-2-300x151.png 300w, https:\/\/coinkickoff.com\/wp-content\/uploads\/kucoin-id-verification-2-1024x514.png 1024w, https:\/\/coinkickoff.com\/wp-content\/uploads\/kucoin-id-verification-2-768x385.png 768w, https:\/\/coinkickoff.com\/wp-content\/uploads\/kucoin-id-verification-2-18x9.png 18w\" sizes=\"auto, (max-width: 1407px) 100vw, 1407px\" \/><\/p>\n<p><span style=\"font-weight: 400;\">Kucoin m\u00e1 zjednodu\u0161en\u00fd trojstup\u0148ov\u00fd proces overenia toto\u017enosti, ktor\u00fd pozost\u00e1va zo zadania osobn\u00fdch \u00fadajov, nahrania \u0161t\u00e1tneho preukazu toto\u017enosti a dokon\u010denia overenia tv\u00e1re.<\/span><\/p>\n<p><span style=\"font-weight: 400;\">Za\u010dnite zadan\u00edm svojich osobn\u00fdch \u00fadajov a potom jednoducho kliknite na tla\u010didlo \"\u010ealej\", \u010d\u00edm prejdete na \u010fal\u0161\u00ed krok.<\/span><\/p>\n<p><img loading=\"lazy\" decoding=\"async\" class=\"alignnone wp-image-3271 size-full\" src=\"https:\/\/coinkickoff.com\/wp-content\/uploads\/kucoin-id-verification-3.png\" alt=\"kucoin overenie toto\u017enosti 3\" width=\"1412\" height=\"789\" srcset=\"https:\/\/coinkickoff.com\/wp-content\/uploads\/kucoin-id-verification-3.png 1412w, https:\/\/coinkickoff.com\/wp-content\/uploads\/kucoin-id-verification-3-300x168.png 300w, https:\/\/coinkickoff.com\/wp-content\/uploads\/kucoin-id-verification-3-1024x572.png 1024w, https:\/\/coinkickoff.com\/wp-content\/uploads\/kucoin-id-verification-3-768x429.png 768w, https:\/\/coinkickoff.com\/wp-content\/uploads\/kucoin-id-verification-3-18x10.png 18w\" sizes=\"auto, (max-width: 1412px) 100vw, 1412px\" \/><\/p>\n<h3><span class=\"ez-toc-section\" id=\"3_Deposit_FundsCrypto\"><\/span><span style=\"font-weight: 400;\">3. Vkladov\u00e9 fondy\/krypto<\/span><span class=\"ez-toc-section-end\"><\/span><\/h3>\n<p><span style=\"font-weight: 400;\">Na svoj \u00fa\u010det Kucoin m\u00f4\u017eete vklada\u0165 kryptografick\u00e9 prostriedky nieko\u013ek\u00fdmi sp\u00f4sobmi. Kliknite na polo\u017eku \"Akt\u00edva\", ktor\u00e1 sa nach\u00e1dza v pravom hornom rohu str\u00e1nky, a z rozba\u013eovacieho menu vyberte polo\u017eku \"Vklad\". M\u00f4\u017eete tie\u017e prejs\u0165 na str\u00e1nku \"Preh\u013ead akt\u00edv\" a klikn\u00fa\u0165 na \"Vklad\".<\/span><\/p>\n<p><img loading=\"lazy\" decoding=\"async\" class=\"alignnone wp-image-3273 size-full\" src=\"https:\/\/coinkickoff.com\/wp-content\/uploads\/kucoin-deposit.png\" alt=\"kucoin vkladov\u00e9 fondy 1\" width=\"1427\" height=\"758\" srcset=\"https:\/\/coinkickoff.com\/wp-content\/uploads\/kucoin-deposit.png 1427w, https:\/\/coinkickoff.com\/wp-content\/uploads\/kucoin-deposit-300x159.png 300w, https:\/\/coinkickoff.com\/wp-content\/uploads\/kucoin-deposit-1024x544.png 1024w, https:\/\/coinkickoff.com\/wp-content\/uploads\/kucoin-deposit-768x408.png 768w, https:\/\/coinkickoff.com\/wp-content\/uploads\/kucoin-deposit-18x10.png 18w\" sizes=\"auto, (max-width: 1427px) 100vw, 1427px\" \/><\/p>\n<p><span style=\"font-weight: 400;\">Po kliknut\u00ed na polo\u017eku vklad m\u00f4\u017eete vyh\u013eada\u0165 napr\u00edklad coin, ktor\u00fd chcete odosla\u0165 na platformu, <a href=\"https:\/\/coinkickoff.com\/sk\/tether-usdt\/\" data-internallinksmanager029f6b8e52c=\"3\" title=\"\u010co je Tether (USDT)? Ako funguje a kde ho k\u00fapi\u0165?\">USDT<\/a>. Dostanete adresu na vklad, ktor\u00fa m\u00f4\u017eete pou\u017ei\u0165 na odoslanie svojho coins na platformu.\u00a0<\/span><\/p>\n<p><span style=\"font-weight: 400;\">Kucoin podporuje viac ako 70 platobn\u00fdch met\u00f3d, tak\u017ee m\u00e1te ve\u013ea mo\u017enost\u00ed, pokia\u013e ide o n\u00e1kup kryptomien na platforme. Niektor\u00e9 met\u00f3dy nemusia by\u0165 dostupn\u00e9 v z\u00e1vislosti od va\u0161ej polohy, ale zvy\u010dajne sa n\u00e1jde mo\u017enos\u0165, ktor\u00e1 vyhovuje ka\u017ed\u00e9mu.<\/span><\/p>\n<h3><span class=\"ez-toc-section\" id=\"4_Navigate_to_the_Relevant_Screen_to_Buy\"><\/span><span style=\"font-weight: 400;\">4. Prejdite na pr\u00edslu\u0161n\u00fa obrazovku a nakupte<\/span><span class=\"ez-toc-section-end\"><\/span><\/h3>\n<p><img loading=\"lazy\" decoding=\"async\" class=\"alignnone wp-image-3274 size-full\" src=\"https:\/\/coinkickoff.com\/wp-content\/uploads\/kucoin-buy-crypto.png\" alt=\"kucoin k\u00fapi\u0165 obrazovku\" width=\"1418\" height=\"692\" srcset=\"https:\/\/coinkickoff.com\/wp-content\/uploads\/kucoin-buy-crypto.png 1418w, https:\/\/coinkickoff.com\/wp-content\/uploads\/kucoin-buy-crypto-300x146.png 300w, https:\/\/coinkickoff.com\/wp-content\/uploads\/kucoin-buy-crypto-1024x500.png 1024w, https:\/\/coinkickoff.com\/wp-content\/uploads\/kucoin-buy-crypto-768x375.png 768w, https:\/\/coinkickoff.com\/wp-content\/uploads\/kucoin-buy-crypto-18x9.png 18w\" sizes=\"auto, (max-width: 1418px) 100vw, 1418px\" \/><\/p>\n<h4><span class=\"ez-toc-section\" id=\"Fast_TradeOne-click_Buy\"><\/span><span style=\"font-weight: 400;\">R\u00fdchly obchod\/n\u00e1kup jedn\u00fdm kliknut\u00edm<\/span><span class=\"ez-toc-section-end\"><\/span><\/h4>\n<p><span style=\"font-weight: 400;\">Na Kucoin si m\u00f4\u017eete k\u00fapi\u0165 kryptografick\u00e9 peniaze nieko\u013ek\u00fdmi sp\u00f4sobmi. M\u00f4\u017eete prepoji\u0165 bankov\u00fa kartu alebo bankov\u00fd \u00fa\u010det a vlo\u017ei\u0165 na platformu fiat menu. Kucoin prij\u00edma nieko\u013eko fiat mien vr\u00e1tane USD, EUR, GBP a AUD. Obyvatelia Eur\u00f3py m\u00f4\u017eu na prevod finan\u010dn\u00fdch prostriedkov na svoje \u00fa\u010dty pou\u017ei\u0165 SEPA.\u00a0<\/span><\/p>\n<p><img loading=\"lazy\" decoding=\"async\" class=\"alignnone wp-image-3275 size-full\" src=\"https:\/\/coinkickoff.com\/wp-content\/uploads\/kucoin-buy-crypto-one-click.png\" alt=\"kucoin k\u00fapi\u0165 jedn\u00fdm kliknut\u00edm\" width=\"1421\" height=\"770\" srcset=\"https:\/\/coinkickoff.com\/wp-content\/uploads\/kucoin-buy-crypto-one-click.png 1421w, https:\/\/coinkickoff.com\/wp-content\/uploads\/kucoin-buy-crypto-one-click-300x163.png 300w, https:\/\/coinkickoff.com\/wp-content\/uploads\/kucoin-buy-crypto-one-click-1024x555.png 1024w, https:\/\/coinkickoff.com\/wp-content\/uploads\/kucoin-buy-crypto-one-click-768x416.png 768w, https:\/\/coinkickoff.com\/wp-content\/uploads\/kucoin-buy-crypto-one-click-18x10.png 18w\" sizes=\"auto, (max-width: 1421px) 100vw, 1421px\" \/><\/p>\n<p><span style=\"font-weight: 400;\">Po vlo\u017een\u00ed fiat meny na svoj \u00fa\u010det m\u00f4\u017eete pou\u017ei\u0165 r\u00fdchly obchod na n\u00e1kup kryptomeny jedn\u00fdm kliknut\u00edm. Jednoducho zadajte sumu, ktor\u00fa chcete min\u00fa\u0165, a menu, ktor\u00fa chcete k\u00fapi\u0165, a z rozba\u013eovacej ponuky vyberte sp\u00f4sob platby.<\/span><\/p>\n<p><span style=\"font-weight: 400;\">Medzi podporovan\u00e9 platobn\u00e9 met\u00f3dy patria Zelle, Apple Pay a ADVCash, <a href=\"https:\/\/coinkickoff.com\/sk\/uphold-review\/\" data-internallinksmanager029f6b8e52c=\"156\" title=\"Uphold Recenzie 2023: Poplatky, funkcie, bezpe\u010dnos\u0165, v\u00fdhody a nev\u00fdhody\">Uphold<\/a>a nieko\u013eko \u010fal\u0161\u00edch.<\/span><\/p>\n<p><img loading=\"lazy\" decoding=\"async\" class=\"alignnone wp-image-3276 size-full\" src=\"https:\/\/coinkickoff.com\/wp-content\/uploads\/kucoin-select-paymnet-method.png\" alt=\"\" width=\"1424\" height=\"794\" srcset=\"https:\/\/coinkickoff.com\/wp-content\/uploads\/kucoin-select-paymnet-method.png 1424w, https:\/\/coinkickoff.com\/wp-content\/uploads\/kucoin-select-paymnet-method-300x167.png 300w, https:\/\/coinkickoff.com\/wp-content\/uploads\/kucoin-select-paymnet-method-1024x571.png 1024w, https:\/\/coinkickoff.com\/wp-content\/uploads\/kucoin-select-paymnet-method-768x428.png 768w, https:\/\/coinkickoff.com\/wp-content\/uploads\/kucoin-select-paymnet-method-18x10.png 18w\" sizes=\"auto, (max-width: 1424px) 100vw, 1424px\" \/><\/p>\n<p><span style=\"font-weight: 400;\"><img loading=\"lazy\" decoding=\"async\" class=\"alignnone wp-image-3277 size-full\" src=\"https:\/\/coinkickoff.com\/wp-content\/uploads\/kucoin-select-paymnt2.png\" alt=\"\" width=\"1432\" height=\"798\" srcset=\"https:\/\/coinkickoff.com\/wp-content\/uploads\/kucoin-select-paymnt2.png 1432w, https:\/\/coinkickoff.com\/wp-content\/uploads\/kucoin-select-paymnt2-300x167.png 300w, https:\/\/coinkickoff.com\/wp-content\/uploads\/kucoin-select-paymnt2-1024x571.png 1024w, https:\/\/coinkickoff.com\/wp-content\/uploads\/kucoin-select-paymnt2-768x428.png 768w, https:\/\/coinkickoff.com\/wp-content\/uploads\/kucoin-select-paymnt2-18x10.png 18w\" sizes=\"auto, (max-width: 1432px) 100vw, 1432px\" \/><\/span><\/p>\n<p><span style=\"font-weight: 400;\">Aj ke\u010f je to celkom jednoduch\u00e9<\/span>alebo \u010falej, existuje jeden probl\u00e9m s pou\u017eit\u00edm n\u00e1kupu jedn\u00fdm kliknut\u00edm. Touto met\u00f3dou si bohu\u017eia\u013e nem\u00f4\u017eete k\u00fapi\u0165 DOGE. Kucoin si m\u00f4\u017eete zak\u00fapi\u0165 <a href=\"https:\/\/coinkickoff.com\/sk\/bitcoin-btc\/\" data-internallinksmanager029f6b8e52c=\"1\" title=\"\u010co je Bitcoin (BTC)? Cena, hist\u00f3ria a kde k\u00fapi\u0165\">BTC<\/a>, <a href=\"https:\/\/coinkickoff.com\/sk\/ethereum-eth\/\" data-internallinksmanager029f6b8e52c=\"2\" title=\"\u010co je Ethereum (ETH)? Cena, hist\u00f3ria a kde k\u00fapi\u0165\">ETH<\/a>, USDT a <a href=\"https:\/\/coinkickoff.com\/sk\/usd-coin-usdc\/\" data-internallinksmanager029f6b8e52c=\"8\" title=\"\u010co je USD Coin (USDC)? Ako funguje a kde ho k\u00fapi\u0165?\">USDC<\/a> jedn\u00fdm kliknut\u00edm.<\/p>\n<p><span style=\"font-weight: 400;\">M\u00f4\u017eete si v\u0161ak k\u00fapi\u0165 jeden z pon\u00fakan\u00fdch digit\u00e1lnych akt\u00edv a potom ho na platforme konvertova\u0165 na DOGE. Ak to znie pr\u00edli\u0161 zlo\u017eito, nebojte sa, preto\u017ee \u010fal\u0161\u00ed sp\u00f4sob je ve\u013emi jednoduch\u00fd.<\/span><\/p>\n<h4><span class=\"ez-toc-section\" id=\"Third-Party\"><\/span><span style=\"font-weight: 400;\">Tretia strana<\/span><span class=\"ez-toc-section-end\"><\/span><\/h4>\n<p><img loading=\"lazy\" decoding=\"async\" class=\"alignnone wp-image-3278 size-full\" src=\"https:\/\/coinkickoff.com\/wp-content\/uploads\/kucoin-screenshot.png\" alt=\"\" width=\"1436\" height=\"673\" srcset=\"https:\/\/coinkickoff.com\/wp-content\/uploads\/kucoin-screenshot.png 1436w, https:\/\/coinkickoff.com\/wp-content\/uploads\/kucoin-screenshot-300x141.png 300w, https:\/\/coinkickoff.com\/wp-content\/uploads\/kucoin-screenshot-1024x480.png 1024w, https:\/\/coinkickoff.com\/wp-content\/uploads\/kucoin-screenshot-768x360.png 768w, https:\/\/coinkickoff.com\/wp-content\/uploads\/kucoin-screenshot-18x8.png 18w\" sizes=\"auto, (max-width: 1436px) 100vw, 1436px\" \/><\/p>\n<p><span style=\"font-weight: 400;\">Absol\u00fatne najjednoduch\u0161\u00ed sp\u00f4sob, ako si k\u00fapi\u0165 DOGE na Kucoin, je vybra\u0165 \"Third-Party\" z ponuky \"Buy Crypto\" v \u013eavom hornom rohu. Na str\u00e1nke Third-Party zadajte, ko\u013eko chcete min\u00fa\u0165, z rozba\u013eovacieho menu vyberte coin, ktor\u00fd chcete k\u00fapi\u0165 (DOGE), a vyberte sp\u00f4sob platby a platobn\u00fd kan\u00e1l.<\/span><\/p>\n<p><span style=\"font-weight: 400;\">Kucoin podporuje nieko\u013eko platobn\u00fdch aplik\u00e1ci\u00ed tret\u00edch str\u00e1n vr\u00e1tane <\/span><a href=\"https:\/\/banxa.com\/case-study\/kucoin\/\" target=\"_blank\" rel=\"noopener\"><span style=\"font-weight: 400;\">Banxa<\/span><\/a><span style=\"font-weight: 400;\">, <\/span><a href=\"https:\/\/www.simplex.com\" target=\"_blank\" rel=\"noopener\"><span style=\"font-weight: 400;\">Simplex<\/span><\/a><span style=\"font-weight: 400;\">, <\/span><a href=\"https:\/\/legendtrading.com\/infrastructure\" target=\"_blank\" rel=\"noopener\"><span style=\"font-weight: 400;\">Obchodovanie s legendami<\/span><\/a><span style=\"font-weight: 400;\">a <\/span><a href=\"https:\/\/btcdirect.eu\/en-gb\" target=\"_blank\" rel=\"noopener\"><span style=\"font-weight: 400;\">BTC Direct<\/span><\/a><span style=\"font-weight: 400;\">.\u00a0<\/span><\/p>\n<p><span style=\"font-weight: 400;\">Kryptomenu si m\u00f4\u017eete u t\u00fdchto predajcov k\u00fapi\u0165 zadan\u00edm \u00fadajov o svojej karte a overen\u00edm toto\u017enosti predajcu, ktor\u00e9ho chcete pou\u017ei\u0165. Majte v\u0161ak na pam\u00e4ti, \u017ee platobn\u00e9 slu\u017eby tret\u00edch str\u00e1n si za svoje slu\u017eby \u010dasto \u00fa\u010dtuj\u00fa vysok\u00e9 poplatky.\u00a0<\/span><\/p>\n<h4><span class=\"ez-toc-section\" id=\"P2P_Market\"><\/span><span style=\"font-weight: 400;\">Trh P2P<\/span><span class=\"ez-toc-section-end\"><\/span><\/h4>\n<p><span style=\"font-weight: 400;\">\u010eal\u0161ou met\u00f3dou je pou\u017eitie P2P obchodn\u00e9ho trhu Kucoin na n\u00e1kup kryptomien, ale na pou\u017eitie \"r\u00fdchleho n\u00e1kupu\" P2P trhu mus\u00edte ma\u0165 na \u00fa\u010dte USDT, tak\u017ee to nie je najr\u00fdchlej\u0161ia mo\u017enos\u0165 pre za\u010diato\u010dn\u00edkov.<\/span><\/p>","protected":false},"excerpt":{"rendered":"<p>Ako k\u00fapi\u0165 Dogecoin na Kucoin Dogecoin je sl\u00e1vny meme coin, ktor\u00fd si m\u00f4\u017eete k\u00fapi\u0165 na mnoh\u00fdch burz\u00e1ch vr\u00e1tane Kucoin. DOGE je pomerne lacn\u00fd a \u013eahko obchodovate\u013en\u00fd. Ak si chcete k\u00fapi\u0165 Dogecoin na burze Kucoin, ale neviete, kde za\u010da\u0165, m\u00e1me pre v\u00e1s rie\u0161enie. Tu je postupn\u00fd rozpis toho, ako [...]<\/p>","protected":false},"author":3,"featured_media":3275,"parent":3196,"menu_order":0,"comment_status":"closed","ping_status":"closed","template":"","meta":{"_genesis_hide_title":false,"_genesis_hide_breadcrumbs":false,"_genesis_hide_singular_image":false,"_genesis_hide_footer_widgets":false,"_genesis_custom_body_class":"","_genesis_custom_post_class":"","_genesis_layout":"","_glsr_average":0,"_glsr_ranking":0,"_glsr_reviews":0,"footnotes":""},"class_list":{"0":"post-3268","1":"page","2":"type-page","3":"status-publish","4":"has-post-thumbnail","6":"entry"},"featured_image_src":"https:\/\/coinkickoff.com\/wp-content\/uploads\/kucoin-buy-crypto-one-click-600x400.png","featured_image_src_square":"https:\/\/coinkickoff.com\/wp-content\/uploads\/kucoin-buy-crypto-one-click-600x600.png","_links":{"self":[{"href":"https:\/\/coinkickoff.com\/sk\/wp-json\/wp\/v2\/pages\/3268","targetHints":{"allow":["GET"]}}],"collection":[{"href":"https:\/\/coinkickoff.com\/sk\/wp-json\/wp\/v2\/pages"}],"about":[{"href":"https:\/\/coinkickoff.com\/sk\/wp-json\/wp\/v2\/types\/page"}],"author":[{"embeddable":true,"href":"https:\/\/coinkickoff.com\/sk\/wp-json\/wp\/v2\/users\/3"}],"replies":[{"embeddable":true,"href":"https:\/\/coinkickoff.com\/sk\/wp-json\/wp\/v2\/comments?post=3268"}],"version-history":[{"count":3,"href":"https:\/\/coinkickoff.com\/sk\/wp-json\/wp\/v2\/pages\/3268\/revisions"}],"predecessor-version":[{"id":4495,"href":"https:\/\/coinkickoff.com\/sk\/wp-json\/wp\/v2\/pages\/3268\/revisions\/4495"}],"up":[{"embeddable":true,"href":"https:\/\/coinkickoff.com\/sk\/wp-json\/wp\/v2\/pages\/3196"}],"wp:featuredmedia":[{"embeddable":true,"href":"https:\/\/coinkickoff.com\/sk\/wp-json\/wp\/v2\/media\/3275"}],"wp:attachment":[{"href":"https:\/\/coinkickoff.com\/sk\/wp-json\/wp\/v2\/media?parent=3268"}],"curies":[{"name":"wp","href":"https:\/\/api.w.org\/{rel}","templated":true}]}}