{"id":3244,"date":"2026-01-08T14:07:32","date_gmt":"2026-01-08T14:07:32","guid":{"rendered":"https:\/\/coinkickoff.com\/?page_id=3244"},"modified":"2026-01-08T14:07:32","modified_gmt":"2026-01-08T14:07:32","slug":"how-to-buy-dogecoin-on-binance","status":"publish","type":"page","link":"https:\/\/coinkickoff.com\/sk\/how-to-buy-dogecoin\/how-to-buy-dogecoin-on-binance\/","title":{"rendered":"Ako k\u00fapi\u0165 Dogecoin (DOGE) na Binance"},"content":{"rendered":"<div id=\"ez-toc-container\" class=\"ez-toc-v2_0_80 counter-hierarchy ez-toc-counter ez-toc-transparent ez-toc-container-direction\">\n<div class=\"ez-toc-title-container\">\n<p class=\"ez-toc-title\" style=\"cursor:inherit\">Sekcie<\/p>\n<span class=\"ez-toc-title-toggle\"><a href=\"#\" class=\"ez-toc-pull-right ez-toc-btn ez-toc-btn-xs ez-toc-btn-default ez-toc-toggle\" aria-label=\"Prep\u00ednanie tabu\u013eky obsahu\"><span class=\"ez-toc-js-icon-con\"><span class=\"\"><span class=\"eztoc-hide\" style=\"display:none;\">Prep\u00edna\u010d<\/span><span class=\"ez-toc-icon-toggle-span\"><svg style=\"fill: #999;color:#999\" xmlns=\"http:\/\/www.w3.org\/2000\/svg\" class=\"list-377408\" width=\"20px\" height=\"20px\" viewbox=\"0 0 24 24\" fill=\"none\"><path d=\"M6 6H4v2h2V6zm14 0H8v2h12V6zM4 11h2v2H4v-2zm16 0H8v2h12v-2zM4 16h2v2H4v-2zm16 0H8v2h12v-2z\" fill=\"currentColor\"><\/path><\/svg><svg style=\"fill: #999;color:#999\" class=\"arrow-unsorted-368013\" xmlns=\"http:\/\/www.w3.org\/2000\/svg\" width=\"10px\" height=\"10px\" viewbox=\"0 0 24 24\" version=\"1.2\" baseprofile=\"tiny\"><path d=\"M18.2 9.3l-6.2-6.3-6.2 6.3c-.2.2-.3.4-.3.7s.1.5.3.7c.2.2.4.3.7.3h11c.3 0 .5-.1.7-.3.2-.2.3-.5.3-.7s-.1-.5-.3-.7zM5.8 14.7l6.2 6.3 6.2-6.3c.2-.2.3-.5.3-.7s-.1-.5-.3-.7c-.2-.2-.4-.3-.7-.3h-11c-.3 0-.5.1-.7.3-.2.2-.3.5-.3.7s.1.5.3.7z\"\/><\/svg><\/span><\/span><\/span><\/a><\/span><\/div>\n<nav><ul class='ez-toc-list ez-toc-list-level-1 eztoc-toggle-hide-by-default' ><li class='ez-toc-page-1 ez-toc-heading-level-2'><a class=\"ez-toc-link ez-toc-heading-1\" href=\"https:\/\/coinkickoff.com\/sk\/how-to-buy-dogecoin\/how-to-buy-dogecoin-on-binance\/#How_to_Buy_Dogecoin_on_Binance\" >Ako k\u00fapi\u0165 Dogecoin na Binance<\/a><\/li><li class='ez-toc-page-1 ez-toc-heading-level-2'><a class=\"ez-toc-link ez-toc-heading-2\" href=\"https:\/\/coinkickoff.com\/sk\/how-to-buy-dogecoin\/how-to-buy-dogecoin-on-binance\/#A_Step-By-Step_Guide_on_How_to_Buy_Dogecoin_on_Binance\" >Sprievodca krok za krokom, ako si k\u00fapi\u0165 Dogecoin na Binance<\/a><ul class='ez-toc-list-level-3' ><li class='ez-toc-heading-level-3'><a class=\"ez-toc-link ez-toc-heading-3\" href=\"https:\/\/coinkickoff.com\/sk\/how-to-buy-dogecoin\/how-to-buy-dogecoin-on-binance\/#1_Register_an_Account\" >1. Zaregistrujte si \u00fa\u010det<\/a><\/li><li class='ez-toc-page-1 ez-toc-heading-level-3'><a class=\"ez-toc-link ez-toc-heading-4\" href=\"https:\/\/coinkickoff.com\/sk\/how-to-buy-dogecoin\/how-to-buy-dogecoin-on-binance\/#2_Verify_Your_Account\" >2. Overenie v\u00e1\u0161ho \u00fa\u010dtu<\/a><\/li><li class='ez-toc-page-1 ez-toc-heading-level-3'><a class=\"ez-toc-link ez-toc-heading-5\" href=\"https:\/\/coinkickoff.com\/sk\/how-to-buy-dogecoin\/how-to-buy-dogecoin-on-binance\/#3_Deposit_FundsCrypto\" >3. Vkladov\u00e9 fondy\/krypto<\/a><\/li><li class='ez-toc-page-1 ez-toc-heading-level-3'><a class=\"ez-toc-link ez-toc-heading-6\" href=\"https:\/\/coinkickoff.com\/sk\/how-to-buy-dogecoin\/how-to-buy-dogecoin-on-binance\/#Once_you_complete_identity_verification_you_can_easily_deposit_funds_to_your_Binance_account_There_are_a_couple_of_different_ways_to_fund_your_account_on_Binance\" >Po dokon\u010den\u00ed overenia toto\u017enosti m\u00f4\u017eete jednoducho vlo\u017ei\u0165 finan\u010dn\u00e9 prostriedky na svoj \u00fa\u010det Binance. Existuje nieko\u013eko r\u00f4znych sp\u00f4sobov, ako si m\u00f4\u017eete na Binance zalo\u017ei\u0165 \u00fa\u010det.<\/a><\/li><li class='ez-toc-page-1 ez-toc-heading-level-3'><a class=\"ez-toc-link ez-toc-heading-7\" href=\"https:\/\/coinkickoff.com\/sk\/how-to-buy-dogecoin\/how-to-buy-dogecoin-on-binance\/#4_Navigate_to_the_Relevant_Screen_to_Buy\" >4. Prejdite na pr\u00edslu\u0161n\u00fa obrazovku a nakupte<\/a><\/li><\/ul><\/li><\/ul><\/nav><\/div>\n<h2><span class=\"ez-toc-section\" id=\"How_to_Buy_Dogecoin_on_Binance\"><\/span>Ako k\u00fapi\u0165 Dogecoin na Binance<span class=\"ez-toc-section-end\"><\/span><\/h2>\n<p><span style=\"font-weight: 400;\"><a href=\"https:\/\/coinkickoff.com\/sk\/dogecoin-doge\/\" data-internallinksmanager029f6b8e52c=\"14\" title=\"\u010co je Dogecoin (DOGE)? Ako funguje a kde ho k\u00fapi\u0165?\">Dogecoin<\/a> je zn\u00e1ma kryptomena, s ktorou m\u00f4\u017eete obchodova\u0165 na v\u0161etk\u00fdch popul\u00e1rnych <a href=\"https:\/\/coinkickoff.com\/sk\/crypto-exchanges\/\" data-internallinksmanager029f6b8e52c=\"141\" title=\"21 Najlep\u0161ie kryptomenov\u00e9 burzy a aplik\u00e1cie v roku 2024\">kryptografick\u00e9 burzy<\/a>. DOGE je v\u00e4\u010d\u0161inou zn\u00e1my ako <\/span><i><span style=\"font-weight: 400;\">meme alebo vtip coin<\/span><\/i><span style=\"font-weight: 400;\">. D\u00f4vodom je, \u017ee akt\u00edvum nebolo navrhnut\u00e9 na prenos hodnoty alebo vyplnenie medzery na trhu pre konkr\u00e9tny pr\u00edpad pou\u017eitia. Napriek tomu sa akt\u00edvum stalo na internete pomerne popul\u00e1rnym v\u010faka <\/span><a href=\"https:\/\/www.businessinsider.com\/history-elon-musk-love-affair-dogecoin-2022-7\" target=\"_blank\" rel=\"noopener\"><span style=\"font-weight: 400;\">potvrdenia od zn\u00e1mych osobnost\u00ed<\/span><\/a><span style=\"font-weight: 400;\">, v\u00e4\u010d\u0161inou Elona Muska.<\/span><\/p>\n<p><span style=\"font-weight: 400;\">Ak si chcete k\u00fapi\u0165 Dogecoin na <a href=\"https:\/\/coinkickoff.com\/sk\/binance-review\/\" data-internallinksmanager029f6b8e52c=\"152\" title=\"Binance Recenzie 2024: Vlastnosti, poplatky, bezpe\u010dnos\u0165, klady a z\u00e1pory\">Binance<\/a> ale neviete, kde za\u010da\u0165, m\u00e1me pre v\u00e1s rie\u0161enie. Tu n\u00e1jdete podrobn\u00fd n\u00e1vod, ako si k\u00fapi\u0165 Dogecoin na Binance.<\/span><\/p>\n<h2><span class=\"ez-toc-section\" id=\"A_Step-By-Step_Guide_on_How_to_Buy_Dogecoin_on_Binance\"><\/span><span style=\"font-weight: 400;\">Sprievodca krok za krokom, ako si k\u00fapi\u0165 Dogecoin na Binance<\/span><span class=\"ez-toc-section-end\"><\/span><\/h2>\n<h3><span class=\"ez-toc-section\" id=\"1_Register_an_Account\"><\/span><span style=\"font-weight: 400;\">1. Zaregistrujte si \u00fa\u010det<\/span><span class=\"ez-toc-section-end\"><\/span><\/h3>\n<p><span style=\"font-weight: 400;\">Ak e\u0161te nem\u00e1te \u00fa\u010det Binance, prv\u00fdm krokom je prejs\u0165 na str\u00e1nku <\/span><a href=\"https:\/\/accounts.binance.com\/register?ref=BLJQ60RW\" target=\"_blank\" rel=\"noopener\"><span style=\"font-weight: 400;\">Ofici\u00e1lna webov\u00e1 str\u00e1nka Binance<\/span><\/a><span style=\"font-weight: 400;\"> zaregistrova\u0165 si \u00fa\u010det.\u00a0<\/span><\/p>\n<p><img loading=\"lazy\" decoding=\"async\" class=\"alignnone wp-image-3245 size-full\" src=\"https:\/\/coinkickoff.com\/wp-content\/uploads\/binance-register.png\" alt=\"k\u00fapi\u0165 doge na binance register\" width=\"1430\" height=\"798\" srcset=\"https:\/\/coinkickoff.com\/wp-content\/uploads\/binance-register.png 1430w, https:\/\/coinkickoff.com\/wp-content\/uploads\/binance-register-300x167.png 300w, https:\/\/coinkickoff.com\/wp-content\/uploads\/binance-register-1024x571.png 1024w, https:\/\/coinkickoff.com\/wp-content\/uploads\/binance-register-768x429.png 768w, https:\/\/coinkickoff.com\/wp-content\/uploads\/binance-register-18x10.png 18w\" sizes=\"auto, (max-width: 1430px) 100vw, 1430px\" \/><\/p>\n<p><span style=\"font-weight: 400;\">Otvorenie \u00fa\u010dtu Binance je ve\u013emi jednoduch\u00e9: sta\u010d\u00ed sa zaregistrova\u0165 pomocou e-mailovej adresy alebo telef\u00f3nneho \u010d\u00edsla. Spolo\u010dnos\u0165 Binance v\u00e1m za\u0161le overovac\u00ed k\u00f3d na prihl\u00e1senie do v\u00e1\u0161ho nov\u00e9ho \u00fa\u010dtu.<\/span><\/p>\n<h3><span class=\"ez-toc-section\" id=\"2_Verify_Your_Account\"><\/span><span style=\"font-weight: 400;\">2. Overenie v\u00e1\u0161ho \u00fa\u010dtu<\/span><span class=\"ez-toc-section-end\"><\/span><\/h3>\n<p><span style=\"font-weight: 400;\">Po prihl\u00e1sen\u00ed v\u00e1s Binance vyzve na overenie va\u0161ej toto\u017enosti, aby ste mohli za\u010da\u0165 obchodova\u0165 na platforme. Bez overenia toto\u017enosti nem\u00f4\u017eete na svoj \u00fa\u010det Binance vlo\u017ei\u0165 finan\u010dn\u00e9 prostriedky, tak\u017ee ide o k\u013e\u00fa\u010dov\u00fd krok.<\/span><\/p>\n<p><img loading=\"lazy\" decoding=\"async\" class=\"alignnone wp-image-3247 size-full\" src=\"https:\/\/coinkickoff.com\/wp-content\/uploads\/binance-verification-0-e1680852870897.png\" alt=\"overenie binance \" width=\"1410\" height=\"572\" \/><\/p>\n<p><span style=\"font-weight: 400;\">Ak pri prvom prihl\u00e1sen\u00ed presko\u010d\u00edte overenie, nemus\u00edte sa ob\u00e1va\u0165. Binance v\u00e1s bude neust\u00e1le vyz\u00fdva\u0165 na overenie va\u0161ej toto\u017enosti, alebo m\u00f4\u017eete jednoducho prejs\u0165 do profilovej sekcie na ovl\u00e1dacom paneli (ikona profilu vpravo hore).<\/span><\/p>\n<p><img loading=\"lazy\" decoding=\"async\" class=\"alignnone wp-image-3246 size-full\" src=\"https:\/\/coinkickoff.com\/wp-content\/uploads\/binance-verification.png\" alt=\"overenie binance\" width=\"1239\" height=\"752\" srcset=\"https:\/\/coinkickoff.com\/wp-content\/uploads\/binance-verification.png 1239w, https:\/\/coinkickoff.com\/wp-content\/uploads\/binance-verification-300x182.png 300w, https:\/\/coinkickoff.com\/wp-content\/uploads\/binance-verification-1024x622.png 1024w, https:\/\/coinkickoff.com\/wp-content\/uploads\/binance-verification-768x466.png 768w, https:\/\/coinkickoff.com\/wp-content\/uploads\/binance-verification-18x12.png 18w\" sizes=\"auto, (max-width: 1239px) 100vw, 1239px\" \/><\/p>\n<p><span style=\"font-weight: 400;\">Jednoducho kliknite na \"Get Verified\" a spustite proces overovania.<\/span><\/p>\n<p><span style=\"font-weight: 400;\">Na novej overovacej str\u00e1nke vyberte krajinu a oblas\u0165 bydliska. Po\u017eiadavky na overenie toto\u017enosti sa v jednotliv\u00fdch regi\u00f3noch l\u00ed\u0161ia, preto je d\u00f4le\u017eit\u00e9 vybra\u0165 spr\u00e1vnu krajinu.<\/span><\/p>\n<p><img loading=\"lazy\" decoding=\"async\" class=\"alignnone wp-image-3248 size-full\" src=\"https:\/\/coinkickoff.com\/wp-content\/uploads\/binance-verification-2.png\" alt=\"\" width=\"563\" height=\"686\" srcset=\"https:\/\/coinkickoff.com\/wp-content\/uploads\/binance-verification-2.png 563w, https:\/\/coinkickoff.com\/wp-content\/uploads\/binance-verification-2-246x300.png 246w, https:\/\/coinkickoff.com\/wp-content\/uploads\/binance-verification-2-10x12.png 10w\" sizes=\"auto, (max-width: 563px) 100vw, 563px\" \/><\/p>\n<p><span style=\"font-weight: 400;\">Po v\u00fdbere krajiny m\u00f4\u017eete zada\u0165 \u010fal\u0161ie inform\u00e1cie. Binance zvy\u010dajne vy\u017eaduje zadanie v\u00e1\u0161ho z\u00e1konn\u00e9ho mena, d\u00e1tumu narodenia a krajiny. Mus\u00edte tie\u017e predlo\u017ei\u0165 preukaz s fotografiou, napr\u00edklad stranu pasu alebo vodi\u010dsk\u00e9ho preukazu.<\/span><\/p>\n<h3><span class=\"ez-toc-section\" id=\"3_Deposit_FundsCrypto\"><\/span><span style=\"font-weight: 400;\">3. Vkladov\u00e9 fondy\/krypto<\/span><span class=\"ez-toc-section-end\"><\/span><\/h3>\n<h3><img loading=\"lazy\" decoding=\"async\" class=\"alignnone wp-image-3254 size-full\" src=\"https:\/\/coinkickoff.com\/wp-content\/uploads\/binance-deposit-2.png\" alt=\"\" width=\"926\" height=\"796\" srcset=\"https:\/\/coinkickoff.com\/wp-content\/uploads\/binance-deposit-2.png 926w, https:\/\/coinkickoff.com\/wp-content\/uploads\/binance-deposit-2-300x258.png 300w, https:\/\/coinkickoff.com\/wp-content\/uploads\/binance-deposit-2-768x660.png 768w, https:\/\/coinkickoff.com\/wp-content\/uploads\/binance-deposit-2-14x12.png 14w\" sizes=\"auto, (max-width: 926px) 100vw, 926px\" \/><\/h3>\n<h3><span class=\"ez-toc-section\" id=\"Once_you_complete_identity_verification_you_can_easily_deposit_funds_to_your_Binance_account_There_are_a_couple_of_different_ways_to_fund_your_account_on_Binance\"><\/span><span style=\"font-weight: 400;\">Po dokon\u010den\u00ed overenia toto\u017enosti m\u00f4\u017eete jednoducho vlo\u017ei\u0165 finan\u010dn\u00e9 prostriedky na svoj \u00fa\u010det Binance. Existuje nieko\u013eko r\u00f4znych sp\u00f4sobov, ako si m\u00f4\u017eete na Binance zalo\u017ei\u0165 \u00fa\u010det.<\/span><span class=\"ez-toc-section-end\"><\/span><\/h3>\n<p><span style=\"font-weight: 400;\">Za\u010dnite kliknut\u00edm na polo\u017eku \"Deposit\" (v pravom hornom rohu). Binance v\u00e1m pon\u00faka \u0161tyri sp\u00f4soby prij\u00edmania finan\u010dn\u00fdch prostriedkov na v\u00e1\u0161 \u00fa\u010det.\u00a0<\/span><\/p>\n<p><span style=\"font-weight: 400;\">Ak u\u017e m\u00e1te krypto v inej pe\u0148a\u017eenke, m\u00f4\u017eete posla\u0165 svoje akt\u00edva do pe\u0148a\u017eenky Binance v\u00fdberom polo\u017eky \"Deposit Crypto\" alebo prija\u0165 krypto od in\u00fdch odosielate\u013eov v\u00fdberom polo\u017eky \"Receive Crypto\".<\/span><\/p>\n<p><span style=\"font-weight: 400;\">Ak nevlastn\u00edte kryptomeny, m\u00f4\u017eete si k\u00fapi\u0165 DOGE na Binance pridan\u00edm prostriedkov na svoj \u00fa\u010det alebo prepojen\u00edm platobnej met\u00f3dy, ako s\u00fa kreditn\u00e9 karty, Google Pay alebo Apple Pay.<\/span><\/p>\n<p><span style=\"font-weight: 400;\">Ak chcete na svoj \u00fa\u010det Binance vlo\u017ei\u0165 fiat menu, vyberte polo\u017eku \"Vlo\u017ei\u0165 fiat\". Na str\u00e1nke s vkladom vyberte preferovan\u00fa menu a sp\u00f4sob vkladu.\u00a0<\/span><\/p>\n<p><img loading=\"lazy\" decoding=\"async\" class=\"alignnone wp-image-3256 size-full\" src=\"https:\/\/coinkickoff.com\/wp-content\/uploads\/binance-fiat-deposit-3.png\" alt=\"\" width=\"1052\" height=\"778\" srcset=\"https:\/\/coinkickoff.com\/wp-content\/uploads\/binance-fiat-deposit-3.png 1052w, https:\/\/coinkickoff.com\/wp-content\/uploads\/binance-fiat-deposit-3-300x222.png 300w, https:\/\/coinkickoff.com\/wp-content\/uploads\/binance-fiat-deposit-3-1024x757.png 1024w, https:\/\/coinkickoff.com\/wp-content\/uploads\/binance-fiat-deposit-3-768x568.png 768w, https:\/\/coinkickoff.com\/wp-content\/uploads\/binance-fiat-deposit-3-16x12.png 16w\" sizes=\"auto, (max-width: 1052px) 100vw, 1052px\" \/><\/p>\n<p><span style=\"font-weight: 400;\">Sp\u00f4soby platby sa v jednotliv\u00fdch krajin\u00e1ch l\u00ed\u0161ia, ale v\u00e4\u010d\u0161ina pou\u017e\u00edvate\u013eov m\u00f4\u017ee na svoje \u00fa\u010dty \u013eahko vklada\u0165 prostriedky bankov\u00fdmi prevodmi. K dispoz\u00edcii m\u00f4\u017eu by\u0165 aj in\u00e9 mo\u017enosti, ako napr\u00edklad PayPal a n\u00e1kupy kreditn\u00fdmi a debetn\u00fdmi kartami, ale tie s\u00fa \u010dasto drah\u0161ie. Rozpis poplatkov za Binance n\u00e1jdete v na\u0161ej recenzii Binance.<\/span><\/p>\n<p><span style=\"font-weight: 400;\">Po v\u00fdbere sp\u00f4sobu platby, ktor\u00fd chcete pou\u017ei\u0165, kliknite na tla\u010didlo \"Pokra\u010dova\u0165\".<\/span><\/p>\n<h3><span class=\"ez-toc-section\" id=\"4_Navigate_to_the_Relevant_Screen_to_Buy\"><\/span><span style=\"font-weight: 400;\">4. Prejdite na pr\u00edslu\u0161n\u00fa obrazovku a nakupte<\/span><span class=\"ez-toc-section-end\"><\/span><\/h3>\n<p><span style=\"font-weight: 400;\">Najjednoduch\u0161\u00ed sp\u00f4sob, ako si k\u00fapi\u0165 DOGE na Binance, je prejs\u0165 na str\u00e1nku \"K\u00fapi\u0165 kryptografiu\".\u00a0<\/span><\/p>\n<p><img loading=\"lazy\" decoding=\"async\" class=\"alignnone wp-image-3249 size-full\" src=\"https:\/\/coinkickoff.com\/wp-content\/uploads\/binance-buy-sell-crypto.png\" alt=\"\" width=\"1056\" height=\"642\" srcset=\"https:\/\/coinkickoff.com\/wp-content\/uploads\/binance-buy-sell-crypto.png 1056w, https:\/\/coinkickoff.com\/wp-content\/uploads\/binance-buy-sell-crypto-300x182.png 300w, https:\/\/coinkickoff.com\/wp-content\/uploads\/binance-buy-sell-crypto-1024x623.png 1024w, https:\/\/coinkickoff.com\/wp-content\/uploads\/binance-buy-sell-crypto-768x467.png 768w, https:\/\/coinkickoff.com\/wp-content\/uploads\/binance-buy-sell-crypto-18x12.png 18w\" sizes=\"auto, (max-width: 1056px) 100vw, 1056px\" \/><\/p>\n<p><span style=\"font-weight: 400;\">Ke\u010f sa ocitnete na str\u00e1nke N\u00e1kup\/Predaj, \u013eahko nak\u00fapite alebo pred\u00e1te krypto zadan\u00edm sumy pe\u0148az\u00ed, ktor\u00fa chcete min\u00fa\u0165, alebo sumy krypto, ktor\u00fa chcete k\u00fapi\u0165.<\/span><\/p>\n<p><img loading=\"lazy\" decoding=\"async\" class=\"alignnone wp-image-3250 size-full\" src=\"https:\/\/coinkickoff.com\/wp-content\/uploads\/binance-buy-sell-crypto-2.png\" alt=\"\" width=\"1079\" height=\"634\" srcset=\"https:\/\/coinkickoff.com\/wp-content\/uploads\/binance-buy-sell-crypto-2.png 1079w, https:\/\/coinkickoff.com\/wp-content\/uploads\/binance-buy-sell-crypto-2-300x176.png 300w, https:\/\/coinkickoff.com\/wp-content\/uploads\/binance-buy-sell-crypto-2-1024x602.png 1024w, https:\/\/coinkickoff.com\/wp-content\/uploads\/binance-buy-sell-crypto-2-768x451.png 768w, https:\/\/coinkickoff.com\/wp-content\/uploads\/binance-buy-sell-crypto-2-18x12.png 18w\" sizes=\"auto, (max-width: 1079px) 100vw, 1079px\" \/><\/p>\n<p><span style=\"font-weight: 400;\">Po zadan\u00ed sumy, ktor\u00fa chcete min\u00fa\u0165, uvid\u00edte, ko\u013eko kryptografick\u00fdch pe\u0148az\u00ed dostanete.<\/span><\/p>\n<p><img loading=\"lazy\" decoding=\"async\" class=\"alignnone wp-image-3252 size-full\" src=\"https:\/\/coinkickoff.com\/wp-content\/uploads\/binance-crypto-buy-sell-5.png\" alt=\"\" width=\"1047\" height=\"640\" srcset=\"https:\/\/coinkickoff.com\/wp-content\/uploads\/binance-crypto-buy-sell-5.png 1047w, https:\/\/coinkickoff.com\/wp-content\/uploads\/binance-crypto-buy-sell-5-300x183.png 300w, https:\/\/coinkickoff.com\/wp-content\/uploads\/binance-crypto-buy-sell-5-1024x626.png 1024w, https:\/\/coinkickoff.com\/wp-content\/uploads\/binance-crypto-buy-sell-5-768x469.png 768w, https:\/\/coinkickoff.com\/wp-content\/uploads\/binance-crypto-buy-sell-5-18x12.png 18w\" sizes=\"auto, (max-width: 1047px) 100vw, 1047px\" \/><\/p>\n<p><span style=\"font-weight: 400;\">Ke\u010f\u017ee si chcete k\u00fapi\u0165 Dogecoin, kliknite na <a href=\"https:\/\/coinkickoff.com\/sk\/bitcoin-btc\/\" data-internallinksmanager029f6b8e52c=\"1\" title=\"\u010co je Bitcoin (BTC)? Cena, hist\u00f3ria a kde k\u00fapi\u0165\">BTC<\/a> symbol na karte \"Pr\u00edjem\". T\u00fdm sa otvor\u00ed ponuka v\u0161etk\u00fdch r\u00f4znych akt\u00edv, ktor\u00e9 m\u00f4\u017eete zak\u00fapi\u0165. Do vyh\u013ead\u00e1vacieho riadku ponuky nap\u00ed\u0161te DOGE, aby ste ho \u013eahko na\u0161li.<\/span><\/p>\n<p><img loading=\"lazy\" decoding=\"async\" class=\"alignnone wp-image-3255 size-full\" src=\"https:\/\/coinkickoff.com\/wp-content\/uploads\/BINANCE-DOGE-SELECT.png\" alt=\"\" width=\"1195\" height=\"649\" srcset=\"https:\/\/coinkickoff.com\/wp-content\/uploads\/BINANCE-DOGE-SELECT.png 1195w, https:\/\/coinkickoff.com\/wp-content\/uploads\/BINANCE-DOGE-SELECT-300x163.png 300w, https:\/\/coinkickoff.com\/wp-content\/uploads\/BINANCE-DOGE-SELECT-1024x556.png 1024w, https:\/\/coinkickoff.com\/wp-content\/uploads\/BINANCE-DOGE-SELECT-768x417.png 768w, https:\/\/coinkickoff.com\/wp-content\/uploads\/BINANCE-DOGE-SELECT-18x10.png 18w\" sizes=\"auto, (max-width: 1195px) 100vw, 1195px\" \/><\/p>\n<p><span style=\"font-weight: 400;\">Vyberte ho a na str\u00e1nke sa zobraz\u00ed, ko\u013eko DOGE si m\u00f4\u017eete k\u00fapi\u0165 za sumu, ktor\u00fa chcete min\u00fa\u0165.<\/span><\/p>\n<p><img loading=\"lazy\" decoding=\"async\" class=\"alignnone wp-image-3261 size-large\" src=\"https:\/\/coinkickoff.com\/wp-content\/uploads\/buy-doge-on-binance-2-1024x573.png\" alt=\"k\u00fapi\u0165 dogecoin na binance\" width=\"1024\" height=\"573\" srcset=\"https:\/\/coinkickoff.com\/wp-content\/uploads\/buy-doge-on-binance-2-1024x573.png 1024w, https:\/\/coinkickoff.com\/wp-content\/uploads\/buy-doge-on-binance-2-300x168.png 300w, https:\/\/coinkickoff.com\/wp-content\/uploads\/buy-doge-on-binance-2-768x430.png 768w, https:\/\/coinkickoff.com\/wp-content\/uploads\/buy-doge-on-binance-2-18x10.png 18w, https:\/\/coinkickoff.com\/wp-content\/uploads\/buy-doge-on-binance-2.png 1432w\" sizes=\"auto, (max-width: 1024px) 100vw, 1024px\" \/><\/p>\n<p><span style=\"font-weight: 400;\">Nakoniec kliknite na polo\u017eku K\u00daPI\u0164 DOGE. Takto jednoducho si m\u00f4\u017eete k\u00fapi\u0165 Dogecoin na Binance.<\/span><\/p>\n<p><span style=\"font-weight: 400;\">Ak si chcete k\u00fapi\u0165 Dogecoin alebo in\u00e9 digit\u00e1lne akt\u00edva na r\u00f4znych burz\u00e1ch, pozrite sa na na\u0161u <\/span><a href=\"https:\/\/coinkickoff.com\/sk\/crypto-exchanges\/\"><span style=\"font-weight: 400;\">Recenzie najlep\u0161\u00edch 22 v\u00fdmen kryptomien<\/span><\/a><span style=\"font-weight: 400;\"> a osem \u010fal\u0161\u00edch alternat\u00edv.<\/span><\/p>","protected":false},"excerpt":{"rendered":"<p>Ako k\u00fapi\u0165 Dogecoin na Binance Dogecoin je zn\u00e1ma kryptomena, s ktorou m\u00f4\u017eete obchodova\u0165 na v\u0161etk\u00fdch popul\u00e1rnych kryptoburz\u00e1ch. DOGE je v\u00e4\u010d\u0161inou zn\u00e1ma ako meme alebo vtip coin. D\u00f4vodom je, \u017ee toto akt\u00edvum nebolo navrhnut\u00e9 na prenos hodnoty alebo vyplnenie medzery na trhu pre konkr\u00e9tny pr\u00edpad pou\u017eitia. Napriek tomu je akt\u00edvum [...]<\/p>","protected":false},"author":3,"featured_media":3261,"parent":3196,"menu_order":0,"comment_status":"closed","ping_status":"closed","template":"","meta":{"_genesis_hide_title":false,"_genesis_hide_breadcrumbs":false,"_genesis_hide_singular_image":false,"_genesis_hide_footer_widgets":false,"_genesis_custom_body_class":"","_genesis_custom_post_class":"","_genesis_layout":"","_glsr_average":0,"_glsr_ranking":0,"_glsr_reviews":0,"footnotes":""},"class_list":{"0":"post-3244","1":"page","2":"type-page","3":"status-publish","4":"has-post-thumbnail","6":"entry"},"featured_image_src":"https:\/\/coinkickoff.com\/wp-content\/uploads\/buy-doge-on-binance-2-600x400.png","featured_image_src_square":"https:\/\/coinkickoff.com\/wp-content\/uploads\/buy-doge-on-binance-2-600x600.png","_links":{"self":[{"href":"https:\/\/coinkickoff.com\/sk\/wp-json\/wp\/v2\/pages\/3244","targetHints":{"allow":["GET"]}}],"collection":[{"href":"https:\/\/coinkickoff.com\/sk\/wp-json\/wp\/v2\/pages"}],"about":[{"href":"https:\/\/coinkickoff.com\/sk\/wp-json\/wp\/v2\/types\/page"}],"author":[{"embeddable":true,"href":"https:\/\/coinkickoff.com\/sk\/wp-json\/wp\/v2\/users\/3"}],"replies":[{"embeddable":true,"href":"https:\/\/coinkickoff.com\/sk\/wp-json\/wp\/v2\/comments?post=3244"}],"version-history":[{"count":4,"href":"https:\/\/coinkickoff.com\/sk\/wp-json\/wp\/v2\/pages\/3244\/revisions"}],"predecessor-version":[{"id":4487,"href":"https:\/\/coinkickoff.com\/sk\/wp-json\/wp\/v2\/pages\/3244\/revisions\/4487"}],"up":[{"embeddable":true,"href":"https:\/\/coinkickoff.com\/sk\/wp-json\/wp\/v2\/pages\/3196"}],"wp:featuredmedia":[{"embeddable":true,"href":"https:\/\/coinkickoff.com\/sk\/wp-json\/wp\/v2\/media\/3261"}],"wp:attachment":[{"href":"https:\/\/coinkickoff.com\/sk\/wp-json\/wp\/v2\/media?parent=3244"}],"curies":[{"name":"wp","href":"https:\/\/api.w.org\/{rel}","templated":true}]}}