{"id":3203,"date":"2026-01-08T14:07:32","date_gmt":"2026-01-08T14:07:32","guid":{"rendered":"https:\/\/coinkickoff.com\/?page_id=3203"},"modified":"2026-01-08T14:07:32","modified_gmt":"2026-01-08T14:07:32","slug":"how-to-buy-dogecoin-on-bybit","status":"publish","type":"page","link":"https:\/\/coinkickoff.com\/sk\/how-to-buy-dogecoin\/how-to-buy-dogecoin-on-bybit\/","title":{"rendered":"Ako k\u00fapi\u0165 Dogecoin (DOGE) na Bybit"},"content":{"rendered":"<div id=\"ez-toc-container\" class=\"ez-toc-v2_0_80 counter-hierarchy ez-toc-counter ez-toc-transparent ez-toc-container-direction\">\n<div class=\"ez-toc-title-container\">\n<p class=\"ez-toc-title\" style=\"cursor:inherit\">Sekcie<\/p>\n<span class=\"ez-toc-title-toggle\"><a href=\"#\" class=\"ez-toc-pull-right ez-toc-btn ez-toc-btn-xs ez-toc-btn-default ez-toc-toggle\" aria-label=\"Prep\u00ednanie tabu\u013eky obsahu\"><span class=\"ez-toc-js-icon-con\"><span class=\"\"><span class=\"eztoc-hide\" style=\"display:none;\">Prep\u00edna\u010d<\/span><span class=\"ez-toc-icon-toggle-span\"><svg style=\"fill: #999;color:#999\" xmlns=\"http:\/\/www.w3.org\/2000\/svg\" class=\"list-377408\" width=\"20px\" height=\"20px\" viewbox=\"0 0 24 24\" fill=\"none\"><path d=\"M6 6H4v2h2V6zm14 0H8v2h12V6zM4 11h2v2H4v-2zm16 0H8v2h12v-2zM4 16h2v2H4v-2zm16 0H8v2h12v-2z\" fill=\"currentColor\"><\/path><\/svg><svg style=\"fill: #999;color:#999\" class=\"arrow-unsorted-368013\" xmlns=\"http:\/\/www.w3.org\/2000\/svg\" width=\"10px\" height=\"10px\" viewbox=\"0 0 24 24\" version=\"1.2\" baseprofile=\"tiny\"><path d=\"M18.2 9.3l-6.2-6.3-6.2 6.3c-.2.2-.3.4-.3.7s.1.5.3.7c.2.2.4.3.7.3h11c.3 0 .5-.1.7-.3.2-.2.3-.5.3-.7s-.1-.5-.3-.7zM5.8 14.7l6.2 6.3 6.2-6.3c.2-.2.3-.5.3-.7s-.1-.5-.3-.7c-.2-.2-.4-.3-.7-.3h-11c-.3 0-.5.1-.7.3-.2.2-.3.5-.3.7s.1.5.3.7z\"\/><\/svg><\/span><\/span><\/span><\/a><\/span><\/div>\n<nav><ul class='ez-toc-list ez-toc-list-level-1 eztoc-toggle-hide-by-default' ><li class='ez-toc-page-1 ez-toc-heading-level-2'><a class=\"ez-toc-link ez-toc-heading-1\" href=\"https:\/\/coinkickoff.com\/sk\/how-to-buy-dogecoin\/how-to-buy-dogecoin-on-bybit\/#How_to_Buy_Dogecoin_on_Bybit\" >Ako k\u00fapi\u0165 Dogecoin na Bybit<\/a><\/li><li class='ez-toc-page-1 ez-toc-heading-level-2'><a class=\"ez-toc-link ez-toc-heading-2\" href=\"https:\/\/coinkickoff.com\/sk\/how-to-buy-dogecoin\/how-to-buy-dogecoin-on-bybit\/#A_Step-By-Step_Guide_on_How_to_Buy_Dogecoin_on_Bybit\" >Sprievodca krok za krokom, ako si k\u00fapi\u0165 Dogecoin na Bybite<\/a><ul class='ez-toc-list-level-3' ><li class='ez-toc-heading-level-3'><a class=\"ez-toc-link ez-toc-heading-3\" href=\"https:\/\/coinkickoff.com\/sk\/how-to-buy-dogecoin\/how-to-buy-dogecoin-on-bybit\/#1_Register_an_Account\" >1. Zaregistrujte si \u00fa\u010det<\/a><\/li><li class='ez-toc-page-1 ez-toc-heading-level-3'><a class=\"ez-toc-link ez-toc-heading-4\" href=\"https:\/\/coinkickoff.com\/sk\/how-to-buy-dogecoin\/how-to-buy-dogecoin-on-bybit\/#2_Verify_Your_Account\" >2. Overenie v\u00e1\u0161ho \u00fa\u010dtu<\/a><\/li><li class='ez-toc-page-1 ez-toc-heading-level-3'><a class=\"ez-toc-link ez-toc-heading-5\" href=\"https:\/\/coinkickoff.com\/sk\/how-to-buy-dogecoin\/how-to-buy-dogecoin-on-bybit\/#3_Deposit_FundsCrypto\" >3. Vkladov\u00e9 fondy\/krypto<\/a><\/li><li class='ez-toc-page-1 ez-toc-heading-level-3'><a class=\"ez-toc-link ez-toc-heading-6\" href=\"https:\/\/coinkickoff.com\/sk\/how-to-buy-dogecoin\/how-to-buy-dogecoin-on-bybit\/#4_Navigate_to_the_Relevant_Screen_to_Buy\" >4. Prejdite na pr\u00edslu\u0161n\u00fa obrazovku a nakupte<\/a><\/li><\/ul><\/li><\/ul><\/nav><\/div>\n<h2><span class=\"ez-toc-section\" id=\"How_to_Buy_Dogecoin_on_Bybit\"><\/span><span style=\"font-weight: 400;\">Ako k\u00fapi\u0165 Dogecoin na Bybit<\/span><span class=\"ez-toc-section-end\"><\/span><\/h2>\n<p><span style=\"font-weight: 400;\">Zatia\u013e \u010do <a href=\"https:\/\/coinkickoff.com\/sk\/dogecoin-doge\/\" data-internallinksmanager029f6b8e52c=\"14\" title=\"\u010co je Dogecoin (DOGE)? Ako funguje a kde ho k\u00fapi\u0165?\">Dogecoin<\/a> nie je ve\u013emi stabiln\u00fd alebo obzvl\u00e1\u0161\u0165 u\u017eito\u010dn\u00fd digit\u00e1lny majetok, je pomerne zn\u00e1my v\u010faka svojej vtipnej meme povahe. D\u00e1 sa tie\u017e pomerne \u013eahko k\u00fapi\u0165, preto\u017ee ho n\u00e1jdete takmer na ka\u017edej burze.\u00a0<\/span><\/p>\n<p><span style=\"font-weight: 400;\">Z\u00e1soba DOGE je takmer nekone\u010dn\u00e1, tak\u017ee si ju m\u00f4\u017eete k\u00fapi\u0165 za lacn\u00fd peniaz, hoci by ste mali vedie\u0165, \u017ee v skuto\u010dnosti nem\u00e1 vyu\u017eitie.<\/span><\/p>\n<p><span style=\"font-weight: 400;\">V tomto \u010dl\u00e1nku v\u00e1m vysvetl\u00edme, ako k\u00fapi\u0165 Dogecoin na <a href=\"https:\/\/coinkickoff.com\/sk\/bybit-review\/\">Bybit<\/a> krok za krokom. Tak a je to tu.<\/span><\/p>\n<h2><span class=\"ez-toc-section\" id=\"A_Step-By-Step_Guide_on_How_to_Buy_Dogecoin_on_Bybit\"><\/span><span style=\"font-weight: 400;\">Sprievodca krok za krokom, ako si k\u00fapi\u0165 Dogecoin na Bybite<\/span><span class=\"ez-toc-section-end\"><\/span><\/h2>\n<h3><span class=\"ez-toc-section\" id=\"1_Register_an_Account\"><\/span><span style=\"font-weight: 400;\">1. Zaregistrujte si \u00fa\u010det<\/span><span class=\"ez-toc-section-end\"><\/span><\/h3>\n<p><span style=\"font-weight: 400;\">Na tomto odkaze n\u00e1jdete <\/span><a href=\"https:\/\/www.bybit.com\/en-US\/register?irclickid=zLJWgJTKIxyNWiW0o%3AzEUxRnUkAWQmSxHzEAWw0&amp;irgwc=1&amp;srcexid=469064&amp;utmsource=impact&amp;srcplatform=1&amp;Sharedid=\" target=\"_blank\" rel=\"noopener\"><span style=\"font-weight: 400;\">Ofici\u00e1lna webov\u00e1 str\u00e1nka spolo\u010dnosti Bybit<\/span><\/a><span style=\"font-weight: 400;\"> a kliknut\u00edm na tla\u010didlo \"Zaregistrova\u0165 sa\" si zaregistrujte konto.\u00a0<\/span><\/p>\n<p><img loading=\"lazy\" decoding=\"async\" class=\"alignnone wp-image-3213 size-full\" src=\"https:\/\/coinkickoff.com\/wp-content\/uploads\/bybit-create-account.png\" alt=\"ako k\u00fapi\u0165 dogecoin na bybit vytvori\u0165 \u00fa\u010det\" width=\"1437\" height=\"723\" srcset=\"https:\/\/coinkickoff.com\/wp-content\/uploads\/bybit-create-account.png 1437w, https:\/\/coinkickoff.com\/wp-content\/uploads\/bybit-create-account-300x151.png 300w, https:\/\/coinkickoff.com\/wp-content\/uploads\/bybit-create-account-1024x515.png 1024w, https:\/\/coinkickoff.com\/wp-content\/uploads\/bybit-create-account-768x386.png 768w, https:\/\/coinkickoff.com\/wp-content\/uploads\/bybit-create-account-18x9.png 18w\" sizes=\"auto, (max-width: 1437px) 100vw, 1437px\" \/><\/p>\n<p><span style=\"font-weight: 400;\">Otvorenie <a href=\"https:\/\/coinkickoff.com\/sk\/bybit-review\/\" data-internallinksmanager029f6b8e52c=\"157\" title=\"Bybit Reviews 2025: Funkcie, poplatky, bezpe\u010dnos\u0165, klady a z\u00e1pory\">Bybit<\/a> konto je ve\u013emi jednoduch\u00e9: m\u00f4\u017eete sa zaregistrova\u0165 pomocou e-mailu alebo telef\u00f3nneho \u010d\u00edsla. M\u00f4\u017eete sa zaregistrova\u0165 aj pomocou svojho Google alebo Apple ID.\u00a0<\/span><\/p>\n<h3><span class=\"ez-toc-section\" id=\"2_Verify_Your_Account\"><\/span><span style=\"font-weight: 400;\">2. Overenie v\u00e1\u0161ho \u00fa\u010dtu<\/span><span class=\"ez-toc-section-end\"><\/span><\/h3>\n<p><span style=\"font-weight: 400;\">Pr\u00edsne vzat\u00e9, na obchodovanie na Bybit nemus\u00edte vykona\u0165 overenie toto\u017enosti. Platforma v\u00e1m umo\u017e\u0148uje obchodova\u0165 a vybera\u0165 digit\u00e1lne akt\u00edva bez overovania.\u00a0<\/span><\/p>\n<p><span style=\"font-weight: 400;\">To znamen\u00e1, \u017ee ak u\u017e vlastn\u00edte digit\u00e1lne akt\u00edva, m\u00f4\u017eete krok overenia presko\u010di\u0165. Jedin\u00e9, \u010do mus\u00edte urobi\u0165, je posla\u0165 niektor\u00e9 zo svojich akt\u00edv na \u00fa\u010det Bybit a m\u00f4\u017eete ich pou\u017ei\u0165 na n\u00e1kup DOGE na platforme.<\/span><\/p>\n<p><img loading=\"lazy\" decoding=\"async\" class=\"alignnone wp-image-3215 size-full\" src=\"https:\/\/coinkickoff.com\/wp-content\/uploads\/bybit-crypto-deposit.png\" alt=\"\" width=\"1372\" height=\"659\" srcset=\"https:\/\/coinkickoff.com\/wp-content\/uploads\/bybit-crypto-deposit.png 1372w, https:\/\/coinkickoff.com\/wp-content\/uploads\/bybit-crypto-deposit-300x144.png 300w, https:\/\/coinkickoff.com\/wp-content\/uploads\/bybit-crypto-deposit-1024x492.png 1024w, https:\/\/coinkickoff.com\/wp-content\/uploads\/bybit-crypto-deposit-768x369.png 768w, https:\/\/coinkickoff.com\/wp-content\/uploads\/bybit-crypto-deposit-18x9.png 18w\" sizes=\"auto, (max-width: 1372px) 100vw, 1372px\" \/><\/p>\n<p><span style=\"font-weight: 400;\">Ak v\u0161ak nevlastn\u00edte \u017eiadne krypto, mus\u00edte si na svoj \u00fa\u010det Bybit vlo\u017ei\u0165 finan\u010dn\u00e9 prostriedky, aby ste mohli za\u010da\u0165 obchodova\u0165. To znamen\u00e1, \u017ee budete musie\u0165 absolvova\u0165 aj overenie toto\u017enosti.\u00a0<\/span><\/p>\n<p><span style=\"font-weight: 400;\">Ak chcete za\u010da\u0165 proces overovania, vyberte polo\u017eku \"Profil\" na pr\u00edstrojovej doske (vpravo hore). Na str\u00e1nke profilu kliknite na polo\u017eku \"Overenie toto\u017enosti\".<\/span><\/p>\n<p><img loading=\"lazy\" decoding=\"async\" class=\"alignnone wp-image-3214 size-full\" src=\"https:\/\/coinkickoff.com\/wp-content\/uploads\/bybit-dashboard.png\" alt=\"\" width=\"1416\" height=\"232\" srcset=\"https:\/\/coinkickoff.com\/wp-content\/uploads\/bybit-dashboard.png 1416w, https:\/\/coinkickoff.com\/wp-content\/uploads\/bybit-dashboard-300x49.png 300w, https:\/\/coinkickoff.com\/wp-content\/uploads\/bybit-dashboard-1024x168.png 1024w, https:\/\/coinkickoff.com\/wp-content\/uploads\/bybit-dashboard-768x126.png 768w, https:\/\/coinkickoff.com\/wp-content\/uploads\/bybit-dashboard-18x3.png 18w\" sizes=\"auto, (max-width: 1416px) 100vw, 1416px\" \/><\/p>\n<p><span style=\"font-weight: 400;\">Kliknut\u00edm na tla\u010didlo \"Overi\u0165 teraz\" spust\u00edte proces overovania.<\/span><\/p>\n<p><img loading=\"lazy\" decoding=\"async\" class=\"alignnone wp-image-3212 size-full\" src=\"https:\/\/coinkickoff.com\/wp-content\/uploads\/bybit-identity-verification.png\" alt=\"bybit overenie identity\" width=\"1432\" height=\"792\" srcset=\"https:\/\/coinkickoff.com\/wp-content\/uploads\/bybit-identity-verification.png 1432w, https:\/\/coinkickoff.com\/wp-content\/uploads\/bybit-identity-verification-300x166.png 300w, https:\/\/coinkickoff.com\/wp-content\/uploads\/bybit-identity-verification-1024x566.png 1024w, https:\/\/coinkickoff.com\/wp-content\/uploads\/bybit-identity-verification-768x425.png 768w, https:\/\/coinkickoff.com\/wp-content\/uploads\/bybit-identity-verification-18x10.png 18w\" sizes=\"auto, (max-width: 1432px) 100vw, 1432px\" \/><\/p>\n<p><span style=\"font-weight: 400;\">Na overenie toto\u017enosti mus\u00edte nahra\u0165 platn\u00fd preukaz toto\u017enosti s fotografiou vydan\u00fd vl\u00e1dou a selfie.<\/span><\/p>\n<h3><span class=\"ez-toc-section\" id=\"3_Deposit_FundsCrypto\"><\/span><span style=\"font-weight: 400;\">3. Vkladov\u00e9 fondy\/krypto<\/span><span class=\"ez-toc-section-end\"><\/span><\/h3>\n<p><span style=\"font-weight: 400;\">Po dokon\u010den\u00ed overenia toto\u017enosti m\u00f4\u017eete na svoj \u00fa\u010det Bybit vlo\u017ei\u0165 fiat menu. Na ovl\u00e1dacom paneli kliknite na \"Buy Crypto\" a z rozba\u013eovacej ponuky vyberte \"Fiat Deposit\".<\/span><\/p>\n<p><img loading=\"lazy\" decoding=\"async\" class=\"alignnone wp-image-3208 size-full\" src=\"https:\/\/coinkickoff.com\/wp-content\/uploads\/bybit-fiat-deposit.png\" alt=\"bybit fiat vklad\" width=\"1432\" height=\"630\" srcset=\"https:\/\/coinkickoff.com\/wp-content\/uploads\/bybit-fiat-deposit.png 1432w, https:\/\/coinkickoff.com\/wp-content\/uploads\/bybit-fiat-deposit-300x132.png 300w, https:\/\/coinkickoff.com\/wp-content\/uploads\/bybit-fiat-deposit-1024x451.png 1024w, https:\/\/coinkickoff.com\/wp-content\/uploads\/bybit-fiat-deposit-768x338.png 768w, https:\/\/coinkickoff.com\/wp-content\/uploads\/bybit-fiat-deposit-18x8.png 18w\" sizes=\"auto, (max-width: 1432px) 100vw, 1432px\" \/><\/p>\n<p><span style=\"font-weight: 400;\">Na str\u00e1nke s vkladom vyberte preferovan\u00fa menu, zadajte sumu, ktor\u00fa chcete vlo\u017ei\u0165, a vyberte sp\u00f4sob vkladu. Met\u00f3dy vkladu sa l\u00ed\u0161ia pod\u013ea fiat meny, hoci Advcash je k dispoz\u00edcii pre r\u00f4zne fiat mo\u017enosti.<\/span><\/p>\n<p><img loading=\"lazy\" decoding=\"async\" class=\"alignnone wp-image-3209 size-full\" src=\"https:\/\/coinkickoff.com\/wp-content\/uploads\/bybitfiatdeposit2.png\" alt=\"bybit fiat vklad\" width=\"1418\" height=\"783\" srcset=\"https:\/\/coinkickoff.com\/wp-content\/uploads\/bybitfiatdeposit2.png 1418w, https:\/\/coinkickoff.com\/wp-content\/uploads\/bybitfiatdeposit2-300x166.png 300w, https:\/\/coinkickoff.com\/wp-content\/uploads\/bybitfiatdeposit2-1024x565.png 1024w, https:\/\/coinkickoff.com\/wp-content\/uploads\/bybitfiatdeposit2-768x424.png 768w, https:\/\/coinkickoff.com\/wp-content\/uploads\/bybitfiatdeposit2-18x10.png 18w\" sizes=\"auto, (max-width: 1418px) 100vw, 1418px\" \/><\/p>\n<p><span style=\"font-weight: 400;\">Po v\u00fdbere sp\u00f4sobu platby vyjadrite s\u00fahlas s podmienkami a slu\u017ebami a kliknite na tla\u010didlo pokra\u010dova\u0165.<\/span><\/p>\n<h3><span class=\"ez-toc-section\" id=\"4_Navigate_to_the_Relevant_Screen_to_Buy\"><\/span><span style=\"font-weight: 400;\">4. Prejdite na pr\u00edslu\u0161n\u00fa obrazovku a nakupte<\/span><span class=\"ez-toc-section-end\"><\/span><\/h3>\n<p><span style=\"font-weight: 400;\">Ke\u010f si na svoj \u00fa\u010det Bybit vlo\u017e\u00edte nejak\u00e9 prostriedky, n\u00e1kup DOGE je ve\u013emi jednoduch\u00fd. Na ovl\u00e1dacom paneli kliknite na \"Buy Crypto\" a vyberte \"One-Click Buy\". T\u00fdm sa dostanete na str\u00e1nku jednoduch\u00e9ho n\u00e1kupu\/predaja.<\/span><\/p>\n<p><img loading=\"lazy\" decoding=\"async\" class=\"alignnone wp-image-3211 size-full\" src=\"https:\/\/coinkickoff.com\/wp-content\/uploads\/bybit-one-click-buy-2.png\" alt=\"jedn\u00fdm kliknut\u00edm k\u00fapi\u0165 2\" width=\"1433\" height=\"795\" srcset=\"https:\/\/coinkickoff.com\/wp-content\/uploads\/bybit-one-click-buy-2.png 1433w, https:\/\/coinkickoff.com\/wp-content\/uploads\/bybit-one-click-buy-2-300x166.png 300w, https:\/\/coinkickoff.com\/wp-content\/uploads\/bybit-one-click-buy-2-1024x568.png 1024w, https:\/\/coinkickoff.com\/wp-content\/uploads\/bybit-one-click-buy-2-768x426.png 768w, https:\/\/coinkickoff.com\/wp-content\/uploads\/bybit-one-click-buy-2-18x10.png 18w\" sizes=\"auto, (max-width: 1433px) 100vw, 1433px\" \/><\/p>\n<p><span style=\"font-weight: 400;\"><img loading=\"lazy\" decoding=\"async\" class=\"alignnone wp-image-3210 size-full\" src=\"https:\/\/coinkickoff.com\/wp-content\/uploads\/oneclickbuy-bybit-1.png\" alt=\"k\u00fapi\u0165 jedn\u00fdm kliknut\u00edm bybit\" width=\"1429\" height=\"792\" srcset=\"https:\/\/coinkickoff.com\/wp-content\/uploads\/oneclickbuy-bybit-1.png 1429w, https:\/\/coinkickoff.com\/wp-content\/uploads\/oneclickbuy-bybit-1-300x166.png 300w, https:\/\/coinkickoff.com\/wp-content\/uploads\/oneclickbuy-bybit-1-1024x568.png 1024w, https:\/\/coinkickoff.com\/wp-content\/uploads\/oneclickbuy-bybit-1-768x426.png 768w, https:\/\/coinkickoff.com\/wp-content\/uploads\/oneclickbuy-bybit-1-18x10.png 18w\" sizes=\"auto, (max-width: 1429px) 100vw, 1429px\" \/>Na str\u00e1nke K\u00fapi\u0165\/preda\u0165 vyberte kryptomenu, ktor\u00fa chcete k\u00fapi\u0165, a zadajte sumu, ktor\u00fa chcete min\u00fa\u0165. Kalkula\u010dka automaticky zobraz\u00ed, ko\u013eko DOGE dostanete v\u00fdmenou za svoje dol\u00e1re.<\/span><\/p>\n<p><span style=\"font-weight: 400;\">Nakoniec vyberte sp\u00f4sob platby ako fiat balance a kliknite na \"Buy With USD\".<\/span><\/p>\n<p><span style=\"font-weight: 400;\">Gratulujeme!<\/span><\/p>\n<p>Ak si chcete k\u00fapi\u0165 Dogecoin alebo in\u00e9 digit\u00e1lne akt\u00edva na r\u00f4znych burz\u00e1ch, pozrite sa na na\u0161u\u00a0<a href=\"https:\/\/coinkickoff.com\/sk\/crypto-exchanges\/\">Recenzie najlep\u0161\u00edch 22 v\u00fdmen kryptomien<\/a>\u00a0a osem \u010fal\u0161\u00edch alternat\u00edv.<\/p>","protected":false},"excerpt":{"rendered":"<p>Ako k\u00fapi\u0165 Dogecoin na Bybit Hoci Dogecoin nie je ve\u013emi stabiln\u00e9 ani obzvl\u00e1\u0161\u0165 u\u017eito\u010dn\u00e9 digit\u00e1lne akt\u00edvum, je pomerne zn\u00e1me v\u010faka svojej vtipnej meme povahe. D\u00e1 sa tie\u017e pomerne \u013eahko k\u00fapi\u0165, ke\u010f\u017ee ho n\u00e1jdete takmer na ka\u017edej burze.  Ponuka DOGE je takmer nekone\u010dn\u00e1, tak\u017ee si ho m\u00f4\u017eete k\u00fapi\u0165 za [...]<\/p>","protected":false},"author":3,"featured_media":1199,"parent":3196,"menu_order":0,"comment_status":"closed","ping_status":"closed","template":"","meta":{"_genesis_hide_title":false,"_genesis_hide_breadcrumbs":false,"_genesis_hide_singular_image":false,"_genesis_hide_footer_widgets":false,"_genesis_custom_body_class":"","_genesis_custom_post_class":"","_genesis_layout":"","_glsr_average":0,"_glsr_ranking":0,"_glsr_reviews":0,"footnotes":""},"class_list":{"0":"post-3203","1":"page","2":"type-page","3":"status-publish","4":"has-post-thumbnail","6":"entry"},"featured_image_src":"https:\/\/coinkickoff.com\/wp-content\/uploads\/bybit-homepage-600x400.png","featured_image_src_square":"https:\/\/coinkickoff.com\/wp-content\/uploads\/bybit-homepage-600x600.png","_links":{"self":[{"href":"https:\/\/coinkickoff.com\/sk\/wp-json\/wp\/v2\/pages\/3203","targetHints":{"allow":["GET"]}}],"collection":[{"href":"https:\/\/coinkickoff.com\/sk\/wp-json\/wp\/v2\/pages"}],"about":[{"href":"https:\/\/coinkickoff.com\/sk\/wp-json\/wp\/v2\/types\/page"}],"author":[{"embeddable":true,"href":"https:\/\/coinkickoff.com\/sk\/wp-json\/wp\/v2\/users\/3"}],"replies":[{"embeddable":true,"href":"https:\/\/coinkickoff.com\/sk\/wp-json\/wp\/v2\/comments?post=3203"}],"version-history":[{"count":5,"href":"https:\/\/coinkickoff.com\/sk\/wp-json\/wp\/v2\/pages\/3203\/revisions"}],"predecessor-version":[{"id":4490,"href":"https:\/\/coinkickoff.com\/sk\/wp-json\/wp\/v2\/pages\/3203\/revisions\/4490"}],"up":[{"embeddable":true,"href":"https:\/\/coinkickoff.com\/sk\/wp-json\/wp\/v2\/pages\/3196"}],"wp:featuredmedia":[{"embeddable":true,"href":"https:\/\/coinkickoff.com\/sk\/wp-json\/wp\/v2\/media\/1199"}],"wp:attachment":[{"href":"https:\/\/coinkickoff.com\/sk\/wp-json\/wp\/v2\/media?parent=3203"}],"curies":[{"name":"wp","href":"https:\/\/api.w.org\/{rel}","templated":true}]}}