{"id":9,"date":"2026-01-08T14:07:51","date_gmt":"2026-01-08T14:07:51","guid":{"rendered":"https:\/\/coinkickoff.com\/?page_id=9"},"modified":"2026-01-08T14:07:51","modified_gmt":"2026-01-08T14:07:51","slug":"despre-noi","status":"publish","type":"page","link":"https:\/\/coinkickoff.com\/ro\/despre-noi\/","title":{"rendered":"Despre"},"content":{"rendered":"<h1 class=\"wp-block-genesis-blocks-gb-spacer gb-block-spacer gb-divider-solid gb-divider-size-1\" style=\"color: #ddd;\">Despre Coin Kickoff\u00a0<\/h1>\r\n<div class=\"wp-block-columns has-2-columns\">\r\n<div class=\"wp-block-column\">\r\n<p>Am creat Coin Kickoff pentru c\u0103 eu cred c\u0103 cripto\/<a href=\"https:\/\/coinkickoff.com\/ro\/what-is-web-3-0\/\" data-internallinksmanager029f6b8e52c=\"184\" title=\"Ce este Web 3.0?\">web3<\/a> este prea complicat.<\/p>\r\n\r\n\r\n\r\n<p>Numele meu este Ian Wright \u0219i am \u00eenceput s\u0103 m\u0103 ocup de cripto \u00een <strong>2017<\/strong> c\u00e2nd <a href=\"https:\/\/coinkickoff.com\/ro\/bitcoin-btc\/\" data-internallinksmanager029f6b8e52c=\"1\" title=\"Ce este Bitcoin (BTC)? Pre\u021b, istoric \u0219i unde se poate cump\u0103ra\">Bitcoin<\/a> a f\u0103cut prima curs\u0103 de taur p\u00e2n\u0103 aproape de <strong>$20,000<\/strong> fiecare.<\/p>\r\n\r\n\r\n\r\n<p>Am fost destul de norocos \u00eenc\u00e2t am reu\u0219it s\u0103 c\u00e2\u0219tig ceva bani la acea vreme. Apoi am uitat imediat de cripto.<\/p>\r\n\r\n\r\n\r\n<p>Am presupus c\u0103 bula a explodat. M-am sim\u021bit norocos c\u0103 am ie\u0219it c\u00e2nd am ie\u0219it.<\/p>\r\n\r\n\r\n\r\n<p>Totul p\u0103rea o \u00een\u0219el\u0103torie uria\u0219\u0103 \u0219i, \u00een cele din urm\u0103, ar fi disp\u0103rut pur \u0219i simplu.<\/p>\r\n\r\n\r\n\r\n<p><strong>Apoi s-a \u00eent\u00e2mplat ceva ciudat.<\/strong><\/p>\r\n\r\n\r\n\r\n<p>\u00cen toamna anului <strong>2020<\/strong> Am \u00eenceput s\u0103 aud din nou vorbindu-se despre Bitcoin \u0219i criptografie.<\/p>\r\n\r\n\r\n\r\n<p>La \u00eenceput am respins-o. Bitcoin era at\u00e2t de <strong>2017<\/strong>.<\/p>\r\n\r\n\r\n\r\n<p>\u00cen plus, era oricum o \u00een\u0219el\u0103torie.<\/p>\r\n\r\n\r\n\r\n<p>Dar, \u00een cele din urm\u0103, m-am r\u0103zg\u00e2ndit c\u00e2nd pre\u021bul Bitcoin a urcat peste maximul istoric anterior.<\/p>\r\n\r\n\r\n\r\n<p>\u00cen mintea mea nu trebuia s\u0103 se \u00eent\u00e2mple a\u0219a ceva.<\/p>\r\n\r\n\r\n\r\n<p>Am fost \u0219i r\u0103m\u00e2n sceptic \u00een ceea ce prive\u0219te valoarea Bitcoin, cripto, web3 \u0219i Blockchain.<\/p>\r\n\r\n\r\n\r\n<p>Dar nu mai simt c\u0103 vor disp\u0103rea prea cur\u00e2nd.<\/p>\r\n\r\n\r\n\r\n<p><strong>Am decis chiar s\u0103 investesc din nou. <\/strong><\/p>\r\n\r\n\r\n\r\n<p>Dar, spre deosebire de data trecut\u0103, am pierdut bani. Pe o pia\u021b\u0103 \u00een cre\u0219tere!<\/p>\r\n\r\n\r\n\r\n<p>Prin urmare, am decis s\u0103 m\u0103 educ.<\/p>\r\n\r\n\r\n\r\n<p>\u0218i de aceea am creat Coin Kickoff.<\/p>\r\n\r\n\r\n\r\n<p>Scopul este simplu: s\u0103 explice ce sunt diversele coin-uri, ce fac \u0219i de unde se pot cump\u0103ra.<\/p>\r\n\r\n\r\n\r\n<p>Totul \u00eentr-un mod simplu \u0219i u\u0219or de \u00een\u021beles.<\/p>\r\n\r\n\r\n\r\n<p>\u0218i ca s\u0103 fie clar, nu am nicio idee despre ce fac. Nimic de pe acest site nu ar trebui s\u0103 fie considerat ca promov\u00e2nd orice fel de investi\u021bie.<\/p>\r\n\r\n\r\n\r\n<p>M\u0103 a\u0219tept ca majoritatea coin-urilor <strong>va ajunge la zero<\/strong>.<\/p>\r\n\r\n\r\n\r\n<p>G\u00e2ndi\u021bi-v\u0103 la Coin Kickoff ca la un punct de plecare pentru a \u00eenv\u0103\u021ba \u0219i mai multe despre diferitele op\u021biuni criptografice existente.<\/p>\r\n\r\n\r\n\r\n<p>Toate post\u0103rile \u0219i ghidurile au doar un scop informativ.<\/p>\r\n\r\n\r\n\r\n<p>\u0218i nu pune\u021bi niciodat\u0103, niciodat\u0103, mai mul\u021bi bani dec\u00e2t v\u0103 pute\u021bi permite s\u0103 pierde\u021bi.<\/p>\r\n\r\n\r\n\r\n<p>&nbsp;<\/p>\r\n<\/div>\r\n<!-- \/wp:post-content --><\/div>\r\n<!-- \/wp:columns -->\r\n\r\n<!-- wp:paragraph -->\r\n<p>&nbsp;<\/p>\r\n<!-- \/wp:paragraph -->","protected":false},"excerpt":{"rendered":"<p>Numele meu este Ian Wright \u0219i am \u00eenceput s\u0103 m\u0103 ocup de cripto \u00een 2017, c\u00e2nd Bitcoin a f\u0103cut prima sa curs\u0103 de taur p\u00e2n\u0103 la aproape $20.000 fiecare. Am fost destul de norocos c\u0103 am reu\u0219it de fapt s\u0103 fac pu\u021bini bani la acea vreme. Apoi am uitat rapid de cripto. Am presupus c\u0103 bula a explodat. I [...]<\/p>","protected":false},"author":1,"featured_media":10,"parent":0,"menu_order":0,"comment_status":"closed","ping_status":"closed","template":"","meta":{"_genesis_hide_title":true,"_genesis_hide_breadcrumbs":true,"_genesis_hide_singular_image":true,"_genesis_hide_footer_widgets":false,"_genesis_custom_body_class":"","_genesis_custom_post_class":"","_genesis_layout":"full-width-content","_glsr_average":0,"_glsr_ranking":0,"_glsr_reviews":0,"footnotes":""},"class_list":{"0":"post-9","1":"page","2":"type-page","3":"status-publish","4":"has-post-thumbnail","6":"entry"},"featured_image_src":"https:\/\/coinkickoff.com\/wp-content\/uploads\/2022\/03\/about-600x400.jpg","featured_image_src_square":"https:\/\/coinkickoff.com\/wp-content\/uploads\/2022\/03\/about-600x600.jpg","_links":{"self":[{"href":"https:\/\/coinkickoff.com\/ro\/wp-json\/wp\/v2\/pages\/9","targetHints":{"allow":["GET"]}}],"collection":[{"href":"https:\/\/coinkickoff.com\/ro\/wp-json\/wp\/v2\/pages"}],"about":[{"href":"https:\/\/coinkickoff.com\/ro\/wp-json\/wp\/v2\/types\/page"}],"author":[{"embeddable":true,"href":"https:\/\/coinkickoff.com\/ro\/wp-json\/wp\/v2\/users\/1"}],"replies":[{"embeddable":true,"href":"https:\/\/coinkickoff.com\/ro\/wp-json\/wp\/v2\/comments?post=9"}],"version-history":[{"count":6,"href":"https:\/\/coinkickoff.com\/ro\/wp-json\/wp\/v2\/pages\/9\/revisions"}],"predecessor-version":[{"id":79,"href":"https:\/\/coinkickoff.com\/ro\/wp-json\/wp\/v2\/pages\/9\/revisions\/79"}],"wp:featuredmedia":[{"embeddable":true,"href":"https:\/\/coinkickoff.com\/ro\/wp-json\/wp\/v2\/media\/10"}],"wp:attachment":[{"href":"https:\/\/coinkickoff.com\/ro\/wp-json\/wp\/v2\/media?parent=9"}],"curies":[{"name":"wp","href":"https:\/\/api.w.org\/{rel}","templated":true}]}}