{"id":825,"date":"2026-01-08T14:06:31","date_gmt":"2026-01-08T14:06:31","guid":{"rendered":"https:\/\/coinkickoff.com\/?page_id=825"},"modified":"2026-01-08T14:06:31","modified_gmt":"2026-01-08T14:06:31","slug":"prices-pln","status":"publish","type":"page","link":"https:\/\/coinkickoff.com\/ro\/prices\/prices-pln\/","title":{"rendered":"Top 100 Pre\u021buri live pentru criptomonede \u00een Z\u0142oty polonez (PLN)"},"content":{"rendered":"<p>Vezi actualiz\u0103ri \u00een timp real ale pre\u021bului \u00een Z\u0142oty polonez (PLN) al <a href=\"https:\/\/coinkickoff.com\/ro\/bitcoin-btc\/\" data-internallinksmanager029f6b8e52c=\"1\" title=\"Ce este Bitcoin (BTC)? Pre\u021b, istoric \u0219i unde se poate cump\u0103ra\">bitcoin<\/a> \u0219i celelalte 100 de criptomonede din top 100 mai jos. <\/p>\n<!-- Cryptocurrency Widgets PRO 4.1.2  !--><div  class=\"ccpw-widget\" id=\"ccpw-list-widget-1357\" ><div class=\"ccpw_react_widget\" id=\"ccpw_react_widgets_13571447852744\" data-attribute=\"{&quot;type&quot;:&quot;list-widget&quot;,&quot;selected_currency&quot;:&quot;PLN&quot;,&quot;design&quot;:&quot;style-4&quot;,&quot;header&quot;:&quot;&quot;,&quot;show_chart&quot;:&quot;&quot;,&quot;custom_currency&quot;:&quot;&quot;,&quot;show_coins&quot;:&quot;100&quot;,&quot;MbFormating&quot;:&quot;on&quot;,&quot;live_changes&quot;:&quot;&quot;,&quot;display_changes&quot;:&quot;on&quot;}\"><\/div><\/div><style type='text\/css'>\r\n\t\t\t  .ccpw-widget #ccpw-list-widget-1357{background-color:#ffffff;color:#000;}\r\n\t\t\t  .ccpw-widget .ccpw_table tr #ccpw-list-widget-1357 {background-color:#ffffff;}\r\n\t\t\t  .ccpw-widget #ccpw-list-widget-1357.table {background-color:#ffffff;color:#000; box-shadow:inset 0px 0px 0px 3px rgba(0,0,0,0.25);}\r\n\t\t\t  #ccpw-list-widget-1357 .ccpw_table > tbody > tr > td,\r\n\t\t\t  #ccpw-list-widget-1357 .ccpw_table > tbody > tr > td .ticker-price,\r\n\t\t\t  #ccpw-list-widget-1357 .ccpw_table > tbody > tr > td.price,\r\n\t\t\t  #ccpw-list-widget-1357 .ccpw_table.table tr ,\r\n\t\t\t  #ccpw-list-widget-1357 .ccpw_table.table > thead > tr > th {border-color:rgba(0,0,0,0.25) !important;color:#000;background-color:#ffffff;}\r\n\t\t\t   .ccpw_table span.symbol { position:initial !Important; }<\/style>\n<div class=\"cg-choice-box-six   cg-blue\" ><div class=\"cg-cb-row\"><div class=\"cg-cb-items\" id=\"product-265843\"><div class=\"cg-cb-top-head\"><div class=\"cg-cb-top-pick\">Cele mai multe Coins<\/div><\/div><a href=\"https:\/\/accounts.binance.com\/register?ref=BLJQ60RW\" target=\"_blank\" rel=\"nofollow noopener\" class=\"cg-aff-link cg-cb-img\" data-post-title=\"Binance\" data-aff-link=\"https:\/\/accounts.binance.com\/register?ref=BLJQ60RW\" data-post-type=\"top\" data-post-id=\"127750\"><img decoding=\"async\" src=\"https:\/\/coinkickoff.com\/wp-content\/uploads\/2022\/10\/Binance_logo.png\" class=\"cg-img-1\" alt=\"Binance\" style=\"\"><\/a><div class=\"cg-cb-title\"><a href=\"https:\/\/accounts.binance.com\/register?ref=BLJQ60RW\" class=\"cg-aff-link\" data-post-id=\"127750\" data-post-type=\"top\" data-aff-link=\"https:\/\/accounts.binance.com\/register?ref=BLJQ60RW\" data-post-title=\"Binance\" target=\"\" rel=\"nofollow noopener\">Binance<\/a><\/span><\/div><div class=\"cg-cb-content\"><ul><li><strong>350+<\/strong> Criptomonede listate<\/li><li><strong>&lt;0.10%<\/strong> Taxe de tranzac\u021bie<\/li><li><strong>120 de milioane de euro<\/strong> Utilizatori \u00eenregistra\u021bi<\/li><li>Fondul de active securizat pentru utilizatori<\/li><li>C\u00e2\u0219tig la depozite<\/li><\/ul><\/div><div class=\"cg-cb-btn\"><span class='cta-copy'><a href=\"https:\/\/accounts.binance.com\/register?ref=BLJQ60RW\" class=\"cg-one-button cg-btn cg-red  cg-aff-link cg-btn-lg\" data-post-id=\"127750\" data-post-type=\"top\" data-aff-link=\"https:\/\/accounts.binance.com\/register?ref=BLJQ60RW\" data-style=\"default\" data-post-title=\"Binance\" data-extra=\"arrow\" style=\"\" target=\"\" rel=\"nofollow noopener\">\u00cencepe\u021bi<\/a><\/span><\/span><\/div><\/div><div class=\"cg-cb-items\" id=\"product-265829\"><div class=\"cg-cb-top-head\"><div class=\"cg-cb-top-pick\">Cele mai multe \u021b\u0103ri<\/div><\/div><a href=\"https:\/\/kraken.pxf.io\/756J3y\" target=\"_blank\" rel=\"nofollow noopener\" class=\"cg-aff-link cg-cb-img\" data-post-title=\"Kraken\" data-aff-link=\"https:\/\/kraken.pxf.io\/756J3y\" data-post-type=\"top\" data-post-id=\"127750\"><img decoding=\"async\" src=\"https:\/\/coinkickoff.com\/wp-content\/uploads\/Kraken-logo.webp\" class=\"cg-img-1\" alt=\"Kraken\" style=\"\"><\/a><div class=\"cg-cb-title\"><a href=\"https:\/\/kraken.pxf.io\/756J3y\" class=\"cg-aff-link\" data-post-id=\"127750\" data-post-type=\"top\" data-aff-link=\"https:\/\/kraken.pxf.io\/756J3y\" data-post-title=\"Kraken\" target=\"\" rel=\"nofollow noopener\">Kraken<\/a><\/span><\/div><div class=\"cg-cb-content\"><ul><li>Cu sediul \u00een SUA<\/li><li>\u00cencepe\u021bi cu c\u00e2t mai pu\u021bin <strong>$10<\/strong><\/li><li>Cump\u0103ra\u021bi \u0219i vinde\u021bi <strong>200+<\/strong> criptomonede<\/li><li>Solu\u021bie Pro pentru comercian\u021bii mai mari<\/li><li>Disponibil \u00een <strong>190+<\/strong> \u021b\u0103ri<\/li><\/ul><\/div><div class=\"cg-cb-btn\"><span class='cta-copy'><a href=\"https:\/\/kraken.pxf.io\/756J3y\" class=\"cg-one-button cg-btn cg-red  cg-aff-link cg-btn-lg\" data-post-id=\"127750\" data-post-type=\"top\" data-aff-link=\"https:\/\/kraken.pxf.io\/756J3y\" data-style=\"default\" data-post-title=\"Kraken\" data-extra=\"arrow\" style=\"\" target=\"\" rel=\"nofollow noopener\">\u00cencepe\u021bi<\/a><\/span><\/span><\/div><\/div><div class=\"cg-cb-items\" id=\"product-265822\"><div class=\"cg-cb-top-head\"><div class=\"cg-cb-top-pick\">Cu sediul \u00een SUA<\/div><\/div><a href=\"https:\/\/coinbase-consumer.sjv.io\/ORPoaG\" target=\"_blank\" rel=\"nofollow noopener\" class=\"cg-aff-link cg-cb-img\" data-post-title=\"Coinbase\" data-aff-link=\"https:\/\/coinbase-consumer.sjv.io\/ORPoaG\" data-post-type=\"top\" data-post-id=\"127750\"><img decoding=\"async\" src=\"https:\/\/coinkickoff.com\/wp-content\/uploads\/2022\/10\/Coinbase.png\" class=\"cg-img-1\" alt=\"Coinbase\" style=\"\"><\/a><div class=\"cg-cb-title\"><a href=\"https:\/\/coinbase-consumer.sjv.io\/ORPoaG\" class=\"cg-aff-link\" data-post-id=\"127750\" data-post-type=\"top\" data-aff-link=\"https:\/\/coinbase-consumer.sjv.io\/ORPoaG\" data-post-title=\"Coinbase\" target=\"\" rel=\"nofollow noopener\">Coinbase<\/a><\/span><\/div><div class=\"cg-cb-content\"><ul><li><strong>200+<\/strong> Criptomonede listate<\/li><li>Ob\u021bine\u021bi Crypto dup\u0103 prima dvs. achizi\u021bie<\/li><li>Protejat de asigurare&nbsp;<\/li><li>Depozitare securizat\u0103 cu protec\u021bie Vault<\/li><li>Cea mai de \u00eencredere platform\u0103 de criptomonede<\/li><\/ul><\/div><div class=\"cg-cb-btn\"><span class='cta-copy'><a href=\"https:\/\/coinbase-consumer.sjv.io\/ORPoaG\" class=\"cg-one-button cg-btn cg-red  cg-aff-link cg-btn-lg\" data-post-id=\"127750\" data-post-type=\"top\" data-aff-link=\"https:\/\/coinbase-consumer.sjv.io\/ORPoaG\" data-style=\"default\" data-post-title=\"Coinbase\" data-extra=\"arrow\" style=\"\" target=\"\" rel=\"nofollow noopener\">\u00cencepe\u021bi<\/a><\/span><\/span><\/div><\/div><\/div><\/div>\n\n<h2>Calculator de pre\u021b pentru criptomonede (PLN)<\/h2>\n<p>Utiliza\u021bi calculatorul de mai jos pentru cursurile de schimb \u00een timp real \u00eentre PLN \u0219i multe criptomonede populare<\/p>\n<div class=\"ccpw_react_widget ccpw_calculator\" id=\"ccpw_react_widgets_1359_69d5dee6a5513\" data-attribute=\"{&quot;type&quot;:&quot;calculator&quot;,&quot;baseCurrency&quot;:&quot;bitcoin&quot;,&quot;targetCurrency&quot;:&quot;PLN&quot;}\"><\/div><style type='text\/css'>\r\n\t\t\t  #ccpw_react_widgets_1359 .ccpw-Converter {\r\n\t\t\t\t  background-color: #ffffff;\r\n\t\t\t\t  color: #000;\r\n\t\t\t  }<\/style>\n<h2>Harta termic\u0103 a modific\u0103rilor de pre\u021b: Top 20 criptomonede<\/h2>\n<!-- Cryptocurrency Widgets PRO 4.1.2  !--><div class=\"ccpw-coingecko-widget\" style=\"width:100%;\"> \r\n    <gecko-coin-heatmap-widget  height=\"400\"  locale=\"en\" outlined=\"true\" top=\"20\"><\/gecko-coin-heatmap-widget>\r\n    <\/div><style type='text\/css'><\/style>\n<p>Vede\u021bi \u0219i pre\u021burile \u00een:<\/p>\n<ul>\n<li> <a href=\"https:\/\/coinkickoff.com\/ro\/prices\/\">Dolari americani (USD)<\/a><\/li>\n<li> <a href=\"https:\/\/coinkickoff.com\/ro\/prices\/prices-euros\/\">Euro (EUD)<\/li>\n<li> <a href=\"https:\/\/coinkickoff.com\/ro\/prices\/prices-gbp\/\">Lira sterlin\u0103 britanic\u0103 (GBP)<\/a><\/li>\n<li> <a href=\"https:\/\/coinkickoff.com\/ro\/prices\/prices-cad\/\">Dolari canadieni (CAD)<\/a><\/li>\n<li> <a href=\"https:\/\/coinkickoff.com\/ro\/prices\/prices-aud\/\" data-internallinksmanager029f6b8e52c=\"116\" title=\"Top 100 Pre\u021buri live pentru criptomonede Dolari australieni (AUD)\">Dolari australieni (AUD)<\/a><\/li>\n<li> <a href=\"https:\/\/coinkickoff.com\/ro\/prices\/prices-jpy\/\" data-internallinksmanager029f6b8e52c=\"118\" title=\"Top 100 Pre\u021buri live ale criptomonedelor \u00een yeni japonezi (JPY)\">Yenul japonez (JPY)<\/a><\/li>\n<li> <a href=\"https:\/\/coinkickoff.com\/ro\/prices\/prices-mxn\/\" data-internallinksmanager029f6b8e52c=\"119\" title=\"Top 100 Pre\u021buri live ale criptomonedelor \u00een Peso mexican (MXN)\">Peso mexican (MXN)<\/a><\/li>\n<li> <a href=\"https:\/\/coinkickoff.com\/ro\/prices\/prices-brl\/\" data-internallinksmanager029f6b8e52c=\"120\" title=\"Top 100 Pre\u021buri live ale criptomonedelor \u00een Realitatea brazilian\u0103 (BRL)\">Realitatea brazilian\u0103 (BRL)<\/a><\/li>\n<li> <a href=\"https:\/\/coinkickoff.com\/ro\/prices\/prices-cny\/\" data-internallinksmanager029f6b8e52c=\"121\" title=\"Top 100 Pre\u021buri live ale criptomonedelor \u00een Renminbi chinezesc (CNY)\">Renminbi chinezesc (CNY)<\/a><\/li>\n<li> <a href=\"https:\/\/coinkickoff.com\/ro\/prices\/prices-chf\/\" data-internallinksmanager029f6b8e52c=\"122\" title=\"Top 100 Pre\u021buri live ale criptomonedelor \u00een franci elve\u021bieni (CHF)\">Franc elve\u021bian (CHF)<\/a><\/li>\n<li> <a href=\"https:\/\/coinkickoff.com\/ro\/prices\/prices-hkd\/\" data-internallinksmanager029f6b8e52c=\"123\" title=\"Top 100 Pre\u021buri live ale criptomonedelor \u00een dolari Hong Kong (HKD)\">Dolari Hong Kong (HKD)<\/a><\/li>\n<li> <a href=\"https:\/\/coinkickoff.com\/ro\/prices\/prices-sgd\/\" data-internallinksmanager029f6b8e52c=\"124\" title=\"Top 100 Pre\u021buri live ale criptomonedelor \u00een dolari Singapore (SGD)\">Dolarul Singapore (SGD)<\/a><\/li>\n<li> <a href=\"https:\/\/coinkickoff.com\/ro\/prices\/prices-sek\/\" data-internallinksmanager029f6b8e52c=\"125\" title=\"Top 100 Pre\u021buri live ale criptomonedelor \u00een coroane suedeze (SEK)\">Coroana suedez\u0103 (SEK)<\/a><\/li>\n<li> <a href=\"https:\/\/coinkickoff.com\/ro\/prices\/prices-nzd\/\" data-internallinksmanager029f6b8e52c=\"126\" title=\"Top 100 Pre\u021buri live ale criptomonedelor \u00een Noua Zeeland\u0103 (NZD)\">Dolarul neozeelandez (NZD)<\/a><\/li>\n<li> <a href=\"https:\/\/coinkickoff.com\/ro\/prices\/prices-inr\/\" data-internallinksmanager029f6b8e52c=\"127\" title=\"Top 100 Pre\u021buri live ale criptomonedelor \u00een Indian Rupee (INR)\">Rupia indian\u0103 (INR)<\/a><\/li>\n<li> <a href=\"https:\/\/coinkickoff.com\/ro\/prices\/prices-twd\/\" data-internallinksmanager029f6b8e52c=\"128\" title=\"Top 100 Pre\u021buri live ale criptomonedelor \u00een Noua Zeeland\u0103 (TWD)\">Noi dolari taiwanezi (TWD)<\/a><\/li>\n<li> <a href=\"https:\/\/coinkickoff.com\/ro\/prices\/prices-zar\/\" data-internallinksmanager029f6b8e52c=\"129\" title=\"Top 100 Pre\u021buri live ale criptomonedelor \u00een South African Rand (ZAR)\">Randul sud-african (ZAR)<\/a><\/li>\n<li> <a href=\"https:\/\/coinkickoff.com\/ro\/prices\/prices-dkk\/\" data-internallinksmanager029f6b8e52c=\"130\" title=\"Top 100 Pre\u021buri live ale criptomonedelor \u00een coroana danez\u0103 (DKK)\">Coroana danez\u0103 (DKK)<\/a><\/li>\n<li> Z\u0142oty polonez (PLN)<\/li>\n<li> <a href=\"https:\/\/coinkickoff.com\/ro\/prices\/prices-czk\/\" data-internallinksmanager029f6b8e52c=\"132\" title=\"Top 100 Pre\u021buri live ale criptomonedelor \u00een coroana ceh\u0103 (CZK)\">Coroana ceh\u0103 (CZK)<\/a><\/li>\n<li> <a href=\"https:\/\/coinkickoff.com\/ro\/prices\/prices-huf\/\" data-internallinksmanager029f6b8e52c=\"133\" title=\"Top 100 Pre\u021buri live ale criptomonedelor \u00een Forint maghiar (HUF)\">Forint maghiar (HUF)<\/a><\/li>\n<li> <a href=\"https:\/\/coinkickoff.com\/ro\/prices\/prices-rub\/\" data-internallinksmanager029f6b8e52c=\"134\" title=\"Top 100 Pre\u021buri live ale criptomonedelor \u00een Ruble ruse\u0219ti (RUB)\">Rubla ruseasc\u0103 (RUB)<\/a><\/li>\n<\/ul>","protected":false},"excerpt":{"rendered":"<p>Vede\u021bi actualiz\u0103rile \u00een timp real ale pre\u021bului \u00een Z\u0142oty polonez (PLN) al bitcoin \u0219i al celorlalte 100 de criptomonede de top de mai jos. Calculator de pre\u021b pentru criptomonede (PLN) Utiliza\u021bi calculatorul de mai jos pentru rate de schimb \u00een timp real \u00eentre PLN \u0219i multe criptomonede populare Hart\u0103 termic\u0103 a modific\u0103rilor de pre\u021b: Top 20 criptomonede Vede\u021bi de asemenea pre\u021burile \u00een: Dolari americani (USD) Euro (EUD) Lire sterline britanice (GBP) Lire canadiene [...]<\/p>","protected":false},"author":1,"featured_media":738,"parent":708,"menu_order":0,"comment_status":"closed","ping_status":"closed","template":"","meta":{"_genesis_hide_title":false,"_genesis_hide_breadcrumbs":false,"_genesis_hide_singular_image":false,"_genesis_hide_footer_widgets":false,"_genesis_custom_body_class":"","_genesis_custom_post_class":"","_genesis_layout":"","_glsr_average":0,"_glsr_ranking":0,"_glsr_reviews":0,"footnotes":""},"class_list":{"0":"post-825","1":"page","2":"type-page","3":"status-publish","4":"has-post-thumbnail","6":"entry"},"featured_image_src":"https:\/\/coinkickoff.com\/wp-content\/uploads\/crypto-prices-600x400.jpg","featured_image_src_square":"https:\/\/coinkickoff.com\/wp-content\/uploads\/crypto-prices-600x586.jpg","_links":{"self":[{"href":"https:\/\/coinkickoff.com\/ro\/wp-json\/wp\/v2\/pages\/825","targetHints":{"allow":["GET"]}}],"collection":[{"href":"https:\/\/coinkickoff.com\/ro\/wp-json\/wp\/v2\/pages"}],"about":[{"href":"https:\/\/coinkickoff.com\/ro\/wp-json\/wp\/v2\/types\/page"}],"author":[{"embeddable":true,"href":"https:\/\/coinkickoff.com\/ro\/wp-json\/wp\/v2\/users\/1"}],"replies":[{"embeddable":true,"href":"https:\/\/coinkickoff.com\/ro\/wp-json\/wp\/v2\/comments?post=825"}],"version-history":[{"count":4,"href":"https:\/\/coinkickoff.com\/ro\/wp-json\/wp\/v2\/pages\/825\/revisions"}],"predecessor-version":[{"id":1360,"href":"https:\/\/coinkickoff.com\/ro\/wp-json\/wp\/v2\/pages\/825\/revisions\/1360"}],"up":[{"embeddable":true,"href":"https:\/\/coinkickoff.com\/ro\/wp-json\/wp\/v2\/pages\/708"}],"wp:featuredmedia":[{"embeddable":true,"href":"https:\/\/coinkickoff.com\/ro\/wp-json\/wp\/v2\/media\/738"}],"wp:attachment":[{"href":"https:\/\/coinkickoff.com\/ro\/wp-json\/wp\/v2\/media?parent=825"}],"curies":[{"name":"wp","href":"https:\/\/api.w.org\/{rel}","templated":true}]}}