{"id":4628,"date":"2026-01-08T14:08:02","date_gmt":"2026-01-08T14:08:02","guid":{"rendered":"https:\/\/coinkickoff.com\/?page_id=4628"},"modified":"2026-01-08T14:08:02","modified_gmt":"2026-01-08T14:08:02","slug":"how-are-bitcoin-slots-different","status":"publish","type":"page","link":"https:\/\/coinkickoff.com\/ro\/bitcoin-casino\/how-are-bitcoin-slots-different\/","title":{"rendered":"Cum difer\u0103 sloturile Bitcoin de sloturile tradi\u021bionale de cazino?"},"content":{"rendered":"<p><em>Disclaimer: Jocurile de noroc implic\u0103 un risc financiar semnificativ. V\u0103 rug\u0103m s\u0103 juca\u021bi doar cu banii pe care v\u0103 pute\u021bi permite s\u0103 \u00eei pierde\u021bi. Informa\u021biile de mai jos sunt furnizate doar \u00een scop informativ. Este posibil s\u0103 primim un comision dac\u0103 v\u0103 \u00eenscrie\u021bi \u0219i pierde\u021bi bani la oricare dintre urm\u0103toarele jocuri de noroc <a href=\"https:\/\/coinkickoff.com\/ro\/bitcoin-casino\/\" data-internallinksmanager029f6b8e52c=\"200\" title=\"3 Cele mai bune cazinouri cripto Bitcoin cu bonusuri\">cazinouri<\/a>. Nu toate cazinourile sunt disponibile \u00een toate \u021b\u0103rile. Toate informa\u021biile pe care le consider\u0103m corecte la momentul public\u0103rii, dar este posibil s\u0103 se fi schimbat \u00eentre timp.<\/em><\/p>\n<div id=\"ez-toc-container\" class=\"ez-toc-v2_0_80 counter-hierarchy ez-toc-counter ez-toc-transparent ez-toc-container-direction\">\n<div class=\"ez-toc-title-container\">\n<p class=\"ez-toc-title\" style=\"cursor:inherit\">Sec\u021biuni<\/p>\n<span class=\"ez-toc-title-toggle\"><a href=\"#\" class=\"ez-toc-pull-right ez-toc-btn ez-toc-btn-xs ez-toc-btn-default ez-toc-toggle\" aria-label=\"Comuta\u021bi tabelul de con\u021binut\"><span class=\"ez-toc-js-icon-con\"><span class=\"\"><span class=\"eztoc-hide\" style=\"display:none;\">Toggle<\/span><span class=\"ez-toc-icon-toggle-span\"><svg style=\"fill: #999;color:#999\" xmlns=\"http:\/\/www.w3.org\/2000\/svg\" class=\"list-377408\" width=\"20px\" height=\"20px\" viewbox=\"0 0 24 24\" fill=\"none\"><path d=\"M6 6H4v2h2V6zm14 0H8v2h12V6zM4 11h2v2H4v-2zm16 0H8v2h12v-2zM4 16h2v2H4v-2zm16 0H8v2h12v-2z\" fill=\"currentColor\"><\/path><\/svg><svg style=\"fill: #999;color:#999\" class=\"arrow-unsorted-368013\" xmlns=\"http:\/\/www.w3.org\/2000\/svg\" width=\"10px\" height=\"10px\" viewbox=\"0 0 24 24\" version=\"1.2\" baseprofile=\"tiny\"><path d=\"M18.2 9.3l-6.2-6.3-6.2 6.3c-.2.2-.3.4-.3.7s.1.5.3.7c.2.2.4.3.7.3h11c.3 0 .5-.1.7-.3.2-.2.3-.5.3-.7s-.1-.5-.3-.7zM5.8 14.7l6.2 6.3 6.2-6.3c.2-.2.3-.5.3-.7s-.1-.5-.3-.7c-.2-.2-.4-.3-.7-.3h-11c-.3 0-.5.1-.7.3-.2.2-.3.5-.3.7s.1.5.3.7z\"\/><\/svg><\/span><\/span><\/span><\/a><\/span><\/div>\n<nav><ul class='ez-toc-list ez-toc-list-level-1 eztoc-toggle-hide-by-default' ><li class='ez-toc-page-1 ez-toc-heading-level-2'><a class=\"ez-toc-link ez-toc-heading-1\" href=\"https:\/\/coinkickoff.com\/ro\/bitcoin-casino\/how-are-bitcoin-slots-different\/#Overview_of_Bitcoin_Slots\" >Prezentare general\u0103 a sloturilor Bitcoin<\/a><ul class='ez-toc-list-level-3' ><li class='ez-toc-heading-level-3'><a class=\"ez-toc-link ez-toc-heading-2\" href=\"https:\/\/coinkickoff.com\/ro\/bitcoin-casino\/how-are-bitcoin-slots-different\/#Definition_of_Bitcoin_Slots\" >Defini\u021bia sloturilor Bitcoin<\/a><\/li><li class='ez-toc-page-1 ez-toc-heading-level-3'><a class=\"ez-toc-link ez-toc-heading-3\" href=\"https:\/\/coinkickoff.com\/ro\/bitcoin-casino\/how-are-bitcoin-slots-different\/#Primary_Characteristics\" >Caracteristici primare<\/a><\/li><li class='ez-toc-page-1 ez-toc-heading-level-3'><a class=\"ez-toc-link ez-toc-heading-4\" href=\"https:\/\/coinkickoff.com\/ro\/bitcoin-casino\/how-are-bitcoin-slots-different\/#Comparison_with_Traditional_Slots\" >Compara\u021bie cu sloturile tradi\u021bionale<\/a><\/li><\/ul><\/li><li class='ez-toc-page-1 ez-toc-heading-level-2'><a class=\"ez-toc-link ez-toc-heading-5\" href=\"https:\/\/coinkickoff.com\/ro\/bitcoin-casino\/how-are-bitcoin-slots-different\/#Operational_Mechanisms\" >Mecanisme opera\u021bionale<\/a><ul class='ez-toc-list-level-3' ><li class='ez-toc-heading-level-3'><a class=\"ez-toc-link ez-toc-heading-6\" href=\"https:\/\/coinkickoff.com\/ro\/bitcoin-casino\/how-are-bitcoin-slots-different\/#Underlying_Technology\" >Tehnologia de baz\u0103<\/a><\/li><li class='ez-toc-page-1 ez-toc-heading-level-3'><a class=\"ez-toc-link ez-toc-heading-7\" href=\"https:\/\/coinkickoff.com\/ro\/bitcoin-casino\/how-are-bitcoin-slots-different\/#Random_Number_Generation\" >Generarea numerelor aleatorii<\/a><\/li><li class='ez-toc-page-1 ez-toc-heading-level-3'><a class=\"ez-toc-link ez-toc-heading-8\" href=\"https:\/\/coinkickoff.com\/ro\/bitcoin-casino\/how-are-bitcoin-slots-different\/#Transaction_Process\" >Procesul de tranzac\u021bionare<\/a><\/li><\/ul><\/li><li class='ez-toc-page-1 ez-toc-heading-level-2'><a class=\"ez-toc-link ez-toc-heading-9\" href=\"https:\/\/coinkickoff.com\/ro\/bitcoin-casino\/how-are-bitcoin-slots-different\/#User_Experience_and_Accessibility\" >Experien\u021ba utilizatorului \u0219i accesibilitatea<\/a><ul class='ez-toc-list-level-3' ><li class='ez-toc-heading-level-3'><a class=\"ez-toc-link ez-toc-heading-10\" href=\"https:\/\/coinkickoff.com\/ro\/bitcoin-casino\/how-are-bitcoin-slots-different\/#Interface_and_Design_Differences\" >Diferen\u021be de interfa\u021b\u0103 \u0219i design<\/a><\/li><li class='ez-toc-page-1 ez-toc-heading-level-3'><a class=\"ez-toc-link ez-toc-heading-11\" href=\"https:\/\/coinkickoff.com\/ro\/bitcoin-casino\/how-are-bitcoin-slots-different\/#Payment_and_Withdrawal_Methods\" >Metode de plat\u0103 \u0219i retragere<\/a><\/li><li class='ez-toc-page-1 ez-toc-heading-level-3'><a class=\"ez-toc-link ez-toc-heading-12\" href=\"https:\/\/coinkickoff.com\/ro\/bitcoin-casino\/how-are-bitcoin-slots-different\/#Anonymity_and_Security\" >Anonimat \u0219i securitate<\/a><\/li><\/ul><\/li><li class='ez-toc-page-1 ez-toc-heading-level-2'><a class=\"ez-toc-link ez-toc-heading-13\" href=\"https:\/\/coinkickoff.com\/ro\/bitcoin-casino\/how-are-bitcoin-slots-different\/#Frequently_Asked_Questions\" >\u00centreb\u0103ri frecvente<\/a><ul class='ez-toc-list-level-3' ><li class='ez-toc-heading-level-3'><a class=\"ez-toc-link ez-toc-heading-14\" href=\"https:\/\/coinkickoff.com\/ro\/bitcoin-casino\/how-are-bitcoin-slots-different\/#What_advantages_do_Bitcoin_slots_offer_over_traditional_slot_machines\" >Ce avantaje ofer\u0103 sloturile Bitcoin fa\u021b\u0103 de sloturile tradi\u021bionale?<\/a><\/li><li class='ez-toc-page-1 ez-toc-heading-level-3'><a class=\"ez-toc-link ez-toc-heading-15\" href=\"https:\/\/coinkickoff.com\/ro\/bitcoin-casino\/how-are-bitcoin-slots-different\/#How_do_crypto-based_slot_games_ensure_fairness\" >Cum asigur\u0103 jocurile de sloturi bazate pe criptograme corectitudinea?<\/a><\/li><li class='ez-toc-page-1 ez-toc-heading-level-3'><a class=\"ez-toc-link ez-toc-heading-16\" href=\"https:\/\/coinkickoff.com\/ro\/bitcoin-casino\/how-are-bitcoin-slots-different\/#Can_players_use_Bitcoin_on_all_online_slot_platforms\" >Pot folosi juc\u0103torii Bitcoin pe toate platformele de sloturi online?<\/a><\/li><li class='ez-toc-page-1 ez-toc-heading-level-3'><a class=\"ez-toc-link ez-toc-heading-17\" href=\"https:\/\/coinkickoff.com\/ro\/bitcoin-casino\/how-are-bitcoin-slots-different\/#What_are_the_legal_implications_of_using_Bitcoin_for_gambling\" >Care sunt implica\u021biile legale ale utiliz\u0103rii Bitcoin pentru jocuri de noroc?<\/a><\/li><li class='ez-toc-page-1 ez-toc-heading-level-3'><a class=\"ez-toc-link ez-toc-heading-18\" href=\"https:\/\/coinkickoff.com\/ro\/bitcoin-casino\/how-are-bitcoin-slots-different\/#Why_might_Bitcoin_slots_offer_more_privacy_than_regular_slots\" >De ce sloturile Bitcoin ar putea oferi mai mult\u0103 confiden\u021bialitate dec\u00e2t sloturile obi\u0219nuite?<\/a><\/li><li class='ez-toc-page-1 ez-toc-heading-level-3'><a class=\"ez-toc-link ez-toc-heading-19\" href=\"https:\/\/coinkickoff.com\/ro\/bitcoin-casino\/how-are-bitcoin-slots-different\/#In_what_ways_can_the_payouts_differ_between_Bitcoin_slots_and_conventional_slots\" >\u00cen ce fel pot diferi c\u00e2\u0219tigurile \u00eentre sloturile Bitcoin \u0219i sloturile conven\u021bionale?<\/a><\/li><\/ul><\/li><\/ul><\/nav><\/div>\n<h2><span class=\"ez-toc-section\" id=\"Overview_of_Bitcoin_Slots\"><\/span>Prezentare general\u0103 a sloturilor Bitcoin<span class=\"ez-toc-section-end\"><\/span><\/h2>\n<p><img decoding=\"async\" src=\"https:\/\/coinkickoff.com\/wp-content\/uploads\/v2-3dh2w-v0uhq.jpg\" alt=\"\"><\/p>\n<p><a href=\"https:\/\/coinkickoff.com\/ro\/bitcoin-casino\/how-to-play-crypto-slots\/\" data-internallinksmanager029f6b8e52c=\"205\" title=\"Cum s\u0103 joci Crypto Slots: Ghidul t\u0103u pas cu pas\">Bitcoin sloturi<\/a> integreaz\u0103 utilizarea criptomonedelor pentru pariuri \u0219i tranzac\u021bii, oferind o not\u0103 de modernitate pentru jocurile cu aparate.<\/p>\n<h3><span class=\"ez-toc-section\" id=\"Definition_of_Bitcoin_Slots\"><\/span>Defini\u021bia sloturilor Bitcoin<span class=\"ez-toc-section-end\"><\/span><\/h3>\n<p>Sloturile Bitcoin sunt jocuri ca la aparate de cazino care func\u021bioneaz\u0103 cu Bitcoin ca moned\u0103. Aceste sloturi rezid\u0103 pe platforme online care sus\u021bin tehnologia blockchain \u0219i se adreseaz\u0103 \u00een mod special utilizatorilor de criptomonede.<\/p>\n<h3><span class=\"ez-toc-section\" id=\"Primary_Characteristics\"><\/span>Caracteristici primare<span class=\"ez-toc-section-end\"><\/span><\/h3>\n<p><strong>Descentralizare<\/strong>: sloturile Bitcoin func\u021bioneaz\u0103 pe o re\u021bea descentralizat\u0103, liber\u0103 de sistemele bancare tradi\u021bionale.<br \/>\n<strong>Confiden\u021bialitate<\/strong>: Utilizatorii se bucur\u0103 de o confiden\u021bialitate sporit\u0103, deoarece detaliile personale nu sunt legate de tranzac\u021bii.<br \/>\n<strong>Provocator de corect<\/strong>: Acestea \u00eencorporeaz\u0103 algoritmi care pot fi dovedi\u021bi echitabili, permi\u021b\u00e2nd juc\u0103torilor s\u0103 verifice \u00een mod independent corectitudinea fiec\u0103rei \u00eenv\u00e2rtiri.<br \/>\n<strong>Tranzac\u021bii rapide<\/strong>: Depozitele \u0219i retragerile tind s\u0103 fie mai rapide dec\u00e2t moneda tradi\u021bional\u0103 datorit\u0103 naturii blockchain.<br \/>\n<strong>Bonusuri exclusive<\/strong>: Unele sloturi Bitcoin ofer\u0103 bonusuri speciale pentru utilizatorii care joac\u0103 cu criptomonede.<\/p>\n<h3><span class=\"ez-toc-section\" id=\"Comparison_with_Traditional_Slots\"><\/span>Compara\u021bie cu sloturile tradi\u021bionale<span class=\"ez-toc-section-end\"><\/span><\/h3>\n<ul>\n<li><strong>Moned\u0103<\/strong>: Sloturile tradi\u021bionale folosesc moneda fiduciar\u0103, sloturile Bitcoin folosesc criptomonede.<\/li>\n<li><strong>Procesarea pl\u0103\u021bilor<\/strong>: Sloturile tradi\u021bionale se bazeaz\u0103 pe metode bancare standard; sloturile Bitcoin utilizeaz\u0103 blockchain, ceea ce poate duce la timpi de procesare mai rapizi.<\/li>\n<li><strong>Regulamentul<\/strong>: sloturile Bitcoin se pot confrunta cu reglement\u0103ri diferite din cauza naturii descentralizate a criptomonedelor.<\/li>\n<\/ul>\n<h2><span class=\"ez-toc-section\" id=\"Operational_Mechanisms\"><\/span>Mecanisme opera\u021bionale<span class=\"ez-toc-section-end\"><\/span><\/h2>\n<p><img decoding=\"async\" src=\"https:\/\/coinkickoff.com\/wp-content\/uploads\/v2-3dh39-38urg.jpg\" alt=\"\"><\/p>\n<p>Sloturile Bitcoin valorific\u0103 \u00een mod distinct abilit\u0103\u021bile tehnologice ale criptomonedelor, \u00een timp ce sloturile obi\u0219nuite sunt \u00een mod tradi\u021bional legate de monedele fiat. Aceste diferen\u021be opera\u021bionale subliniaz\u0103 caracterul unic al sloturilor Bitcoin \u00een industria jocurilor de noroc.<\/p>\n<h3><span class=\"ez-toc-section\" id=\"Underlying_Technology\"><\/span>Tehnologia de baz\u0103<span class=\"ez-toc-section-end\"><\/span><\/h3>\n<p>Sloturile Bitcoin func\u021bioneaz\u0103 pe <strong>tehnologia blockchain<\/strong>, asigur\u00e2nd transparen\u021b\u0103 \u0219i imuabilitate. Tranzac\u021biile din cadrul acestor sloturi sunt \u00eenregistrate pe o platform\u0103 distribuit\u0103 <a href=\"https:\/\/coinkickoff.com\/ro\/what-is-ledger-wallet\/\" data-internallinksmanager029f6b8e52c=\"167\" title=\"Ledger Wallet Recenzii 2023: Taxe, caracteristici, siguran\u021b\u0103, argumente pro \u0219i contra\">registrul de conturi<\/a>, vizibil pentru to\u021bi, dar nu poate fi modificat de nimeni, ceea ce favorizeaz\u0103 un grad ridicat de \u00eencredere. Sloturile obi\u0219nuite, \u00een schimb, se bazeaz\u0103 pe un software de joc g\u0103zduit pe servere private, unde juc\u0103torii trebuie s\u0103 se bazeze pe reputa\u021bia cazinoului \u00een ceea ce prive\u0219te corectitudinea \u0219i securitatea.<\/p>\n<h3><span class=\"ez-toc-section\" id=\"Random_Number_Generation\"><\/span>Generarea numerelor aleatorii<span class=\"ez-toc-section-end\"><\/span><\/h3>\n<p>At\u00e2t sloturile Bitcoin, c\u00e2t \u0219i cele obi\u0219nuite folosesc <strong>Generatoare de numere aleatorii (RNG)<\/strong> pentru a se asigura c\u0103 rezultatul fiec\u0103rei \u00eenv\u00e2rtiri este pur aleatoriu. Cu toate acestea, sloturile Bitcoin utilizeaz\u0103 adesea <strong>Algoritmi cu corectitudine demonstrabil\u0103<\/strong>, care permit juc\u0103torilor s\u0103 verifice \u00een mod independent caracterul aleatoriu al fiec\u0103rui rezultat. Acest lucru contrasteaz\u0103 cu sloturile obi\u0219nuite care folosesc RNG-uri proprietare, auditate de firme independente pentru corectitudine.<\/p>\n<ul>\n<li><strong>Algoritm cu corectitudine dovedit\u0103<\/strong>: O metod\u0103 criptografic\u0103 care asigur\u0103 corectitudinea jocului.<\/li>\n<li><strong>RNG-uri proprietare<\/strong>: Sisteme \u00eenchise utilizate \u00een sloturi obi\u0219nuite, supuse auditurilor.<\/li>\n<\/ul>\n<h3><span class=\"ez-toc-section\" id=\"Transaction_Process\"><\/span>Procesul de tranzac\u021bionare<span class=\"ez-toc-section-end\"><\/span><\/h3>\n<p>Procesul de tranzac\u021bionare \u00een sloturile Bitcoin este semnificativ diferit, oferind <strong>tranzac\u021bii imediate, peer-to-peer<\/strong> care permit juc\u0103torilor s\u0103 depun\u0103 \u0219i s\u0103 retrag\u0103 aproape instantaneu.<\/p>\n<ul>\n<li><strong>Depozite<\/strong>: Trimis direct din portofelul Bitcoin al juc\u0103torului \u00een portofelul cazinoului.<\/li>\n<li><strong>Retrageri<\/strong>: Transferat \u00eenapoi \u00een portofelul juc\u0103torului, adesea f\u0103r\u0103 a fi nevoie de aprobarea unei institu\u021bii bancare.<\/li>\n<\/ul>\n<p>Pe de alt\u0103 parte, sloturile obi\u0219nuite implic\u0103 b\u0103nci sau al\u021bi intermediari financiari care pot \u00eent\u00e2rzia tranzac\u021biile cu timpi de procesare \u0219i comisioane suplimentare.<\/p>\n<h2><span class=\"ez-toc-section\" id=\"User_Experience_and_Accessibility\"><\/span>Experien\u021ba utilizatorului \u0219i accesibilitatea<span class=\"ez-toc-section-end\"><\/span><\/h2>\n<p><img decoding=\"async\" src=\"https:\/\/coinkickoff.com\/wp-content\/uploads\/v2-3dh3q-bmbhr.jpg\" alt=\"\"><\/p>\n<p>Bitcoin sloturile au remodelat interac\u021biunile cu utilizatorii \u0219i accesibilitatea \u00een jocurile de noroc online prin interfe\u021be distincte, modalit\u0103\u021bi de plat\u0103 \u0219i confiden\u021bialitate sporit\u0103.<\/p>\n<h3><span class=\"ez-toc-section\" id=\"Interface_and_Design_Differences\"><\/span>Diferen\u021be de interfa\u021b\u0103 \u0219i design<span class=\"ez-toc-section-end\"><\/span><\/h3>\n<p>Sloturile Bitcoin au adesea un <strong>interfa\u021b\u0103 modern\u0103 \u0219i intuitiv\u0103<\/strong>, \u00eembr\u0103\u021bi\u0219\u00e2nd tendin\u021bele \u00een materie de web design. Juc\u0103torii ar putea \u00eent\u00e2lni elemente interactive, cum ar fi:<\/p>\n<ul>\n<li>Urm\u0103ritoare de progres pentru bonusuri.<\/li>\n<li>\u00cen timp real <a href=\"https:\/\/coinkickoff.com\/ro\/crypto-exchanges\/\" data-internallinksmanager029f6b8e52c=\"141\" title=\"21 Cele mai bune 21 Cele mai bune schimburi de criptomonede \u0219i aplica\u021bii \u00een 2024\">schimb de criptomonede<\/a> rate.<\/li>\n<\/ul>\n<p>Sloturile obi\u0219nuite tind s\u0103 <a href=\"https:\/\/coinkickoff.com\/ro\/uphold-review\/\" data-internallinksmanager029f6b8e52c=\"156\" title=\"Sus\u021bine\u021bi recenzii 2023: Taxe, caracteristici, siguran\u021b\u0103, argumente pro \u0219i contra\">sus\u021bine\u021bi<\/a> a <strong>etica designului clasic<\/strong>, cu interfe\u021be care pun accentul pe familiaritate \u0219i simplitate, cum ar fi afi\u0219area static\u0103 a jackpotului.<\/p>\n<h3><span class=\"ez-toc-section\" id=\"Payment_and_Withdrawal_Methods\"><\/span>Metode de plat\u0103 \u0219i retragere<span class=\"ez-toc-section-end\"><\/span><\/h3>\n<table>\n<thead>\n<tr>\n<th>Metoda<\/th>\n<th>Sloturi Bitcoin<\/th>\n<th>Sloturi obi\u0219nuite<\/th>\n<\/tr>\n<\/thead>\n<tbody>\n<tr>\n<td>Depozite<\/td>\n<td>Direct din portofelele criptografice, aproape instantaneu.<\/td>\n<td>Prin carduri bancare, portofele electronice sau transferuri bancare, cu timpi de procesare variabili.<\/td>\n<\/tr>\n<tr>\n<td>Retrageri<\/td>\n<td>De obicei, se proceseaz\u0103 \u00een c\u00e2teva minute sau ore.<\/td>\n<td>Poate dura c\u00e2teva zile \u0219i adesea au limite minime de retragere.<\/td>\n<\/tr>\n<\/tbody>\n<\/table>\n<p>Platformele cu sloturi Bitcoin ofer\u0103 \u00een general <strong>tranzac\u021bii f\u0103r\u0103 fric\u021biune<\/strong> din cauza naturii tehnologiei blockchain.<\/p>\n<h3><span class=\"ez-toc-section\" id=\"Anonymity_and_Security\"><\/span>Anonimat \u0219i securitate<span class=\"ez-toc-section-end\"><\/span><\/h3>\n<p>\u00cen sloturile Bitcoin, juc\u0103torii se bucur\u0103 de un grad mai mare de <strong>anonimat<\/strong>. Ei:<\/p>\n<ul>\n<li>nu sunt obliga\u021bi s\u0103 \u00eemp\u0103rt\u0103\u0219easc\u0103 at\u00e2t de multe informa\u021bii personale.<\/li>\n<li>Beneficia\u021bi de caracteristicile de securitate inerente tehnologiei blockchain.<\/li>\n<\/ul>\n<p>\u00cen schimb, sloturile obi\u0219nuite trebuie s\u0103 urmeze reguli stricte. <strong>procese de reglementare \u0219i verificare<\/strong>, care necesit\u0103 adesea date personale detaliate de la utilizatori.<\/p>\n<h2><span class=\"ez-toc-section\" id=\"Frequently_Asked_Questions\"><\/span>\u00centreb\u0103ri frecvente<span class=\"ez-toc-section-end\"><\/span><\/h2>\n<p><img decoding=\"async\" src=\"https:\/\/coinkickoff.com\/wp-content\/uploads\/v2-3dh42-3zxyj.jpg\" alt=\"\"><\/p>\n<p>Aceast\u0103 sec\u021biune abordeaz\u0103 \u00eentreb\u0103ri frecvente cu privire la diferen\u021bele dintre sloturile Bitcoin \u0219i jocurile de tip slot tradi\u021bional, concentr\u00e2ndu-se pe aspecte precum avantajele, corectitudinea, accesibilitatea, considera\u021biile legale, confiden\u021bialitatea \u0219i varia\u021biile de plat\u0103.<\/p>\n<h3><span class=\"ez-toc-section\" id=\"What_advantages_do_Bitcoin_slots_offer_over_traditional_slot_machines\"><\/span>Ce avantaje ofer\u0103 sloturile Bitcoin fa\u021b\u0103 de sloturile tradi\u021bionale?<span class=\"ez-toc-section-end\"><\/span><\/h3>\n<p>Sloturile Bitcoin ofer\u0103 de obicei utilizatorilor un grad sporit de confiden\u021bialitate, deoarece nu necesit\u0103 \u00eentotdeauna informa\u021bii personale pentru tranzac\u021bii. Acestea ofer\u0103, de asemenea, timpi de tranzac\u021bionare mai rapizi \u00een compara\u021bie cu metodele bancare tradi\u021bionale, deoarece tranzac\u021biile Bitcoin pot fi procesate rapid, f\u0103r\u0103 a fi nevoie de o autoritate central\u0103.<\/p>\n<h3><span class=\"ez-toc-section\" id=\"How_do_crypto-based_slot_games_ensure_fairness\"><\/span>Cum asigur\u0103 jocurile de sloturi bazate pe criptograme corectitudinea?<span class=\"ez-toc-section-end\"><\/span><\/h3>\n<p>Jocurile ca la aparate pe baz\u0103 de criptograme folosesc adesea algoritmi care permit juc\u0103torilor s\u0103 verifice \u00een mod independent corectitudinea fiec\u0103rei \u00eenv\u00e2rtiri. Acest sistem ofer\u0103 transparen\u021b\u0103 prin utilizarea tehnicilor criptografice pentru a demonstra c\u0103 rezultatul unui joc nu a fost manipulat.<\/p>\n<h3><span class=\"ez-toc-section\" id=\"Can_players_use_Bitcoin_on_all_online_slot_platforms\"><\/span>Pot folosi juc\u0103torii Bitcoin pe toate platformele de sloturi online?<span class=\"ez-toc-section-end\"><\/span><\/h3>\n<p>Nu toate platformele de sloturi online accept\u0103 Bitcoin. \u00cen timp ce num\u0103rul platformelor care accept\u0103 criptomonede este \u00een cre\u0219tere, juc\u0103torii trebuie s\u0103 verifice op\u021biunile de plat\u0103 ale fiec\u0103rui site pentru a determina dac\u0103 Bitcoin este acceptat.<\/p>\n<h3><span class=\"ez-toc-section\" id=\"What_are_the_legal_implications_of_using_Bitcoin_for_gambling\"><\/span>Care sunt implica\u021biile legale ale utiliz\u0103rii Bitcoin pentru jocuri de noroc?<span class=\"ez-toc-section-end\"><\/span><\/h3>\n<p>Implica\u021biile legale ale utiliz\u0103rii Bitcoin pentru jocurile de noroc variaz\u0103 \u00een func\u021bie de jurisdic\u021bie. Juc\u0103torii sunt responsabili pentru \u00een\u021belegerea \u0219i respectarea legilor locale privind jocurile de noroc online \u0219i utilizarea criptomonedelor.<\/p>\n<h3><span class=\"ez-toc-section\" id=\"Why_might_Bitcoin_slots_offer_more_privacy_than_regular_slots\"><\/span>De ce sloturile Bitcoin ar putea oferi mai mult\u0103 confiden\u021bialitate dec\u00e2t sloturile obi\u0219nuite?<span class=\"ez-toc-section-end\"><\/span><\/h3>\n<p>Sloturile Bitcoin pot oferi mai mult\u0103 confiden\u021bialitate, deoarece tranzac\u021biile cu Bitcoin nu implic\u0103 neap\u0103rat partajarea datelor bancare personale. Acest lucru le permite juc\u0103torilor s\u0103 parieze f\u0103r\u0103 ca activitatea lor s\u0103 poat\u0103 fi u\u0219or de urm\u0103rit de c\u0103tre institu\u021biile financiare.<\/p>\n<h3><span class=\"ez-toc-section\" id=\"In_what_ways_can_the_payouts_differ_between_Bitcoin_slots_and_conventional_slots\"><\/span>\u00cen ce fel pot diferi c\u00e2\u0219tigurile \u00eentre sloturile Bitcoin \u0219i sloturile conven\u021bionale?<span class=\"ez-toc-section-end\"><\/span><\/h3>\n<p>Pl\u0103\u021bile \u00een sloturile Bitcoin pot fi mai semnificative datorit\u0103 costurilor de operare poten\u021bial mai mici ale tranzac\u021biilor cu criptomonede. \u00cen plus, unele sloturi Bitcoin ofer\u0103 jackpoturi unice pl\u0103tite \u00een criptomonede, a c\u0103ror valoare poate fluctua, cresc\u00e2nd uneori valoarea pl\u0103\u021bii \u00een termeni de moned\u0103 fiat.<\/p>","protected":false},"excerpt":{"rendered":"<p>Disclaimer: Jocurile de noroc implic\u0103 un risc financiar semnificativ. V\u0103 rug\u0103m s\u0103 juca\u021bi doar cu banii pe care v\u0103 pute\u021bi permite s\u0103 \u00eei pierde\u021bi. Informa\u021biile de mai jos sunt furnizate doar \u00een scop informativ. Este posibil s\u0103 primim un comision dac\u0103 v\u0103 \u00eenscrie\u021bi \u0219i pierde\u021bi bani la oricare dintre urm\u0103toarele cazinouri. Nu toate cazinourile sunt disponibile \u00een toate \u021b\u0103rile. Toate informa\u021biile pe care le [...]<\/p>","protected":false},"author":1,"featured_media":4631,"parent":4440,"menu_order":0,"comment_status":"closed","ping_status":"closed","template":"","meta":{"_genesis_hide_title":false,"_genesis_hide_breadcrumbs":false,"_genesis_hide_singular_image":false,"_genesis_hide_footer_widgets":false,"_genesis_custom_body_class":"","_genesis_custom_post_class":"","_genesis_layout":"","_glsr_average":0,"_glsr_ranking":0,"_glsr_reviews":0,"footnotes":""},"class_list":{"0":"post-4628","1":"page","2":"type-page","3":"status-publish","4":"has-post-thumbnail","6":"entry"},"featured_image_src":"https:\/\/coinkickoff.com\/wp-content\/uploads\/v2-3dh3q-bmbhr-600x400.jpg","featured_image_src_square":"https:\/\/coinkickoff.com\/wp-content\/uploads\/v2-3dh3q-bmbhr-600x600.jpg","_links":{"self":[{"href":"https:\/\/coinkickoff.com\/ro\/wp-json\/wp\/v2\/pages\/4628","targetHints":{"allow":["GET"]}}],"collection":[{"href":"https:\/\/coinkickoff.com\/ro\/wp-json\/wp\/v2\/pages"}],"about":[{"href":"https:\/\/coinkickoff.com\/ro\/wp-json\/wp\/v2\/types\/page"}],"author":[{"embeddable":true,"href":"https:\/\/coinkickoff.com\/ro\/wp-json\/wp\/v2\/users\/1"}],"replies":[{"embeddable":true,"href":"https:\/\/coinkickoff.com\/ro\/wp-json\/wp\/v2\/comments?post=4628"}],"version-history":[{"count":3,"href":"https:\/\/coinkickoff.com\/ro\/wp-json\/wp\/v2\/pages\/4628\/revisions"}],"predecessor-version":[{"id":4635,"href":"https:\/\/coinkickoff.com\/ro\/wp-json\/wp\/v2\/pages\/4628\/revisions\/4635"}],"up":[{"embeddable":true,"href":"https:\/\/coinkickoff.com\/ro\/wp-json\/wp\/v2\/pages\/4440"}],"wp:featuredmedia":[{"embeddable":true,"href":"https:\/\/coinkickoff.com\/ro\/wp-json\/wp\/v2\/media\/4631"}],"wp:attachment":[{"href":"https:\/\/coinkickoff.com\/ro\/wp-json\/wp\/v2\/media?parent=4628"}],"curies":[{"name":"wp","href":"https:\/\/api.w.org\/{rel}","templated":true}]}}