{"id":4605,"date":"2026-01-08T14:07:58","date_gmt":"2026-01-08T14:07:58","guid":{"rendered":"https:\/\/coinkickoff.com\/?page_id=4605"},"modified":"2026-01-08T14:07:58","modified_gmt":"2026-01-08T14:07:58","slug":"how-is-bitcoin-poker-different","status":"publish","type":"page","link":"https:\/\/coinkickoff.com\/ro\/bitcoin-casino\/how-is-bitcoin-poker-different\/","title":{"rendered":"Cum difer\u0103 Bitcoin Poker de pokerul online?"},"content":{"rendered":"<p><em>Disclaimer: Jocurile de noroc implic\u0103 un risc financiar semnificativ. V\u0103 rug\u0103m s\u0103 juca\u021bi doar cu banii pe care v\u0103 pute\u021bi permite s\u0103 \u00eei pierde\u021bi. Informa\u021biile de mai jos sunt furnizate doar \u00een scop informativ. Este posibil s\u0103 primim un comision dac\u0103 v\u0103 \u00eenscrie\u021bi \u0219i pierde\u021bi bani la oricare dintre urm\u0103toarele jocuri de noroc <a href=\"https:\/\/coinkickoff.com\/ro\/bitcoin-casino\/\" data-internallinksmanager029f6b8e52c=\"200\" title=\"3 Cele mai bune cazinouri cripto Bitcoin cu bonusuri\">cazinouri<\/a>. Nu toate cazinourile sunt disponibile \u00een toate \u021b\u0103rile. Toate informa\u021biile pe care le consider\u0103m corecte la momentul public\u0103rii, dar este posibil s\u0103 se fi schimbat \u00eentre timp.<\/em><\/p>\n<div id=\"ez-toc-container\" class=\"ez-toc-v2_0_80 counter-hierarchy ez-toc-counter ez-toc-transparent ez-toc-container-direction\">\n<div class=\"ez-toc-title-container\">\n<p class=\"ez-toc-title\" style=\"cursor:inherit\">Sec\u021biuni<\/p>\n<span class=\"ez-toc-title-toggle\"><a href=\"#\" class=\"ez-toc-pull-right ez-toc-btn ez-toc-btn-xs ez-toc-btn-default ez-toc-toggle\" aria-label=\"Comuta\u021bi tabelul de con\u021binut\"><span class=\"ez-toc-js-icon-con\"><span class=\"\"><span class=\"eztoc-hide\" style=\"display:none;\">Toggle<\/span><span class=\"ez-toc-icon-toggle-span\"><svg style=\"fill: #999;color:#999\" xmlns=\"http:\/\/www.w3.org\/2000\/svg\" class=\"list-377408\" width=\"20px\" height=\"20px\" viewbox=\"0 0 24 24\" fill=\"none\"><path d=\"M6 6H4v2h2V6zm14 0H8v2h12V6zM4 11h2v2H4v-2zm16 0H8v2h12v-2zM4 16h2v2H4v-2zm16 0H8v2h12v-2z\" fill=\"currentColor\"><\/path><\/svg><svg style=\"fill: #999;color:#999\" class=\"arrow-unsorted-368013\" xmlns=\"http:\/\/www.w3.org\/2000\/svg\" width=\"10px\" height=\"10px\" viewbox=\"0 0 24 24\" version=\"1.2\" baseprofile=\"tiny\"><path d=\"M18.2 9.3l-6.2-6.3-6.2 6.3c-.2.2-.3.4-.3.7s.1.5.3.7c.2.2.4.3.7.3h11c.3 0 .5-.1.7-.3.2-.2.3-.5.3-.7s-.1-.5-.3-.7zM5.8 14.7l6.2 6.3 6.2-6.3c.2-.2.3-.5.3-.7s-.1-.5-.3-.7c-.2-.2-.4-.3-.7-.3h-11c-.3 0-.5.1-.7.3-.2.2-.3.5-.3.7s.1.5.3.7z\"\/><\/svg><\/span><\/span><\/span><\/a><\/span><\/div>\n<nav><ul class='ez-toc-list ez-toc-list-level-1 eztoc-toggle-hide-by-default' ><li class='ez-toc-page-1 ez-toc-heading-level-2'><a class=\"ez-toc-link ez-toc-heading-1\" href=\"https:\/\/coinkickoff.com\/ro\/bitcoin-casino\/how-is-bitcoin-poker-different\/#Understanding_Bitcoin_Poker\" >\u00cen\u021belegerea Bitcoin Poker<\/a><ul class='ez-toc-list-level-3' ><li class='ez-toc-heading-level-3'><a class=\"ez-toc-link ez-toc-heading-2\" href=\"https:\/\/coinkickoff.com\/ro\/bitcoin-casino\/how-is-bitcoin-poker-different\/#Definition_and_Concept_of_Bitcoin_Poker\" >Defini\u021bia \u0219i conceptul de Bitcoin Poker<\/a><\/li><li class='ez-toc-page-1 ez-toc-heading-level-3'><a class=\"ez-toc-link ez-toc-heading-3\" href=\"https:\/\/coinkickoff.com\/ro\/bitcoin-casino\/how-is-bitcoin-poker-different\/#Key_Differences_Between_Bitcoin_Poker_and_Online_Poker\" >Diferen\u021be cheie \u00eentre Bitcoin Poker \u0219i Poker Online<\/a><\/li><li class='ez-toc-page-1 ez-toc-heading-level-3'><a class=\"ez-toc-link ez-toc-heading-4\" href=\"https:\/\/coinkickoff.com\/ro\/bitcoin-casino\/how-is-bitcoin-poker-different\/#The_Role_of_Cryptocurrency_in_Poker\" >Rolul criptomonedei \u00een poker<\/a><\/li><\/ul><\/li><li class='ez-toc-page-1 ez-toc-heading-level-2'><a class=\"ez-toc-link ez-toc-heading-5\" href=\"https:\/\/coinkickoff.com\/ro\/bitcoin-casino\/how-is-bitcoin-poker-different\/#The_Gameplay_Experience\" >Experien\u021ba de joc<\/a><ul class='ez-toc-list-level-3' ><li class='ez-toc-heading-level-3'><a class=\"ez-toc-link ez-toc-heading-6\" href=\"https:\/\/coinkickoff.com\/ro\/bitcoin-casino\/how-is-bitcoin-poker-different\/#Account_Funding_and_Withdrawals\" >Finan\u021barea \u0219i retragerile din cont<\/a><\/li><li class='ez-toc-page-1 ez-toc-heading-level-3'><a class=\"ez-toc-link ez-toc-heading-7\" href=\"https:\/\/coinkickoff.com\/ro\/bitcoin-casino\/how-is-bitcoin-poker-different\/#Anonymity_and_Security_Features\" >Caracteristici de anonimat \u0219i securitate<\/a><\/li><li class='ez-toc-page-1 ez-toc-heading-level-3'><a class=\"ez-toc-link ez-toc-heading-8\" href=\"https:\/\/coinkickoff.com\/ro\/bitcoin-casino\/how-is-bitcoin-poker-different\/#Poker_Variants_and_Software_Differences\" >Variante de poker \u0219i diferen\u021be de software<\/a><\/li><\/ul><\/li><li class='ez-toc-page-1 ez-toc-heading-level-2'><a class=\"ez-toc-link ez-toc-heading-9\" href=\"https:\/\/coinkickoff.com\/ro\/bitcoin-casino\/how-is-bitcoin-poker-different\/#Regulatory_and_Legal_Landscape\" >Cadrul de reglementare \u0219i juridic<\/a><ul class='ez-toc-list-level-3' ><li class='ez-toc-heading-level-3'><a class=\"ez-toc-link ez-toc-heading-10\" href=\"https:\/\/coinkickoff.com\/ro\/bitcoin-casino\/how-is-bitcoin-poker-different\/#Jurisdictional_Variations_in_Bitcoin_Poker\" >Varia\u021bii jurisdic\u021bionale \u00een Bitcoin Poker<\/a><\/li><li class='ez-toc-page-1 ez-toc-heading-level-3'><a class=\"ez-toc-link ez-toc-heading-11\" href=\"https:\/\/coinkickoff.com\/ro\/bitcoin-casino\/how-is-bitcoin-poker-different\/#Legal_Implications_for_Players_and_Operators\" >Implica\u021bii juridice pentru juc\u0103tori \u0219i operatori<\/a><\/li><li class='ez-toc-page-1 ez-toc-heading-level-3'><a class=\"ez-toc-link ez-toc-heading-12\" href=\"https:\/\/coinkickoff.com\/ro\/bitcoin-casino\/how-is-bitcoin-poker-different\/#Compliance_and_Fair_Play_Standards\" >Standardele de conformitate \u0219i fair-play<\/a><\/li><\/ul><\/li><li class='ez-toc-page-1 ez-toc-heading-level-2'><a class=\"ez-toc-link ez-toc-heading-13\" href=\"https:\/\/coinkickoff.com\/ro\/bitcoin-casino\/how-is-bitcoin-poker-different\/#Frequently_Asked_Questions\" >\u00centreb\u0103ri frecvente<\/a><ul class='ez-toc-list-level-3' ><li class='ez-toc-heading-level-3'><a class=\"ez-toc-link ez-toc-heading-14\" href=\"https:\/\/coinkickoff.com\/ro\/bitcoin-casino\/how-is-bitcoin-poker-different\/#What_are_the_advantages_of_playing_poker_using_Bitcoin\" >Care sunt avantajele de a juca poker folosind Bitcoin?<\/a><\/li><li class='ez-toc-page-1 ez-toc-heading-level-3'><a class=\"ez-toc-link ez-toc-heading-15\" href=\"https:\/\/coinkickoff.com\/ro\/bitcoin-casino\/how-is-bitcoin-poker-different\/#Can_Bitcoin_transactions_affect_the_speed_of_online_poker_play\" >Pot tranzac\u021biile Bitcoin s\u0103 afecteze viteza jocului de poker online?<\/a><\/li><li class='ez-toc-page-1 ez-toc-heading-level-3'><a class=\"ez-toc-link ez-toc-heading-16\" href=\"https:\/\/coinkickoff.com\/ro\/bitcoin-casino\/how-is-bitcoin-poker-different\/#Are_there_any_legal_differences_in_playing_poker_with_Bitcoin_versus_traditional_currencies\" >Exist\u0103 vreo diferen\u021b\u0103 legal\u0103 \u00een a juca poker cu Bitcoin fa\u021b\u0103 de monedele tradi\u021bionale?<\/a><\/li><li class='ez-toc-page-1 ez-toc-heading-level-3'><a class=\"ez-toc-link ez-toc-heading-17\" href=\"https:\/\/coinkickoff.com\/ro\/bitcoin-casino\/how-is-bitcoin-poker-different\/#How_does_provable_fairness_in_Bitcoin_poker_compare_to_regular_online_poker_games\" >Cum se compar\u0103 corectitudinea demonstrabil\u0103 \u00een pokerul Bitcoin cu cea a jocurilor de poker online obi\u0219nuite?<\/a><\/li><li class='ez-toc-page-1 ez-toc-heading-level-3'><a class=\"ez-toc-link ez-toc-heading-18\" href=\"https:\/\/coinkickoff.com\/ro\/bitcoin-casino\/how-is-bitcoin-poker-different\/#Does_the_use_of_Bitcoin_offer_more_anonymity_in_online_poker\" >Utilizarea Bitcoin ofer\u0103 mai mult anonimat \u00een pokerul online?<\/a><\/li><li class='ez-toc-page-1 ez-toc-heading-level-3'><a class=\"ez-toc-link ez-toc-heading-19\" href=\"https:\/\/coinkickoff.com\/ro\/bitcoin-casino\/how-is-bitcoin-poker-different\/#What_impact_does_cryptocurrency_volatility_have_on_Bitcoin_poker_stakes\" >Ce impact are volatilitatea criptomonedelor asupra mizelor de poker Bitcoin?<\/a><\/li><\/ul><\/li><\/ul><\/nav><\/div>\n<h2><span class=\"ez-toc-section\" id=\"Understanding_Bitcoin_Poker\"><\/span>\u00cen\u021belegerea Bitcoin Poker<span class=\"ez-toc-section-end\"><\/span><\/h2>\n<p><img decoding=\"async\" src=\"https:\/\/coinkickoff.com\/wp-content\/uploads\/v2-3dh0j-a3sgg.jpg\" alt=\"\"><\/p>\n<p><a href=\"https:\/\/coinkickoff.com\/ro\/bitcoin-casino\/how-to-play-crypto-poker\/\" data-internallinksmanager029f6b8e52c=\"203\" title=\"Cum s\u0103 joci Crypto Poker: St\u0103p\u00e2nirea pariurilor Bitcoin\">Bitcoin Poker<\/a> integreaz\u0103 jocul clasic de poker cu tehnologia modern\u0103 blockchain, oferind beneficii unice, cum ar fi o confiden\u021bialitate sporit\u0103 \u0219i tranzac\u021bii mai rapide.<\/p>\n<h3><span class=\"ez-toc-section\" id=\"Definition_and_Concept_of_Bitcoin_Poker\"><\/span>Defini\u021bia \u0219i conceptul de Bitcoin Poker<span class=\"ez-toc-section-end\"><\/span><\/h3>\n<p>Bitcoin Poker se refer\u0103 la versiunea de poker online care utilizeaz\u0103 Bitcoin ca moned\u0103 pentru depozite, pariuri \u0219i retrageri. Spre deosebire de jocurile tradi\u021bionale de poker online, unde se folose\u0219te moneda fiduciar\u0103, Bitcoin Poker opereaz\u0103 cu moneda digital\u0103, valorific\u00e2nd descentralizarea \u0219i aspectul peer-to-peer al tehnologiei blockchain.<\/p>\n<h3><span class=\"ez-toc-section\" id=\"Key_Differences_Between_Bitcoin_Poker_and_Online_Poker\"><\/span>Diferen\u021be cheie \u00eentre Bitcoin Poker \u0219i Poker Online<span class=\"ez-toc-section-end\"><\/span><\/h3>\n<p><strong>Anonimatul:<\/strong> Una dintre distinc\u021biile cheie este nivelul de anonimat pe care \u00eel ofer\u0103 Bitcoin. Site-urile tradi\u021bionale de poker online solicit\u0103 adesea informa\u021bii financiare personale, \u00een timp ce site-urile de poker Bitcoin permit utilizatorilor s\u0103 joace relativ anonim.<\/p>\n<p><strong>Viteza de tranzac\u021bionare:<\/strong> Tranzac\u021biile Bitcoin pot fi semnificativ mai rapide dec\u00e2t tranzac\u021biile fiat, ceea ce duce la depozite \u0219i retrageri mai rapide pentru juc\u0103tori.<\/p>\n<p><strong>Tabelul de con\u021binut Diferen\u021be:<\/strong><\/p>\n<table>\n<thead>\n<tr>\n<th>Caracteristic\u0103<\/th>\n<th>Bitcoin Poker<\/th>\n<th>Poker online<\/th>\n<\/tr>\n<\/thead>\n<tbody>\n<tr>\n<td>Tipul de moned\u0103<\/td>\n<td>Criptomoned\u0103 (Bitcoin)<\/td>\n<td>Moned\u0103 Fiat (USD, EUR, <a href=\"https:\/\/coinkickoff.com\/ro\/ethereum-classic-etc\/\" data-internallinksmanager029f6b8e52c=\"29\" title=\"Ce este Ethereum Classic (ETC) Cum func\u021bioneaz\u0103 \u0219i de unde se poate cump\u0103ra?\">etc.<\/a>.)<\/td>\n<\/tr>\n<tr>\n<td>Nivelul de anonimat<\/td>\n<td>Mare<\/td>\n<td>Moderat spre sc\u0103zut<\/td>\n<\/tr>\n<tr>\n<td>Viteza de tranzac\u021bionare<\/td>\n<td>Rapid (de la c\u00e2teva minute la c\u00e2teva ore)<\/td>\n<td>Variabil (ore p\u00e2n\u0103 la zile)<\/td>\n<\/tr>\n<tr>\n<td>Cerin\u021ba privind informa\u021biile financiare<\/td>\n<td>Minimal<\/td>\n<td>Adesea extins\u0103<\/td>\n<\/tr>\n<\/tbody>\n<\/table>\n<h3><span class=\"ez-toc-section\" id=\"The_Role_of_Cryptocurrency_in_Poker\"><\/span>Rolul criptomonedei \u00een poker<span class=\"ez-toc-section-end\"><\/span><\/h3>\n<p>Criptomonedele precum Bitcoin au transformat peisajul pokerului online, oferind o modalitate alternativ\u0103 de efectuare a tranzac\u021biilor. Ele ofer\u0103 o economie descentralizat\u0103 a pokerului, \u00eendep\u0103rteaz\u0103 controlul de la o autoritate central\u0103 \u0219i contribuie la crearea unei comunit\u0103\u021bi globale de poker care nu este supus\u0103 reglement\u0103rilor bancare tradi\u021bionale.<\/p>\n<h2><span class=\"ez-toc-section\" id=\"The_Gameplay_Experience\"><\/span>Experien\u021ba de joc<span class=\"ez-toc-section-end\"><\/span><\/h2>\n<p><img decoding=\"async\" src=\"https:\/\/coinkickoff.com\/wp-content\/uploads\/v2-3dh10-d5088.jpg\" alt=\"\"><\/p>\n<p>\u00cen timp ce jocul de poker de baz\u0103 r\u0103m\u00e2ne similar, pokerul Bitcoin ofer\u0103 o experien\u021b\u0103 distinct\u0103 \u00een ceea ce prive\u0219te gestionarea contului, confiden\u021bialitatea \u0219i op\u021biunile de software \u00een compara\u021bie cu pokerul online tradi\u021bional.<\/p>\n<h3><span class=\"ez-toc-section\" id=\"Account_Funding_and_Withdrawals\"><\/span>Finan\u021barea \u0219i retragerile din cont<span class=\"ez-toc-section-end\"><\/span><\/h3>\n<ul>\n<li><strong>Tranzac\u021bii Bitcoin<\/strong>: Juc\u0103torii \u00ee\u0219i finan\u021beaz\u0103 conturile \u0219i \u00ee\u0219i retrag <a href=\"https:\/\/coinkickoff.com\/ro\/bitcoin-casino\/cash-in-bitcoin-casino-winnings\/\" data-internallinksmanager029f6b8e52c=\"211\" title=\"Cum s\u0103 \u00eencasa\u021bi c\u00e2\u0219tigurile Bitcoin Casino: Un ghid pas cu pas\">c\u00e2\u0219tiguri<\/a> care utilizeaz\u0103 Bitcoin, care se confrunt\u0103 adesea cu timpi de tranzac\u021bionare mai rapizi datorit\u0103 naturii descentralizate a criptomonedei.<\/li>\n<li><strong>Fluctua\u021bii valutare<\/strong>: Valoarea Bitcoin poate fi volatil\u0103, ceea ce \u00eenseamn\u0103 c\u0103 valoarea bankrolls-ului juc\u0103torilor poate fluctua independent de performan\u021ba lor de poker.<\/li>\n<\/ul>\n<h3><span class=\"ez-toc-section\" id=\"Anonymity_and_Security_Features\"><\/span>Caracteristici de anonimat \u0219i securitate<span class=\"ez-toc-section-end\"><\/span><\/h3>\n<ul>\n<li><strong>Confiden\u021bialitate<\/strong>: Platformele de poker Bitcoin pot oferi un anonimat sporit, deoarece informa\u021biile financiare personale nu sunt solicitate \u00een acela\u0219i mod ca \u00een cazul site-urilor cu moned\u0103 fiduciar\u0103.<\/li>\n<li><strong>M\u0103suri de securitate<\/strong>: Tranzac\u021biile sunt securizate prin intermediul tehnologiei blockchain, oferind o \u00eenregistrare transparent\u0103 \u0219i inviolabil\u0103 a tuturor transferurilor.<\/li>\n<\/ul>\n<h3><span class=\"ez-toc-section\" id=\"Poker_Variants_and_Software_Differences\"><\/span>Variante de poker \u0219i diferen\u021be de software<span class=\"ez-toc-section-end\"><\/span><\/h3>\n<ul>\n<li><strong>Varietate de jocuri<\/strong>: Unele site-uri de poker Bitcoin pot oferi variante unice de poker care nu se g\u0103sesc pe platformele tradi\u021bionale.<\/li>\n<li><strong>Interfe\u021be software<\/strong>: Interfa\u021ba \u0219i experien\u021ba utilizatorului pot fi diferite, oferind uneori instrumente statistice mai avansate, concepute special pentru utilizatorii de criptomonede.<\/li>\n<\/ul>\n<h2><span class=\"ez-toc-section\" id=\"Regulatory_and_Legal_Landscape\"><\/span>Cadrul de reglementare \u0219i juridic<span class=\"ez-toc-section-end\"><\/span><\/h2>\n<p><img decoding=\"async\" src=\"https:\/\/coinkickoff.com\/wp-content\/uploads\/v2-3dh1d-kf9ye.jpg\" alt=\"\"><\/p>\n<p>Aspectele legale \u0219i de reglementare ale pokerului Bitcoin variaz\u0103 semnificativ \u00een \u00eentreaga lume \u0219i au implica\u021bii distincte at\u00e2t pentru juc\u0103tori, c\u00e2t \u0219i pentru operatori, exist\u00e2nd standarde stricte de conformitate \u0219i fair-play.<\/p>\n<h3><span class=\"ez-toc-section\" id=\"Jurisdictional_Variations_in_Bitcoin_Poker\"><\/span>Varia\u021bii jurisdic\u021bionale \u00een Bitcoin Poker<span class=\"ez-toc-section-end\"><\/span><\/h3>\n<p>Diferite \u021b\u0103ri au reglement\u0103ri diferite \u00een ceea ce prive\u0219te utilizarea criptomonedelor, cum ar fi Bitcoin pentru jocurile de noroc. Unele au adoptat-o pe deplin cu reglement\u0103ri clare, \u00een timp ce altele opereaz\u0103 \u00eentr-o zon\u0103 gri sau au interdic\u021bii absolute. De exemplu:<\/p>\n<ul>\n<li><strong>Statele Unite ale Americii:<\/strong> Variaz\u0103 \u00een func\u021bie de stat; unele accept\u0103 pokerul Bitcoin, \u00een timp ce altele nu permit deloc jocurile de noroc online.<\/li>\n<li><strong>Regatul Unit:<\/strong> Este reglementat \u00een totalitate, cu orient\u0103ri specifice pentru utilizarea criptomonedelor.<\/li>\n<li><strong>China:<\/strong> Jocurile de noroc online, inclusiv pokerul Bitcoin, sunt ilegale.<\/li>\n<\/ul>\n<h3><span class=\"ez-toc-section\" id=\"Legal_Implications_for_Players_and_Operators\"><\/span>Implica\u021bii juridice pentru juc\u0103tori \u0219i operatori<span class=\"ez-toc-section-end\"><\/span><\/h3>\n<p><strong>Juc\u0103tori<\/strong> trebuie s\u0103 cunoasc\u0103 legisla\u021bia \u021b\u0103rii lor privind criptomonedele \u0219i jocurile de noroc online pentru a evita riscurile juridice. Sanc\u021biunile pentru \u00eenc\u0103lcarea legii pot varia de la amenzi p\u00e2n\u0103 la urm\u0103rire penal\u0103.<\/p>\n<p><strong>Operatori<\/strong> de Bitcoin site-urile de poker trebuie s\u0103 respecte cerin\u021bele de licen\u021biere, procedurile de combatere a sp\u0103l\u0103rii banilor (AML) \u0219i politicile de cunoa\u0219tere a clien\u021bilor (KYC).<\/p>\n<ul>\n<li><strong>Cerin\u021be de acordare a licen\u021belor:<\/strong> Trebuie s\u0103 ob\u021bin\u0103 licen\u021bele corespunz\u0103toare acolo unde jocurile de noroc online sunt reglementate.<\/li>\n<li><strong>Proceduri AML:<\/strong> Ar trebui s\u0103 pun\u0103 \u00een aplicare sisteme de prevenire a infrac\u021biunilor financiare.<\/li>\n<li><strong>Politici KYC:<\/strong> Trebuie s\u0103 verifice identitatea clien\u021bilor lor.<\/li>\n<\/ul>\n<h3><span class=\"ez-toc-section\" id=\"Compliance_and_Fair_Play_Standards\"><\/span>Standardele de conformitate \u0219i fair-play<span class=\"ez-toc-section-end\"><\/span><\/h3>\n<p>Operatorilor li se cere s\u0103 respecte standarde care s\u0103 asigure corectitudinea \u0219i securitatea.<\/p>\n<ul>\n<li><strong>Certificare RNG:<\/strong> Generatoarele de numere aleatorii trebuie s\u0103 fie certificate de organisme independente.<\/li>\n<li><strong>Protocoale de securitate:<\/strong> Implementarea cript\u0103rii SSL \u0219i a altor m\u0103suri de securitate cibernetic\u0103.<\/li>\n<li><strong>Sisteme probabil corecte:<\/strong> Unic pentru jocurile Bitcoin, care permite juc\u0103torilor s\u0103 verifice corectitudinea fiec\u0103rei m\u00e2ini.<\/li>\n<\/ul>\n<h2><span class=\"ez-toc-section\" id=\"Frequently_Asked_Questions\"><\/span>\u00centreb\u0103ri frecvente<span class=\"ez-toc-section-end\"><\/span><\/h2>\n<p><img decoding=\"async\" src=\"https:\/\/coinkickoff.com\/wp-content\/uploads\/v2-3dh1y-p4uhr.jpg\" alt=\"\"><\/p>\n<p>Pentru a r\u0103spunde \u00eentreb\u0103rilor comune, aceast\u0103 sec\u021biune prezint\u0103 diferen\u021bele dintre pokerul Bitcoin \u0219i pokerul online standard \u00een ceea ce prive\u0219te avantajele, viteza, legalitatea, corectitudinea, anonimatul \u0219i impactul volatilit\u0103\u021bii criptomonedelor.<\/p>\n<h3><span class=\"ez-toc-section\" id=\"What_are_the_advantages_of_playing_poker_using_Bitcoin\"><\/span>Care sunt avantajele de a juca poker folosind Bitcoin?<span class=\"ez-toc-section-end\"><\/span><\/h3>\n<p>Juc\u0103torii care folosesc Bitcoin pentru poker se bucur\u0103 de timpi de tranzac\u021bionare mai rapizi, comisioane de procesare mai mici \u0219i de posibilitatea de a juca din regiuni \u00een care tranzac\u021biile bancare tradi\u021bionale cu site-urile de poker sunt restric\u021bionate. Aceste beneficii provin din natura descentralizat\u0103 a criptomonedelor.<\/p>\n<h3><span class=\"ez-toc-section\" id=\"Can_Bitcoin_transactions_affect_the_speed_of_online_poker_play\"><\/span>Pot tranzac\u021biile Bitcoin s\u0103 afecteze viteza jocului de poker online?<span class=\"ez-toc-section-end\"><\/span><\/h3>\n<p>Da, Bitcoin poate accelera procesul de depunere \u0219i retragere, permi\u021b\u00e2nd juc\u0103torilor s\u0103 \u00eenceap\u0103 s\u0103 joace mai repede \u0219i s\u0103 \u00eencaseze c\u00e2\u0219tigurile f\u0103r\u0103 \u00eent\u00e2rzieri bancare lungi. Aceast\u0103 opera\u021biune ra\u021bionalizat\u0103 provine din sistemul de tranzac\u021bionare peer-to-peer intrinsec la Bitcoin.<\/p>\n<h3><span class=\"ez-toc-section\" id=\"Are_there_any_legal_differences_in_playing_poker_with_Bitcoin_versus_traditional_currencies\"><\/span>Exist\u0103 vreo diferen\u021b\u0103 legal\u0103 \u00een a juca poker cu Bitcoin fa\u021b\u0103 de monedele tradi\u021bionale?<span class=\"ez-toc-section-end\"><\/span><\/h3>\n<p>Peisajul juridic pentru pokerul Bitcoin poate fi foarte diferit, deoarece unele jurisdic\u021bii care reglementeaz\u0103 sau interzic jocurile de noroc online nu au abordat \u00eenc\u0103 \u00een mod explicit criptomonedele. Aceast\u0103 situa\u021bie poate crea ambiguitate, afect\u00e2nd poten\u021bial statutul legal al pokerului Bitcoin \u00een anumite zone.<\/p>\n<h3><span class=\"ez-toc-section\" id=\"How_does_provable_fairness_in_Bitcoin_poker_compare_to_regular_online_poker_games\"><\/span>Cum se compar\u0103 corectitudinea demonstrabil\u0103 \u00een pokerul Bitcoin cu cea a jocurilor de poker online obi\u0219nuite?<span class=\"ez-toc-section-end\"><\/span><\/h3>\n<p>Platformele de poker Bitcoin folosesc adesea algoritmi de corectitudine demonstrabil\u0103, permi\u021b\u00e2nd juc\u0103torilor s\u0103 verifice caracterul aleatoriu \u0219i echitabil al fiec\u0103rei m\u00e2ini. Acest nivel de transparen\u021b\u0103 nu este, \u00een general, disponibil \u00een jocurile de poker online tradi\u021bionale, oferind un nivel suplimentar de \u00eencredere juc\u0103torilor de poker Bitcoin.<\/p>\n<h3><span class=\"ez-toc-section\" id=\"Does_the_use_of_Bitcoin_offer_more_anonymity_in_online_poker\"><\/span>Utilizarea Bitcoin ofer\u0103 mai mult anonimat \u00een pokerul online?<span class=\"ez-toc-section-end\"><\/span><\/h3>\n<p>Tranzac\u021biile Bitcoin ofer\u0103 un mai mare anonimat \u00een compara\u021bie cu metodele tradi\u021bionale de plat\u0103 online, deoarece nu necesit\u0103 informa\u021bii bancare personale. Juc\u0103torii sunt identifica\u021bi mai degrab\u0103 prin adresele portofelului dec\u00e2t prin datele personale, de\u0219i anonimatul complet nu este garantat din cauza trasabilit\u0103\u021bii tranzac\u021biilor blockchain.<\/p>\n<h3><span class=\"ez-toc-section\" id=\"What_impact_does_cryptocurrency_volatility_have_on_Bitcoin_poker_stakes\"><\/span>Ce impact are volatilitatea criptomonedelor asupra mizelor de poker Bitcoin?<span class=\"ez-toc-section-end\"><\/span><\/h3>\n<p>Valoarea Bitcoin poate fluctua semnificativ, ceea ce poate afecta valoarea \u00een bani reali a buy-in-urilor \u0219i a c\u00e2\u0219tigurilor la poker Bitcoin. \u00cen timp ce unii juc\u0103tori apreciaz\u0103 poten\u021bialul de cre\u0219tere a valorii, al\u021bii pot considera c\u0103 imprevizibilitatea le afecteaz\u0103 <a href=\"https:\/\/coinkickoff.com\/ro\/bitcoin-casino\/bankroll-management\/\" data-internallinksmanager029f6b8e52c=\"210\" title=\"Managementul bankroll-ului atunci c\u00e2nd paria\u021bi cu Bitcoin\">gestionarea bankroll-ului<\/a> \u0219i strategia general\u0103.<\/p>","protected":false},"excerpt":{"rendered":"<p>Disclaimer: Jocurile de noroc implic\u0103 un risc financiar semnificativ. V\u0103 rug\u0103m s\u0103 juca\u021bi doar cu banii pe care v\u0103 pute\u021bi permite s\u0103 \u00eei pierde\u021bi. Informa\u021biile de mai jos sunt furnizate doar \u00een scop informativ. Este posibil s\u0103 primim un comision dac\u0103 v\u0103 \u00eenscrie\u021bi \u0219i pierde\u021bi bani la oricare dintre urm\u0103toarele cazinouri. Nu toate cazinourile sunt disponibile \u00een toate \u021b\u0103rile. Toate informa\u021biile pe care le [...]<\/p>","protected":false},"author":1,"featured_media":4609,"parent":4440,"menu_order":0,"comment_status":"closed","ping_status":"closed","template":"","meta":{"_genesis_hide_title":false,"_genesis_hide_breadcrumbs":false,"_genesis_hide_singular_image":false,"_genesis_hide_footer_widgets":false,"_genesis_custom_body_class":"","_genesis_custom_post_class":"","_genesis_layout":"","_glsr_average":0,"_glsr_ranking":0,"_glsr_reviews":0,"footnotes":""},"class_list":{"0":"post-4605","1":"page","2":"type-page","3":"status-publish","4":"has-post-thumbnail","6":"entry"},"featured_image_src":"https:\/\/coinkickoff.com\/wp-content\/uploads\/v2-3dh1y-p4uhr-600x400.jpg","featured_image_src_square":"https:\/\/coinkickoff.com\/wp-content\/uploads\/v2-3dh1y-p4uhr-600x600.jpg","_links":{"self":[{"href":"https:\/\/coinkickoff.com\/ro\/wp-json\/wp\/v2\/pages\/4605","targetHints":{"allow":["GET"]}}],"collection":[{"href":"https:\/\/coinkickoff.com\/ro\/wp-json\/wp\/v2\/pages"}],"about":[{"href":"https:\/\/coinkickoff.com\/ro\/wp-json\/wp\/v2\/types\/page"}],"author":[{"embeddable":true,"href":"https:\/\/coinkickoff.com\/ro\/wp-json\/wp\/v2\/users\/1"}],"replies":[{"embeddable":true,"href":"https:\/\/coinkickoff.com\/ro\/wp-json\/wp\/v2\/comments?post=4605"}],"version-history":[{"count":3,"href":"https:\/\/coinkickoff.com\/ro\/wp-json\/wp\/v2\/pages\/4605\/revisions"}],"predecessor-version":[{"id":4614,"href":"https:\/\/coinkickoff.com\/ro\/wp-json\/wp\/v2\/pages\/4605\/revisions\/4614"}],"up":[{"embeddable":true,"href":"https:\/\/coinkickoff.com\/ro\/wp-json\/wp\/v2\/pages\/4440"}],"wp:featuredmedia":[{"embeddable":true,"href":"https:\/\/coinkickoff.com\/ro\/wp-json\/wp\/v2\/media\/4609"}],"wp:attachment":[{"href":"https:\/\/coinkickoff.com\/ro\/wp-json\/wp\/v2\/media?parent=4605"}],"curies":[{"name":"wp","href":"https:\/\/api.w.org\/{rel}","templated":true}]}}