{"id":4595,"date":"2026-01-08T14:07:58","date_gmt":"2026-01-08T14:07:58","guid":{"rendered":"https:\/\/coinkickoff.com\/?page_id=4595"},"modified":"2026-01-08T14:07:58","modified_gmt":"2026-01-08T14:07:58","slug":"how-is-bitcoin-roulette-different","status":"publish","type":"page","link":"https:\/\/coinkickoff.com\/ro\/bitcoin-casino\/how-is-bitcoin-roulette-different\/","title":{"rendered":"Cum difer\u0103 Bitcoin Roulette de ruleta tradi\u021bional\u0103 de cazino?"},"content":{"rendered":"<p>Disclaimer: Jocurile de noroc implic\u0103 un risc financiar semnificativ. V\u0103 rug\u0103m s\u0103 juca\u021bi doar cu banii pe care v\u0103 pute\u021bi permite s\u0103 \u00eei pierde\u021bi. Informa\u021biile de mai jos sunt furnizate doar \u00een scop informativ. Este posibil s\u0103 primim un comision dac\u0103 v\u0103 \u00eenscrie\u021bi \u0219i pierde\u021bi bani la oricare dintre urm\u0103toarele jocuri de noroc <a href=\"https:\/\/coinkickoff.com\/ro\/bitcoin-casino\/\" data-internallinksmanager029f6b8e52c=\"200\" title=\"3 Cele mai bune cazinouri cripto Bitcoin cu bonusuri\">cazinouri<\/a>. Nu toate cazinourile sunt disponibile \u00een toate \u021b\u0103rile. Toate informa\u021biile pe care le consider\u0103m corecte la momentul public\u0103rii, dar este posibil s\u0103 se fi schimbat \u00eentre timp.<\/p>\n<div id=\"ez-toc-container\" class=\"ez-toc-v2_0_80 counter-hierarchy ez-toc-counter ez-toc-transparent ez-toc-container-direction\">\n<div class=\"ez-toc-title-container\">\n<p class=\"ez-toc-title\" style=\"cursor:inherit\">Sec\u021biuni<\/p>\n<span class=\"ez-toc-title-toggle\"><a href=\"#\" class=\"ez-toc-pull-right ez-toc-btn ez-toc-btn-xs ez-toc-btn-default ez-toc-toggle\" aria-label=\"Comuta\u021bi tabelul de con\u021binut\"><span class=\"ez-toc-js-icon-con\"><span class=\"\"><span class=\"eztoc-hide\" style=\"display:none;\">Toggle<\/span><span class=\"ez-toc-icon-toggle-span\"><svg style=\"fill: #999;color:#999\" xmlns=\"http:\/\/www.w3.org\/2000\/svg\" class=\"list-377408\" width=\"20px\" height=\"20px\" viewbox=\"0 0 24 24\" fill=\"none\"><path d=\"M6 6H4v2h2V6zm14 0H8v2h12V6zM4 11h2v2H4v-2zm16 0H8v2h12v-2zM4 16h2v2H4v-2zm16 0H8v2h12v-2z\" fill=\"currentColor\"><\/path><\/svg><svg style=\"fill: #999;color:#999\" class=\"arrow-unsorted-368013\" xmlns=\"http:\/\/www.w3.org\/2000\/svg\" width=\"10px\" height=\"10px\" viewbox=\"0 0 24 24\" version=\"1.2\" baseprofile=\"tiny\"><path d=\"M18.2 9.3l-6.2-6.3-6.2 6.3c-.2.2-.3.4-.3.7s.1.5.3.7c.2.2.4.3.7.3h11c.3 0 .5-.1.7-.3.2-.2.3-.5.3-.7s-.1-.5-.3-.7zM5.8 14.7l6.2 6.3 6.2-6.3c.2-.2.3-.5.3-.7s-.1-.5-.3-.7c-.2-.2-.4-.3-.7-.3h-11c-.3 0-.5.1-.7.3-.2.2-.3.5-.3.7s.1.5.3.7z\"\/><\/svg><\/span><\/span><\/span><\/a><\/span><\/div>\n<nav><ul class='ez-toc-list ez-toc-list-level-1 eztoc-toggle-hide-by-default' ><li class='ez-toc-page-1 ez-toc-heading-level-2'><a class=\"ez-toc-link ez-toc-heading-1\" href=\"https:\/\/coinkickoff.com\/ro\/bitcoin-casino\/how-is-bitcoin-roulette-different\/#Fundamentals_of_Bitcoin_Roulette\" >Fundamentele Bitcoin Roulette<\/a><ul class='ez-toc-list-level-3' ><li class='ez-toc-heading-level-3'><a class=\"ez-toc-link ez-toc-heading-2\" href=\"https:\/\/coinkickoff.com\/ro\/bitcoin-casino\/how-is-bitcoin-roulette-different\/#Definition_and_Mechanism\" >Defini\u021bie \u0219i mecanism<\/a><\/li><li class='ez-toc-page-1 ez-toc-heading-level-3'><a class=\"ez-toc-link ez-toc-heading-3\" href=\"https:\/\/coinkickoff.com\/ro\/bitcoin-casino\/how-is-bitcoin-roulette-different\/#Basic_Rules_Comparison\" >Compara\u021bie cu regulile de baz\u0103<\/a><\/li><\/ul><\/li><li class='ez-toc-page-1 ez-toc-heading-level-2'><a class=\"ez-toc-link ez-toc-heading-4\" href=\"https:\/\/coinkickoff.com\/ro\/bitcoin-casino\/how-is-bitcoin-roulette-different\/#Technological_Aspects\" >Aspecte tehnologice<\/a><ul class='ez-toc-list-level-3' ><li class='ez-toc-heading-level-3'><a class=\"ez-toc-link ez-toc-heading-5\" href=\"https:\/\/coinkickoff.com\/ro\/bitcoin-casino\/how-is-bitcoin-roulette-different\/#Software_and_Fairness\" >Software \u0219i corectitudine<\/a><\/li><li class='ez-toc-page-1 ez-toc-heading-level-3'><a class=\"ez-toc-link ez-toc-heading-6\" href=\"https:\/\/coinkickoff.com\/ro\/bitcoin-casino\/how-is-bitcoin-roulette-different\/#Transaction_Security_and_Anonymity\" >Securitatea \u0219i anonimatul tranzac\u021biilor<\/a><\/li><\/ul><\/li><li class='ez-toc-page-1 ez-toc-heading-level-2'><a class=\"ez-toc-link ez-toc-heading-7\" href=\"https:\/\/coinkickoff.com\/ro\/bitcoin-casino\/how-is-bitcoin-roulette-different\/#Practical_Considerations\" >Considera\u021bii practice<\/a><ul class='ez-toc-list-level-3' ><li class='ez-toc-heading-level-3'><a class=\"ez-toc-link ez-toc-heading-8\" href=\"https:\/\/coinkickoff.com\/ro\/bitcoin-casino\/how-is-bitcoin-roulette-different\/#Accessibility_and_Jurisdiction\" >Accesibilitate \u0219i jurisdic\u021bie<\/a><\/li><li class='ez-toc-page-1 ez-toc-heading-level-3'><a class=\"ez-toc-link ez-toc-heading-9\" href=\"https:\/\/coinkickoff.com\/ro\/bitcoin-casino\/how-is-bitcoin-roulette-different\/#Payment_Processing_Times\" >Timpii de procesare a pl\u0103\u021bilor<\/a><\/li><li class='ez-toc-page-1 ez-toc-heading-level-3'><a class=\"ez-toc-link ez-toc-heading-10\" href=\"https:\/\/coinkickoff.com\/ro\/bitcoin-casino\/how-is-bitcoin-roulette-different\/#Casino_Bonuses_and_Incentives\" >Bonusuri \u0219i stimulente de cazino<\/a><\/li><\/ul><\/li><li class='ez-toc-page-1 ez-toc-heading-level-2'><a class=\"ez-toc-link ez-toc-heading-11\" href=\"https:\/\/coinkickoff.com\/ro\/bitcoin-casino\/how-is-bitcoin-roulette-different\/#Frequently_Asked_Questions\" >\u00centreb\u0103ri frecvente<\/a><ul class='ez-toc-list-level-3' ><li class='ez-toc-heading-level-3'><a class=\"ez-toc-link ez-toc-heading-12\" href=\"https:\/\/coinkickoff.com\/ro\/bitcoin-casino\/how-is-bitcoin-roulette-different\/#What_are_the_distinctive_features_of_Bitcoin_roulette_compared_to_traditional_roulette\" >Care sunt caracteristicile distinctive ale rutei Bitcoin \u00een compara\u021bie cu ruleta tradi\u021bional\u0103?<\/a><\/li><li class='ez-toc-page-1 ez-toc-heading-level-3'><a class=\"ez-toc-link ez-toc-heading-13\" href=\"https:\/\/coinkickoff.com\/ro\/bitcoin-casino\/how-is-bitcoin-roulette-different\/#Can_you_use_Bitcoin_to_play_any_version_of_roulette\" >Pute\u021bi folosi Bitcoin pentru a juca orice versiune de rulet\u0103?<\/a><\/li><li class='ez-toc-page-1 ez-toc-heading-level-3'><a class=\"ez-toc-link ez-toc-heading-14\" href=\"https:\/\/coinkickoff.com\/ro\/bitcoin-casino\/how-is-bitcoin-roulette-different\/#What_advantages_do_Bitcoin_casinos_offer_for_roulette_players\" >Ce avantaje ofer\u0103 cazinourile Bitcoin pentru juc\u0103torii de rulet\u0103?<\/a><\/li><li class='ez-toc-page-1 ez-toc-heading-level-3'><a class=\"ez-toc-link ez-toc-heading-15\" href=\"https:\/\/coinkickoff.com\/ro\/bitcoin-casino\/how-is-bitcoin-roulette-different\/#How_does_the_integration_of_Bitcoin_affect_the_gameplay_of_roulette\" >Cum afecteaz\u0103 integrarea Bitcoin jocul de rulet\u0103?<\/a><\/li><li class='ez-toc-page-1 ez-toc-heading-level-3'><a class=\"ez-toc-link ez-toc-heading-16\" href=\"https:\/\/coinkickoff.com\/ro\/bitcoin-casino\/how-is-bitcoin-roulette-different\/#Are_there_any_unique_betting_options_available_in_Bitcoin_roulette\" >Exist\u0103 op\u021biuni unice de pariere disponibile la ruleta Bitcoin?<\/a><\/li><li class='ez-toc-page-1 ez-toc-heading-level-3'><a class=\"ez-toc-link ez-toc-heading-17\" href=\"https:\/\/coinkickoff.com\/ro\/bitcoin-casino\/how-is-bitcoin-roulette-different\/#What_should_players_know_about_the_security_of_Bitcoin_roulette_games\" >Ce ar trebui s\u0103 \u0219tie juc\u0103torii despre securitatea jocurilor de rulet\u0103 Bitcoin?<\/a><\/li><\/ul><\/li><\/ul><\/nav><\/div>\n<h2><span class=\"ez-toc-section\" id=\"Fundamentals_of_Bitcoin_Roulette\"><\/span>Fundamentele Bitcoin Roulette<span class=\"ez-toc-section-end\"><\/span><\/h2>\n<p><img decoding=\"async\" src=\"https:\/\/coinkickoff.com\/wp-content\/uploads\/v2-3dgyd-6ia5o.jpg\" alt=\"\"><\/p>\n<p><a href=\"https:\/\/coinkickoff.com\/ro\/bitcoin-casino\/how-to-play-crypto-roulette\/\" data-internallinksmanager029f6b8e52c=\"206\" title=\"Cum s\u0103 joci Crypto Roulette: Ghidul t\u0103u pentru pariuri Blockchain\">Bitcoin Rulet\u0103<\/a> func\u021bioneaz\u0103 dup\u0103 acelea\u0219i principii de baz\u0103 ca \u0219i ruleta tradi\u021bional\u0103, dar se joac\u0103 cu Bitcoin \u0219i nu cu moned\u0103 fiduciar\u0103, ceea ce afecteaz\u0103 viteza tranzac\u021biilor \u0219i anonimatul.<\/p>\n<h3><span class=\"ez-toc-section\" id=\"Definition_and_Mechanism\"><\/span>Defini\u021bie \u0219i mecanism<span class=\"ez-toc-section-end\"><\/span><\/h3>\n<p>Ruleta Bitcoin este o variant\u0103 digital\u0103 a jocului clasic de cazinou care utilizeaz\u0103 Bitcoin pentru pariuri \u0219i tranzac\u021bii. Juc\u0103torii pariaz\u0103 pe locul unde va ateriza o bil\u0103 pe o roat\u0103 care se \u00eenv\u00e2rte, \u00eemp\u0103r\u021bit\u0103 \u00een sec\u021biuni numerotate \u0219i colorate. Mecanismul este similar cu cel al ruletei standard, principala diferen\u021b\u0103 fiind moneda utilizat\u0103. \u00cen Bitcoin Roulette, fiecare tranzac\u021bie este procesat\u0103 prin intermediul blockchain, ceea ce asigur\u0103 transparen\u021b\u0103 \u0219i o probabilitate redus\u0103 de fraud\u0103.<\/p>\n<ul>\n<li><strong>Viteza de tranzac\u021bionare<\/strong>: Tranzac\u021biile cu Bitcoin sunt mai rapide, de obicei dureaz\u0103 c\u00e2teva minute.<\/li>\n<li><strong>Anonimatul<\/strong>: Juc\u0103torii \u00ee\u0219i pot p\u0103stra anonimatul, deoarece informa\u021biile personale nu sunt \u00een mod inerent necesare pentru a face tranzac\u021bii Bitcoin.<\/li>\n<\/ul>\n<h3><span class=\"ez-toc-section\" id=\"Basic_Rules_Comparison\"><\/span>Compara\u021bie cu regulile de baz\u0103<span class=\"ez-toc-section-end\"><\/span><\/h3>\n<p>Regulile de baz\u0103 ale ruletei Bitcoin \u0219i ale ruletei obi\u0219nuite sunt \u00een esen\u021b\u0103 acelea\u0219i. Juc\u0103torii pot alege s\u0103 parieze pe un singur num\u0103r, pe diferite grupuri de numere, pe culorile ro\u0219u sau negru, pe numere pare sau impare, pe numere mari (19-36) sau mici (1-18).<\/p>\n<ul>\n<li><strong>Op\u021biuni de pariere<\/strong>:\n<ul>\n<li><strong>Num\u0103r unic<\/strong>: C\u00e2\u0219tig mai mare; \u0219anse mai mici.<\/li>\n<li><strong>Numere de grup<\/strong>: Pariaz\u0103 pe grupuri de numere; c\u00e2\u0219tiguri variabile.<\/li>\n<li><strong>Culori<\/strong>: Paria\u021bi pe ro\u0219u sau negru; \u0219anse aproape egale.<\/li>\n<li><strong>Impar sau par<\/strong>: Paria\u021bi dac\u0103 num\u0103rul este par sau impar.<\/li>\n<li><strong>Mare sau mic<\/strong>: Paria\u021bi pe numere mari (19-36) sau mici (1-18).<\/li>\n<\/ul>\n<\/li>\n<\/ul>\n<p>Distinc\u021bia clar\u0103 dintre reguli se refer\u0103 la gestionarea monedei \u0219i la pl\u0103\u021bile poten\u021biale. Volatilitatea pre\u021bului Bitcoin poate afecta valoarea real\u0103 a <a href=\"https:\/\/coinkickoff.com\/ro\/bitcoin-casino\/cash-in-bitcoin-casino-winnings\/\" data-internallinksmanager029f6b8e52c=\"211\" title=\"Cum s\u0103 \u00eencasa\u021bi c\u00e2\u0219tigurile Bitcoin Casino: Un ghid pas cu pas\">c\u00e2\u0219tiguri<\/a> sau pierderi, iar pariurile minime \u0219i maxime pot varia \u00een func\u021bie de <a href=\"https:\/\/coinkickoff.com\/ro\/bitcoin-casino\/what-is-a-bitcoin-casino\/\" data-internallinksmanager029f6b8e52c=\"201\" title=\"Ce este un Bitcoin Casino? \u00cen\u021belegerea platformelor de pariere Crytpo\">Bitcoin cazinou<\/a>'s policies.<\/p>\n<h2><span class=\"ez-toc-section\" id=\"Technological_Aspects\"><\/span>Aspecte tehnologice<span class=\"ez-toc-section-end\"><\/span><\/h2>\n<p><img decoding=\"async\" src=\"https:\/\/coinkickoff.com\/wp-content\/uploads\/v2-3dgyu-2s6kd.jpg\" alt=\"\"><\/p>\n<p>Compar\u00e2nd ruleta Bitcoin cu ruleta tradi\u021bional\u0103, intr\u0103 \u00een joc dou\u0103 considerente tehnologice cheie: mecanismele care asigur\u0103 corectitudinea software-ului \u0219i protocoalele care men\u021bin securitatea \u0219i anonimatul tranzac\u021biilor.<\/p>\n<h3><span class=\"ez-toc-section\" id=\"Software_and_Fairness\"><\/span>Software \u0219i corectitudine<span class=\"ez-toc-section-end\"><\/span><\/h3>\n<p>Jocurile de rulet\u0103 Bitcoin se bazeaz\u0103 pe <strong>Provocator de corect<\/strong> care le permite juc\u0103torilor s\u0103 verifice rezultatele fiec\u0103rui joc. Acest sistem utilizeaz\u0103 algoritmi criptografici pentru a <strong>genereaz\u0103 semin\u021be aleatoare<\/strong>, asigur\u00e2ndu-se c\u0103 fiecare rotire este aleatorie \u0219i corect\u0103. Juc\u0103torii pot verifica de obicei corectitudinea prin intermediul unui <strong>instrument de verificare<\/strong> furnizate de cazinou.<\/p>\n<ul>\n<li>Generarea numerelor aleatorii (RNG): Creeaz\u0103 \u00een mod algoritmic rezultate imprevizibile.<\/li>\n<li>Instrumente de verificare: Oferi\u021bi rezultate transparente \u0219i verificabile ale jocului.<\/li>\n<\/ul>\n<h3><span class=\"ez-toc-section\" id=\"Transaction_Security_and_Anonymity\"><\/span>Securitatea \u0219i anonimatul tranzac\u021biilor<span class=\"ez-toc-section-end\"><\/span><\/h3>\n<p>Tranzac\u021biile Bitcoin utilizeaz\u0103 <strong>tehnologia blockchain<\/strong>, care asigur\u0103 depozitele \u0219i retragerile prin intermediul unui cont imuabil <a href=\"https:\/\/coinkickoff.com\/ro\/what-is-ledger-wallet\/\" data-internallinksmanager029f6b8e52c=\"167\" title=\"Ledger Wallet Recenzii 2023: Taxe, caracteristici, siguran\u021b\u0103, argumente pro \u0219i contra\">registrul de conturi<\/a>, sporind securitatea \u0219i oferind un anumit grad de anonimat.<\/p>\n<ul>\n<li><strong>Securitate<\/strong>: Tranzac\u021bii criptate \u0219i protejate de tehnologia blockchain.<\/li>\n<li><strong>Anonimatul<\/strong>: Reducerea divulg\u0103rii datelor personale \u00een compara\u021bie cu metodele de plat\u0103 tradi\u021bionale.<\/li>\n<\/ul>\n<table>\n<thead>\n<tr>\n<th>Aspect<\/th>\n<th>Beneficii<\/th>\n<\/tr>\n<\/thead>\n<tbody>\n<tr>\n<td>Tranzac\u021bii criptate<\/td>\n<td>Adaug\u0103 un nivel de securitate \u00eempotriva fraudei<\/td>\n<\/tr>\n<tr>\n<td>Registrul de eviden\u021b\u0103 imuabil<\/td>\n<td>Asigur\u0103 permanen\u021ba \u0219i trasabilitatea tranzac\u021biilor<\/td>\n<\/tr>\n<tr>\n<td>Reducerea divulg\u0103rii datelor<\/td>\n<td>Informa\u021biile personale ale juc\u0103torilor sunt mai pu\u021bin expuse<\/td>\n<\/tr>\n<\/tbody>\n<\/table>\n<h2><span class=\"ez-toc-section\" id=\"Practical_Considerations\"><\/span>Considera\u021bii practice<span class=\"ez-toc-section-end\"><\/span><\/h2>\n<p><img decoding=\"async\" src=\"https:\/\/coinkickoff.com\/wp-content\/uploads\/v2-3dgz8-pee1q.jpg\" alt=\"\"><\/p>\n<p>Atunci c\u00e2nd se angajeaz\u0103 la ruleta Bitcoin, utilizatorii trebuie s\u0103 ia \u00een considerare diferen\u021bele de accesibilitate, timpii de procesare \u0219i bonusurile unice oferite, care sunt diferite de experien\u021bele tradi\u021bionale de rulet\u0103.<\/p>\n<h3><span class=\"ez-toc-section\" id=\"Accessibility_and_Jurisdiction\"><\/span>Accesibilitate \u0219i jurisdic\u021bie<span class=\"ez-toc-section-end\"><\/span><\/h3>\n<p>Ruleta Bitcoin este adesea disponibil\u0103 pentru juc\u0103torii din jurisdic\u021biile \u00een care jocurile de noroc online sunt restric\u021bionate sau \u00een care metodele de plat\u0103 tradi\u021bionale nu sunt fezabile. <strong>Criptomoned\u0103<\/strong> ca mijloc de comunicare ocole\u0219te multe dintre constr\u00e2ngerile de reglementare, ceea ce \u00eel face mai accesibil pe scar\u0103 larg\u0103. Cu toate acestea, utilizatorii ar trebui s\u0103 fie con\u0219tien\u021bi de legile locale, deoarece legalitatea jocurilor de noroc cu criptomonede poate varia semnificativ de la o regiune la alta.<\/p>\n<h3><span class=\"ez-toc-section\" id=\"Payment_Processing_Times\"><\/span>Timpii de procesare a pl\u0103\u021bilor<span class=\"ez-toc-section-end\"><\/span><\/h3>\n<ul>\n<li><strong>Bitcoin Depozite:<\/strong> De obicei instantanee sau \u00een c\u00e2teva minute.<\/li>\n<li><strong>Bitcoin Retrageri:<\/strong> Poate varia de la c\u00e2teva minute la c\u00e2teva ore.<\/li>\n<li><strong>Metode bancare tradi\u021bionale:<\/strong> De multe ori dureaz\u0103 c\u00e2teva zile at\u00e2t pentru depuneri, c\u00e2t \u0219i pentru retrageri.<\/li>\n<\/ul>\n<p>Utilizarea Bitcoin poate reduce drastic timpii de a\u0219teptare asocia\u021bi cu procesarea pl\u0103\u021bilor \u00een jocurile de noroc online. Adesea, juc\u0103torii pot \u00eencepe s\u0103 joace mai repede \u0219i \u00ee\u0219i pot \u00eencasa c\u00e2\u0219tigurile mai repede \u00een compara\u021bie cu metodele de plat\u0103 tradi\u021bionale.<\/p>\n<h3><span class=\"ez-toc-section\" id=\"Casino_Bonuses_and_Incentives\"><\/span>Bonusuri \u0219i stimulente de cazino<span class=\"ez-toc-section-end\"><\/span><\/h3>\n<ul>\n<li><strong>Bonusuri de bun venit:<\/strong> Multe cazinouri Bitcoin ofer\u0103 bonusuri de bun venit substan\u021biale pentru juc\u0103torii noi.<\/li>\n<li><strong>Recompense de loialitate:<\/strong> Beneficiile pentru utilizatorii obi\u0219nui\u021bi includ adesea bonusuri mai mari sau tratament VIP.<\/li>\n<li><strong>Promo\u021bii exclusive:<\/strong> Unele cazinouri ofer\u0103 promo\u021bii adaptate special pentru utilizatorii Bitcoin.<\/li>\n<\/ul>\n<p>Platformele de rulet\u0103 Bitcoin pot oferi bonusuri \u0219i stimulente mai generoase \u00een compara\u021bie cu cazinourile online obi\u0219nuite. Aceste bonusuri sunt concepute pentru a atrage \u0219i p\u0103stra juc\u0103torii care prefer\u0103 s\u0103 foloseasc\u0103 criptomonede. Este important ca juc\u0103torii s\u0103 citeasc\u0103 termenii \u0219i condi\u021biile asociate cu aceste bonusuri pentru a \u00een\u021belege pe deplin cum pot fi utilizate.<\/p>\n<h2><span class=\"ez-toc-section\" id=\"Frequently_Asked_Questions\"><\/span>\u00centreb\u0103ri frecvente<span class=\"ez-toc-section-end\"><\/span><\/h2>\n<p><img decoding=\"async\" src=\"https:\/\/coinkickoff.com\/wp-content\/uploads\/v2-3dgzp-ju7x7.jpg\" alt=\"\"><\/p>\n<p>Aceast\u0103 sec\u021biune abordeaz\u0103 \u00eentreb\u0103ri frecvente cu privire la diferen\u021bele dintre ruleta Bitcoin \u0219i ruleta tradi\u021bional\u0103, adaptate pentru juc\u0103torii care caut\u0103 claritate \u00een aceast\u0103 privin\u021b\u0103.<\/p>\n<h3><span class=\"ez-toc-section\" id=\"What_are_the_distinctive_features_of_Bitcoin_roulette_compared_to_traditional_roulette\"><\/span>Care sunt caracteristicile distinctive ale rutei Bitcoin \u00een compara\u021bie cu ruleta tradi\u021bional\u0103?<span class=\"ez-toc-section-end\"><\/span><\/h3>\n<p>Ruleta Bitcoin func\u021bioneaz\u0103 \u00een mod similar cu ruleta tradi\u021bional\u0103 \u00een ceea ce prive\u0219te jocul. Distinc\u021bia principal\u0103 const\u0103 \u00een utilizarea Bitcoin ca moned\u0103, care permite adesea timpi de tranzac\u021bionare mai rapizi \u0219i un anonimat \u00eembun\u0103t\u0103\u021bit pentru juc\u0103tori.<\/p>\n<h3><span class=\"ez-toc-section\" id=\"Can_you_use_Bitcoin_to_play_any_version_of_roulette\"><\/span>Pute\u021bi folosi Bitcoin pentru a juca orice versiune de rulet\u0103?<span class=\"ez-toc-section-end\"><\/span><\/h3>\n<p>Majoritatea cazinourilor Bitcoin ofer\u0103 o varietate de versiuni de rulet\u0103, inclusiv ruleta american\u0103, european\u0103 \u0219i francez\u0103. Juc\u0103torii pot plasa pariuri folosind Bitcoin pe aceste versiuni diferite, \u00een func\u021bie de oferta cazinoului.<\/p>\n<h3><span class=\"ez-toc-section\" id=\"What_advantages_do_Bitcoin_casinos_offer_for_roulette_players\"><\/span>Ce avantaje ofer\u0103 cazinourile Bitcoin pentru juc\u0103torii de rulet\u0103?<span class=\"ez-toc-section-end\"><\/span><\/h3>\n<p>Cazinourile Bitcoin ofer\u0103 adesea juc\u0103torilor avantaje precum comisioane de tranzac\u021bie mai mici, jocuri de noroc dovedite echitabile \u0219i posibilitatea de a juca \u0219i de a retrage fonduri f\u0103r\u0103 a fi nevoie de informa\u021bii financiare personale.<\/p>\n<h3><span class=\"ez-toc-section\" id=\"How_does_the_integration_of_Bitcoin_affect_the_gameplay_of_roulette\"><\/span>Cum afecteaz\u0103 integrarea Bitcoin jocul de rulet\u0103?<span class=\"ez-toc-section-end\"><\/span><\/h3>\n<p>Integrarea Bitcoin nu modific\u0103 \u00een mod obi\u0219nuit jocul fundamental al ruletei. Cu toate acestea, poate permite un proces mai rapid de pariere \u0219i de \u00eencasare a banilor, \u00eembun\u0103t\u0103\u021bind ritmul general al jocului.<\/p>\n<h3><span class=\"ez-toc-section\" id=\"Are_there_any_unique_betting_options_available_in_Bitcoin_roulette\"><\/span>Exist\u0103 op\u021biuni unice de pariere disponibile la ruleta Bitcoin?<span class=\"ez-toc-section-end\"><\/span><\/h3>\n<p>Ruleta Bitcoin ofer\u0103, \u00een general, acelea\u0219i op\u021biuni de pariere ca \u0219i ruleta obi\u0219nuit\u0103. Cu toate acestea, unele cazinouri Bitcoin ar putea introduce promo\u021bii sau pariuri unice pentru a atrage un public mai larg de entuzia\u0219ti ai criptomonedelor.<\/p>\n<h3><span class=\"ez-toc-section\" id=\"What_should_players_know_about_the_security_of_Bitcoin_roulette_games\"><\/span>Ce ar trebui s\u0103 \u0219tie juc\u0103torii despre securitatea jocurilor de rulet\u0103 Bitcoin?<span class=\"ez-toc-section-end\"><\/span><\/h3>\n<p>Securitatea ruleta Bitcoin depinde at\u00e2t de robuste\u021bea tehnologiei criptografice din spatele Bitcoin, c\u00e2t \u0219i de m\u0103surile de securitate implementate de fiecare cazinou \u00een parte. Este vital pentru juc\u0103tori s\u0103 verifice credibilitatea cazinoului \u0219i corectitudinea jocurilor sale.<\/p>","protected":false},"excerpt":{"rendered":"<p>Disclaimer: Jocurile de noroc implic\u0103 un risc financiar semnificativ. V\u0103 rug\u0103m s\u0103 juca\u021bi doar cu banii pe care v\u0103 pute\u021bi permite s\u0103 \u00eei pierde\u021bi. Informa\u021biile de mai jos sunt furnizate doar \u00een scop informativ. Este posibil s\u0103 primim un comision dac\u0103 v\u0103 \u00eenscrie\u021bi \u0219i pierde\u021bi bani la oricare dintre urm\u0103toarele cazinouri. Nu toate cazinourile sunt disponibile \u00een toate \u021b\u0103rile. Toate informa\u021biile pe care le [...]<\/p>","protected":false},"author":1,"featured_media":4599,"parent":4440,"menu_order":0,"comment_status":"closed","ping_status":"closed","template":"","meta":{"_genesis_hide_title":false,"_genesis_hide_breadcrumbs":false,"_genesis_hide_singular_image":false,"_genesis_hide_footer_widgets":false,"_genesis_custom_body_class":"","_genesis_custom_post_class":"","_genesis_layout":"","_glsr_average":0,"_glsr_ranking":0,"_glsr_reviews":0,"footnotes":""},"class_list":{"0":"post-4595","1":"page","2":"type-page","3":"status-publish","4":"has-post-thumbnail","6":"entry"},"featured_image_src":"https:\/\/coinkickoff.com\/wp-content\/uploads\/v2-3dgz8-pee1q-600x400.jpg","featured_image_src_square":"https:\/\/coinkickoff.com\/wp-content\/uploads\/v2-3dgz8-pee1q-600x600.jpg","_links":{"self":[{"href":"https:\/\/coinkickoff.com\/ro\/wp-json\/wp\/v2\/pages\/4595","targetHints":{"allow":["GET"]}}],"collection":[{"href":"https:\/\/coinkickoff.com\/ro\/wp-json\/wp\/v2\/pages"}],"about":[{"href":"https:\/\/coinkickoff.com\/ro\/wp-json\/wp\/v2\/types\/page"}],"author":[{"embeddable":true,"href":"https:\/\/coinkickoff.com\/ro\/wp-json\/wp\/v2\/users\/1"}],"replies":[{"embeddable":true,"href":"https:\/\/coinkickoff.com\/ro\/wp-json\/wp\/v2\/comments?post=4595"}],"version-history":[{"count":3,"href":"https:\/\/coinkickoff.com\/ro\/wp-json\/wp\/v2\/pages\/4595\/revisions"}],"predecessor-version":[{"id":4602,"href":"https:\/\/coinkickoff.com\/ro\/wp-json\/wp\/v2\/pages\/4595\/revisions\/4602"}],"up":[{"embeddable":true,"href":"https:\/\/coinkickoff.com\/ro\/wp-json\/wp\/v2\/pages\/4440"}],"wp:featuredmedia":[{"embeddable":true,"href":"https:\/\/coinkickoff.com\/ro\/wp-json\/wp\/v2\/media\/4599"}],"wp:attachment":[{"href":"https:\/\/coinkickoff.com\/ro\/wp-json\/wp\/v2\/media?parent=4595"}],"curies":[{"name":"wp","href":"https:\/\/api.w.org\/{rel}","templated":true}]}}