{"id":4575,"date":"2026-01-08T14:08:04","date_gmt":"2026-01-08T14:08:04","guid":{"rendered":"https:\/\/coinkickoff.com\/?page_id=4575"},"modified":"2026-01-08T14:08:04","modified_gmt":"2026-01-08T14:08:04","slug":"how-are-bitcoin-casinos-different","status":"publish","type":"page","link":"https:\/\/coinkickoff.com\/ro\/bitcoin-casino\/how-are-bitcoin-casinos-different\/","title":{"rendered":"Cum difer\u0103 cazinourile Bitcoin de cele tradi\u021bionale?"},"content":{"rendered":"<p><em>Disclaimer: Jocurile de noroc implic\u0103 un risc financiar semnificativ. V\u0103 rug\u0103m s\u0103 juca\u021bi doar cu banii pe care v\u0103 pute\u021bi permite s\u0103 \u00eei pierde\u021bi. Informa\u021biile de mai jos sunt furnizate doar \u00een scop informativ. Este posibil s\u0103 primim un comision dac\u0103 v\u0103 \u00eenscrie\u021bi \u0219i pierde\u021bi bani la oricare dintre urm\u0103toarele jocuri de noroc <a href=\"https:\/\/coinkickoff.com\/ro\/bitcoin-casino\/\" data-internallinksmanager029f6b8e52c=\"200\" title=\"3 Cele mai bune cazinouri cripto Bitcoin cu bonusuri\">cazinouri<\/a>. Nu toate cazinourile sunt disponibile \u00een toate \u021b\u0103rile. Toate informa\u021biile pe care le consider\u0103m corecte la momentul public\u0103rii, dar este posibil s\u0103 se fi schimbat \u00eentre timp.<\/em><\/p>\n<div id=\"ez-toc-container\" class=\"ez-toc-v2_0_80 counter-hierarchy ez-toc-counter ez-toc-transparent ez-toc-container-direction\">\n<div class=\"ez-toc-title-container\">\n<p class=\"ez-toc-title\" style=\"cursor:inherit\">Sec\u021biuni<\/p>\n<span class=\"ez-toc-title-toggle\"><a href=\"#\" class=\"ez-toc-pull-right ez-toc-btn ez-toc-btn-xs ez-toc-btn-default ez-toc-toggle\" aria-label=\"Comuta\u021bi tabelul de con\u021binut\"><span class=\"ez-toc-js-icon-con\"><span class=\"\"><span class=\"eztoc-hide\" style=\"display:none;\">Toggle<\/span><span class=\"ez-toc-icon-toggle-span\"><svg style=\"fill: #999;color:#999\" xmlns=\"http:\/\/www.w3.org\/2000\/svg\" class=\"list-377408\" width=\"20px\" height=\"20px\" viewbox=\"0 0 24 24\" fill=\"none\"><path d=\"M6 6H4v2h2V6zm14 0H8v2h12V6zM4 11h2v2H4v-2zm16 0H8v2h12v-2zM4 16h2v2H4v-2zm16 0H8v2h12v-2z\" fill=\"currentColor\"><\/path><\/svg><svg style=\"fill: #999;color:#999\" class=\"arrow-unsorted-368013\" xmlns=\"http:\/\/www.w3.org\/2000\/svg\" width=\"10px\" height=\"10px\" viewbox=\"0 0 24 24\" version=\"1.2\" baseprofile=\"tiny\"><path d=\"M18.2 9.3l-6.2-6.3-6.2 6.3c-.2.2-.3.4-.3.7s.1.5.3.7c.2.2.4.3.7.3h11c.3 0 .5-.1.7-.3.2-.2.3-.5.3-.7s-.1-.5-.3-.7zM5.8 14.7l6.2 6.3 6.2-6.3c.2-.2.3-.5.3-.7s-.1-.5-.3-.7c-.2-.2-.4-.3-.7-.3h-11c-.3 0-.5.1-.7.3-.2.2-.3.5-.3.7s.1.5.3.7z\"\/><\/svg><\/span><\/span><\/span><\/a><\/span><\/div>\n<nav><ul class='ez-toc-list ez-toc-list-level-1 eztoc-toggle-hide-by-default' ><li class='ez-toc-page-1 ez-toc-heading-level-2'><a class=\"ez-toc-link ez-toc-heading-1\" href=\"https:\/\/coinkickoff.com\/ro\/bitcoin-casino\/how-are-bitcoin-casinos-different\/#Fundamental_Differences_Between_Bitcoin_and_Traditional_Casinos\" >Diferen\u021be fundamentale \u00eentre Bitcoin \u0219i cazinourile tradi\u021bionale<\/a><ul class='ez-toc-list-level-3' ><li class='ez-toc-heading-level-3'><a class=\"ez-toc-link ez-toc-heading-2\" href=\"https:\/\/coinkickoff.com\/ro\/bitcoin-casino\/how-are-bitcoin-casinos-different\/#Currency_Used_for_Transactions\" >Moneda utilizat\u0103 pentru tranzac\u021bii<\/a><\/li><li class='ez-toc-page-1 ez-toc-heading-level-3'><a class=\"ez-toc-link ez-toc-heading-3\" href=\"https:\/\/coinkickoff.com\/ro\/bitcoin-casino\/how-are-bitcoin-casinos-different\/#Operational_Transparency\" >Transparen\u021b\u0103 opera\u021bional\u0103<\/a><\/li><li class='ez-toc-page-1 ez-toc-heading-level-3'><a class=\"ez-toc-link ez-toc-heading-4\" href=\"https:\/\/coinkickoff.com\/ro\/bitcoin-casino\/how-are-bitcoin-casinos-different\/#Legal_and_Regulatory_Landscape\" >Cadrul juridic \u0219i de reglementare<\/a><\/li><\/ul><\/li><li class='ez-toc-page-1 ez-toc-heading-level-2'><a class=\"ez-toc-link ez-toc-heading-5\" href=\"https:\/\/coinkickoff.com\/ro\/bitcoin-casino\/how-are-bitcoin-casinos-different\/#Technological_Aspects_of_Bitcoin_Casinos\" >Aspecte tehnologice ale cazinourilor Bitcoin<\/a><ul class='ez-toc-list-level-3' ><li class='ez-toc-heading-level-3'><a class=\"ez-toc-link ez-toc-heading-6\" href=\"https:\/\/coinkickoff.com\/ro\/bitcoin-casino\/how-are-bitcoin-casinos-different\/#Blockchain_Technology_Implementation\" >Implementarea tehnologiei Blockchain<\/a><\/li><li class='ez-toc-page-1 ez-toc-heading-level-3'><a class=\"ez-toc-link ez-toc-heading-7\" href=\"https:\/\/coinkickoff.com\/ro\/bitcoin-casino\/how-are-bitcoin-casinos-different\/#Provably_Fair_Gaming_Mechanisms\" >Mecanisme de joc echitabile<\/a><\/li><li class='ez-toc-page-1 ez-toc-heading-level-3'><a class=\"ez-toc-link ez-toc-heading-8\" href=\"https:\/\/coinkickoff.com\/ro\/bitcoin-casino\/how-are-bitcoin-casinos-different\/#Anonymity_and_Security_Features\" >Caracteristici de anonimat \u0219i securitate<\/a><\/li><\/ul><\/li><li class='ez-toc-page-1 ez-toc-heading-level-2'><a class=\"ez-toc-link ez-toc-heading-9\" href=\"https:\/\/coinkickoff.com\/ro\/bitcoin-casino\/how-are-bitcoin-casinos-different\/#User_Experience_in_Bitcoin_versus_Regular_Casinos\" >Experien\u021ba utilizatorului \u00een Bitcoin fa\u021b\u0103 de cazinourile obi\u0219nuite<\/a><ul class='ez-toc-list-level-3' ><li class='ez-toc-heading-level-3'><a class=\"ez-toc-link ez-toc-heading-10\" href=\"https:\/\/coinkickoff.com\/ro\/bitcoin-casino\/how-are-bitcoin-casinos-different\/#Account_Funding_and_Withdrawal_Process\" >Procesul de finan\u021bare \u0219i retragere a contului<\/a><\/li><li class='ez-toc-page-1 ez-toc-heading-level-3'><a class=\"ez-toc-link ez-toc-heading-11\" href=\"https:\/\/coinkickoff.com\/ro\/bitcoin-casino\/how-are-bitcoin-casinos-different\/#Bonuses_and_Incentives\" >Bonusuri \u0219i stimulente<\/a><\/li><li class='ez-toc-page-1 ez-toc-heading-level-3'><a class=\"ez-toc-link ez-toc-heading-12\" href=\"https:\/\/coinkickoff.com\/ro\/bitcoin-casino\/how-are-bitcoin-casinos-different\/#Geographical_Accessibility_and_Restrictions\" >Accesibilitate geografic\u0103 \u0219i restric\u021bii<\/a><\/li><\/ul><\/li><li class='ez-toc-page-1 ez-toc-heading-level-2'><a class=\"ez-toc-link ez-toc-heading-13\" href=\"https:\/\/coinkickoff.com\/ro\/bitcoin-casino\/how-are-bitcoin-casinos-different\/#Frequently_Asked_Questions\" >\u00centreb\u0103ri frecvente<\/a><ul class='ez-toc-list-level-3' ><li class='ez-toc-heading-level-3'><a class=\"ez-toc-link ez-toc-heading-14\" href=\"https:\/\/coinkickoff.com\/ro\/bitcoin-casino\/how-are-bitcoin-casinos-different\/#What_factors_make_crypto_casinos_more_advantageous_than_traditional_ones\" >Care sunt factorii care fac cazinourile cripto mai avantajoase dec\u00e2t cele tradi\u021bionale?<\/a><\/li><li class='ez-toc-page-1 ez-toc-heading-level-3'><a class=\"ez-toc-link ez-toc-heading-15\" href=\"https:\/\/coinkickoff.com\/ro\/bitcoin-casino\/how-are-bitcoin-casinos-different\/#Are_there_any_risks_associated_with_using_Bitcoin_for_online_gambling\" >Exist\u0103 riscuri asociate cu utilizarea Bitcoin pentru jocurile de noroc online?<\/a><\/li><li class='ez-toc-page-1 ez-toc-heading-level-3'><a class=\"ez-toc-link ez-toc-heading-16\" href=\"https:\/\/coinkickoff.com\/ro\/bitcoin-casino\/how-are-bitcoin-casinos-different\/#How_do_the_security_measures_in_Bitcoin_casinos_compare_to_those_in_traditional_casinos\" >Cum se compar\u0103 m\u0103surile de securitate din cazinourile Bitcoin cu cele din cazinourile tradi\u021bionale?<\/a><\/li><li class='ez-toc-page-1 ez-toc-heading-level-3'><a class=\"ez-toc-link ez-toc-heading-17\" href=\"https:\/\/coinkickoff.com\/ro\/bitcoin-casino\/how-are-bitcoin-casinos-different\/#Can_players_expect_provably_fair_gaming_in_Bitcoin_casinos\" >Se pot a\u0219tepta juc\u0103torii la jocuri de noroc corecte \u00een cazinourile Bitcoin?<\/a><\/li><li class='ez-toc-page-1 ez-toc-heading-level-3'><a class=\"ez-toc-link ez-toc-heading-18\" href=\"https:\/\/coinkickoff.com\/ro\/bitcoin-casino\/how-are-bitcoin-casinos-different\/#What_are_the_unique_benefits_of_gambling_with_Bitcoin\" >Care sunt beneficiile unice ale jocurilor de noroc cu Bitcoin?<\/a><\/li><li class='ez-toc-page-1 ez-toc-heading-level-3'><a class=\"ez-toc-link ez-toc-heading-19\" href=\"https:\/\/coinkickoff.com\/ro\/bitcoin-casino\/how-are-bitcoin-casinos-different\/#How_does_the_regulatory_landscape_for_Bitcoin_casinos_differ_from_traditional_gambling_venues\" >Cum difer\u0103 peisajul de reglementare pentru cazinourile Bitcoin de cel al jocurilor de noroc tradi\u021bionale?<\/a><\/li><\/ul><\/li><\/ul><\/nav><\/div>\n<h2><span class=\"ez-toc-section\" id=\"Fundamental_Differences_Between_Bitcoin_and_Traditional_Casinos\"><\/span>Diferen\u021be fundamentale \u00eentre Bitcoin \u0219i cazinourile tradi\u021bionale<span class=\"ez-toc-section-end\"><\/span><\/h2>\n<p><img decoding=\"async\" src=\"https:\/\/coinkickoff.com\/wp-content\/uploads\/v2-3dgrx-7h0pa.jpg\" alt=\"\"><\/p>\n<p><a href=\"https:\/\/coinkickoff.com\/ro\/bitcoin-btc\/\" data-internallinksmanager029f6b8e52c=\"1\" title=\"Ce este Bitcoin (BTC)? Pre\u021b, istoric \u0219i unde se poate cump\u0103ra\">Bitcoin<\/a> cazinourile \u0219i cazinourile tradi\u021bionale difer\u0103 \u00een primul r\u00e2nd \u00een ceea ce prive\u0219te moneda, nivelurile de transparen\u021b\u0103 \u0219i mediile de reglementare \u00een care opereaz\u0103.<\/p>\n<h3><span class=\"ez-toc-section\" id=\"Currency_Used_for_Transactions\"><\/span>Moneda utilizat\u0103 pentru tranzac\u021bii<span class=\"ez-toc-section-end\"><\/span><\/h3>\n<p><strong>Bitcoin Cazinouri:<\/strong> Tranzac\u021biile se efectueaz\u0103 folosind criptomonede, cum ar fi Bitcoin, <a href=\"https:\/\/coinkickoff.com\/ro\/ethereum-eth\/\" data-internallinksmanager029f6b8e52c=\"2\" title=\"Ce este Ethereum (ETH)? Pre\u021b, istoric \u0219i unde se poate cump\u0103ra\">Ethereum<\/a>, sau alte altcoins. Aceste monede digitale faciliteaz\u0103 tranzac\u021biile anonime, adesea cu comisioane mai mici \u0219i timpi de procesare mai rapizi \u00een compara\u021bie cu monedele fiduciare.<\/p>\n<ul>\n<li><strong>Anonimatul:<\/strong> Utilizatorii pot efectua tranzac\u021bii f\u0103r\u0103 a dezv\u0103lui informa\u021bii personale.<\/li>\n<li><strong>Taxe:<\/strong> Adesea mai mici dec\u00e2t cele asociate cardurilor de credit sau transferurilor bancare.<\/li>\n<li><strong>Vitez\u0103:<\/strong> Tranzac\u021biile sunt procesate rapid, uneori \u00een c\u00e2teva minute.<\/li>\n<\/ul>\n<p><strong>Cazinouri tradi\u021bionale:<\/strong> Aceste unit\u0103\u021bi folosesc de obicei monede fiduciare, cum ar fi USD, EUR sau GBP pentru toate tranzac\u021biile. Aceast\u0103 activitate bancar\u0103 tradi\u021bional\u0103 implic\u0103 procese detaliate de p\u0103strare a eviden\u021bei \u0219i de verificare a identit\u0103\u021bii.<\/p>\n<ul>\n<li><strong>Date cu caracter personal:<\/strong> Tranzac\u021biile necesit\u0103 dezv\u0103luirea de detalii personale.<\/li>\n<li><strong>Taxe:<\/strong> Se pot aplica comisioane mai mari pentru tranzac\u021bii.<\/li>\n<li><strong>Timpii de procesare:<\/strong> Poate dura c\u00e2teva zile pentru ca fondurile s\u0103 fie transferate sau compensate.<\/li>\n<\/ul>\n<h3><span class=\"ez-toc-section\" id=\"Operational_Transparency\"><\/span>Transparen\u021b\u0103 opera\u021bional\u0103<span class=\"ez-toc-section-end\"><\/span><\/h3>\n<p><strong>Bitcoin Cazinouri:<\/strong> Acestea tind s\u0103 ofere un grad mai mare de transparen\u021b\u0103 datorit\u0103 tehnologiei blockchain care st\u0103 la baza tranzac\u021biilor cu criptomonede. Blockchain ofer\u0103 un sistem public, imuabil <a href=\"https:\/\/coinkickoff.com\/ro\/what-is-ledger-wallet\/\" data-internallinksmanager029f6b8e52c=\"167\" title=\"Ledger Wallet Recenzii 2023: Taxe, caracteristici, siguran\u021b\u0103, argumente pro \u0219i contra\">registrul de conturi<\/a>, ceea ce face ca istoricul tranzac\u021biilor s\u0103 fie u\u0219or disponibil \u0219i verificabil.<\/p>\n<ul>\n<li><strong>Probail corect:<\/strong> Unele cazinouri Bitcoin utilizeaz\u0103 algoritmi \"Provably Fair\", permi\u021b\u00e2nd juc\u0103torilor s\u0103 verifice corectitudinea fiec\u0103rui rezultat al jocului.<\/li>\n<\/ul>\n<p><strong>Cazinouri tradi\u021bionale:<\/strong> Transparen\u021ba este reglementat\u0103 de c\u0103tre autorit\u0103\u021bile din domeniul jocurilor de noroc, dar mecanismele interne \u0219i algoritmii de joc nu sunt, de obicei, accesibile pentru audit sau verificare public\u0103.<\/p>\n<ul>\n<li><strong>Corectitudine reglementat\u0103:<\/strong> Corectitudinea jocurilor este certificat\u0103 de organismele de reglementare, dar mecanismele detaliate ale software-ului nu sunt f\u0103cute publice.<\/li>\n<\/ul>\n<h3><span class=\"ez-toc-section\" id=\"Legal_and_Regulatory_Landscape\"><\/span>Cadrul juridic \u0219i de reglementare<span class=\"ez-toc-section-end\"><\/span><\/h3>\n<p><strong>Bitcoin Cazinouri:<\/strong> Ace\u0219tia \u00ee\u0219i desf\u0103\u0219oar\u0103 activitatea \u00eentr-un cadru de reglementare care evolueaz\u0103 rapid. Multe regiuni nu au definit \u00eenc\u0103 o legisla\u021bie clar\u0103 care s\u0103 reglementeze utilizarea criptomonedelor \u00een jocurile de noroc, ceea ce duce la o serie de cerin\u021be de conformitate disparate.<\/p>\n<ul>\n<li><strong>Reglementare variabil\u0103:<\/strong> Statutul juridic se poate schimba rapid, iar conformitatea variaz\u0103 \u00een func\u021bie de jurisdic\u021bie.<\/li>\n<li><strong>Acces global:<\/strong> Adesea accesibile \u00een \u00eentreaga lume, \u00een func\u021bie de legisla\u021bia local\u0103.<\/li>\n<\/ul>\n<p><strong>Cazinouri tradi\u021bionale:<\/strong> Se afl\u0103 sub o reglementare strict\u0103 din partea organismelor guvernamentale stabilite la nivel mondial. Ace\u0219tia fac obiectul unor legi \u0219i reglement\u0103ri stricte care le reglementeaz\u0103 acordarea de licen\u021be, practicile opera\u021bionale \u0219i raportarea financiar\u0103.<\/p>\n<ul>\n<li><strong>Supraveghere strict\u0103:<\/strong> Respectarea numeroaselor reglement\u0103ri juridice \u0219i financiare este obligatorie.<\/li>\n<li><strong>Limit\u0103ri geografice:<\/strong> De obicei, sunt obliga\u021bi s\u0103 \u00ee\u0219i desf\u0103\u0219oare activitatea \u00een cadrul jurisdic\u021biei autorit\u0103\u021bii care le acord\u0103 licen\u021bele.<\/li>\n<\/ul>\n<h2><span class=\"ez-toc-section\" id=\"Technological_Aspects_of_Bitcoin_Casinos\"><\/span>Aspecte tehnologice ale cazinourilor Bitcoin<span class=\"ez-toc-section-end\"><\/span><\/h2>\n<p><img decoding=\"async\" src=\"https:\/\/coinkickoff.com\/wp-content\/uploads\/v2-3dgss-o0d7k.jpg\" alt=\"\"><\/p>\n<p>Cazinourile Bitcoin se diferen\u021biaz\u0103 printr-o tehnologie avansat\u0103 care ofer\u0103 securitate, corectitudine \u0219i transparen\u021b\u0103 sporite. Acest avantaj tehnologic este evident \u00een modul \u00een care acestea gestioneaz\u0103 tranzac\u021biile, verific\u0103 corectitudinea \u0219i p\u0103streaz\u0103 confiden\u021bialitatea.<\/p>\n<h3><span class=\"ez-toc-section\" id=\"Blockchain_Technology_Implementation\"><\/span>Implementarea tehnologiei Blockchain<span class=\"ez-toc-section-end\"><\/span><\/h3>\n<p><strong>Bitcoin cazinouri<\/strong> utilizeaz\u0103 tehnologia blockchain pentru a facilita tranzac\u021biile cu criptomonede. Site-ul <strong>blockchain<\/strong> este un registru descentralizat care \u00eenregistreaz\u0103 toate tranzac\u021biile dintr-o re\u021bea de calculatoare. Acest lucru garanteaz\u0103 c\u0103:<\/p>\n<ul>\n<li><strong>Tranzac\u021bii<\/strong> sunt <strong>transparent<\/strong> \u0219i <strong>imuabil<\/strong>.<\/li>\n<li>Juc\u0103torii pot depune \u0219i retrage <strong>bitcoins<\/strong> direct, <strong>eliminarea necesit\u0103\u021bii de a apela la institu\u021bii bancare ter\u021be<\/strong>.<\/li>\n<\/ul>\n<h3><span class=\"ez-toc-section\" id=\"Provably_Fair_Gaming_Mechanisms\"><\/span>Mecanisme de joc echitabile<span class=\"ez-toc-section-end\"><\/span><\/h3>\n<p>Jocurile de noroc echitabile sunt un semn distinctiv al cazinourilor Bitcoin. Acest sistem folose\u0219te algoritmi criptografici pentru a asigura corectitudinea fiec\u0103rui joc. Punctele semnificative sunt:<\/p>\n<ul>\n<li>Acesta permite juc\u0103torilor s\u0103 <strong>verifica\u021bi caracterul aleatoriu<\/strong> a rezultatelor jocului.<\/li>\n<li>Cazinourile ofer\u0103 un <strong>cheie hash<\/strong> care pot fi analizate dup\u0103 meci pentru a confirma corectitudinea jocului.<\/li>\n<\/ul>\n<h3><span class=\"ez-toc-section\" id=\"Anonymity_and_Security_Features\"><\/span>Caracteristici de anonimat \u0219i securitate<span class=\"ez-toc-section-end\"><\/span><\/h3>\n<p>Cazinourile Bitcoin ofer\u0103 o cre\u0219tere <strong>anonimat<\/strong> \u0219i <strong>securitate<\/strong>. Acestea implementeaz\u0103 diverse caracteristici care protejeaz\u0103 at\u00e2t identitatea juc\u0103torului, c\u00e2t \u0219i fondurile acestuia, cum ar fi:<\/p>\n<ul>\n<li><strong>Autentificare cu doi factori (2FA)<\/strong> pentru securizarea conturilor de utilizator.<\/li>\n<li><strong>Informa\u021bii personale minime<\/strong> necesar\u0103 pentru crearea contului, p\u0103strarea utilizatorului <strong>anonimat<\/strong>.<\/li>\n<\/ul>\n<h2><span class=\"ez-toc-section\" id=\"User_Experience_in_Bitcoin_versus_Regular_Casinos\"><\/span>Experien\u021ba utilizatorului \u00een Bitcoin fa\u021b\u0103 de cazinourile obi\u0219nuite<span class=\"ez-toc-section-end\"><\/span><\/h2>\n<p><img decoding=\"async\" src=\"https:\/\/coinkickoff.com\/wp-content\/uploads\/v2-3dgt7-n76he.jpg\" alt=\"\"><\/p>\n<p>Experien\u021ba utilizatorului \u00een cazinourile Bitcoin ofer\u0103 caracteristici distincte \u00een compara\u021bie cu cazinourile tradi\u021bionale, \u00een special \u00een ceea ce prive\u0219te gestionarea conturilor, bonusurile \u0219i accesibilitatea global\u0103.<\/p>\n<h3><span class=\"ez-toc-section\" id=\"Account_Funding_and_Withdrawal_Process\"><\/span>Procesul de finan\u021bare \u0219i retragere a contului<span class=\"ez-toc-section-end\"><\/span><\/h3>\n<p>Cazinourile Bitcoin permit utilizatorilor s\u0103 <strong>\u00ee\u0219i finan\u021beaz\u0103 conturile<\/strong> direct cu ajutorul criptomonedelor, rezult\u00e2nd de obicei \u00een <em>timpi de tranzac\u021bionare mai rapizi<\/em> \u0219i <em>taxe mai mici<\/em> dec\u00e2t cazinourile obi\u0219nuite, care se bazeaz\u0103 pe metode bancare tradi\u021bionale.<\/p>\n<p><strong>Timpii de retragere<\/strong>, dimpotriv\u0103, sunt, de asemenea, de obicei <strong>mai rapid<\/strong> la cazinourile Bitcoin, datorit\u0103 elimin\u0103rii necesit\u0103\u021bii de a mai avea nevoie de timp de procesare bancar\u0103. Aceste cazinouri se laud\u0103 adesea cu un <strong>plat\u0103 instantanee sau aproape instantanee<\/strong> \u00een contrast cu timpii de procesare \u00eent\u00e2rziat\u0103 care se \u00eent\u00e2lnesc adesea \u00een cazinourile obi\u0219nuite.<\/p>\n<h3><span class=\"ez-toc-section\" id=\"Bonuses_and_Incentives\"><\/span>Bonusuri \u0219i stimulente<span class=\"ez-toc-section-end\"><\/span><\/h3>\n<p>Structura de <strong>bonusuri \u0219i stimulente<\/strong> poate varia semnificativ. Bitcoin cazinouri pot oferi:<\/p>\n<ul>\n<li>Mai mare <strong>bonusuri de bun venit<\/strong><\/li>\n<li><strong>Recompense de loialitate<\/strong> sub form\u0103 de Bitcoin sau alte criptomonede<\/li>\n<\/ul>\n<p>Cazinourile tradi\u021bionale ofer\u0103 adesea o varietate de bonusuri, dar acestea nu se pot compara cu ofertele profitabile g\u0103site \u00een cazinourile Bitcoin datorit\u0103 costurilor de tranzac\u021bie \u0219i opera\u021bionale mai mici ale monedelor digitale.<\/p>\n<h3><span class=\"ez-toc-section\" id=\"Geographical_Accessibility_and_Restrictions\"><\/span>Accesibilitate geografic\u0103 \u0219i restric\u021bii<span class=\"ez-toc-section-end\"><\/span><\/h3>\n<p>Bitcoin cazinouri ofer\u0103 \u00een general un <strong>grad mai ridicat de accesibilitate<\/strong> deoarece nu sunt supuse acelora\u0219i constr\u00e2ngeri de reglementare care afecteaz\u0103 cazinourile obi\u0219nuite.<\/p>\n<ul>\n<li>Opera\u021biuni \u00een <strong>mai multe jurisdic\u021bii<\/strong> f\u0103r\u0103 a fi nevoie de o infrastructur\u0103 bancar\u0103 localizat\u0103<\/li>\n<li>Accept\u0103m juc\u0103tori din <strong>regiuni cu reglement\u0103ri stricte privind jocurile de noroc<\/strong>, \u00een conformitate cu legisla\u021bia local\u0103<\/li>\n<\/ul>\n<p>Cu toate acestea, utilizatorii sunt sf\u0103tui\u021bi s\u0103 r\u0103m\u00e2n\u0103 <strong>informa\u021bi cu privire la legile lor locale<\/strong> pentru a asigura conformitatea \u00een timp ce acceseaz\u0103 cazinourile Bitcoin, chiar \u0219i \u00een condi\u021biile \u00een care acestea au o raz\u0103 de ac\u021biune mai mare.<\/p>\n<h2><span class=\"ez-toc-section\" id=\"Frequently_Asked_Questions\"><\/span>\u00centreb\u0103ri frecvente<span class=\"ez-toc-section-end\"><\/span><\/h2>\n<p><img decoding=\"async\" src=\"https:\/\/coinkickoff.com\/wp-content\/uploads\/v2-3dgtr-7frp8.jpg\" alt=\"\"><\/p>\n<p>\u00cen aceast\u0103 sec\u021biune, sunt abordate \u00eentreb\u0103rile frecvente referitoare la diferen\u021bele dintre cazinourile Bitcoin \u0219i cazinourile tradi\u021bionale, pentru a oferi o \u00een\u021belegere mai clar\u0103 a celor dou\u0103.<\/p>\n<h3><span class=\"ez-toc-section\" id=\"What_factors_make_crypto_casinos_more_advantageous_than_traditional_ones\"><\/span>Care sunt factorii care fac cazinourile cripto mai avantajoase dec\u00e2t cele tradi\u021bionale?<span class=\"ez-toc-section-end\"><\/span><\/h3>\n<p>Cazinourile cripto ofer\u0103 avantaje unice, inclusiv tranzac\u021bii instantanee \u0219i comisioane de tranzac\u021bionare reduse. De asemenea, acestea ofer\u0103 un nivel mai ridicat de anonimat pentru utilizatori, pe care cazinourile tradi\u021bionale nu \u00eel pot egala din cauza dependen\u021bei lor de informa\u021bii bancare \u0219i personale.<\/p>\n<h3><span class=\"ez-toc-section\" id=\"Are_there_any_risks_associated_with_using_Bitcoin_for_online_gambling\"><\/span>Exist\u0103 riscuri asociate cu utilizarea Bitcoin pentru jocurile de noroc online?<span class=\"ez-toc-section-end\"><\/span><\/h3>\n<p>Utilizatorii se confrunt\u0103 cu anumite riscuri, cum ar fi volatilitatea ridicat\u0103 a valorii Bitcoin \u0219i poten\u021biale amenin\u021b\u0103ri la adresa securit\u0103\u021bii, cum ar fi hacking-ul. \u00cen plus, lipsa de reglementare poate fi o sabie cu dou\u0103 t\u0103i\u0219uri, prezent\u00e2nd at\u00e2t libertate, c\u00e2t \u0219i riscuri.<\/p>\n<h3><span class=\"ez-toc-section\" id=\"How_do_the_security_measures_in_Bitcoin_casinos_compare_to_those_in_traditional_casinos\"><\/span>Cum se compar\u0103 m\u0103surile de securitate din cazinourile Bitcoin cu cele din cazinourile tradi\u021bionale?<span class=\"ez-toc-section-end\"><\/span><\/h3>\n<p>Cazinourile Bitcoin implementeaz\u0103 de obicei tehnologii avansate de criptare \u0219i sunt construite pe re\u021bele blockchain sigure. Acest lucru contrasteaz\u0103 cu cazinourile tradi\u021bionale, care depind de sisteme financiare \u0219i de securitate conven\u021bionale, care sunt vulnerabile la diferite tipuri de riscuri.<\/p>\n<h3><span class=\"ez-toc-section\" id=\"Can_players_expect_provably_fair_gaming_in_Bitcoin_casinos\"><\/span>Se pot a\u0219tepta juc\u0103torii la jocuri de noroc corecte \u00een cazinourile Bitcoin?<span class=\"ez-toc-section-end\"><\/span><\/h3>\n<p>Multe cazinouri Bitcoin ofer\u0103 jocuri de noroc dovedite echitabile, ceea ce permite juc\u0103torilor s\u0103 verifice corectitudinea fiec\u0103rui joc prin intermediul tehnologiei blockchain. Acesta este un nivel de transparen\u021b\u0103 pe care site-urile tradi\u021bionale de jocuri de noroc online s-ar putea s\u0103 nu \u00eel ofere.<\/p>\n<h3><span class=\"ez-toc-section\" id=\"What_are_the_unique_benefits_of_gambling_with_Bitcoin\"><\/span>Care sunt beneficiile unice ale jocurilor de noroc cu Bitcoin?<span class=\"ez-toc-section-end\"><\/span><\/h3>\n<p>Jocurile de noroc cu Bitcoin asigur\u0103 c\u0103 tranzac\u021biile r\u0103m\u00e2n discrete \u0219i sigure datorit\u0103 utiliz\u0103rii tehnologiei blockchain. De asemenea, ofer\u0103 avantajul unor comisioane poten\u021bial mai mici \u0219i asigur\u0103 faptul c\u0103 juc\u0103torii pot juca f\u0103r\u0103 restric\u021bii geografice.<\/p>\n<h3><span class=\"ez-toc-section\" id=\"How_does_the_regulatory_landscape_for_Bitcoin_casinos_differ_from_traditional_gambling_venues\"><\/span>Cum difer\u0103 peisajul de reglementare pentru cazinourile Bitcoin de cel al jocurilor de noroc tradi\u021bionale?<span class=\"ez-toc-section-end\"><\/span><\/h3>\n<p>Cazinourile Bitcoin opereaz\u0103 adesea \u00eentr-un mediu mai pu\u021bin reglementat, deoarece criptomonedele nu sunt recunoscute ca moned\u0103 oficial\u0103 de c\u0103tre multe guverne. Acest lucru contrasteaz\u0103 cu cazinourile tradi\u021bionale, care sunt supuse unor cadre de reglementare stricte.<\/p>","protected":false},"excerpt":{"rendered":"<p>Disclaimer: Jocurile de noroc implic\u0103 un risc financiar semnificativ. V\u0103 rug\u0103m s\u0103 juca\u021bi doar cu banii pe care v\u0103 pute\u021bi permite s\u0103 \u00eei pierde\u021bi. Informa\u021biile de mai jos sunt furnizate doar \u00een scop informativ. Este posibil s\u0103 primim un comision dac\u0103 v\u0103 \u00eenscrie\u021bi \u0219i pierde\u021bi bani la oricare dintre urm\u0103toarele cazinouri. Nu toate cazinourile sunt disponibile \u00een toate \u021b\u0103rile. Toate informa\u021biile pe care le [...]<\/p>","protected":false},"author":1,"featured_media":4576,"parent":4440,"menu_order":0,"comment_status":"closed","ping_status":"closed","template":"","meta":{"_genesis_hide_title":false,"_genesis_hide_breadcrumbs":false,"_genesis_hide_singular_image":false,"_genesis_hide_footer_widgets":false,"_genesis_custom_body_class":"","_genesis_custom_post_class":"","_genesis_layout":"","_glsr_average":0,"_glsr_ranking":0,"_glsr_reviews":0,"footnotes":""},"class_list":{"0":"post-4575","1":"page","2":"type-page","3":"status-publish","4":"has-post-thumbnail","6":"entry"},"featured_image_src":"https:\/\/coinkickoff.com\/wp-content\/uploads\/v2-3dgrx-7h0pa-600x400.jpg","featured_image_src_square":"https:\/\/coinkickoff.com\/wp-content\/uploads\/v2-3dgrx-7h0pa-600x600.jpg","_links":{"self":[{"href":"https:\/\/coinkickoff.com\/ro\/wp-json\/wp\/v2\/pages\/4575","targetHints":{"allow":["GET"]}}],"collection":[{"href":"https:\/\/coinkickoff.com\/ro\/wp-json\/wp\/v2\/pages"}],"about":[{"href":"https:\/\/coinkickoff.com\/ro\/wp-json\/wp\/v2\/types\/page"}],"author":[{"embeddable":true,"href":"https:\/\/coinkickoff.com\/ro\/wp-json\/wp\/v2\/users\/1"}],"replies":[{"embeddable":true,"href":"https:\/\/coinkickoff.com\/ro\/wp-json\/wp\/v2\/comments?post=4575"}],"version-history":[{"count":3,"href":"https:\/\/coinkickoff.com\/ro\/wp-json\/wp\/v2\/pages\/4575\/revisions"}],"predecessor-version":[{"id":4582,"href":"https:\/\/coinkickoff.com\/ro\/wp-json\/wp\/v2\/pages\/4575\/revisions\/4582"}],"up":[{"embeddable":true,"href":"https:\/\/coinkickoff.com\/ro\/wp-json\/wp\/v2\/pages\/4440"}],"wp:featuredmedia":[{"embeddable":true,"href":"https:\/\/coinkickoff.com\/ro\/wp-json\/wp\/v2\/media\/4576"}],"wp:attachment":[{"href":"https:\/\/coinkickoff.com\/ro\/wp-json\/wp\/v2\/media?parent=4575"}],"curies":[{"name":"wp","href":"https:\/\/api.w.org\/{rel}","templated":true}]}}