{"id":4404,"date":"2026-01-08T14:07:11","date_gmt":"2026-01-08T14:07:11","guid":{"rendered":"https:\/\/coinkickoff.com\/?page_id=4404"},"modified":"2026-01-08T14:07:11","modified_gmt":"2026-01-08T14:07:11","slug":"how-to-buy-litecoin-on-kucoin","status":"publish","type":"page","link":"https:\/\/coinkickoff.com\/ro\/how-to-buy-litecoin\/how-to-buy-litecoin-on-kucoin\/","title":{"rendered":"Cum s\u0103 cump\u0103ra\u021bi Litecoin pe Kucoin"},"content":{"rendered":"<div id=\"ez-toc-container\" class=\"ez-toc-v2_0_80 counter-hierarchy ez-toc-counter ez-toc-transparent ez-toc-container-direction\">\n<div class=\"ez-toc-title-container\">\n<p class=\"ez-toc-title\" style=\"cursor:inherit\">Sec\u021biuni<\/p>\n<span class=\"ez-toc-title-toggle\"><a href=\"#\" class=\"ez-toc-pull-right ez-toc-btn ez-toc-btn-xs ez-toc-btn-default ez-toc-toggle\" aria-label=\"Comuta\u021bi tabelul de con\u021binut\"><span class=\"ez-toc-js-icon-con\"><span class=\"\"><span class=\"eztoc-hide\" style=\"display:none;\">Toggle<\/span><span class=\"ez-toc-icon-toggle-span\"><svg style=\"fill: #999;color:#999\" xmlns=\"http:\/\/www.w3.org\/2000\/svg\" class=\"list-377408\" width=\"20px\" height=\"20px\" viewbox=\"0 0 24 24\" fill=\"none\"><path d=\"M6 6H4v2h2V6zm14 0H8v2h12V6zM4 11h2v2H4v-2zm16 0H8v2h12v-2zM4 16h2v2H4v-2zm16 0H8v2h12v-2z\" fill=\"currentColor\"><\/path><\/svg><svg style=\"fill: #999;color:#999\" class=\"arrow-unsorted-368013\" xmlns=\"http:\/\/www.w3.org\/2000\/svg\" width=\"10px\" height=\"10px\" viewbox=\"0 0 24 24\" version=\"1.2\" baseprofile=\"tiny\"><path d=\"M18.2 9.3l-6.2-6.3-6.2 6.3c-.2.2-.3.4-.3.7s.1.5.3.7c.2.2.4.3.7.3h11c.3 0 .5-.1.7-.3.2-.2.3-.5.3-.7s-.1-.5-.3-.7zM5.8 14.7l6.2 6.3 6.2-6.3c.2-.2.3-.5.3-.7s-.1-.5-.3-.7c-.2-.2-.4-.3-.7-.3h-11c-.3 0-.5.1-.7.3-.2.2-.3.5-.3.7s.1.5.3.7z\"\/><\/svg><\/span><\/span><\/span><\/a><\/span><\/div>\n<nav><ul class='ez-toc-list ez-toc-list-level-1 eztoc-toggle-hide-by-default' ><li class='ez-toc-page-1 ez-toc-heading-level-2'><a class=\"ez-toc-link ez-toc-heading-1\" href=\"https:\/\/coinkickoff.com\/ro\/how-to-buy-litecoin\/how-to-buy-litecoin-on-kucoin\/#How_to_Buy_Litecoin_on_Kucoin\" >Cum s\u0103 cump\u0103ra\u021bi Litecoin pe Kucoin<\/a><\/li><li class='ez-toc-page-1 ez-toc-heading-level-2'><a class=\"ez-toc-link ez-toc-heading-2\" href=\"https:\/\/coinkickoff.com\/ro\/how-to-buy-litecoin\/how-to-buy-litecoin-on-kucoin\/#A_Step-By-Step_Guide_on_How_to_Buy_Litecoin_on_Kucoin\" >Un ghid pas cu pas despre cum s\u0103 cump\u0103ra\u021bi Litecoin pe Kucoin<\/a><ul class='ez-toc-list-level-3' ><li class='ez-toc-heading-level-3'><a class=\"ez-toc-link ez-toc-heading-3\" href=\"https:\/\/coinkickoff.com\/ro\/how-to-buy-litecoin\/how-to-buy-litecoin-on-kucoin\/#1_Register_an_Account\" >1. \u00cenregistra\u021bi un cont<\/a><\/li><li class='ez-toc-page-1 ez-toc-heading-level-3'><a class=\"ez-toc-link ez-toc-heading-4\" href=\"https:\/\/coinkickoff.com\/ro\/how-to-buy-litecoin\/how-to-buy-litecoin-on-kucoin\/#2_Verify_Your_Account\" >2. Verificarea contului dvs.<\/a><\/li><li class='ez-toc-page-1 ez-toc-heading-level-3'><a class=\"ez-toc-link ez-toc-heading-5\" href=\"https:\/\/coinkickoff.com\/ro\/how-to-buy-litecoin\/how-to-buy-litecoin-on-kucoin\/#3_Deposit_Crypto\" >3. Depune\u021bi Crypto<\/a><\/li><li class='ez-toc-page-1 ez-toc-heading-level-3'><a class=\"ez-toc-link ez-toc-heading-6\" href=\"https:\/\/coinkickoff.com\/ro\/how-to-buy-litecoin\/how-to-buy-litecoin-on-kucoin\/#4_Navigate_to_the_Relevant_Screen_to_Buy\" >4. Naviga\u021bi la ecranul relevant pentru a cump\u0103ra<\/a><ul class='ez-toc-list-level-4' ><li class='ez-toc-heading-level-4'><a class=\"ez-toc-link ez-toc-heading-7\" href=\"https:\/\/coinkickoff.com\/ro\/how-to-buy-litecoin\/how-to-buy-litecoin-on-kucoin\/#Fast_Trade\" >Comer\u021b rapid<\/a><\/li><li class='ez-toc-page-1 ez-toc-heading-level-4'><a class=\"ez-toc-link ez-toc-heading-8\" href=\"https:\/\/coinkickoff.com\/ro\/how-to-buy-litecoin\/how-to-buy-litecoin-on-kucoin\/#Third-Party\" >Ter\u021bi<\/a><\/li><li class='ez-toc-page-1 ez-toc-heading-level-4'><a class=\"ez-toc-link ez-toc-heading-9\" href=\"https:\/\/coinkickoff.com\/ro\/how-to-buy-litecoin\/how-to-buy-litecoin-on-kucoin\/#How_to_Buy_Litecoin_with_Crypto\" >Cum s\u0103 cump\u0103ra\u021bi Litecoin cu Crypto<\/a><\/li><\/ul><\/li><\/ul><\/li><\/ul><\/nav><\/div>\n<h2><span class=\"ez-toc-section\" id=\"How_to_Buy_Litecoin_on_Kucoin\"><\/span><span style=\"font-weight: 400;\">Cum s\u0103 cump\u0103ra\u021bi Litecoin pe Kucoin<\/span><span class=\"ez-toc-section-end\"><\/span><\/h2>\n<p><span style=\"font-weight: 400;\">Dac\u0103 ave\u021bi nevoie de \u00eendrumare pentru a cump\u0103ra <a href=\"https:\/\/coinkickoff.com\/ro\/litecoin-ltc\/\" data-internallinksmanager029f6b8e52c=\"21\" title=\"Ce este Litecoin (LTC)? Pre\u021b, istoric \u0219i unde se poate cump\u0103ra\">Litecoin<\/a> pe <a href=\"https:\/\/coinkickoff.com\/ro\/kucoin-review\/\" data-internallinksmanager029f6b8e52c=\"153\" title=\"KuCoin Recenzii 2023: Taxe, siguran\u021b\u0103, pro \u0219i contra\">Kucoin<\/a>, v\u0103 afla\u021bi la locul potrivit! Haide\u021bi s\u0103 vedem cum s\u0103 cump\u0103ra\u021bi LTC pe Kucoin \u00een c\u00e2\u021biva pa\u0219i simpli.<\/span><\/p>\n<h2><span class=\"ez-toc-section\" id=\"A_Step-By-Step_Guide_on_How_to_Buy_Litecoin_on_Kucoin\"><\/span><span style=\"font-weight: 400;\">Un ghid pas cu pas despre cum s\u0103 cump\u0103ra\u021bi Litecoin pe Kucoin<\/span><span class=\"ez-toc-section-end\"><\/span><\/h2>\n<h3><span class=\"ez-toc-section\" id=\"1_Register_an_Account\"><\/span><span style=\"font-weight: 400;\">1. \u00cenregistra\u021bi un cont<\/span><span class=\"ez-toc-section-end\"><\/span><\/h3>\n<p><img loading=\"lazy\" decoding=\"async\" class=\"alignnone wp-image-3269 size-full\" src=\"https:\/\/coinkickoff.com\/wp-content\/uploads\/kucoin-register.png\" alt=\"cump\u0103ra doge pe kucoin registru\" width=\"1421\" height=\"788\" srcset=\"https:\/\/coinkickoff.com\/wp-content\/uploads\/kucoin-register.png 1421w, https:\/\/coinkickoff.com\/wp-content\/uploads\/kucoin-register-300x166.png 300w, https:\/\/coinkickoff.com\/wp-content\/uploads\/kucoin-register-1024x568.png 1024w, https:\/\/coinkickoff.com\/wp-content\/uploads\/kucoin-register-768x426.png 768w, https:\/\/coinkickoff.com\/wp-content\/uploads\/kucoin-register-18x10.png 18w\" sizes=\"auto, (max-width: 1421px) 100vw, 1421px\" \/><\/p>\n<p><span style=\"font-weight: 400;\">Merge\u021bi la <\/span><a href=\"https:\/\/www.kucoin.com\/r\/af\/rMJPV3B\" target=\"_blank\" rel=\"noopener\"><span style=\"font-weight: 400;\">Kucoin<\/span><\/a><span style=\"font-weight: 400;\"> \u0219i \u00eenscrie\u021bi-v\u0103 cu adresa de e-mail sau num\u0103rul de telefon.\u00a0<\/span><\/p>\n<h3><span class=\"ez-toc-section\" id=\"2_Verify_Your_Account\"><\/span><span style=\"font-weight: 400;\">2. Verificarea contului dvs.<\/span><span class=\"ez-toc-section-end\"><\/span><\/h3>\n<p><span style=\"font-weight: 400;\">Dac\u0103 de\u021bine\u021bi active digitale pe care le pute\u021bi tranzac\u021biona pentru Litecoin, nu trebuie s\u0103 v\u0103 verifica\u021bi identitatea. Po\u021bi trece la pasul urm\u0103tor pentru a vedea cum s\u0103 depui activele cripto pentru Kucoin.<\/span><\/p>\n<p><span style=\"font-weight: 400;\">Dac\u0103 nu ave\u021bi \u00eenc\u0103 niciun activ digital, nu v\u0103 face\u021bi griji! Verificarea identit\u0103\u021bii este foarte simpl\u0103 \u0219i poate fi finalizat\u0103 \u00een c\u00e2teva minute.<\/span><\/p>\n<p><span style=\"font-weight: 400;\">Ve\u021bi vedea numele dvs. de utilizator \u00een partea din dreapta sus a paginii. Acesta v\u0103 va duce la profilul dvs. de utilizator.<\/span><\/p>\n<p><span style=\"font-weight: 400;\">Accesa\u021bi fila \"Identity Verification\" din profilul dvs. \u0219i face\u021bi clic pe \"Verify\" pentru \"Advanced Features\".<\/span><\/p>\n<p><img loading=\"lazy\" decoding=\"async\" class=\"alignnone wp-image-3272 size-full\" src=\"https:\/\/coinkickoff.com\/wp-content\/uploads\/kucoin-identity-verification.png\" alt=\"kucoin verificare id 1\" width=\"1420\" height=\"785\" srcset=\"https:\/\/coinkickoff.com\/wp-content\/uploads\/kucoin-identity-verification.png 1420w, https:\/\/coinkickoff.com\/wp-content\/uploads\/kucoin-identity-verification-300x166.png 300w, https:\/\/coinkickoff.com\/wp-content\/uploads\/kucoin-identity-verification-1024x566.png 1024w, https:\/\/coinkickoff.com\/wp-content\/uploads\/kucoin-identity-verification-768x425.png 768w, https:\/\/coinkickoff.com\/wp-content\/uploads\/kucoin-identity-verification-18x10.png 18w\" sizes=\"auto, (max-width: 1420px) 100vw, 1420px\" \/><\/p>\n<p><span style=\"font-weight: 400;\">Finalizarea verific\u0103rii avansate v\u0103 permite s\u0103 depune\u021bi \u0219i s\u0103 retrage\u021bi bani fiduciare pe Kucoin. De asemenea, v\u0103 va cre\u0219te considerabil limitele de tranzac\u021bionare \u0219i de retragere.<\/span><\/p>\n<p><span style=\"font-weight: 400;\">Sistemul de verificare este simplu - trebuie doar s\u0103 completa\u021bi un chestionar de informa\u021bii personale, s\u0103 \u00eenc\u0103rca\u021bi un document de identitate eliberat de guvern pentru a v\u0103 verifica informa\u021biile \u0219i s\u0103 finaliza\u021bi verificarea facial\u0103.<\/span><\/p>\n<p><img loading=\"lazy\" decoding=\"async\" class=\"alignnone wp-image-3270 size-full\" src=\"https:\/\/coinkickoff.com\/wp-content\/uploads\/kucoin-id-verification-2.png\" alt=\"kucoin verificarea identit\u0103\u021bii 2\" width=\"1407\" height=\"706\" srcset=\"https:\/\/coinkickoff.com\/wp-content\/uploads\/kucoin-id-verification-2.png 1407w, https:\/\/coinkickoff.com\/wp-content\/uploads\/kucoin-id-verification-2-300x151.png 300w, https:\/\/coinkickoff.com\/wp-content\/uploads\/kucoin-id-verification-2-1024x514.png 1024w, https:\/\/coinkickoff.com\/wp-content\/uploads\/kucoin-id-verification-2-768x385.png 768w, https:\/\/coinkickoff.com\/wp-content\/uploads\/kucoin-id-verification-2-18x9.png 18w\" sizes=\"auto, (max-width: 1407px) 100vw, 1407px\" \/><\/p>\n<p><span style=\"font-weight: 400;\">Pentru a v\u0103 confirma identitatea, pute\u021bi folosi o carte de identitate na\u021bional\u0103, un permis de conducere sau o pagin\u0103 de pa\u0219aport. Preg\u0103ti\u021bi documentul de identitate \u0219i face\u021bi clic pe \"Agree and Continue\".<\/span><\/p>\n<p><img loading=\"lazy\" decoding=\"async\" class=\"alignnone wp-image-3271 size-full\" src=\"https:\/\/coinkickoff.com\/wp-content\/uploads\/kucoin-id-verification-3.png\" alt=\"kucoin verificare id 3 \" width=\"1412\" height=\"789\" srcset=\"https:\/\/coinkickoff.com\/wp-content\/uploads\/kucoin-id-verification-3.png 1412w, https:\/\/coinkickoff.com\/wp-content\/uploads\/kucoin-id-verification-3-300x168.png 300w, https:\/\/coinkickoff.com\/wp-content\/uploads\/kucoin-id-verification-3-1024x572.png 1024w, https:\/\/coinkickoff.com\/wp-content\/uploads\/kucoin-id-verification-3-768x429.png 768w, https:\/\/coinkickoff.com\/wp-content\/uploads\/kucoin-id-verification-3-18x10.png 18w\" sizes=\"auto, (max-width: 1412px) 100vw, 1412px\" \/><\/p>\n<p><span style=\"font-weight: 400;\">Introduce\u021bi informa\u021biile dumneavoastr\u0103 \u0219i face\u021bi clic pe \"Next\". Urma\u021bi instruc\u021biunile de pe ecran pentru a finaliza verificarea identit\u0103\u021bii.<\/span><\/p>\n<h3><span class=\"ez-toc-section\" id=\"3_Deposit_Crypto\"><\/span><span style=\"font-weight: 400;\">3. Depune\u021bi Crypto<\/span><span class=\"ez-toc-section-end\"><\/span><\/h3>\n<p><span style=\"font-weight: 400;\">Dac\u0103 ave\u021bi active digitale \u00eentr-un portofel extern, le pute\u021bi transfera \u00een Kucoin \u0219i le pute\u021bi tranzac\u021biona pentru LTC pe pia\u021ba la vedere. Dac\u0103 aceasta nu este o op\u021biune pentru dvs., continua\u021bi la pasul urm\u0103tor pentru a vedea cum s\u0103 cump\u0103ra\u021bi Litecoin cu bani fiduciari.<\/span><\/p>\n<p><span style=\"font-weight: 400;\">Face\u021bi clic pe meniul \"Assets\" (Active) din partea dreapt\u0103 sus a paginii web.<\/span><\/p>\n<p><img loading=\"lazy\" decoding=\"async\" class=\"alignnone wp-image-3273 size-full\" src=\"https:\/\/coinkickoff.com\/wp-content\/uploads\/kucoin-deposit.png\" alt=\"kucoin fonduri de depozit 1\" width=\"1427\" height=\"758\" srcset=\"https:\/\/coinkickoff.com\/wp-content\/uploads\/kucoin-deposit.png 1427w, https:\/\/coinkickoff.com\/wp-content\/uploads\/kucoin-deposit-300x159.png 300w, https:\/\/coinkickoff.com\/wp-content\/uploads\/kucoin-deposit-1024x544.png 1024w, https:\/\/coinkickoff.com\/wp-content\/uploads\/kucoin-deposit-768x408.png 768w, https:\/\/coinkickoff.com\/wp-content\/uploads\/kucoin-deposit-18x10.png 18w\" sizes=\"auto, (max-width: 1427px) 100vw, 1427px\" \/><\/p>\n<p><span style=\"font-weight: 400;\">Aici pute\u021bi vedea toate soldurile dumneavoastr\u0103. Face\u021bi clic pe butonul \"Depozit\" \u0219i selecta\u021bi moneda digital\u0103 pe care dori\u021bi s\u0103 o transfera\u021bi c\u0103tre Kucoin.<\/span><\/p>\n<p><span style=\"font-weight: 400;\">De exemplu, dac\u0103 a\u021bi dat <a href=\"https:\/\/coinkickoff.com\/ro\/tether-usdt\/\" data-internallinksmanager029f6b8e52c=\"3\" title=\"Ce este Tether (USDT)? Cum func\u021bioneaz\u0103 \u0219i de unde se poate cump\u0103ra?\">USDT<\/a>, face\u021bi clic pe USDT \u0219i ve\u021bi ob\u021bine un cod QR. Acest cod QR reprezint\u0103 adresa dvs. USDT pe Kucoin. Ori de c\u00e2te ori dori\u021bi s\u0103 transfera\u021bi USDT pe Kucoin, utiliza\u021bi acest cod QR ca adres\u0103 de retragere.<\/span><\/p>\n<p><span style=\"font-weight: 400;\">V\u0103 rug\u0103m s\u0103 nu folosi\u021bi niciodat\u0103 o adres\u0103 de portofel USDT pentru a transfera alte criptomonede. Fiecare adres\u0103 de portofel este specific\u0103 pentru fiecare moned\u0103: pute\u021bi transfera doar BTC c\u0103tre o <a href=\"https:\/\/coinkickoff.com\/ro\/bitcoin-btc\/\" data-internallinksmanager029f6b8e52c=\"1\" title=\"Ce este Bitcoin (BTC)? Pre\u021b, istoric \u0219i unde se poate cump\u0103ra\">Bitcoin<\/a> adresa, ETH la o <a href=\"https:\/\/coinkickoff.com\/ro\/ethereum-eth\/\" data-internallinksmanager029f6b8e52c=\"2\" title=\"Ce este Ethereum (ETH)? Pre\u021b, istoric \u0219i unde se poate cump\u0103ra\">Ethereum<\/a> adresa, <a href=\"https:\/\/coinkickoff.com\/ro\/cu-buline\/\" data-internallinksmanager029f6b8e52c=\"12\" title=\"Ce este Polkadot (DOT)? Cum func\u021bioneaz\u0103 \u0219i de unde se poate cump\u0103ra?\">Polkadot<\/a> la o adres\u0103 DOT, \u0219i a\u0219a mai departe.<\/span><\/p>\n<h3><span class=\"ez-toc-section\" id=\"4_Navigate_to_the_Relevant_Screen_to_Buy\"><\/span><span style=\"font-weight: 400;\">4. Naviga\u021bi la ecranul relevant pentru a cump\u0103ra<\/span><span class=\"ez-toc-section-end\"><\/span><\/h3>\n<p><span style=\"font-weight: 400;\">Pe pagina de pornire, face\u021bi clic pe meniul \"Buy Crypto\". Ve\u021bi vedea mai multe op\u021biuni, cum ar fi \"Fast Trade\", \"P2P\" \u0219i \"Third-Party\".<\/span><\/p>\n<p><span style=\"font-weight: 400;\">Nu pute\u021bi cump\u0103ra Litecoin prin tranzac\u021bii P2P, dar celelalte dou\u0103 sunt perfect viabile \u0219i destul de u\u0219or de utilizat.<\/span><\/p>\n<p><img loading=\"lazy\" decoding=\"async\" class=\"alignnone wp-image-3274 size-full\" src=\"https:\/\/coinkickoff.com\/wp-content\/uploads\/kucoin-buy-crypto.png\" alt=\"kucoin cumpara ecran\" width=\"1418\" height=\"692\" srcset=\"https:\/\/coinkickoff.com\/wp-content\/uploads\/kucoin-buy-crypto.png 1418w, https:\/\/coinkickoff.com\/wp-content\/uploads\/kucoin-buy-crypto-300x146.png 300w, https:\/\/coinkickoff.com\/wp-content\/uploads\/kucoin-buy-crypto-1024x500.png 1024w, https:\/\/coinkickoff.com\/wp-content\/uploads\/kucoin-buy-crypto-768x375.png 768w, https:\/\/coinkickoff.com\/wp-content\/uploads\/kucoin-buy-crypto-18x9.png 18w\" sizes=\"auto, (max-width: 1418px) 100vw, 1418px\" \/><\/p>\n<p><span style=\"font-weight: 400;\">Principala diferen\u021b\u0103 \u00eentre un comer\u021b rapid \u0219i o tranzac\u021bie cu ter\u021bi este metoda de plat\u0103. \u00cen cazul comer\u021bului rapid, pute\u021bi utiliza cardul de credit pentru a cump\u0103ra Litecoin, iar \u00een cazul unei ter\u021be p\u0103r\u021bi, pute\u021bi utiliza procesatori de plat\u0103 precum Simplex \u0219i Banxa.<\/span><\/p>\n<h4><span class=\"ez-toc-section\" id=\"Fast_Trade\"><\/span><span style=\"font-weight: 400;\">Comer\u021b rapid<\/span><span class=\"ez-toc-section-end\"><\/span><\/h4>\n<p><span style=\"font-weight: 400;\">Introduce\u021bi suma pe care dori\u021bi s\u0103 o investi\u021bi \u00een coloana \"I want to Spend\".<\/span><\/p>\n<h4><img loading=\"lazy\" decoding=\"async\" class=\"alignnone wp-image-3275 size-full\" style=\"font-family: Muli, sans-serif;\" src=\"https:\/\/coinkickoff.com\/wp-content\/uploads\/kucoin-buy-crypto-one-click.png\" alt=\"kucoin cu un singur clic cump\u0103ra\" width=\"1421\" height=\"770\" srcset=\"https:\/\/coinkickoff.com\/wp-content\/uploads\/kucoin-buy-crypto-one-click.png 1421w, https:\/\/coinkickoff.com\/wp-content\/uploads\/kucoin-buy-crypto-one-click-300x163.png 300w, https:\/\/coinkickoff.com\/wp-content\/uploads\/kucoin-buy-crypto-one-click-1024x555.png 1024w, https:\/\/coinkickoff.com\/wp-content\/uploads\/kucoin-buy-crypto-one-click-768x416.png 768w, https:\/\/coinkickoff.com\/wp-content\/uploads\/kucoin-buy-crypto-one-click-18x10.png 18w\" sizes=\"auto, (max-width: 1421px) 100vw, 1421px\" \/><\/h4>\n<p><span style=\"font-weight: 400;\">Seta\u021bi coloana \"Receive\" la Litecoin.<\/span><\/p>\n<p><img loading=\"lazy\" decoding=\"async\" class=\"alignnone wp-image-3276 size-full\" src=\"https:\/\/coinkickoff.com\/wp-content\/uploads\/kucoin-select-paymnet-method.png\" alt=\"cum s\u0103 cump\u0103ra\u021bi Polygon pe Kucoin\" width=\"1424\" height=\"794\" srcset=\"https:\/\/coinkickoff.com\/wp-content\/uploads\/kucoin-select-paymnet-method.png 1424w, https:\/\/coinkickoff.com\/wp-content\/uploads\/kucoin-select-paymnet-method-300x167.png 300w, https:\/\/coinkickoff.com\/wp-content\/uploads\/kucoin-select-paymnet-method-1024x571.png 1024w, https:\/\/coinkickoff.com\/wp-content\/uploads\/kucoin-select-paymnet-method-768x428.png 768w, https:\/\/coinkickoff.com\/wp-content\/uploads\/kucoin-select-paymnet-method-18x10.png 18w\" sizes=\"auto, (max-width: 1424px) 100vw, 1424px\" \/><\/p>\n<p><span style=\"font-weight: 400;\">\u00cen cele din urm\u0103, ad\u0103uga\u021bi o metod\u0103 de plat\u0103. Dup\u0103 cum pute\u021bi vedea, ave\u021bi op\u021biunea de a ad\u0103uga un card de debit sau de credit la contul dvs. de Kucoin. Dup\u0103 ce ad\u0103uga\u021bi un card, \u00eel pute\u021bi utiliza pentru urm\u0103toarele achizi\u021bii.<\/span><\/p>\n<p><span style=\"font-weight: 400;\">Introduce\u021bi detaliile cardului dvs. \u0219i ap\u0103sa\u021bi \"Cump\u0103r\u0103 LTC\". Ve\u021bi ob\u021bine o previzualizare a detaliilor comenzii, inclusiv toate taxele care se aplic\u0103. Dac\u0103 totul arat\u0103 bine, face\u021bi clic pe \"Confirmare\". Achizi\u021bia dvs. va fi finalizat\u0103 instantaneu.<\/span><\/p>\n<p><span style=\"font-weight: 400;\">Ce se \u00eent\u00e2mpl\u0103 dac\u0103 nu v\u0103 pute\u021bi folosi cardul de debit\/credit pentru a cump\u0103ra Litecoin prin Fast Trade? Acest lucru se poate \u00eent\u00e2mpla din cauza mai multor probleme, inclusiv a restric\u021biilor implementate de banca dvs. \u0219i\/sau a e\u0219ecului Fast Trade.<\/span><\/p>\n<p><span style=\"font-weight: 400;\">Alternativ, s-ar putea s\u0103 v\u0103 sim\u021bi\u021bi inconfortabil s\u0103 l\u0103sa\u021bi datele cardului dvs. pe Kucoin. Dac\u0103 acesta este cazul, pute\u021bi opta pentru cump\u0103rarea de la ter\u021bi.<\/span><\/p>\n<h4><span class=\"ez-toc-section\" id=\"Third-Party\"><\/span><span style=\"font-weight: 400;\">Ter\u021bi<\/span><span class=\"ez-toc-section-end\"><\/span><\/h4>\n<p><span style=\"font-weight: 400;\">Cump\u0103rarea de c\u0103tre ter\u021bi v\u0103 permite s\u0103 pl\u0103ti\u021bi pentru achizi\u021bia dumneavoastr\u0103 prin canale de plat\u0103 independente. Aceste canale de plat\u0103 v\u0103 v\u00e2nd criptomonede la propriile lor rate, care sunt de obicei mai mari \u00een compara\u021bie cu ratele de pe pia\u021ba la vedere, dar egale cu pre\u021burile de tranzac\u021bionare rapid\u0103.<\/span><\/p>\n<p><img loading=\"lazy\" decoding=\"async\" class=\"alignnone wp-image-3278 size-full\" src=\"https:\/\/coinkickoff.com\/wp-content\/uploads\/kucoin-screenshot.png\" alt=\"Cum s\u0103 cump\u0103ra\u021bi Cardano pe Kucoin cum s\u0103 cump\u0103ra\u021bi polkadot pe kucoin cum s\u0103 cump\u0103ra\u021bi Litecoin pe Kucoin\" width=\"1436\" height=\"673\" srcset=\"https:\/\/coinkickoff.com\/wp-content\/uploads\/kucoin-screenshot.png 1436w, https:\/\/coinkickoff.com\/wp-content\/uploads\/kucoin-screenshot-300x141.png 300w, https:\/\/coinkickoff.com\/wp-content\/uploads\/kucoin-screenshot-1024x480.png 1024w, https:\/\/coinkickoff.com\/wp-content\/uploads\/kucoin-screenshot-768x360.png 768w, https:\/\/coinkickoff.com\/wp-content\/uploads\/kucoin-screenshot-18x8.png 18w\" sizes=\"auto, (max-width: 1436px) 100vw, 1436px\" \/><\/p>\n<p><span style=\"font-weight: 400;\">Cump\u0103rarea de la ter\u021bi este foarte u\u0219or de navigat: introduce\u021bi suma pe care dori\u021bi s\u0103 o cheltui\u021bi \u0219i alege\u021bi Litecoin ca moned\u0103 pe care dori\u021bi s\u0103 o primi\u021bi.<\/span><\/p>\n<p><span style=\"font-weight: 400;\">Selecta\u021bi o metod\u0103 de plat\u0103 \u0219i un procesator de pl\u0103\u021bi. Face\u021bi clic pe \"Confirmare\" pentru a continua.<\/span><\/p>\n<p><span style=\"font-weight: 400;\">\u00cen acest moment, ve\u021bi p\u0103r\u0103si site-ul web Kucoin pentru site-ul web al procesatorului de pl\u0103\u021bi. Dac\u0103 ave\u021bi deja un cont, pute\u021bi finaliza imediat tranzac\u021bia. Dac\u0103 nu ave\u021bi un cont, \u00eel pute\u021bi configura rapid \u0219i pute\u021bi finaliza tranzac\u021bia.\u00a0<\/span><\/p>\n<h4><span class=\"ez-toc-section\" id=\"How_to_Buy_Litecoin_with_Crypto\"><\/span><span style=\"font-weight: 400;\">Cum s\u0103 cump\u0103ra\u021bi Litecoin cu Crypto<\/span><span class=\"ez-toc-section-end\"><\/span><\/h4>\n<p><span style=\"font-weight: 400;\">\u00cen cele din urm\u0103, pute\u021bi cump\u0103ra Litecoin pe pia\u021ba la vedere Kucoin cu criptomonede.\u00a0<\/span><\/p>\n<p><span style=\"font-weight: 400;\">Pe tabloul de bord, selecta\u021bi meniul \"Comer\u021b\" \u0219i ap\u0103sa\u021bi Spot Trading\". Ve\u021bi vedea mai multe perechi pe pagin\u0103, cum ar fi BTC\/USDT, ETH\/USDT, <a href=\"https:\/\/coinkickoff.com\/ro\/dogecoin-doge\/\" data-internallinksmanager029f6b8e52c=\"14\" title=\"Ce este Dogecoin (DOGE)? Cum func\u021bioneaz\u0103 \u0219i de unde se poate cump\u0103ra?\">DOGE<\/a>\/USDT, \u0219i a\u0219a mai departe.\u00a0<\/span><\/p>\n<p><span style=\"font-weight: 400;\">O parte semnificativ\u0103 a tuturor tranzac\u021biilor cu criptomonede este denominat\u0103 \u00een USDT, astfel \u00eenc\u00e2t pute\u021bi cump\u0103ra \u0219i vinde majoritatea coins pentru USDT, inclusiv Litecoin.\u00a0<\/span><\/p>\n<p><span style=\"font-weight: 400;\">De exemplu, dac\u0103 ave\u021bi Polkadot, este posibil s\u0103 nu \u00eel pute\u021bi schimba direct cu Litecoin, dar \u00eel pute\u021bi schimba cu USDT \u0219i apoi s\u0103 folosi\u021bi USDT pentru a cump\u0103ra LTC.<\/span><\/p>\n<p><span style=\"font-weight: 400;\">Mai \u00eent\u00e2i, selecta\u021bi perechea de tranzac\u021bionare pe care dori\u021bi s\u0103 o schimba\u021bi (de exemplu, LTC\/USDT). Apoi, completa\u021bi formularul de comand\u0103, ajust\u00e2nd suma de USDT pe care dori\u021bi s\u0103 o cheltui\u021bi pe LTC.<\/span><\/p>\n<p><span style=\"font-weight: 400;\">Kucoin v\u0103 permite s\u0103 plasa\u021bi ordine \"Market\" \u0219i \"Limit\". Pentru \u00eencep\u0103tori, v\u0103 suger\u0103m s\u0103 selecta\u021bi un ordin de pia\u021b\u0103. Dac\u0103 dori\u021bi s\u0103 explora\u021bi alte op\u021biuni, afla\u021bi mai multe despre <\/span><a href=\"https:\/\/www.kucoin.com\/support\/900006714063\" target=\"_blank\" rel=\"noopener\"><span style=\"font-weight: 400;\">diferite tipuri de comenzi<\/span><\/a><span style=\"font-weight: 400;\"> \u00eenainte de a continua<\/span><\/p>\n<p><span style=\"font-weight: 400;\">Dup\u0103 ce a\u021bi terminat, face\u021bi clic pe \"Cump\u0103r\u0103\".<\/span><\/p>\n<p><span style=\"font-weight: 400;\">Acum \u0219tii trei moduri diferite de a cump\u0103ra Litecoin pe Kucoin! Dac\u0103 v-a\u021bi bucurat de pagina noastr\u0103 \"<\/span><i><span style=\"font-weight: 400;\">Cum s\u0103 cump\u0103ra\u021bi Litecoin pe Kucoin\"<\/span><\/i><span style=\"font-weight: 400;\"> ghid, poate v\u0103 place \u0219i ghidul nostru <\/span><a href=\"https:\/\/coinkickoff.com\/ro\/crypto-exchanges\/\"><span style=\"font-weight: 400;\">comentarii de schimb<\/span><\/a><span style=\"font-weight: 400;\"> \u0219i <a href=\"https:\/\/coinkickoff.com\/ro\/how-to-buy-bitcoin\/\">alte ghiduri<\/a>.<\/span><\/p>","protected":false},"excerpt":{"rendered":"<p>Cum s\u0103 cump\u0103ra\u021bi Litecoin pe Kucoin Dac\u0103 ave\u021bi nevoie de \u00eendrum\u0103ri despre cum s\u0103 cump\u0103ra\u021bi Litecoin pe Kucoin, sunte\u021bi la locul potrivit! Haide\u021bi s\u0103 vedem cum s\u0103 cump\u0103ra\u021bi LTC pe Kucoin \u00een c\u00e2\u021biva pa\u0219i simpli. Un ghid pas cu pas despre cum s\u0103 cump\u0103ra\u021bi Litecoin pe Kucoin 1. \u00cenregistreaz\u0103 un cont Mergi la Kucoin [...]<\/p>","protected":false},"author":3,"featured_media":0,"parent":4392,"menu_order":0,"comment_status":"closed","ping_status":"closed","template":"","meta":{"_genesis_hide_title":false,"_genesis_hide_breadcrumbs":false,"_genesis_hide_singular_image":false,"_genesis_hide_footer_widgets":false,"_genesis_custom_body_class":"","_genesis_custom_post_class":"","_genesis_layout":"","_glsr_average":0,"_glsr_ranking":0,"_glsr_reviews":0,"footnotes":""},"class_list":{"0":"post-4404","1":"page","2":"type-page","3":"status-publish","5":"entry"},"featured_image_src":null,"featured_image_src_square":null,"_links":{"self":[{"href":"https:\/\/coinkickoff.com\/ro\/wp-json\/wp\/v2\/pages\/4404","targetHints":{"allow":["GET"]}}],"collection":[{"href":"https:\/\/coinkickoff.com\/ro\/wp-json\/wp\/v2\/pages"}],"about":[{"href":"https:\/\/coinkickoff.com\/ro\/wp-json\/wp\/v2\/types\/page"}],"author":[{"embeddable":true,"href":"https:\/\/coinkickoff.com\/ro\/wp-json\/wp\/v2\/users\/3"}],"replies":[{"embeddable":true,"href":"https:\/\/coinkickoff.com\/ro\/wp-json\/wp\/v2\/comments?post=4404"}],"version-history":[{"count":2,"href":"https:\/\/coinkickoff.com\/ro\/wp-json\/wp\/v2\/pages\/4404\/revisions"}],"predecessor-version":[{"id":4406,"href":"https:\/\/coinkickoff.com\/ro\/wp-json\/wp\/v2\/pages\/4404\/revisions\/4406"}],"up":[{"embeddable":true,"href":"https:\/\/coinkickoff.com\/ro\/wp-json\/wp\/v2\/pages\/4392"}],"wp:attachment":[{"href":"https:\/\/coinkickoff.com\/ro\/wp-json\/wp\/v2\/media?parent=4404"}],"curies":[{"name":"wp","href":"https:\/\/api.w.org\/{rel}","templated":true}]}}