{"id":4236,"date":"2026-01-08T14:07:08","date_gmt":"2026-01-08T14:07:08","guid":{"rendered":"https:\/\/coinkickoff.com\/?page_id=4236"},"modified":"2026-01-08T14:07:08","modified_gmt":"2026-01-08T14:07:08","slug":"how-to-buy-polkadot-on-gemini","status":"publish","type":"page","link":"https:\/\/coinkickoff.com\/ro\/how-to-buy-polkadot\/how-to-buy-polkadot-on-gemini\/","title":{"rendered":"Cum s\u0103 cump\u0103ra\u021bi Polkadot pe Gemini"},"content":{"rendered":"<div id=\"ez-toc-container\" class=\"ez-toc-v2_0_80 counter-hierarchy ez-toc-counter ez-toc-transparent ez-toc-container-direction\">\n<div class=\"ez-toc-title-container\">\n<p class=\"ez-toc-title\" style=\"cursor:inherit\">Sec\u021biuni<\/p>\n<span class=\"ez-toc-title-toggle\"><a href=\"#\" class=\"ez-toc-pull-right ez-toc-btn ez-toc-btn-xs ez-toc-btn-default ez-toc-toggle\" aria-label=\"Comuta\u021bi tabelul de con\u021binut\"><span class=\"ez-toc-js-icon-con\"><span class=\"\"><span class=\"eztoc-hide\" style=\"display:none;\">Toggle<\/span><span class=\"ez-toc-icon-toggle-span\"><svg style=\"fill: #999;color:#999\" xmlns=\"http:\/\/www.w3.org\/2000\/svg\" class=\"list-377408\" width=\"20px\" height=\"20px\" viewbox=\"0 0 24 24\" fill=\"none\"><path d=\"M6 6H4v2h2V6zm14 0H8v2h12V6zM4 11h2v2H4v-2zm16 0H8v2h12v-2zM4 16h2v2H4v-2zm16 0H8v2h12v-2z\" fill=\"currentColor\"><\/path><\/svg><svg style=\"fill: #999;color:#999\" class=\"arrow-unsorted-368013\" xmlns=\"http:\/\/www.w3.org\/2000\/svg\" width=\"10px\" height=\"10px\" viewbox=\"0 0 24 24\" version=\"1.2\" baseprofile=\"tiny\"><path d=\"M18.2 9.3l-6.2-6.3-6.2 6.3c-.2.2-.3.4-.3.7s.1.5.3.7c.2.2.4.3.7.3h11c.3 0 .5-.1.7-.3.2-.2.3-.5.3-.7s-.1-.5-.3-.7zM5.8 14.7l6.2 6.3 6.2-6.3c.2-.2.3-.5.3-.7s-.1-.5-.3-.7c-.2-.2-.4-.3-.7-.3h-11c-.3 0-.5.1-.7.3-.2.2-.3.5-.3.7s.1.5.3.7z\"\/><\/svg><\/span><\/span><\/span><\/a><\/span><\/div>\n<nav><ul class='ez-toc-list ez-toc-list-level-1 eztoc-toggle-hide-by-default' ><li class='ez-toc-page-1 ez-toc-heading-level-2'><a class=\"ez-toc-link ez-toc-heading-1\" href=\"https:\/\/coinkickoff.com\/ro\/how-to-buy-polkadot\/how-to-buy-polkadot-on-gemini\/#How_to_Buy_Polkadot_on_Gemini\" >Cum s\u0103 cump\u0103ra\u021bi Polkadot pe Gemini<\/a><\/li><li class='ez-toc-page-1 ez-toc-heading-level-2'><a class=\"ez-toc-link ez-toc-heading-2\" href=\"https:\/\/coinkickoff.com\/ro\/how-to-buy-polkadot\/how-to-buy-polkadot-on-gemini\/#A_Step-By-Step_Guide_on_How_to_Buy_Polkadot_on_Gemini\" >Un ghid pas cu pas despre cum s\u0103 cump\u0103ra\u021bi Polkadot pe Gemini<\/a><ul class='ez-toc-list-level-3' ><li class='ez-toc-heading-level-3'><a class=\"ez-toc-link ez-toc-heading-3\" href=\"https:\/\/coinkickoff.com\/ro\/how-to-buy-polkadot\/how-to-buy-polkadot-on-gemini\/#1_Register_an_Account_and_Verify_Your_Identity\" >1. \u00cenregistra\u021bi-v\u0103 un cont \u0219i verifica\u021bi-v\u0103 identitatea<\/a><\/li><li class='ez-toc-page-1 ez-toc-heading-level-3'><a class=\"ez-toc-link ez-toc-heading-4\" href=\"https:\/\/coinkickoff.com\/ro\/how-to-buy-polkadot\/how-to-buy-polkadot-on-gemini\/#2_Add_a_Payment_Method\" >2. Ad\u0103uga\u021bi o metod\u0103 de plat\u0103<\/a><\/li><li class='ez-toc-page-1 ez-toc-heading-level-3'><a class=\"ez-toc-link ez-toc-heading-5\" href=\"https:\/\/coinkickoff.com\/ro\/how-to-buy-polkadot\/how-to-buy-polkadot-on-gemini\/#3_Navigate_to_the_Relevant_Screen_to_Buy\" >3. Naviga\u021bi la ecranul relevant pentru a cump\u0103ra<\/a><ul class='ez-toc-list-level-4' ><li class='ez-toc-heading-level-4'><a class=\"ez-toc-link ez-toc-heading-6\" href=\"https:\/\/coinkickoff.com\/ro\/how-to-buy-polkadot\/how-to-buy-polkadot-on-gemini\/#Active_Trading\" >Tranzac\u021bionare activ\u0103<\/a><\/li><\/ul><\/li><\/ul><\/li><\/ul><\/nav><\/div>\n<h2><span class=\"ez-toc-section\" id=\"How_to_Buy_Polkadot_on_Gemini\"><\/span><span style=\"font-weight: 400;\">Cum s\u0103 cump\u0103ra\u021bi Polkadot pe Gemini<\/span><span class=\"ez-toc-section-end\"><\/span><\/h2>\n<p><span style=\"font-weight: 400;\">Dac\u0103 dori\u021bi s\u0103 cump\u0103ra\u021bi <a href=\"https:\/\/coinkickoff.com\/ro\/cu-buline\/\">Polkadot<\/a> (DOT) pe Gemeni, v\u0103 afla\u021bi \u00een locul potrivit. Urma\u021bi ghidul nostru \u00een trei pa\u0219i pentru a afla cum s\u0103 cump\u0103ra\u021bi <a href=\"https:\/\/coinkickoff.com\/ro\/cu-buline\/\" data-internallinksmanager029f6b8e52c=\"12\" title=\"Ce este Polkadot (DOT)? Cum func\u021bioneaz\u0103 \u0219i de unde se poate cump\u0103ra?\">Polkadot<\/a> pe Gemeni.<\/span><\/p>\n<p><span style=\"font-weight: 400;\">Dar \u00eenainte de a \u00eencepe, v\u0103 rug\u0103m s\u0103 consulta\u021bi pagina noastr\u0103 <\/span><a href=\"https:\/\/coinkickoff.com\/ro\/gemini-review\/\"><span style=\"font-weight: 400;\">Gemini recenzie<\/span><\/a><span style=\"font-weight: 400;\">. Clien\u021bii Gemini Earn au fost <\/span><a href=\"https:\/\/www.bloomberg.com\/news\/articles\/2023-07-07\/winklevoss-s-gemini-crypto-exchange-sues-barry-silbert-and-dcg\" target=\"_blank\" rel=\"noopener\"><span style=\"font-weight: 400;\">\u00een imposibilitatea de a se retrage<\/span><\/a><span style=\"font-weight: 400;\"> activele lor de pe platform\u0103 de luni de zile \u0219i este mai bine s\u0103 v\u0103 familiariza\u021bi cu situa\u021bia pentru a \u00een\u021belege riscurile de\u021binerii de cripto pe Gemini.<\/span><\/p>\n<p><span style=\"font-weight: 400;\">\u00cen continuare, cum s\u0103 cump\u0103ra\u021bi Polkadot pe Gemini.<\/span><\/p>\n<h2><span class=\"ez-toc-section\" id=\"A_Step-By-Step_Guide_on_How_to_Buy_Polkadot_on_Gemini\"><\/span><span style=\"font-weight: 400;\">Un ghid pas cu pas despre cum s\u0103 cump\u0103ra\u021bi Polkadot pe Gemini<\/span><span class=\"ez-toc-section-end\"><\/span><\/h2>\n<h3><span class=\"ez-toc-section\" id=\"1_Register_an_Account_and_Verify_Your_Identity\"><\/span><span style=\"font-weight: 400;\">1. \u00cenregistra\u021bi-v\u0103 un cont \u0219i verifica\u021bi-v\u0103 identitatea<\/span><span class=\"ez-toc-section-end\"><\/span><\/h3>\n<p><span style=\"font-weight: 400;\">S\u0103 mergem la <\/span><a href=\"https:\/\/gemini.com\" target=\"_blank\" rel=\"noopener\"><span style=\"font-weight: 400;\">Gemeni<\/span><\/a><span style=\"font-weight: 400;\"> \u0219i face\u021bi clic pe \"Sign Up\".<\/span><\/p>\n<p><span style=\"font-weight: 400;\">C\u00e2nd v\u0103 \u00eenscrie\u021bi, Gemini v\u0103 cere o mul\u021bime de informa\u021bii, inclusiv numele de familie, data na\u0219terii \u0219i adresa. Trebuie s\u0103 introduce\u021bi toate informa\u021biile a\u0219a cum sunt scrise pe actul de identitate.<\/span><\/p>\n<p><span style=\"font-weight: 400;\"><img loading=\"lazy\" decoding=\"async\" class=\"alignnone wp-image-3690 size-full\" src=\"https:\/\/coinkickoff.com\/wp-content\/uploads\/Screen-Shot-2023-04-10-at-7.45.50-AM-e1684925675301.png\" alt=\"\" width=\"1439\" height=\"791\" srcset=\"https:\/\/coinkickoff.com\/wp-content\/uploads\/Screen-Shot-2023-04-10-at-7.45.50-AM-e1684925675301.png 1439w, https:\/\/coinkickoff.com\/wp-content\/uploads\/Screen-Shot-2023-04-10-at-7.45.50-AM-e1684925675301-300x165.png 300w, https:\/\/coinkickoff.com\/wp-content\/uploads\/Screen-Shot-2023-04-10-at-7.45.50-AM-e1684925675301-1024x563.png 1024w, https:\/\/coinkickoff.com\/wp-content\/uploads\/Screen-Shot-2023-04-10-at-7.45.50-AM-e1684925675301-768x422.png 768w, https:\/\/coinkickoff.com\/wp-content\/uploads\/Screen-Shot-2023-04-10-at-7.45.50-AM-e1684925675301-18x10.png 18w\" sizes=\"auto, (max-width: 1439px) 100vw, 1439px\" \/><\/span><\/p>\n<p><span style=\"font-weight: 400;\">Ap\u0103sa\u021bi \"Create Account\" pentru a continua. <\/span><\/p>\n<p><span style=\"font-weight: 400;\"><img loading=\"lazy\" decoding=\"async\" class=\"alignnone wp-image-3697 size-full\" src=\"https:\/\/coinkickoff.com\/wp-content\/uploads\/Screen-Shot-2023-04-10-at-7.52.01-AM-e1684925865857.png\" alt=\"\" width=\"1274\" height=\"669\" srcset=\"https:\/\/coinkickoff.com\/wp-content\/uploads\/Screen-Shot-2023-04-10-at-7.52.01-AM-e1684925865857.png 1274w, https:\/\/coinkickoff.com\/wp-content\/uploads\/Screen-Shot-2023-04-10-at-7.52.01-AM-e1684925865857-300x158.png 300w, https:\/\/coinkickoff.com\/wp-content\/uploads\/Screen-Shot-2023-04-10-at-7.52.01-AM-e1684925865857-1024x538.png 1024w, https:\/\/coinkickoff.com\/wp-content\/uploads\/Screen-Shot-2023-04-10-at-7.52.01-AM-e1684925865857-768x403.png 768w, https:\/\/coinkickoff.com\/wp-content\/uploads\/Screen-Shot-2023-04-10-at-7.52.01-AM-e1684925865857-18x9.png 18w\" sizes=\"auto, (max-width: 1274px) 100vw, 1274px\" \/><\/span><\/p>\n<p><span style=\"font-weight: 400;\">Alege\u021bi un tip de document pe care dori\u021bi s\u0103 \u00eel \u00eenc\u0103rca\u021bi pentru a v\u0103 verifica identitatea. <\/span><\/p>\n<p><span style=\"font-weight: 400;\"><img loading=\"lazy\" decoding=\"async\" class=\"alignnone wp-image-3698 size-full\" src=\"https:\/\/coinkickoff.com\/wp-content\/uploads\/Screen-Shot-2023-04-10-at-7.52.08-AM-e1684925892934.png\" alt=\"\" width=\"1249\" height=\"701\" srcset=\"https:\/\/coinkickoff.com\/wp-content\/uploads\/Screen-Shot-2023-04-10-at-7.52.08-AM-e1684925892934.png 1249w, https:\/\/coinkickoff.com\/wp-content\/uploads\/Screen-Shot-2023-04-10-at-7.52.08-AM-e1684925892934-300x168.png 300w, https:\/\/coinkickoff.com\/wp-content\/uploads\/Screen-Shot-2023-04-10-at-7.52.08-AM-e1684925892934-1024x575.png 1024w, https:\/\/coinkickoff.com\/wp-content\/uploads\/Screen-Shot-2023-04-10-at-7.52.08-AM-e1684925892934-768x431.png 768w, https:\/\/coinkickoff.com\/wp-content\/uploads\/Screen-Shot-2023-04-10-at-7.52.08-AM-e1684925892934-18x10.png 18w, https:\/\/coinkickoff.com\/wp-content\/uploads\/Screen-Shot-2023-04-10-at-7.52.08-AM-e1684925892934-600x338.png 600w\" sizes=\"auto, (max-width: 1249px) 100vw, 1249px\" \/><\/span><\/p>\n<p><span style=\"font-weight: 400;\">Ap\u0103sa\u021bi pe \"Get Secure link\". Pe telefon, face\u021bi clic pe link pentru a accesa pagina de \u00eenc\u0103rcare \u0219i pentru a finaliza \u00eenregistrarea. Nu \u00eenchide\u021bi pagina web p\u00e2n\u0103 la finalizarea verific\u0103rii.<\/span><\/p>\n<h3><span class=\"ez-toc-section\" id=\"2_Add_a_Payment_Method\"><\/span><span style=\"font-weight: 400;\">2. Ad\u0103uga\u021bi o metod\u0103 de plat\u0103<\/span><span class=\"ez-toc-section-end\"><\/span><\/h3>\n<p><span style=\"font-weight: 400;\">Ap\u0103sa\u021bi butonul \"Cont\" de pe tabloul de bord \u0219i selecta\u021bi <\/span><a href=\"https:\/\/exchange.gemini.com\/settings\/bank\" target=\"_blank\" rel=\"noopener\"><span style=\"font-weight: 400;\">Metode de plat\u0103<\/span><\/a><span style=\"font-weight: 400;\">. \u00cen continuare, ve\u021bi ad\u0103uga o metod\u0103 de plat\u0103.<\/span><\/p>\n<p><span style=\"font-weight: 400;\">Dac\u0103 face\u021bi clic pe \"Adaug\u0103 un cont bancar manual\", ve\u021bi primi instruc\u021biuni pentru a v\u0103 conecta contul bancar online la Gemini. Transferurile bancare na\u021bionale sunt, de obicei, gratuite, dar pot dura p\u00e2n\u0103 la 5 zile lucr\u0103toare.\u00a0<\/span><\/p>\n<p><span style=\"font-weight: 400;\">Alternativ, pute\u021bi conecta un card de debit la contul dvs. pentru achizi\u021bii criptografice instantanee. Odat\u0103 ce ad\u0103uga\u021bi un card, pute\u021bi cump\u0103ra Polkadot \u0219i alte monede \u00een c\u00e2teva minute prin intermediul func\u021biei Easy Buy de la Gemini.<\/span><\/p>\n<p><span style=\"font-weight: 400;\">Cu toate acestea, achizi\u021biile cu cardul de debit sunt mai scumpe dec\u00e2t transferurile bancare. <\/span><\/p>\n<p><span style=\"font-weight: 400;\"><img loading=\"lazy\" decoding=\"async\" class=\"alignnone wp-image-3699 size-full\" src=\"https:\/\/coinkickoff.com\/wp-content\/uploads\/Screen-Shot-2023-04-10-at-8.05.13-AM-e1684925923198.png\" alt=\"\" width=\"1331\" height=\"680\" srcset=\"https:\/\/coinkickoff.com\/wp-content\/uploads\/Screen-Shot-2023-04-10-at-8.05.13-AM-e1684925923198.png 1331w, https:\/\/coinkickoff.com\/wp-content\/uploads\/Screen-Shot-2023-04-10-at-8.05.13-AM-e1684925923198-300x153.png 300w, https:\/\/coinkickoff.com\/wp-content\/uploads\/Screen-Shot-2023-04-10-at-8.05.13-AM-e1684925923198-1024x523.png 1024w, https:\/\/coinkickoff.com\/wp-content\/uploads\/Screen-Shot-2023-04-10-at-8.05.13-AM-e1684925923198-768x392.png 768w, https:\/\/coinkickoff.com\/wp-content\/uploads\/Screen-Shot-2023-04-10-at-8.05.13-AM-e1684925923198-18x9.png 18w\" sizes=\"auto, (max-width: 1331px) 100vw, 1331px\" \/><\/span><\/p>\n<p><span style=\"font-weight: 400;\">Selecta\u021bi metoda pe care dori\u021bi s\u0103 o ad\u0103uga\u021bi \u0219i face\u021bi clic pe \"Add\". Pute\u021bi ad\u0103uga mai multe metode de plat\u0103.<\/span><\/p>\n<p><span style=\"font-weight: 400;\">Dac\u0103 selecta\u021bi \"Cont bancar manual\", urma\u021bi instruc\u021biunile de pe ecran. Pentru a ad\u0103uga un card de debit, urma\u021bi instruc\u021biunile de mai jos.<\/span><\/p>\n<p><span style=\"font-weight: 400;\"><img loading=\"lazy\" decoding=\"async\" class=\"alignnone wp-image-3700 size-full\" src=\"https:\/\/coinkickoff.com\/wp-content\/uploads\/Screen-Shot-2023-04-10-at-8.07.32-AM-e1684925955355.png\" alt=\"\" width=\"1180\" height=\"759\" srcset=\"https:\/\/coinkickoff.com\/wp-content\/uploads\/Screen-Shot-2023-04-10-at-8.07.32-AM-e1684925955355.png 1180w, https:\/\/coinkickoff.com\/wp-content\/uploads\/Screen-Shot-2023-04-10-at-8.07.32-AM-e1684925955355-300x193.png 300w, https:\/\/coinkickoff.com\/wp-content\/uploads\/Screen-Shot-2023-04-10-at-8.07.32-AM-e1684925955355-1024x659.png 1024w, https:\/\/coinkickoff.com\/wp-content\/uploads\/Screen-Shot-2023-04-10-at-8.07.32-AM-e1684925955355-768x494.png 768w, https:\/\/coinkickoff.com\/wp-content\/uploads\/Screen-Shot-2023-04-10-at-8.07.32-AM-e1684925955355-18x12.png 18w\" sizes=\"auto, (max-width: 1180px) 100vw, 1180px\" \/><\/span><\/p>\n<p><span style=\"font-weight: 400;\">Alege\u021bi moneda cardului de debit. Gemini accept\u0103 USD, EUR, CAD, AUD, GBP, HKD \u0219i SGD.<\/span><\/p>\n<p><span style=\"font-weight: 400;\"><img loading=\"lazy\" decoding=\"async\" class=\"alignnone wp-image-3701 size-full\" src=\"https:\/\/coinkickoff.com\/wp-content\/uploads\/Screen-Shot-2023-04-10-at-8.07.43-AM-e1684925980171.png\" alt=\"\" width=\"1231\" height=\"777\" srcset=\"https:\/\/coinkickoff.com\/wp-content\/uploads\/Screen-Shot-2023-04-10-at-8.07.43-AM-e1684925980171.png 1231w, https:\/\/coinkickoff.com\/wp-content\/uploads\/Screen-Shot-2023-04-10-at-8.07.43-AM-e1684925980171-300x189.png 300w, https:\/\/coinkickoff.com\/wp-content\/uploads\/Screen-Shot-2023-04-10-at-8.07.43-AM-e1684925980171-1024x646.png 1024w, https:\/\/coinkickoff.com\/wp-content\/uploads\/Screen-Shot-2023-04-10-at-8.07.43-AM-e1684925980171-768x485.png 768w, https:\/\/coinkickoff.com\/wp-content\/uploads\/Screen-Shot-2023-04-10-at-8.07.43-AM-e1684925980171-18x12.png 18w\" sizes=\"auto, (max-width: 1231px) 100vw, 1231px\" \/><\/span><\/p>\n<p><span style=\"font-weight: 400;\">Ad\u0103uga\u021bi o adres\u0103 de facturare.<\/span><\/p>\n<p><span style=\"font-weight: 400;\"><img loading=\"lazy\" decoding=\"async\" class=\"alignnone wp-image-3702 size-full\" src=\"https:\/\/coinkickoff.com\/wp-content\/uploads\/Screen-Shot-2023-04-10-at-8.08.21-AM-e1684926023269.png\" alt=\"\" width=\"1206\" height=\"770\" srcset=\"https:\/\/coinkickoff.com\/wp-content\/uploads\/Screen-Shot-2023-04-10-at-8.08.21-AM-e1684926023269.png 1206w, https:\/\/coinkickoff.com\/wp-content\/uploads\/Screen-Shot-2023-04-10-at-8.08.21-AM-e1684926023269-300x192.png 300w, https:\/\/coinkickoff.com\/wp-content\/uploads\/Screen-Shot-2023-04-10-at-8.08.21-AM-e1684926023269-1024x654.png 1024w, https:\/\/coinkickoff.com\/wp-content\/uploads\/Screen-Shot-2023-04-10-at-8.08.21-AM-e1684926023269-768x490.png 768w, https:\/\/coinkickoff.com\/wp-content\/uploads\/Screen-Shot-2023-04-10-at-8.08.21-AM-e1684926023269-18x12.png 18w\" sizes=\"auto, (max-width: 1206px) 100vw, 1206px\" \/><\/span><\/p>\n<p><span style=\"font-weight: 400;\">Verifica\u021bi detaliile adresei dumneavoastr\u0103.<\/span><\/p>\n<p><span style=\"font-weight: 400;\"><img loading=\"lazy\" decoding=\"async\" class=\"alignnone wp-image-3703 size-full\" src=\"https:\/\/coinkickoff.com\/wp-content\/uploads\/Screen-Shot-2023-04-10-at-8.08.37-AM-e1684926046103.png\" alt=\"\" width=\"1216\" height=\"752\" srcset=\"https:\/\/coinkickoff.com\/wp-content\/uploads\/Screen-Shot-2023-04-10-at-8.08.37-AM-e1684926046103.png 1216w, https:\/\/coinkickoff.com\/wp-content\/uploads\/Screen-Shot-2023-04-10-at-8.08.37-AM-e1684926046103-300x186.png 300w, https:\/\/coinkickoff.com\/wp-content\/uploads\/Screen-Shot-2023-04-10-at-8.08.37-AM-e1684926046103-1024x633.png 1024w, https:\/\/coinkickoff.com\/wp-content\/uploads\/Screen-Shot-2023-04-10-at-8.08.37-AM-e1684926046103-768x475.png 768w, https:\/\/coinkickoff.com\/wp-content\/uploads\/Screen-Shot-2023-04-10-at-8.08.37-AM-e1684926046103-18x12.png 18w\" sizes=\"auto, (max-width: 1216px) 100vw, 1216px\" \/><\/span><\/p>\n<p><span style=\"font-weight: 400;\">Introduce\u021bi informa\u021biile despre cardul dumneavoastr\u0103. V\u0103 rug\u0103m s\u0103 re\u021bine\u021bi c\u0103 sunt acceptate doar cardurile de debit - cardurile de credit vor fi respinse.<\/span><\/p>\n<h3><span class=\"ez-toc-section\" id=\"3_Navigate_to_the_Relevant_Screen_to_Buy\"><\/span><span style=\"font-weight: 400;\">3. Naviga\u021bi la ecranul relevant pentru a cump\u0103ra<\/span><span class=\"ez-toc-section-end\"><\/span><\/h3>\n<p><span style=\"font-weight: 400;\">Face\u021bi clic pe \"Market\" \u00een tabloul de bord. Tasta\u021bi \"DOT\" \u00een c\u00e2mpul \"search market\" pentru a vedea Polkadot.<\/span><\/p>\n<p><span style=\"font-weight: 400;\"><img loading=\"lazy\" decoding=\"async\" class=\"alignnone wp-image-3704 size-full\" src=\"https:\/\/coinkickoff.com\/wp-content\/uploads\/Screen-Shot-2023-04-10-at-8.17.54-AM-e1684926106937.png\" alt=\"\" width=\"1393\" height=\"766\" srcset=\"https:\/\/coinkickoff.com\/wp-content\/uploads\/Screen-Shot-2023-04-10-at-8.17.54-AM-e1684926106937.png 1393w, https:\/\/coinkickoff.com\/wp-content\/uploads\/Screen-Shot-2023-04-10-at-8.17.54-AM-e1684926106937-300x165.png 300w, https:\/\/coinkickoff.com\/wp-content\/uploads\/Screen-Shot-2023-04-10-at-8.17.54-AM-e1684926106937-1024x563.png 1024w, https:\/\/coinkickoff.com\/wp-content\/uploads\/Screen-Shot-2023-04-10-at-8.17.54-AM-e1684926106937-768x422.png 768w, https:\/\/coinkickoff.com\/wp-content\/uploads\/Screen-Shot-2023-04-10-at-8.17.54-AM-e1684926106937-18x10.png 18w\" sizes=\"auto, (max-width: 1393px) 100vw, 1393px\" \/><\/span><\/p>\n<p><span style=\"font-weight: 400;\">C\u00e2nd face\u021bi clic pe \"Vezi detalii\", ve\u021bi fi trimis la pagina \"Cump\u0103rare u\u0219oar\u0103\" pentru Polkadot. <\/span><\/p>\n<p><img loading=\"lazy\" decoding=\"async\" class=\"alignnone wp-image-3706 size-full\" src=\"https:\/\/coinkickoff.com\/wp-content\/uploads\/Screen-Shot-2023-04-10-at-8.20.19-AM-e1684926155864.png\" alt=\"Cum s\u0103 cump\u0103ra\u021bi Cardano pe Gemini cum s\u0103 cump\u0103ra\u021bi Polygon pe Gemini cum s\u0103 cump\u0103ra\u021bi polkadot pe gemini\" width=\"1393\" height=\"766\" srcset=\"https:\/\/coinkickoff.com\/wp-content\/uploads\/Screen-Shot-2023-04-10-at-8.20.19-AM-e1684926155864.png 1393w, https:\/\/coinkickoff.com\/wp-content\/uploads\/Screen-Shot-2023-04-10-at-8.20.19-AM-e1684926155864-300x165.png 300w, https:\/\/coinkickoff.com\/wp-content\/uploads\/Screen-Shot-2023-04-10-at-8.20.19-AM-e1684926155864-1024x563.png 1024w, https:\/\/coinkickoff.com\/wp-content\/uploads\/Screen-Shot-2023-04-10-at-8.20.19-AM-e1684926155864-768x422.png 768w, https:\/\/coinkickoff.com\/wp-content\/uploads\/Screen-Shot-2023-04-10-at-8.20.19-AM-e1684926155864-18x10.png 18w\" sizes=\"auto, (max-width: 1393px) 100vw, 1393px\" \/><\/p>\n<p><span style=\"font-weight: 400;\">Pute\u021bi utiliza graficele din st\u00e2nga pentru a vedea evolu\u021bia pre\u021burilor pentru Polkadot de-a lungul timpului.\u00a0<\/span><\/p>\n<p><span style=\"font-weight: 400;\">\u00cen partea dreapt\u0103, ve\u021bi vedea formularul de cump\u0103rare.\u00a0<\/span><\/p>\n<p><span style=\"font-weight: 400;\">\"C\u00e2t de des?\" este setat la \"O dat\u0103\", dar \u00eel pute\u021bi schimba pentru a emite comenzi periodice de cump\u0103rare automat\u0103. De exemplu, \u00eel pute\u021bi seta astfel \u00eenc\u00e2t Gemini s\u0103 cumpere \u00een fiecare s\u0103pt\u0103m\u00e2n\u0103 DOT \u00een valoare de 10 dolari pentru a v\u0103 dezvolta portofoliul.<\/span><\/p>\n<p><span style=\"font-weight: 400;\">Pentru a finaliza achizi\u021bia, introduce\u021bi suma pe care dori\u021bi s\u0103 o investi\u021bi \u00een Polkadot \u0219i alege\u021bi o metod\u0103 de plat\u0103.\u00a0<\/span><\/p>\n<p><span style=\"font-weight: 400;\">Face\u021bi clic pe \"Revizuirea comenzii\" \u0219i verifica\u021bi taxele percepute de Gemini. Ve\u021bi vedea cantitatea de DOT pe care o ve\u021bi primi. Dac\u0103 sunte\u021bi de acord, face\u021bi clic pe \"Cump\u0103r\u0103\". Re\u021bine\u021bi c\u0103 pre\u021burile \"Easy Buy\" includ o \"tax\u0103 de r\u0103sp\u00e2ndire\" ascuns\u0103, care este de obicei ad\u0103ugat\u0103 la pre\u021bul activului.<\/span><\/p>\n<p><span style=\"font-weight: 400;\">DOT tokens va fi ad\u0103ugat \u00een portofelul t\u0103u Gemini.<\/span><\/p>\n<h4><span class=\"ez-toc-section\" id=\"Active_Trading\"><\/span><span style=\"font-weight: 400;\">Tranzac\u021bionare activ\u0103<\/span><span class=\"ez-toc-section-end\"><\/span><\/h4>\n<p><span style=\"font-weight: 400;\">Dac\u0103 a\u021bi ad\u0103ugat un cont bancar \u0219i a\u021bi f\u0103cut un depozit \u00een numerar la Gemini sau dac\u0103 ave\u021bi valute digitale \u00een portofelul Gemini, pute\u021bi utiliza pia\u021ba la vedere pentru a cump\u0103ra Polkadot \u0219i alte criptomonede.<\/span><\/p>\n<p><span style=\"font-weight: 400;\">Pre\u021burile de pe pia\u021ba la vedere sunt mult mai ieftine dec\u00e2t cele de la \"Easy Buy\", iar comisioanele sunt mai mici.\u00a0<\/span><\/p>\n<p><span style=\"font-weight: 400;\">Pentru a accesa pia\u021ba la vedere, face\u021bi clic pe \"Switch to Active Trader\" (Treci la Active Trader) pe pagina \"Easy Buy\" (Cump\u0103r\u0103 u\u0219or).\u00a0<\/span><\/p>\n<p><span style=\"font-weight: 400;\">Utiliza\u021bi func\u021bia de c\u0103utare a pie\u021bei pentru a c\u0103uta perechile DOT. Dac\u0103 nu g\u0103si\u021bi o pereche DOT\/USD sau DOT\/EUR, pute\u021bi cump\u0103ra <a href=\"https:\/\/coinkickoff.com\/ro\/tether-usdt\/\" data-internallinksmanager029f6b8e52c=\"3\" title=\"Ce este Tether (USDT)? Cum func\u021bioneaz\u0103 \u0219i de unde se poate cump\u0103ra?\">USDT<\/a> sau <a href=\"https:\/\/coinkickoff.com\/ro\/usd-coin-usdc\/\" data-internallinksmanager029f6b8e52c=\"8\" title=\"Ce este USD Coin (USDC)? Cum func\u021bioneaz\u0103 \u0219i de unde \u00eel pute\u021bi cump\u0103ra?\">USDC<\/a> cu moneda dvs. fiduciar\u0103 \u0219i apoi tranzac\u021biona\u021bi aceste token pentru DOT.<\/span><\/p>\n<p><span style=\"font-weight: 400;\">Completa\u021bi formularul de comand\u0103 de cump\u0103rare pentru a finaliza achizi\u021bia.<\/span><\/p>\n<p><span style=\"font-weight: 400;\">Dac\u0103 v-a\u021bi bucurat de \"<\/span><i><span style=\"font-weight: 400;\">Cum s\u0103 cump\u0103ra\u021bi DOT pe Gemini\" <\/span><\/i><span style=\"font-weight: 400;\">poate dori\u021bi s\u0103 consulta\u021bi ghidul nostru <\/span><a href=\"https:\/\/coinkickoff.com\/ro\/crypto-exchanges\/\"><span style=\"font-weight: 400;\">comentarii de schimb<\/span><\/a><span style=\"font-weight: 400;\"> \u0219i alte ghiduri.<\/span><\/p>","protected":false},"excerpt":{"rendered":"<p>Cum s\u0103 cump\u0103ra\u021bi Polkadot pe Gemini Dac\u0103 dori\u021bi s\u0103 cump\u0103ra\u021bi Polkadot (DOT) pe Gemini, sunte\u021bi \u00een locul potrivit. Urma\u021bi ghidul nostru \u00een trei pa\u0219i pentru a afla cum s\u0103 cump\u0103ra\u021bi Polkadot pe Gemini. Dar \u00eenainte de a \u00eencepe, v\u0103 rug\u0103m s\u0103 consulta\u021bi recenzia noastr\u0103 despre Gemini. Clien\u021bii Gemini Earn nu au putut s\u0103-\u0219i retrag\u0103 activele de pe [...]<\/p>","protected":false},"author":3,"featured_media":0,"parent":4215,"menu_order":0,"comment_status":"closed","ping_status":"closed","template":"","meta":{"_genesis_hide_title":false,"_genesis_hide_breadcrumbs":false,"_genesis_hide_singular_image":false,"_genesis_hide_footer_widgets":false,"_genesis_custom_body_class":"","_genesis_custom_post_class":"","_genesis_layout":"","_glsr_average":0,"_glsr_ranking":0,"_glsr_reviews":0,"footnotes":""},"class_list":{"0":"post-4236","1":"page","2":"type-page","3":"status-publish","5":"entry"},"featured_image_src":null,"featured_image_src_square":null,"_links":{"self":[{"href":"https:\/\/coinkickoff.com\/ro\/wp-json\/wp\/v2\/pages\/4236","targetHints":{"allow":["GET"]}}],"collection":[{"href":"https:\/\/coinkickoff.com\/ro\/wp-json\/wp\/v2\/pages"}],"about":[{"href":"https:\/\/coinkickoff.com\/ro\/wp-json\/wp\/v2\/types\/page"}],"author":[{"embeddable":true,"href":"https:\/\/coinkickoff.com\/ro\/wp-json\/wp\/v2\/users\/3"}],"replies":[{"embeddable":true,"href":"https:\/\/coinkickoff.com\/ro\/wp-json\/wp\/v2\/comments?post=4236"}],"version-history":[{"count":2,"href":"https:\/\/coinkickoff.com\/ro\/wp-json\/wp\/v2\/pages\/4236\/revisions"}],"predecessor-version":[{"id":4238,"href":"https:\/\/coinkickoff.com\/ro\/wp-json\/wp\/v2\/pages\/4236\/revisions\/4238"}],"up":[{"embeddable":true,"href":"https:\/\/coinkickoff.com\/ro\/wp-json\/wp\/v2\/pages\/4215"}],"wp:attachment":[{"href":"https:\/\/coinkickoff.com\/ro\/wp-json\/wp\/v2\/media?parent=4236"}],"curies":[{"name":"wp","href":"https:\/\/api.w.org\/{rel}","templated":true}]}}