{"id":4172,"date":"2026-01-08T14:07:22","date_gmt":"2026-01-08T14:07:22","guid":{"rendered":"https:\/\/coinkickoff.com\/?page_id=4172"},"modified":"2026-01-08T14:07:22","modified_gmt":"2026-01-08T14:07:22","slug":"__trashed","status":"publish","type":"page","link":"https:\/\/coinkickoff.com\/ro\/how-to-buy-ethereum\/__trashed\/","title":{"rendered":"Cum s\u0103 cump\u0103ra\u021bi Ethereum pe Bitfinex"},"content":{"rendered":"<div id=\"ez-toc-container\" class=\"ez-toc-v2_0_80 counter-hierarchy ez-toc-counter ez-toc-transparent ez-toc-container-direction\">\n<div class=\"ez-toc-title-container\">\n<p class=\"ez-toc-title\" style=\"cursor:inherit\">Sec\u021biuni<\/p>\n<span class=\"ez-toc-title-toggle\"><a href=\"#\" class=\"ez-toc-pull-right ez-toc-btn ez-toc-btn-xs ez-toc-btn-default ez-toc-toggle\" aria-label=\"Comuta\u021bi tabelul de con\u021binut\"><span class=\"ez-toc-js-icon-con\"><span class=\"\"><span class=\"eztoc-hide\" style=\"display:none;\">Toggle<\/span><span class=\"ez-toc-icon-toggle-span\"><svg style=\"fill: #999;color:#999\" xmlns=\"http:\/\/www.w3.org\/2000\/svg\" class=\"list-377408\" width=\"20px\" height=\"20px\" viewbox=\"0 0 24 24\" fill=\"none\"><path d=\"M6 6H4v2h2V6zm14 0H8v2h12V6zM4 11h2v2H4v-2zm16 0H8v2h12v-2zM4 16h2v2H4v-2zm16 0H8v2h12v-2z\" fill=\"currentColor\"><\/path><\/svg><svg style=\"fill: #999;color:#999\" class=\"arrow-unsorted-368013\" xmlns=\"http:\/\/www.w3.org\/2000\/svg\" width=\"10px\" height=\"10px\" viewbox=\"0 0 24 24\" version=\"1.2\" baseprofile=\"tiny\"><path d=\"M18.2 9.3l-6.2-6.3-6.2 6.3c-.2.2-.3.4-.3.7s.1.5.3.7c.2.2.4.3.7.3h11c.3 0 .5-.1.7-.3.2-.2.3-.5.3-.7s-.1-.5-.3-.7zM5.8 14.7l6.2 6.3 6.2-6.3c.2-.2.3-.5.3-.7s-.1-.5-.3-.7c-.2-.2-.4-.3-.7-.3h-11c-.3 0-.5.1-.7.3-.2.2-.3.5-.3.7s.1.5.3.7z\"\/><\/svg><\/span><\/span><\/span><\/a><\/span><\/div>\n<nav><ul class='ez-toc-list ez-toc-list-level-1 eztoc-toggle-hide-by-default' ><li class='ez-toc-page-1 ez-toc-heading-level-1'><a class=\"ez-toc-link ez-toc-heading-1\" href=\"https:\/\/coinkickoff.com\/ro\/how-to-buy-ethereum\/__trashed\/#How_to_Buy_Ethereum_on_Bitfinex\" >Cum s\u0103 cump\u0103ra\u021bi Ethereum pe Bitfinex<\/a><ul class='ez-toc-list-level-2' ><li class='ez-toc-heading-level-2'><a class=\"ez-toc-link ez-toc-heading-2\" href=\"https:\/\/coinkickoff.com\/ro\/how-to-buy-ethereum\/__trashed\/#A_Step-By-Step_Guide_on_How_to_Buy_Ethereum_on_Bitfinex\" >Un ghid pas cu pas despre cum s\u0103 cump\u0103ra\u021bi Ethereum pe Bitfinex<\/a><ul class='ez-toc-list-level-3' ><li class='ez-toc-heading-level-3'><a class=\"ez-toc-link ez-toc-heading-3\" href=\"https:\/\/coinkickoff.com\/ro\/how-to-buy-ethereum\/__trashed\/#1_Register_an_Account_on_Bitfinex\" >1. \u00cenregistra\u021bi un cont pe Bitfinex<\/a><\/li><li class='ez-toc-page-1 ez-toc-heading-level-3'><a class=\"ez-toc-link ez-toc-heading-4\" href=\"https:\/\/coinkickoff.com\/ro\/how-to-buy-ethereum\/__trashed\/#2_Get_Verified_on_Bitfinex\" >2. Ob\u021bine\u021bi verificarea pe Bitfinex<\/a><\/li><li class='ez-toc-page-1 ez-toc-heading-level-3'><a class=\"ez-toc-link ez-toc-heading-5\" href=\"https:\/\/coinkickoff.com\/ro\/how-to-buy-ethereum\/__trashed\/#3_Deposit_FundsCrypto\" >3. Depunerea de fonduri\/criptomonede<\/a><\/li><li class='ez-toc-page-1 ez-toc-heading-level-3'><a class=\"ez-toc-link ez-toc-heading-6\" href=\"https:\/\/coinkickoff.com\/ro\/how-to-buy-ethereum\/__trashed\/#4_Navigate_to_the_Relevant_Screen_to_Buy\" >4. Naviga\u021bi la ecranul relevant pentru a cump\u0103ra<\/a><\/li><\/ul><\/li><\/ul><\/li><\/ul><\/nav><\/div>\n<h1><span class=\"ez-toc-section\" id=\"How_to_Buy_Ethereum_on_Bitfinex\"><\/span><span style=\"font-weight: 400;\">Cum s\u0103 cump\u0103ra\u021bi Ethereum pe Bitfinex<\/span><span class=\"ez-toc-section-end\"><\/span><\/h1>\n<p><span style=\"font-weight: 400;\">Dori\u021bi s\u0103 cump\u0103ra\u021bi <a href=\"https:\/\/coinkickoff.com\/ro\/ethereum-eth\/\" data-internallinksmanager029f6b8e52c=\"2\" title=\"Ce este Ethereum (ETH)? Pre\u021b, istoric \u0219i unde se poate cump\u0103ra\">Ethereum<\/a> pe <a href=\"https:\/\/coinkickoff.com\/ro\/bitfinex-review\/\">Bitfinex<\/a>? Avem exact ghidul potrivit pentru dvs. cu instruc\u021biuni pas cu pas. Iat\u0103 cum s\u0103 cump\u0103ra\u021bi Ethereum pe <a href=\"https:\/\/coinkickoff.com\/ro\/bitfinex-review\/\" data-internallinksmanager029f6b8e52c=\"151\" title=\"Bitfinex Recenzii 2023: Taxe, caracteristici, siguran\u021b\u0103, pro \u0219i contra\">Bitfinex<\/a>.<\/span><\/p>\n<h2><span class=\"ez-toc-section\" id=\"A_Step-By-Step_Guide_on_How_to_Buy_Ethereum_on_Bitfinex\"><\/span><span style=\"font-weight: 400;\">Un ghid pas cu pas despre cum s\u0103 cump\u0103ra\u021bi Ethereum pe Bitfinex<\/span><span class=\"ez-toc-section-end\"><\/span><\/h2>\n<h3><span class=\"ez-toc-section\" id=\"1_Register_an_Account_on_Bitfinex\"><\/span><span style=\"font-weight: 400;\">1. \u00cenregistra\u021bi un cont pe Bitfinex<\/span><span class=\"ez-toc-section-end\"><\/span><\/h3>\n<p><span style=\"font-weight: 400;\">Pentru a \u00eencepe, ve\u021bi avea nevoie de un <\/span><a href=\"https:\/\/www.bitfinex.com\/sign-up?refcode=kjCYk-CZD\" target=\"_blank\" rel=\"noopener\"><span style=\"font-weight: 400;\">Cont Bitfinex.<\/span><\/a><\/p>\n<p><img loading=\"lazy\" decoding=\"async\" class=\"alignnone wp-image-3138 size-full\" src=\"https:\/\/coinkickoff.com\/wp-content\/uploads\/bitfinex-exchange.jpg\" alt=\"Bitfinex Exchange Cum s\u0103 cump\u0103ra\u021bi Ethereum pe Bitfinex\" width=\"1876\" height=\"916\" srcset=\"https:\/\/coinkickoff.com\/wp-content\/uploads\/bitfinex-exchange.jpg 1876w, https:\/\/coinkickoff.com\/wp-content\/uploads\/bitfinex-exchange-300x146.jpg 300w, https:\/\/coinkickoff.com\/wp-content\/uploads\/bitfinex-exchange-1024x500.jpg 1024w, https:\/\/coinkickoff.com\/wp-content\/uploads\/bitfinex-exchange-768x375.jpg 768w, https:\/\/coinkickoff.com\/wp-content\/uploads\/bitfinex-exchange-1536x750.jpg 1536w, https:\/\/coinkickoff.com\/wp-content\/uploads\/bitfinex-exchange-18x9.jpg 18w\" sizes=\"auto, (max-width: 1876px) 100vw, 1876px\" \/><\/p>\n<p><span style=\"font-weight: 400;\">Dup\u0103 ce v\u0103 \u00eenregistra\u021bi, activa\u021bi autentificarea cu doi factori pentru a v\u0103 securiza contul.<\/span><\/p>\n<p><span style=\"font-weight: 400;\">Pute\u021bi dezactiva 2FA dup\u0103 prima autentificare, de\u0219i este recomandat s\u0103 \u00eel p\u0103stra\u021bi activat pentru a v\u0103 proteja contul de hackeri.<\/span><\/p>\n<p><span style=\"font-weight: 400;\">Este destul de simplu s\u0103 activa\u021bi autentificarea cu doi factori: Selecta\u021bi una dintre metodele oferite \u0219i ap\u0103sa\u021bi \u201cConfigurare\u201d.\u201d<\/span><\/p>\n<p><span style=\"font-weight: 400;\">Desigur, ave\u021bi nevoie de aplica\u021bia Google Authenticator pentru ca aceasta s\u0103 func\u021bioneze. Urma\u021bi instruc\u021biunile de pe ecran pentru a continua. C\u00e2nd a\u021bi terminat, Bitfinex v\u0103 va trimite un e-mail pentru a confirma c\u0103 a\u021bi activat 2FA.<\/span><\/p>\n<h3><span class=\"ez-toc-section\" id=\"2_Get_Verified_on_Bitfinex\"><\/span><span style=\"font-weight: 400;\">2. Ob\u021bine\u021bi verificarea pe Bitfinex<\/span><span class=\"ez-toc-section-end\"><\/span><\/h3>\n<p><span style=\"font-weight: 400;\">Urm\u0103torul pas este s\u0103 v\u0103 verifica\u021bi ID-ul pe platform\u0103. Ca majoritatea exchange-urilor, Bitfinex are un proces standard de verificare a ID-ului. Pentru a \u00eencepe, accesa\u021bi profilul dvs. prin logo-ul profilului de pe tabloul de bord \u0219i selecta\u021bi \u201cVerificare\u201d.\u201d<\/span><\/p>\n<p><span style=\"font-weight: 400;\">Trebuie s\u0103 finaliza\u021bi cel pu\u021bin o verificare de nivel intermediar pentru a cump\u0103ra active digitale precum Ethereum pe burs\u0103 cu bani fiat. Desigur, dac\u0103 tot ce dori\u021bi s\u0103 face\u021bi este s\u0103 tranzac\u021biona\u021bi perechi de criptomonede, de exemplu, tranzac\u021bionarea <a href=\"https:\/\/coinkickoff.com\/ro\/bitcoin-btc\/\" data-internallinksmanager029f6b8e52c=\"1\" title=\"Ce este Bitcoin (BTC)? Pre\u021b, istoric \u0219i unde se poate cump\u0103ra\">Bitcoin<\/a> pentru Ethereum, pute\u021bi s\u0103ri peste acest pas.<\/span><\/p>\n<p><span style=\"font-weight: 400;\">Verificarea intermediar\u0103 v\u0103 permite s\u0103 cump\u0103ra\u021bi ETH cu un card de credit prin Bitfinex Pay Merchants sau s\u0103 face\u021bi depuneri \u00een numerar prin SEPA. Pute\u021bi face depozite electronice dup\u0103 finalizarea verific\u0103rii complete.<\/span><\/p>\n<p><span style=\"font-weight: 400;\">Ap\u0103sa\u021bi \u201cStart Verification\u201d pentru a continua.<\/span><\/p>\n<p><span style=\"font-weight: 400;\">Introduce\u021bi numele \u021b\u0103rii dvs. de re\u0219edin\u021b\u0103 pentru a vedea tipurile de acte de identitate recomandate. Alege\u021bi ID-ul pe care dori\u021bi s\u0103 \u00eel trimite\u021bi \u0219i ap\u0103sa\u021bi \u201cContinuare\u201d.\u201d<\/span><\/p>\n<p><span style=\"font-weight: 400;\">Ve\u021bi avea nevoie de un dispozitiv mobil pentru a continua: Utiliza\u021bi camera telefonului pentru a scana codul \u0219i a deschide pagina de \u00eenc\u0103rcare. Apoi, pute\u021bi trimite fotografiile necesare.<\/span><\/p>\n<h3><span class=\"ez-toc-section\" id=\"3_Deposit_FundsCrypto\"><\/span><span style=\"font-weight: 400;\">3. Depunerea de fonduri\/criptomonede<\/span><span class=\"ez-toc-section-end\"><\/span><\/h3>\n<p><span style=\"font-weight: 400;\">Acum este timpul s\u0103 face\u021bi un depozit: Dac\u0103 ave\u021bi active digitale pe care dori\u021bi s\u0103 le tranzac\u021biona\u021bi pentru Ethereum pe Bitfinex, trebuie mai \u00eent\u00e2i s\u0103 transfera\u021bi aceste active \u00een contul dvs. Bitfinex. Selecta\u021bi \u201cDepozit\u201d pentru a vedea o list\u0103 de active pe care le pute\u021bi trimite pe platform\u0103.<\/span><\/p>\n<p><span style=\"font-weight: 400;\">Dup\u0103 ce v\u0103 selecta\u021bi activul, Bitfinex va genera o adres\u0103 de portofel pentru a v\u0103 trimite criptomoneda. Odat\u0103 ce a\u021bi finalizat depunerea, activele dvs. vor ap\u0103rea \u00een fila \u201cSolduri\u201d.<\/span><\/p>\n<h3><span class=\"ez-toc-section\" id=\"4_Navigate_to_the_Relevant_Screen_to_Buy\"><\/span><span style=\"font-weight: 400;\">4. Naviga\u021bi la ecranul relevant pentru a cump\u0103ra<\/span><span class=\"ez-toc-section-end\"><\/span><\/h3>\n<p><span style=\"font-weight: 400;\">Poate crede\u021bi c\u0103 sunte\u021bi gata s\u0103 cump\u0103ra\u021bi active digitale acum c\u0103 depunerea dvs. este complet\u0103, dar mai este un pas \u00eenainte de asta: Bitfinex v\u0103 trimite automat depozitul \u00een \u201cPortofelul de finan\u021bare\u201d, dar noi \u00eel vrem \u00een \u201cPortofelul de schimb\u201d.\u201d<\/span><\/p>\n<p><span style=\"font-weight: 400;\">Din fericire, este o opera\u021biune simpl\u0103: \u00cen fila dvs. \u201cBalan\u021be\u201d, selecta\u021bi fondurile pe care dori\u021bi s\u0103 le schimba\u021bi \u0219i face\u021bi clic pe \u201cTransfer\u201d. Odat\u0103 ce acestea se afl\u0103 \u00een portofelul de schimb, le pute\u021bi schimba pentru Ether.<\/span><\/p>\n<p><span style=\"font-weight: 400;\">Pentru a \u00eencepe, merge\u021bi la fila \u201cTranzac\u021bionare\u201d. Acum, dac\u0103 a\u021bi depozitat active digitale, dori\u021bi s\u0103 c\u0103uta\u021bi pia\u021ba Ethereum pentru activul respectiv. De exemplu, dac\u0103 ave\u021bi <a href=\"https:\/\/coinkickoff.com\/ro\/tether-usdt\/\" data-internallinksmanager029f6b8e52c=\"3\" title=\"Ce este Tether (USDT)? Cum func\u021bioneaz\u0103 \u0219i de unde se poate cump\u0103ra?\">USDT<\/a>, c\u0103uta\u021bi ETH\/USDT.\u00a0<\/span><\/p>\n<p><span style=\"font-weight: 400;\">Pentru moneda fiat, c\u0103uta\u021bi perechile ETH\/USD sau ETH\/EUR. Dup\u0103 ce ob\u021bine\u021bi perechea dorit\u0103, face\u021bi clic pe aceasta pentru a vedea interfa\u021ba de tranzac\u021bionare.\u00a0<\/span><\/p>\n<p><span style=\"font-weight: 400;\">Pur \u0219i simplu introduce\u021bi cantitatea de Ethereum pe care dori\u021bi s\u0103 o cump\u0103ra\u021bi pentru activele dumneavoastr\u0103. Pute\u021bi ajusta manual pre\u021bul pe care sunte\u021bi dispus s\u0103 \u00eel pl\u0103ti\u021bi. Odat\u0103 ce formularul este complet, ap\u0103sa\u021bi \u201cExchange Buy\u201d.\u201d<\/span><\/p>\n<p><span style=\"font-weight: 400;\">Acesta este modul de a cump\u0103ra Ethereum pe Bitfinex. Dac\u0103 v\u0103 decide\u021bi s\u0103 cump\u0103ra\u021bi Ethereum pe o alt\u0103 burs\u0103, v\u0103 pute\u021bi uita, de asemenea, la diferitele noastre <a href=\"https:\/\/coinkickoff.com\/ro\/crypto-exchanges\/\">comentarii de schimb<\/a> \u0219i <a href=\"https:\/\/coinkickoff.com\/ro\/how-to-buy-ethereum\/\">ghidaje<\/a>.<\/span><\/p>","protected":false},"excerpt":{"rendered":"<p>Cum s\u0103 cump\u0103ra\u021bi Ethereum pe Bitfinex Dori\u021bi s\u0103 cump\u0103ra\u021bi Ethereum pe Bitfinex? Avem exact ghidul potrivit pentru dvs. cu instruc\u021biuni pas cu pas. Iat\u0103 cum s\u0103 cump\u0103ra\u021bi Ethereum pe Bitfinex. Un ghid pas cu pas despre cum s\u0103 cump\u0103ra\u021bi Ethereum pe Bitfinex 1. \u00cenregistra\u021bi un cont pe Bitfinex Pentru \u00eenceput, ve\u021bi avea nevoie de un [...]<\/p>","protected":false},"author":3,"featured_media":0,"parent":3937,"menu_order":0,"comment_status":"closed","ping_status":"closed","template":"","meta":{"_genesis_hide_title":false,"_genesis_hide_breadcrumbs":false,"_genesis_hide_singular_image":false,"_genesis_hide_footer_widgets":false,"_genesis_custom_body_class":"","_genesis_custom_post_class":"","_genesis_layout":"","_glsr_average":0,"_glsr_ranking":0,"_glsr_reviews":0,"footnotes":""},"class_list":{"0":"post-4172","1":"page","2":"type-page","3":"status-publish","5":"entry"},"featured_image_src":null,"featured_image_src_square":null,"_links":{"self":[{"href":"https:\/\/coinkickoff.com\/ro\/wp-json\/wp\/v2\/pages\/4172","targetHints":{"allow":["GET"]}}],"collection":[{"href":"https:\/\/coinkickoff.com\/ro\/wp-json\/wp\/v2\/pages"}],"about":[{"href":"https:\/\/coinkickoff.com\/ro\/wp-json\/wp\/v2\/types\/page"}],"author":[{"embeddable":true,"href":"https:\/\/coinkickoff.com\/ro\/wp-json\/wp\/v2\/users\/3"}],"replies":[{"embeddable":true,"href":"https:\/\/coinkickoff.com\/ro\/wp-json\/wp\/v2\/comments?post=4172"}],"version-history":[{"count":1,"href":"https:\/\/coinkickoff.com\/ro\/wp-json\/wp\/v2\/pages\/4172\/revisions"}],"predecessor-version":[{"id":4173,"href":"https:\/\/coinkickoff.com\/ro\/wp-json\/wp\/v2\/pages\/4172\/revisions\/4173"}],"up":[{"embeddable":true,"href":"https:\/\/coinkickoff.com\/ro\/wp-json\/wp\/v2\/pages\/3937"}],"wp:attachment":[{"href":"https:\/\/coinkickoff.com\/ro\/wp-json\/wp\/v2\/media?parent=4172"}],"curies":[{"name":"wp","href":"https:\/\/api.w.org\/{rel}","templated":true}]}}