{"id":4045,"date":"2026-01-08T14:07:39","date_gmt":"2026-01-08T14:07:39","guid":{"rendered":"https:\/\/coinkickoff.com\/?page_id=4045"},"modified":"2026-01-08T14:07:39","modified_gmt":"2026-01-08T14:07:39","slug":"how-to-buy-cardano-on-kucoin","status":"publish","type":"page","link":"https:\/\/coinkickoff.com\/ro\/how-to-buy-cardano\/how-to-buy-cardano-on-kucoin\/","title":{"rendered":"Cum s\u0103 cump\u0103ra\u021bi Cardano pe Kucoin"},"content":{"rendered":"<div id=\"ez-toc-container\" class=\"ez-toc-v2_0_80 counter-hierarchy ez-toc-counter ez-toc-transparent ez-toc-container-direction\">\n<div class=\"ez-toc-title-container\">\n<p class=\"ez-toc-title\" style=\"cursor:inherit\">Sec\u021biuni<\/p>\n<span class=\"ez-toc-title-toggle\"><a href=\"#\" class=\"ez-toc-pull-right ez-toc-btn ez-toc-btn-xs ez-toc-btn-default ez-toc-toggle\" aria-label=\"Comuta\u021bi tabelul de con\u021binut\"><span class=\"ez-toc-js-icon-con\"><span class=\"\"><span class=\"eztoc-hide\" style=\"display:none;\">Toggle<\/span><span class=\"ez-toc-icon-toggle-span\"><svg style=\"fill: #999;color:#999\" xmlns=\"http:\/\/www.w3.org\/2000\/svg\" class=\"list-377408\" width=\"20px\" height=\"20px\" viewbox=\"0 0 24 24\" fill=\"none\"><path d=\"M6 6H4v2h2V6zm14 0H8v2h12V6zM4 11h2v2H4v-2zm16 0H8v2h12v-2zM4 16h2v2H4v-2zm16 0H8v2h12v-2z\" fill=\"currentColor\"><\/path><\/svg><svg style=\"fill: #999;color:#999\" class=\"arrow-unsorted-368013\" xmlns=\"http:\/\/www.w3.org\/2000\/svg\" width=\"10px\" height=\"10px\" viewbox=\"0 0 24 24\" version=\"1.2\" baseprofile=\"tiny\"><path d=\"M18.2 9.3l-6.2-6.3-6.2 6.3c-.2.2-.3.4-.3.7s.1.5.3.7c.2.2.4.3.7.3h11c.3 0 .5-.1.7-.3.2-.2.3-.5.3-.7s-.1-.5-.3-.7zM5.8 14.7l6.2 6.3 6.2-6.3c.2-.2.3-.5.3-.7s-.1-.5-.3-.7c-.2-.2-.4-.3-.7-.3h-11c-.3 0-.5.1-.7.3-.2.2-.3.5-.3.7s.1.5.3.7z\"\/><\/svg><\/span><\/span><\/span><\/a><\/span><\/div>\n<nav><ul class='ez-toc-list ez-toc-list-level-1 eztoc-toggle-hide-by-default' ><li class='ez-toc-page-1 ez-toc-heading-level-1'><a class=\"ez-toc-link ez-toc-heading-1\" href=\"https:\/\/coinkickoff.com\/ro\/how-to-buy-cardano\/how-to-buy-cardano-on-kucoin\/#How_to_Buy_Cardano_on_Kucoin\" >Cum s\u0103 cump\u0103ra\u021bi Cardano pe Kucoin<\/a><ul class='ez-toc-list-level-2' ><li class='ez-toc-heading-level-2'><a class=\"ez-toc-link ez-toc-heading-2\" href=\"https:\/\/coinkickoff.com\/ro\/how-to-buy-cardano\/how-to-buy-cardano-on-kucoin\/#A_Step-By-Step_Guide_on_How_to_Buy_Cardano_on_Kucoin\" >Un ghid pas cu pas despre cum s\u0103 cump\u0103ra\u021bi Cardano pe Kucoin<\/a><ul class='ez-toc-list-level-3' ><li class='ez-toc-heading-level-3'><a class=\"ez-toc-link ez-toc-heading-3\" href=\"https:\/\/coinkickoff.com\/ro\/how-to-buy-cardano\/how-to-buy-cardano-on-kucoin\/#1_Register_an_Account\" >1. \u00cenregistra\u021bi un cont<\/a><\/li><li class='ez-toc-page-1 ez-toc-heading-level-3'><a class=\"ez-toc-link ez-toc-heading-4\" href=\"https:\/\/coinkickoff.com\/ro\/how-to-buy-cardano\/how-to-buy-cardano-on-kucoin\/#2_Verify_Your_Account\" >2. Verificarea contului dvs.<\/a><\/li><li class='ez-toc-page-1 ez-toc-heading-level-3'><a class=\"ez-toc-link ez-toc-heading-5\" href=\"https:\/\/coinkickoff.com\/ro\/how-to-buy-cardano\/how-to-buy-cardano-on-kucoin\/#3_Deposit_Crypto\" >3. Depune\u021bi Crypto<\/a><\/li><li class='ez-toc-page-1 ez-toc-heading-level-3'><a class=\"ez-toc-link ez-toc-heading-6\" href=\"https:\/\/coinkickoff.com\/ro\/how-to-buy-cardano\/how-to-buy-cardano-on-kucoin\/#4_Navigate_to_the_Relevant_Screen_to_Buy\" >4. Naviga\u021bi la ecranul relevant pentru a cump\u0103ra<\/a><ul class='ez-toc-list-level-4' ><li class='ez-toc-heading-level-4'><a class=\"ez-toc-link ez-toc-heading-7\" href=\"https:\/\/coinkickoff.com\/ro\/how-to-buy-cardano\/how-to-buy-cardano-on-kucoin\/#Fast_Trade_allows_you_to_buy_ADA_with_credit_and_debit_cards_and_Third-party_buy_supports_payment_channels_such_as_Banxa_and_Simplex\" >Fast Trade v\u0103 permite s\u0103 cump\u0103ra\u021bi ADA cu carduri de credit \u0219i de debit, iar op\u021biunea de cump\u0103rare de la ter\u021bi accept\u0103 canale de plat\u0103 precum Banxa \u0219i Simplex.\u00a0<\/a><\/li><li class='ez-toc-page-1 ez-toc-heading-level-4'><a class=\"ez-toc-link ez-toc-heading-8\" href=\"https:\/\/coinkickoff.com\/ro\/how-to-buy-cardano\/how-to-buy-cardano-on-kucoin\/#P2P_is_a_peer_network_where_you_can_use_bank_transfers_to_buy_digital_currencies_however_its_not_possible_to_buy_ADA_with_this_option\" >P2P este o re\u021bea peer unde pute\u021bi utiliza transferuri bancare pentru a cump\u0103ra monede digitale, \u00eens\u0103 nu este posibil s\u0103 cump\u0103ra\u021bi ADA cu aceast\u0103 op\u021biune.<\/a><\/li><li class='ez-toc-page-1 ez-toc-heading-level-4'><a class=\"ez-toc-link ez-toc-heading-9\" href=\"https:\/\/coinkickoff.com\/ro\/how-to-buy-cardano\/how-to-buy-cardano-on-kucoin\/#Fast_Trade\" >Comer\u021b rapid<\/a><\/li><li class='ez-toc-page-1 ez-toc-heading-level-4'><a class=\"ez-toc-link ez-toc-heading-10\" href=\"https:\/\/coinkickoff.com\/ro\/how-to-buy-cardano\/how-to-buy-cardano-on-kucoin\/#Third-Party\" >Ter\u021bi<\/a><\/li><\/ul><\/li><\/ul><\/li><\/ul><\/li><\/ul><\/nav><\/div>\n<h1><span class=\"ez-toc-section\" id=\"How_to_Buy_Cardano_on_Kucoin\"><\/span><span style=\"font-weight: 400;\">Cum s\u0103 cump\u0103ra\u021bi Cardano pe Kucoin<\/span><span class=\"ez-toc-section-end\"><\/span><\/h1>\n<p><span style=\"font-weight: 400;\">Dac\u0103 nu a\u021bi folosit <a href=\"https:\/\/coinkickoff.com\/ro\/kucoin-review\/\" data-internallinksmanager029f6b8e52c=\"153\" title=\"KuCoin Recenzii 2023: Taxe, siguran\u021b\u0103, pro \u0219i contra\">Kucoin<\/a> pentru a cump\u0103ra <a href=\"https:\/\/coinkickoff.com\/ro\/cardano-ada\/\" data-internallinksmanager029f6b8e52c=\"9\" title=\"Ce este Cardano (ADA)? Cum func\u021bioneaz\u0103 \u0219i de unde se poate cump\u0103ra?\">Cardano<\/a> (ADA) \u00eenainte, este posibil s\u0103 nu \u0219ti\u021bi cum s\u0103 proceda\u021bi. Dar nu trebuie s\u0103 v\u0103 face\u021bi griji: v\u0103 vom ar\u0103ta cum s\u0103 cump\u0103ra\u021bi Cardano pe <\/span><a href=\"https:\/\/coinkickoff.com\/ro\/kucoin-review\/\"><span style=\"font-weight: 400;\">Kucoin<\/span><\/a><span style=\"font-weight: 400;\"> cu instruc\u021biuni pas cu pas.<\/span><\/p>\n<h2><span class=\"ez-toc-section\" id=\"A_Step-By-Step_Guide_on_How_to_Buy_Cardano_on_Kucoin\"><\/span><span style=\"font-weight: 400;\">Un ghid pas cu pas despre cum s\u0103 cump\u0103ra\u021bi Cardano pe Kucoin<\/span><span class=\"ez-toc-section-end\"><\/span><\/h2>\n<h3><span class=\"ez-toc-section\" id=\"1_Register_an_Account\"><\/span><span style=\"font-weight: 400;\">1. \u00cenregistra\u021bi un cont<\/span><span class=\"ez-toc-section-end\"><\/span><\/h3>\n<p><img loading=\"lazy\" decoding=\"async\" class=\"alignnone wp-image-3269 size-full\" src=\"https:\/\/coinkickoff.com\/wp-content\/uploads\/kucoin-register.png\" alt=\"cump\u0103ra doge pe kucoin registru\" width=\"1421\" height=\"788\" srcset=\"https:\/\/coinkickoff.com\/wp-content\/uploads\/kucoin-register.png 1421w, https:\/\/coinkickoff.com\/wp-content\/uploads\/kucoin-register-300x166.png 300w, https:\/\/coinkickoff.com\/wp-content\/uploads\/kucoin-register-1024x568.png 1024w, https:\/\/coinkickoff.com\/wp-content\/uploads\/kucoin-register-768x426.png 768w, https:\/\/coinkickoff.com\/wp-content\/uploads\/kucoin-register-18x10.png 18w\" sizes=\"auto, (max-width: 1421px) 100vw, 1421px\" \/><\/p>\n<p><span style=\"font-weight: 400;\">Ave\u021bi nevoie de un <\/span><a href=\"https:\/\/www.kucoin.com\/r\/af\/rMJPV3B\" target=\"_blank\" rel=\"noopener\"><span style=\"font-weight: 400;\">Kucoin<\/span><\/a><span style=\"font-weight: 400;\"> pentru a cump\u0103ra ADA pe platform\u0103, a\u0219a c\u0103 \u00eencepe\u021bi prin a v\u0103 \u00eenregistra cu e-mailul \u0219i parola.<\/span><\/p>\n<h3><span class=\"ez-toc-section\" id=\"2_Verify_Your_Account\"><\/span><span style=\"font-weight: 400;\">2. Verificarea contului dvs.<\/span><span class=\"ez-toc-section-end\"><\/span><\/h3>\n<p><span style=\"font-weight: 400;\">Dup\u0103 ce v\u0103 \u00eenscrie\u021bi, pute\u021bi \u00eencepe procesul de verificare. La fel ca majoritatea celorlalte burse globale, Kucoin permite comercian\u021bilor s\u0103 fac\u0103 schimb de active digitale pe platform\u0103 f\u0103r\u0103 verificarea ID-ului, dar dac\u0103 nu de\u021bine\u021bi \u00eenc\u0103 niciun activ digital, trebuie s\u0103 finaliza\u021bi acest pas pentru a cump\u0103ra ADA pe platform\u0103.<\/span><\/p>\n<p><span style=\"font-weight: 400;\">Este un proces simplu: selecta\u021bi fila \"Identity Verification\" (Verificarea identit\u0103\u021bii) de pe pagina de profil.\u00a0<\/span><\/p>\n<p><img loading=\"lazy\" decoding=\"async\" class=\"alignnone wp-image-3272 size-full\" src=\"https:\/\/coinkickoff.com\/wp-content\/uploads\/kucoin-identity-verification.png\" alt=\"kucoin verificare id 1\" width=\"1420\" height=\"785\" srcset=\"https:\/\/coinkickoff.com\/wp-content\/uploads\/kucoin-identity-verification.png 1420w, https:\/\/coinkickoff.com\/wp-content\/uploads\/kucoin-identity-verification-300x166.png 300w, https:\/\/coinkickoff.com\/wp-content\/uploads\/kucoin-identity-verification-1024x566.png 1024w, https:\/\/coinkickoff.com\/wp-content\/uploads\/kucoin-identity-verification-768x425.png 768w, https:\/\/coinkickoff.com\/wp-content\/uploads\/kucoin-identity-verification-18x10.png 18w\" sizes=\"auto, (max-width: 1420px) 100vw, 1420px\" \/><\/p>\n<p><span style=\"font-weight: 400;\">Ave\u021bi acces la func\u021biile de baz\u0103, dar depozitele de fiat sunt considerate func\u021bii avansate, a\u0219a c\u0103 trebuie s\u0103 v\u0103 verifica\u021bi identitatea pentru a le face posibile.<\/span><\/p>\n<p><img loading=\"lazy\" decoding=\"async\" class=\"alignnone wp-image-3270 size-full\" src=\"https:\/\/coinkickoff.com\/wp-content\/uploads\/kucoin-id-verification-2.png\" alt=\"kucoin verificarea identit\u0103\u021bii 2\" width=\"1407\" height=\"706\" srcset=\"https:\/\/coinkickoff.com\/wp-content\/uploads\/kucoin-id-verification-2.png 1407w, https:\/\/coinkickoff.com\/wp-content\/uploads\/kucoin-id-verification-2-300x151.png 300w, https:\/\/coinkickoff.com\/wp-content\/uploads\/kucoin-id-verification-2-1024x514.png 1024w, https:\/\/coinkickoff.com\/wp-content\/uploads\/kucoin-id-verification-2-768x385.png 768w, https:\/\/coinkickoff.com\/wp-content\/uploads\/kucoin-id-verification-2-18x9.png 18w\" sizes=\"auto, (max-width: 1407px) 100vw, 1407px\" \/><\/p>\n<p><span style=\"font-weight: 400;\">Kucoin are un proces \u00een trei etape: informa\u021bii personale, verificarea identit\u0103\u021bii prin intermediul unui act de identitate oficial \u0219i recunoa\u0219terea facial\u0103 pentru a v\u0103 asigura c\u0103 sunte\u021bi proprietarul c\u0103r\u021bii de identitate.<\/span><\/p>\n<p><img loading=\"lazy\" decoding=\"async\" class=\"alignnone wp-image-3271 size-full\" src=\"https:\/\/coinkickoff.com\/wp-content\/uploads\/kucoin-id-verification-3.png\" alt=\"kucoin verificare id 3 \" width=\"1412\" height=\"789\" srcset=\"https:\/\/coinkickoff.com\/wp-content\/uploads\/kucoin-id-verification-3.png 1412w, https:\/\/coinkickoff.com\/wp-content\/uploads\/kucoin-id-verification-3-300x168.png 300w, https:\/\/coinkickoff.com\/wp-content\/uploads\/kucoin-id-verification-3-1024x572.png 1024w, https:\/\/coinkickoff.com\/wp-content\/uploads\/kucoin-id-verification-3-768x429.png 768w, https:\/\/coinkickoff.com\/wp-content\/uploads\/kucoin-id-verification-3-18x10.png 18w\" sizes=\"auto, (max-width: 1412px) 100vw, 1412px\" \/><\/p>\n<p><span style=\"font-weight: 400;\">Completa\u021bi to\u021bi cei trei pa\u0219i pentru a v\u0103 verifica identitatea \u0219i pute\u021bi trece la depunerea de fonduri \u00een cont.<\/span><\/p>\n<h3><span class=\"ez-toc-section\" id=\"3_Deposit_Crypto\"><\/span><span style=\"font-weight: 400;\">3. Depune\u021bi Crypto<\/span><span class=\"ez-toc-section-end\"><\/span><\/h3>\n<p><span style=\"font-weight: 400;\">\u00cen prezent, nu pute\u021bi trimite bani la Kucoin prin transferuri bancare, dar pute\u021bi depune cripto pe platform\u0103. Dac\u0103 aceasta nu este o op\u021biune pentru tine, mergi la urm\u0103toarea sec\u021biune, unde explic\u0103m cum s\u0103 cumperi Cardano pe Kucoin cu bani fiat.<\/span><\/p>\n<p><span style=\"font-weight: 400;\">Dac\u0103 ave\u021bi active digitale pe care dori\u021bi s\u0103 le tranzac\u021biona\u021bi pentru ADA, trebuie s\u0103 le transfera\u021bi mai \u00eent\u00e2i \u00een Kucoin. Pentru a face acest lucru, merge\u021bi la pagina \"Active\" \u0219i selecta\u021bi \"Depozit\".<\/span><\/p>\n<p><img loading=\"lazy\" decoding=\"async\" class=\"alignnone wp-image-3273 size-full\" src=\"https:\/\/coinkickoff.com\/wp-content\/uploads\/kucoin-deposit.png\" alt=\"kucoin fonduri de depozit 1\" width=\"1427\" height=\"758\" srcset=\"https:\/\/coinkickoff.com\/wp-content\/uploads\/kucoin-deposit.png 1427w, https:\/\/coinkickoff.com\/wp-content\/uploads\/kucoin-deposit-300x159.png 300w, https:\/\/coinkickoff.com\/wp-content\/uploads\/kucoin-deposit-1024x544.png 1024w, https:\/\/coinkickoff.com\/wp-content\/uploads\/kucoin-deposit-768x408.png 768w, https:\/\/coinkickoff.com\/wp-content\/uploads\/kucoin-deposit-18x10.png 18w\" sizes=\"auto, (max-width: 1427px) 100vw, 1427px\" \/><\/p>\n<p><span style=\"font-weight: 400;\">Selecta\u021bi activul digital pe care dori\u021bi s\u0103 \u00eel transfera\u021bi \u00een portofelul Kucoin. De exemplu, s\u0103 spunem c\u0103 ave\u021bi ni\u0219te <a href=\"https:\/\/coinkickoff.com\/ro\/bitcoin-btc\/\" data-internallinksmanager029f6b8e52c=\"1\" title=\"Ce este Bitcoin (BTC)? Pre\u021b, istoric \u0219i unde se poate cump\u0103ra\">BTC<\/a> pe care dori\u021bi s\u0103 le depune\u021bi pe platform\u0103. Selecta\u021bi BTC din list\u0103 \u0219i copia\u021bi adresa de portofel pe care o ofer\u0103 Kucoin.<\/span><\/p>\n<p><span style=\"font-weight: 400;\">Aceasta va fi adresa unic\u0103 a portofelului dvs. BTC pe platforma Kucoin. Pute\u021bi utiliza adresa pentru a transfera BTC \u00een Kucoin.\u00a0<\/span><\/p>\n<h3><span class=\"ez-toc-section\" id=\"4_Navigate_to_the_Relevant_Screen_to_Buy\"><\/span><span style=\"font-weight: 400;\">4. Naviga\u021bi la ecranul relevant pentru a cump\u0103ra<\/span><span class=\"ez-toc-section-end\"><\/span><\/h3>\n<p><span style=\"font-weight: 400;\">Face\u021bi clic pe fila \"Buy Crypto\" din tabloul de bord.\u00a0<\/span><\/p>\n<p><img loading=\"lazy\" decoding=\"async\" class=\"alignnone wp-image-3274 size-full\" src=\"https:\/\/coinkickoff.com\/wp-content\/uploads\/kucoin-buy-crypto.png\" alt=\"kucoin cumpara ecran\" width=\"1418\" height=\"692\" srcset=\"https:\/\/coinkickoff.com\/wp-content\/uploads\/kucoin-buy-crypto.png 1418w, https:\/\/coinkickoff.com\/wp-content\/uploads\/kucoin-buy-crypto-300x146.png 300w, https:\/\/coinkickoff.com\/wp-content\/uploads\/kucoin-buy-crypto-1024x500.png 1024w, https:\/\/coinkickoff.com\/wp-content\/uploads\/kucoin-buy-crypto-768x375.png 768w, https:\/\/coinkickoff.com\/wp-content\/uploads\/kucoin-buy-crypto-18x9.png 18w\" sizes=\"auto, (max-width: 1418px) 100vw, 1418px\" \/><\/p>\n<h4><span class=\"ez-toc-section\" id=\"Fast_Trade_allows_you_to_buy_ADA_with_credit_and_debit_cards_and_Third-party_buy_supports_payment_channels_such_as_Banxa_and_Simplex\"><\/span><span style=\"font-weight: 400;\">Fast Trade v\u0103 permite s\u0103 cump\u0103ra\u021bi ADA cu carduri de credit \u0219i de debit, iar op\u021biunea de cump\u0103rare de la ter\u021bi accept\u0103 canale de plat\u0103 precum Banxa \u0219i Simplex.\u00a0<\/span><span class=\"ez-toc-section-end\"><\/span><\/h4>\n<h4><span class=\"ez-toc-section\" id=\"P2P_is_a_peer_network_where_you_can_use_bank_transfers_to_buy_digital_currencies_however_its_not_possible_to_buy_ADA_with_this_option\"><\/span><span style=\"font-weight: 400;\">P2P este o re\u021bea peer unde pute\u021bi utiliza transferuri bancare pentru a cump\u0103ra monede digitale, \u00eens\u0103 nu este posibil s\u0103 cump\u0103ra\u021bi ADA cu aceast\u0103 op\u021biune.<\/span><span class=\"ez-toc-section-end\"><\/span><\/h4>\n<h4><span class=\"ez-toc-section\" id=\"Fast_Trade\"><\/span><span style=\"font-weight: 400;\">Comer\u021b rapid<\/span><span class=\"ez-toc-section-end\"><\/span><\/h4>\n<p><span style=\"font-weight: 400;\">Cu Fast Trade, pute\u021bi cump\u0103ra ADA cu carduri de debit \u0219i de credit Visa \u0219i Mastercard, precum \u0219i cu alte op\u021biuni, cum ar fi SEPA \u0219i Paypal. Pur \u0219i simplu completa\u021bi formularul de comand\u0103 de cump\u0103rare, selecta\u021bi ADA din list\u0103 \u0219i alege\u021bi o metod\u0103 de plat\u0103.\u00a0<\/span><\/p>\n<p><img loading=\"lazy\" decoding=\"async\" class=\"alignnone wp-image-3275 size-full\" src=\"https:\/\/coinkickoff.com\/wp-content\/uploads\/kucoin-buy-crypto-one-click.png\" alt=\"kucoin cu un singur clic cump\u0103ra\" width=\"1421\" height=\"770\" srcset=\"https:\/\/coinkickoff.com\/wp-content\/uploads\/kucoin-buy-crypto-one-click.png 1421w, https:\/\/coinkickoff.com\/wp-content\/uploads\/kucoin-buy-crypto-one-click-300x163.png 300w, https:\/\/coinkickoff.com\/wp-content\/uploads\/kucoin-buy-crypto-one-click-1024x555.png 1024w, https:\/\/coinkickoff.com\/wp-content\/uploads\/kucoin-buy-crypto-one-click-768x416.png 768w, https:\/\/coinkickoff.com\/wp-content\/uploads\/kucoin-buy-crypto-one-click-18x10.png 18w\" sizes=\"auto, (max-width: 1421px) 100vw, 1421px\" \/><\/p>\n<p><span style=\"font-weight: 400;\">Dac\u0103 dori\u021bi s\u0103 pl\u0103ti\u021bi cu un card de credit sau de debit, trebuie s\u0103 introduce\u021bi datele cardului \u00eenainte de a continua.<\/span><\/p>\n<p><img loading=\"lazy\" decoding=\"async\" class=\"alignnone wp-image-3276 size-full\" src=\"https:\/\/coinkickoff.com\/wp-content\/uploads\/kucoin-select-paymnet-method.png\" alt=\"\" width=\"1424\" height=\"794\" srcset=\"https:\/\/coinkickoff.com\/wp-content\/uploads\/kucoin-select-paymnet-method.png 1424w, https:\/\/coinkickoff.com\/wp-content\/uploads\/kucoin-select-paymnet-method-300x167.png 300w, https:\/\/coinkickoff.com\/wp-content\/uploads\/kucoin-select-paymnet-method-1024x571.png 1024w, https:\/\/coinkickoff.com\/wp-content\/uploads\/kucoin-select-paymnet-method-768x428.png 768w, https:\/\/coinkickoff.com\/wp-content\/uploads\/kucoin-select-paymnet-method-18x10.png 18w\" sizes=\"auto, (max-width: 1424px) 100vw, 1424px\" \/><\/p>\n<p><span style=\"font-weight: 400;\">Alte op\u021biuni includ Zelle, <a href=\"https:\/\/coinkickoff.com\/ro\/uphold-review\/\" data-internallinksmanager029f6b8e52c=\"156\" title=\"Sus\u021bine\u021bi recenzii 2023: Taxe, caracteristici, siguran\u021b\u0103, argumente pro \u0219i contra\">Sus\u021bine\u021bi<\/a>, Advcash \u0219i Payeer. Dup\u0103 ce a\u021bi setat metoda de plat\u0103, merge\u021bi mai departe \u0219i ap\u0103sa\u021bi butonul \"Cump\u0103r\u0103 ADA\". Ve\u021bi vedea o previzualizare a comenzii care rezum\u0103 c\u00e2t de mult ADA ve\u021bi primi \u0219i toate taxele care se aplic\u0103.\u00a0\u00a0<\/span><\/p>\n<p><span style=\"font-weight: 400;\">Confirma\u021bi comanda, iar ADA token-urile dvs. vor ap\u0103rea \u00een portofelul dvs. \u00een c\u00e2teva minute.<\/span><\/p>\n<h4><span class=\"ez-toc-section\" id=\"Third-Party\"><\/span><span style=\"font-weight: 400;\">Ter\u021bi<\/span><span class=\"ez-toc-section-end\"><\/span><\/h4>\n<p><img loading=\"lazy\" decoding=\"async\" class=\"alignnone wp-image-3278 size-full\" src=\"https:\/\/coinkickoff.com\/wp-content\/uploads\/kucoin-screenshot.png\" alt=\"Cum s\u0103 cump\u0103ra\u021bi Cardano pe Kucoin\" width=\"1436\" height=\"673\" srcset=\"https:\/\/coinkickoff.com\/wp-content\/uploads\/kucoin-screenshot.png 1436w, https:\/\/coinkickoff.com\/wp-content\/uploads\/kucoin-screenshot-300x141.png 300w, https:\/\/coinkickoff.com\/wp-content\/uploads\/kucoin-screenshot-1024x480.png 1024w, https:\/\/coinkickoff.com\/wp-content\/uploads\/kucoin-screenshot-768x360.png 768w, https:\/\/coinkickoff.com\/wp-content\/uploads\/kucoin-screenshot-18x8.png 18w\" sizes=\"auto, (max-width: 1436px) 100vw, 1436px\" \/><\/p>\n<p><span style=\"font-weight: 400;\">Dac\u0103 folosi\u021bi deja un canal de plat\u0103 ter\u021b\u0103 parte, cum ar fi <\/span><a href=\"https:\/\/banxa.com\/case-study\/kucoin\/\" target=\"_blank\" rel=\"noopener\"><span style=\"font-weight: 400;\">Banxa<\/span><\/a><span style=\"font-weight: 400;\"> sau <\/span><a href=\"https:\/\/www.simplex.com\" target=\"_blank\" rel=\"noopener\"><span style=\"font-weight: 400;\">Simplex<\/span><\/a><span style=\"font-weight: 400;\">, aceasta poate fi o op\u021biune convenabil\u0103. Dac\u0103 nu ave\u021bi un cont Simplex sau Banxa, v\u0103 pute\u021bi \u00eenregistra pentru unul \u00een momentul \u00een care plasa\u021bi o comand\u0103.<\/span><\/p>\n<p><span style=\"font-weight: 400;\">\u00cencepe\u021bi prin a completa formularul de comand\u0103 de cump\u0103rare: Selecta\u021bi ADA ca activul dorit, introduce\u021bi suma pe care dori\u021bi s\u0103 o cheltui\u021bi \u0219i selecta\u021bi o metod\u0103 \u0219i un canal de plat\u0103.<\/span><\/p>\n<p><span style=\"font-weight: 400;\">Toate taxele vor fi afi\u0219ate \u00eenainte de a putea continua comanda.\u00a0<\/span><\/p>\n<p><span style=\"font-weight: 400;\">Odat\u0103 ce a\u021bi ap\u0103sat pe \"Cump\u0103r\u0103\", Kucoin v\u0103 trimite pe site-ul web al unei ter\u021be p\u0103r\u021bi pentru a finaliza comanda.\u00a0<\/span><\/p>\n<p><span style=\"font-weight: 400;\">Cam asta e tot pentru cum s\u0103 cump\u0103ra\u021bi Cardano pe Kucoin. Dup\u0103 cum pute\u021bi vedea, ave\u021bi destul de multe op\u021biuni, a\u0219a c\u0103 ar trebui s\u0103 fie o c\u0103l\u0103torie u\u0219oar\u0103. Dac\u0103 ave\u021bi \u00eentreb\u0103ri, pute\u021bi, de asemenea, s\u0103 consulta\u021bi pagina noastr\u0103 de <a href=\"https:\/\/coinkickoff.com\/ro\/crypto-exchanges\/\">comentarii de schimb<\/a> \u0219i <a href=\"https:\/\/coinkickoff.com\/ro\/how-to-buy-cardano\/\">cum s\u0103 cump\u0103ra\u021bi<\/a> pentru mai multe informa\u021bii.<\/span><\/p>","protected":false},"excerpt":{"rendered":"<p>Cum s\u0103 cump\u0103ra\u021bi Cardano pe Kucoin Dac\u0103 nu a\u021bi mai folosit Kucoin pentru a cump\u0103ra Cardano (ADA) \u00eenainte, s-ar putea s\u0103 nu \u0219ti\u021bi cum s\u0103 proceda\u021bi. Dar nu trebuie s\u0103 v\u0103 face\u021bi griji: v\u0103 vom ar\u0103ta cum s\u0103 cump\u0103ra\u021bi Cardano pe Kucoin cu instruc\u021biuni pas cu pas. Un ghid pas cu pas despre cum s\u0103 cump\u0103ra\u021bi Cardano pe Kucoin [...]<\/p>","protected":false},"author":3,"featured_media":0,"parent":4010,"menu_order":0,"comment_status":"closed","ping_status":"closed","template":"","meta":{"_genesis_hide_title":false,"_genesis_hide_breadcrumbs":false,"_genesis_hide_singular_image":false,"_genesis_hide_footer_widgets":false,"_genesis_custom_body_class":"","_genesis_custom_post_class":"","_genesis_layout":"","_glsr_average":0,"_glsr_ranking":0,"_glsr_reviews":0,"footnotes":""},"class_list":{"0":"post-4045","1":"page","2":"type-page","3":"status-publish","5":"entry"},"featured_image_src":null,"featured_image_src_square":null,"_links":{"self":[{"href":"https:\/\/coinkickoff.com\/ro\/wp-json\/wp\/v2\/pages\/4045","targetHints":{"allow":["GET"]}}],"collection":[{"href":"https:\/\/coinkickoff.com\/ro\/wp-json\/wp\/v2\/pages"}],"about":[{"href":"https:\/\/coinkickoff.com\/ro\/wp-json\/wp\/v2\/types\/page"}],"author":[{"embeddable":true,"href":"https:\/\/coinkickoff.com\/ro\/wp-json\/wp\/v2\/users\/3"}],"replies":[{"embeddable":true,"href":"https:\/\/coinkickoff.com\/ro\/wp-json\/wp\/v2\/comments?post=4045"}],"version-history":[{"count":2,"href":"https:\/\/coinkickoff.com\/ro\/wp-json\/wp\/v2\/pages\/4045\/revisions"}],"predecessor-version":[{"id":4047,"href":"https:\/\/coinkickoff.com\/ro\/wp-json\/wp\/v2\/pages\/4045\/revisions\/4047"}],"up":[{"embeddable":true,"href":"https:\/\/coinkickoff.com\/ro\/wp-json\/wp\/v2\/pages\/4010"}],"wp:attachment":[{"href":"https:\/\/coinkickoff.com\/ro\/wp-json\/wp\/v2\/media?parent=4045"}],"curies":[{"name":"wp","href":"https:\/\/api.w.org\/{rel}","templated":true}]}}