{"id":3968,"date":"2026-01-08T14:07:21","date_gmt":"2026-01-08T14:07:21","guid":{"rendered":"https:\/\/coinkickoff.com\/?page_id=3968"},"modified":"2026-01-08T14:07:21","modified_gmt":"2026-01-08T14:07:21","slug":"how-to-buy-ethereum-on-poloniex","status":"publish","type":"page","link":"https:\/\/coinkickoff.com\/ro\/how-to-buy-ethereum\/how-to-buy-ethereum-on-poloniex\/","title":{"rendered":"Cum s\u0103 cump\u0103ra\u021bi Ethereum pe Poloniex"},"content":{"rendered":"<div id=\"ez-toc-container\" class=\"ez-toc-v2_0_80 counter-hierarchy ez-toc-counter ez-toc-transparent ez-toc-container-direction\">\n<div class=\"ez-toc-title-container\">\n<p class=\"ez-toc-title\" style=\"cursor:inherit\">Sec\u021biuni<\/p>\n<span class=\"ez-toc-title-toggle\"><a href=\"#\" class=\"ez-toc-pull-right ez-toc-btn ez-toc-btn-xs ez-toc-btn-default ez-toc-toggle\" aria-label=\"Comuta\u021bi tabelul de con\u021binut\"><span class=\"ez-toc-js-icon-con\"><span class=\"\"><span class=\"eztoc-hide\" style=\"display:none;\">Toggle<\/span><span class=\"ez-toc-icon-toggle-span\"><svg style=\"fill: #999;color:#999\" xmlns=\"http:\/\/www.w3.org\/2000\/svg\" class=\"list-377408\" width=\"20px\" height=\"20px\" viewbox=\"0 0 24 24\" fill=\"none\"><path d=\"M6 6H4v2h2V6zm14 0H8v2h12V6zM4 11h2v2H4v-2zm16 0H8v2h12v-2zM4 16h2v2H4v-2zm16 0H8v2h12v-2z\" fill=\"currentColor\"><\/path><\/svg><svg style=\"fill: #999;color:#999\" class=\"arrow-unsorted-368013\" xmlns=\"http:\/\/www.w3.org\/2000\/svg\" width=\"10px\" height=\"10px\" viewbox=\"0 0 24 24\" version=\"1.2\" baseprofile=\"tiny\"><path d=\"M18.2 9.3l-6.2-6.3-6.2 6.3c-.2.2-.3.4-.3.7s.1.5.3.7c.2.2.4.3.7.3h11c.3 0 .5-.1.7-.3.2-.2.3-.5.3-.7s-.1-.5-.3-.7zM5.8 14.7l6.2 6.3 6.2-6.3c.2-.2.3-.5.3-.7s-.1-.5-.3-.7c-.2-.2-.4-.3-.7-.3h-11c-.3 0-.5.1-.7.3-.2.2-.3.5-.3.7s.1.5.3.7z\"\/><\/svg><\/span><\/span><\/span><\/a><\/span><\/div>\n<nav><ul class='ez-toc-list ez-toc-list-level-1 eztoc-toggle-hide-by-default' ><li class='ez-toc-page-1 ez-toc-heading-level-1'><a class=\"ez-toc-link ez-toc-heading-1\" href=\"https:\/\/coinkickoff.com\/ro\/how-to-buy-ethereum\/how-to-buy-ethereum-on-poloniex\/#How_to_Buy_Ethereum_on_Poloniex\" >Cum s\u0103 cump\u0103ra\u021bi Ethereum pe Poloniex<\/a><ul class='ez-toc-list-level-2' ><li class='ez-toc-heading-level-2'><a class=\"ez-toc-link ez-toc-heading-2\" href=\"https:\/\/coinkickoff.com\/ro\/how-to-buy-ethereum\/how-to-buy-ethereum-on-poloniex\/#A_Step-By-Step_Guide_on_How_to_Buy_Ethereum_on_Poloniex\" >Un ghid pas cu pas despre cum s\u0103 cump\u0103ra\u021bi Ethereum pe Poloniex<\/a><ul class='ez-toc-list-level-3' ><li class='ez-toc-heading-level-3'><a class=\"ez-toc-link ez-toc-heading-3\" href=\"https:\/\/coinkickoff.com\/ro\/how-to-buy-ethereum\/how-to-buy-ethereum-on-poloniex\/#1_Register_an_Account\" >1. \u00cenregistra\u021bi un cont<\/a><\/li><li class='ez-toc-page-1 ez-toc-heading-level-3'><a class=\"ez-toc-link ez-toc-heading-4\" href=\"https:\/\/coinkickoff.com\/ro\/how-to-buy-ethereum\/how-to-buy-ethereum-on-poloniex\/#2_Verify_Your_Account\" >2. Verificarea contului dvs.<\/a><\/li><li class='ez-toc-page-1 ez-toc-heading-level-3'><a class=\"ez-toc-link ez-toc-heading-5\" href=\"https:\/\/coinkickoff.com\/ro\/how-to-buy-ethereum\/how-to-buy-ethereum-on-poloniex\/#3_Buy_Crypto\" >3. Cump\u0103ra\u021bi Crypto<\/a><\/li><\/ul><\/li><\/ul><\/li><\/ul><\/nav><\/div>\n<h1><span class=\"ez-toc-section\" id=\"How_to_Buy_Ethereum_on_Poloniex\"><\/span><span style=\"font-weight: 400;\">Cum s\u0103 cump\u0103ra\u021bi Ethereum pe Poloniex<\/span><span class=\"ez-toc-section-end\"><\/span><\/h1>\n<p><span style=\"font-weight: 400;\">Pute\u021bi cump\u0103ra <a href=\"https:\/\/coinkickoff.com\/ro\/ethereum-eth\/\" data-internallinksmanager029f6b8e52c=\"2\" title=\"Ce este Ethereum (ETH)? Pre\u021b, istoric \u0219i unde se poate cump\u0103ra\">Ethereum<\/a> pe aproape orice burs\u0103, deoarece este una dintre cele mai populare \u0219i mai importante monede digitale de pe pia\u021b\u0103. <a href=\"https:\/\/coinkickoff.com\/ro\/poloniex-review\/\" data-internallinksmanager029f6b8e52c=\"164\" title=\"Recenzii Poloniex 2023: Taxe, caracteristici, siguran\u021b\u0103, argumente pro \u0219i contra\">Poloniex<\/a> este una dintre aceste burse, cel pu\u021bin pentru utilizatorii din afara SUA.<\/span><\/p>\n<p><span style=\"font-weight: 400;\">Cu toate acestea, v\u0103 \u00eendemn\u0103m s\u0103 citi\u021bi pagina noastr\u0103 <a href=\"https:\/\/coinkickoff.com\/ro\/poloniex-review\/\">ghid pe Poloniex<\/a> \u00eenainte de a face orice achizi\u021bie pe platform\u0103, deoarece au existat <\/span><a href=\"https:\/\/www.coindesk.com\/policy\/2023\/05\/01\/crypto-exchange-poloniex-agrees-to-76m-fine-settle-sanctions-violation-charges\/\" target=\"_blank\" rel=\"noopener\"><span style=\"font-weight: 400;\">mai multe probleme<\/span><\/a><span style=\"font-weight: 400;\"> legate de burs\u0103, precum \u0219i de proprietarul acesteia <\/span><a href=\"https:\/\/www.cnbc.com\/2023\/03\/22\/sec-hits-jake-paul-lindsey-lohan-justin-sun-with-crypto-violations.html\" target=\"_blank\" rel=\"noopener\"><span style=\"font-weight: 400;\">Justin Sun<\/span><\/a><span style=\"font-weight: 400;\">.<\/span><\/p>\n<p><span style=\"font-weight: 400;\">Dac\u0103 sunte\u021bi stabilit pe burs\u0103, iat\u0103 cum s\u0103 cump\u0103ra\u021bi Ethereum pe Poloniex.<\/span><\/p>\n<h2><span class=\"ez-toc-section\" id=\"A_Step-By-Step_Guide_on_How_to_Buy_Ethereum_on_Poloniex\"><\/span><span style=\"font-weight: 400;\">Un ghid pas cu pas despre cum s\u0103 cump\u0103ra\u021bi Ethereum pe Poloniex<\/span><span class=\"ez-toc-section-end\"><\/span><\/h2>\n<h3><span class=\"ez-toc-section\" id=\"1_Register_an_Account\"><\/span><span style=\"font-weight: 400;\">1. \u00cenregistra\u021bi un cont<\/span><span class=\"ez-toc-section-end\"><\/span><\/h3>\n<p><span style=\"font-weight: 400;\">Mai \u00eent\u00e2i de toate, accesa\u021bi site-ul Poloniex \u0219i crea\u021bi-v\u0103 un cont. <\/span><\/p>\n<p><img loading=\"lazy\" decoding=\"async\" class=\"alignnone wp-image-3397 size-full\" src=\"https:\/\/coinkickoff.com\/wp-content\/uploads\/poloniex-sign-up.png\" alt=\"\u00eenscrie\u021bi-v\u0103 la poloniex\" width=\"1436\" height=\"653\" srcset=\"https:\/\/coinkickoff.com\/wp-content\/uploads\/poloniex-sign-up.png 1436w, https:\/\/coinkickoff.com\/wp-content\/uploads\/poloniex-sign-up-300x136.png 300w, https:\/\/coinkickoff.com\/wp-content\/uploads\/poloniex-sign-up-1024x466.png 1024w, https:\/\/coinkickoff.com\/wp-content\/uploads\/poloniex-sign-up-768x349.png 768w, https:\/\/coinkickoff.com\/wp-content\/uploads\/poloniex-sign-up-18x8.png 18w\" sizes=\"auto, (max-width: 1436px) 100vw, 1436px\" \/><\/p>\n<h3><span class=\"ez-toc-section\" id=\"2_Verify_Your_Account\"><\/span><span style=\"font-weight: 400;\">2. Verificarea contului dvs.<\/span><span class=\"ez-toc-section-end\"><\/span><\/h3>\n<p><span style=\"font-weight: 400;\">Din punct de vedere tehnic, nu trebuie s\u0103 v\u0103 verifica\u021bi identitatea pe Poloniex. To\u021bi utilizatorii sunt verifica\u021bi la nivelul 1 \u00een momentul \u00eenregistr\u0103rii \u0219i pot achizi\u021biona active cu carduri de credit. Verificarea de nivel 2 permite limite de retragere mai mari, dar nu este necesar\u0103 pentru majoritatea comercian\u021bilor cu am\u0103nuntul.<\/span><\/p>\n<p><span style=\"font-weight: 400;\">Cu toate acestea, dac\u0103 dori\u021bi s\u0103 v\u0103 confirma\u021bi identitatea, merge\u021bi la profilul dvs. f\u0103c\u00e2nd clic pe simbolul de profil din panoul de bord. <\/span><\/p>\n<p><img loading=\"lazy\" decoding=\"async\" class=\"alignnone wp-image-3398 size-full\" src=\"https:\/\/coinkickoff.com\/wp-content\/uploads\/poloniex-verification.png\" alt=\"verificarea poloniex\" width=\"1437\" height=\"679\" srcset=\"https:\/\/coinkickoff.com\/wp-content\/uploads\/poloniex-verification.png 1437w, https:\/\/coinkickoff.com\/wp-content\/uploads\/poloniex-verification-300x142.png 300w, https:\/\/coinkickoff.com\/wp-content\/uploads\/poloniex-verification-1024x484.png 1024w, https:\/\/coinkickoff.com\/wp-content\/uploads\/poloniex-verification-768x363.png 768w, https:\/\/coinkickoff.com\/wp-content\/uploads\/poloniex-verification-18x9.png 18w\" sizes=\"auto, (max-width: 1437px) 100vw, 1437px\" \/><\/p>\n<p><span style=\"font-weight: 400;\">Completa\u021bi formularul de informa\u021bii \u0219i \u00eenc\u0103rca\u021bi un act de identitate oficial cu fotografie, cum ar fi un pa\u0219aport sau un permis de conducere. Ap\u0103sa\u021bi \"Get Started\" pentru verificarea de nivel 2. Vi se va cere s\u0103 \u00eenc\u0103rca\u021bi un act de identitate cu fotografie.<\/span><\/p>\n<h3><span class=\"ez-toc-section\" id=\"3_Buy_Crypto\"><\/span><span style=\"font-weight: 400;\">3. Cump\u0103ra\u021bi Crypto<\/span><span class=\"ez-toc-section-end\"><\/span><\/h3>\n<p><span style=\"font-weight: 400;\">Ap\u0103sa\u021bi \"Buy Crypto\" pentru a accesa formularul de comand\u0103 instantanee. Selecta\u021bi moneda pe care dori\u021bi s\u0103 o cheltui\u021bi (de exemplu, USD) \u0219i moneda pe care dori\u021bi s\u0103 o cump\u0103ra\u021bi (\u00een acest caz, Ethereum sau ETH). Introduce\u021bi suma pe care dori\u021bi s\u0103 o pl\u0103ti\u021bi pentru achizi\u021bia dvs.<\/span><\/p>\n<p><img loading=\"lazy\" decoding=\"async\" class=\"alignnone wp-image-3399 size-full\" src=\"https:\/\/coinkickoff.com\/wp-content\/uploads\/poloniex-buy-crypto.png\" alt=\"Cum s\u0103 cump\u0103ra\u021bi Ethereum pe Poloniex\" width=\"1436\" height=\"793\" srcset=\"https:\/\/coinkickoff.com\/wp-content\/uploads\/poloniex-buy-crypto.png 1436w, https:\/\/coinkickoff.com\/wp-content\/uploads\/poloniex-buy-crypto-300x166.png 300w, https:\/\/coinkickoff.com\/wp-content\/uploads\/poloniex-buy-crypto-1024x565.png 1024w, https:\/\/coinkickoff.com\/wp-content\/uploads\/poloniex-buy-crypto-768x424.png 768w, https:\/\/coinkickoff.com\/wp-content\/uploads\/poloniex-buy-crypto-18x10.png 18w\" sizes=\"auto, (max-width: 1436px) 100vw, 1436px\" \/><\/p>\n<p><span style=\"font-weight: 400;\">Taxele vor fi afi\u0219ate pe panoul din dreapta. Ve\u021bi avea nevoie de un cont Simplex sau Mercuryo pentru a finaliza achizi\u021bia noastr\u0103. Dac\u0103 nu ave\u021bi niciunul dintre acestea, nu v\u0103 face\u021bi griji, deoarece v\u0103 pute\u021bi \u00eenscrie dup\u0103 ce face\u021bi clic pe \"Trimite\".<\/span><\/p>\n<p><span style=\"font-weight: 400;\">Dac\u0103 ave\u021bi deja un cont, v\u0103 pute\u021bi autentifica, iar achizi\u021bia dvs. va fi complet\u0103!<\/span><\/p>\n<p><span style=\"font-weight: 400;\">Asta e tot despre cum s\u0103 Ethereum pe Poloniex! Dac\u0103 v\u0103 verifica\u021bi activele, ve\u021bi vedea ETH \u00een portofelul dvs.<\/span><\/p>","protected":false},"excerpt":{"rendered":"<p>Cum s\u0103 cump\u0103ra\u021bi Ethereum pe Poloniex Pute\u021bi cump\u0103ra Ethereum de pe aproape orice burs\u0103, deoarece este una dintre cele mai populare \u0219i proeminente monede digitale de pe pia\u021b\u0103. Poloniex este una dintre aceste burse, cel pu\u021bin pentru utilizatorii din afara SUA. Cu toate acestea, v\u0103 \u00eendemn\u0103m s\u0103 citi\u021bi ghidul nostru despre Poloniex \u00eenainte de a face [...]<\/p>","protected":false},"author":3,"featured_media":0,"parent":3937,"menu_order":0,"comment_status":"closed","ping_status":"closed","template":"","meta":{"_genesis_hide_title":false,"_genesis_hide_breadcrumbs":false,"_genesis_hide_singular_image":false,"_genesis_hide_footer_widgets":false,"_genesis_custom_body_class":"","_genesis_custom_post_class":"","_genesis_layout":"","_glsr_average":0,"_glsr_ranking":0,"_glsr_reviews":0,"footnotes":""},"class_list":{"0":"post-3968","1":"page","2":"type-page","3":"status-publish","5":"entry"},"featured_image_src":null,"featured_image_src_square":null,"_links":{"self":[{"href":"https:\/\/coinkickoff.com\/ro\/wp-json\/wp\/v2\/pages\/3968","targetHints":{"allow":["GET"]}}],"collection":[{"href":"https:\/\/coinkickoff.com\/ro\/wp-json\/wp\/v2\/pages"}],"about":[{"href":"https:\/\/coinkickoff.com\/ro\/wp-json\/wp\/v2\/types\/page"}],"author":[{"embeddable":true,"href":"https:\/\/coinkickoff.com\/ro\/wp-json\/wp\/v2\/users\/3"}],"replies":[{"embeddable":true,"href":"https:\/\/coinkickoff.com\/ro\/wp-json\/wp\/v2\/comments?post=3968"}],"version-history":[{"count":1,"href":"https:\/\/coinkickoff.com\/ro\/wp-json\/wp\/v2\/pages\/3968\/revisions"}],"predecessor-version":[{"id":3969,"href":"https:\/\/coinkickoff.com\/ro\/wp-json\/wp\/v2\/pages\/3968\/revisions\/3969"}],"up":[{"embeddable":true,"href":"https:\/\/coinkickoff.com\/ro\/wp-json\/wp\/v2\/pages\/3937"}],"wp:attachment":[{"href":"https:\/\/coinkickoff.com\/ro\/wp-json\/wp\/v2\/media?parent=3968"}],"curies":[{"name":"wp","href":"https:\/\/api.w.org\/{rel}","templated":true}]}}