{"id":3899,"date":"2026-01-08T14:07:44","date_gmt":"2026-01-08T14:07:44","guid":{"rendered":"https:\/\/coinkickoff.com\/?page_id=3899"},"modified":"2026-01-08T14:07:44","modified_gmt":"2026-01-08T14:07:44","slug":"how-to-buy-bitcoin-on-coinbase","status":"publish","type":"page","link":"https:\/\/coinkickoff.com\/ro\/how-to-buy-bitcoin\/how-to-buy-bitcoin-on-coinbase\/","title":{"rendered":"Cum s\u0103 cump\u0103ra\u021bi Bitcoin pe Coinbase"},"content":{"rendered":"<div id=\"ez-toc-container\" class=\"ez-toc-v2_0_80 counter-hierarchy ez-toc-counter ez-toc-transparent ez-toc-container-direction\">\n<div class=\"ez-toc-title-container\">\n<p class=\"ez-toc-title\" style=\"cursor:inherit\">Sec\u021biuni<\/p>\n<span class=\"ez-toc-title-toggle\"><a href=\"#\" class=\"ez-toc-pull-right ez-toc-btn ez-toc-btn-xs ez-toc-btn-default ez-toc-toggle\" aria-label=\"Comuta\u021bi tabelul de con\u021binut\"><span class=\"ez-toc-js-icon-con\"><span class=\"\"><span class=\"eztoc-hide\" style=\"display:none;\">Toggle<\/span><span class=\"ez-toc-icon-toggle-span\"><svg style=\"fill: #999;color:#999\" xmlns=\"http:\/\/www.w3.org\/2000\/svg\" class=\"list-377408\" width=\"20px\" height=\"20px\" viewbox=\"0 0 24 24\" fill=\"none\"><path d=\"M6 6H4v2h2V6zm14 0H8v2h12V6zM4 11h2v2H4v-2zm16 0H8v2h12v-2zM4 16h2v2H4v-2zm16 0H8v2h12v-2z\" fill=\"currentColor\"><\/path><\/svg><svg style=\"fill: #999;color:#999\" class=\"arrow-unsorted-368013\" xmlns=\"http:\/\/www.w3.org\/2000\/svg\" width=\"10px\" height=\"10px\" viewbox=\"0 0 24 24\" version=\"1.2\" baseprofile=\"tiny\"><path d=\"M18.2 9.3l-6.2-6.3-6.2 6.3c-.2.2-.3.4-.3.7s.1.5.3.7c.2.2.4.3.7.3h11c.3 0 .5-.1.7-.3.2-.2.3-.5.3-.7s-.1-.5-.3-.7zM5.8 14.7l6.2 6.3 6.2-6.3c.2-.2.3-.5.3-.7s-.1-.5-.3-.7c-.2-.2-.4-.3-.7-.3h-11c-.3 0-.5.1-.7.3-.2.2-.3.5-.3.7s.1.5.3.7z\"\/><\/svg><\/span><\/span><\/span><\/a><\/span><\/div>\n<nav><ul class='ez-toc-list ez-toc-list-level-1 eztoc-toggle-hide-by-default' ><li class='ez-toc-page-1 ez-toc-heading-level-2'><a class=\"ez-toc-link ez-toc-heading-1\" href=\"https:\/\/coinkickoff.com\/ro\/how-to-buy-bitcoin\/how-to-buy-bitcoin-on-coinbase\/#How_to_Buy_Bitcoin_on_Coinbase\" >Cum s\u0103 cump\u0103ra\u021bi Bitcoin pe Coinbase<\/a><\/li><li class='ez-toc-page-1 ez-toc-heading-level-2'><a class=\"ez-toc-link ez-toc-heading-2\" href=\"https:\/\/coinkickoff.com\/ro\/how-to-buy-bitcoin\/how-to-buy-bitcoin-on-coinbase\/#A_Step-By-Step_Guide_on_How_to_Buy_Bitcoin_on_Coinbase\" >Un ghid pas cu pas despre cum s\u0103 cump\u0103ra\u021bi Bitcoin pe Coinbase<\/a><ul class='ez-toc-list-level-3' ><li class='ez-toc-heading-level-3'><a class=\"ez-toc-link ez-toc-heading-3\" href=\"https:\/\/coinkickoff.com\/ro\/how-to-buy-bitcoin\/how-to-buy-bitcoin-on-coinbase\/#1_Register_an_Account\" >1. \u00cenregistra\u021bi un cont<\/a><\/li><li class='ez-toc-page-1 ez-toc-heading-level-3'><a class=\"ez-toc-link ez-toc-heading-4\" href=\"https:\/\/coinkickoff.com\/ro\/how-to-buy-bitcoin\/how-to-buy-bitcoin-on-coinbase\/#2_Verify_Your_Account\" >2. Verificarea contului dvs.<\/a><\/li><li class='ez-toc-page-1 ez-toc-heading-level-3'><a class=\"ez-toc-link ez-toc-heading-5\" href=\"https:\/\/coinkickoff.com\/ro\/how-to-buy-bitcoin\/how-to-buy-bitcoin-on-coinbase\/#3_Deposit_FundsCrypto\" >3. Depunerea de fonduri\/criptomonede<\/a><\/li><li class='ez-toc-page-1 ez-toc-heading-level-3'><a class=\"ez-toc-link ez-toc-heading-6\" href=\"https:\/\/coinkickoff.com\/ro\/how-to-buy-bitcoin\/how-to-buy-bitcoin-on-coinbase\/#4_Navigate_to_the_Relevant_Screen_to_Buy\" >4. Naviga\u021bi la ecranul relevant pentru a cump\u0103ra<\/a><\/li><\/ul><\/li><\/ul><\/nav><\/div>\n<h2><span class=\"ez-toc-section\" id=\"How_to_Buy_Bitcoin_on_Coinbase\"><\/span><span style=\"font-weight: 400;\">Cum s\u0103 cump\u0103ra\u021bi Bitcoin pe Coinbase<\/span><span class=\"ez-toc-section-end\"><\/span><\/h2>\n<p><span style=\"font-weight: 400;\">Dac\u0103 \u0219tii c\u00e2te ceva despre <a href=\"https:\/\/coinkickoff.com\/ro\/bitcoin-btc\/\" data-internallinksmanager029f6b8e52c=\"1\" title=\"Ce este Bitcoin (BTC)? Pre\u021b, istoric \u0219i unde se poate cump\u0103ra\">Bitcoin<\/a>, este posibil s\u0103 fi auzit deja despre <a href=\"https:\/\/coinkickoff.com\/ro\/coinbase-review\/\" data-internallinksmanager029f6b8e52c=\"142\" title=\"Coinbase Recenzii 2024: Caracteristici, taxe, siguran\u021b\u0103, argumente pro \u0219i contra\">Coinbase<\/a>, una dintre cele mai importante <a href=\"https:\/\/coinkickoff.com\/ro\/crypto-exchanges\/\" data-internallinksmanager029f6b8e52c=\"141\" title=\"21 Cele mai bune 21 Cele mai bune schimburi de criptomonede \u0219i aplica\u021bii \u00een 2024\">schimburi de criptomonede<\/a> din lume.<\/span><\/p>\n<p><span style=\"font-weight: 400;\">Coinbase este o burs\u0103 digital\u0103 cu sediul \u00een SUA, cunoscut\u0103 pentru u\u0219urin\u021ba de utilizare \u0219i pentru respectarea legilor \u0219i reglement\u0103rilor din \u021b\u0103rile \u00een care opereaz\u0103. \u00centr-o mare de schimburi criptografice s\u0103lbatice \u0219i adesea nereglementate, r\u0103m\u00e2ne un far de stabilitate \u0219i, prin urmare, este adesea recomandat\u0103 traderilor \u00eencep\u0103tori ca o op\u021biune de \u00eencredere.\u00a0<\/span><\/p>\n<p><span style=\"font-weight: 400;\">Dac\u0103 dori\u021bi s\u0103 v\u0103 \u00eencepe\u021bi propria c\u0103l\u0103torie cripto pentru a cump\u0103ra ni\u0219te BTC, <\/span><a href=\"https:\/\/coinkickoff.com\/ro\/coinbase-review\/\"><span style=\"font-weight: 400;\">Coinbase<\/span><\/a><span style=\"font-weight: 400;\"> este o alegere logic\u0103. \u00cen acest ghid, v\u0103 vom explica cum s\u0103 cump\u0103ra\u021bi Bitcoin pe Coinbase cu instruc\u021biuni pas cu pas.<\/span><\/p>\n<h2><span class=\"ez-toc-section\" id=\"A_Step-By-Step_Guide_on_How_to_Buy_Bitcoin_on_Coinbase\"><\/span><span style=\"font-weight: 400;\">Un ghid pas cu pas despre cum s\u0103 cump\u0103ra\u021bi Bitcoin pe Coinbase<\/span><span class=\"ez-toc-section-end\"><\/span><\/h2>\n<h3><span class=\"ez-toc-section\" id=\"1_Register_an_Account\"><\/span><span style=\"font-weight: 400;\">1. \u00cenregistra\u021bi un cont<\/span><span class=\"ez-toc-section-end\"><\/span><\/h3>\n<h2><img loading=\"lazy\" decoding=\"async\" class=\"alignnone wp-image-3527 size-large\" style=\"font-size: 18px; font-family: Muli, sans-serif;\" src=\"https:\/\/coinkickoff.com\/wp-content\/uploads\/Screen-Shot-2023-03-30-at-7.13.25-AM-e1686183370122-1024x538.png\" alt=\"\" width=\"1024\" height=\"538\" srcset=\"https:\/\/coinkickoff.com\/wp-content\/uploads\/Screen-Shot-2023-03-30-at-7.13.25-AM-e1686183370122-1024x538.png 1024w, https:\/\/coinkickoff.com\/wp-content\/uploads\/Screen-Shot-2023-03-30-at-7.13.25-AM-e1686183370122-300x158.png 300w, https:\/\/coinkickoff.com\/wp-content\/uploads\/Screen-Shot-2023-03-30-at-7.13.25-AM-e1686183370122-768x404.png 768w, https:\/\/coinkickoff.com\/wp-content\/uploads\/Screen-Shot-2023-03-30-at-7.13.25-AM-e1686183370122-18x9.png 18w, https:\/\/coinkickoff.com\/wp-content\/uploads\/Screen-Shot-2023-03-30-at-7.13.25-AM-e1686183370122.png 1277w\" sizes=\"auto, (max-width: 1024px) 100vw, 1024px\" \/><\/h2>\n<p><span style=\"font-weight: 400;\">\u00cen primul r\u00e2nd, folosi\u021bi link-ul nostru pentru a merge la <\/span><a href=\"https:\/\/coinbase-consumer.sjv.io\/ORPoaG\" target=\"_blank\" rel=\"noopener\"><span style=\"font-weight: 400;\">Site-ul oficial al Coinbase<\/span><\/a><span style=\"font-weight: 400;\"> \u0219i deschide\u021bi un cont de schimb valutar.<\/span><\/p>\n<p><span style=\"font-weight: 400;\">Trebuie s\u0103 v\u0103 \u00eenscrie\u021bi cu numele dvs. oficial. Deoarece Coinbase are o politic\u0103 KYC strict\u0103, este important ca datele tale personale s\u0103 corespund\u0103 cu ID-ul t\u0103u atunci c\u00e2nd te \u00eenregistrezi prima dat\u0103.<\/span><\/p>\n<p><span style=\"font-weight: 400;\">Dup\u0103 ce a\u021bi completat formularul, face\u021bi clic pe \"Create Account\". Coinbase v\u0103 va trimite prin e-mail un link de verificare. Face\u021bi clic pe link pentru a v\u0103 verifica adresa de e-mail.\u00a0<\/span><\/p>\n<p><span style=\"font-weight: 400;\">Coinbase v\u0103 solicit\u0103, de asemenea, s\u0103 confirma\u021bi num\u0103rul de telefon mobil pentru a v\u0103 autentifica \u00een cont. Introduce\u021bi cifrele atunci c\u00e2nd vi se solicit\u0103 \u0219i utiliza\u021bi codul SMS pe care \u00eel primi\u021bi pentru a v\u0103 conecta.<\/span><\/p>\n<h3><span class=\"ez-toc-section\" id=\"2_Verify_Your_Account\"><\/span><span style=\"font-weight: 400;\">2. Verificarea contului dvs.<\/span><span class=\"ez-toc-section-end\"><\/span><\/h3>\n<p><span style=\"font-weight: 400;\">Verificarea identit\u0103\u021bii este obligatorie pe Coinbase. Din fericire, este un proces simplu. Pur \u0219i simplu face\u021bi clic pe butonul \"Verific\u0103-\u021bi ID-ul\" care apare atunci c\u00e2nd v\u0103 conecta\u021bi pentru prima dat\u0103. <\/span><\/p>\n<p><img loading=\"lazy\" decoding=\"async\" class=\"alignnone wp-image-3526 size-large\" src=\"https:\/\/coinkickoff.com\/wp-content\/uploads\/Screen-Shot-2023-03-30-at-6.16.20-AM-e1683779340546-1024x470.png\" alt=\"\" width=\"1024\" height=\"470\" srcset=\"https:\/\/coinkickoff.com\/wp-content\/uploads\/Screen-Shot-2023-03-30-at-6.16.20-AM-e1683779340546-1024x470.png 1024w, https:\/\/coinkickoff.com\/wp-content\/uploads\/Screen-Shot-2023-03-30-at-6.16.20-AM-e1683779340546-300x138.png 300w, https:\/\/coinkickoff.com\/wp-content\/uploads\/Screen-Shot-2023-03-30-at-6.16.20-AM-e1683779340546-768x352.png 768w, https:\/\/coinkickoff.com\/wp-content\/uploads\/Screen-Shot-2023-03-30-at-6.16.20-AM-e1683779340546-18x8.png 18w, https:\/\/coinkickoff.com\/wp-content\/uploads\/Screen-Shot-2023-03-30-at-6.16.20-AM-e1683779340546.png 1389w\" sizes=\"auto, (max-width: 1024px) 100vw, 1024px\" \/><\/p>\n<p><span style=\"font-weight: 400;\">Dac\u0103 a\u021bi \u00eenchis din gre\u0219eal\u0103 avertismentul pop-up de verificare, nu v\u0103 face\u021bi griji. Un simplu clic pe fila \"Buy &amp; Sell\" (Cump\u0103r\u0103 \u0219i vinde), eviden\u021biat\u0103 \u00een albastru, va declan\u0219a o alt\u0103 cerere de verificare. Pute\u021bi, de asemenea, s\u0103 face\u021bi clic pe pictograma profilului dvs. \u0219i s\u0103 naviga\u021bi la fila \"Verificare\" pentru a \u00eencepe manual procesul.<\/span><\/p>\n<p><img loading=\"lazy\" decoding=\"async\" class=\"alignnone wp-image-3525 size-full\" src=\"https:\/\/coinkickoff.com\/wp-content\/uploads\/Screen-Shot-2023-03-30-at-6.15.03-AM-e1683779367919.png\" alt=\"\" width=\"1436\" height=\"806\" srcset=\"https:\/\/coinkickoff.com\/wp-content\/uploads\/Screen-Shot-2023-03-30-at-6.15.03-AM-e1683779367919.png 1436w, https:\/\/coinkickoff.com\/wp-content\/uploads\/Screen-Shot-2023-03-30-at-6.15.03-AM-e1683779367919-300x168.png 300w, https:\/\/coinkickoff.com\/wp-content\/uploads\/Screen-Shot-2023-03-30-at-6.15.03-AM-e1683779367919-1024x575.png 1024w, https:\/\/coinkickoff.com\/wp-content\/uploads\/Screen-Shot-2023-03-30-at-6.15.03-AM-e1683779367919-768x431.png 768w, https:\/\/coinkickoff.com\/wp-content\/uploads\/Screen-Shot-2023-03-30-at-6.15.03-AM-e1683779367919-18x10.png 18w, https:\/\/coinkickoff.com\/wp-content\/uploads\/Screen-Shot-2023-03-30-at-6.15.03-AM-e1683779367919-600x338.png 600w\" sizes=\"auto, (max-width: 1436px) 100vw, 1436px\" \/><\/p>\n<p><span style=\"font-weight: 400;\">Coinbase v\u0103 ofer\u0103 un chestionar detaliat pe care trebuie s\u0103 \u00eel completa\u021bi. Asigura\u021bi-v\u0103 c\u0103 completa\u021bi formularul cu informa\u021bii corecte. Informa\u021biile inexacte sau lips\u0103 pot cauza \u00eent\u00e2rzieri \u00een aprobarea verific\u0103rii dumneavoastr\u0103.\u00a0\u00a0<\/span><\/p>\n<p><span style=\"font-weight: 400;\">Dup\u0103 ce a\u021bi completat formularul, \u00eenc\u0103rca\u021bi pe platform\u0103 un act de identitate oficial cu fotografie, cum ar fi o pagin\u0103 de pa\u0219aport sau un permis de conducere. Verificarea dureaz\u0103, de obicei, c\u00e2teva minute, iar tu vei putea s\u0103 depui fonduri \u0219i s\u0103 cumperi BTC dup\u0103 ce aceasta este gata.<\/span><\/p>\n<h3><span class=\"ez-toc-section\" id=\"3_Deposit_FundsCrypto\"><\/span><span style=\"font-weight: 400;\">3. Depunerea de fonduri\/criptomonede<\/span><span class=\"ez-toc-section-end\"><\/span><\/h3>\n<p><span style=\"font-weight: 400;\">Urm\u0103torul pas este s\u0103 ad\u0103uga\u021bi o metod\u0103 de plat\u0103 \u00een contul dvs. Coinbase. Face\u021bi clic pe pictograma profilului dvs. (col\u021bul din dreapta sus) pentru a merge la set\u0103rile contului dvs. <\/span><\/p>\n<p><img loading=\"lazy\" decoding=\"async\" class=\"alignnone wp-image-3521 size-full\" src=\"https:\/\/coinkickoff.com\/wp-content\/uploads\/Screen-Shot-2023-03-29-at-10.44.01-PM-e1683779393247.png\" alt=\"\" width=\"1396\" height=\"673\" srcset=\"https:\/\/coinkickoff.com\/wp-content\/uploads\/Screen-Shot-2023-03-29-at-10.44.01-PM-e1683779393247.png 1396w, https:\/\/coinkickoff.com\/wp-content\/uploads\/Screen-Shot-2023-03-29-at-10.44.01-PM-e1683779393247-300x145.png 300w, https:\/\/coinkickoff.com\/wp-content\/uploads\/Screen-Shot-2023-03-29-at-10.44.01-PM-e1683779393247-1024x494.png 1024w, https:\/\/coinkickoff.com\/wp-content\/uploads\/Screen-Shot-2023-03-29-at-10.44.01-PM-e1683779393247-768x370.png 768w, https:\/\/coinkickoff.com\/wp-content\/uploads\/Screen-Shot-2023-03-29-at-10.44.01-PM-e1683779393247-18x9.png 18w\" sizes=\"auto, (max-width: 1396px) 100vw, 1396px\" \/><\/p>\n<p><span style=\"font-weight: 400;\">Face\u021bi clic pe fila \"Metode de plat\u0103\".<\/span><\/p>\n<p><img loading=\"lazy\" decoding=\"async\" class=\"alignnone wp-image-3522 size-full\" src=\"https:\/\/coinkickoff.com\/wp-content\/uploads\/Screen-Shot-2023-03-29-at-10.44.08-PM-e1683779417928.png\" alt=\"\" width=\"1414\" height=\"719\" srcset=\"https:\/\/coinkickoff.com\/wp-content\/uploads\/Screen-Shot-2023-03-29-at-10.44.08-PM-e1683779417928.png 1414w, https:\/\/coinkickoff.com\/wp-content\/uploads\/Screen-Shot-2023-03-29-at-10.44.08-PM-e1683779417928-300x153.png 300w, https:\/\/coinkickoff.com\/wp-content\/uploads\/Screen-Shot-2023-03-29-at-10.44.08-PM-e1683779417928-1024x521.png 1024w, https:\/\/coinkickoff.com\/wp-content\/uploads\/Screen-Shot-2023-03-29-at-10.44.08-PM-e1683779417928-768x391.png 768w, https:\/\/coinkickoff.com\/wp-content\/uploads\/Screen-Shot-2023-03-29-at-10.44.08-PM-e1683779417928-18x9.png 18w\" sizes=\"auto, (max-width: 1414px) 100vw, 1414px\" \/><\/p>\n<p><span style=\"font-weight: 400;\">Acum ap\u0103sa\u021bi butonul \"Adaug\u0103 o metod\u0103 de plat\u0103\" pentru a vedea op\u021biunile pe care le ave\u021bi.<\/span><\/p>\n<p><img loading=\"lazy\" decoding=\"async\" class=\"alignnone wp-image-3523 size-full\" src=\"https:\/\/coinkickoff.com\/wp-content\/uploads\/Screen-Shot-2023-03-29-at-10.44.22-PM-e1683779442560.png\" alt=\"\" width=\"1403\" height=\"737\" srcset=\"https:\/\/coinkickoff.com\/wp-content\/uploads\/Screen-Shot-2023-03-29-at-10.44.22-PM-e1683779442560.png 1403w, https:\/\/coinkickoff.com\/wp-content\/uploads\/Screen-Shot-2023-03-29-at-10.44.22-PM-e1683779442560-300x158.png 300w, https:\/\/coinkickoff.com\/wp-content\/uploads\/Screen-Shot-2023-03-29-at-10.44.22-PM-e1683779442560-1024x538.png 1024w, https:\/\/coinkickoff.com\/wp-content\/uploads\/Screen-Shot-2023-03-29-at-10.44.22-PM-e1683779442560-768x403.png 768w, https:\/\/coinkickoff.com\/wp-content\/uploads\/Screen-Shot-2023-03-29-at-10.44.22-PM-e1683779442560-18x9.png 18w\" sizes=\"auto, (max-width: 1403px) 100vw, 1403px\" \/><\/p>\n<p><span style=\"font-weight: 400;\">Metodele de plat\u0103 variaz\u0103 \u00een func\u021bie de \u021bar\u0103. Utilizatorii cu sediul \u00een SUA \u00ee\u0219i pot conecta cu u\u0219urin\u021b\u0103 contul bancar din SUA la platform\u0103 pentru a face depozite \u00een valut\u0103 fiduciar\u0103. Utilizatorii cu sediul \u00een Europa pot folosi, de asemenea, SEPA \u0219i transferurile bancare.<\/span><\/p>\n<p><span style=\"font-weight: 400;\">Cele mai comune metode de plat\u0103 pe care le poate folosi aproape oricine sunt cardurile de debit \u0219i de credit. Achizi\u021bionarea de active digitale cu carduri de debit \u0219i de credit este foarte u\u0219oar\u0103 \u0219i foarte rapid\u0103. Din p\u0103cate, un dezavantaj este reprezentat de taxele suplimentare pentru procesarea pl\u0103\u021bilor. De obicei, Coinbase percepe o tax\u0103 de 3-5% pentru toate achizi\u021biile de credit \u0219i de debit coin.<\/span><\/p>\n<p><span style=\"font-weight: 400;\">Face\u021bi clic pe metoda pe care dori\u021bi s\u0103 o utiliza\u021bi. Dac\u0103 selecta\u021bi transferuri bancare, urma\u021bi instruc\u021biunile de pe ecran pentru a v\u0103 conecta contul bancar la contul dvs. Coinbase.<\/span><\/p>\n<p><span style=\"font-weight: 400;\">De asemenea, pute\u021bi selecta op\u021biunea de card de credit\/debit \u0219i urma\u021bi instruc\u021biunile de mai jos.<\/span><\/p>\n<p><img loading=\"lazy\" decoding=\"async\" class=\"alignnone wp-image-3524 size-full\" src=\"https:\/\/coinkickoff.com\/wp-content\/uploads\/Screen-Shot-2023-03-29-at-10.44.29-PM-e1683779464552.png\" alt=\"\" width=\"1407\" height=\"730\" srcset=\"https:\/\/coinkickoff.com\/wp-content\/uploads\/Screen-Shot-2023-03-29-at-10.44.29-PM-e1683779464552.png 1407w, https:\/\/coinkickoff.com\/wp-content\/uploads\/Screen-Shot-2023-03-29-at-10.44.29-PM-e1683779464552-300x156.png 300w, https:\/\/coinkickoff.com\/wp-content\/uploads\/Screen-Shot-2023-03-29-at-10.44.29-PM-e1683779464552-1024x531.png 1024w, https:\/\/coinkickoff.com\/wp-content\/uploads\/Screen-Shot-2023-03-29-at-10.44.29-PM-e1683779464552-768x398.png 768w, https:\/\/coinkickoff.com\/wp-content\/uploads\/Screen-Shot-2023-03-29-at-10.44.29-PM-e1683779464552-18x9.png 18w\" sizes=\"auto, (max-width: 1407px) 100vw, 1407px\" \/><\/p>\n<p><span style=\"font-weight: 400;\">\u00cen primul r\u00e2nd, introduce\u021bi numele dvs. a\u0219a cum este scris pe card. V\u0103 rug\u0103m s\u0103 re\u021bine\u021bi c\u0103 numele de pe card trebuie s\u0103 corespund\u0103 cu numele dumneavoastr\u0103 oficial, a\u0219a cum este scris pe actul de identitate. Introduce\u021bi num\u0103rul cardului, data de expirare \u0219i CVC-ul dumneavoastr\u0103. CVC este, de obicei, un cod din trei cifre scris pe spatele cardului dumneavoastr\u0103. \u00cen cele din urm\u0103, introduce\u021bi codul po\u0219tal \u0219i ap\u0103sa\u021bi butonul \"Add Card\".<\/span><\/p>\n<h3><span class=\"ez-toc-section\" id=\"4_Navigate_to_the_Relevant_Screen_to_Buy\"><\/span><span style=\"font-weight: 400;\">4. Naviga\u021bi la ecranul relevant pentru a cump\u0103ra<\/span><span class=\"ez-toc-section-end\"><\/span><\/h3>\n<p><span style=\"font-weight: 400;\">Accesa\u021bi pagina de pornire \u0219i face\u021bi clic pe butonul \"Buy &amp; Sell\" (Cump\u0103rare \u0219i v\u00e2nzare) eviden\u021biat \u00een albastru. Acest lucru va deschide formularul de cump\u0103rare cu un singur clic. <\/span><\/p>\n<p><img loading=\"lazy\" decoding=\"async\" class=\"alignnone wp-image-3811 size-full\" src=\"https:\/\/coinkickoff.com\/wp-content\/uploads\/Screen-Shot-2023-06-08-at-3.20.32-AM-1-e1686183860887.png\" alt=\"cum s\u0103 cump\u0103ra\u021bi shiba inu pe coinbase\" width=\"1295\" height=\"655\" \/><\/p>\n<p><span style=\"font-weight: 400;\">Pur \u0219i simplu introduce\u021bi suma pe care dori\u021bi s\u0103 o cheltui\u021bi. Widgetul de cump\u0103rare este setat \u00een mod implicit pe BTC, dar \u00eel pute\u021bi schimba cu alte active digitale f\u0103c\u00e2nd clic pe s\u0103geata de l\u00e2ng\u0103 el.<\/span><\/p>\n<p><span style=\"font-weight: 400;\">Face\u021bi clic pe caseta \"Pay With\" (Pl\u0103ti\u021bi cu) \u0219i alege\u021bi cardul de credit sau de debit ca metod\u0103 de plat\u0103.<\/span><\/p>\n<p><span style=\"font-weight: 400;\">Dac\u0103 v\u0103 uita\u021bi sub suma pe care a\u021bi introdus-o, ve\u021bi observa o alt\u0103 c\u0103su\u021b\u0103 pe care scrie \"Achizi\u021bie unic\u0103\". Din nou, aceasta este valoarea implicit\u0103, dar o pute\u021bi schimba astfel \u00eenc\u00e2t Coinbase s\u0103 fac\u0103 achizi\u021bii recurente automate pentru dvs. \u00een fiecare s\u0103pt\u0103m\u00e2n\u0103 sau \u00een fiecare lun\u0103.\u00a0<\/span><\/p>\n<p><span style=\"font-weight: 400;\">Dup\u0103 ce a\u021bi completat formularul, face\u021bi clic pe \"Preview Buy\". <\/span><\/p>\n<p><img loading=\"lazy\" decoding=\"async\" class=\"alignnone wp-image-3519 size-full\" src=\"https:\/\/coinkickoff.com\/wp-content\/uploads\/Screen-Shot-2023-03-29-at-10.39.23-PM-e1683779487708.png\" alt=\"cum s\u0103 cump\u0103ra\u021bi dogecoin pe coinbaseCum s\u0103 cump\u0103ra\u021bi Bitcoin pe Coinbase\" width=\"1439\" height=\"763\" srcset=\"https:\/\/coinkickoff.com\/wp-content\/uploads\/Screen-Shot-2023-03-29-at-10.39.23-PM-e1683779487708.png 1439w, https:\/\/coinkickoff.com\/wp-content\/uploads\/Screen-Shot-2023-03-29-at-10.39.23-PM-e1683779487708-300x159.png 300w, https:\/\/coinkickoff.com\/wp-content\/uploads\/Screen-Shot-2023-03-29-at-10.39.23-PM-e1683779487708-1024x543.png 1024w, https:\/\/coinkickoff.com\/wp-content\/uploads\/Screen-Shot-2023-03-29-at-10.39.23-PM-e1683779487708-768x407.png 768w, https:\/\/coinkickoff.com\/wp-content\/uploads\/Screen-Shot-2023-03-29-at-10.39.23-PM-e1683779487708-18x10.png 18w\" sizes=\"auto, (max-width: 1439px) 100vw, 1439px\" \/><\/p>\n<p><span style=\"font-weight: 400;\">Coinbase va afi\u0219a suma de BTC pe care o ve\u021bi primi, precum \u0219i orice taxe care v\u0103 sunt percepute. Dac\u0103 sunte\u021bi mul\u021bumit de comanda dumneavoastr\u0103, pute\u021bi face clic pe \"Cump\u0103r\u0103 acum\" pentru a o finaliza.\u00a0<\/span><\/p>","protected":false},"excerpt":{"rendered":"<p>Cum s\u0103 cumperi Bitcoin pe Coinbase Dac\u0103 \u0219ti\u021bi c\u00e2te ceva despre Bitcoin, probabil a\u021bi auzit deja despre Coinbase, unul dintre cele mai importante burse de criptomonede din lume. Coinbase este un exchange digital cu sediul \u00een SUA, cunoscut pentru u\u0219urin\u021ba de utilizare \u0219i pentru respectarea legilor \u0219i reglement\u0103rilor din \u021b\u0103rile \u00een care opereaz\u0103. [...]<\/p>","protected":false},"author":3,"featured_media":0,"parent":3885,"menu_order":0,"comment_status":"closed","ping_status":"closed","template":"","meta":{"_genesis_hide_title":false,"_genesis_hide_breadcrumbs":false,"_genesis_hide_singular_image":false,"_genesis_hide_footer_widgets":false,"_genesis_custom_body_class":"","_genesis_custom_post_class":"","_genesis_layout":"","_glsr_average":0,"_glsr_ranking":0,"_glsr_reviews":0,"footnotes":""},"class_list":{"0":"post-3899","1":"page","2":"type-page","3":"status-publish","5":"entry"},"featured_image_src":null,"featured_image_src_square":null,"_links":{"self":[{"href":"https:\/\/coinkickoff.com\/ro\/wp-json\/wp\/v2\/pages\/3899","targetHints":{"allow":["GET"]}}],"collection":[{"href":"https:\/\/coinkickoff.com\/ro\/wp-json\/wp\/v2\/pages"}],"about":[{"href":"https:\/\/coinkickoff.com\/ro\/wp-json\/wp\/v2\/types\/page"}],"author":[{"embeddable":true,"href":"https:\/\/coinkickoff.com\/ro\/wp-json\/wp\/v2\/users\/3"}],"replies":[{"embeddable":true,"href":"https:\/\/coinkickoff.com\/ro\/wp-json\/wp\/v2\/comments?post=3899"}],"version-history":[{"count":1,"href":"https:\/\/coinkickoff.com\/ro\/wp-json\/wp\/v2\/pages\/3899\/revisions"}],"predecessor-version":[{"id":3900,"href":"https:\/\/coinkickoff.com\/ro\/wp-json\/wp\/v2\/pages\/3899\/revisions\/3900"}],"up":[{"embeddable":true,"href":"https:\/\/coinkickoff.com\/ro\/wp-json\/wp\/v2\/pages\/3885"}],"wp:attachment":[{"href":"https:\/\/coinkickoff.com\/ro\/wp-json\/wp\/v2\/media?parent=3899"}],"curies":[{"name":"wp","href":"https:\/\/api.w.org\/{rel}","templated":true}]}}