{"id":3877,"date":"2026-01-08T14:06:52","date_gmt":"2026-01-08T14:06:52","guid":{"rendered":"https:\/\/coinkickoff.com\/?page_id=3877"},"modified":"2026-01-08T14:06:52","modified_gmt":"2026-01-08T14:06:52","slug":"how-to-buy-shiba-inu-on-kraken","status":"publish","type":"page","link":"https:\/\/coinkickoff.com\/ro\/how-to-buy-shiba-inu\/how-to-buy-shiba-inu-on-kraken\/","title":{"rendered":"Cum s\u0103 cump\u0103ra\u021bi Shiba Inu pe Kraken"},"content":{"rendered":"<div id=\"ez-toc-container\" class=\"ez-toc-v2_0_80 counter-hierarchy ez-toc-counter ez-toc-transparent ez-toc-container-direction\">\n<div class=\"ez-toc-title-container\">\n<p class=\"ez-toc-title\" style=\"cursor:inherit\">Sec\u021biuni<\/p>\n<span class=\"ez-toc-title-toggle\"><a href=\"#\" class=\"ez-toc-pull-right ez-toc-btn ez-toc-btn-xs ez-toc-btn-default ez-toc-toggle\" aria-label=\"Comuta\u021bi tabelul de con\u021binut\"><span class=\"ez-toc-js-icon-con\"><span class=\"\"><span class=\"eztoc-hide\" style=\"display:none;\">Toggle<\/span><span class=\"ez-toc-icon-toggle-span\"><svg style=\"fill: #999;color:#999\" xmlns=\"http:\/\/www.w3.org\/2000\/svg\" class=\"list-377408\" width=\"20px\" height=\"20px\" viewbox=\"0 0 24 24\" fill=\"none\"><path d=\"M6 6H4v2h2V6zm14 0H8v2h12V6zM4 11h2v2H4v-2zm16 0H8v2h12v-2zM4 16h2v2H4v-2zm16 0H8v2h12v-2z\" fill=\"currentColor\"><\/path><\/svg><svg style=\"fill: #999;color:#999\" class=\"arrow-unsorted-368013\" xmlns=\"http:\/\/www.w3.org\/2000\/svg\" width=\"10px\" height=\"10px\" viewbox=\"0 0 24 24\" version=\"1.2\" baseprofile=\"tiny\"><path d=\"M18.2 9.3l-6.2-6.3-6.2 6.3c-.2.2-.3.4-.3.7s.1.5.3.7c.2.2.4.3.7.3h11c.3 0 .5-.1.7-.3.2-.2.3-.5.3-.7s-.1-.5-.3-.7zM5.8 14.7l6.2 6.3 6.2-6.3c.2-.2.3-.5.3-.7s-.1-.5-.3-.7c-.2-.2-.4-.3-.7-.3h-11c-.3 0-.5.1-.7.3-.2.2-.3.5-.3.7s.1.5.3.7z\"\/><\/svg><\/span><\/span><\/span><\/a><\/span><\/div>\n<nav><ul class='ez-toc-list ez-toc-list-level-1 eztoc-toggle-hide-by-default' ><li class='ez-toc-page-1 ez-toc-heading-level-2'><a class=\"ez-toc-link ez-toc-heading-1\" href=\"https:\/\/coinkickoff.com\/ro\/how-to-buy-shiba-inu\/how-to-buy-shiba-inu-on-kraken\/#How_to_Buy_Shiba_Inu_on_Kraken_Exchange\" >Cum s\u0103 cump\u0103ra\u021bi Shiba Inu pe bursa Kraken<\/a><\/li><li class='ez-toc-page-1 ez-toc-heading-level-2'><a class=\"ez-toc-link ez-toc-heading-2\" href=\"https:\/\/coinkickoff.com\/ro\/how-to-buy-shiba-inu\/how-to-buy-shiba-inu-on-kraken\/#A_Step-By-Step_Guide_on_How_to_Buy_Shiba_Inu_on_Kraken\" >Un ghid pas cu pas despre cum s\u0103 cump\u0103ra\u021bi Shiba Inu pe Kraken<\/a><ul class='ez-toc-list-level-3' ><li class='ez-toc-heading-level-3'><a class=\"ez-toc-link ez-toc-heading-3\" href=\"https:\/\/coinkickoff.com\/ro\/how-to-buy-shiba-inu\/how-to-buy-shiba-inu-on-kraken\/#1_Register_an_Account_on_Kraken\" >1. \u00cenregistra\u021bi un cont pe Kraken<\/a><\/li><li class='ez-toc-page-1 ez-toc-heading-level-3'><a class=\"ez-toc-link ez-toc-heading-4\" href=\"https:\/\/coinkickoff.com\/ro\/how-to-buy-shiba-inu\/how-to-buy-shiba-inu-on-kraken\/#2_Verify_Your_Account\" >2. Verificarea contului dvs.<\/a><\/li><li class='ez-toc-page-1 ez-toc-heading-level-3'><a class=\"ez-toc-link ez-toc-heading-5\" href=\"https:\/\/coinkickoff.com\/ro\/how-to-buy-shiba-inu\/how-to-buy-shiba-inu-on-kraken\/#3_Enable_2FA\" >3. Activa\u021bi 2FA<\/a><\/li><li class='ez-toc-page-1 ez-toc-heading-level-3'><a class=\"ez-toc-link ez-toc-heading-6\" href=\"https:\/\/coinkickoff.com\/ro\/how-to-buy-shiba-inu\/how-to-buy-shiba-inu-on-kraken\/#4_Add_an_Instant_Payment_Method\" >4. Ad\u0103uga\u021bi o metod\u0103 de plat\u0103 instantanee<\/a><\/li><li class='ez-toc-page-1 ez-toc-heading-level-3'><a class=\"ez-toc-link ez-toc-heading-7\" href=\"https:\/\/coinkickoff.com\/ro\/how-to-buy-shiba-inu\/how-to-buy-shiba-inu-on-kraken\/#4_Navigate_to_the_Relevant_Screen_to_Buy\" >4. Naviga\u021bi la ecranul relevant pentru a cump\u0103ra<\/a><\/li><\/ul><\/li><\/ul><\/nav><\/div>\n<h2><span class=\"ez-toc-section\" id=\"How_to_Buy_Shiba_Inu_on_Kraken_Exchange\"><\/span><span style=\"font-weight: 400;\">Cum s\u0103 cump\u0103ra\u021bi Shiba Inu pe bursa Kraken<\/span><span class=\"ez-toc-section-end\"><\/span><\/h2>\n<p><span style=\"font-weight: 400;\">La fel ca majoritatea criptomonedelor, <a href=\"https:\/\/coinkickoff.com\/ro\/shiba-inu-shib\/\">Shiba Inu (SHIB)<\/a> este un activ speculativ: pre\u021bul s\u0103u poate cre\u0219te \u0219i sc\u0103dea \u00een func\u021bie de capriciile celebrit\u0103\u021bilor, ale comercian\u021bilor \u0219i chiar ale comentatorilor de pe Reddit. Ca un meme coin f\u0103r\u0103 un caz de utilizare, <a href=\"https:\/\/coinkickoff.com\/ro\/shiba-inu-shib\/\" data-internallinksmanager029f6b8e52c=\"16\" title=\"Ce este Shiba Inu (SHIB)? Cum func\u021bioneaz\u0103 \u0219i de unde \u00eel pute\u021bi cump\u0103ra?\">SHIB<\/a> este deosebit de vulnerabil\u0103 la fluctua\u021biile uria\u0219e \u0219i bru\u0219te ale pre\u021burilor, ceea ce o face poten\u021bial profitabil\u0103 \u0219i riscant\u0103.<\/span><\/p>\n<p><span style=\"font-weight: 400;\">Pute\u021bi cump\u0103ra SHIB pe mai multe <a href=\"https:\/\/coinkickoff.com\/ro\/crypto-exchanges\/\" data-internallinksmanager029f6b8e52c=\"141\" title=\"21 Cele mai bune 21 Cele mai bune schimburi de criptomonede \u0219i aplica\u021bii \u00een 2024\">schimburi criptografice<\/a>, datorit\u0103 popularit\u0103\u021bii sale. \u00cen acest ghid, v\u0103 vom explica cum s\u0103 cump\u0103ra\u021bi Shiba Inu pe <a href=\"https:\/\/coinkickoff.com\/ro\/kraken-review\/\">Kraken<\/a>, o burs\u0103 de veterani cu sediul \u00een SUA, cunoscut\u0103 pentru standardele sale de \u00eenalt\u0103 securitate.<\/span><\/p>\n<h2><span class=\"ez-toc-section\" id=\"A_Step-By-Step_Guide_on_How_to_Buy_Shiba_Inu_on_Kraken\"><\/span><span style=\"font-weight: 400;\">Un ghid pas cu pas despre cum s\u0103 cump\u0103ra\u021bi Shiba Inu pe Kraken<\/span><span class=\"ez-toc-section-end\"><\/span><\/h2>\n<h3><span class=\"ez-toc-section\" id=\"1_Register_an_Account_on_Kraken\"><\/span><span style=\"font-weight: 400;\">1. \u00cenregistra\u021bi un cont pe Kraken<\/span><span class=\"ez-toc-section-end\"><\/span><\/h3>\n<p><img loading=\"lazy\" decoding=\"async\" class=\"alignnone wp-image-3406 size-full\" src=\"https:\/\/coinkickoff.com\/wp-content\/uploads\/kraken1-e1682502957481.png\" alt=\"cum s\u0103 cump\u0103ra\u021bi Dogecoin pe Kraken\" width=\"1339\" height=\"763\" srcset=\"https:\/\/coinkickoff.com\/wp-content\/uploads\/kraken1-e1682502957481.png 1339w, https:\/\/coinkickoff.com\/wp-content\/uploads\/kraken1-e1682502957481-300x171.png 300w, https:\/\/coinkickoff.com\/wp-content\/uploads\/kraken1-e1682502957481-1024x584.png 1024w, https:\/\/coinkickoff.com\/wp-content\/uploads\/kraken1-e1682502957481-768x438.png 768w, https:\/\/coinkickoff.com\/wp-content\/uploads\/kraken1-e1682502957481-18x10.png 18w\" sizes=\"auto, (max-width: 1339px) 100vw, 1339px\" \/><\/p>\n<p><span style=\"font-weight: 400;\">\u00cen primul r\u00e2nd: Du-te la <a href=\"https:\/\/coinkickoff.com\/ro\/kraken-review\/\" data-internallinksmanager029f6b8e52c=\"171\" title=\"Kraken Recenzii 2023: Taxe, caracteristici, siguran\u021b\u0103, argumente pro \u0219i contra\">Kraken<\/a>\u0219i crea\u021bi-v\u0103 un cont. Completa\u021bi formularul de \u00eenscriere introduc\u00e2nd toate informa\u021biile necesare. Asigura\u021bi-v\u0103 c\u0103 introduce\u021bi un e-mail valid: Kraken \u00eel va folosi pentru a v\u0103 trimite un link de activare.<\/span><\/p>\n<h3><span class=\"ez-toc-section\" id=\"2_Verify_Your_Account\"><\/span><span style=\"font-weight: 400;\">2. Verificarea contului dvs.<\/span><span class=\"ez-toc-section-end\"><\/span><\/h3>\n<p><span style=\"font-weight: 400;\">Dup\u0103 ce v\u0103 conecta\u021bi, este timpul s\u0103 finaliza\u021bi verificarea identit\u0103\u021bii. Kraken este destul de strict\u0103 \u00een ceea ce prive\u0219te verificarea identit\u0103\u021bii, a\u0219a c\u0103 nu po\u021bi s\u0103ri peste acest pas. De fapt, de \u00eendat\u0103 ce \u00eencerca\u021bi s\u0103 face\u021bi clic pe fila \"Buy Crypto\" din partea de sus a tabloului de bord, vi se va cere s\u0103 v\u0103 verifica\u021bi identitatea.<\/span><\/p>\n<p><img loading=\"lazy\" decoding=\"async\" class=\"alignnone wp-image-3407 size-full\" src=\"https:\/\/coinkickoff.com\/wp-content\/uploads\/kraken2-e1686524781685.png\" alt=\"avertisment de verificare kraken\" width=\"1360\" height=\"791\" srcset=\"https:\/\/coinkickoff.com\/wp-content\/uploads\/kraken2-e1686524781685.png 1360w, https:\/\/coinkickoff.com\/wp-content\/uploads\/kraken2-e1686524781685-300x174.png 300w, https:\/\/coinkickoff.com\/wp-content\/uploads\/kraken2-e1686524781685-1024x596.png 1024w, https:\/\/coinkickoff.com\/wp-content\/uploads\/kraken2-e1686524781685-768x447.png 768w, https:\/\/coinkickoff.com\/wp-content\/uploads\/kraken2-e1686524781685-18x10.png 18w\" sizes=\"auto, (max-width: 1360px) 100vw, 1360px\" \/><\/p>\n<p><span style=\"font-weight: 400;\">Schema de verificare Kraken este destul de standard: trebuie s\u0103 v\u0103 introduce\u021bi numele, adresa \u0219i detaliile personale \u0219i s\u0103 \u00eenc\u0103rca\u021bi documentele de identitate.<\/span><\/p>\n<p><img loading=\"lazy\" decoding=\"async\" class=\"alignnone wp-image-3408 size-full\" src=\"https:\/\/coinkickoff.com\/wp-content\/uploads\/kraken3-e1682503223180.png\" alt=\"\" width=\"1375\" height=\"777\" srcset=\"https:\/\/coinkickoff.com\/wp-content\/uploads\/kraken3-e1682503223180.png 1375w, https:\/\/coinkickoff.com\/wp-content\/uploads\/kraken3-e1682503223180-300x170.png 300w, https:\/\/coinkickoff.com\/wp-content\/uploads\/kraken3-e1682503223180-1024x579.png 1024w, https:\/\/coinkickoff.com\/wp-content\/uploads\/kraken3-e1682503223180-768x434.png 768w, https:\/\/coinkickoff.com\/wp-content\/uploads\/kraken3-e1682503223180-18x10.png 18w, https:\/\/coinkickoff.com\/wp-content\/uploads\/kraken3-e1682503223180-600x338.png 600w\" sizes=\"auto, (max-width: 1375px) 100vw, 1375px\" \/><\/p>\n<p><span style=\"font-weight: 400;\">Introduce\u021bi toate informa\u021biile necesare \u0219i face\u021bi clic pe \"Continuare\". \u00cenc\u0103rca\u021bi documentele necesare atunci c\u00e2nd vi se solicit\u0103. Pute\u021bi finaliza procesul \u00een c\u00e2teva minute.\u00a0<\/span><\/p>\n<h3><span class=\"ez-toc-section\" id=\"3_Enable_2FA\"><\/span><span style=\"font-weight: 400;\">3. Activa\u021bi 2FA<\/span><span class=\"ez-toc-section-end\"><\/span><\/h3>\n<p><span style=\"font-weight: 400;\">Odat\u0103 ce sunte\u021bi un utilizator verificat, pute\u021bi depune fonduri pe Kraken. Cu toate acestea, este \u00een\u021belept s\u0103 activa\u021bi autentificarea cu doi factori (2FA) \u00eenainte de a depune fonduri \u00een contul dvs. 2FA reduce \u0219ansele de a vi se fura contul (\u0219i fondurile).<\/span><\/p>\n<p><span style=\"font-weight: 400;\">Face\u021bi clic pe numele dvs. de utilizator afi\u0219at \u00een col\u021bul din dreapta sus al ecranului \u0219i accesa\u021bi set\u0103rile 2FA.<\/span><\/p>\n<p><img loading=\"lazy\" decoding=\"async\" class=\"alignnone wp-image-3409 size-full\" src=\"https:\/\/coinkickoff.com\/wp-content\/uploads\/kraken4-e1682503267822.png\" alt=\"\" width=\"1360\" height=\"795\" srcset=\"https:\/\/coinkickoff.com\/wp-content\/uploads\/kraken4-e1682503267822.png 1360w, https:\/\/coinkickoff.com\/wp-content\/uploads\/kraken4-e1682503267822-300x175.png 300w, https:\/\/coinkickoff.com\/wp-content\/uploads\/kraken4-e1682503267822-1024x599.png 1024w, https:\/\/coinkickoff.com\/wp-content\/uploads\/kraken4-e1682503267822-768x449.png 768w, https:\/\/coinkickoff.com\/wp-content\/uploads\/kraken4-e1682503267822-18x12.png 18w\" sizes=\"auto, (max-width: 1360px) 100vw, 1360px\" \/><\/p>\n<p><span style=\"font-weight: 400;\">Trebuie s\u0103 activa\u021bi 2FA pentru autentificarea \u00een cont, dar o pute\u021bi activa \u0219i pentru alte opera\u021biuni, cum ar fi tranzac\u021bionarea \u0219i finan\u021barea. Pentru a \u00eencepe, face\u021bi clic pe butonul eviden\u021biat \"Activate Now\" (Activa\u021bi acum).<\/span><\/p>\n<p><span style=\"font-weight: 400;\"><img loading=\"lazy\" decoding=\"async\" class=\"alignnone wp-image-3405 size-full\" src=\"https:\/\/coinkickoff.com\/wp-content\/uploads\/kraken-5-e1682503294785.png\" alt=\"\" width=\"1357\" height=\"770\" srcset=\"https:\/\/coinkickoff.com\/wp-content\/uploads\/kraken-5-e1682503294785.png 1357w, https:\/\/coinkickoff.com\/wp-content\/uploads\/kraken-5-e1682503294785-300x170.png 300w, https:\/\/coinkickoff.com\/wp-content\/uploads\/kraken-5-e1682503294785-1024x581.png 1024w, https:\/\/coinkickoff.com\/wp-content\/uploads\/kraken-5-e1682503294785-768x436.png 768w, https:\/\/coinkickoff.com\/wp-content\/uploads\/kraken-5-e1682503294785-18x10.png 18w\" sizes=\"auto, (max-width: 1357px) 100vw, 1357px\" \/><\/span><\/p>\n<p><span style=\"font-weight: 400;\">Site-ul web al Kraken explic\u0103 \u00een detaliu cum func\u021bioneaz\u0103 2FA \u0219i v\u0103 ofer\u0103 instruc\u021biuni despre cum s\u0103 proceda\u021bi. Practic, tot ce trebuie s\u0103 face\u021bi este s\u0103 ob\u021bine\u021bi aplica\u021bia Google Authenticator \u0219i s\u0103 o utiliza\u021bi pentru a scana codul QR pe care Kraken \u00eel genereaz\u0103 pentru dumneavoastr\u0103. Aplica\u021bia v\u0103 va oferi un cod de autentificare pentru a v\u0103 confirma securitatea. Introduce\u021bi codul din aplica\u021bie \u0219i face\u021bi clic pe \"Confirmare\".<\/span><\/p>\n<p><img loading=\"lazy\" decoding=\"async\" class=\"alignnone wp-image-3410 size-full\" src=\"https:\/\/coinkickoff.com\/wp-content\/uploads\/kraken6-e1682503322525.png\" alt=\"\" width=\"1357\" height=\"791\" \/><\/p>\n<p><span style=\"font-weight: 400;\">Ve\u021bi utiliza aplica\u021bia Google Authenticator de fiecare dat\u0103 c\u00e2nd v\u0103 conecta\u021bi la contul dvs.\u00a0<\/span><\/p>\n<h3><span class=\"ez-toc-section\" id=\"4_Add_an_Instant_Payment_Method\"><\/span><span style=\"font-weight: 400;\">4. Ad\u0103uga\u021bi o metod\u0103 de plat\u0103 instantanee<\/span><span class=\"ez-toc-section-end\"><\/span><\/h3>\n<p><span style=\"font-weight: 400;\">Cel mai rapid mod de a cump\u0103ra Shiba Inu (sau orice alt\u0103 criptomoned\u0103) pe Kraken este s\u0103 ad\u0103uga\u021bi o metod\u0103 de plat\u0103 instantanee \u00een contul dvs. Pute\u021bi conecta cardurile de credit \u0219i de debit sau contul dvs. bancar online pentru a face schimbul.<\/span><\/p>\n<p><span style=\"font-weight: 400;\">Face\u021bi clic pe fila \"Buy Crypto\" pentru a lega un card de contul dumneavoastr\u0103. Ve\u021bi fi redirec\u021bionat c\u0103tre pagina \"Metode de cump\u0103rare cripto\", unde pute\u021bi ad\u0103uga o metod\u0103 de plat\u0103.<\/span><\/p>\n<p><img loading=\"lazy\" decoding=\"async\" class=\"alignnone wp-image-3412 size-full\" src=\"https:\/\/coinkickoff.com\/wp-content\/uploads\/kraken8-e1682503364155.png\" alt=\"cum s\u0103 cump\u0103ra\u021bi Shiba Inu pe Kraken\" width=\"1206\" height=\"781\" srcset=\"https:\/\/coinkickoff.com\/wp-content\/uploads\/kraken8-e1682503364155.png 1206w, https:\/\/coinkickoff.com\/wp-content\/uploads\/kraken8-e1682503364155-300x194.png 300w, https:\/\/coinkickoff.com\/wp-content\/uploads\/kraken8-e1682503364155-1024x663.png 1024w, https:\/\/coinkickoff.com\/wp-content\/uploads\/kraken8-e1682503364155-768x497.png 768w, https:\/\/coinkickoff.com\/wp-content\/uploads\/kraken8-e1682503364155-18x12.png 18w\" sizes=\"auto, (max-width: 1206px) 100vw, 1206px\" \/><\/p>\n<p><span style=\"font-weight: 400;\">Face\u021bi clic pe \"Add Payment Methods\" (Ad\u0103uga\u021bi metode de plat\u0103). <\/span><\/p>\n<p><img loading=\"lazy\" decoding=\"async\" class=\"alignnone wp-image-3413 size-full\" src=\"https:\/\/coinkickoff.com\/wp-content\/uploads\/kraken9-e1682503407337.png\" alt=\"\" width=\"1196\" height=\"776\" srcset=\"https:\/\/coinkickoff.com\/wp-content\/uploads\/kraken9-e1682503407337.png 1196w, https:\/\/coinkickoff.com\/wp-content\/uploads\/kraken9-e1682503407337-300x195.png 300w, https:\/\/coinkickoff.com\/wp-content\/uploads\/kraken9-e1682503407337-1024x664.png 1024w, https:\/\/coinkickoff.com\/wp-content\/uploads\/kraken9-e1682503407337-768x498.png 768w, https:\/\/coinkickoff.com\/wp-content\/uploads\/kraken9-e1682503407337-18x12.png 18w\" sizes=\"auto, (max-width: 1196px) 100vw, 1196px\" \/><\/p>\n<p><span style=\"font-weight: 400;\">Pute\u021bi ad\u0103uga un card de debit sau de credit prin simpla introducere a informa\u021biilor despre cardul dumneavoastr\u0103. De asemenea, pute\u021bi depune numerar prin intermediul serviciilor bancare online, de\u0219i nu este la fel de rapid ca prima op\u021biune.<\/span><\/p>\n<h3><span class=\"ez-toc-section\" id=\"4_Navigate_to_the_Relevant_Screen_to_Buy\"><\/span><span style=\"font-weight: 400;\">4. Naviga\u021bi la ecranul relevant pentru a cump\u0103ra<\/span><span class=\"ez-toc-section-end\"><\/span><\/h3>\n<p><span style=\"font-weight: 400;\">Odat\u0103 ce a\u021bi ad\u0103ugat o metod\u0103 de plat\u0103 \u00een contul dumneavoastr\u0103 Kraken, cump\u0103rarea SHIB este foarte u\u0219oar\u0103. Pe pagina \"Buy Crypto\", face\u021bi clic pe \"Buy\".<\/span><\/p>\n<p><span style=\"font-weight: 400;\">Pute\u021bi vedea activele oferite \u00een meniul derulant. Selecta\u021bi Shiba Inu din list\u0103 (\u00eel pute\u021bi g\u0103si listat ca SHIB). Introduce\u021bi suma pe care dori\u021bi s\u0103 o cheltui\u021bi pe Shib, selecta\u021bi metoda de plat\u0103 \u0219i face\u021bi clic pe confirmare.<\/span><\/p>\n<p><span style=\"font-weight: 400;\">De\u0219i aceast\u0103 op\u021biune este foarte rapid\u0103, achizi\u021biile cu carduri de credit \u0219i de debit prin intermediul widget-ului easy buy pot fi foarte costisitoare. Dac\u0103 nu dori\u021bi s\u0103 pl\u0103ti\u021bi comisioane mari pentru a cump\u0103ra Shiba Inu, pute\u021bi utiliza a doua metod\u0103 pe care o vom descrie mai jos.<\/span><\/p>\n<p><span style=\"font-weight: 400;\">Pute\u021bi tranzac\u021biona anumite valute fiat, inclusiv USD, pentru Shiba Inu pe Kraken. Aten\u021bie, trebuie s\u0103 depune\u021bi fonduri \u00een contul dvs. pentru a beneficia de comisioanele mai mici de la Kraken. Nu pute\u021bi utiliza carduri de debit sau de credit pentru tranzac\u021bionarea pe Kraken.<\/span><\/p>\n<p><span style=\"font-weight: 400;\">Exist\u0103 dou\u0103 moduri de a converti USD \u00een Shiba Inu pe Kraken: Pute\u021bi utiliza <\/span><a href=\"https:\/\/kraken.pxf.io\/B0Rny4convert\/shib\/usd\" target=\"_blank\" rel=\"noopener\"><span style=\"font-weight: 400;\">Convertorul automat al lui Kraken<\/span><\/a><span style=\"font-weight: 400;\"> sau executa\u021bi o tranzac\u021bie prin plasarea unui ordin pentru Shiba Inu.<\/span><\/p>\n<p><span style=\"font-weight: 400;\">Convertorul automat este cel mai simplu mod de a tranzac\u021biona USD pentru Kraken, dar dac\u0103 dori\u021bi s\u0103 v\u0103 determina\u021bi propriul pre\u021b, plasa\u021bi o comand\u0103 este calea cea mai bun\u0103.<\/span><\/p>\n<p><span style=\"font-weight: 400;\">Dac\u0103 dori\u021bi s\u0103 plasa\u021bi un ordin, merge\u021bi la fila \"Comer\u021b\" \u0219i face\u021bi clic pe \"Ordin nou\". Alege\u021bi perechea de tranzac\u021bionare USD\/SHIB.<\/span><\/p>\n<p><span style=\"font-weight: 400;\">Formularul de comand\u0103 poate p\u0103rea confuz, dar este foarte simplu: Pur \u0219i simplu introduce\u021bi c\u00e2t dori\u021bi s\u0103 cheltui\u021bi. Pute\u021bi accepta pre\u021bul pie\u021bei pentru SHIB sau pute\u021bi stabili un pre\u021b pentru dvs. Dac\u0103 stabili\u021bi un pre\u021b prea mic, este posibil s\u0103 dureze ceva timp p\u00e2n\u0103 c\u00e2nd comanda dvs. va fi onorat\u0103.<\/span><\/p>\n<p><span style=\"font-weight: 400;\">Felicit\u0103ri! Acum \u0219tii cum s\u0103 cumperi Shiba Inu pe Kraken.<\/span><\/p>","protected":false},"excerpt":{"rendered":"<p>Cum s\u0103 cump\u0103ra\u021bi Shiba Inu pe Kraken Exchange La fel ca majoritatea criptomonedelor, Shiba Inu (SHIB) este un activ speculativ: pre\u021bul s\u0103u poate cre\u0219te \u0219i sc\u0103dea \u00een func\u021bie de capriciile celebrit\u0103\u021bilor, ale comercian\u021bilor \u0219i chiar ale comentatorilor de pe Reddit. Fiind un meme coin f\u0103r\u0103 un caz de utilizare, SHIB este deosebit de vulnerabil la oscila\u021bii uria\u0219e \u0219i bru\u0219te ale pre\u021bului, ceea ce \u00eel face [...]<\/p>","protected":false},"author":3,"featured_media":0,"parent":3709,"menu_order":0,"comment_status":"closed","ping_status":"closed","template":"","meta":{"_genesis_hide_title":false,"_genesis_hide_breadcrumbs":false,"_genesis_hide_singular_image":false,"_genesis_hide_footer_widgets":false,"_genesis_custom_body_class":"","_genesis_custom_post_class":"","_genesis_layout":"","_glsr_average":0,"_glsr_ranking":0,"_glsr_reviews":0,"footnotes":""},"class_list":{"0":"post-3877","1":"page","2":"type-page","3":"status-publish","5":"entry"},"featured_image_src":null,"featured_image_src_square":null,"_links":{"self":[{"href":"https:\/\/coinkickoff.com\/ro\/wp-json\/wp\/v2\/pages\/3877","targetHints":{"allow":["GET"]}}],"collection":[{"href":"https:\/\/coinkickoff.com\/ro\/wp-json\/wp\/v2\/pages"}],"about":[{"href":"https:\/\/coinkickoff.com\/ro\/wp-json\/wp\/v2\/types\/page"}],"author":[{"embeddable":true,"href":"https:\/\/coinkickoff.com\/ro\/wp-json\/wp\/v2\/users\/3"}],"replies":[{"embeddable":true,"href":"https:\/\/coinkickoff.com\/ro\/wp-json\/wp\/v2\/comments?post=3877"}],"version-history":[{"count":3,"href":"https:\/\/coinkickoff.com\/ro\/wp-json\/wp\/v2\/pages\/3877\/revisions"}],"predecessor-version":[{"id":3880,"href":"https:\/\/coinkickoff.com\/ro\/wp-json\/wp\/v2\/pages\/3877\/revisions\/3880"}],"up":[{"embeddable":true,"href":"https:\/\/coinkickoff.com\/ro\/wp-json\/wp\/v2\/pages\/3709"}],"wp:attachment":[{"href":"https:\/\/coinkickoff.com\/ro\/wp-json\/wp\/v2\/media?parent=3877"}],"curies":[{"name":"wp","href":"https:\/\/api.w.org\/{rel}","templated":true}]}}