{"id":3709,"date":"2026-01-08T14:06:54","date_gmt":"2026-01-08T14:06:54","guid":{"rendered":"https:\/\/coinkickoff.com\/?page_id=3709"},"modified":"2026-01-08T14:06:54","modified_gmt":"2026-01-08T14:06:54","slug":"how-to-buy-shiba-inu","status":"publish","type":"page","link":"https:\/\/coinkickoff.com\/ro\/how-to-buy-shiba-inu\/","title":{"rendered":"Cum s\u0103 cump\u0103ra\u021bi Shiba Inu (SHIB)"},"content":{"rendered":"<div id=\"ez-toc-container\" class=\"ez-toc-v2_0_80 counter-hierarchy ez-toc-counter ez-toc-transparent ez-toc-container-direction\">\n<div class=\"ez-toc-title-container\">\n<p class=\"ez-toc-title\" style=\"cursor:inherit\">Sec\u021biuni<\/p>\n<span class=\"ez-toc-title-toggle\"><a href=\"#\" class=\"ez-toc-pull-right ez-toc-btn ez-toc-btn-xs ez-toc-btn-default ez-toc-toggle\" aria-label=\"Comuta\u021bi tabelul de con\u021binut\"><span class=\"ez-toc-js-icon-con\"><span class=\"\"><span class=\"eztoc-hide\" style=\"display:none;\">Toggle<\/span><span class=\"ez-toc-icon-toggle-span\"><svg style=\"fill: #999;color:#999\" xmlns=\"http:\/\/www.w3.org\/2000\/svg\" class=\"list-377408\" width=\"20px\" height=\"20px\" viewbox=\"0 0 24 24\" fill=\"none\"><path d=\"M6 6H4v2h2V6zm14 0H8v2h12V6zM4 11h2v2H4v-2zm16 0H8v2h12v-2zM4 16h2v2H4v-2zm16 0H8v2h12v-2z\" fill=\"currentColor\"><\/path><\/svg><svg style=\"fill: #999;color:#999\" class=\"arrow-unsorted-368013\" xmlns=\"http:\/\/www.w3.org\/2000\/svg\" width=\"10px\" height=\"10px\" viewbox=\"0 0 24 24\" version=\"1.2\" baseprofile=\"tiny\"><path d=\"M18.2 9.3l-6.2-6.3-6.2 6.3c-.2.2-.3.4-.3.7s.1.5.3.7c.2.2.4.3.7.3h11c.3 0 .5-.1.7-.3.2-.2.3-.5.3-.7s-.1-.5-.3-.7zM5.8 14.7l6.2 6.3 6.2-6.3c.2-.2.3-.5.3-.7s-.1-.5-.3-.7c-.2-.2-.4-.3-.7-.3h-11c-.3 0-.5.1-.7.3-.2.2-.3.5-.3.7s.1.5.3.7z\"\/><\/svg><\/span><\/span><\/span><\/a><\/span><\/div>\n<nav><ul class='ez-toc-list ez-toc-list-level-1 eztoc-toggle-hide-by-default' ><li class='ez-toc-page-1 ez-toc-heading-level-2'><a class=\"ez-toc-link ez-toc-heading-1\" href=\"https:\/\/coinkickoff.com\/ro\/how-to-buy-shiba-inu\/#How_to_Buy_Shiba_Inu\" >Cum s\u0103 cump\u0103ra\u021bi Shiba Inu<\/a><\/li><li class='ez-toc-page-1 ez-toc-heading-level-2'><a class=\"ez-toc-link ez-toc-heading-2\" href=\"https:\/\/coinkickoff.com\/ro\/how-to-buy-shiba-inu\/#What_Is_Shiba_Inu\" >Ce este Shiba Inu?<\/a><\/li><li class='ez-toc-page-1 ez-toc-heading-level-2'><a class=\"ez-toc-link ez-toc-heading-3\" href=\"https:\/\/coinkickoff.com\/ro\/how-to-buy-shiba-inu\/#Where_Can_I_Buy_Shiba_Inu\" >De unde pot cump\u0103ra Shiba Inu?<\/a><\/li><li class='ez-toc-page-1 ez-toc-heading-level-2'><a class=\"ez-toc-link ez-toc-heading-4\" href=\"https:\/\/coinkickoff.com\/ro\/how-to-buy-shiba-inu\/#How_to_Buy_Shiba_Inu-2\" >Cum s\u0103 cump\u0103ra\u021bi Shiba Inu<\/a><ul class='ez-toc-list-level-3' ><li class='ez-toc-heading-level-3'><a class=\"ez-toc-link ez-toc-heading-5\" href=\"https:\/\/coinkickoff.com\/ro\/how-to-buy-shiba-inu\/#Choose_Your_Exchange\" >Alege\u021bi schimbul dvs.<\/a><\/li><li class='ez-toc-page-1 ez-toc-heading-level-3'><a class=\"ez-toc-link ez-toc-heading-6\" href=\"https:\/\/coinkickoff.com\/ro\/how-to-buy-shiba-inu\/#Store_Your_SHIB\" >Stoca\u021bi-v\u0103 SHIB<\/a><ul class='ez-toc-list-level-4' ><li class='ez-toc-heading-level-4'><a class=\"ez-toc-link ez-toc-heading-7\" href=\"https:\/\/coinkickoff.com\/ro\/how-to-buy-shiba-inu\/#Exchange_Wallet\" >Portofel de schimb<\/a><\/li><li class='ez-toc-page-1 ez-toc-heading-level-4'><a class=\"ez-toc-link ez-toc-heading-8\" href=\"https:\/\/coinkickoff.com\/ro\/how-to-buy-shiba-inu\/#Self-Custody_Hot_Wallets\" >Portofele fierbin\u021bi cu autocustodie<\/a><\/li><li class='ez-toc-page-1 ez-toc-heading-level-4'><a class=\"ez-toc-link ez-toc-heading-9\" href=\"https:\/\/coinkickoff.com\/ro\/how-to-buy-shiba-inu\/#Cold_Wallets\" >Portofele reci<\/a><\/li><\/ul><\/li><\/ul><\/li><\/ul><\/nav><\/div>\n<h2><span class=\"ez-toc-section\" id=\"How_to_Buy_Shiba_Inu\"><\/span><span style=\"font-weight: 400;\">Cum s\u0103 cump\u0103ra\u021bi Shiba Inu<\/span><span class=\"ez-toc-section-end\"><\/span><\/h2>\n<p><img loading=\"lazy\" decoding=\"async\" class=\"alignnone wp-image-168 size-full\" src=\"https:\/\/coinkickoff.com\/wp-content\/uploads\/2022\/06\/Shiba-Inu-SHIB.jpg\" alt=\"cum s\u0103 cump\u0103ra\u021bi shiba inu\" width=\"1000\" height=\"1000\" srcset=\"https:\/\/coinkickoff.com\/wp-content\/uploads\/2022\/06\/Shiba-Inu-SHIB.jpg 1000w, https:\/\/coinkickoff.com\/wp-content\/uploads\/2022\/06\/Shiba-Inu-SHIB-300x300.jpg 300w, https:\/\/coinkickoff.com\/wp-content\/uploads\/2022\/06\/Shiba-Inu-SHIB-150x150.jpg 150w, https:\/\/coinkickoff.com\/wp-content\/uploads\/2022\/06\/Shiba-Inu-SHIB-768x768.jpg 768w, https:\/\/coinkickoff.com\/wp-content\/uploads\/2022\/06\/Shiba-Inu-SHIB-12x12.jpg 12w, https:\/\/coinkickoff.com\/wp-content\/uploads\/2022\/06\/Shiba-Inu-SHIB-80x80.jpg 80w, https:\/\/coinkickoff.com\/wp-content\/uploads\/2022\/06\/Shiba-Inu-SHIB-600x600.jpg 600w\" sizes=\"auto, (max-width: 1000px) 100vw, 1000px\" \/><\/p>\n<p><span style=\"font-weight: 400;\">Sunte\u021bi interesat s\u0103 cump\u0103ra\u021bi <a href=\"https:\/\/coinkickoff.com\/ro\/shiba-inu-shib\/\" data-internallinksmanager029f6b8e52c=\"16\" title=\"Ce este Shiba Inu (SHIB)? Cum func\u021bioneaz\u0103 \u0219i de unde \u00eel pute\u021bi cump\u0103ra?\">Shiba Inu<\/a> dar nu \u0219ti\u021bi de unde s\u0103 \u00eencepe\u021bi? Sunte\u021bi \u00een locul potrivit. Iat\u0103 tot ce trebuie s\u0103 \u0219ti\u021bi despre cump\u0103rarea Shiba Inu.\u00a0<\/span><\/p>\n<h2><span class=\"ez-toc-section\" id=\"What_Is_Shiba_Inu\"><\/span><span style=\"font-weight: 400;\">Ce este Shiba Inu?<\/span><span class=\"ez-toc-section-end\"><\/span><\/h2>\n<p><span style=\"font-weight: 400;\">Shiba Inu token (SHIB) a fost creat \u00een august 2020 ca un meme coin de c\u0103tre un dezvoltator pseudo-anonim numit \"Ryoshi\". coin a devenit popular dup\u0103 ce \"Ryoshi\" a trimis jum\u0103tate din oferta total\u0103 la <a href=\"https:\/\/coinkickoff.com\/ro\/ethereum-eth\/\" data-internallinksmanager029f6b8e52c=\"2\" title=\"Ce este Ethereum (ETH)? Pre\u021b, istoric \u0219i unde se poate cump\u0103ra\">Ethereum<\/a> fondatorul Vitalik Buterin ca o modalitate de a comercializa coin c\u0103tre mase. Buterin a ars <\/span><a href=\"https:\/\/www.coindesk.com\/markets\/2021\/05\/17\/vitalik-buterin-burns-6b-in-shib-tokens-says-he-doesnt-want-the-power\/\" target=\"_blank\" rel=\"noopener\"><span style=\"font-weight: 400;\">90% din aprovizionare \u0219i a donat restul 10% unei organiza\u021bii de caritate.<\/span><\/a><span style=\"font-weight: 400;\"> \u00een India \u00een timpul pandemiei Covid-19.<\/span><\/p>\n<p><img loading=\"lazy\" decoding=\"async\" class=\"alignnone wp-image-3712 size-full\" src=\"https:\/\/coinkickoff.com\/wp-content\/uploads\/Screen-Shot-2023-05-24-at-2.12.50-PM-e1684926889358.png\" alt=\"\" width=\"759\" height=\"629\" srcset=\"https:\/\/coinkickoff.com\/wp-content\/uploads\/Screen-Shot-2023-05-24-at-2.12.50-PM-e1684926889358.png 759w, https:\/\/coinkickoff.com\/wp-content\/uploads\/Screen-Shot-2023-05-24-at-2.12.50-PM-e1684926889358-300x249.png 300w, https:\/\/coinkickoff.com\/wp-content\/uploads\/Screen-Shot-2023-05-24-at-2.12.50-PM-e1684926889358-14x12.png 14w\" sizes=\"auto, (max-width: 759px) 100vw, 759px\" \/><\/p>\n<p><span style=\"font-weight: 400;\">Shiba Inu seam\u0103n\u0103 foarte mult cu meme-ul rival token <a href=\"https:\/\/coinkickoff.com\/ro\/dogecoin-doge\/\" data-internallinksmanager029f6b8e52c=\"14\" title=\"Ce este Dogecoin (DOGE)? Cum func\u021bioneaz\u0103 \u0219i de unde se poate cump\u0103ra?\">Dogecoin<\/a>, deoarece ambele proiecte folosesc imaginea c\u00e2inelui Shiba Inu (care a inspirat meme-ul Doge) \u0219i sunt considerate, \u00een esen\u021b\u0103, o glum\u0103 coins. SHIB a fost supranumit \"DOGEKILLER\" de c\u0103tre echipa de creatori \u0219i comunitatea Shiba Inu, deoarece proiectul \u00ee\u0219i propune s\u0103 dep\u0103\u0219easc\u0103 popularitatea DOGE.<\/span><\/p>\n<p><img loading=\"lazy\" decoding=\"async\" class=\"alignnone wp-image-3711 size-full\" src=\"https:\/\/coinkickoff.com\/wp-content\/uploads\/elon-musk-shiba.png\" alt=\"\" width=\"447\" height=\"794\" srcset=\"https:\/\/coinkickoff.com\/wp-content\/uploads\/elon-musk-shiba.png 447w, https:\/\/coinkickoff.com\/wp-content\/uploads\/elon-musk-shiba-169x300.png 169w, https:\/\/coinkickoff.com\/wp-content\/uploads\/elon-musk-shiba-7x12.png 7w\" sizes=\"auto, (max-width: 447px) 100vw, 447px\" \/><\/p>\n<p><span style=\"font-weight: 400;\">La fel ca Dogecoin, <\/span><b>Shiba Inu nu prea are un caz de utilizare<\/b><span style=\"font-weight: 400;\">. Este popular \u00een principal datorit\u0103 culturii internetului \u0219i specula\u021biilor. \u00cen 2021, pre\u021bul lui coin a crescut de 10 ori dup\u0103 ce <\/span><a href=\"https:\/\/www.news.com.au\/finance\/markets\/world-markets\/shib-coin-why-shiba-inu-price-is-surging\/news-story\/a1bb8332cda46430f3093582e62ade73\" target=\"_blank\" rel=\"noopener\"><span style=\"font-weight: 400;\">Elon Musk a scris pe Twitter <\/span><\/a><span style=\"font-weight: 400;\">o fotografie a propriului s\u0103u c\u00e2ine de ras\u0103 Shiba Inu, de\u0219i pre\u021bul token a revenit ulterior la nivelurile anterioare.<\/span><\/p>\n<p><img loading=\"lazy\" decoding=\"async\" class=\"alignnone wp-image-3710 size-full\" src=\"https:\/\/coinkickoff.com\/wp-content\/uploads\/shiba-inu-price-e1684926920831.png\" alt=\"\" width=\"766\" height=\"500\" srcset=\"https:\/\/coinkickoff.com\/wp-content\/uploads\/shiba-inu-price-e1684926920831.png 766w, https:\/\/coinkickoff.com\/wp-content\/uploads\/shiba-inu-price-e1684926920831-300x196.png 300w, https:\/\/coinkickoff.com\/wp-content\/uploads\/shiba-inu-price-e1684926920831-18x12.png 18w\" sizes=\"auto, (max-width: 766px) 100vw, 766px\" \/><\/p>\n<p><span style=\"font-weight: 400;\">\u00cen general, meme coins precum Shiba Inu \u0219i Dogecoin pot fi considerate coins de tip pump-and-dump, deoarece nu sunt utile. Oamenii le cump\u0103r\u0103 adesea \u00een speran\u021ba de a se debarasa de activele lor la o cre\u0219tere brusc\u0103 a pre\u021bului.<\/span><\/p>\n<p><span style=\"font-weight: 400;\">Cu toate acestea, ca \u0219i DOGE, Shiba Inu este incredibil de ieftin \u0219i destul de popular. Pute\u021bi cump\u0103ra cu u\u0219urin\u021b\u0103 o cantitate uria\u0219\u0103 de SH\u0130B cu o sut\u0103 de dolari. \u00cen general, accesibilitatea lor facil\u0103, vizibilitatea ridicat\u0103 \u0219i volatilitatea pre\u021bului fac ca aceste coins s\u0103 fie atractive pentru cei care nu se deranjeaz\u0103 s\u0103 fac\u0103 investi\u021bii riscante \u00een speran\u021ba unor profituri mari.\u00a0<\/span><\/p>\n<h2><span class=\"ez-toc-section\" id=\"Where_Can_I_Buy_Shiba_Inu\"><\/span><span style=\"font-weight: 400;\">De unde pot cump\u0103ra Shiba Inu?<\/span><span class=\"ez-toc-section-end\"><\/span><\/h2>\n<p><a href=\"https:\/\/coinmarketcap.com\/currencies\/shiba-inu\/\" target=\"_blank\" rel=\"noopener\"><span style=\"font-weight: 400;\">SHIB este al 14-lea cel mai mare cripto<\/span><\/a><span style=\"font-weight: 400;\"> \u00een func\u021bie de capitalizarea pie\u021bei, astfel \u00eenc\u00e2t aproape toate bursele populare v\u0103 permit s\u0103 o tranzac\u021biona\u021bi.<\/span><\/p>\n<p><span style=\"font-weight: 400;\">Pute\u021bi cump\u0103ra SHIB cu valute fiat de la o cas\u0103 de schimb centralizat\u0103 <a href=\"https:\/\/coinkickoff.com\/ro\/crypto-exchanges\/\" data-internallinksmanager029f6b8e52c=\"141\" title=\"21 Cele mai bune 21 Cele mai bune schimburi de criptomonede \u0219i aplica\u021bii \u00een 2024\">schimburi criptografice<\/a> ca <\/span><a href=\"https:\/\/coinkickoff.com\/ro\/binance-review\/\"><span style=\"font-weight: 400;\">Binance<\/span><\/a><span style=\"font-weight: 400;\">, <\/span><a href=\"https:\/\/coinkickoff.com\/ro\/kraken-review\/\"><span style=\"font-weight: 400;\">Kraken<\/span><\/a><span style=\"font-weight: 400;\">, <\/span><a href=\"https:\/\/coinkickoff.com\/ro\/coinbase-review\/\"><span style=\"font-weight: 400;\">Coinbase<\/span><\/a><span style=\"font-weight: 400;\">, <\/span><a href=\"https:\/\/www.kucoin.com\/r\/af\/rMJPV3B\" target=\"_blank\" rel=\"noopener\"><span style=\"font-weight: 400;\">Kucoin<\/span><\/a><span style=\"font-weight: 400;\">, <\/span><a href=\"https:\/\/www.bitfinex.com\/sign-up?refcode=kjCYk-CZD\" target=\"_blank\" rel=\"noopener\"><span style=\"font-weight: 400;\">Bitfinex<\/span><\/a><span style=\"font-weight: 400;\">, \u0219i <\/span><a href=\"https:\/\/www.okx.com\/join\/65358827\" target=\"_blank\" rel=\"noopener\"><span style=\"font-weight: 400;\">OKX<\/span><\/a><span style=\"font-weight: 400;\">.<\/span><\/p>\n<p><span style=\"font-weight: 400;\">De asemenea, pute\u021bi tranzac\u021biona SHIB pe burse descentralizate precum <a href=\"https:\/\/coinkickoff.com\/ro\/uniswap-uni\/\" data-internallinksmanager029f6b8e52c=\"34\" title=\"Ce este Uniswap (UNI), cum func\u021bioneaz\u0103 \u0219i de unde se poate cump\u0103ra?\">Uniswap<\/a> \u0219i Sushiswap. Nu pute\u021bi achizi\u021biona cripto cu valut\u0103 fiduciar\u0103 pe aceste burse, dar dac\u0103 de\u021bine\u021bi deja cripto, o pute\u021bi tranzac\u021biona pentru SHIB.<\/span><\/p>\n<h2><span class=\"ez-toc-section\" id=\"How_to_Buy_Shiba_Inu-2\"><\/span><span style=\"font-weight: 400;\">Cum s\u0103 cump\u0103ra\u021bi Shiba Inu<\/span><span class=\"ez-toc-section-end\"><\/span><\/h2>\n<p><span style=\"font-weight: 400;\">A\u0219adar, v-a\u021bi decis s\u0103 face\u021bi pasul cel mare \u0219i s\u0103 cump\u0103ra\u021bi Shiba Inu. Minunat, dar mai \u00eent\u00e2i trebuie s\u0103 lua\u021bi dou\u0103 decizii: \u00cen primul r\u00e2nd, decide\u021bi ce burs\u0103 dori\u021bi s\u0103 folosi\u021bi pentru a cump\u0103ra coin. Apoi, decide\u021bi asupra unei metode de stocare. Dup\u0103 ce v\u0103 ve\u021bi da seama de asta, sunte\u021bi gata s\u0103 v\u0103 cump\u0103ra\u021bi SHIB.\u00a0<\/span><\/p>\n<p><span style=\"font-weight: 400;\">Iat\u0103 o defalcare a fiec\u0103rui pas pentru a v\u0103 u\u0219ura achizi\u021bia.<\/span><\/p>\n<h3><span class=\"ez-toc-section\" id=\"Choose_Your_Exchange\"><\/span><span style=\"font-weight: 400;\">Alege\u021bi schimbul dvs.<\/span><span class=\"ez-toc-section-end\"><\/span><\/h3>\n<p><span style=\"font-weight: 400;\">Deoarece Shiba Inu este foarte popular \u0219i \u00eel pute\u021bi g\u0103si pe aproape toate bursele de criptomonede. Cu toate acestea, deoarece exist\u0103 multe burse \u00een jur, alegerea celei potrivite poate fi descurajant\u0103. Nu v\u0103 face\u021bi griji, totu\u0219i, deoarece avem <\/span><a href=\"https:\/\/coinkickoff.com\/ro\/crypto-exchanges\/\"><span style=\"font-weight: 400;\">un scurt ghid cu privire la cele mai bune burse criptografice<\/span><\/a><span style=\"font-weight: 400;\"> pute\u021bi utiliza.<\/span><\/p>\n<p><span style=\"font-weight: 400;\">Atunci c\u00e2nd alege\u021bi un schimb, trebuie s\u0103 lua\u021bi \u00een considerare c\u00e2teva aspecte. Dac\u0103 dori\u021bi s\u0103 investi\u021bi \u00een diverse altcoins, este posibil s\u0103 prefera\u021bi un <\/span><b>platform\u0103 mai mare<\/b><span style=\"font-weight: 400;\"> care ofer\u0103 mai multe active digitale, cum ar fi <a href=\"https:\/\/coinkickoff.com\/ro\/binance-review\/\" data-internallinksmanager029f6b8e52c=\"152\" title=\"Binance Recenzii 2024: Caracteristici, taxe, siguran\u021b\u0103, argumente pro \u0219i contra\">Binance<\/a> sau <a href=\"https:\/\/coinkickoff.com\/ro\/coinbase-review\/\" data-internallinksmanager029f6b8e52c=\"142\" title=\"Coinbase Recenzii 2024: Caracteristici, taxe, siguran\u021b\u0103, argumente pro \u0219i contra\">Coinbase<\/a>.\u00a0<\/span><\/p>\n<p><span style=\"font-weight: 400;\">De asemenea, trebuie s\u0103 v\u0103 g\u00e2ndi\u021bi la<\/span><b> taxe de schimb valutar<\/b><span style=\"font-weight: 400;\">. Cele mai multe burse ofer\u0103 dou\u0103 sisteme de pre\u021buri separate: Unul este un program de taxe etapizat \u0219i, prin urmare, mai ieftin pentru tranzac\u021bionarea profesional\u0103, iar cel\u0103lalt este o caracteristic\u0103 de cump\u0103rare simpl\u0103 care este mai scump\u0103.\u00a0<\/span><\/p>\n<p><span style=\"font-weight: 400;\">Dac\u0103 sunte\u021bi un \u00eencep\u0103tor care dore\u0219te s\u0103 cumpere coins cu u\u0219urin\u021b\u0103, func\u021bia de cump\u0103rare u\u0219oar\u0103 este cea mai bun\u0103 op\u021biune. Atunci c\u00e2nd compara\u021bi bursele, verifica\u021bi comisioanele acestora pentru opera\u021biunile de cump\u0103rare simpl\u0103. De obicei, tarifele difer\u0103 \u00eentre %1 \u0219i %5, \u00een func\u021bie de burs\u0103 \u0219i de metoda de plat\u0103.<\/span><\/p>\n<h3><span class=\"ez-toc-section\" id=\"Store_Your_SHIB\"><\/span><span style=\"font-weight: 400;\">Stoca\u021bi-v\u0103 SHIB<\/span><span class=\"ez-toc-section-end\"><\/span><\/h3>\n<p><span style=\"font-weight: 400;\">Este o idee bun\u0103 s\u0103 cerceta\u021bi portofelele criptografice \u00eenainte de a cump\u0103ra orice coins. Stocarea cripto este o chestiune serioas\u0103: deoarece activele cripto exist\u0103 doar pe lan\u021b, singura modalitate de a v\u0103 accesa fondurile este prin intermediul portofelului cripto.\u00a0\u00a0<\/span><\/p>\n<p><span style=\"font-weight: 400;\">Exist\u0103 dou\u0103 tipuri principale de portofele criptografice: <\/span><b>portofele calde \u0219i reci<\/b><span style=\"font-weight: 400;\">. \u00centre cele dou\u0103 tipuri de portofele exist\u0103 o distinc\u021bie simpl\u0103, dar important\u0103 - portofelele fierbin\u021bi sunt conectate la internet, \u00een timp ce portofelele reci stocheaz\u0103 activele dumneavoastr\u0103 offline.<\/span><\/p>\n<p><span style=\"font-weight: 400;\">Portofelele fierbin\u021bi sunt portofele de schimb \u0219i portofele software, \u00een timp ce portofelele reci sunt portofele de h\u00e2rtie \u0219i portofele hardware.<\/span><\/p>\n<h4><span class=\"ez-toc-section\" id=\"Exchange_Wallet\"><\/span><span style=\"font-weight: 400;\">Portofel de schimb<\/span><span class=\"ez-toc-section-end\"><\/span><\/h4>\n<p><span style=\"font-weight: 400;\">Portofelele de schimb valutar sunt o solu\u021bie popular\u0103 pentru stocarea criptogramei pur \u0219i simplu pentru c\u0103 sunt foarte convenabile. Atunci c\u00e2nd cump\u0103ra\u021bi criptomonede pe un schimb centralizat, cum ar fi <\/span><a href=\"https:\/\/coinkickoff.com\/ro\/coinbase-review\/\"><span style=\"font-weight: 400;\">Coinbase<\/span><\/a><span style=\"font-weight: 400;\"> sau <\/span><a href=\"https:\/\/coinkickoff.com\/ro\/binance-review\/\"><span style=\"font-weight: 400;\">Binance<\/span><\/a><span style=\"font-weight: 400;\">, coins-urile tale sunt depuse imediat \u00eentr-un portofel g\u0103zduit de burs\u0103. Acest lucru v\u0103 permite s\u0103 v\u0103 vinde\u021bi sau s\u0103 tranzac\u021biona\u021bi coins pe burs\u0103 cu u\u0219urin\u021b\u0103 \u0219i rapid.<\/span><\/p>\n<p><span style=\"font-weight: 400;\">Dezavantajul portofelelor de schimb este lipsa unei securit\u0103\u021bi suficiente. Deoarece portofelul este g\u0103zduit de burs\u0103, nu ave\u021bi control direct asupra fondurilor dumneavoastr\u0103. Dac\u0103 bursa d\u0103 faliment sau este atacat\u0103 de hackeri, fondurile dvs. pot fi pierdute pentru totdeauna.<\/span><\/p>\n<p><span style=\"font-weight: 400;\">Unele burse ofer\u0103 scheme de protec\u021bie limitat\u0103 \u00eempotriva \u00eenc\u0103lc\u0103rilor de securitate, dar compensa\u021biile nu sunt niciodat\u0103 garantate, deoarece decizia apar\u021bine \u00een cele din urm\u0103 proprietarilor \u0219i administratorilor bursei.<\/span><\/p>\n<p><span style=\"font-weight: 400;\">Pasiona\u021bii de criptografie afirm\u0103 adesea c\u0103 \"nu cheile tale, nu coins\" pentru a avertiza comercian\u021bii de criptografii cu privire la pericolele de a l\u0103sa sume mari de criptografii \u00een portofelele de schimb. De exemplu, atunci c\u00e2nd FTX a declarat falimentul, <\/span><a href=\"https:\/\/www.npr.org\/2022\/11\/17\/1137501882\/ftx-investors-are-unable-to-access-their-money-shaking-crypto-investors-confiden\" target=\"_blank\" rel=\"noopener\"><span style=\"font-weight: 400;\">utilizatorii nu au putut s\u0103-\u0219i mute activele<\/span><\/a><span style=\"font-weight: 400;\"> din portofelele bursiere, deoarece nu aveau acces la cheile portofelelor bursiere.<\/span><\/p>\n<p><span style=\"font-weight: 400;\">Dac\u0103 nu v\u0103 sim\u021bi\u021bi confortabil s\u0103 v\u0103 l\u0103sa\u021bi activele \u00eentr-un portofel de schimb, lua\u021bi \u00een considerare posibilitatea de a le muta \u00eentr-un portofel cu custodie proprie.<\/span><\/p>\n<h4><span class=\"ez-toc-section\" id=\"Self-Custody_Hot_Wallets\"><\/span><span style=\"font-weight: 400;\">Portofele fierbin\u021bi cu autocustodie<\/span><span class=\"ez-toc-section-end\"><\/span><\/h4>\n<p><span style=\"font-weight: 400;\">Dac\u0103 nu dori\u021bi s\u0103 utiliza\u021bi un portofel de schimb pentru a v\u0103 stoca coins, pute\u021bi desc\u0103rca un portofel fierbinte cu custodie proprie pe dispozitivul mobil sau pe desktop. Exist\u0103 mai multe solu\u021bii software de portofel care v\u0103 permit s\u0103 v\u0103 gestiona\u021bi propriile chei de portofel, astfel \u00eenc\u00e2t s\u0103 ave\u021bi \u00eentotdeauna controlul asupra coins.\u00a0<\/span><\/p>\n<p><span style=\"font-weight: 400;\">De exemplu, pute\u021bi stoca SHIB \u00een <\/span><a href=\"https:\/\/coinkickoff.com\/ro\/exodus-review\/\"><span style=\"font-weight: 400;\">Exodus<\/span><\/a><span style=\"font-weight: 400;\">, <\/span><a href=\"https:\/\/www.coinomi.com\/en\/\" target=\"_blank\" rel=\"noopener\"><span style=\"font-weight: 400;\">Coinomi<\/span><\/a><span style=\"font-weight: 400;\">, sau <\/span><a href=\"https:\/\/atomicwallet.io\/\" target=\"_blank\" rel=\"noopener\"><span style=\"font-weight: 400;\">Portofel atomic<\/span><\/a><span style=\"font-weight: 400;\">. Cu toate acestea, portofelele fierbin\u021bi cu autocustodie vin cu un avertisment: \u00eentruc\u00e2t sunt g\u0103zduite pe dispozitive conectate la internet, sunt destul de vulnerabile la \u00eencerc\u0103rile de piraterie. De fapt, este posibil s\u0103 fi v\u0103zut sau s\u0103 fi auzit la \u0219tiri c\u0103 hackerii vizeaz\u0103 adesea at\u00e2t comercian\u021bii cu am\u0103nuntul, c\u00e2t \u0219i proiectele criptografice profesionale care utilizeaz\u0103 portofele fierbin\u021bi.<\/span><\/p>\n<p><span style=\"font-weight: 400;\">Dac\u0103 nu sunte\u021bi un expert \u00een securitate cibernetic\u0103, p\u0103strarea unui portofel fierbinte poate s\u0103 nu fie o idee bun\u0103. Ho\u021bii de criptomonede sunt foarte creativi \u0219i strategici: folosesc metode complexe, cum ar fi deturnarea social\u0103, phishing-ul \u0219i alte metode pentru a v\u0103 accesa \u0219i a v\u0103 goli fondurile. Dac\u0103 dispozitivul dvs. conectat la internet este compromis (\u0219i se poate \u00eent\u00e2mpla cu u\u0219urin\u021b\u0103 dac\u0103 face\u021bi clic pe un link gre\u0219it, de exemplu), fondurile dvs. sunt, de asemenea, compromise.<\/span><\/p>\n<h4><span class=\"ez-toc-section\" id=\"Cold_Wallets\"><\/span><span style=\"font-weight: 400;\">Portofele reci<\/span><span class=\"ez-toc-section-end\"><\/span><\/h4>\n<p><span style=\"font-weight: 400;\">Portofelele reci nu sunt conectate la internet \u0219i, prin urmare, sunt considerate impermeabile la hacking.\u00a0<\/span><\/p>\n<p><span style=\"font-weight: 400;\">Exist\u0103 dou\u0103 tipuri principale de portofele reci: Portofele hardware, care arat\u0103 ca ni\u0219te stick-uri USB cu software de portofel preinstalat, \u0219i portofelele de h\u00e2rtie, care sunt practic ni\u0219te buc\u0103\u021bi de h\u00e2rtie pe care sunt scrise informa\u021biile despre cheia privat\u0103 \u0219i adresa portofelului.<\/span><\/p>\n<p><span style=\"font-weight: 400;\">Portofelele de h\u00e2rtie sunt \u00een general considerate foarte sigure, dar greu de utilizat. Trebuie s\u0103 folosi\u021bi cu aten\u021bie un generator de portofele de h\u00e2rtie, apoi s\u0103 imprima\u021bi informa\u021biile \u0219i s\u0103 le p\u0103stra\u021bi \u00eentr-un loc sigur.\u00a0<\/span><\/p>\n<p><span style=\"font-weight: 400;\">Un mare dezavantaj al portofelelor de h\u00e2rtie este c\u0103 sunt greu de utilizat: nu pute\u021bi efectua tranzac\u021bii par\u021biale cu fondurile dumneavoastr\u0103, deci nu sunt practice.<\/span><\/p>\n<p><span style=\"font-weight: 400;\">Pe de alt\u0103 parte, portofelele hardware sunt incredibil de practice \u0219i foarte sigure, dar au un dezavantaj destul de mare: sunt mult mai scumpe dec\u00e2t alte op\u021biuni.\u00a0<\/span><\/p>\n<p><span style=\"font-weight: 400;\">\u00cen mod normal, portofelele criptografice sunt gratuite, dar portofelele hardware sunt o excep\u021bie de la regul\u0103. A pl\u0103ti \u00eentre 80 \u0219i 200 USD pentru un portofel poate fi o investi\u021bie costisitoare pentru un comerciant \u00eencep\u0103tor de criptomonede.<\/span><\/p>\n<p><a href=\"https:\/\/www.ledger.com\/\" target=\"_blank\" rel=\"noopener\"><span style=\"font-weight: 400;\">Registrul de eviden\u021b\u0103 contabil\u0103<\/span><\/a><span style=\"font-weight: 400;\"> \u0219i <\/span><a href=\"https:\/\/trezor.io\/\" target=\"_blank\" rel=\"noopener\"><span style=\"font-weight: 400;\">Trezor<\/span><\/a><span style=\"font-weight: 400;\"> sunt dou\u0103 dintre cele mai renumite companii de portofele rigide din industrie \u0219i ambele v\u00e2nd un model de baz\u0103 la un pre\u021b decent pentru investitorii curio\u0219i.<\/span><\/p>","protected":false},"excerpt":{"rendered":"<p>Cum s\u0103 cump\u0103ra\u021bi Shiba Inu Sunte\u021bi interesat s\u0103 cump\u0103ra\u021bi Shiba Inu, dar nu \u0219ti\u021bi de unde s\u0103 \u00eencepe\u021bi? Sunte\u021bi \u00een locul potrivit. Iat\u0103 tot ce trebuie s\u0103 \u0219ti\u021bi despre cump\u0103rarea Shiba Inu.  Ce este Shiba Inu? Shiba Inu token (SHIB) a fost creat \u00een august 2020 ca un meme coin de c\u0103tre un pseudo-anonim [...]<\/p>","protected":false},"author":3,"featured_media":0,"parent":0,"menu_order":0,"comment_status":"closed","ping_status":"closed","template":"","meta":{"_genesis_hide_title":false,"_genesis_hide_breadcrumbs":false,"_genesis_hide_singular_image":false,"_genesis_hide_footer_widgets":false,"_genesis_custom_body_class":"","_genesis_custom_post_class":"","_genesis_layout":"","_glsr_average":0,"_glsr_ranking":0,"_glsr_reviews":0,"footnotes":""},"class_list":{"0":"post-3709","1":"page","2":"type-page","3":"status-publish","5":"entry","6":"has-post-thumbnail"},"featured_image_src":null,"featured_image_src_square":null,"_links":{"self":[{"href":"https:\/\/coinkickoff.com\/ro\/wp-json\/wp\/v2\/pages\/3709","targetHints":{"allow":["GET"]}}],"collection":[{"href":"https:\/\/coinkickoff.com\/ro\/wp-json\/wp\/v2\/pages"}],"about":[{"href":"https:\/\/coinkickoff.com\/ro\/wp-json\/wp\/v2\/types\/page"}],"author":[{"embeddable":true,"href":"https:\/\/coinkickoff.com\/ro\/wp-json\/wp\/v2\/users\/3"}],"replies":[{"embeddable":true,"href":"https:\/\/coinkickoff.com\/ro\/wp-json\/wp\/v2\/comments?post=3709"}],"version-history":[{"count":2,"href":"https:\/\/coinkickoff.com\/ro\/wp-json\/wp\/v2\/pages\/3709\/revisions"}],"predecessor-version":[{"id":4474,"href":"https:\/\/coinkickoff.com\/ro\/wp-json\/wp\/v2\/pages\/3709\/revisions\/4474"}],"wp:attachment":[{"href":"https:\/\/coinkickoff.com\/ro\/wp-json\/wp\/v2\/media?parent=3709"}],"curies":[{"name":"wp","href":"https:\/\/api.w.org\/{rel}","templated":true}]}}